{"id":34841,"date":"2025-09-06T13:13:14","date_gmt":"2025-09-06T13:13:14","guid":{"rendered":"https:\/\/amedis.es\/tienda\/?post_type=product&#038;p=34841"},"modified":"2025-09-06T13:15:40","modified_gmt":"2025-09-06T13:15:40","slug":"resina-fotopolimerizable-blue-blokker","status":"publish","type":"product","link":"https:\/\/amedis.es\/tienda\/producto\/resina-fotopolimerizable-blue-blokker\/","title":{"rendered":"RESINA FOTOPOLIMERIZABLE BLUE-BLOKKER"},"content":{"rendered":"<p>Resina fotopolimerizable blue-blokker azul transparente, para nivelar y modelar con excelentes propiedades de fluidez. Apta para la elaboraci\u00f3n de espaciadores para f\u00e9rulas de blanqueamiento y porta medicamentos, as\u00ed como para el sellado y bloqueo de modelos Set-Up y segueteados. Combusti\u00f3n sin residuos. Por eso se utiliza tambi\u00e9n en el campo de las pr\u00f3tesis para la fabricaci\u00f3n de dentaduras postizas fijas y extra\u00edbles. Las modelaciones telesc\u00f3picas son muy estables y pueden retirarse f\u00e1cilmente sin tensi\u00f3n. Polimerizaci\u00f3n en margen de longitud de onda de 380-470 nm.<\/p>\n","protected":false},"excerpt":{"rendered":"<p>CONTENIDO: 4 jeringas x 1,5 gr. + 2 c\u00e1nulas \u00d8 0,6 mm y 8 c\u00e1nulas \u00d8 0,9 mm.<\/p>\n","protected":false},"featured_media":34842,"template":"","meta":[],"pwb-brand":[2443],"product_brand":[],"product_cat":[2604,2011,34],"product_tag":[],"class_list":{"0":"post-34841","1":"product","2":"type-product","3":"status-publish","4":"has-post-thumbnail","6":"pwb-brand-scheu-dental","7":"product_cat-acrilicos-fotopolimerizables","8":"product_cat-acrilicos-resinas","9":"product_cat-laboratorio","11":"first","12":"instock","13":"sale","14":"taxable","15":"shipping-taxable","16":"purchasable","17":"product-type-simple"},"yoast_head":"<!-- This site is optimized with the Yoast SEO plugin v27.4 - https:\/\/yoast.com\/product\/yoast-seo-wordpress\/ -->\n<title>RESINA FOTOPOLIMERIZABLE BLUE-BLOKKER | Amedis<\/title>\n<meta name=\"description\" content=\"Resina fotopolimerizable blue-blokker azul transparente, para nivelar y modelar con excelentes propiedades de fluidez.\" \/>\n<meta name=\"robots\" content=\"index, follow, max-snippet:-1, max-image-preview:large, max-video-preview:-1\" \/>\n<link rel=\"canonical\" href=\"https:\/\/amedis.es\/tienda\/producto\/resina-fotopolimerizable-blue-blokker\/\" \/>\n<meta property=\"og:locale\" content=\"es_ES\" \/>\n<meta property=\"og:type\" content=\"article\" \/>\n<meta property=\"og:title\" content=\"RESINA FOTOPOLIMERIZABLE BLUE-BLOKKER | Amedis\" \/>\n<meta property=\"og:description\" content=\"Resina fotopolimerizable blue-blokker azul transparente, para nivelar y modelar con excelentes propiedades de fluidez.\" \/>\n<meta property=\"og:url\" content=\"https:\/\/amedis.es\/tienda\/producto\/resina-fotopolimerizable-blue-blokker\/\" \/>\n<meta property=\"og:site_name\" content=\"Amedis\" \/>\n<meta property=\"article:modified_time\" content=\"2025-09-06T13:15:40+00:00\" \/>\n<meta property=\"og:image\" content=\"https:\/\/amedis.es\/tienda\/wp-content\/uploads\/2025\/09\/RESINA-FOTOPOLIMERIZABLE-BLUE-BLOKKER.jpg\" \/>\n\t<meta property=\"og:image:width\" content=\"600\" \/>\n\t<meta property=\"og:image:height\" content=\"600\" \/>\n\t<meta property=\"og:image:type\" content=\"image\/jpeg\" \/>\n<meta name=\"twitter:card\" content=\"summary_large_image\" \/>\n<meta name=\"twitter:label1\" content=\"Tiempo de lectura\" \/>\n\t<meta name=\"twitter:data1\" content=\"1 minuto\" \/>\n<script type=\"application\/ld+json\" class=\"yoast-schema-graph\">{\"@context\":\"https:\\\/\\\/schema.org\",\"@graph\":[{\"@type\":\"WebPage\",\"@id\":\"https:\\\/\\\/amedis.es\\\/tienda\\\/producto\\\/resina-fotopolimerizable-blue-blokker\\\/\",\"url\":\"https:\\\/\\\/amedis.es\\\/tienda\\\/producto\\\/resina-fotopolimerizable-blue-blokker\\\/\",\"name\":\"RESINA FOTOPOLIMERIZABLE BLUE-BLOKKER | Amedis\",\"isPartOf\":{\"@id\":\"https:\\\/\\\/amedis.es\\\/tienda\\\/#website\"},\"primaryImageOfPage\":{\"@id\":\"https:\\\/\\\/amedis.es\\\/tienda\\\/producto\\\/resina-fotopolimerizable-blue-blokker\\\/#primaryimage\"},\"image\":{\"@id\":\"https:\\\/\\\/amedis.es\\\/tienda\\\/producto\\\/resina-fotopolimerizable-blue-blokker\\\/#primaryimage\"},\"thumbnailUrl\":\"https:\\\/\\\/amedis.es\\\/tienda\\\/wp-content\\\/uploads\\\/2025\\\/09\\\/RESINA-FOTOPOLIMERIZABLE-BLUE-BLOKKER.jpg\",\"datePublished\":\"2025-09-06T13:13:14+00:00\",\"dateModified\":\"2025-09-06T13:15:40+00:00\",\"description\":\"Resina fotopolimerizable blue-blokker azul transparente, para nivelar y modelar con excelentes propiedades de fluidez.\",\"breadcrumb\":{\"@id\":\"https:\\\/\\\/amedis.es\\\/tienda\\\/producto\\\/resina-fotopolimerizable-blue-blokker\\\/#breadcrumb\"},\"inLanguage\":\"es\",\"potentialAction\":[{\"@type\":\"ReadAction\",\"target\":[\"https:\\\/\\\/amedis.es\\\/tienda\\\/producto\\\/resina-fotopolimerizable-blue-blokker\\\/\"]}]},{\"@type\":\"ImageObject\",\"inLanguage\":\"es\",\"@id\":\"https:\\\/\\\/amedis.es\\\/tienda\\\/producto\\\/resina-fotopolimerizable-blue-blokker\\\/#primaryimage\",\"url\":\"https:\\\/\\\/amedis.es\\\/tienda\\\/wp-content\\\/uploads\\\/2025\\\/09\\\/RESINA-FOTOPOLIMERIZABLE-BLUE-BLOKKER.jpg\",\"contentUrl\":\"https:\\\/\\\/amedis.es\\\/tienda\\\/wp-content\\\/uploads\\\/2025\\\/09\\\/RESINA-FOTOPOLIMERIZABLE-BLUE-BLOKKER.jpg\",\"width\":600,\"height\":600,\"caption\":\"Amedis RESINA FOTOPOLIMERIZABLE BLUE-BLOKKER\"},{\"@type\":\"BreadcrumbList\",\"@id\":\"https:\\\/\\\/amedis.es\\\/tienda\\\/producto\\\/resina-fotopolimerizable-blue-blokker\\\/#breadcrumb\",\"itemListElement\":[{\"@type\":\"ListItem\",\"position\":1,\"name\":\"Portada\",\"item\":\"https:\\\/\\\/amedis.es\\\/tienda\\\/\"},{\"@type\":\"ListItem\",\"position\":2,\"name\":\"Amedis | Suministros M\u00e9dicos y Dentales | Tienda\",\"item\":\"https:\\\/\\\/amedis.es\\\/tienda\\\/suministros-medicos-y-dentales\\\/\"},{\"@type\":\"ListItem\",\"position\":3,\"name\":\"RESINA FOTOPOLIMERIZABLE BLUE-BLOKKER\"}]},{\"@type\":\"WebSite\",\"@id\":\"https:\\\/\\\/amedis.es\\\/tienda\\\/#website\",\"url\":\"https:\\\/\\\/amedis.es\\\/tienda\\\/\",\"name\":\"Amedis\",\"description\":\"Suministros M\u00e9dicos y Dentales\",\"publisher\":{\"@id\":\"https:\\\/\\\/amedis.es\\\/tienda\\\/#organization\"},\"potentialAction\":[{\"@type\":\"SearchAction\",\"target\":{\"@type\":\"EntryPoint\",\"urlTemplate\":\"https:\\\/\\\/amedis.es\\\/tienda\\\/?s={search_term_string}\"},\"query-input\":{\"@type\":\"PropertyValueSpecification\",\"valueRequired\":true,\"valueName\":\"search_term_string\"}}],\"inLanguage\":\"es\"},{\"@type\":\"Organization\",\"@id\":\"https:\\\/\\\/amedis.es\\\/tienda\\\/#organization\",\"name\":\"Amedis | Suministros M\u00e9dicos y Dentales\",\"url\":\"https:\\\/\\\/amedis.es\\\/tienda\\\/\",\"logo\":{\"@type\":\"ImageObject\",\"inLanguage\":\"es\",\"@id\":\"https:\\\/\\\/amedis.es\\\/tienda\\\/#\\\/schema\\\/logo\\\/image\\\/\",\"url\":\"https:\\\/\\\/amedis.es\\\/tienda\\\/wp-content\\\/uploads\\\/2020\\\/05\\\/logo-1.png\",\"contentUrl\":\"https:\\\/\\\/amedis.es\\\/tienda\\\/wp-content\\\/uploads\\\/2020\\\/05\\\/logo-1.png\",\"width\":191,\"height\":80,\"caption\":\"Amedis | Suministros M\u00e9dicos y Dentales\"},\"image\":{\"@id\":\"https:\\\/\\\/amedis.es\\\/tienda\\\/#\\\/schema\\\/logo\\\/image\\\/\"}}]}<\/script>\n<!-- \/ Yoast SEO plugin. -->","yoast_head_json":{"title":"RESINA FOTOPOLIMERIZABLE BLUE-BLOKKER | Amedis","description":"Resina fotopolimerizable blue-blokker azul transparente, para nivelar y modelar con excelentes propiedades de fluidez.","robots":{"index":"index","follow":"follow","max-snippet":"max-snippet:-1","max-image-preview":"max-image-preview:large","max-video-preview":"max-video-preview:-1"},"canonical":"https:\/\/amedis.es\/tienda\/producto\/resina-fotopolimerizable-blue-blokker\/","og_locale":"es_ES","og_type":"article","og_title":"RESINA FOTOPOLIMERIZABLE BLUE-BLOKKER | Amedis","og_description":"Resina fotopolimerizable blue-blokker azul transparente, para nivelar y modelar con excelentes propiedades de fluidez.","og_url":"https:\/\/amedis.es\/tienda\/producto\/resina-fotopolimerizable-blue-blokker\/","og_site_name":"Amedis","article_modified_time":"2025-09-06T13:15:40+00:00","og_image":[{"width":600,"height":600,"url":"https:\/\/amedis.es\/tienda\/wp-content\/uploads\/2025\/09\/RESINA-FOTOPOLIMERIZABLE-BLUE-BLOKKER.jpg","type":"image\/jpeg"}],"twitter_card":"summary_large_image","twitter_misc":{"Tiempo de lectura":"1 minuto"},"schema":{"@context":"https:\/\/schema.org","@graph":[{"@type":"WebPage","@id":"https:\/\/amedis.es\/tienda\/producto\/resina-fotopolimerizable-blue-blokker\/","url":"https:\/\/amedis.es\/tienda\/producto\/resina-fotopolimerizable-blue-blokker\/","name":"RESINA FOTOPOLIMERIZABLE BLUE-BLOKKER | Amedis","isPartOf":{"@id":"https:\/\/amedis.es\/tienda\/#website"},"primaryImageOfPage":{"@id":"https:\/\/amedis.es\/tienda\/producto\/resina-fotopolimerizable-blue-blokker\/#primaryimage"},"image":{"@id":"https:\/\/amedis.es\/tienda\/producto\/resina-fotopolimerizable-blue-blokker\/#primaryimage"},"thumbnailUrl":"https:\/\/amedis.es\/tienda\/wp-content\/uploads\/2025\/09\/RESINA-FOTOPOLIMERIZABLE-BLUE-BLOKKER.jpg","datePublished":"2025-09-06T13:13:14+00:00","dateModified":"2025-09-06T13:15:40+00:00","description":"Resina fotopolimerizable blue-blokker azul transparente, para nivelar y modelar con excelentes propiedades de fluidez.","breadcrumb":{"@id":"https:\/\/amedis.es\/tienda\/producto\/resina-fotopolimerizable-blue-blokker\/#breadcrumb"},"inLanguage":"es","potentialAction":[{"@type":"ReadAction","target":["https:\/\/amedis.es\/tienda\/producto\/resina-fotopolimerizable-blue-blokker\/"]}]},{"@type":"ImageObject","inLanguage":"es","@id":"https:\/\/amedis.es\/tienda\/producto\/resina-fotopolimerizable-blue-blokker\/#primaryimage","url":"https:\/\/amedis.es\/tienda\/wp-content\/uploads\/2025\/09\/RESINA-FOTOPOLIMERIZABLE-BLUE-BLOKKER.jpg","contentUrl":"https:\/\/amedis.es\/tienda\/wp-content\/uploads\/2025\/09\/RESINA-FOTOPOLIMERIZABLE-BLUE-BLOKKER.jpg","width":600,"height":600,"caption":"Amedis RESINA FOTOPOLIMERIZABLE BLUE-BLOKKER"},{"@type":"BreadcrumbList","@id":"https:\/\/amedis.es\/tienda\/producto\/resina-fotopolimerizable-blue-blokker\/#breadcrumb","itemListElement":[{"@type":"ListItem","position":1,"name":"Portada","item":"https:\/\/amedis.es\/tienda\/"},{"@type":"ListItem","position":2,"name":"Amedis | Suministros M\u00e9dicos y Dentales | Tienda","item":"https:\/\/amedis.es\/tienda\/suministros-medicos-y-dentales\/"},{"@type":"ListItem","position":3,"name":"RESINA FOTOPOLIMERIZABLE BLUE-BLOKKER"}]},{"@type":"WebSite","@id":"https:\/\/amedis.es\/tienda\/#website","url":"https:\/\/amedis.es\/tienda\/","name":"Amedis","description":"Suministros M\u00e9dicos y Dentales","publisher":{"@id":"https:\/\/amedis.es\/tienda\/#organization"},"potentialAction":[{"@type":"SearchAction","target":{"@type":"EntryPoint","urlTemplate":"https:\/\/amedis.es\/tienda\/?s={search_term_string}"},"query-input":{"@type":"PropertyValueSpecification","valueRequired":true,"valueName":"search_term_string"}}],"inLanguage":"es"},{"@type":"Organization","@id":"https:\/\/amedis.es\/tienda\/#organization","name":"Amedis | Suministros M\u00e9dicos y Dentales","url":"https:\/\/amedis.es\/tienda\/","logo":{"@type":"ImageObject","inLanguage":"es","@id":"https:\/\/amedis.es\/tienda\/#\/schema\/logo\/image\/","url":"https:\/\/amedis.es\/tienda\/wp-content\/uploads\/2020\/05\/logo-1.png","contentUrl":"https:\/\/amedis.es\/tienda\/wp-content\/uploads\/2020\/05\/logo-1.png","width":191,"height":80,"caption":"Amedis | Suministros M\u00e9dicos y Dentales"},"image":{"@id":"https:\/\/amedis.es\/tienda\/#\/schema\/logo\/image\/"}}]}},"brands":[{"id":2443,"name":"SCHEU DENTAL","slug":"scheu-dental"}],"_links":{"self":[{"href":"https:\/\/amedis.es\/tienda\/wp-json\/wp\/v2\/product\/34841","targetHints":{"allow":["GET"]}}],"collection":[{"href":"https:\/\/amedis.es\/tienda\/wp-json\/wp\/v2\/product"}],"about":[{"href":"https:\/\/amedis.es\/tienda\/wp-json\/wp\/v2\/types\/product"}],"wp:featuredmedia":[{"embeddable":true,"href":"https:\/\/amedis.es\/tienda\/wp-json\/wp\/v2\/media\/34842"}],"wp:attachment":[{"href":"https:\/\/amedis.es\/tienda\/wp-json\/wp\/v2\/media?parent=34841"}],"wp:term":[{"taxonomy":"pwb-brand","embeddable":true,"href":"https:\/\/amedis.es\/tienda\/wp-json\/wp\/v2\/pwb-brand?post=34841"},{"taxonomy":"product_brand","embeddable":true,"href":"https:\/\/amedis.es\/tienda\/wp-json\/wp\/v2\/product_brand?post=34841"},{"taxonomy":"product_cat","embeddable":true,"href":"https:\/\/amedis.es\/tienda\/wp-json\/wp\/v2\/product_cat?post=34841"},{"taxonomy":"product_tag","embeddable":true,"href":"https:\/\/amedis.es\/tienda\/wp-json\/wp\/v2\/product_tag?post=34841"}],"curies":[{"name":"wp","href":"https:\/\/api.w.org\/{rel}","templated":true}]}}