{"id":34684,"date":"2025-09-01T11:32:56","date_gmt":"2025-09-01T11:32:56","guid":{"rendered":"https:\/\/amedis.es\/tienda\/?post_type=product&#038;p=34684"},"modified":"2025-09-01T12:06:20","modified_gmt":"2025-09-01T12:06:20","slug":"kit-intro-composite-flow-prime-dent","status":"publish","type":"product","link":"https:\/\/amedis.es\/tienda\/producto\/kit-intro-composite-flow-prime-dent\/","title":{"rendered":"KIT INTRO COMPOSITE FLOW PRIME DENT"},"content":{"rendered":"<p>Kit intro composite flow Prime dent. Resina Fluida de baja viscosidad fotopolimerizable, muy est\u00e9tica, usada para todo tipo de preparaciones de la cavidad, y con un excelente pulido.<br \/>\nLa adhesi\u00f3n a la estructura dental es lograda mediante el uso de un sistema de adhesivo dental, como L\/C One Step Bonding Adhesive.<\/p>\n<p>El composite tiene un tama\u00f1o de part\u00edcula aproximado de 0.7 micras. Es una opci\u00f3n ideal para ser usado en los siguientes casos:<\/p>\n<p>&#8211; Restauraciones peque\u00f1as en anteriores y posteriores.<br \/>\n&#8211; Como sellador de fosetas y fisuras.<br \/>\n&#8211; Peque\u00f1os defectos y llenar los huecos cervicales causados por erosi\u00f3n del cepillado o enc\u00edas retra\u00eddas.<br \/>\n&#8211; Eliminar retenciones antes de tomar impresiones para inlays.<br \/>\n&#8211; Cubrir la cavidad y rellenar las zonas de dif\u00edcil acceso previo a la colocaci\u00f3n de Composites condensables como los de Prime Dental (Parafil, Nano-Hybrid, Micro-Hybrid y Hybrid).<br \/>\n&#8211; F\u00e1cil de pulir para obtener un alto brillo. Tiene resistencia a la compresi\u00f3n, as\u00ed como baja contracci\u00f3n, resistente al desgaste y manchas. Radiopaco, para facilitar su identificaci\u00f3n en las radiograf\u00edas.<\/p>\n<p>BENEFICIOS Y CARACTERISTICAS:<\/p>\n<p>&#8211; Formula micro-hibrida de gran fuerza y excelente pulido.<br \/>\n&#8211; R\u00e1pida, fotocurable en solo 30 segundos para tonos claros, 40 segundos para tonos oscuros.<br \/>\n&#8211; Radiopaco.<br \/>\n&#8211; Liberaci\u00f3n de fl\u00faor.<br \/>\n&#8211; Baja contracci\u00f3n.<br \/>\n&#8211; Alta resistencia a la compresi\u00f3n.<\/p>\n","protected":false},"excerpt":{"rendered":"<p>ENVASE: 4 jeringas de 2 gr. colores A2, A3, A3,5 y B2.<\/p>\n","protected":false},"featured_media":12047,"template":"","meta":[],"pwb-brand":[2349],"product_brand":[],"product_cat":[27,274,262],"product_tag":[],"class_list":{"0":"post-34684","1":"product","2":"type-product","3":"status-publish","4":"has-post-thumbnail","6":"pwb-brand-prime-dental","7":"product_cat-clinica","8":"product_cat-composites-fluidos","9":"product_cat-restauracion","11":"first","12":"instock","13":"sale","14":"taxable","15":"shipping-taxable","16":"purchasable","17":"product-type-simple"},"yoast_head":"<!-- This site is optimized with the Yoast SEO plugin v27.4 - https:\/\/yoast.com\/product\/yoast-seo-wordpress\/ -->\n<title>KIT INTRO COMPOSITE FLOW PRIME DENT | Amedis<\/title>\n<meta name=\"description\" content=\"Kit intro composite flow Prime dent. Resina Fluida de baja viscosidad fotopolimerizable, muy est\u00e9tica, usada para todo tipo.\" \/>\n<meta name=\"robots\" content=\"index, follow, max-snippet:-1, max-image-preview:large, max-video-preview:-1\" \/>\n<link rel=\"canonical\" href=\"https:\/\/amedis.es\/tienda\/producto\/kit-intro-composite-flow-prime-dent\/\" \/>\n<meta property=\"og:locale\" content=\"es_ES\" \/>\n<meta property=\"og:type\" content=\"article\" \/>\n<meta property=\"og:title\" content=\"KIT INTRO COMPOSITE FLOW PRIME DENT | Amedis\" \/>\n<meta property=\"og:description\" content=\"Kit intro composite flow Prime dent. Resina Fluida de baja viscosidad fotopolimerizable, muy est\u00e9tica, usada para todo tipo.\" \/>\n<meta property=\"og:url\" content=\"https:\/\/amedis.es\/tienda\/producto\/kit-intro-composite-flow-prime-dent\/\" \/>\n<meta property=\"og:site_name\" content=\"Amedis\" \/>\n<meta property=\"article:modified_time\" content=\"2025-09-01T12:06:20+00:00\" \/>\n<meta property=\"og:image\" content=\"https:\/\/amedis.es\/tienda\/wp-content\/uploads\/2021\/08\/KIT-INTRO-COMPOSITE-FLOW-PRIME-DENTAL.jpg\" \/>\n\t<meta property=\"og:image:width\" content=\"600\" \/>\n\t<meta property=\"og:image:height\" content=\"600\" \/>\n\t<meta property=\"og:image:type\" content=\"image\/jpeg\" \/>\n<meta name=\"twitter:card\" content=\"summary_large_image\" \/>\n<meta name=\"twitter:label1\" content=\"Tiempo de lectura\" \/>\n\t<meta name=\"twitter:data1\" content=\"1 minuto\" \/>\n<script type=\"application\/ld+json\" class=\"yoast-schema-graph\">{\"@context\":\"https:\\\/\\\/schema.org\",\"@graph\":[{\"@type\":\"WebPage\",\"@id\":\"https:\\\/\\\/amedis.es\\\/tienda\\\/producto\\\/kit-intro-composite-flow-prime-dent\\\/\",\"url\":\"https:\\\/\\\/amedis.es\\\/tienda\\\/producto\\\/kit-intro-composite-flow-prime-dent\\\/\",\"name\":\"KIT INTRO COMPOSITE FLOW PRIME DENT | Amedis\",\"isPartOf\":{\"@id\":\"https:\\\/\\\/amedis.es\\\/tienda\\\/#website\"},\"primaryImageOfPage\":{\"@id\":\"https:\\\/\\\/amedis.es\\\/tienda\\\/producto\\\/kit-intro-composite-flow-prime-dent\\\/#primaryimage\"},\"image\":{\"@id\":\"https:\\\/\\\/amedis.es\\\/tienda\\\/producto\\\/kit-intro-composite-flow-prime-dent\\\/#primaryimage\"},\"thumbnailUrl\":\"https:\\\/\\\/amedis.es\\\/tienda\\\/wp-content\\\/uploads\\\/2021\\\/08\\\/KIT-INTRO-COMPOSITE-FLOW-PRIME-DENTAL.jpg\",\"datePublished\":\"2025-09-01T11:32:56+00:00\",\"dateModified\":\"2025-09-01T12:06:20+00:00\",\"description\":\"Kit intro composite flow Prime dent. Resina Fluida de baja viscosidad fotopolimerizable, muy est\u00e9tica, usada para todo tipo.\",\"breadcrumb\":{\"@id\":\"https:\\\/\\\/amedis.es\\\/tienda\\\/producto\\\/kit-intro-composite-flow-prime-dent\\\/#breadcrumb\"},\"inLanguage\":\"es\",\"potentialAction\":[{\"@type\":\"ReadAction\",\"target\":[\"https:\\\/\\\/amedis.es\\\/tienda\\\/producto\\\/kit-intro-composite-flow-prime-dent\\\/\"]}]},{\"@type\":\"ImageObject\",\"inLanguage\":\"es\",\"@id\":\"https:\\\/\\\/amedis.es\\\/tienda\\\/producto\\\/kit-intro-composite-flow-prime-dent\\\/#primaryimage\",\"url\":\"https:\\\/\\\/amedis.es\\\/tienda\\\/wp-content\\\/uploads\\\/2021\\\/08\\\/KIT-INTRO-COMPOSITE-FLOW-PRIME-DENTAL.jpg\",\"contentUrl\":\"https:\\\/\\\/amedis.es\\\/tienda\\\/wp-content\\\/uploads\\\/2021\\\/08\\\/KIT-INTRO-COMPOSITE-FLOW-PRIME-DENTAL.jpg\",\"width\":600,\"height\":600,\"caption\":\"Amedis KIT INTRO COMPOSITE FLOW PRIME DENTAL\"},{\"@type\":\"BreadcrumbList\",\"@id\":\"https:\\\/\\\/amedis.es\\\/tienda\\\/producto\\\/kit-intro-composite-flow-prime-dent\\\/#breadcrumb\",\"itemListElement\":[{\"@type\":\"ListItem\",\"position\":1,\"name\":\"Portada\",\"item\":\"https:\\\/\\\/amedis.es\\\/tienda\\\/\"},{\"@type\":\"ListItem\",\"position\":2,\"name\":\"Amedis | Suministros M\u00e9dicos y Dentales | Tienda\",\"item\":\"https:\\\/\\\/amedis.es\\\/tienda\\\/suministros-medicos-y-dentales\\\/\"},{\"@type\":\"ListItem\",\"position\":3,\"name\":\"KIT INTRO COMPOSITE FLOW PRIME DENT\"}]},{\"@type\":\"WebSite\",\"@id\":\"https:\\\/\\\/amedis.es\\\/tienda\\\/#website\",\"url\":\"https:\\\/\\\/amedis.es\\\/tienda\\\/\",\"name\":\"Amedis\",\"description\":\"Suministros M\u00e9dicos y Dentales\",\"publisher\":{\"@id\":\"https:\\\/\\\/amedis.es\\\/tienda\\\/#organization\"},\"potentialAction\":[{\"@type\":\"SearchAction\",\"target\":{\"@type\":\"EntryPoint\",\"urlTemplate\":\"https:\\\/\\\/amedis.es\\\/tienda\\\/?s={search_term_string}\"},\"query-input\":{\"@type\":\"PropertyValueSpecification\",\"valueRequired\":true,\"valueName\":\"search_term_string\"}}],\"inLanguage\":\"es\"},{\"@type\":\"Organization\",\"@id\":\"https:\\\/\\\/amedis.es\\\/tienda\\\/#organization\",\"name\":\"Amedis | Suministros M\u00e9dicos y Dentales\",\"url\":\"https:\\\/\\\/amedis.es\\\/tienda\\\/\",\"logo\":{\"@type\":\"ImageObject\",\"inLanguage\":\"es\",\"@id\":\"https:\\\/\\\/amedis.es\\\/tienda\\\/#\\\/schema\\\/logo\\\/image\\\/\",\"url\":\"https:\\\/\\\/amedis.es\\\/tienda\\\/wp-content\\\/uploads\\\/2020\\\/05\\\/logo-1.png\",\"contentUrl\":\"https:\\\/\\\/amedis.es\\\/tienda\\\/wp-content\\\/uploads\\\/2020\\\/05\\\/logo-1.png\",\"width\":191,\"height\":80,\"caption\":\"Amedis | Suministros M\u00e9dicos y Dentales\"},\"image\":{\"@id\":\"https:\\\/\\\/amedis.es\\\/tienda\\\/#\\\/schema\\\/logo\\\/image\\\/\"}}]}<\/script>\n<!-- \/ Yoast SEO plugin. -->","yoast_head_json":{"title":"KIT INTRO COMPOSITE FLOW PRIME DENT | Amedis","description":"Kit intro composite flow Prime dent. Resina Fluida de baja viscosidad fotopolimerizable, muy est\u00e9tica, usada para todo tipo.","robots":{"index":"index","follow":"follow","max-snippet":"max-snippet:-1","max-image-preview":"max-image-preview:large","max-video-preview":"max-video-preview:-1"},"canonical":"https:\/\/amedis.es\/tienda\/producto\/kit-intro-composite-flow-prime-dent\/","og_locale":"es_ES","og_type":"article","og_title":"KIT INTRO COMPOSITE FLOW PRIME DENT | Amedis","og_description":"Kit intro composite flow Prime dent. Resina Fluida de baja viscosidad fotopolimerizable, muy est\u00e9tica, usada para todo tipo.","og_url":"https:\/\/amedis.es\/tienda\/producto\/kit-intro-composite-flow-prime-dent\/","og_site_name":"Amedis","article_modified_time":"2025-09-01T12:06:20+00:00","og_image":[{"width":600,"height":600,"url":"https:\/\/amedis.es\/tienda\/wp-content\/uploads\/2021\/08\/KIT-INTRO-COMPOSITE-FLOW-PRIME-DENTAL.jpg","type":"image\/jpeg"}],"twitter_card":"summary_large_image","twitter_misc":{"Tiempo de lectura":"1 minuto"},"schema":{"@context":"https:\/\/schema.org","@graph":[{"@type":"WebPage","@id":"https:\/\/amedis.es\/tienda\/producto\/kit-intro-composite-flow-prime-dent\/","url":"https:\/\/amedis.es\/tienda\/producto\/kit-intro-composite-flow-prime-dent\/","name":"KIT INTRO COMPOSITE FLOW PRIME DENT | Amedis","isPartOf":{"@id":"https:\/\/amedis.es\/tienda\/#website"},"primaryImageOfPage":{"@id":"https:\/\/amedis.es\/tienda\/producto\/kit-intro-composite-flow-prime-dent\/#primaryimage"},"image":{"@id":"https:\/\/amedis.es\/tienda\/producto\/kit-intro-composite-flow-prime-dent\/#primaryimage"},"thumbnailUrl":"https:\/\/amedis.es\/tienda\/wp-content\/uploads\/2021\/08\/KIT-INTRO-COMPOSITE-FLOW-PRIME-DENTAL.jpg","datePublished":"2025-09-01T11:32:56+00:00","dateModified":"2025-09-01T12:06:20+00:00","description":"Kit intro composite flow Prime dent. Resina Fluida de baja viscosidad fotopolimerizable, muy est\u00e9tica, usada para todo tipo.","breadcrumb":{"@id":"https:\/\/amedis.es\/tienda\/producto\/kit-intro-composite-flow-prime-dent\/#breadcrumb"},"inLanguage":"es","potentialAction":[{"@type":"ReadAction","target":["https:\/\/amedis.es\/tienda\/producto\/kit-intro-composite-flow-prime-dent\/"]}]},{"@type":"ImageObject","inLanguage":"es","@id":"https:\/\/amedis.es\/tienda\/producto\/kit-intro-composite-flow-prime-dent\/#primaryimage","url":"https:\/\/amedis.es\/tienda\/wp-content\/uploads\/2021\/08\/KIT-INTRO-COMPOSITE-FLOW-PRIME-DENTAL.jpg","contentUrl":"https:\/\/amedis.es\/tienda\/wp-content\/uploads\/2021\/08\/KIT-INTRO-COMPOSITE-FLOW-PRIME-DENTAL.jpg","width":600,"height":600,"caption":"Amedis KIT INTRO COMPOSITE FLOW PRIME DENTAL"},{"@type":"BreadcrumbList","@id":"https:\/\/amedis.es\/tienda\/producto\/kit-intro-composite-flow-prime-dent\/#breadcrumb","itemListElement":[{"@type":"ListItem","position":1,"name":"Portada","item":"https:\/\/amedis.es\/tienda\/"},{"@type":"ListItem","position":2,"name":"Amedis | Suministros M\u00e9dicos y Dentales | Tienda","item":"https:\/\/amedis.es\/tienda\/suministros-medicos-y-dentales\/"},{"@type":"ListItem","position":3,"name":"KIT INTRO COMPOSITE FLOW PRIME DENT"}]},{"@type":"WebSite","@id":"https:\/\/amedis.es\/tienda\/#website","url":"https:\/\/amedis.es\/tienda\/","name":"Amedis","description":"Suministros M\u00e9dicos y Dentales","publisher":{"@id":"https:\/\/amedis.es\/tienda\/#organization"},"potentialAction":[{"@type":"SearchAction","target":{"@type":"EntryPoint","urlTemplate":"https:\/\/amedis.es\/tienda\/?s={search_term_string}"},"query-input":{"@type":"PropertyValueSpecification","valueRequired":true,"valueName":"search_term_string"}}],"inLanguage":"es"},{"@type":"Organization","@id":"https:\/\/amedis.es\/tienda\/#organization","name":"Amedis | Suministros M\u00e9dicos y Dentales","url":"https:\/\/amedis.es\/tienda\/","logo":{"@type":"ImageObject","inLanguage":"es","@id":"https:\/\/amedis.es\/tienda\/#\/schema\/logo\/image\/","url":"https:\/\/amedis.es\/tienda\/wp-content\/uploads\/2020\/05\/logo-1.png","contentUrl":"https:\/\/amedis.es\/tienda\/wp-content\/uploads\/2020\/05\/logo-1.png","width":191,"height":80,"caption":"Amedis | Suministros M\u00e9dicos y Dentales"},"image":{"@id":"https:\/\/amedis.es\/tienda\/#\/schema\/logo\/image\/"}}]}},"brands":[{"id":2349,"name":"PRIME DENTAL","slug":"prime-dental"}],"_links":{"self":[{"href":"https:\/\/amedis.es\/tienda\/wp-json\/wp\/v2\/product\/34684","targetHints":{"allow":["GET"]}}],"collection":[{"href":"https:\/\/amedis.es\/tienda\/wp-json\/wp\/v2\/product"}],"about":[{"href":"https:\/\/amedis.es\/tienda\/wp-json\/wp\/v2\/types\/product"}],"wp:featuredmedia":[{"embeddable":true,"href":"https:\/\/amedis.es\/tienda\/wp-json\/wp\/v2\/media\/12047"}],"wp:attachment":[{"href":"https:\/\/amedis.es\/tienda\/wp-json\/wp\/v2\/media?parent=34684"}],"wp:term":[{"taxonomy":"pwb-brand","embeddable":true,"href":"https:\/\/amedis.es\/tienda\/wp-json\/wp\/v2\/pwb-brand?post=34684"},{"taxonomy":"product_brand","embeddable":true,"href":"https:\/\/amedis.es\/tienda\/wp-json\/wp\/v2\/product_brand?post=34684"},{"taxonomy":"product_cat","embeddable":true,"href":"https:\/\/amedis.es\/tienda\/wp-json\/wp\/v2\/product_cat?post=34684"},{"taxonomy":"product_tag","embeddable":true,"href":"https:\/\/amedis.es\/tienda\/wp-json\/wp\/v2\/product_tag?post=34684"}],"curies":[{"name":"wp","href":"https:\/\/api.w.org\/{rel}","templated":true}]}}