{"id":34653,"date":"2025-09-01T10:50:08","date_gmt":"2025-09-01T10:50:08","guid":{"rendered":"https:\/\/amedis.es\/tienda\/?post_type=product&#038;p=34653"},"modified":"2025-09-01T11:10:03","modified_gmt":"2025-09-01T11:10:03","slug":"tetric-evoflow-cavifill","status":"publish","type":"product","link":"https:\/\/amedis.es\/tienda\/producto\/tetric-evoflow-cavifill\/","title":{"rendered":"TETRIC EVOFLOW CAVIFILL"},"content":{"rendered":"<p>Tetric EvoFlow es un composite fluido, fotopolimerizable, radiopaco y nano h\u00edbrido. Polimeriza con luz en el rango de longitudes de onda entre 400-500 nm. Puede usarse como recubrimiento de las cavidades de Clase I y II y como restaurador para rellenar peque\u00f1as cavidades e incluso cavidades de Clase V.<\/p>\n<p>VENTAJAS:<\/p>\n<p>&#8211; Fluido cuando se desea y estable cuando es necesario.<br \/>\n&#8211; Consistencia ideal para todas las indicaciones de composite.<\/p>\n<p>INDICACIONES:<\/p>\n<p>\u2013 Como capa inicial bajo restauraciones clases I a V.<br \/>\n\u2013 Restauraciones anteriores (Clases III, V).<br \/>\n\u2013 Restauraciones Clase V (caries cervical, erosiones radiculares, defectos cuneiformes).<br \/>\n\u2013 Peque\u00f1as restauraciones de todo tipo.<br \/>\n\u2013 Restauraciones de resina preventivas.<br \/>\n\u2013 Inmovilizaci\u00f3n de dientes con movilidad.<br \/>\n\u2013 Alivio de socavaduras.<br \/>\n\u2013 Cementaci\u00f3n adhesiva de restauraciones indirectas de composite y cer\u00e1mica de alta transmisi\u00f3n de luz.<br \/>\n\u2013 Reparaci\u00f3n de carillas de composite y cer\u00e1mica.<\/p>\n","protected":false},"excerpt":{"rendered":"<p>CONTENIDO: 20 cavifill x 0,2 gr.<\/p>\n","protected":false},"featured_media":12012,"template":"","meta":[],"pwb-brand":[2359],"product_brand":[],"product_cat":[274,262],"product_tag":[],"class_list":{"0":"post-34653","1":"product","2":"type-product","3":"status-publish","4":"has-post-thumbnail","6":"pwb-brand-ivoclar","7":"product_cat-composites-fluidos","8":"product_cat-restauracion","10":"first","11":"instock","12":"sale","13":"taxable","14":"shipping-taxable","15":"purchasable","16":"product-type-variable"},"yoast_head":"<!-- This site is optimized with the Yoast SEO plugin v27.4 - https:\/\/yoast.com\/product\/yoast-seo-wordpress\/ -->\n<title>TETRIC EVOFLOW CAVIFILL | Amedis |<\/title>\n<meta name=\"description\" content=\"Tetric EvoFlow es un composite fluido, fotopolimerizable, radiopaco y nano h\u00edbrido. Polimeriza con luz en el rango de longitudes 400-500 nm.\" \/>\n<meta name=\"robots\" content=\"index, follow, max-snippet:-1, max-image-preview:large, max-video-preview:-1\" \/>\n<link rel=\"canonical\" href=\"https:\/\/amedis.es\/tienda\/producto\/tetric-evoflow-cavifill\/\" \/>\n<meta property=\"og:locale\" content=\"es_ES\" \/>\n<meta property=\"og:type\" content=\"article\" \/>\n<meta property=\"og:title\" content=\"TETRIC EVOFLOW CAVIFILL | Amedis |\" \/>\n<meta property=\"og:description\" content=\"Tetric EvoFlow es un composite fluido, fotopolimerizable, radiopaco y nano h\u00edbrido. Polimeriza con luz en el rango de longitudes 400-500 nm.\" \/>\n<meta property=\"og:url\" content=\"https:\/\/amedis.es\/tienda\/producto\/tetric-evoflow-cavifill\/\" \/>\n<meta property=\"og:site_name\" content=\"Amedis\" \/>\n<meta property=\"article:modified_time\" content=\"2025-09-01T11:10:03+00:00\" \/>\n<meta property=\"og:image\" content=\"https:\/\/amedis.es\/tienda\/wp-content\/uploads\/2021\/08\/TETRIC-EVOFLOW-CAVIFILL.jpg\" \/>\n\t<meta property=\"og:image:width\" content=\"600\" \/>\n\t<meta property=\"og:image:height\" content=\"600\" \/>\n\t<meta property=\"og:image:type\" content=\"image\/jpeg\" \/>\n<meta name=\"twitter:card\" content=\"summary_large_image\" \/>\n<meta name=\"twitter:label1\" content=\"Tiempo de lectura\" \/>\n\t<meta name=\"twitter:data1\" content=\"1 minuto\" \/>\n<script type=\"application\/ld+json\" class=\"yoast-schema-graph\">{\"@context\":\"https:\\\/\\\/schema.org\",\"@graph\":[{\"@type\":\"WebPage\",\"@id\":\"https:\\\/\\\/amedis.es\\\/tienda\\\/producto\\\/tetric-evoflow-cavifill\\\/\",\"url\":\"https:\\\/\\\/amedis.es\\\/tienda\\\/producto\\\/tetric-evoflow-cavifill\\\/\",\"name\":\"TETRIC EVOFLOW CAVIFILL | Amedis |\",\"isPartOf\":{\"@id\":\"https:\\\/\\\/amedis.es\\\/tienda\\\/#website\"},\"primaryImageOfPage\":{\"@id\":\"https:\\\/\\\/amedis.es\\\/tienda\\\/producto\\\/tetric-evoflow-cavifill\\\/#primaryimage\"},\"image\":{\"@id\":\"https:\\\/\\\/amedis.es\\\/tienda\\\/producto\\\/tetric-evoflow-cavifill\\\/#primaryimage\"},\"thumbnailUrl\":\"https:\\\/\\\/amedis.es\\\/tienda\\\/wp-content\\\/uploads\\\/2021\\\/08\\\/TETRIC-EVOFLOW-CAVIFILL.jpg\",\"datePublished\":\"2025-09-01T10:50:08+00:00\",\"dateModified\":\"2025-09-01T11:10:03+00:00\",\"description\":\"Tetric EvoFlow es un composite fluido, fotopolimerizable, radiopaco y nano h\u00edbrido. Polimeriza con luz en el rango de longitudes 400-500 nm.\",\"breadcrumb\":{\"@id\":\"https:\\\/\\\/amedis.es\\\/tienda\\\/producto\\\/tetric-evoflow-cavifill\\\/#breadcrumb\"},\"inLanguage\":\"es\",\"potentialAction\":[{\"@type\":\"ReadAction\",\"target\":[\"https:\\\/\\\/amedis.es\\\/tienda\\\/producto\\\/tetric-evoflow-cavifill\\\/\"]}]},{\"@type\":\"ImageObject\",\"inLanguage\":\"es\",\"@id\":\"https:\\\/\\\/amedis.es\\\/tienda\\\/producto\\\/tetric-evoflow-cavifill\\\/#primaryimage\",\"url\":\"https:\\\/\\\/amedis.es\\\/tienda\\\/wp-content\\\/uploads\\\/2021\\\/08\\\/TETRIC-EVOFLOW-CAVIFILL.jpg\",\"contentUrl\":\"https:\\\/\\\/amedis.es\\\/tienda\\\/wp-content\\\/uploads\\\/2021\\\/08\\\/TETRIC-EVOFLOW-CAVIFILL.jpg\",\"width\":600,\"height\":600,\"caption\":\"Amedis TETRIC EVOFLOW CAVIFILL\"},{\"@type\":\"BreadcrumbList\",\"@id\":\"https:\\\/\\\/amedis.es\\\/tienda\\\/producto\\\/tetric-evoflow-cavifill\\\/#breadcrumb\",\"itemListElement\":[{\"@type\":\"ListItem\",\"position\":1,\"name\":\"Portada\",\"item\":\"https:\\\/\\\/amedis.es\\\/tienda\\\/\"},{\"@type\":\"ListItem\",\"position\":2,\"name\":\"Amedis | Suministros M\u00e9dicos y Dentales | Tienda\",\"item\":\"https:\\\/\\\/amedis.es\\\/tienda\\\/suministros-medicos-y-dentales\\\/\"},{\"@type\":\"ListItem\",\"position\":3,\"name\":\"TETRIC EVOFLOW CAVIFILL\"}]},{\"@type\":\"WebSite\",\"@id\":\"https:\\\/\\\/amedis.es\\\/tienda\\\/#website\",\"url\":\"https:\\\/\\\/amedis.es\\\/tienda\\\/\",\"name\":\"Amedis\",\"description\":\"Suministros M\u00e9dicos y Dentales\",\"publisher\":{\"@id\":\"https:\\\/\\\/amedis.es\\\/tienda\\\/#organization\"},\"potentialAction\":[{\"@type\":\"SearchAction\",\"target\":{\"@type\":\"EntryPoint\",\"urlTemplate\":\"https:\\\/\\\/amedis.es\\\/tienda\\\/?s={search_term_string}\"},\"query-input\":{\"@type\":\"PropertyValueSpecification\",\"valueRequired\":true,\"valueName\":\"search_term_string\"}}],\"inLanguage\":\"es\"},{\"@type\":\"Organization\",\"@id\":\"https:\\\/\\\/amedis.es\\\/tienda\\\/#organization\",\"name\":\"Amedis | Suministros M\u00e9dicos y Dentales\",\"url\":\"https:\\\/\\\/amedis.es\\\/tienda\\\/\",\"logo\":{\"@type\":\"ImageObject\",\"inLanguage\":\"es\",\"@id\":\"https:\\\/\\\/amedis.es\\\/tienda\\\/#\\\/schema\\\/logo\\\/image\\\/\",\"url\":\"https:\\\/\\\/amedis.es\\\/tienda\\\/wp-content\\\/uploads\\\/2020\\\/05\\\/logo-1.png\",\"contentUrl\":\"https:\\\/\\\/amedis.es\\\/tienda\\\/wp-content\\\/uploads\\\/2020\\\/05\\\/logo-1.png\",\"width\":191,\"height\":80,\"caption\":\"Amedis | Suministros M\u00e9dicos y Dentales\"},\"image\":{\"@id\":\"https:\\\/\\\/amedis.es\\\/tienda\\\/#\\\/schema\\\/logo\\\/image\\\/\"}}]}<\/script>\n<!-- \/ Yoast SEO plugin. -->","yoast_head_json":{"title":"TETRIC EVOFLOW CAVIFILL | Amedis |","description":"Tetric EvoFlow es un composite fluido, fotopolimerizable, radiopaco y nano h\u00edbrido. Polimeriza con luz en el rango de longitudes 400-500 nm.","robots":{"index":"index","follow":"follow","max-snippet":"max-snippet:-1","max-image-preview":"max-image-preview:large","max-video-preview":"max-video-preview:-1"},"canonical":"https:\/\/amedis.es\/tienda\/producto\/tetric-evoflow-cavifill\/","og_locale":"es_ES","og_type":"article","og_title":"TETRIC EVOFLOW CAVIFILL | Amedis |","og_description":"Tetric EvoFlow es un composite fluido, fotopolimerizable, radiopaco y nano h\u00edbrido. Polimeriza con luz en el rango de longitudes 400-500 nm.","og_url":"https:\/\/amedis.es\/tienda\/producto\/tetric-evoflow-cavifill\/","og_site_name":"Amedis","article_modified_time":"2025-09-01T11:10:03+00:00","og_image":[{"width":600,"height":600,"url":"https:\/\/amedis.es\/tienda\/wp-content\/uploads\/2021\/08\/TETRIC-EVOFLOW-CAVIFILL.jpg","type":"image\/jpeg"}],"twitter_card":"summary_large_image","twitter_misc":{"Tiempo de lectura":"1 minuto"},"schema":{"@context":"https:\/\/schema.org","@graph":[{"@type":"WebPage","@id":"https:\/\/amedis.es\/tienda\/producto\/tetric-evoflow-cavifill\/","url":"https:\/\/amedis.es\/tienda\/producto\/tetric-evoflow-cavifill\/","name":"TETRIC EVOFLOW CAVIFILL | Amedis |","isPartOf":{"@id":"https:\/\/amedis.es\/tienda\/#website"},"primaryImageOfPage":{"@id":"https:\/\/amedis.es\/tienda\/producto\/tetric-evoflow-cavifill\/#primaryimage"},"image":{"@id":"https:\/\/amedis.es\/tienda\/producto\/tetric-evoflow-cavifill\/#primaryimage"},"thumbnailUrl":"https:\/\/amedis.es\/tienda\/wp-content\/uploads\/2021\/08\/TETRIC-EVOFLOW-CAVIFILL.jpg","datePublished":"2025-09-01T10:50:08+00:00","dateModified":"2025-09-01T11:10:03+00:00","description":"Tetric EvoFlow es un composite fluido, fotopolimerizable, radiopaco y nano h\u00edbrido. Polimeriza con luz en el rango de longitudes 400-500 nm.","breadcrumb":{"@id":"https:\/\/amedis.es\/tienda\/producto\/tetric-evoflow-cavifill\/#breadcrumb"},"inLanguage":"es","potentialAction":[{"@type":"ReadAction","target":["https:\/\/amedis.es\/tienda\/producto\/tetric-evoflow-cavifill\/"]}]},{"@type":"ImageObject","inLanguage":"es","@id":"https:\/\/amedis.es\/tienda\/producto\/tetric-evoflow-cavifill\/#primaryimage","url":"https:\/\/amedis.es\/tienda\/wp-content\/uploads\/2021\/08\/TETRIC-EVOFLOW-CAVIFILL.jpg","contentUrl":"https:\/\/amedis.es\/tienda\/wp-content\/uploads\/2021\/08\/TETRIC-EVOFLOW-CAVIFILL.jpg","width":600,"height":600,"caption":"Amedis TETRIC EVOFLOW CAVIFILL"},{"@type":"BreadcrumbList","@id":"https:\/\/amedis.es\/tienda\/producto\/tetric-evoflow-cavifill\/#breadcrumb","itemListElement":[{"@type":"ListItem","position":1,"name":"Portada","item":"https:\/\/amedis.es\/tienda\/"},{"@type":"ListItem","position":2,"name":"Amedis | Suministros M\u00e9dicos y Dentales | Tienda","item":"https:\/\/amedis.es\/tienda\/suministros-medicos-y-dentales\/"},{"@type":"ListItem","position":3,"name":"TETRIC EVOFLOW CAVIFILL"}]},{"@type":"WebSite","@id":"https:\/\/amedis.es\/tienda\/#website","url":"https:\/\/amedis.es\/tienda\/","name":"Amedis","description":"Suministros M\u00e9dicos y Dentales","publisher":{"@id":"https:\/\/amedis.es\/tienda\/#organization"},"potentialAction":[{"@type":"SearchAction","target":{"@type":"EntryPoint","urlTemplate":"https:\/\/amedis.es\/tienda\/?s={search_term_string}"},"query-input":{"@type":"PropertyValueSpecification","valueRequired":true,"valueName":"search_term_string"}}],"inLanguage":"es"},{"@type":"Organization","@id":"https:\/\/amedis.es\/tienda\/#organization","name":"Amedis | Suministros M\u00e9dicos y Dentales","url":"https:\/\/amedis.es\/tienda\/","logo":{"@type":"ImageObject","inLanguage":"es","@id":"https:\/\/amedis.es\/tienda\/#\/schema\/logo\/image\/","url":"https:\/\/amedis.es\/tienda\/wp-content\/uploads\/2020\/05\/logo-1.png","contentUrl":"https:\/\/amedis.es\/tienda\/wp-content\/uploads\/2020\/05\/logo-1.png","width":191,"height":80,"caption":"Amedis | Suministros M\u00e9dicos y Dentales"},"image":{"@id":"https:\/\/amedis.es\/tienda\/#\/schema\/logo\/image\/"}}]}},"brands":[{"id":2359,"name":"IVOCLAR","slug":"ivoclar"}],"_links":{"self":[{"href":"https:\/\/amedis.es\/tienda\/wp-json\/wp\/v2\/product\/34653","targetHints":{"allow":["GET"]}}],"collection":[{"href":"https:\/\/amedis.es\/tienda\/wp-json\/wp\/v2\/product"}],"about":[{"href":"https:\/\/amedis.es\/tienda\/wp-json\/wp\/v2\/types\/product"}],"wp:featuredmedia":[{"embeddable":true,"href":"https:\/\/amedis.es\/tienda\/wp-json\/wp\/v2\/media\/12012"}],"wp:attachment":[{"href":"https:\/\/amedis.es\/tienda\/wp-json\/wp\/v2\/media?parent=34653"}],"wp:term":[{"taxonomy":"pwb-brand","embeddable":true,"href":"https:\/\/amedis.es\/tienda\/wp-json\/wp\/v2\/pwb-brand?post=34653"},{"taxonomy":"product_brand","embeddable":true,"href":"https:\/\/amedis.es\/tienda\/wp-json\/wp\/v2\/product_brand?post=34653"},{"taxonomy":"product_cat","embeddable":true,"href":"https:\/\/amedis.es\/tienda\/wp-json\/wp\/v2\/product_cat?post=34653"},{"taxonomy":"product_tag","embeddable":true,"href":"https:\/\/amedis.es\/tienda\/wp-json\/wp\/v2\/product_tag?post=34653"}],"curies":[{"name":"wp","href":"https:\/\/api.w.org\/{rel}","templated":true}]}}