{"id":34592,"date":"2025-08-29T16:50:34","date_gmt":"2025-08-29T16:50:34","guid":{"rendered":"https:\/\/amedis.es\/tienda\/?post_type=product&#038;p=34592"},"modified":"2025-08-29T16:54:19","modified_gmt":"2025-08-29T16:54:19","slug":"filtek-supreme-flow","status":"publish","type":"product","link":"https:\/\/amedis.es\/tienda\/producto\/filtek-supreme-flow\/","title":{"rendered":"FILTEK SUPREME FLOW"},"content":{"rendered":"<p>Filtek supreme flow. El restaurador universal Filtek\u2122 Supreme XTE es un composite de nanorrelleno en base a tres opacidades: esmalte, dentina y body. Esto lo hace muy vers\u00e1til y de alto rendimiento debido a su composici\u00f3n. Ofrece unos excelentes resultados est\u00e9ticos en restauraciones anteriores y excelentes propiedades f\u00edsico-mec\u00e1nicas para restauraciones posteriores.<\/p>\n<p>CARACTERISTICAS:<\/p>\n<p>&#8211; Pr\u00e1cticamente sin burbujas en el material dispensado.<br \/>\n&#8211; El restaurador fluido 3M\u2122 Filtek\u2122 Supreme XTE Flow de 3M ESPE es un nanocompuesto fluido de baja viscosidad fotopolimerizable con luz y radiopaco.<br \/>\n&#8211; 3M\u2122 Filtek\u2122 Supreme XTE Flow utiliza la misma nanotecnolog\u00eda exclusiva que el restaurador universal 3M\u2122 Filtek\u2122 Supreme XTE, que ofrece una est\u00e9tica excepcional, un mantenimiento inigualable del pulido y poco desgaste.<br \/>\n&#8211; La contracci\u00f3n se ha reducido en casi un 20% en comparaci\u00f3n con 3M\u2122 Filtek\u2122 Supreme XT Flow.<br \/>\n&#8211; Filtek\u2122 Supreme XTE Flow est\u00e1 disponible en 12 tonos (A1, A2, A3, A3,5, A4, Opaco A3, B1, B2, C2, D2, W, XW) adaptados a la gu\u00eda de color VITAPAN\u00ae classical y a Filtek\u2122 Supreme XTE Universal.<br \/>\n&#8211; Puede ser calentado con seguridad para su inyecci\u00f3n en un molde.<br \/>\n&#8211; Disponible en 12 tonos.<\/p>\n<p>APLICACIONES RECOMENDADAS:<\/p>\n<p>&#8211; Sellado de fosas y fisuras. Reparaci\u00f3n de provisionales. Base cavitaria en restauraciones directas.<br \/>\n&#8211; Se puede emplear en t\u00e9cnica de inyecci\u00f3n en carillas provisionales de larga duraci\u00f3n.<br \/>\n&#8211; Restauraciones clase III y V.<br \/>\n&#8211; Restauraci\u00f3n de preparaciones cavitarias m\u00ednimamente invasivas (incluyendo peque\u00f1as restauraciones oclusales no sometidas a cargas).<br \/>\n&#8211; Reparaci\u00f3n de defectos peque\u00f1os en restauraciones indirectas est\u00e9ticas.<br \/>\n&#8211; Sellador de hoyos y fisuras.<br \/>\n&#8211; Reparaci\u00f3n de materiales provisionales de resina y acr\u00edlico.<br \/>\n&#8211; Reparaci\u00f3n de peque\u00f1os defectos de esmalte.<br \/>\n&#8211; Reparaci\u00f3n de peque\u00f1os defectos en restauraciones est\u00e9ticas indirectas.<br \/>\n&#8211; Reparaci\u00f3n de materiales temporales acr\u00edlicos o de resina.<\/p>\n","protected":false},"excerpt":{"rendered":"<p>CONTENIDO: 2 jeringas x 2 gr.<\/p>\n","protected":false},"featured_media":12021,"template":"","meta":[],"pwb-brand":[2358],"product_brand":[],"product_cat":[27,274,262],"product_tag":[],"class_list":{"0":"post-34592","1":"product","2":"type-product","3":"status-publish","4":"has-post-thumbnail","6":"pwb-brand-solventum-3m","7":"product_cat-clinica","8":"product_cat-composites-fluidos","9":"product_cat-restauracion","11":"first","12":"instock","13":"sale","14":"taxable","15":"shipping-taxable","16":"purchasable","17":"product-type-variable"},"yoast_head":"<!-- This site is optimized with the Yoast SEO plugin v27.4 - https:\/\/yoast.com\/product\/yoast-seo-wordpress\/ -->\n<title>FILTEK SUPREME FLOW | Amedis |<\/title>\n<meta name=\"description\" content=\"Filtek supreme flow. El restaurador universal Filtek\u2122 Supreme XTE es un composite de nanorrelleno en base a tres opacidades\" \/>\n<meta name=\"robots\" content=\"index, follow, max-snippet:-1, max-image-preview:large, max-video-preview:-1\" \/>\n<link rel=\"canonical\" href=\"https:\/\/amedis.es\/tienda\/producto\/filtek-supreme-flow\/\" \/>\n<meta property=\"og:locale\" content=\"es_ES\" \/>\n<meta property=\"og:type\" content=\"article\" \/>\n<meta property=\"og:title\" content=\"FILTEK SUPREME FLOW | Amedis |\" \/>\n<meta property=\"og:description\" content=\"Filtek supreme flow. El restaurador universal Filtek\u2122 Supreme XTE es un composite de nanorrelleno en base a tres opacidades\" \/>\n<meta property=\"og:url\" content=\"https:\/\/amedis.es\/tienda\/producto\/filtek-supreme-flow\/\" \/>\n<meta property=\"og:site_name\" content=\"Amedis\" \/>\n<meta property=\"article:modified_time\" content=\"2025-08-29T16:54:19+00:00\" \/>\n<meta property=\"og:image\" content=\"https:\/\/amedis.es\/tienda\/wp-content\/uploads\/2021\/08\/FILTEK-SUPREME-FLOW.jpg\" \/>\n\t<meta property=\"og:image:width\" content=\"600\" \/>\n\t<meta property=\"og:image:height\" content=\"600\" \/>\n\t<meta property=\"og:image:type\" content=\"image\/jpeg\" \/>\n<meta name=\"twitter:card\" content=\"summary_large_image\" \/>\n<meta name=\"twitter:label1\" content=\"Tiempo de lectura\" \/>\n\t<meta name=\"twitter:data1\" content=\"2 minutos\" \/>\n<script type=\"application\/ld+json\" class=\"yoast-schema-graph\">{\"@context\":\"https:\\\/\\\/schema.org\",\"@graph\":[{\"@type\":\"WebPage\",\"@id\":\"https:\\\/\\\/amedis.es\\\/tienda\\\/producto\\\/filtek-supreme-flow\\\/\",\"url\":\"https:\\\/\\\/amedis.es\\\/tienda\\\/producto\\\/filtek-supreme-flow\\\/\",\"name\":\"FILTEK SUPREME FLOW | Amedis |\",\"isPartOf\":{\"@id\":\"https:\\\/\\\/amedis.es\\\/tienda\\\/#website\"},\"primaryImageOfPage\":{\"@id\":\"https:\\\/\\\/amedis.es\\\/tienda\\\/producto\\\/filtek-supreme-flow\\\/#primaryimage\"},\"image\":{\"@id\":\"https:\\\/\\\/amedis.es\\\/tienda\\\/producto\\\/filtek-supreme-flow\\\/#primaryimage\"},\"thumbnailUrl\":\"https:\\\/\\\/amedis.es\\\/tienda\\\/wp-content\\\/uploads\\\/2021\\\/08\\\/FILTEK-SUPREME-FLOW.jpg\",\"datePublished\":\"2025-08-29T16:50:34+00:00\",\"dateModified\":\"2025-08-29T16:54:19+00:00\",\"description\":\"Filtek supreme flow. El restaurador universal Filtek\u2122 Supreme XTE es un composite de nanorrelleno en base a tres opacidades\",\"breadcrumb\":{\"@id\":\"https:\\\/\\\/amedis.es\\\/tienda\\\/producto\\\/filtek-supreme-flow\\\/#breadcrumb\"},\"inLanguage\":\"es\",\"potentialAction\":[{\"@type\":\"ReadAction\",\"target\":[\"https:\\\/\\\/amedis.es\\\/tienda\\\/producto\\\/filtek-supreme-flow\\\/\"]}]},{\"@type\":\"ImageObject\",\"inLanguage\":\"es\",\"@id\":\"https:\\\/\\\/amedis.es\\\/tienda\\\/producto\\\/filtek-supreme-flow\\\/#primaryimage\",\"url\":\"https:\\\/\\\/amedis.es\\\/tienda\\\/wp-content\\\/uploads\\\/2021\\\/08\\\/FILTEK-SUPREME-FLOW.jpg\",\"contentUrl\":\"https:\\\/\\\/amedis.es\\\/tienda\\\/wp-content\\\/uploads\\\/2021\\\/08\\\/FILTEK-SUPREME-FLOW.jpg\",\"width\":600,\"height\":600,\"caption\":\"Amedis FILTEK SUPREME FLOW\"},{\"@type\":\"BreadcrumbList\",\"@id\":\"https:\\\/\\\/amedis.es\\\/tienda\\\/producto\\\/filtek-supreme-flow\\\/#breadcrumb\",\"itemListElement\":[{\"@type\":\"ListItem\",\"position\":1,\"name\":\"Portada\",\"item\":\"https:\\\/\\\/amedis.es\\\/tienda\\\/\"},{\"@type\":\"ListItem\",\"position\":2,\"name\":\"Amedis | Suministros M\u00e9dicos y Dentales | Tienda\",\"item\":\"https:\\\/\\\/amedis.es\\\/tienda\\\/suministros-medicos-y-dentales\\\/\"},{\"@type\":\"ListItem\",\"position\":3,\"name\":\"FILTEK SUPREME FLOW\"}]},{\"@type\":\"WebSite\",\"@id\":\"https:\\\/\\\/amedis.es\\\/tienda\\\/#website\",\"url\":\"https:\\\/\\\/amedis.es\\\/tienda\\\/\",\"name\":\"Amedis\",\"description\":\"Suministros M\u00e9dicos y Dentales\",\"publisher\":{\"@id\":\"https:\\\/\\\/amedis.es\\\/tienda\\\/#organization\"},\"potentialAction\":[{\"@type\":\"SearchAction\",\"target\":{\"@type\":\"EntryPoint\",\"urlTemplate\":\"https:\\\/\\\/amedis.es\\\/tienda\\\/?s={search_term_string}\"},\"query-input\":{\"@type\":\"PropertyValueSpecification\",\"valueRequired\":true,\"valueName\":\"search_term_string\"}}],\"inLanguage\":\"es\"},{\"@type\":\"Organization\",\"@id\":\"https:\\\/\\\/amedis.es\\\/tienda\\\/#organization\",\"name\":\"Amedis | Suministros M\u00e9dicos y Dentales\",\"url\":\"https:\\\/\\\/amedis.es\\\/tienda\\\/\",\"logo\":{\"@type\":\"ImageObject\",\"inLanguage\":\"es\",\"@id\":\"https:\\\/\\\/amedis.es\\\/tienda\\\/#\\\/schema\\\/logo\\\/image\\\/\",\"url\":\"https:\\\/\\\/amedis.es\\\/tienda\\\/wp-content\\\/uploads\\\/2020\\\/05\\\/logo-1.png\",\"contentUrl\":\"https:\\\/\\\/amedis.es\\\/tienda\\\/wp-content\\\/uploads\\\/2020\\\/05\\\/logo-1.png\",\"width\":191,\"height\":80,\"caption\":\"Amedis | Suministros M\u00e9dicos y Dentales\"},\"image\":{\"@id\":\"https:\\\/\\\/amedis.es\\\/tienda\\\/#\\\/schema\\\/logo\\\/image\\\/\"}}]}<\/script>\n<!-- \/ Yoast SEO plugin. -->","yoast_head_json":{"title":"FILTEK SUPREME FLOW | Amedis |","description":"Filtek supreme flow. El restaurador universal Filtek\u2122 Supreme XTE es un composite de nanorrelleno en base a tres opacidades","robots":{"index":"index","follow":"follow","max-snippet":"max-snippet:-1","max-image-preview":"max-image-preview:large","max-video-preview":"max-video-preview:-1"},"canonical":"https:\/\/amedis.es\/tienda\/producto\/filtek-supreme-flow\/","og_locale":"es_ES","og_type":"article","og_title":"FILTEK SUPREME FLOW | Amedis |","og_description":"Filtek supreme flow. El restaurador universal Filtek\u2122 Supreme XTE es un composite de nanorrelleno en base a tres opacidades","og_url":"https:\/\/amedis.es\/tienda\/producto\/filtek-supreme-flow\/","og_site_name":"Amedis","article_modified_time":"2025-08-29T16:54:19+00:00","og_image":[{"width":600,"height":600,"url":"https:\/\/amedis.es\/tienda\/wp-content\/uploads\/2021\/08\/FILTEK-SUPREME-FLOW.jpg","type":"image\/jpeg"}],"twitter_card":"summary_large_image","twitter_misc":{"Tiempo de lectura":"2 minutos"},"schema":{"@context":"https:\/\/schema.org","@graph":[{"@type":"WebPage","@id":"https:\/\/amedis.es\/tienda\/producto\/filtek-supreme-flow\/","url":"https:\/\/amedis.es\/tienda\/producto\/filtek-supreme-flow\/","name":"FILTEK SUPREME FLOW | Amedis |","isPartOf":{"@id":"https:\/\/amedis.es\/tienda\/#website"},"primaryImageOfPage":{"@id":"https:\/\/amedis.es\/tienda\/producto\/filtek-supreme-flow\/#primaryimage"},"image":{"@id":"https:\/\/amedis.es\/tienda\/producto\/filtek-supreme-flow\/#primaryimage"},"thumbnailUrl":"https:\/\/amedis.es\/tienda\/wp-content\/uploads\/2021\/08\/FILTEK-SUPREME-FLOW.jpg","datePublished":"2025-08-29T16:50:34+00:00","dateModified":"2025-08-29T16:54:19+00:00","description":"Filtek supreme flow. El restaurador universal Filtek\u2122 Supreme XTE es un composite de nanorrelleno en base a tres opacidades","breadcrumb":{"@id":"https:\/\/amedis.es\/tienda\/producto\/filtek-supreme-flow\/#breadcrumb"},"inLanguage":"es","potentialAction":[{"@type":"ReadAction","target":["https:\/\/amedis.es\/tienda\/producto\/filtek-supreme-flow\/"]}]},{"@type":"ImageObject","inLanguage":"es","@id":"https:\/\/amedis.es\/tienda\/producto\/filtek-supreme-flow\/#primaryimage","url":"https:\/\/amedis.es\/tienda\/wp-content\/uploads\/2021\/08\/FILTEK-SUPREME-FLOW.jpg","contentUrl":"https:\/\/amedis.es\/tienda\/wp-content\/uploads\/2021\/08\/FILTEK-SUPREME-FLOW.jpg","width":600,"height":600,"caption":"Amedis FILTEK SUPREME FLOW"},{"@type":"BreadcrumbList","@id":"https:\/\/amedis.es\/tienda\/producto\/filtek-supreme-flow\/#breadcrumb","itemListElement":[{"@type":"ListItem","position":1,"name":"Portada","item":"https:\/\/amedis.es\/tienda\/"},{"@type":"ListItem","position":2,"name":"Amedis | Suministros M\u00e9dicos y Dentales | Tienda","item":"https:\/\/amedis.es\/tienda\/suministros-medicos-y-dentales\/"},{"@type":"ListItem","position":3,"name":"FILTEK SUPREME FLOW"}]},{"@type":"WebSite","@id":"https:\/\/amedis.es\/tienda\/#website","url":"https:\/\/amedis.es\/tienda\/","name":"Amedis","description":"Suministros M\u00e9dicos y Dentales","publisher":{"@id":"https:\/\/amedis.es\/tienda\/#organization"},"potentialAction":[{"@type":"SearchAction","target":{"@type":"EntryPoint","urlTemplate":"https:\/\/amedis.es\/tienda\/?s={search_term_string}"},"query-input":{"@type":"PropertyValueSpecification","valueRequired":true,"valueName":"search_term_string"}}],"inLanguage":"es"},{"@type":"Organization","@id":"https:\/\/amedis.es\/tienda\/#organization","name":"Amedis | Suministros M\u00e9dicos y Dentales","url":"https:\/\/amedis.es\/tienda\/","logo":{"@type":"ImageObject","inLanguage":"es","@id":"https:\/\/amedis.es\/tienda\/#\/schema\/logo\/image\/","url":"https:\/\/amedis.es\/tienda\/wp-content\/uploads\/2020\/05\/logo-1.png","contentUrl":"https:\/\/amedis.es\/tienda\/wp-content\/uploads\/2020\/05\/logo-1.png","width":191,"height":80,"caption":"Amedis | Suministros M\u00e9dicos y Dentales"},"image":{"@id":"https:\/\/amedis.es\/tienda\/#\/schema\/logo\/image\/"}}]}},"brands":[{"id":2358,"name":"SOLVENTUM (3M)","slug":"solventum-3m"}],"_links":{"self":[{"href":"https:\/\/amedis.es\/tienda\/wp-json\/wp\/v2\/product\/34592","targetHints":{"allow":["GET"]}}],"collection":[{"href":"https:\/\/amedis.es\/tienda\/wp-json\/wp\/v2\/product"}],"about":[{"href":"https:\/\/amedis.es\/tienda\/wp-json\/wp\/v2\/types\/product"}],"wp:featuredmedia":[{"embeddable":true,"href":"https:\/\/amedis.es\/tienda\/wp-json\/wp\/v2\/media\/12021"}],"wp:attachment":[{"href":"https:\/\/amedis.es\/tienda\/wp-json\/wp\/v2\/media?parent=34592"}],"wp:term":[{"taxonomy":"pwb-brand","embeddable":true,"href":"https:\/\/amedis.es\/tienda\/wp-json\/wp\/v2\/pwb-brand?post=34592"},{"taxonomy":"product_brand","embeddable":true,"href":"https:\/\/amedis.es\/tienda\/wp-json\/wp\/v2\/product_brand?post=34592"},{"taxonomy":"product_cat","embeddable":true,"href":"https:\/\/amedis.es\/tienda\/wp-json\/wp\/v2\/product_cat?post=34592"},{"taxonomy":"product_tag","embeddable":true,"href":"https:\/\/amedis.es\/tienda\/wp-json\/wp\/v2\/product_tag?post=34592"}],"curies":[{"name":"wp","href":"https:\/\/api.w.org\/{rel}","templated":true}]}}