{"id":34449,"date":"2025-08-28T08:31:02","date_gmt":"2025-08-28T08:31:02","guid":{"rendered":"https:\/\/amedis.es\/tienda\/?post_type=product&#038;p=34449"},"modified":"2025-08-28T10:15:12","modified_gmt":"2025-08-28T10:15:12","slug":"venus-diamond-art-flow-jeringas-reposicion","status":"publish","type":"product","link":"https:\/\/amedis.es\/tienda\/producto\/venus-diamond-art-flow-jeringas-reposicion\/","title":{"rendered":"VENUS DIAMOND ART FLOW JERINGAS"},"content":{"rendered":"<p>Venus Diamond Flow es un composite nanoh\u00edbrido fluido que se emplea en restauraciones duraderas para crear un efecto est\u00e9tico perfecto. Venus Diamond Flow posee un manejo \u00f3ptimo y una excelente adaptaci\u00f3n de color con los dientes adyacentes gracias a su innovadora f\u00f3rmula Diamond. El resultado: restauraciones con una est\u00e9tica excelente. Posee una combinaci\u00f3n \u00fanica entre alta resistencia a la flexi\u00f3n y una baja contracci\u00f3n por estr\u00e9s. La consistencia fluida de Venus Diamond Flow le posiciona como un composite multifuncional. Venus Diamond Flow es ideal para peque\u00f1as cavidades rellenos cervicales como un liner en combinaci\u00f3n con composite de viscosidad normal como Venus Diamond.<\/p>\n","protected":false},"excerpt":{"rendered":"<p>CONTENIDO: 1 jeringa x 1,8 gr.<\/p>\n","protected":false},"featured_media":34470,"template":"","meta":[],"pwb-brand":[2357],"product_brand":[],"product_cat":[27,274,262],"product_tag":[],"class_list":{"0":"post-34449","1":"product","2":"type-product","3":"status-publish","4":"has-post-thumbnail","6":"pwb-brand-kulzer","7":"product_cat-clinica","8":"product_cat-composites-fluidos","9":"product_cat-restauracion","11":"first","12":"instock","13":"sale","14":"taxable","15":"shipping-taxable","16":"purchasable","17":"product-type-variable"},"yoast_head":"<!-- This site is optimized with the Yoast SEO plugin v27.4 - https:\/\/yoast.com\/product\/yoast-seo-wordpress\/ -->\n<title>VENUS DIAMOND ART FLOW JERINGAS | Amedis<\/title>\n<meta name=\"description\" content=\"Venus Diamond Flow es un composite nanoh\u00edbrido fluido que se emplea en restauraciones duraderas para crear un efecto est\u00e9tico perfecto\" \/>\n<meta name=\"robots\" content=\"index, follow, max-snippet:-1, max-image-preview:large, max-video-preview:-1\" \/>\n<link rel=\"canonical\" href=\"https:\/\/amedis.es\/tienda\/producto\/venus-diamond-art-flow-jeringas-reposicion\/\" \/>\n<meta property=\"og:locale\" content=\"es_ES\" \/>\n<meta property=\"og:type\" content=\"article\" \/>\n<meta property=\"og:title\" content=\"VENUS DIAMOND ART FLOW JERINGAS | Amedis\" \/>\n<meta property=\"og:description\" content=\"Venus Diamond Flow es un composite nanoh\u00edbrido fluido que se emplea en restauraciones duraderas para crear un efecto est\u00e9tico perfecto\" \/>\n<meta property=\"og:url\" content=\"https:\/\/amedis.es\/tienda\/producto\/venus-diamond-art-flow-jeringas-reposicion\/\" \/>\n<meta property=\"og:site_name\" content=\"Amedis\" \/>\n<meta property=\"article:modified_time\" content=\"2025-08-28T10:15:12+00:00\" \/>\n<meta property=\"og:image\" content=\"https:\/\/amedis.es\/tienda\/wp-content\/uploads\/2025\/08\/VENUS-DIAMOND-FLOW-JERINGAS.jpg\" \/>\n\t<meta property=\"og:image:width\" content=\"600\" \/>\n\t<meta property=\"og:image:height\" content=\"600\" \/>\n\t<meta property=\"og:image:type\" content=\"image\/jpeg\" \/>\n<meta name=\"twitter:card\" content=\"summary_large_image\" \/>\n<meta name=\"twitter:label1\" content=\"Tiempo de lectura\" \/>\n\t<meta name=\"twitter:data1\" content=\"1 minuto\" \/>\n<script type=\"application\/ld+json\" class=\"yoast-schema-graph\">{\"@context\":\"https:\\\/\\\/schema.org\",\"@graph\":[{\"@type\":\"WebPage\",\"@id\":\"https:\\\/\\\/amedis.es\\\/tienda\\\/producto\\\/venus-diamond-art-flow-jeringas-reposicion\\\/\",\"url\":\"https:\\\/\\\/amedis.es\\\/tienda\\\/producto\\\/venus-diamond-art-flow-jeringas-reposicion\\\/\",\"name\":\"VENUS DIAMOND ART FLOW JERINGAS | Amedis\",\"isPartOf\":{\"@id\":\"https:\\\/\\\/amedis.es\\\/tienda\\\/#website\"},\"primaryImageOfPage\":{\"@id\":\"https:\\\/\\\/amedis.es\\\/tienda\\\/producto\\\/venus-diamond-art-flow-jeringas-reposicion\\\/#primaryimage\"},\"image\":{\"@id\":\"https:\\\/\\\/amedis.es\\\/tienda\\\/producto\\\/venus-diamond-art-flow-jeringas-reposicion\\\/#primaryimage\"},\"thumbnailUrl\":\"https:\\\/\\\/amedis.es\\\/tienda\\\/wp-content\\\/uploads\\\/2025\\\/08\\\/VENUS-DIAMOND-FLOW-JERINGAS.jpg\",\"datePublished\":\"2025-08-28T08:31:02+00:00\",\"dateModified\":\"2025-08-28T10:15:12+00:00\",\"description\":\"Venus Diamond Flow es un composite nanoh\u00edbrido fluido que se emplea en restauraciones duraderas para crear un efecto est\u00e9tico perfecto\",\"breadcrumb\":{\"@id\":\"https:\\\/\\\/amedis.es\\\/tienda\\\/producto\\\/venus-diamond-art-flow-jeringas-reposicion\\\/#breadcrumb\"},\"inLanguage\":\"es\",\"potentialAction\":[{\"@type\":\"ReadAction\",\"target\":[\"https:\\\/\\\/amedis.es\\\/tienda\\\/producto\\\/venus-diamond-art-flow-jeringas-reposicion\\\/\"]}]},{\"@type\":\"ImageObject\",\"inLanguage\":\"es\",\"@id\":\"https:\\\/\\\/amedis.es\\\/tienda\\\/producto\\\/venus-diamond-art-flow-jeringas-reposicion\\\/#primaryimage\",\"url\":\"https:\\\/\\\/amedis.es\\\/tienda\\\/wp-content\\\/uploads\\\/2025\\\/08\\\/VENUS-DIAMOND-FLOW-JERINGAS.jpg\",\"contentUrl\":\"https:\\\/\\\/amedis.es\\\/tienda\\\/wp-content\\\/uploads\\\/2025\\\/08\\\/VENUS-DIAMOND-FLOW-JERINGAS.jpg\",\"width\":600,\"height\":600,\"caption\":\"Amedis VENUS DIAMOND FLOW JERINGAS\"},{\"@type\":\"BreadcrumbList\",\"@id\":\"https:\\\/\\\/amedis.es\\\/tienda\\\/producto\\\/venus-diamond-art-flow-jeringas-reposicion\\\/#breadcrumb\",\"itemListElement\":[{\"@type\":\"ListItem\",\"position\":1,\"name\":\"Portada\",\"item\":\"https:\\\/\\\/amedis.es\\\/tienda\\\/\"},{\"@type\":\"ListItem\",\"position\":2,\"name\":\"Amedis | Suministros M\u00e9dicos y Dentales | Tienda\",\"item\":\"https:\\\/\\\/amedis.es\\\/tienda\\\/suministros-medicos-y-dentales\\\/\"},{\"@type\":\"ListItem\",\"position\":3,\"name\":\"VENUS DIAMOND ART FLOW JERINGAS\"}]},{\"@type\":\"WebSite\",\"@id\":\"https:\\\/\\\/amedis.es\\\/tienda\\\/#website\",\"url\":\"https:\\\/\\\/amedis.es\\\/tienda\\\/\",\"name\":\"Amedis\",\"description\":\"Suministros M\u00e9dicos y Dentales\",\"publisher\":{\"@id\":\"https:\\\/\\\/amedis.es\\\/tienda\\\/#organization\"},\"potentialAction\":[{\"@type\":\"SearchAction\",\"target\":{\"@type\":\"EntryPoint\",\"urlTemplate\":\"https:\\\/\\\/amedis.es\\\/tienda\\\/?s={search_term_string}\"},\"query-input\":{\"@type\":\"PropertyValueSpecification\",\"valueRequired\":true,\"valueName\":\"search_term_string\"}}],\"inLanguage\":\"es\"},{\"@type\":\"Organization\",\"@id\":\"https:\\\/\\\/amedis.es\\\/tienda\\\/#organization\",\"name\":\"Amedis | Suministros M\u00e9dicos y Dentales\",\"url\":\"https:\\\/\\\/amedis.es\\\/tienda\\\/\",\"logo\":{\"@type\":\"ImageObject\",\"inLanguage\":\"es\",\"@id\":\"https:\\\/\\\/amedis.es\\\/tienda\\\/#\\\/schema\\\/logo\\\/image\\\/\",\"url\":\"https:\\\/\\\/amedis.es\\\/tienda\\\/wp-content\\\/uploads\\\/2020\\\/05\\\/logo-1.png\",\"contentUrl\":\"https:\\\/\\\/amedis.es\\\/tienda\\\/wp-content\\\/uploads\\\/2020\\\/05\\\/logo-1.png\",\"width\":191,\"height\":80,\"caption\":\"Amedis | Suministros M\u00e9dicos y Dentales\"},\"image\":{\"@id\":\"https:\\\/\\\/amedis.es\\\/tienda\\\/#\\\/schema\\\/logo\\\/image\\\/\"}}]}<\/script>\n<!-- \/ Yoast SEO plugin. -->","yoast_head_json":{"title":"VENUS DIAMOND ART FLOW JERINGAS | Amedis","description":"Venus Diamond Flow es un composite nanoh\u00edbrido fluido que se emplea en restauraciones duraderas para crear un efecto est\u00e9tico perfecto","robots":{"index":"index","follow":"follow","max-snippet":"max-snippet:-1","max-image-preview":"max-image-preview:large","max-video-preview":"max-video-preview:-1"},"canonical":"https:\/\/amedis.es\/tienda\/producto\/venus-diamond-art-flow-jeringas-reposicion\/","og_locale":"es_ES","og_type":"article","og_title":"VENUS DIAMOND ART FLOW JERINGAS | Amedis","og_description":"Venus Diamond Flow es un composite nanoh\u00edbrido fluido que se emplea en restauraciones duraderas para crear un efecto est\u00e9tico perfecto","og_url":"https:\/\/amedis.es\/tienda\/producto\/venus-diamond-art-flow-jeringas-reposicion\/","og_site_name":"Amedis","article_modified_time":"2025-08-28T10:15:12+00:00","og_image":[{"width":600,"height":600,"url":"https:\/\/amedis.es\/tienda\/wp-content\/uploads\/2025\/08\/VENUS-DIAMOND-FLOW-JERINGAS.jpg","type":"image\/jpeg"}],"twitter_card":"summary_large_image","twitter_misc":{"Tiempo de lectura":"1 minuto"},"schema":{"@context":"https:\/\/schema.org","@graph":[{"@type":"WebPage","@id":"https:\/\/amedis.es\/tienda\/producto\/venus-diamond-art-flow-jeringas-reposicion\/","url":"https:\/\/amedis.es\/tienda\/producto\/venus-diamond-art-flow-jeringas-reposicion\/","name":"VENUS DIAMOND ART FLOW JERINGAS | Amedis","isPartOf":{"@id":"https:\/\/amedis.es\/tienda\/#website"},"primaryImageOfPage":{"@id":"https:\/\/amedis.es\/tienda\/producto\/venus-diamond-art-flow-jeringas-reposicion\/#primaryimage"},"image":{"@id":"https:\/\/amedis.es\/tienda\/producto\/venus-diamond-art-flow-jeringas-reposicion\/#primaryimage"},"thumbnailUrl":"https:\/\/amedis.es\/tienda\/wp-content\/uploads\/2025\/08\/VENUS-DIAMOND-FLOW-JERINGAS.jpg","datePublished":"2025-08-28T08:31:02+00:00","dateModified":"2025-08-28T10:15:12+00:00","description":"Venus Diamond Flow es un composite nanoh\u00edbrido fluido que se emplea en restauraciones duraderas para crear un efecto est\u00e9tico perfecto","breadcrumb":{"@id":"https:\/\/amedis.es\/tienda\/producto\/venus-diamond-art-flow-jeringas-reposicion\/#breadcrumb"},"inLanguage":"es","potentialAction":[{"@type":"ReadAction","target":["https:\/\/amedis.es\/tienda\/producto\/venus-diamond-art-flow-jeringas-reposicion\/"]}]},{"@type":"ImageObject","inLanguage":"es","@id":"https:\/\/amedis.es\/tienda\/producto\/venus-diamond-art-flow-jeringas-reposicion\/#primaryimage","url":"https:\/\/amedis.es\/tienda\/wp-content\/uploads\/2025\/08\/VENUS-DIAMOND-FLOW-JERINGAS.jpg","contentUrl":"https:\/\/amedis.es\/tienda\/wp-content\/uploads\/2025\/08\/VENUS-DIAMOND-FLOW-JERINGAS.jpg","width":600,"height":600,"caption":"Amedis VENUS DIAMOND FLOW JERINGAS"},{"@type":"BreadcrumbList","@id":"https:\/\/amedis.es\/tienda\/producto\/venus-diamond-art-flow-jeringas-reposicion\/#breadcrumb","itemListElement":[{"@type":"ListItem","position":1,"name":"Portada","item":"https:\/\/amedis.es\/tienda\/"},{"@type":"ListItem","position":2,"name":"Amedis | Suministros M\u00e9dicos y Dentales | Tienda","item":"https:\/\/amedis.es\/tienda\/suministros-medicos-y-dentales\/"},{"@type":"ListItem","position":3,"name":"VENUS DIAMOND ART FLOW JERINGAS"}]},{"@type":"WebSite","@id":"https:\/\/amedis.es\/tienda\/#website","url":"https:\/\/amedis.es\/tienda\/","name":"Amedis","description":"Suministros M\u00e9dicos y Dentales","publisher":{"@id":"https:\/\/amedis.es\/tienda\/#organization"},"potentialAction":[{"@type":"SearchAction","target":{"@type":"EntryPoint","urlTemplate":"https:\/\/amedis.es\/tienda\/?s={search_term_string}"},"query-input":{"@type":"PropertyValueSpecification","valueRequired":true,"valueName":"search_term_string"}}],"inLanguage":"es"},{"@type":"Organization","@id":"https:\/\/amedis.es\/tienda\/#organization","name":"Amedis | Suministros M\u00e9dicos y Dentales","url":"https:\/\/amedis.es\/tienda\/","logo":{"@type":"ImageObject","inLanguage":"es","@id":"https:\/\/amedis.es\/tienda\/#\/schema\/logo\/image\/","url":"https:\/\/amedis.es\/tienda\/wp-content\/uploads\/2020\/05\/logo-1.png","contentUrl":"https:\/\/amedis.es\/tienda\/wp-content\/uploads\/2020\/05\/logo-1.png","width":191,"height":80,"caption":"Amedis | Suministros M\u00e9dicos y Dentales"},"image":{"@id":"https:\/\/amedis.es\/tienda\/#\/schema\/logo\/image\/"}}]}},"brands":[{"id":2357,"name":"KULZER","slug":"kulzer"}],"_links":{"self":[{"href":"https:\/\/amedis.es\/tienda\/wp-json\/wp\/v2\/product\/34449","targetHints":{"allow":["GET"]}}],"collection":[{"href":"https:\/\/amedis.es\/tienda\/wp-json\/wp\/v2\/product"}],"about":[{"href":"https:\/\/amedis.es\/tienda\/wp-json\/wp\/v2\/types\/product"}],"wp:featuredmedia":[{"embeddable":true,"href":"https:\/\/amedis.es\/tienda\/wp-json\/wp\/v2\/media\/34470"}],"wp:attachment":[{"href":"https:\/\/amedis.es\/tienda\/wp-json\/wp\/v2\/media?parent=34449"}],"wp:term":[{"taxonomy":"pwb-brand","embeddable":true,"href":"https:\/\/amedis.es\/tienda\/wp-json\/wp\/v2\/pwb-brand?post=34449"},{"taxonomy":"product_brand","embeddable":true,"href":"https:\/\/amedis.es\/tienda\/wp-json\/wp\/v2\/product_brand?post=34449"},{"taxonomy":"product_cat","embeddable":true,"href":"https:\/\/amedis.es\/tienda\/wp-json\/wp\/v2\/product_cat?post=34449"},{"taxonomy":"product_tag","embeddable":true,"href":"https:\/\/amedis.es\/tienda\/wp-json\/wp\/v2\/product_tag?post=34449"}],"curies":[{"name":"wp","href":"https:\/\/api.w.org\/{rel}","templated":true}]}}