{"id":34275,"date":"2025-08-26T09:23:02","date_gmt":"2025-08-26T09:23:02","guid":{"rendered":"https:\/\/amedis.es\/tienda\/?post_type=product&#038;p=34275"},"modified":"2025-08-26T10:11:33","modified_gmt":"2025-08-26T10:11:33","slug":"tetric-powerfill-iva-3-jeringas","status":"publish","type":"product","link":"https:\/\/amedis.es\/tienda\/producto\/tetric-powerfill-iva-3-jeringas\/","title":{"rendered":"TETRIC POWERFILL IVA 3 JERINGAS"},"content":{"rendered":"<p>Tetric powerfill jeringa es un composite radiopaco fotopolimerizable para el tratamiento restaurador directo en piezas dentales posteriores. Tetric PowerFill se fotopolimeriza en un intervalo de longitud de onda de 400\u2013500 nm y se puede aplicar en capas de hasta 4 mm. Aplicaci\u00f3n: Restauraciones en la zona posterior (clases I y II incluida la sustituci\u00f3n de c\u00faspides individuales) restauraciones de clase V (caries cervical erosi\u00f3n radicular y defectos cuneiformes) reconstrucciones y restauraci\u00f3n de dientes primarios o deciduos. Tetric PowerFill est\u00e1 disponible en los siguientes colores: Colores universales: IVA IVB IVW.<\/p>\n","protected":false},"excerpt":{"rendered":"<p>CONTENIDO: 3 jeringas x 3 gr.<\/p>\n","protected":false},"featured_media":34289,"template":"","meta":[],"pwb-brand":[2359],"product_brand":[],"product_cat":[27,275,262],"product_tag":[],"class_list":{"0":"post-34275","1":"product","2":"type-product","3":"status-publish","4":"has-post-thumbnail","6":"pwb-brand-ivoclar","7":"product_cat-clinica","8":"product_cat-composites-bulk-fill","9":"product_cat-restauracion","11":"first","12":"instock","13":"sale","14":"taxable","15":"shipping-taxable","16":"purchasable","17":"product-type-simple"},"yoast_head":"<!-- This site is optimized with the Yoast SEO plugin v27.4 - https:\/\/yoast.com\/product\/yoast-seo-wordpress\/ -->\n<title>TETRIC POWERFILL IVA 3 JERINGAS | Amedis<\/title>\n<meta name=\"description\" content=\"Tetric powerfill jeringa es un composite radiopaco fotopolimerizable para el tratamiento restaurador directo en piezas dentales\" \/>\n<meta name=\"robots\" content=\"index, follow, max-snippet:-1, max-image-preview:large, max-video-preview:-1\" \/>\n<link rel=\"canonical\" href=\"https:\/\/amedis.es\/tienda\/producto\/tetric-powerfill-iva-3-jeringas\/\" \/>\n<meta property=\"og:locale\" content=\"es_ES\" \/>\n<meta property=\"og:type\" content=\"article\" \/>\n<meta property=\"og:title\" content=\"TETRIC POWERFILL IVA 3 JERINGAS | Amedis\" \/>\n<meta property=\"og:description\" content=\"Tetric powerfill jeringa es un composite radiopaco fotopolimerizable para el tratamiento restaurador directo en piezas dentales\" \/>\n<meta property=\"og:url\" content=\"https:\/\/amedis.es\/tienda\/producto\/tetric-powerfill-iva-3-jeringas\/\" \/>\n<meta property=\"og:site_name\" content=\"Amedis\" \/>\n<meta property=\"article:modified_time\" content=\"2025-08-26T10:11:33+00:00\" \/>\n<meta property=\"og:image\" content=\"https:\/\/amedis.es\/tienda\/wp-content\/uploads\/2025\/08\/TETRIC-POWERFILL-IVA-3-JERINGAS.jpg\" \/>\n\t<meta property=\"og:image:width\" content=\"600\" \/>\n\t<meta property=\"og:image:height\" content=\"600\" \/>\n\t<meta property=\"og:image:type\" content=\"image\/jpeg\" \/>\n<meta name=\"twitter:card\" content=\"summary_large_image\" \/>\n<meta name=\"twitter:label1\" content=\"Tiempo de lectura\" \/>\n\t<meta name=\"twitter:data1\" content=\"1 minuto\" \/>\n<script type=\"application\/ld+json\" class=\"yoast-schema-graph\">{\"@context\":\"https:\\\/\\\/schema.org\",\"@graph\":[{\"@type\":\"WebPage\",\"@id\":\"https:\\\/\\\/amedis.es\\\/tienda\\\/producto\\\/tetric-powerfill-iva-3-jeringas\\\/\",\"url\":\"https:\\\/\\\/amedis.es\\\/tienda\\\/producto\\\/tetric-powerfill-iva-3-jeringas\\\/\",\"name\":\"TETRIC POWERFILL IVA 3 JERINGAS | Amedis\",\"isPartOf\":{\"@id\":\"https:\\\/\\\/amedis.es\\\/tienda\\\/#website\"},\"primaryImageOfPage\":{\"@id\":\"https:\\\/\\\/amedis.es\\\/tienda\\\/producto\\\/tetric-powerfill-iva-3-jeringas\\\/#primaryimage\"},\"image\":{\"@id\":\"https:\\\/\\\/amedis.es\\\/tienda\\\/producto\\\/tetric-powerfill-iva-3-jeringas\\\/#primaryimage\"},\"thumbnailUrl\":\"https:\\\/\\\/amedis.es\\\/tienda\\\/wp-content\\\/uploads\\\/2025\\\/08\\\/TETRIC-POWERFILL-IVA-3-JERINGAS.jpg\",\"datePublished\":\"2025-08-26T09:23:02+00:00\",\"dateModified\":\"2025-08-26T10:11:33+00:00\",\"description\":\"Tetric powerfill jeringa es un composite radiopaco fotopolimerizable para el tratamiento restaurador directo en piezas dentales\",\"breadcrumb\":{\"@id\":\"https:\\\/\\\/amedis.es\\\/tienda\\\/producto\\\/tetric-powerfill-iva-3-jeringas\\\/#breadcrumb\"},\"inLanguage\":\"es\",\"potentialAction\":[{\"@type\":\"ReadAction\",\"target\":[\"https:\\\/\\\/amedis.es\\\/tienda\\\/producto\\\/tetric-powerfill-iva-3-jeringas\\\/\"]}]},{\"@type\":\"ImageObject\",\"inLanguage\":\"es\",\"@id\":\"https:\\\/\\\/amedis.es\\\/tienda\\\/producto\\\/tetric-powerfill-iva-3-jeringas\\\/#primaryimage\",\"url\":\"https:\\\/\\\/amedis.es\\\/tienda\\\/wp-content\\\/uploads\\\/2025\\\/08\\\/TETRIC-POWERFILL-IVA-3-JERINGAS.jpg\",\"contentUrl\":\"https:\\\/\\\/amedis.es\\\/tienda\\\/wp-content\\\/uploads\\\/2025\\\/08\\\/TETRIC-POWERFILL-IVA-3-JERINGAS.jpg\",\"width\":600,\"height\":600,\"caption\":\"Amedis TETRIC POWERFILL IVA 3 JERINGAS\"},{\"@type\":\"BreadcrumbList\",\"@id\":\"https:\\\/\\\/amedis.es\\\/tienda\\\/producto\\\/tetric-powerfill-iva-3-jeringas\\\/#breadcrumb\",\"itemListElement\":[{\"@type\":\"ListItem\",\"position\":1,\"name\":\"Portada\",\"item\":\"https:\\\/\\\/amedis.es\\\/tienda\\\/\"},{\"@type\":\"ListItem\",\"position\":2,\"name\":\"Amedis | Suministros M\u00e9dicos y Dentales | Tienda\",\"item\":\"https:\\\/\\\/amedis.es\\\/tienda\\\/suministros-medicos-y-dentales\\\/\"},{\"@type\":\"ListItem\",\"position\":3,\"name\":\"TETRIC POWERFILL IVA 3 JERINGAS\"}]},{\"@type\":\"WebSite\",\"@id\":\"https:\\\/\\\/amedis.es\\\/tienda\\\/#website\",\"url\":\"https:\\\/\\\/amedis.es\\\/tienda\\\/\",\"name\":\"Amedis\",\"description\":\"Suministros M\u00e9dicos y Dentales\",\"publisher\":{\"@id\":\"https:\\\/\\\/amedis.es\\\/tienda\\\/#organization\"},\"potentialAction\":[{\"@type\":\"SearchAction\",\"target\":{\"@type\":\"EntryPoint\",\"urlTemplate\":\"https:\\\/\\\/amedis.es\\\/tienda\\\/?s={search_term_string}\"},\"query-input\":{\"@type\":\"PropertyValueSpecification\",\"valueRequired\":true,\"valueName\":\"search_term_string\"}}],\"inLanguage\":\"es\"},{\"@type\":\"Organization\",\"@id\":\"https:\\\/\\\/amedis.es\\\/tienda\\\/#organization\",\"name\":\"Amedis | Suministros M\u00e9dicos y Dentales\",\"url\":\"https:\\\/\\\/amedis.es\\\/tienda\\\/\",\"logo\":{\"@type\":\"ImageObject\",\"inLanguage\":\"es\",\"@id\":\"https:\\\/\\\/amedis.es\\\/tienda\\\/#\\\/schema\\\/logo\\\/image\\\/\",\"url\":\"https:\\\/\\\/amedis.es\\\/tienda\\\/wp-content\\\/uploads\\\/2020\\\/05\\\/logo-1.png\",\"contentUrl\":\"https:\\\/\\\/amedis.es\\\/tienda\\\/wp-content\\\/uploads\\\/2020\\\/05\\\/logo-1.png\",\"width\":191,\"height\":80,\"caption\":\"Amedis | Suministros M\u00e9dicos y Dentales\"},\"image\":{\"@id\":\"https:\\\/\\\/amedis.es\\\/tienda\\\/#\\\/schema\\\/logo\\\/image\\\/\"}}]}<\/script>\n<!-- \/ Yoast SEO plugin. -->","yoast_head_json":{"title":"TETRIC POWERFILL IVA 3 JERINGAS | Amedis","description":"Tetric powerfill jeringa es un composite radiopaco fotopolimerizable para el tratamiento restaurador directo en piezas dentales","robots":{"index":"index","follow":"follow","max-snippet":"max-snippet:-1","max-image-preview":"max-image-preview:large","max-video-preview":"max-video-preview:-1"},"canonical":"https:\/\/amedis.es\/tienda\/producto\/tetric-powerfill-iva-3-jeringas\/","og_locale":"es_ES","og_type":"article","og_title":"TETRIC POWERFILL IVA 3 JERINGAS | Amedis","og_description":"Tetric powerfill jeringa es un composite radiopaco fotopolimerizable para el tratamiento restaurador directo en piezas dentales","og_url":"https:\/\/amedis.es\/tienda\/producto\/tetric-powerfill-iva-3-jeringas\/","og_site_name":"Amedis","article_modified_time":"2025-08-26T10:11:33+00:00","og_image":[{"width":600,"height":600,"url":"https:\/\/amedis.es\/tienda\/wp-content\/uploads\/2025\/08\/TETRIC-POWERFILL-IVA-3-JERINGAS.jpg","type":"image\/jpeg"}],"twitter_card":"summary_large_image","twitter_misc":{"Tiempo de lectura":"1 minuto"},"schema":{"@context":"https:\/\/schema.org","@graph":[{"@type":"WebPage","@id":"https:\/\/amedis.es\/tienda\/producto\/tetric-powerfill-iva-3-jeringas\/","url":"https:\/\/amedis.es\/tienda\/producto\/tetric-powerfill-iva-3-jeringas\/","name":"TETRIC POWERFILL IVA 3 JERINGAS | Amedis","isPartOf":{"@id":"https:\/\/amedis.es\/tienda\/#website"},"primaryImageOfPage":{"@id":"https:\/\/amedis.es\/tienda\/producto\/tetric-powerfill-iva-3-jeringas\/#primaryimage"},"image":{"@id":"https:\/\/amedis.es\/tienda\/producto\/tetric-powerfill-iva-3-jeringas\/#primaryimage"},"thumbnailUrl":"https:\/\/amedis.es\/tienda\/wp-content\/uploads\/2025\/08\/TETRIC-POWERFILL-IVA-3-JERINGAS.jpg","datePublished":"2025-08-26T09:23:02+00:00","dateModified":"2025-08-26T10:11:33+00:00","description":"Tetric powerfill jeringa es un composite radiopaco fotopolimerizable para el tratamiento restaurador directo en piezas dentales","breadcrumb":{"@id":"https:\/\/amedis.es\/tienda\/producto\/tetric-powerfill-iva-3-jeringas\/#breadcrumb"},"inLanguage":"es","potentialAction":[{"@type":"ReadAction","target":["https:\/\/amedis.es\/tienda\/producto\/tetric-powerfill-iva-3-jeringas\/"]}]},{"@type":"ImageObject","inLanguage":"es","@id":"https:\/\/amedis.es\/tienda\/producto\/tetric-powerfill-iva-3-jeringas\/#primaryimage","url":"https:\/\/amedis.es\/tienda\/wp-content\/uploads\/2025\/08\/TETRIC-POWERFILL-IVA-3-JERINGAS.jpg","contentUrl":"https:\/\/amedis.es\/tienda\/wp-content\/uploads\/2025\/08\/TETRIC-POWERFILL-IVA-3-JERINGAS.jpg","width":600,"height":600,"caption":"Amedis TETRIC POWERFILL IVA 3 JERINGAS"},{"@type":"BreadcrumbList","@id":"https:\/\/amedis.es\/tienda\/producto\/tetric-powerfill-iva-3-jeringas\/#breadcrumb","itemListElement":[{"@type":"ListItem","position":1,"name":"Portada","item":"https:\/\/amedis.es\/tienda\/"},{"@type":"ListItem","position":2,"name":"Amedis | Suministros M\u00e9dicos y Dentales | Tienda","item":"https:\/\/amedis.es\/tienda\/suministros-medicos-y-dentales\/"},{"@type":"ListItem","position":3,"name":"TETRIC POWERFILL IVA 3 JERINGAS"}]},{"@type":"WebSite","@id":"https:\/\/amedis.es\/tienda\/#website","url":"https:\/\/amedis.es\/tienda\/","name":"Amedis","description":"Suministros M\u00e9dicos y Dentales","publisher":{"@id":"https:\/\/amedis.es\/tienda\/#organization"},"potentialAction":[{"@type":"SearchAction","target":{"@type":"EntryPoint","urlTemplate":"https:\/\/amedis.es\/tienda\/?s={search_term_string}"},"query-input":{"@type":"PropertyValueSpecification","valueRequired":true,"valueName":"search_term_string"}}],"inLanguage":"es"},{"@type":"Organization","@id":"https:\/\/amedis.es\/tienda\/#organization","name":"Amedis | Suministros M\u00e9dicos y Dentales","url":"https:\/\/amedis.es\/tienda\/","logo":{"@type":"ImageObject","inLanguage":"es","@id":"https:\/\/amedis.es\/tienda\/#\/schema\/logo\/image\/","url":"https:\/\/amedis.es\/tienda\/wp-content\/uploads\/2020\/05\/logo-1.png","contentUrl":"https:\/\/amedis.es\/tienda\/wp-content\/uploads\/2020\/05\/logo-1.png","width":191,"height":80,"caption":"Amedis | Suministros M\u00e9dicos y Dentales"},"image":{"@id":"https:\/\/amedis.es\/tienda\/#\/schema\/logo\/image\/"}}]}},"brands":[{"id":2359,"name":"IVOCLAR","slug":"ivoclar"}],"_links":{"self":[{"href":"https:\/\/amedis.es\/tienda\/wp-json\/wp\/v2\/product\/34275","targetHints":{"allow":["GET"]}}],"collection":[{"href":"https:\/\/amedis.es\/tienda\/wp-json\/wp\/v2\/product"}],"about":[{"href":"https:\/\/amedis.es\/tienda\/wp-json\/wp\/v2\/types\/product"}],"wp:featuredmedia":[{"embeddable":true,"href":"https:\/\/amedis.es\/tienda\/wp-json\/wp\/v2\/media\/34289"}],"wp:attachment":[{"href":"https:\/\/amedis.es\/tienda\/wp-json\/wp\/v2\/media?parent=34275"}],"wp:term":[{"taxonomy":"pwb-brand","embeddable":true,"href":"https:\/\/amedis.es\/tienda\/wp-json\/wp\/v2\/pwb-brand?post=34275"},{"taxonomy":"product_brand","embeddable":true,"href":"https:\/\/amedis.es\/tienda\/wp-json\/wp\/v2\/product_brand?post=34275"},{"taxonomy":"product_cat","embeddable":true,"href":"https:\/\/amedis.es\/tienda\/wp-json\/wp\/v2\/product_cat?post=34275"},{"taxonomy":"product_tag","embeddable":true,"href":"https:\/\/amedis.es\/tienda\/wp-json\/wp\/v2\/product_tag?post=34275"}],"curies":[{"name":"wp","href":"https:\/\/api.w.org\/{rel}","templated":true}]}}