{"id":34240,"date":"2025-08-25T19:44:26","date_gmt":"2025-08-25T19:44:26","guid":{"rendered":"https:\/\/amedis.es\/tienda\/?post_type=product&#038;p=34240"},"modified":"2025-08-25T20:20:36","modified_gmt":"2025-08-25T20:20:36","slug":"viscalor-bulk-capsulas","status":"publish","type":"product","link":"https:\/\/amedis.es\/tienda\/producto\/viscalor-bulk-capsulas\/","title":{"rendered":"VISCALOR BULK CAPSULAS"},"content":{"rendered":"<p>Viscalor Bulk. Composite termoviscoso para restauraci\u00f3n en bloque.<\/p>\n<p>&#8211; El calentamiento del material lo hace fluido durante la aplicaci\u00f3n y modelable inmediatamente despu\u00e9s (tecnolog\u00eda termo-viscosa).<br \/>\n&#8211; Fluye \u00f3ptimamente hacia los bordes y las \u00e1reas socavadas &#8211; minimiza el riesgo de una formaci\u00f3n de fugas marginales.<br \/>\n&#8211; Relleno en bloque (bulk-fill) de 4 mm sin estratificaci\u00f3n.<br \/>\n&#8211; Aplicaci\u00f3n sin burbujas.<br \/>\n&#8211; Un color universal y tres colores est\u00e9ticos.<br \/>\n&#8211; C\u00e1nula fina &#8211; ideal para \u00e1reas de dif\u00edcil acceso.<\/p>\n<p>INDICACIONES:<\/p>\n<p>&#8211; Restauraciones posteriores clases I y II.<br \/>\n&#8211; Al utilizarlo como base de obturaci\u00f3n en cavidades de las clases I y II.<br \/>\n&#8211; Restauraciones de la clase V.<br \/>\n&#8211; Bloqueado, ferulizaci\u00f3n de dientes m\u00f3viles.<br \/>\n&#8211; Reparacicones de carillas, de defectos en esmalte y en materiales provisionales de c&amp;p.<br \/>\n&#8211; Sellado de fisuras ampliadas.<br \/>\n&#8211; Obturaciones de dientes de leche.<br \/>\n&#8211; Reconstrucci\u00f3n de mu\u00f1ones.<\/p>\n","protected":false},"excerpt":{"rendered":"<p>CONTENIDO: 16 c\u00e1psulas x 0,25 gr.<\/p>\n","protected":false},"featured_media":12440,"template":"","meta":[],"pwb-brand":[2353],"product_brand":[],"product_cat":[27,275,262],"product_tag":[],"class_list":{"0":"post-34240","1":"product","2":"type-product","3":"status-publish","4":"has-post-thumbnail","6":"pwb-brand-voco","7":"product_cat-clinica","8":"product_cat-composites-bulk-fill","9":"product_cat-restauracion","11":"first","12":"instock","13":"sale","14":"taxable","15":"shipping-taxable","16":"purchasable","17":"product-type-variable"},"yoast_head":"<!-- This site is optimized with the Yoast SEO plugin v27.4 - https:\/\/yoast.com\/product\/yoast-seo-wordpress\/ -->\n<title>FUNDAS PROTECTORAS PARA PISTOLA VISCALOR | Amedis<\/title>\n<meta name=\"description\" content=\"Viscalor Bulk. Composite termoviscoso para restauraci\u00f3n en bloque.\" \/>\n<meta name=\"robots\" content=\"index, follow, max-snippet:-1, max-image-preview:large, max-video-preview:-1\" \/>\n<link rel=\"canonical\" href=\"https:\/\/amedis.es\/tienda\/producto\/viscalor-bulk-capsulas\/\" \/>\n<meta property=\"og:locale\" content=\"es_ES\" \/>\n<meta property=\"og:type\" content=\"article\" \/>\n<meta property=\"og:title\" content=\"FUNDAS PROTECTORAS PARA PISTOLA VISCALOR | Amedis\" \/>\n<meta property=\"og:description\" content=\"Viscalor Bulk. Composite termoviscoso para restauraci\u00f3n en bloque.\" \/>\n<meta property=\"og:url\" content=\"https:\/\/amedis.es\/tienda\/producto\/viscalor-bulk-capsulas\/\" \/>\n<meta property=\"og:site_name\" content=\"Amedis\" \/>\n<meta property=\"article:modified_time\" content=\"2025-08-25T20:20:36+00:00\" \/>\n<meta property=\"og:image\" content=\"https:\/\/amedis.es\/tienda\/wp-content\/uploads\/2021\/08\/VISCALOR-BULK-CAPSULAS.jpg\" \/>\n\t<meta property=\"og:image:width\" content=\"600\" \/>\n\t<meta property=\"og:image:height\" content=\"600\" \/>\n\t<meta property=\"og:image:type\" content=\"image\/jpeg\" \/>\n<meta name=\"twitter:card\" content=\"summary_large_image\" \/>\n<meta name=\"twitter:label1\" content=\"Tiempo de lectura\" \/>\n\t<meta name=\"twitter:data1\" content=\"1 minuto\" \/>\n<script type=\"application\/ld+json\" class=\"yoast-schema-graph\">{\"@context\":\"https:\\\/\\\/schema.org\",\"@graph\":[{\"@type\":\"WebPage\",\"@id\":\"https:\\\/\\\/amedis.es\\\/tienda\\\/producto\\\/viscalor-bulk-capsulas\\\/\",\"url\":\"https:\\\/\\\/amedis.es\\\/tienda\\\/producto\\\/viscalor-bulk-capsulas\\\/\",\"name\":\"FUNDAS PROTECTORAS PARA PISTOLA VISCALOR | Amedis\",\"isPartOf\":{\"@id\":\"https:\\\/\\\/amedis.es\\\/tienda\\\/#website\"},\"primaryImageOfPage\":{\"@id\":\"https:\\\/\\\/amedis.es\\\/tienda\\\/producto\\\/viscalor-bulk-capsulas\\\/#primaryimage\"},\"image\":{\"@id\":\"https:\\\/\\\/amedis.es\\\/tienda\\\/producto\\\/viscalor-bulk-capsulas\\\/#primaryimage\"},\"thumbnailUrl\":\"https:\\\/\\\/amedis.es\\\/tienda\\\/wp-content\\\/uploads\\\/2021\\\/08\\\/VISCALOR-BULK-CAPSULAS.jpg\",\"datePublished\":\"2025-08-25T19:44:26+00:00\",\"dateModified\":\"2025-08-25T20:20:36+00:00\",\"description\":\"Viscalor Bulk. Composite termoviscoso para restauraci\u00f3n en bloque.\",\"breadcrumb\":{\"@id\":\"https:\\\/\\\/amedis.es\\\/tienda\\\/producto\\\/viscalor-bulk-capsulas\\\/#breadcrumb\"},\"inLanguage\":\"es\",\"potentialAction\":[{\"@type\":\"ReadAction\",\"target\":[\"https:\\\/\\\/amedis.es\\\/tienda\\\/producto\\\/viscalor-bulk-capsulas\\\/\"]}]},{\"@type\":\"ImageObject\",\"inLanguage\":\"es\",\"@id\":\"https:\\\/\\\/amedis.es\\\/tienda\\\/producto\\\/viscalor-bulk-capsulas\\\/#primaryimage\",\"url\":\"https:\\\/\\\/amedis.es\\\/tienda\\\/wp-content\\\/uploads\\\/2021\\\/08\\\/VISCALOR-BULK-CAPSULAS.jpg\",\"contentUrl\":\"https:\\\/\\\/amedis.es\\\/tienda\\\/wp-content\\\/uploads\\\/2021\\\/08\\\/VISCALOR-BULK-CAPSULAS.jpg\",\"width\":600,\"height\":600,\"caption\":\"Amedis VISCALOR BULK CAPSULAS\"},{\"@type\":\"BreadcrumbList\",\"@id\":\"https:\\\/\\\/amedis.es\\\/tienda\\\/producto\\\/viscalor-bulk-capsulas\\\/#breadcrumb\",\"itemListElement\":[{\"@type\":\"ListItem\",\"position\":1,\"name\":\"Portada\",\"item\":\"https:\\\/\\\/amedis.es\\\/tienda\\\/\"},{\"@type\":\"ListItem\",\"position\":2,\"name\":\"Amedis | Suministros M\u00e9dicos y Dentales | Tienda\",\"item\":\"https:\\\/\\\/amedis.es\\\/tienda\\\/suministros-medicos-y-dentales\\\/\"},{\"@type\":\"ListItem\",\"position\":3,\"name\":\"VISCALOR BULK CAPSULAS\"}]},{\"@type\":\"WebSite\",\"@id\":\"https:\\\/\\\/amedis.es\\\/tienda\\\/#website\",\"url\":\"https:\\\/\\\/amedis.es\\\/tienda\\\/\",\"name\":\"Amedis\",\"description\":\"Suministros M\u00e9dicos y Dentales\",\"publisher\":{\"@id\":\"https:\\\/\\\/amedis.es\\\/tienda\\\/#organization\"},\"potentialAction\":[{\"@type\":\"SearchAction\",\"target\":{\"@type\":\"EntryPoint\",\"urlTemplate\":\"https:\\\/\\\/amedis.es\\\/tienda\\\/?s={search_term_string}\"},\"query-input\":{\"@type\":\"PropertyValueSpecification\",\"valueRequired\":true,\"valueName\":\"search_term_string\"}}],\"inLanguage\":\"es\"},{\"@type\":\"Organization\",\"@id\":\"https:\\\/\\\/amedis.es\\\/tienda\\\/#organization\",\"name\":\"Amedis | Suministros M\u00e9dicos y Dentales\",\"url\":\"https:\\\/\\\/amedis.es\\\/tienda\\\/\",\"logo\":{\"@type\":\"ImageObject\",\"inLanguage\":\"es\",\"@id\":\"https:\\\/\\\/amedis.es\\\/tienda\\\/#\\\/schema\\\/logo\\\/image\\\/\",\"url\":\"https:\\\/\\\/amedis.es\\\/tienda\\\/wp-content\\\/uploads\\\/2020\\\/05\\\/logo-1.png\",\"contentUrl\":\"https:\\\/\\\/amedis.es\\\/tienda\\\/wp-content\\\/uploads\\\/2020\\\/05\\\/logo-1.png\",\"width\":191,\"height\":80,\"caption\":\"Amedis | Suministros M\u00e9dicos y Dentales\"},\"image\":{\"@id\":\"https:\\\/\\\/amedis.es\\\/tienda\\\/#\\\/schema\\\/logo\\\/image\\\/\"}}]}<\/script>\n<!-- \/ Yoast SEO plugin. -->","yoast_head_json":{"title":"FUNDAS PROTECTORAS PARA PISTOLA VISCALOR | Amedis","description":"Viscalor Bulk. Composite termoviscoso para restauraci\u00f3n en bloque.","robots":{"index":"index","follow":"follow","max-snippet":"max-snippet:-1","max-image-preview":"max-image-preview:large","max-video-preview":"max-video-preview:-1"},"canonical":"https:\/\/amedis.es\/tienda\/producto\/viscalor-bulk-capsulas\/","og_locale":"es_ES","og_type":"article","og_title":"FUNDAS PROTECTORAS PARA PISTOLA VISCALOR | Amedis","og_description":"Viscalor Bulk. Composite termoviscoso para restauraci\u00f3n en bloque.","og_url":"https:\/\/amedis.es\/tienda\/producto\/viscalor-bulk-capsulas\/","og_site_name":"Amedis","article_modified_time":"2025-08-25T20:20:36+00:00","og_image":[{"width":600,"height":600,"url":"https:\/\/amedis.es\/tienda\/wp-content\/uploads\/2021\/08\/VISCALOR-BULK-CAPSULAS.jpg","type":"image\/jpeg"}],"twitter_card":"summary_large_image","twitter_misc":{"Tiempo de lectura":"1 minuto"},"schema":{"@context":"https:\/\/schema.org","@graph":[{"@type":"WebPage","@id":"https:\/\/amedis.es\/tienda\/producto\/viscalor-bulk-capsulas\/","url":"https:\/\/amedis.es\/tienda\/producto\/viscalor-bulk-capsulas\/","name":"FUNDAS PROTECTORAS PARA PISTOLA VISCALOR | Amedis","isPartOf":{"@id":"https:\/\/amedis.es\/tienda\/#website"},"primaryImageOfPage":{"@id":"https:\/\/amedis.es\/tienda\/producto\/viscalor-bulk-capsulas\/#primaryimage"},"image":{"@id":"https:\/\/amedis.es\/tienda\/producto\/viscalor-bulk-capsulas\/#primaryimage"},"thumbnailUrl":"https:\/\/amedis.es\/tienda\/wp-content\/uploads\/2021\/08\/VISCALOR-BULK-CAPSULAS.jpg","datePublished":"2025-08-25T19:44:26+00:00","dateModified":"2025-08-25T20:20:36+00:00","description":"Viscalor Bulk. Composite termoviscoso para restauraci\u00f3n en bloque.","breadcrumb":{"@id":"https:\/\/amedis.es\/tienda\/producto\/viscalor-bulk-capsulas\/#breadcrumb"},"inLanguage":"es","potentialAction":[{"@type":"ReadAction","target":["https:\/\/amedis.es\/tienda\/producto\/viscalor-bulk-capsulas\/"]}]},{"@type":"ImageObject","inLanguage":"es","@id":"https:\/\/amedis.es\/tienda\/producto\/viscalor-bulk-capsulas\/#primaryimage","url":"https:\/\/amedis.es\/tienda\/wp-content\/uploads\/2021\/08\/VISCALOR-BULK-CAPSULAS.jpg","contentUrl":"https:\/\/amedis.es\/tienda\/wp-content\/uploads\/2021\/08\/VISCALOR-BULK-CAPSULAS.jpg","width":600,"height":600,"caption":"Amedis VISCALOR BULK CAPSULAS"},{"@type":"BreadcrumbList","@id":"https:\/\/amedis.es\/tienda\/producto\/viscalor-bulk-capsulas\/#breadcrumb","itemListElement":[{"@type":"ListItem","position":1,"name":"Portada","item":"https:\/\/amedis.es\/tienda\/"},{"@type":"ListItem","position":2,"name":"Amedis | Suministros M\u00e9dicos y Dentales | Tienda","item":"https:\/\/amedis.es\/tienda\/suministros-medicos-y-dentales\/"},{"@type":"ListItem","position":3,"name":"VISCALOR BULK CAPSULAS"}]},{"@type":"WebSite","@id":"https:\/\/amedis.es\/tienda\/#website","url":"https:\/\/amedis.es\/tienda\/","name":"Amedis","description":"Suministros M\u00e9dicos y Dentales","publisher":{"@id":"https:\/\/amedis.es\/tienda\/#organization"},"potentialAction":[{"@type":"SearchAction","target":{"@type":"EntryPoint","urlTemplate":"https:\/\/amedis.es\/tienda\/?s={search_term_string}"},"query-input":{"@type":"PropertyValueSpecification","valueRequired":true,"valueName":"search_term_string"}}],"inLanguage":"es"},{"@type":"Organization","@id":"https:\/\/amedis.es\/tienda\/#organization","name":"Amedis | Suministros M\u00e9dicos y Dentales","url":"https:\/\/amedis.es\/tienda\/","logo":{"@type":"ImageObject","inLanguage":"es","@id":"https:\/\/amedis.es\/tienda\/#\/schema\/logo\/image\/","url":"https:\/\/amedis.es\/tienda\/wp-content\/uploads\/2020\/05\/logo-1.png","contentUrl":"https:\/\/amedis.es\/tienda\/wp-content\/uploads\/2020\/05\/logo-1.png","width":191,"height":80,"caption":"Amedis | Suministros M\u00e9dicos y Dentales"},"image":{"@id":"https:\/\/amedis.es\/tienda\/#\/schema\/logo\/image\/"}}]}},"brands":[{"id":2353,"name":"VOCO","slug":"voco"}],"_links":{"self":[{"href":"https:\/\/amedis.es\/tienda\/wp-json\/wp\/v2\/product\/34240","targetHints":{"allow":["GET"]}}],"collection":[{"href":"https:\/\/amedis.es\/tienda\/wp-json\/wp\/v2\/product"}],"about":[{"href":"https:\/\/amedis.es\/tienda\/wp-json\/wp\/v2\/types\/product"}],"wp:featuredmedia":[{"embeddable":true,"href":"https:\/\/amedis.es\/tienda\/wp-json\/wp\/v2\/media\/12440"}],"wp:attachment":[{"href":"https:\/\/amedis.es\/tienda\/wp-json\/wp\/v2\/media?parent=34240"}],"wp:term":[{"taxonomy":"pwb-brand","embeddable":true,"href":"https:\/\/amedis.es\/tienda\/wp-json\/wp\/v2\/pwb-brand?post=34240"},{"taxonomy":"product_brand","embeddable":true,"href":"https:\/\/amedis.es\/tienda\/wp-json\/wp\/v2\/product_brand?post=34240"},{"taxonomy":"product_cat","embeddable":true,"href":"https:\/\/amedis.es\/tienda\/wp-json\/wp\/v2\/product_cat?post=34240"},{"taxonomy":"product_tag","embeddable":true,"href":"https:\/\/amedis.es\/tienda\/wp-json\/wp\/v2\/product_tag?post=34240"}],"curies":[{"name":"wp","href":"https:\/\/api.w.org\/{rel}","templated":true}]}}