{"id":34071,"date":"2025-08-22T09:37:13","date_gmt":"2025-08-22T09:37:13","guid":{"rendered":"https:\/\/amedis.es\/tienda\/?post_type=product&#038;p=34071"},"modified":"2025-08-22T10:06:11","modified_gmt":"2025-08-22T10:06:11","slug":"gradia-direct-x-unitip-20-und","status":"publish","type":"product","link":"https:\/\/amedis.es\/tienda\/producto\/gradia-direct-x-unitip-20-und\/","title":{"rendered":"GRADIA DIRECT X UNITIP"},"content":{"rendered":"<p>Gradia direct X unitip. Gracias a su incre\u00edble capacidad de adaptaci\u00f3n al alrededor de la estructura del diente se pueden lograr f\u00e1cilmente con s\u00f3lo un color restauraciones de una sobresaliente est\u00e9tica. La combinaci\u00f3n de los diferentes colores le ofrece resultados est\u00e9ticos.<\/p>\n","protected":false},"excerpt":{"rendered":"<p>CONTENIDO: 20 unidades.<\/p>\n","protected":false},"featured_media":34076,"template":"","meta":[],"pwb-brand":[2351],"product_brand":[],"product_cat":[27,277,262],"product_tag":[],"class_list":{"0":"post-34071","1":"product","2":"type-product","3":"status-publish","4":"has-post-thumbnail","6":"pwb-brand-gc","7":"product_cat-clinica","8":"product_cat-composites-anteriores","9":"product_cat-restauracion","11":"first","12":"instock","13":"sale","14":"taxable","15":"shipping-taxable","16":"purchasable","17":"product-type-variable"},"yoast_head":"<!-- This site is optimized with the Yoast SEO plugin v27.4 - https:\/\/yoast.com\/product\/yoast-seo-wordpress\/ -->\n<title>GRADIA DIRECT X UNITIP | Amedis<\/title>\n<meta name=\"description\" content=\"Gradia direct X unitip. Gracias a su incre\u00edble capacidad de adaptaci\u00f3n al alrededor de la estructura del diente se pueden lograr f\u00e1cilmente.\" \/>\n<meta name=\"robots\" content=\"index, follow, max-snippet:-1, max-image-preview:large, max-video-preview:-1\" \/>\n<link rel=\"canonical\" href=\"https:\/\/amedis.es\/tienda\/producto\/gradia-direct-x-unitip-20-und\/\" \/>\n<meta property=\"og:locale\" content=\"es_ES\" \/>\n<meta property=\"og:type\" content=\"article\" \/>\n<meta property=\"og:title\" content=\"GRADIA DIRECT X UNITIP | Amedis\" \/>\n<meta property=\"og:description\" content=\"Gradia direct X unitip. Gracias a su incre\u00edble capacidad de adaptaci\u00f3n al alrededor de la estructura del diente se pueden lograr f\u00e1cilmente.\" \/>\n<meta property=\"og:url\" content=\"https:\/\/amedis.es\/tienda\/producto\/gradia-direct-x-unitip-20-und\/\" \/>\n<meta property=\"og:site_name\" content=\"Amedis\" \/>\n<meta property=\"article:modified_time\" content=\"2025-08-22T10:06:11+00:00\" \/>\n<meta property=\"og:image\" content=\"https:\/\/amedis.es\/tienda\/wp-content\/uploads\/2025\/08\/GRADIA-DIRECT-X-UNITIP.jpg\" \/>\n\t<meta property=\"og:image:width\" content=\"600\" \/>\n\t<meta property=\"og:image:height\" content=\"600\" \/>\n\t<meta property=\"og:image:type\" content=\"image\/jpeg\" \/>\n<meta name=\"twitter:card\" content=\"summary_large_image\" \/>\n<meta name=\"twitter:label1\" content=\"Tiempo de lectura\" \/>\n\t<meta name=\"twitter:data1\" content=\"1 minuto\" \/>\n<script type=\"application\/ld+json\" class=\"yoast-schema-graph\">{\"@context\":\"https:\\\/\\\/schema.org\",\"@graph\":[{\"@type\":\"WebPage\",\"@id\":\"https:\\\/\\\/amedis.es\\\/tienda\\\/producto\\\/gradia-direct-x-unitip-20-und\\\/\",\"url\":\"https:\\\/\\\/amedis.es\\\/tienda\\\/producto\\\/gradia-direct-x-unitip-20-und\\\/\",\"name\":\"GRADIA DIRECT X UNITIP | Amedis\",\"isPartOf\":{\"@id\":\"https:\\\/\\\/amedis.es\\\/tienda\\\/#website\"},\"primaryImageOfPage\":{\"@id\":\"https:\\\/\\\/amedis.es\\\/tienda\\\/producto\\\/gradia-direct-x-unitip-20-und\\\/#primaryimage\"},\"image\":{\"@id\":\"https:\\\/\\\/amedis.es\\\/tienda\\\/producto\\\/gradia-direct-x-unitip-20-und\\\/#primaryimage\"},\"thumbnailUrl\":\"https:\\\/\\\/amedis.es\\\/tienda\\\/wp-content\\\/uploads\\\/2025\\\/08\\\/GRADIA-DIRECT-X-UNITIP.jpg\",\"datePublished\":\"2025-08-22T09:37:13+00:00\",\"dateModified\":\"2025-08-22T10:06:11+00:00\",\"description\":\"Gradia direct X unitip. Gracias a su incre\u00edble capacidad de adaptaci\u00f3n al alrededor de la estructura del diente se pueden lograr f\u00e1cilmente.\",\"breadcrumb\":{\"@id\":\"https:\\\/\\\/amedis.es\\\/tienda\\\/producto\\\/gradia-direct-x-unitip-20-und\\\/#breadcrumb\"},\"inLanguage\":\"es\",\"potentialAction\":[{\"@type\":\"ReadAction\",\"target\":[\"https:\\\/\\\/amedis.es\\\/tienda\\\/producto\\\/gradia-direct-x-unitip-20-und\\\/\"]}]},{\"@type\":\"ImageObject\",\"inLanguage\":\"es\",\"@id\":\"https:\\\/\\\/amedis.es\\\/tienda\\\/producto\\\/gradia-direct-x-unitip-20-und\\\/#primaryimage\",\"url\":\"https:\\\/\\\/amedis.es\\\/tienda\\\/wp-content\\\/uploads\\\/2025\\\/08\\\/GRADIA-DIRECT-X-UNITIP.jpg\",\"contentUrl\":\"https:\\\/\\\/amedis.es\\\/tienda\\\/wp-content\\\/uploads\\\/2025\\\/08\\\/GRADIA-DIRECT-X-UNITIP.jpg\",\"width\":600,\"height\":600,\"caption\":\"Amedis GRADIA DIRECT X UNITIP\"},{\"@type\":\"BreadcrumbList\",\"@id\":\"https:\\\/\\\/amedis.es\\\/tienda\\\/producto\\\/gradia-direct-x-unitip-20-und\\\/#breadcrumb\",\"itemListElement\":[{\"@type\":\"ListItem\",\"position\":1,\"name\":\"Portada\",\"item\":\"https:\\\/\\\/amedis.es\\\/tienda\\\/\"},{\"@type\":\"ListItem\",\"position\":2,\"name\":\"Amedis | Suministros M\u00e9dicos y Dentales | Tienda\",\"item\":\"https:\\\/\\\/amedis.es\\\/tienda\\\/suministros-medicos-y-dentales\\\/\"},{\"@type\":\"ListItem\",\"position\":3,\"name\":\"GRADIA DIRECT X UNITIP\"}]},{\"@type\":\"WebSite\",\"@id\":\"https:\\\/\\\/amedis.es\\\/tienda\\\/#website\",\"url\":\"https:\\\/\\\/amedis.es\\\/tienda\\\/\",\"name\":\"Amedis\",\"description\":\"Suministros M\u00e9dicos y Dentales\",\"publisher\":{\"@id\":\"https:\\\/\\\/amedis.es\\\/tienda\\\/#organization\"},\"potentialAction\":[{\"@type\":\"SearchAction\",\"target\":{\"@type\":\"EntryPoint\",\"urlTemplate\":\"https:\\\/\\\/amedis.es\\\/tienda\\\/?s={search_term_string}\"},\"query-input\":{\"@type\":\"PropertyValueSpecification\",\"valueRequired\":true,\"valueName\":\"search_term_string\"}}],\"inLanguage\":\"es\"},{\"@type\":\"Organization\",\"@id\":\"https:\\\/\\\/amedis.es\\\/tienda\\\/#organization\",\"name\":\"Amedis | Suministros M\u00e9dicos y Dentales\",\"url\":\"https:\\\/\\\/amedis.es\\\/tienda\\\/\",\"logo\":{\"@type\":\"ImageObject\",\"inLanguage\":\"es\",\"@id\":\"https:\\\/\\\/amedis.es\\\/tienda\\\/#\\\/schema\\\/logo\\\/image\\\/\",\"url\":\"https:\\\/\\\/amedis.es\\\/tienda\\\/wp-content\\\/uploads\\\/2020\\\/05\\\/logo-1.png\",\"contentUrl\":\"https:\\\/\\\/amedis.es\\\/tienda\\\/wp-content\\\/uploads\\\/2020\\\/05\\\/logo-1.png\",\"width\":191,\"height\":80,\"caption\":\"Amedis | Suministros M\u00e9dicos y Dentales\"},\"image\":{\"@id\":\"https:\\\/\\\/amedis.es\\\/tienda\\\/#\\\/schema\\\/logo\\\/image\\\/\"}}]}<\/script>\n<!-- \/ Yoast SEO plugin. -->","yoast_head_json":{"title":"GRADIA DIRECT X UNITIP | Amedis","description":"Gradia direct X unitip. Gracias a su incre\u00edble capacidad de adaptaci\u00f3n al alrededor de la estructura del diente se pueden lograr f\u00e1cilmente.","robots":{"index":"index","follow":"follow","max-snippet":"max-snippet:-1","max-image-preview":"max-image-preview:large","max-video-preview":"max-video-preview:-1"},"canonical":"https:\/\/amedis.es\/tienda\/producto\/gradia-direct-x-unitip-20-und\/","og_locale":"es_ES","og_type":"article","og_title":"GRADIA DIRECT X UNITIP | Amedis","og_description":"Gradia direct X unitip. Gracias a su incre\u00edble capacidad de adaptaci\u00f3n al alrededor de la estructura del diente se pueden lograr f\u00e1cilmente.","og_url":"https:\/\/amedis.es\/tienda\/producto\/gradia-direct-x-unitip-20-und\/","og_site_name":"Amedis","article_modified_time":"2025-08-22T10:06:11+00:00","og_image":[{"width":600,"height":600,"url":"https:\/\/amedis.es\/tienda\/wp-content\/uploads\/2025\/08\/GRADIA-DIRECT-X-UNITIP.jpg","type":"image\/jpeg"}],"twitter_card":"summary_large_image","twitter_misc":{"Tiempo de lectura":"1 minuto"},"schema":{"@context":"https:\/\/schema.org","@graph":[{"@type":"WebPage","@id":"https:\/\/amedis.es\/tienda\/producto\/gradia-direct-x-unitip-20-und\/","url":"https:\/\/amedis.es\/tienda\/producto\/gradia-direct-x-unitip-20-und\/","name":"GRADIA DIRECT X UNITIP | Amedis","isPartOf":{"@id":"https:\/\/amedis.es\/tienda\/#website"},"primaryImageOfPage":{"@id":"https:\/\/amedis.es\/tienda\/producto\/gradia-direct-x-unitip-20-und\/#primaryimage"},"image":{"@id":"https:\/\/amedis.es\/tienda\/producto\/gradia-direct-x-unitip-20-und\/#primaryimage"},"thumbnailUrl":"https:\/\/amedis.es\/tienda\/wp-content\/uploads\/2025\/08\/GRADIA-DIRECT-X-UNITIP.jpg","datePublished":"2025-08-22T09:37:13+00:00","dateModified":"2025-08-22T10:06:11+00:00","description":"Gradia direct X unitip. Gracias a su incre\u00edble capacidad de adaptaci\u00f3n al alrededor de la estructura del diente se pueden lograr f\u00e1cilmente.","breadcrumb":{"@id":"https:\/\/amedis.es\/tienda\/producto\/gradia-direct-x-unitip-20-und\/#breadcrumb"},"inLanguage":"es","potentialAction":[{"@type":"ReadAction","target":["https:\/\/amedis.es\/tienda\/producto\/gradia-direct-x-unitip-20-und\/"]}]},{"@type":"ImageObject","inLanguage":"es","@id":"https:\/\/amedis.es\/tienda\/producto\/gradia-direct-x-unitip-20-und\/#primaryimage","url":"https:\/\/amedis.es\/tienda\/wp-content\/uploads\/2025\/08\/GRADIA-DIRECT-X-UNITIP.jpg","contentUrl":"https:\/\/amedis.es\/tienda\/wp-content\/uploads\/2025\/08\/GRADIA-DIRECT-X-UNITIP.jpg","width":600,"height":600,"caption":"Amedis GRADIA DIRECT X UNITIP"},{"@type":"BreadcrumbList","@id":"https:\/\/amedis.es\/tienda\/producto\/gradia-direct-x-unitip-20-und\/#breadcrumb","itemListElement":[{"@type":"ListItem","position":1,"name":"Portada","item":"https:\/\/amedis.es\/tienda\/"},{"@type":"ListItem","position":2,"name":"Amedis | Suministros M\u00e9dicos y Dentales | Tienda","item":"https:\/\/amedis.es\/tienda\/suministros-medicos-y-dentales\/"},{"@type":"ListItem","position":3,"name":"GRADIA DIRECT X UNITIP"}]},{"@type":"WebSite","@id":"https:\/\/amedis.es\/tienda\/#website","url":"https:\/\/amedis.es\/tienda\/","name":"Amedis","description":"Suministros M\u00e9dicos y Dentales","publisher":{"@id":"https:\/\/amedis.es\/tienda\/#organization"},"potentialAction":[{"@type":"SearchAction","target":{"@type":"EntryPoint","urlTemplate":"https:\/\/amedis.es\/tienda\/?s={search_term_string}"},"query-input":{"@type":"PropertyValueSpecification","valueRequired":true,"valueName":"search_term_string"}}],"inLanguage":"es"},{"@type":"Organization","@id":"https:\/\/amedis.es\/tienda\/#organization","name":"Amedis | Suministros M\u00e9dicos y Dentales","url":"https:\/\/amedis.es\/tienda\/","logo":{"@type":"ImageObject","inLanguage":"es","@id":"https:\/\/amedis.es\/tienda\/#\/schema\/logo\/image\/","url":"https:\/\/amedis.es\/tienda\/wp-content\/uploads\/2020\/05\/logo-1.png","contentUrl":"https:\/\/amedis.es\/tienda\/wp-content\/uploads\/2020\/05\/logo-1.png","width":191,"height":80,"caption":"Amedis | Suministros M\u00e9dicos y Dentales"},"image":{"@id":"https:\/\/amedis.es\/tienda\/#\/schema\/logo\/image\/"}}]}},"brands":[{"id":2351,"name":"GC","slug":"gc"}],"_links":{"self":[{"href":"https:\/\/amedis.es\/tienda\/wp-json\/wp\/v2\/product\/34071","targetHints":{"allow":["GET"]}}],"collection":[{"href":"https:\/\/amedis.es\/tienda\/wp-json\/wp\/v2\/product"}],"about":[{"href":"https:\/\/amedis.es\/tienda\/wp-json\/wp\/v2\/types\/product"}],"wp:featuredmedia":[{"embeddable":true,"href":"https:\/\/amedis.es\/tienda\/wp-json\/wp\/v2\/media\/34076"}],"wp:attachment":[{"href":"https:\/\/amedis.es\/tienda\/wp-json\/wp\/v2\/media?parent=34071"}],"wp:term":[{"taxonomy":"pwb-brand","embeddable":true,"href":"https:\/\/amedis.es\/tienda\/wp-json\/wp\/v2\/pwb-brand?post=34071"},{"taxonomy":"product_brand","embeddable":true,"href":"https:\/\/amedis.es\/tienda\/wp-json\/wp\/v2\/product_brand?post=34071"},{"taxonomy":"product_cat","embeddable":true,"href":"https:\/\/amedis.es\/tienda\/wp-json\/wp\/v2\/product_cat?post=34071"},{"taxonomy":"product_tag","embeddable":true,"href":"https:\/\/amedis.es\/tienda\/wp-json\/wp\/v2\/product_tag?post=34071"}],"curies":[{"name":"wp","href":"https:\/\/api.w.org\/{rel}","templated":true}]}}