{"id":33913,"date":"2025-08-19T15:21:44","date_gmt":"2025-08-19T15:21:44","guid":{"rendered":"https:\/\/amedis.es\/tienda\/?post_type=product&#038;p=33913"},"modified":"2025-08-19T16:24:28","modified_gmt":"2025-08-19T16:24:28","slug":"synergy-d6-jeringa-reposicion","status":"publish","type":"product","link":"https:\/\/amedis.es\/tienda\/producto\/synergy-d6-jeringa-reposicion\/","title":{"rendered":"SYNERGY D6 JERINGA REPOSICION"},"content":{"rendered":"<p>Synergy D6 es un nanocomposite h\u00edbrido para la odontolog\u00eda rutinaria. Este composite universal se centra por completo en simplificar la selecci\u00f3n de tono sin desatender los aspectos est\u00e9ticos. Una caracter\u00edstica especial es el sistema de tonalidades duo, v\u00e1lido para seis de los tonos de dentina. Gracias a las excelentes propiedades \u00f3pticas de mimetismo, una tonalidad duo se corresponde a dos tonalidades Vita\u2122 (p. ej., A1\/B1 o A2\/B2). Por consiguiente, un reducido n\u00famero de colores es suficiente para cubrir una amplia gama de tonos dentales.<\/p>\n","protected":false},"excerpt":{"rendered":"<p>CONTENIDO: 1 jeringa de 4 gr.<\/p>\n","protected":false},"featured_media":13161,"template":"","meta":[],"pwb-brand":[2350],"product_brand":[],"product_cat":[27,277,262],"product_tag":[],"class_list":{"0":"post-33913","1":"product","2":"type-product","3":"status-publish","4":"has-post-thumbnail","6":"pwb-brand-coltene","7":"product_cat-clinica","8":"product_cat-composites-anteriores","9":"product_cat-restauracion","11":"first","12":"instock","13":"sale","14":"taxable","15":"shipping-taxable","16":"purchasable","17":"product-type-variable"},"yoast_head":"<!-- This site is optimized with the Yoast SEO plugin v27.3 - https:\/\/yoast.com\/product\/yoast-seo-wordpress\/ -->\n<title>SYNERGY D6 JERINGA REPOSICION | Amedis<\/title>\n<meta name=\"description\" content=\"Synergy D6 es un nanocomposite h\u00edbrido para la odontolog\u00eda rutinaria. Este composite universal se centra por completo en simplificar.\" \/>\n<meta name=\"robots\" content=\"index, follow, max-snippet:-1, max-image-preview:large, max-video-preview:-1\" \/>\n<link rel=\"canonical\" href=\"https:\/\/amedis.es\/tienda\/producto\/synergy-d6-jeringa-reposicion\/\" \/>\n<meta property=\"og:locale\" content=\"es_ES\" \/>\n<meta property=\"og:type\" content=\"article\" \/>\n<meta property=\"og:title\" content=\"SYNERGY D6 JERINGA REPOSICION | Amedis\" \/>\n<meta property=\"og:description\" content=\"Synergy D6 es un nanocomposite h\u00edbrido para la odontolog\u00eda rutinaria. Este composite universal se centra por completo en simplificar.\" \/>\n<meta property=\"og:url\" content=\"https:\/\/amedis.es\/tienda\/producto\/synergy-d6-jeringa-reposicion\/\" \/>\n<meta property=\"og:site_name\" content=\"Amedis\" \/>\n<meta property=\"article:modified_time\" content=\"2025-08-19T16:24:28+00:00\" \/>\n<meta property=\"og:image\" content=\"https:\/\/amedis.es\/tienda\/wp-content\/uploads\/2021\/09\/SYNERGY-D6-JERINGA-REPOSICION.jpg\" \/>\n\t<meta property=\"og:image:width\" content=\"600\" \/>\n\t<meta property=\"og:image:height\" content=\"600\" \/>\n\t<meta property=\"og:image:type\" content=\"image\/jpeg\" \/>\n<meta name=\"twitter:card\" content=\"summary_large_image\" \/>\n<meta name=\"twitter:label1\" content=\"Tiempo de lectura\" \/>\n\t<meta name=\"twitter:data1\" content=\"1 minuto\" \/>\n<script type=\"application\/ld+json\" class=\"yoast-schema-graph\">{\"@context\":\"https:\\\/\\\/schema.org\",\"@graph\":[{\"@type\":\"WebPage\",\"@id\":\"https:\\\/\\\/amedis.es\\\/tienda\\\/producto\\\/synergy-d6-jeringa-reposicion\\\/\",\"url\":\"https:\\\/\\\/amedis.es\\\/tienda\\\/producto\\\/synergy-d6-jeringa-reposicion\\\/\",\"name\":\"SYNERGY D6 JERINGA REPOSICION | Amedis\",\"isPartOf\":{\"@id\":\"https:\\\/\\\/amedis.es\\\/tienda\\\/#website\"},\"primaryImageOfPage\":{\"@id\":\"https:\\\/\\\/amedis.es\\\/tienda\\\/producto\\\/synergy-d6-jeringa-reposicion\\\/#primaryimage\"},\"image\":{\"@id\":\"https:\\\/\\\/amedis.es\\\/tienda\\\/producto\\\/synergy-d6-jeringa-reposicion\\\/#primaryimage\"},\"thumbnailUrl\":\"https:\\\/\\\/amedis.es\\\/tienda\\\/wp-content\\\/uploads\\\/2021\\\/09\\\/SYNERGY-D6-JERINGA-REPOSICION.jpg\",\"datePublished\":\"2025-08-19T15:21:44+00:00\",\"dateModified\":\"2025-08-19T16:24:28+00:00\",\"description\":\"Synergy D6 es un nanocomposite h\u00edbrido para la odontolog\u00eda rutinaria. Este composite universal se centra por completo en simplificar.\",\"breadcrumb\":{\"@id\":\"https:\\\/\\\/amedis.es\\\/tienda\\\/producto\\\/synergy-d6-jeringa-reposicion\\\/#breadcrumb\"},\"inLanguage\":\"es\",\"potentialAction\":[{\"@type\":\"ReadAction\",\"target\":[\"https:\\\/\\\/amedis.es\\\/tienda\\\/producto\\\/synergy-d6-jeringa-reposicion\\\/\"]}]},{\"@type\":\"ImageObject\",\"inLanguage\":\"es\",\"@id\":\"https:\\\/\\\/amedis.es\\\/tienda\\\/producto\\\/synergy-d6-jeringa-reposicion\\\/#primaryimage\",\"url\":\"https:\\\/\\\/amedis.es\\\/tienda\\\/wp-content\\\/uploads\\\/2021\\\/09\\\/SYNERGY-D6-JERINGA-REPOSICION.jpg\",\"contentUrl\":\"https:\\\/\\\/amedis.es\\\/tienda\\\/wp-content\\\/uploads\\\/2021\\\/09\\\/SYNERGY-D6-JERINGA-REPOSICION.jpg\",\"width\":600,\"height\":600,\"caption\":\"Ameids SYNERGY D6 JERINGA REPOSICION\"},{\"@type\":\"BreadcrumbList\",\"@id\":\"https:\\\/\\\/amedis.es\\\/tienda\\\/producto\\\/synergy-d6-jeringa-reposicion\\\/#breadcrumb\",\"itemListElement\":[{\"@type\":\"ListItem\",\"position\":1,\"name\":\"Portada\",\"item\":\"https:\\\/\\\/amedis.es\\\/tienda\\\/\"},{\"@type\":\"ListItem\",\"position\":2,\"name\":\"Amedis | Suministros M\u00e9dicos y Dentales | Tienda\",\"item\":\"https:\\\/\\\/amedis.es\\\/tienda\\\/suministros-medicos-y-dentales\\\/\"},{\"@type\":\"ListItem\",\"position\":3,\"name\":\"SYNERGY D6 JERINGA REPOSICION\"}]},{\"@type\":\"WebSite\",\"@id\":\"https:\\\/\\\/amedis.es\\\/tienda\\\/#website\",\"url\":\"https:\\\/\\\/amedis.es\\\/tienda\\\/\",\"name\":\"Amedis\",\"description\":\"Suministros M\u00e9dicos y Dentales\",\"publisher\":{\"@id\":\"https:\\\/\\\/amedis.es\\\/tienda\\\/#organization\"},\"potentialAction\":[{\"@type\":\"SearchAction\",\"target\":{\"@type\":\"EntryPoint\",\"urlTemplate\":\"https:\\\/\\\/amedis.es\\\/tienda\\\/?s={search_term_string}\"},\"query-input\":{\"@type\":\"PropertyValueSpecification\",\"valueRequired\":true,\"valueName\":\"search_term_string\"}}],\"inLanguage\":\"es\"},{\"@type\":\"Organization\",\"@id\":\"https:\\\/\\\/amedis.es\\\/tienda\\\/#organization\",\"name\":\"Amedis | Suministros M\u00e9dicos y Dentales\",\"url\":\"https:\\\/\\\/amedis.es\\\/tienda\\\/\",\"logo\":{\"@type\":\"ImageObject\",\"inLanguage\":\"es\",\"@id\":\"https:\\\/\\\/amedis.es\\\/tienda\\\/#\\\/schema\\\/logo\\\/image\\\/\",\"url\":\"https:\\\/\\\/amedis.es\\\/tienda\\\/wp-content\\\/uploads\\\/2020\\\/05\\\/logo-1.png\",\"contentUrl\":\"https:\\\/\\\/amedis.es\\\/tienda\\\/wp-content\\\/uploads\\\/2020\\\/05\\\/logo-1.png\",\"width\":191,\"height\":80,\"caption\":\"Amedis | Suministros M\u00e9dicos y Dentales\"},\"image\":{\"@id\":\"https:\\\/\\\/amedis.es\\\/tienda\\\/#\\\/schema\\\/logo\\\/image\\\/\"}}]}<\/script>\n<!-- \/ Yoast SEO plugin. -->","yoast_head_json":{"title":"SYNERGY D6 JERINGA REPOSICION | Amedis","description":"Synergy D6 es un nanocomposite h\u00edbrido para la odontolog\u00eda rutinaria. Este composite universal se centra por completo en simplificar.","robots":{"index":"index","follow":"follow","max-snippet":"max-snippet:-1","max-image-preview":"max-image-preview:large","max-video-preview":"max-video-preview:-1"},"canonical":"https:\/\/amedis.es\/tienda\/producto\/synergy-d6-jeringa-reposicion\/","og_locale":"es_ES","og_type":"article","og_title":"SYNERGY D6 JERINGA REPOSICION | Amedis","og_description":"Synergy D6 es un nanocomposite h\u00edbrido para la odontolog\u00eda rutinaria. Este composite universal se centra por completo en simplificar.","og_url":"https:\/\/amedis.es\/tienda\/producto\/synergy-d6-jeringa-reposicion\/","og_site_name":"Amedis","article_modified_time":"2025-08-19T16:24:28+00:00","og_image":[{"width":600,"height":600,"url":"https:\/\/amedis.es\/tienda\/wp-content\/uploads\/2021\/09\/SYNERGY-D6-JERINGA-REPOSICION.jpg","type":"image\/jpeg"}],"twitter_card":"summary_large_image","twitter_misc":{"Tiempo de lectura":"1 minuto"},"schema":{"@context":"https:\/\/schema.org","@graph":[{"@type":"WebPage","@id":"https:\/\/amedis.es\/tienda\/producto\/synergy-d6-jeringa-reposicion\/","url":"https:\/\/amedis.es\/tienda\/producto\/synergy-d6-jeringa-reposicion\/","name":"SYNERGY D6 JERINGA REPOSICION | Amedis","isPartOf":{"@id":"https:\/\/amedis.es\/tienda\/#website"},"primaryImageOfPage":{"@id":"https:\/\/amedis.es\/tienda\/producto\/synergy-d6-jeringa-reposicion\/#primaryimage"},"image":{"@id":"https:\/\/amedis.es\/tienda\/producto\/synergy-d6-jeringa-reposicion\/#primaryimage"},"thumbnailUrl":"https:\/\/amedis.es\/tienda\/wp-content\/uploads\/2021\/09\/SYNERGY-D6-JERINGA-REPOSICION.jpg","datePublished":"2025-08-19T15:21:44+00:00","dateModified":"2025-08-19T16:24:28+00:00","description":"Synergy D6 es un nanocomposite h\u00edbrido para la odontolog\u00eda rutinaria. Este composite universal se centra por completo en simplificar.","breadcrumb":{"@id":"https:\/\/amedis.es\/tienda\/producto\/synergy-d6-jeringa-reposicion\/#breadcrumb"},"inLanguage":"es","potentialAction":[{"@type":"ReadAction","target":["https:\/\/amedis.es\/tienda\/producto\/synergy-d6-jeringa-reposicion\/"]}]},{"@type":"ImageObject","inLanguage":"es","@id":"https:\/\/amedis.es\/tienda\/producto\/synergy-d6-jeringa-reposicion\/#primaryimage","url":"https:\/\/amedis.es\/tienda\/wp-content\/uploads\/2021\/09\/SYNERGY-D6-JERINGA-REPOSICION.jpg","contentUrl":"https:\/\/amedis.es\/tienda\/wp-content\/uploads\/2021\/09\/SYNERGY-D6-JERINGA-REPOSICION.jpg","width":600,"height":600,"caption":"Ameids SYNERGY D6 JERINGA REPOSICION"},{"@type":"BreadcrumbList","@id":"https:\/\/amedis.es\/tienda\/producto\/synergy-d6-jeringa-reposicion\/#breadcrumb","itemListElement":[{"@type":"ListItem","position":1,"name":"Portada","item":"https:\/\/amedis.es\/tienda\/"},{"@type":"ListItem","position":2,"name":"Amedis | Suministros M\u00e9dicos y Dentales | Tienda","item":"https:\/\/amedis.es\/tienda\/suministros-medicos-y-dentales\/"},{"@type":"ListItem","position":3,"name":"SYNERGY D6 JERINGA REPOSICION"}]},{"@type":"WebSite","@id":"https:\/\/amedis.es\/tienda\/#website","url":"https:\/\/amedis.es\/tienda\/","name":"Amedis","description":"Suministros M\u00e9dicos y Dentales","publisher":{"@id":"https:\/\/amedis.es\/tienda\/#organization"},"potentialAction":[{"@type":"SearchAction","target":{"@type":"EntryPoint","urlTemplate":"https:\/\/amedis.es\/tienda\/?s={search_term_string}"},"query-input":{"@type":"PropertyValueSpecification","valueRequired":true,"valueName":"search_term_string"}}],"inLanguage":"es"},{"@type":"Organization","@id":"https:\/\/amedis.es\/tienda\/#organization","name":"Amedis | Suministros M\u00e9dicos y Dentales","url":"https:\/\/amedis.es\/tienda\/","logo":{"@type":"ImageObject","inLanguage":"es","@id":"https:\/\/amedis.es\/tienda\/#\/schema\/logo\/image\/","url":"https:\/\/amedis.es\/tienda\/wp-content\/uploads\/2020\/05\/logo-1.png","contentUrl":"https:\/\/amedis.es\/tienda\/wp-content\/uploads\/2020\/05\/logo-1.png","width":191,"height":80,"caption":"Amedis | Suministros M\u00e9dicos y Dentales"},"image":{"@id":"https:\/\/amedis.es\/tienda\/#\/schema\/logo\/image\/"}}]}},"brands":[{"id":2350,"name":"COLTENE","slug":"coltene"}],"_links":{"self":[{"href":"https:\/\/amedis.es\/tienda\/wp-json\/wp\/v2\/product\/33913","targetHints":{"allow":["GET"]}}],"collection":[{"href":"https:\/\/amedis.es\/tienda\/wp-json\/wp\/v2\/product"}],"about":[{"href":"https:\/\/amedis.es\/tienda\/wp-json\/wp\/v2\/types\/product"}],"wp:featuredmedia":[{"embeddable":true,"href":"https:\/\/amedis.es\/tienda\/wp-json\/wp\/v2\/media\/13161"}],"wp:attachment":[{"href":"https:\/\/amedis.es\/tienda\/wp-json\/wp\/v2\/media?parent=33913"}],"wp:term":[{"taxonomy":"pwb-brand","embeddable":true,"href":"https:\/\/amedis.es\/tienda\/wp-json\/wp\/v2\/pwb-brand?post=33913"},{"taxonomy":"product_brand","embeddable":true,"href":"https:\/\/amedis.es\/tienda\/wp-json\/wp\/v2\/product_brand?post=33913"},{"taxonomy":"product_cat","embeddable":true,"href":"https:\/\/amedis.es\/tienda\/wp-json\/wp\/v2\/product_cat?post=33913"},{"taxonomy":"product_tag","embeddable":true,"href":"https:\/\/amedis.es\/tienda\/wp-json\/wp\/v2\/product_tag?post=33913"}],"curies":[{"name":"wp","href":"https:\/\/api.w.org\/{rel}","templated":true}]}}