{"id":33520,"date":"2025-06-04T17:35:10","date_gmt":"2025-06-04T17:35:10","guid":{"rendered":"https:\/\/amedis.es\/tienda\/?post_type=product&#038;p=33520"},"modified":"2026-02-18T19:56:21","modified_gmt":"2026-02-18T19:56:21","slug":"guttaflow-bioseal-refill","status":"publish","type":"product","link":"https:\/\/amedis.es\/tienda\/producto\/guttaflow-bioseal-refill\/","title":{"rendered":"GUTTAFLOW BIOSEAL REFILL"},"content":{"rendered":"<p>GuttaFlow bioseal refill. GuttaFlow Bioseal es un sistema fr\u00edo y fluido para la obturaci\u00f3n de canales radiculares que combina, en un solo producto, sellador y gutapercha. Se trata de una matriz de polidimetilsiloxano con un alto contenido en polvo de gutapercha. GuttaFlow Bioseal posee propiedades qu\u00edmicas y f\u00edsicas que ofrecen una elevada biocompatibilidad y una excelente calidad de sellado. GuttaFlow Bioseal es un cemento bioactivo que al entrar en contacto con fluidos, el material bioactivo produce constituyentes reparadores naturales como el calcio y los silicatos. Tambi\u00e9n activa los procesos bioqu\u00edmicos que ofrecen un respaldo adicional para la regeneraci\u00f3n del canal radicular. Tras el fraguado forma cristales de hidroxiapatita en la superficie. Los cristales mejoran significativamente la adhesi\u00f3n y estimulan los activadores naturales, en especial la regeneraci\u00f3n \u00f3sea y del tejido dentinario. Se aplica junto con un cono maestro de gutapercha.<\/p>\n<p><u>Indicaciones:<\/u><br \/>\nObturaci\u00f3n permanente de canales radiculares:<br \/>\n&#8211; despu\u00e9s de la extirpaci\u00f3n de la pulpa vital.<br \/>\n&#8211; despu\u00e9s del tratamiento de gangrena pulpar y obturaciones temporales.<\/p>\n<p><u>Caracter\u00edsticas:<\/u><br \/>\n&#8211; combina las propiedades del sellador y la gutapercha.<br \/>\n&#8211; ofrece unas excelentes propiedades de sellado.<br \/>\n&#8211; est\u00e1 formado por dos componentes mezclados autom\u00e1ticamente y exentos de burbujas de aire en la punta mezcladora del aplicador con una proporci\u00f3n de 1:1.<br \/>\n&#8211; contiene polvo fino de gutapercha, que se distribuye de forma homog\u00e9nea despu\u00e9s de la mezcla.<br \/>\n&#8211; sin eugenol.<br \/>\n&#8211; radiopaco.<br \/>\n&#8211; sin contracci\u00f3n, ligera expansi\u00f3n.<br \/>\n&#8211; altamente biocompatible.<br \/>\n&#8211; el material dosificado presenta un tono rosa.<br \/>\n&#8211; contiene Bioglass.<br \/>\n&#8211; formaci\u00f3n de cristales de hidroxiapatita en la superficie o inducci\u00f3n de la formaci\u00f3n de cristales de hidroxiapatita.<br \/>\n&#8211; buena adhesi\u00f3n a la dentina.<br \/>\n&#8211; tiempo de trabajo: 5 minutos (el calor reduce el tiempo de fraguado).<br \/>\n&#8211; tiempo de fraguado: 12-16 minutos.<\/p>\n","protected":false},"excerpt":{"rendered":"<p>CONTENIDO: 1 jeringa de 5 ml.<\/p>\n","protected":false},"featured_media":33521,"template":"","meta":[],"pwb-brand":[2383],"product_brand":[],"product_cat":[56,59],"product_tag":[],"class_list":{"0":"post-33520","1":"product","2":"type-product","3":"status-publish","4":"has-post-thumbnail","6":"pwb-brand-roeko","7":"product_cat-cementos","8":"product_cat-cementos-de-obturacion-de-canales","10":"first","11":"instock","12":"sale","13":"taxable","14":"shipping-taxable","15":"purchasable","16":"product-type-simple"},"yoast_head":"<!-- This site is optimized with the Yoast SEO plugin v27.4 - https:\/\/yoast.com\/product\/yoast-seo-wordpress\/ -->\n<title>GUTTAFLOW BIOSEAL REFILL | Amedis<\/title>\n<meta name=\"description\" content=\"GuttaFlow bioseal refill. GuttaFlow Bioseal es un sistema fr\u00edo y fluido para la obturaci\u00f3n de canales radiculares que combina, en un solo producto, sellador y gutapercha.\" \/>\n<meta name=\"robots\" content=\"index, follow, max-snippet:-1, max-image-preview:large, max-video-preview:-1\" \/>\n<link rel=\"canonical\" href=\"https:\/\/amedis.es\/tienda\/producto\/guttaflow-bioseal-refill\/\" \/>\n<meta property=\"og:locale\" content=\"es_ES\" \/>\n<meta property=\"og:type\" content=\"article\" \/>\n<meta property=\"og:title\" content=\"GUTTAFLOW BIOSEAL REFILL | Amedis\" \/>\n<meta property=\"og:description\" content=\"GuttaFlow bioseal refill. GuttaFlow Bioseal es un sistema fr\u00edo y fluido para la obturaci\u00f3n de canales radiculares que combina, en un solo producto, sellador y gutapercha.\" \/>\n<meta property=\"og:url\" content=\"https:\/\/amedis.es\/tienda\/producto\/guttaflow-bioseal-refill\/\" \/>\n<meta property=\"og:site_name\" content=\"Amedis\" \/>\n<meta property=\"article:modified_time\" content=\"2026-02-18T19:56:21+00:00\" \/>\n<meta property=\"og:image\" content=\"https:\/\/amedis.es\/tienda\/wp-content\/uploads\/2025\/06\/GUTTAFLOW-BIOSEAL-REFILL.jpg\" \/>\n\t<meta property=\"og:image:width\" content=\"600\" \/>\n\t<meta property=\"og:image:height\" content=\"600\" \/>\n\t<meta property=\"og:image:type\" content=\"image\/jpeg\" \/>\n<meta name=\"twitter:card\" content=\"summary_large_image\" \/>\n<meta name=\"twitter:label1\" content=\"Tiempo de lectura\" \/>\n\t<meta name=\"twitter:data1\" content=\"2 minutos\" \/>\n<script type=\"application\/ld+json\" class=\"yoast-schema-graph\">{\"@context\":\"https:\\\/\\\/schema.org\",\"@graph\":[{\"@type\":\"WebPage\",\"@id\":\"https:\\\/\\\/amedis.es\\\/tienda\\\/producto\\\/guttaflow-bioseal-refill\\\/\",\"url\":\"https:\\\/\\\/amedis.es\\\/tienda\\\/producto\\\/guttaflow-bioseal-refill\\\/\",\"name\":\"GUTTAFLOW BIOSEAL REFILL | Amedis\",\"isPartOf\":{\"@id\":\"https:\\\/\\\/amedis.es\\\/tienda\\\/#website\"},\"primaryImageOfPage\":{\"@id\":\"https:\\\/\\\/amedis.es\\\/tienda\\\/producto\\\/guttaflow-bioseal-refill\\\/#primaryimage\"},\"image\":{\"@id\":\"https:\\\/\\\/amedis.es\\\/tienda\\\/producto\\\/guttaflow-bioseal-refill\\\/#primaryimage\"},\"thumbnailUrl\":\"https:\\\/\\\/amedis.es\\\/tienda\\\/wp-content\\\/uploads\\\/2025\\\/06\\\/GUTTAFLOW-BIOSEAL-REFILL.jpg\",\"datePublished\":\"2025-06-04T17:35:10+00:00\",\"dateModified\":\"2026-02-18T19:56:21+00:00\",\"description\":\"GuttaFlow bioseal refill. GuttaFlow Bioseal es un sistema fr\u00edo y fluido para la obturaci\u00f3n de canales radiculares que combina, en un solo producto, sellador y gutapercha.\",\"breadcrumb\":{\"@id\":\"https:\\\/\\\/amedis.es\\\/tienda\\\/producto\\\/guttaflow-bioseal-refill\\\/#breadcrumb\"},\"inLanguage\":\"es\",\"potentialAction\":[{\"@type\":\"ReadAction\",\"target\":[\"https:\\\/\\\/amedis.es\\\/tienda\\\/producto\\\/guttaflow-bioseal-refill\\\/\"]}]},{\"@type\":\"ImageObject\",\"inLanguage\":\"es\",\"@id\":\"https:\\\/\\\/amedis.es\\\/tienda\\\/producto\\\/guttaflow-bioseal-refill\\\/#primaryimage\",\"url\":\"https:\\\/\\\/amedis.es\\\/tienda\\\/wp-content\\\/uploads\\\/2025\\\/06\\\/GUTTAFLOW-BIOSEAL-REFILL.jpg\",\"contentUrl\":\"https:\\\/\\\/amedis.es\\\/tienda\\\/wp-content\\\/uploads\\\/2025\\\/06\\\/GUTTAFLOW-BIOSEAL-REFILL.jpg\",\"width\":600,\"height\":600,\"caption\":\"Amedis GUTTAFLOW BIOSEAL REFILL\"},{\"@type\":\"BreadcrumbList\",\"@id\":\"https:\\\/\\\/amedis.es\\\/tienda\\\/producto\\\/guttaflow-bioseal-refill\\\/#breadcrumb\",\"itemListElement\":[{\"@type\":\"ListItem\",\"position\":1,\"name\":\"Portada\",\"item\":\"https:\\\/\\\/amedis.es\\\/tienda\\\/\"},{\"@type\":\"ListItem\",\"position\":2,\"name\":\"Amedis | Suministros M\u00e9dicos y Dentales | Tienda\",\"item\":\"https:\\\/\\\/amedis.es\\\/tienda\\\/suministros-medicos-y-dentales\\\/\"},{\"@type\":\"ListItem\",\"position\":3,\"name\":\"GUTTAFLOW BIOSEAL REFILL\"}]},{\"@type\":\"WebSite\",\"@id\":\"https:\\\/\\\/amedis.es\\\/tienda\\\/#website\",\"url\":\"https:\\\/\\\/amedis.es\\\/tienda\\\/\",\"name\":\"Amedis\",\"description\":\"Suministros M\u00e9dicos y Dentales\",\"publisher\":{\"@id\":\"https:\\\/\\\/amedis.es\\\/tienda\\\/#organization\"},\"potentialAction\":[{\"@type\":\"SearchAction\",\"target\":{\"@type\":\"EntryPoint\",\"urlTemplate\":\"https:\\\/\\\/amedis.es\\\/tienda\\\/?s={search_term_string}\"},\"query-input\":{\"@type\":\"PropertyValueSpecification\",\"valueRequired\":true,\"valueName\":\"search_term_string\"}}],\"inLanguage\":\"es\"},{\"@type\":\"Organization\",\"@id\":\"https:\\\/\\\/amedis.es\\\/tienda\\\/#organization\",\"name\":\"Amedis | Suministros M\u00e9dicos y Dentales\",\"url\":\"https:\\\/\\\/amedis.es\\\/tienda\\\/\",\"logo\":{\"@type\":\"ImageObject\",\"inLanguage\":\"es\",\"@id\":\"https:\\\/\\\/amedis.es\\\/tienda\\\/#\\\/schema\\\/logo\\\/image\\\/\",\"url\":\"https:\\\/\\\/amedis.es\\\/tienda\\\/wp-content\\\/uploads\\\/2020\\\/05\\\/logo-1.png\",\"contentUrl\":\"https:\\\/\\\/amedis.es\\\/tienda\\\/wp-content\\\/uploads\\\/2020\\\/05\\\/logo-1.png\",\"width\":191,\"height\":80,\"caption\":\"Amedis | Suministros M\u00e9dicos y Dentales\"},\"image\":{\"@id\":\"https:\\\/\\\/amedis.es\\\/tienda\\\/#\\\/schema\\\/logo\\\/image\\\/\"}}]}<\/script>\n<!-- \/ Yoast SEO plugin. -->","yoast_head_json":{"title":"GUTTAFLOW BIOSEAL REFILL | Amedis","description":"GuttaFlow bioseal refill. GuttaFlow Bioseal es un sistema fr\u00edo y fluido para la obturaci\u00f3n de canales radiculares que combina, en un solo producto, sellador y gutapercha.","robots":{"index":"index","follow":"follow","max-snippet":"max-snippet:-1","max-image-preview":"max-image-preview:large","max-video-preview":"max-video-preview:-1"},"canonical":"https:\/\/amedis.es\/tienda\/producto\/guttaflow-bioseal-refill\/","og_locale":"es_ES","og_type":"article","og_title":"GUTTAFLOW BIOSEAL REFILL | Amedis","og_description":"GuttaFlow bioseal refill. GuttaFlow Bioseal es un sistema fr\u00edo y fluido para la obturaci\u00f3n de canales radiculares que combina, en un solo producto, sellador y gutapercha.","og_url":"https:\/\/amedis.es\/tienda\/producto\/guttaflow-bioseal-refill\/","og_site_name":"Amedis","article_modified_time":"2026-02-18T19:56:21+00:00","og_image":[{"width":600,"height":600,"url":"https:\/\/amedis.es\/tienda\/wp-content\/uploads\/2025\/06\/GUTTAFLOW-BIOSEAL-REFILL.jpg","type":"image\/jpeg"}],"twitter_card":"summary_large_image","twitter_misc":{"Tiempo de lectura":"2 minutos"},"schema":{"@context":"https:\/\/schema.org","@graph":[{"@type":"WebPage","@id":"https:\/\/amedis.es\/tienda\/producto\/guttaflow-bioseal-refill\/","url":"https:\/\/amedis.es\/tienda\/producto\/guttaflow-bioseal-refill\/","name":"GUTTAFLOW BIOSEAL REFILL | Amedis","isPartOf":{"@id":"https:\/\/amedis.es\/tienda\/#website"},"primaryImageOfPage":{"@id":"https:\/\/amedis.es\/tienda\/producto\/guttaflow-bioseal-refill\/#primaryimage"},"image":{"@id":"https:\/\/amedis.es\/tienda\/producto\/guttaflow-bioseal-refill\/#primaryimage"},"thumbnailUrl":"https:\/\/amedis.es\/tienda\/wp-content\/uploads\/2025\/06\/GUTTAFLOW-BIOSEAL-REFILL.jpg","datePublished":"2025-06-04T17:35:10+00:00","dateModified":"2026-02-18T19:56:21+00:00","description":"GuttaFlow bioseal refill. GuttaFlow Bioseal es un sistema fr\u00edo y fluido para la obturaci\u00f3n de canales radiculares que combina, en un solo producto, sellador y gutapercha.","breadcrumb":{"@id":"https:\/\/amedis.es\/tienda\/producto\/guttaflow-bioseal-refill\/#breadcrumb"},"inLanguage":"es","potentialAction":[{"@type":"ReadAction","target":["https:\/\/amedis.es\/tienda\/producto\/guttaflow-bioseal-refill\/"]}]},{"@type":"ImageObject","inLanguage":"es","@id":"https:\/\/amedis.es\/tienda\/producto\/guttaflow-bioseal-refill\/#primaryimage","url":"https:\/\/amedis.es\/tienda\/wp-content\/uploads\/2025\/06\/GUTTAFLOW-BIOSEAL-REFILL.jpg","contentUrl":"https:\/\/amedis.es\/tienda\/wp-content\/uploads\/2025\/06\/GUTTAFLOW-BIOSEAL-REFILL.jpg","width":600,"height":600,"caption":"Amedis GUTTAFLOW BIOSEAL REFILL"},{"@type":"BreadcrumbList","@id":"https:\/\/amedis.es\/tienda\/producto\/guttaflow-bioseal-refill\/#breadcrumb","itemListElement":[{"@type":"ListItem","position":1,"name":"Portada","item":"https:\/\/amedis.es\/tienda\/"},{"@type":"ListItem","position":2,"name":"Amedis | Suministros M\u00e9dicos y Dentales | Tienda","item":"https:\/\/amedis.es\/tienda\/suministros-medicos-y-dentales\/"},{"@type":"ListItem","position":3,"name":"GUTTAFLOW BIOSEAL REFILL"}]},{"@type":"WebSite","@id":"https:\/\/amedis.es\/tienda\/#website","url":"https:\/\/amedis.es\/tienda\/","name":"Amedis","description":"Suministros M\u00e9dicos y Dentales","publisher":{"@id":"https:\/\/amedis.es\/tienda\/#organization"},"potentialAction":[{"@type":"SearchAction","target":{"@type":"EntryPoint","urlTemplate":"https:\/\/amedis.es\/tienda\/?s={search_term_string}"},"query-input":{"@type":"PropertyValueSpecification","valueRequired":true,"valueName":"search_term_string"}}],"inLanguage":"es"},{"@type":"Organization","@id":"https:\/\/amedis.es\/tienda\/#organization","name":"Amedis | Suministros M\u00e9dicos y Dentales","url":"https:\/\/amedis.es\/tienda\/","logo":{"@type":"ImageObject","inLanguage":"es","@id":"https:\/\/amedis.es\/tienda\/#\/schema\/logo\/image\/","url":"https:\/\/amedis.es\/tienda\/wp-content\/uploads\/2020\/05\/logo-1.png","contentUrl":"https:\/\/amedis.es\/tienda\/wp-content\/uploads\/2020\/05\/logo-1.png","width":191,"height":80,"caption":"Amedis | Suministros M\u00e9dicos y Dentales"},"image":{"@id":"https:\/\/amedis.es\/tienda\/#\/schema\/logo\/image\/"}}]}},"brands":[{"id":2383,"name":"ROEKO","slug":"roeko"}],"_links":{"self":[{"href":"https:\/\/amedis.es\/tienda\/wp-json\/wp\/v2\/product\/33520","targetHints":{"allow":["GET"]}}],"collection":[{"href":"https:\/\/amedis.es\/tienda\/wp-json\/wp\/v2\/product"}],"about":[{"href":"https:\/\/amedis.es\/tienda\/wp-json\/wp\/v2\/types\/product"}],"wp:featuredmedia":[{"embeddable":true,"href":"https:\/\/amedis.es\/tienda\/wp-json\/wp\/v2\/media\/33521"}],"wp:attachment":[{"href":"https:\/\/amedis.es\/tienda\/wp-json\/wp\/v2\/media?parent=33520"}],"wp:term":[{"taxonomy":"pwb-brand","embeddable":true,"href":"https:\/\/amedis.es\/tienda\/wp-json\/wp\/v2\/pwb-brand?post=33520"},{"taxonomy":"product_brand","embeddable":true,"href":"https:\/\/amedis.es\/tienda\/wp-json\/wp\/v2\/product_brand?post=33520"},{"taxonomy":"product_cat","embeddable":true,"href":"https:\/\/amedis.es\/tienda\/wp-json\/wp\/v2\/product_cat?post=33520"},{"taxonomy":"product_tag","embeddable":true,"href":"https:\/\/amedis.es\/tienda\/wp-json\/wp\/v2\/product_tag?post=33520"}],"curies":[{"name":"wp","href":"https:\/\/api.w.org\/{rel}","templated":true}]}}