{"id":33423,"date":"2025-05-26T18:55:22","date_gmt":"2025-05-26T18:55:22","guid":{"rendered":"https:\/\/amedis.es\/tienda\/?post_type=product&#038;p=33423"},"modified":"2026-02-11T18:33:41","modified_gmt":"2026-02-11T18:33:41","slug":"limas-rotatorias-pro-gold-f1-25-mm-vidu","status":"publish","type":"product","link":"https:\/\/amedis.es\/tienda\/producto\/limas-rotatorias-pro-gold-f1-25-mm-vidu\/","title":{"rendered":"LIMAS ROTATORIAS PRO GOLD F1 25 mm VIDU"},"content":{"rendered":"<p>Limas rotatorias Pro Gold Vidu. Es una serie de limas de secuencia m\u00faltiple que se aplican con la tecnolog\u00eda metal\u00fargica m\u00e1s avanzada. El tratamiento t\u00e9rmico al cual son sometidas mejora su flexibilidad y resistencia a la fatiga c\u00edclica. Su secci\u00f3n transversal triangular convexa aumenta la eficacia del corte y preserva la dentina. Puede cubrir las necesidades del 95% de los casos cl\u00ednicos, especialmente los canales curvos.<\/p>\n<p>CARACTERISTICAS:<\/p>\n<p>&#8211; Mejor preparaci\u00f3n de las puntas radiculares para satisfacer las necesidades cl\u00ednicas.<br \/>\n&#8211; Punta radicular grande, dise\u00f1o c\u00f3nico peque\u00f1o.<br \/>\n&#8211; Adecuada para la preparaci\u00f3n de conductos radiculares curvos.<br \/>\n&#8211; Garantiza que la parte media y superior del conducto radicular est\u00e9 totalmente abierta y se adapte a diversos m\u00e9todos de obturaci\u00f3n.<br \/>\n&#8211; Ajusta la rigidez de la lima, equilibra la flexibilidad y la nitidez.<br \/>\n&#8211; Posee la fuerza de corte moderada y enfatiza el concepto m\u00ednimamente invasivo.<br \/>\n&#8211; La resistencia a la fatiga c\u00edclica se mejora tambi\u00e9n gracias a la avanzada tecnolog\u00eda metal\u00fargica.<\/p>\n","protected":false},"excerpt":{"rendered":"<p>CONTENIDO: 6 unidades.<\/p>\n","protected":false},"featured_media":29601,"template":"","meta":[],"pwb-brand":[2348],"product_brand":[],"product_cat":[1918,30],"product_tag":[],"class_list":{"0":"post-33423","1":"product","2":"type-product","3":"status-publish","4":"has-post-thumbnail","6":"pwb-brand-vidu","7":"product_cat-endodoncia-outlet","8":"product_cat-outlet","10":"first","11":"instock","12":"sale","13":"taxable","14":"shipping-taxable","15":"purchasable","16":"product-type-simple"},"yoast_head":"<!-- This site is optimized with the Yoast SEO plugin v27.4 - https:\/\/yoast.com\/product\/yoast-seo-wordpress\/ -->\n<title>LIMAS ROTATORIAS PRO GOLD F1 25 mm VIDU | Amedis<\/title>\n<meta name=\"description\" content=\"Limas rotatorias Pro Gold Vidu. Es una serie de limas de secuencia m\u00faltiple que se aplican con la tecnolog\u00eda metal\u00fargica m\u00e1s avanzada.\" \/>\n<meta name=\"robots\" content=\"index, follow, max-snippet:-1, max-image-preview:large, max-video-preview:-1\" \/>\n<link rel=\"canonical\" href=\"https:\/\/amedis.es\/tienda\/producto\/limas-rotatorias-pro-gold-f1-25-mm-vidu\/\" \/>\n<meta property=\"og:locale\" content=\"es_ES\" \/>\n<meta property=\"og:type\" content=\"article\" \/>\n<meta property=\"og:title\" content=\"LIMAS ROTATORIAS PRO GOLD F1 25 mm VIDU | Amedis\" \/>\n<meta property=\"og:description\" content=\"Limas rotatorias Pro Gold Vidu. Es una serie de limas de secuencia m\u00faltiple que se aplican con la tecnolog\u00eda metal\u00fargica m\u00e1s avanzada.\" \/>\n<meta property=\"og:url\" content=\"https:\/\/amedis.es\/tienda\/producto\/limas-rotatorias-pro-gold-f1-25-mm-vidu\/\" \/>\n<meta property=\"og:site_name\" content=\"Amedis\" \/>\n<meta property=\"article:modified_time\" content=\"2026-02-11T18:33:41+00:00\" \/>\n<meta property=\"og:image\" content=\"https:\/\/amedis.es\/tienda\/wp-content\/uploads\/2024\/05\/LIMAS-ROTATORIAS-PRO-GOLD-VIDU.jpg\" \/>\n\t<meta property=\"og:image:width\" content=\"600\" \/>\n\t<meta property=\"og:image:height\" content=\"600\" \/>\n\t<meta property=\"og:image:type\" content=\"image\/jpeg\" \/>\n<meta name=\"twitter:card\" content=\"summary_large_image\" \/>\n<meta name=\"twitter:label1\" content=\"Tiempo de lectura\" \/>\n\t<meta name=\"twitter:data1\" content=\"1 minuto\" \/>\n<script type=\"application\/ld+json\" class=\"yoast-schema-graph\">{\"@context\":\"https:\\\/\\\/schema.org\",\"@graph\":[{\"@type\":\"WebPage\",\"@id\":\"https:\\\/\\\/amedis.es\\\/tienda\\\/producto\\\/limas-rotatorias-pro-gold-f1-25-mm-vidu\\\/\",\"url\":\"https:\\\/\\\/amedis.es\\\/tienda\\\/producto\\\/limas-rotatorias-pro-gold-f1-25-mm-vidu\\\/\",\"name\":\"LIMAS ROTATORIAS PRO GOLD F1 25 mm VIDU | Amedis\",\"isPartOf\":{\"@id\":\"https:\\\/\\\/amedis.es\\\/tienda\\\/#website\"},\"primaryImageOfPage\":{\"@id\":\"https:\\\/\\\/amedis.es\\\/tienda\\\/producto\\\/limas-rotatorias-pro-gold-f1-25-mm-vidu\\\/#primaryimage\"},\"image\":{\"@id\":\"https:\\\/\\\/amedis.es\\\/tienda\\\/producto\\\/limas-rotatorias-pro-gold-f1-25-mm-vidu\\\/#primaryimage\"},\"thumbnailUrl\":\"https:\\\/\\\/amedis.es\\\/tienda\\\/wp-content\\\/uploads\\\/2024\\\/05\\\/LIMAS-ROTATORIAS-PRO-GOLD-VIDU.jpg\",\"datePublished\":\"2025-05-26T18:55:22+00:00\",\"dateModified\":\"2026-02-11T18:33:41+00:00\",\"description\":\"Limas rotatorias Pro Gold Vidu. Es una serie de limas de secuencia m\u00faltiple que se aplican con la tecnolog\u00eda metal\u00fargica m\u00e1s avanzada.\",\"breadcrumb\":{\"@id\":\"https:\\\/\\\/amedis.es\\\/tienda\\\/producto\\\/limas-rotatorias-pro-gold-f1-25-mm-vidu\\\/#breadcrumb\"},\"inLanguage\":\"es\",\"potentialAction\":[{\"@type\":\"ReadAction\",\"target\":[\"https:\\\/\\\/amedis.es\\\/tienda\\\/producto\\\/limas-rotatorias-pro-gold-f1-25-mm-vidu\\\/\"]}]},{\"@type\":\"ImageObject\",\"inLanguage\":\"es\",\"@id\":\"https:\\\/\\\/amedis.es\\\/tienda\\\/producto\\\/limas-rotatorias-pro-gold-f1-25-mm-vidu\\\/#primaryimage\",\"url\":\"https:\\\/\\\/amedis.es\\\/tienda\\\/wp-content\\\/uploads\\\/2024\\\/05\\\/LIMAS-ROTATORIAS-PRO-GOLD-VIDU.jpg\",\"contentUrl\":\"https:\\\/\\\/amedis.es\\\/tienda\\\/wp-content\\\/uploads\\\/2024\\\/05\\\/LIMAS-ROTATORIAS-PRO-GOLD-VIDU.jpg\",\"width\":600,\"height\":600,\"caption\":\"Amedis LIMAS ROTATORIAS PRO GOLD VIDU\"},{\"@type\":\"BreadcrumbList\",\"@id\":\"https:\\\/\\\/amedis.es\\\/tienda\\\/producto\\\/limas-rotatorias-pro-gold-f1-25-mm-vidu\\\/#breadcrumb\",\"itemListElement\":[{\"@type\":\"ListItem\",\"position\":1,\"name\":\"Portada\",\"item\":\"https:\\\/\\\/amedis.es\\\/tienda\\\/\"},{\"@type\":\"ListItem\",\"position\":2,\"name\":\"Amedis | Suministros M\u00e9dicos y Dentales | Tienda\",\"item\":\"https:\\\/\\\/amedis.es\\\/tienda\\\/suministros-medicos-y-dentales\\\/\"},{\"@type\":\"ListItem\",\"position\":3,\"name\":\"LIMAS ROTATORIAS PRO GOLD F1 25 mm VIDU\"}]},{\"@type\":\"WebSite\",\"@id\":\"https:\\\/\\\/amedis.es\\\/tienda\\\/#website\",\"url\":\"https:\\\/\\\/amedis.es\\\/tienda\\\/\",\"name\":\"Amedis\",\"description\":\"Suministros M\u00e9dicos y Dentales\",\"publisher\":{\"@id\":\"https:\\\/\\\/amedis.es\\\/tienda\\\/#organization\"},\"potentialAction\":[{\"@type\":\"SearchAction\",\"target\":{\"@type\":\"EntryPoint\",\"urlTemplate\":\"https:\\\/\\\/amedis.es\\\/tienda\\\/?s={search_term_string}\"},\"query-input\":{\"@type\":\"PropertyValueSpecification\",\"valueRequired\":true,\"valueName\":\"search_term_string\"}}],\"inLanguage\":\"es\"},{\"@type\":\"Organization\",\"@id\":\"https:\\\/\\\/amedis.es\\\/tienda\\\/#organization\",\"name\":\"Amedis | Suministros M\u00e9dicos y Dentales\",\"url\":\"https:\\\/\\\/amedis.es\\\/tienda\\\/\",\"logo\":{\"@type\":\"ImageObject\",\"inLanguage\":\"es\",\"@id\":\"https:\\\/\\\/amedis.es\\\/tienda\\\/#\\\/schema\\\/logo\\\/image\\\/\",\"url\":\"https:\\\/\\\/amedis.es\\\/tienda\\\/wp-content\\\/uploads\\\/2020\\\/05\\\/logo-1.png\",\"contentUrl\":\"https:\\\/\\\/amedis.es\\\/tienda\\\/wp-content\\\/uploads\\\/2020\\\/05\\\/logo-1.png\",\"width\":191,\"height\":80,\"caption\":\"Amedis | Suministros M\u00e9dicos y Dentales\"},\"image\":{\"@id\":\"https:\\\/\\\/amedis.es\\\/tienda\\\/#\\\/schema\\\/logo\\\/image\\\/\"}}]}<\/script>\n<!-- \/ Yoast SEO plugin. -->","yoast_head_json":{"title":"LIMAS ROTATORIAS PRO GOLD F1 25 mm VIDU | Amedis","description":"Limas rotatorias Pro Gold Vidu. Es una serie de limas de secuencia m\u00faltiple que se aplican con la tecnolog\u00eda metal\u00fargica m\u00e1s avanzada.","robots":{"index":"index","follow":"follow","max-snippet":"max-snippet:-1","max-image-preview":"max-image-preview:large","max-video-preview":"max-video-preview:-1"},"canonical":"https:\/\/amedis.es\/tienda\/producto\/limas-rotatorias-pro-gold-f1-25-mm-vidu\/","og_locale":"es_ES","og_type":"article","og_title":"LIMAS ROTATORIAS PRO GOLD F1 25 mm VIDU | Amedis","og_description":"Limas rotatorias Pro Gold Vidu. Es una serie de limas de secuencia m\u00faltiple que se aplican con la tecnolog\u00eda metal\u00fargica m\u00e1s avanzada.","og_url":"https:\/\/amedis.es\/tienda\/producto\/limas-rotatorias-pro-gold-f1-25-mm-vidu\/","og_site_name":"Amedis","article_modified_time":"2026-02-11T18:33:41+00:00","og_image":[{"width":600,"height":600,"url":"https:\/\/amedis.es\/tienda\/wp-content\/uploads\/2024\/05\/LIMAS-ROTATORIAS-PRO-GOLD-VIDU.jpg","type":"image\/jpeg"}],"twitter_card":"summary_large_image","twitter_misc":{"Tiempo de lectura":"1 minuto"},"schema":{"@context":"https:\/\/schema.org","@graph":[{"@type":"WebPage","@id":"https:\/\/amedis.es\/tienda\/producto\/limas-rotatorias-pro-gold-f1-25-mm-vidu\/","url":"https:\/\/amedis.es\/tienda\/producto\/limas-rotatorias-pro-gold-f1-25-mm-vidu\/","name":"LIMAS ROTATORIAS PRO GOLD F1 25 mm VIDU | Amedis","isPartOf":{"@id":"https:\/\/amedis.es\/tienda\/#website"},"primaryImageOfPage":{"@id":"https:\/\/amedis.es\/tienda\/producto\/limas-rotatorias-pro-gold-f1-25-mm-vidu\/#primaryimage"},"image":{"@id":"https:\/\/amedis.es\/tienda\/producto\/limas-rotatorias-pro-gold-f1-25-mm-vidu\/#primaryimage"},"thumbnailUrl":"https:\/\/amedis.es\/tienda\/wp-content\/uploads\/2024\/05\/LIMAS-ROTATORIAS-PRO-GOLD-VIDU.jpg","datePublished":"2025-05-26T18:55:22+00:00","dateModified":"2026-02-11T18:33:41+00:00","description":"Limas rotatorias Pro Gold Vidu. Es una serie de limas de secuencia m\u00faltiple que se aplican con la tecnolog\u00eda metal\u00fargica m\u00e1s avanzada.","breadcrumb":{"@id":"https:\/\/amedis.es\/tienda\/producto\/limas-rotatorias-pro-gold-f1-25-mm-vidu\/#breadcrumb"},"inLanguage":"es","potentialAction":[{"@type":"ReadAction","target":["https:\/\/amedis.es\/tienda\/producto\/limas-rotatorias-pro-gold-f1-25-mm-vidu\/"]}]},{"@type":"ImageObject","inLanguage":"es","@id":"https:\/\/amedis.es\/tienda\/producto\/limas-rotatorias-pro-gold-f1-25-mm-vidu\/#primaryimage","url":"https:\/\/amedis.es\/tienda\/wp-content\/uploads\/2024\/05\/LIMAS-ROTATORIAS-PRO-GOLD-VIDU.jpg","contentUrl":"https:\/\/amedis.es\/tienda\/wp-content\/uploads\/2024\/05\/LIMAS-ROTATORIAS-PRO-GOLD-VIDU.jpg","width":600,"height":600,"caption":"Amedis LIMAS ROTATORIAS PRO GOLD VIDU"},{"@type":"BreadcrumbList","@id":"https:\/\/amedis.es\/tienda\/producto\/limas-rotatorias-pro-gold-f1-25-mm-vidu\/#breadcrumb","itemListElement":[{"@type":"ListItem","position":1,"name":"Portada","item":"https:\/\/amedis.es\/tienda\/"},{"@type":"ListItem","position":2,"name":"Amedis | Suministros M\u00e9dicos y Dentales | Tienda","item":"https:\/\/amedis.es\/tienda\/suministros-medicos-y-dentales\/"},{"@type":"ListItem","position":3,"name":"LIMAS ROTATORIAS PRO GOLD F1 25 mm VIDU"}]},{"@type":"WebSite","@id":"https:\/\/amedis.es\/tienda\/#website","url":"https:\/\/amedis.es\/tienda\/","name":"Amedis","description":"Suministros M\u00e9dicos y Dentales","publisher":{"@id":"https:\/\/amedis.es\/tienda\/#organization"},"potentialAction":[{"@type":"SearchAction","target":{"@type":"EntryPoint","urlTemplate":"https:\/\/amedis.es\/tienda\/?s={search_term_string}"},"query-input":{"@type":"PropertyValueSpecification","valueRequired":true,"valueName":"search_term_string"}}],"inLanguage":"es"},{"@type":"Organization","@id":"https:\/\/amedis.es\/tienda\/#organization","name":"Amedis | Suministros M\u00e9dicos y Dentales","url":"https:\/\/amedis.es\/tienda\/","logo":{"@type":"ImageObject","inLanguage":"es","@id":"https:\/\/amedis.es\/tienda\/#\/schema\/logo\/image\/","url":"https:\/\/amedis.es\/tienda\/wp-content\/uploads\/2020\/05\/logo-1.png","contentUrl":"https:\/\/amedis.es\/tienda\/wp-content\/uploads\/2020\/05\/logo-1.png","width":191,"height":80,"caption":"Amedis | Suministros M\u00e9dicos y Dentales"},"image":{"@id":"https:\/\/amedis.es\/tienda\/#\/schema\/logo\/image\/"}}]}},"brands":[{"id":2348,"name":"VIDU","slug":"vidu"}],"_links":{"self":[{"href":"https:\/\/amedis.es\/tienda\/wp-json\/wp\/v2\/product\/33423","targetHints":{"allow":["GET"]}}],"collection":[{"href":"https:\/\/amedis.es\/tienda\/wp-json\/wp\/v2\/product"}],"about":[{"href":"https:\/\/amedis.es\/tienda\/wp-json\/wp\/v2\/types\/product"}],"wp:featuredmedia":[{"embeddable":true,"href":"https:\/\/amedis.es\/tienda\/wp-json\/wp\/v2\/media\/29601"}],"wp:attachment":[{"href":"https:\/\/amedis.es\/tienda\/wp-json\/wp\/v2\/media?parent=33423"}],"wp:term":[{"taxonomy":"pwb-brand","embeddable":true,"href":"https:\/\/amedis.es\/tienda\/wp-json\/wp\/v2\/pwb-brand?post=33423"},{"taxonomy":"product_brand","embeddable":true,"href":"https:\/\/amedis.es\/tienda\/wp-json\/wp\/v2\/product_brand?post=33423"},{"taxonomy":"product_cat","embeddable":true,"href":"https:\/\/amedis.es\/tienda\/wp-json\/wp\/v2\/product_cat?post=33423"},{"taxonomy":"product_tag","embeddable":true,"href":"https:\/\/amedis.es\/tienda\/wp-json\/wp\/v2\/product_tag?post=33423"}],"curies":[{"name":"wp","href":"https:\/\/api.w.org\/{rel}","templated":true}]}}