{"id":33242,"date":"2025-05-19T19:42:30","date_gmt":"2025-05-19T19:42:30","guid":{"rendered":"https:\/\/amedis.es\/tienda\/?post_type=product&#038;p=33242"},"modified":"2025-05-20T19:05:39","modified_gmt":"2025-05-20T19:05:39","slug":"turbina-s-max-m900-conector-nsk","status":"publish","type":"product","link":"https:\/\/amedis.es\/tienda\/producto\/turbina-s-max-m900-conector-nsk\/","title":{"rendered":"TURBINA S-MAX M900 (CONECTOR NSK)"},"content":{"rendered":"<p>Turbina S-Max M900. La nueva gama de turbinas S-Max M Series presenta un nuevo rotor que ha sido desarrollado usando una simulaci\u00f3n de flujo de aire rotatorio alcanzando los 26W de potencia mediante el uso eficiente de energ\u00eda de la fuente de aire. Este rotor proporciona un significativo aumento de 6W en la potencia pasando de 20W a 26W. Asimismo las turbinas S-Max M Series presentan un renovado dise\u00f1o de la turbina que unido a las caracter\u00edsticas de cuerpo de acero inoxidable rodamientos cer\u00e1micos sistema de cabezal limpio spray Quattro de refrigeraci\u00f3n porta fresas Push Button y cambio de rotor por el propio usuario hacen de las turbinas S-Max M Series ofrezcan la fiabilidad y la seguridad exigidas tanto por los profesionales como por los est\u00e1ndares en continua evoluci\u00f3n del sector del instrumental odontol\u00f3gico.<\/p>\n","protected":false},"excerpt":{"rendered":"<p>CONTENIDO: 1 unidad.<\/p>\n","protected":false},"featured_media":20907,"template":"","meta":[],"pwb-brand":[2401],"product_brand":[],"product_cat":[283,294,1600],"product_tag":[],"class_list":{"0":"post-33242","1":"product","2":"type-product","3":"status-publish","4":"has-post-thumbnail","6":"pwb-brand-nsk","7":"product_cat-equipamiento","8":"product_cat-rotatorio","9":"product_cat-turbinas-sin-luz","11":"first","12":"onbackorder","13":"sale","14":"taxable","15":"shipping-taxable","16":"purchasable","17":"product-type-simple"},"yoast_head":"<!-- This site is optimized with the Yoast SEO plugin v27.4 - https:\/\/yoast.com\/product\/yoast-seo-wordpress\/ -->\n<title>TURBINA S-MAX M900 (CONECTOR NSK) | Amedis<\/title>\n<meta name=\"description\" content=\"Turbina S-Max M900. La nueva gama de turbinas S-Max M Series presenta un nuevo rotor que ha sido desarrollado usando una simulaci\u00f3n\" \/>\n<meta name=\"robots\" content=\"index, follow, max-snippet:-1, max-image-preview:large, max-video-preview:-1\" \/>\n<link rel=\"canonical\" href=\"https:\/\/amedis.es\/tienda\/producto\/turbina-s-max-m900-conector-nsk\/\" \/>\n<meta property=\"og:locale\" content=\"es_ES\" \/>\n<meta property=\"og:type\" content=\"article\" \/>\n<meta property=\"og:title\" content=\"TURBINA S-MAX M900 (CONECTOR NSK) | Amedis\" \/>\n<meta property=\"og:description\" content=\"Turbina S-Max M900. La nueva gama de turbinas S-Max M Series presenta un nuevo rotor que ha sido desarrollado usando una simulaci\u00f3n\" \/>\n<meta property=\"og:url\" content=\"https:\/\/amedis.es\/tienda\/producto\/turbina-s-max-m900-conector-nsk\/\" \/>\n<meta property=\"og:site_name\" content=\"Amedis\" \/>\n<meta property=\"article:modified_time\" content=\"2025-05-20T19:05:39+00:00\" \/>\n<meta property=\"og:image\" content=\"https:\/\/amedis.es\/tienda\/wp-content\/uploads\/2022\/05\/TURBINA-S-MAX-M900.jpg\" \/>\n\t<meta property=\"og:image:width\" content=\"600\" \/>\n\t<meta property=\"og:image:height\" content=\"600\" \/>\n\t<meta property=\"og:image:type\" content=\"image\/jpeg\" \/>\n<meta name=\"twitter:card\" content=\"summary_large_image\" \/>\n<meta name=\"twitter:label1\" content=\"Tiempo de lectura\" \/>\n\t<meta name=\"twitter:data1\" content=\"1 minuto\" \/>\n<script type=\"application\/ld+json\" class=\"yoast-schema-graph\">{\"@context\":\"https:\\\/\\\/schema.org\",\"@graph\":[{\"@type\":\"WebPage\",\"@id\":\"https:\\\/\\\/amedis.es\\\/tienda\\\/producto\\\/turbina-s-max-m900-conector-nsk\\\/\",\"url\":\"https:\\\/\\\/amedis.es\\\/tienda\\\/producto\\\/turbina-s-max-m900-conector-nsk\\\/\",\"name\":\"TURBINA S-MAX M900 (CONECTOR NSK) | Amedis\",\"isPartOf\":{\"@id\":\"https:\\\/\\\/amedis.es\\\/tienda\\\/#website\"},\"primaryImageOfPage\":{\"@id\":\"https:\\\/\\\/amedis.es\\\/tienda\\\/producto\\\/turbina-s-max-m900-conector-nsk\\\/#primaryimage\"},\"image\":{\"@id\":\"https:\\\/\\\/amedis.es\\\/tienda\\\/producto\\\/turbina-s-max-m900-conector-nsk\\\/#primaryimage\"},\"thumbnailUrl\":\"https:\\\/\\\/amedis.es\\\/tienda\\\/wp-content\\\/uploads\\\/2022\\\/05\\\/TURBINA-S-MAX-M900.jpg\",\"datePublished\":\"2025-05-19T19:42:30+00:00\",\"dateModified\":\"2025-05-20T19:05:39+00:00\",\"description\":\"Turbina S-Max M900. La nueva gama de turbinas S-Max M Series presenta un nuevo rotor que ha sido desarrollado usando una simulaci\u00f3n\",\"breadcrumb\":{\"@id\":\"https:\\\/\\\/amedis.es\\\/tienda\\\/producto\\\/turbina-s-max-m900-conector-nsk\\\/#breadcrumb\"},\"inLanguage\":\"es\",\"potentialAction\":[{\"@type\":\"ReadAction\",\"target\":[\"https:\\\/\\\/amedis.es\\\/tienda\\\/producto\\\/turbina-s-max-m900-conector-nsk\\\/\"]}]},{\"@type\":\"ImageObject\",\"inLanguage\":\"es\",\"@id\":\"https:\\\/\\\/amedis.es\\\/tienda\\\/producto\\\/turbina-s-max-m900-conector-nsk\\\/#primaryimage\",\"url\":\"https:\\\/\\\/amedis.es\\\/tienda\\\/wp-content\\\/uploads\\\/2022\\\/05\\\/TURBINA-S-MAX-M900.jpg\",\"contentUrl\":\"https:\\\/\\\/amedis.es\\\/tienda\\\/wp-content\\\/uploads\\\/2022\\\/05\\\/TURBINA-S-MAX-M900.jpg\",\"width\":600,\"height\":600,\"caption\":\"Amedis TURBINA S-MAX M900\"},{\"@type\":\"BreadcrumbList\",\"@id\":\"https:\\\/\\\/amedis.es\\\/tienda\\\/producto\\\/turbina-s-max-m900-conector-nsk\\\/#breadcrumb\",\"itemListElement\":[{\"@type\":\"ListItem\",\"position\":1,\"name\":\"Portada\",\"item\":\"https:\\\/\\\/amedis.es\\\/tienda\\\/\"},{\"@type\":\"ListItem\",\"position\":2,\"name\":\"Amedis | Suministros M\u00e9dicos y Dentales | Tienda\",\"item\":\"https:\\\/\\\/amedis.es\\\/tienda\\\/suministros-medicos-y-dentales\\\/\"},{\"@type\":\"ListItem\",\"position\":3,\"name\":\"TURBINA S-MAX M900 (CONECTOR NSK)\"}]},{\"@type\":\"WebSite\",\"@id\":\"https:\\\/\\\/amedis.es\\\/tienda\\\/#website\",\"url\":\"https:\\\/\\\/amedis.es\\\/tienda\\\/\",\"name\":\"Amedis\",\"description\":\"Suministros M\u00e9dicos y Dentales\",\"publisher\":{\"@id\":\"https:\\\/\\\/amedis.es\\\/tienda\\\/#organization\"},\"potentialAction\":[{\"@type\":\"SearchAction\",\"target\":{\"@type\":\"EntryPoint\",\"urlTemplate\":\"https:\\\/\\\/amedis.es\\\/tienda\\\/?s={search_term_string}\"},\"query-input\":{\"@type\":\"PropertyValueSpecification\",\"valueRequired\":true,\"valueName\":\"search_term_string\"}}],\"inLanguage\":\"es\"},{\"@type\":\"Organization\",\"@id\":\"https:\\\/\\\/amedis.es\\\/tienda\\\/#organization\",\"name\":\"Amedis | Suministros M\u00e9dicos y Dentales\",\"url\":\"https:\\\/\\\/amedis.es\\\/tienda\\\/\",\"logo\":{\"@type\":\"ImageObject\",\"inLanguage\":\"es\",\"@id\":\"https:\\\/\\\/amedis.es\\\/tienda\\\/#\\\/schema\\\/logo\\\/image\\\/\",\"url\":\"https:\\\/\\\/amedis.es\\\/tienda\\\/wp-content\\\/uploads\\\/2020\\\/05\\\/logo-1.png\",\"contentUrl\":\"https:\\\/\\\/amedis.es\\\/tienda\\\/wp-content\\\/uploads\\\/2020\\\/05\\\/logo-1.png\",\"width\":191,\"height\":80,\"caption\":\"Amedis | Suministros M\u00e9dicos y Dentales\"},\"image\":{\"@id\":\"https:\\\/\\\/amedis.es\\\/tienda\\\/#\\\/schema\\\/logo\\\/image\\\/\"}}]}<\/script>\n<!-- \/ Yoast SEO plugin. -->","yoast_head_json":{"title":"TURBINA S-MAX M900 (CONECTOR NSK) | Amedis","description":"Turbina S-Max M900. La nueva gama de turbinas S-Max M Series presenta un nuevo rotor que ha sido desarrollado usando una simulaci\u00f3n","robots":{"index":"index","follow":"follow","max-snippet":"max-snippet:-1","max-image-preview":"max-image-preview:large","max-video-preview":"max-video-preview:-1"},"canonical":"https:\/\/amedis.es\/tienda\/producto\/turbina-s-max-m900-conector-nsk\/","og_locale":"es_ES","og_type":"article","og_title":"TURBINA S-MAX M900 (CONECTOR NSK) | Amedis","og_description":"Turbina S-Max M900. La nueva gama de turbinas S-Max M Series presenta un nuevo rotor que ha sido desarrollado usando una simulaci\u00f3n","og_url":"https:\/\/amedis.es\/tienda\/producto\/turbina-s-max-m900-conector-nsk\/","og_site_name":"Amedis","article_modified_time":"2025-05-20T19:05:39+00:00","og_image":[{"width":600,"height":600,"url":"https:\/\/amedis.es\/tienda\/wp-content\/uploads\/2022\/05\/TURBINA-S-MAX-M900.jpg","type":"image\/jpeg"}],"twitter_card":"summary_large_image","twitter_misc":{"Tiempo de lectura":"1 minuto"},"schema":{"@context":"https:\/\/schema.org","@graph":[{"@type":"WebPage","@id":"https:\/\/amedis.es\/tienda\/producto\/turbina-s-max-m900-conector-nsk\/","url":"https:\/\/amedis.es\/tienda\/producto\/turbina-s-max-m900-conector-nsk\/","name":"TURBINA S-MAX M900 (CONECTOR NSK) | Amedis","isPartOf":{"@id":"https:\/\/amedis.es\/tienda\/#website"},"primaryImageOfPage":{"@id":"https:\/\/amedis.es\/tienda\/producto\/turbina-s-max-m900-conector-nsk\/#primaryimage"},"image":{"@id":"https:\/\/amedis.es\/tienda\/producto\/turbina-s-max-m900-conector-nsk\/#primaryimage"},"thumbnailUrl":"https:\/\/amedis.es\/tienda\/wp-content\/uploads\/2022\/05\/TURBINA-S-MAX-M900.jpg","datePublished":"2025-05-19T19:42:30+00:00","dateModified":"2025-05-20T19:05:39+00:00","description":"Turbina S-Max M900. La nueva gama de turbinas S-Max M Series presenta un nuevo rotor que ha sido desarrollado usando una simulaci\u00f3n","breadcrumb":{"@id":"https:\/\/amedis.es\/tienda\/producto\/turbina-s-max-m900-conector-nsk\/#breadcrumb"},"inLanguage":"es","potentialAction":[{"@type":"ReadAction","target":["https:\/\/amedis.es\/tienda\/producto\/turbina-s-max-m900-conector-nsk\/"]}]},{"@type":"ImageObject","inLanguage":"es","@id":"https:\/\/amedis.es\/tienda\/producto\/turbina-s-max-m900-conector-nsk\/#primaryimage","url":"https:\/\/amedis.es\/tienda\/wp-content\/uploads\/2022\/05\/TURBINA-S-MAX-M900.jpg","contentUrl":"https:\/\/amedis.es\/tienda\/wp-content\/uploads\/2022\/05\/TURBINA-S-MAX-M900.jpg","width":600,"height":600,"caption":"Amedis TURBINA S-MAX M900"},{"@type":"BreadcrumbList","@id":"https:\/\/amedis.es\/tienda\/producto\/turbina-s-max-m900-conector-nsk\/#breadcrumb","itemListElement":[{"@type":"ListItem","position":1,"name":"Portada","item":"https:\/\/amedis.es\/tienda\/"},{"@type":"ListItem","position":2,"name":"Amedis | Suministros M\u00e9dicos y Dentales | Tienda","item":"https:\/\/amedis.es\/tienda\/suministros-medicos-y-dentales\/"},{"@type":"ListItem","position":3,"name":"TURBINA S-MAX M900 (CONECTOR NSK)"}]},{"@type":"WebSite","@id":"https:\/\/amedis.es\/tienda\/#website","url":"https:\/\/amedis.es\/tienda\/","name":"Amedis","description":"Suministros M\u00e9dicos y Dentales","publisher":{"@id":"https:\/\/amedis.es\/tienda\/#organization"},"potentialAction":[{"@type":"SearchAction","target":{"@type":"EntryPoint","urlTemplate":"https:\/\/amedis.es\/tienda\/?s={search_term_string}"},"query-input":{"@type":"PropertyValueSpecification","valueRequired":true,"valueName":"search_term_string"}}],"inLanguage":"es"},{"@type":"Organization","@id":"https:\/\/amedis.es\/tienda\/#organization","name":"Amedis | Suministros M\u00e9dicos y Dentales","url":"https:\/\/amedis.es\/tienda\/","logo":{"@type":"ImageObject","inLanguage":"es","@id":"https:\/\/amedis.es\/tienda\/#\/schema\/logo\/image\/","url":"https:\/\/amedis.es\/tienda\/wp-content\/uploads\/2020\/05\/logo-1.png","contentUrl":"https:\/\/amedis.es\/tienda\/wp-content\/uploads\/2020\/05\/logo-1.png","width":191,"height":80,"caption":"Amedis | Suministros M\u00e9dicos y Dentales"},"image":{"@id":"https:\/\/amedis.es\/tienda\/#\/schema\/logo\/image\/"}}]}},"brands":[{"id":2401,"name":"NSK","slug":"nsk"}],"_links":{"self":[{"href":"https:\/\/amedis.es\/tienda\/wp-json\/wp\/v2\/product\/33242","targetHints":{"allow":["GET"]}}],"collection":[{"href":"https:\/\/amedis.es\/tienda\/wp-json\/wp\/v2\/product"}],"about":[{"href":"https:\/\/amedis.es\/tienda\/wp-json\/wp\/v2\/types\/product"}],"wp:featuredmedia":[{"embeddable":true,"href":"https:\/\/amedis.es\/tienda\/wp-json\/wp\/v2\/media\/20907"}],"wp:attachment":[{"href":"https:\/\/amedis.es\/tienda\/wp-json\/wp\/v2\/media?parent=33242"}],"wp:term":[{"taxonomy":"pwb-brand","embeddable":true,"href":"https:\/\/amedis.es\/tienda\/wp-json\/wp\/v2\/pwb-brand?post=33242"},{"taxonomy":"product_brand","embeddable":true,"href":"https:\/\/amedis.es\/tienda\/wp-json\/wp\/v2\/product_brand?post=33242"},{"taxonomy":"product_cat","embeddable":true,"href":"https:\/\/amedis.es\/tienda\/wp-json\/wp\/v2\/product_cat?post=33242"},{"taxonomy":"product_tag","embeddable":true,"href":"https:\/\/amedis.es\/tienda\/wp-json\/wp\/v2\/product_tag?post=33242"}],"curies":[{"name":"wp","href":"https:\/\/api.w.org\/{rel}","templated":true}]}}