{"id":33166,"date":"2025-05-09T08:34:31","date_gmt":"2025-05-09T08:34:31","guid":{"rendered":"https:\/\/amedis.es\/tienda\/?post_type=product&#038;p=33166"},"modified":"2025-11-23T18:17:36","modified_gmt":"2025-11-23T18:17:36","slug":"vistascan-mini-easy-2-0","status":"publish","type":"product","link":"https:\/\/amedis.es\/tienda\/producto\/vistascan-mini-easy-2-0\/","title":{"rendered":"VISTASCAN MINI EASY 2.0"},"content":{"rendered":"<p>Vistascan mini easy 2.0. En el nuevo VistaScan Mini Easy 2.0 no solo el dise\u00f1o est\u00e1 orientado al futuro. Nuestra tecnolog\u00eda de vanguardia en placas radiogr\u00e1ficas de f\u00f3sforo IQ, permiten m\u00faltiples funciones de inteligencia artificial. Adem\u00e1s, junto con a la extraordinaria calidad de imagen de nuestro sistema de escaneado PCS, usted prepara su cl\u00ednica para los desaf\u00edos del futuro.<\/p>\n<p>&#8211; Tecnolog\u00eda de escaneo PCS para una calidad de imagen superior.<br \/>\n&#8211; Concepto Easy Feed \u00abF\u00e1cil Alimentaci\u00f3n\u00bb r\u00e1pida y fiable, 100% protegido contra la luz.<br \/>\n&#8211; Pantalla t\u00e1ctil informativa a color de alta resoluci\u00f3n protegida con cristal desinfectable.<br \/>\n&#8211; M\u00faltiples funciones de automatizaci\u00f3n de funciones inteligentes en combinaci\u00f3n con VistaScan IQ y VistaSoft IA.<\/p>\n","protected":false},"excerpt":{"rendered":"<p>CONTENIDO: 1 unidad.<\/p>\n","protected":false},"featured_media":33167,"template":"","meta":[],"pwb-brand":[2410],"product_brand":[],"product_cat":[2588,283,1414],"product_tag":[],"class_list":{"0":"post-33166","1":"product","2":"type-product","3":"status-publish","4":"has-post-thumbnail","6":"pwb-brand-durr","7":"product_cat-digitalizadores-de-placas-intraorales","8":"product_cat-equipamiento","9":"product_cat-imagen-digital","11":"first","12":"onbackorder","13":"sale","14":"taxable","15":"shipping-taxable","16":"purchasable","17":"product-type-simple"},"yoast_head":"<!-- This site is optimized with the Yoast SEO plugin v27.4 - https:\/\/yoast.com\/product\/yoast-seo-wordpress\/ -->\n<title>VISTASCAN MINI EASY 2.0 | Amedis<\/title>\n<meta name=\"description\" content=\"istascan mini easy 2.0. En el nuevo VistaScan Mini Easy 2.0 no solo el dise\u00f1o est\u00e1 orientado al futuro. Nuestra tecnolog\u00eda de vanguardia en placas radiogr\u00e1ficas de f\u00f3sforo IQ\" \/>\n<meta name=\"robots\" content=\"index, follow, max-snippet:-1, max-image-preview:large, max-video-preview:-1\" \/>\n<link rel=\"canonical\" href=\"https:\/\/amedis.es\/tienda\/producto\/vistascan-mini-easy-2-0\/\" \/>\n<meta property=\"og:locale\" content=\"es_ES\" \/>\n<meta property=\"og:type\" content=\"article\" \/>\n<meta property=\"og:title\" content=\"VISTASCAN MINI EASY 2.0 | Amedis\" \/>\n<meta property=\"og:description\" content=\"istascan mini easy 2.0. En el nuevo VistaScan Mini Easy 2.0 no solo el dise\u00f1o est\u00e1 orientado al futuro. Nuestra tecnolog\u00eda de vanguardia en placas radiogr\u00e1ficas de f\u00f3sforo IQ\" \/>\n<meta property=\"og:url\" content=\"https:\/\/amedis.es\/tienda\/producto\/vistascan-mini-easy-2-0\/\" \/>\n<meta property=\"og:site_name\" content=\"Amedis\" \/>\n<meta property=\"article:modified_time\" content=\"2025-11-23T18:17:36+00:00\" \/>\n<meta property=\"og:image\" content=\"https:\/\/amedis.es\/tienda\/wp-content\/uploads\/2025\/05\/VISTASCAN-MINI-EASY-2.0.jpg\" \/>\n\t<meta property=\"og:image:width\" content=\"645\" \/>\n\t<meta property=\"og:image:height\" content=\"645\" \/>\n\t<meta property=\"og:image:type\" content=\"image\/jpeg\" \/>\n<meta name=\"twitter:card\" content=\"summary_large_image\" \/>\n<meta name=\"twitter:label1\" content=\"Tiempo de lectura\" \/>\n\t<meta name=\"twitter:data1\" content=\"1 minuto\" \/>\n<script type=\"application\/ld+json\" class=\"yoast-schema-graph\">{\"@context\":\"https:\\\/\\\/schema.org\",\"@graph\":[{\"@type\":\"WebPage\",\"@id\":\"https:\\\/\\\/amedis.es\\\/tienda\\\/producto\\\/vistascan-mini-easy-2-0\\\/\",\"url\":\"https:\\\/\\\/amedis.es\\\/tienda\\\/producto\\\/vistascan-mini-easy-2-0\\\/\",\"name\":\"VISTASCAN MINI EASY 2.0 | Amedis\",\"isPartOf\":{\"@id\":\"https:\\\/\\\/amedis.es\\\/tienda\\\/#website\"},\"primaryImageOfPage\":{\"@id\":\"https:\\\/\\\/amedis.es\\\/tienda\\\/producto\\\/vistascan-mini-easy-2-0\\\/#primaryimage\"},\"image\":{\"@id\":\"https:\\\/\\\/amedis.es\\\/tienda\\\/producto\\\/vistascan-mini-easy-2-0\\\/#primaryimage\"},\"thumbnailUrl\":\"https:\\\/\\\/amedis.es\\\/tienda\\\/wp-content\\\/uploads\\\/2025\\\/05\\\/VISTASCAN-MINI-EASY-2.0.jpg\",\"datePublished\":\"2025-05-09T08:34:31+00:00\",\"dateModified\":\"2025-11-23T18:17:36+00:00\",\"description\":\"istascan mini easy 2.0. En el nuevo VistaScan Mini Easy 2.0 no solo el dise\u00f1o est\u00e1 orientado al futuro. Nuestra tecnolog\u00eda de vanguardia en placas radiogr\u00e1ficas de f\u00f3sforo IQ\",\"breadcrumb\":{\"@id\":\"https:\\\/\\\/amedis.es\\\/tienda\\\/producto\\\/vistascan-mini-easy-2-0\\\/#breadcrumb\"},\"inLanguage\":\"es\",\"potentialAction\":[{\"@type\":\"ReadAction\",\"target\":[\"https:\\\/\\\/amedis.es\\\/tienda\\\/producto\\\/vistascan-mini-easy-2-0\\\/\"]}]},{\"@type\":\"ImageObject\",\"inLanguage\":\"es\",\"@id\":\"https:\\\/\\\/amedis.es\\\/tienda\\\/producto\\\/vistascan-mini-easy-2-0\\\/#primaryimage\",\"url\":\"https:\\\/\\\/amedis.es\\\/tienda\\\/wp-content\\\/uploads\\\/2025\\\/05\\\/VISTASCAN-MINI-EASY-2.0.jpg\",\"contentUrl\":\"https:\\\/\\\/amedis.es\\\/tienda\\\/wp-content\\\/uploads\\\/2025\\\/05\\\/VISTASCAN-MINI-EASY-2.0.jpg\",\"width\":645,\"height\":645,\"caption\":\"Amedis VISTASCAN MINI EASY 2.0\"},{\"@type\":\"BreadcrumbList\",\"@id\":\"https:\\\/\\\/amedis.es\\\/tienda\\\/producto\\\/vistascan-mini-easy-2-0\\\/#breadcrumb\",\"itemListElement\":[{\"@type\":\"ListItem\",\"position\":1,\"name\":\"Portada\",\"item\":\"https:\\\/\\\/amedis.es\\\/tienda\\\/\"},{\"@type\":\"ListItem\",\"position\":2,\"name\":\"Amedis | Suministros M\u00e9dicos y Dentales | Tienda\",\"item\":\"https:\\\/\\\/amedis.es\\\/tienda\\\/suministros-medicos-y-dentales\\\/\"},{\"@type\":\"ListItem\",\"position\":3,\"name\":\"VISTASCAN MINI EASY 2.0\"}]},{\"@type\":\"WebSite\",\"@id\":\"https:\\\/\\\/amedis.es\\\/tienda\\\/#website\",\"url\":\"https:\\\/\\\/amedis.es\\\/tienda\\\/\",\"name\":\"Amedis\",\"description\":\"Suministros M\u00e9dicos y Dentales\",\"publisher\":{\"@id\":\"https:\\\/\\\/amedis.es\\\/tienda\\\/#organization\"},\"potentialAction\":[{\"@type\":\"SearchAction\",\"target\":{\"@type\":\"EntryPoint\",\"urlTemplate\":\"https:\\\/\\\/amedis.es\\\/tienda\\\/?s={search_term_string}\"},\"query-input\":{\"@type\":\"PropertyValueSpecification\",\"valueRequired\":true,\"valueName\":\"search_term_string\"}}],\"inLanguage\":\"es\"},{\"@type\":\"Organization\",\"@id\":\"https:\\\/\\\/amedis.es\\\/tienda\\\/#organization\",\"name\":\"Amedis | Suministros M\u00e9dicos y Dentales\",\"url\":\"https:\\\/\\\/amedis.es\\\/tienda\\\/\",\"logo\":{\"@type\":\"ImageObject\",\"inLanguage\":\"es\",\"@id\":\"https:\\\/\\\/amedis.es\\\/tienda\\\/#\\\/schema\\\/logo\\\/image\\\/\",\"url\":\"https:\\\/\\\/amedis.es\\\/tienda\\\/wp-content\\\/uploads\\\/2020\\\/05\\\/logo-1.png\",\"contentUrl\":\"https:\\\/\\\/amedis.es\\\/tienda\\\/wp-content\\\/uploads\\\/2020\\\/05\\\/logo-1.png\",\"width\":191,\"height\":80,\"caption\":\"Amedis | Suministros M\u00e9dicos y Dentales\"},\"image\":{\"@id\":\"https:\\\/\\\/amedis.es\\\/tienda\\\/#\\\/schema\\\/logo\\\/image\\\/\"}}]}<\/script>\n<!-- \/ Yoast SEO plugin. -->","yoast_head_json":{"title":"VISTASCAN MINI EASY 2.0 | Amedis","description":"istascan mini easy 2.0. En el nuevo VistaScan Mini Easy 2.0 no solo el dise\u00f1o est\u00e1 orientado al futuro. Nuestra tecnolog\u00eda de vanguardia en placas radiogr\u00e1ficas de f\u00f3sforo IQ","robots":{"index":"index","follow":"follow","max-snippet":"max-snippet:-1","max-image-preview":"max-image-preview:large","max-video-preview":"max-video-preview:-1"},"canonical":"https:\/\/amedis.es\/tienda\/producto\/vistascan-mini-easy-2-0\/","og_locale":"es_ES","og_type":"article","og_title":"VISTASCAN MINI EASY 2.0 | Amedis","og_description":"istascan mini easy 2.0. En el nuevo VistaScan Mini Easy 2.0 no solo el dise\u00f1o est\u00e1 orientado al futuro. Nuestra tecnolog\u00eda de vanguardia en placas radiogr\u00e1ficas de f\u00f3sforo IQ","og_url":"https:\/\/amedis.es\/tienda\/producto\/vistascan-mini-easy-2-0\/","og_site_name":"Amedis","article_modified_time":"2025-11-23T18:17:36+00:00","og_image":[{"width":645,"height":645,"url":"https:\/\/amedis.es\/tienda\/wp-content\/uploads\/2025\/05\/VISTASCAN-MINI-EASY-2.0.jpg","type":"image\/jpeg"}],"twitter_card":"summary_large_image","twitter_misc":{"Tiempo de lectura":"1 minuto"},"schema":{"@context":"https:\/\/schema.org","@graph":[{"@type":"WebPage","@id":"https:\/\/amedis.es\/tienda\/producto\/vistascan-mini-easy-2-0\/","url":"https:\/\/amedis.es\/tienda\/producto\/vistascan-mini-easy-2-0\/","name":"VISTASCAN MINI EASY 2.0 | Amedis","isPartOf":{"@id":"https:\/\/amedis.es\/tienda\/#website"},"primaryImageOfPage":{"@id":"https:\/\/amedis.es\/tienda\/producto\/vistascan-mini-easy-2-0\/#primaryimage"},"image":{"@id":"https:\/\/amedis.es\/tienda\/producto\/vistascan-mini-easy-2-0\/#primaryimage"},"thumbnailUrl":"https:\/\/amedis.es\/tienda\/wp-content\/uploads\/2025\/05\/VISTASCAN-MINI-EASY-2.0.jpg","datePublished":"2025-05-09T08:34:31+00:00","dateModified":"2025-11-23T18:17:36+00:00","description":"istascan mini easy 2.0. En el nuevo VistaScan Mini Easy 2.0 no solo el dise\u00f1o est\u00e1 orientado al futuro. Nuestra tecnolog\u00eda de vanguardia en placas radiogr\u00e1ficas de f\u00f3sforo IQ","breadcrumb":{"@id":"https:\/\/amedis.es\/tienda\/producto\/vistascan-mini-easy-2-0\/#breadcrumb"},"inLanguage":"es","potentialAction":[{"@type":"ReadAction","target":["https:\/\/amedis.es\/tienda\/producto\/vistascan-mini-easy-2-0\/"]}]},{"@type":"ImageObject","inLanguage":"es","@id":"https:\/\/amedis.es\/tienda\/producto\/vistascan-mini-easy-2-0\/#primaryimage","url":"https:\/\/amedis.es\/tienda\/wp-content\/uploads\/2025\/05\/VISTASCAN-MINI-EASY-2.0.jpg","contentUrl":"https:\/\/amedis.es\/tienda\/wp-content\/uploads\/2025\/05\/VISTASCAN-MINI-EASY-2.0.jpg","width":645,"height":645,"caption":"Amedis VISTASCAN MINI EASY 2.0"},{"@type":"BreadcrumbList","@id":"https:\/\/amedis.es\/tienda\/producto\/vistascan-mini-easy-2-0\/#breadcrumb","itemListElement":[{"@type":"ListItem","position":1,"name":"Portada","item":"https:\/\/amedis.es\/tienda\/"},{"@type":"ListItem","position":2,"name":"Amedis | Suministros M\u00e9dicos y Dentales | Tienda","item":"https:\/\/amedis.es\/tienda\/suministros-medicos-y-dentales\/"},{"@type":"ListItem","position":3,"name":"VISTASCAN MINI EASY 2.0"}]},{"@type":"WebSite","@id":"https:\/\/amedis.es\/tienda\/#website","url":"https:\/\/amedis.es\/tienda\/","name":"Amedis","description":"Suministros M\u00e9dicos y Dentales","publisher":{"@id":"https:\/\/amedis.es\/tienda\/#organization"},"potentialAction":[{"@type":"SearchAction","target":{"@type":"EntryPoint","urlTemplate":"https:\/\/amedis.es\/tienda\/?s={search_term_string}"},"query-input":{"@type":"PropertyValueSpecification","valueRequired":true,"valueName":"search_term_string"}}],"inLanguage":"es"},{"@type":"Organization","@id":"https:\/\/amedis.es\/tienda\/#organization","name":"Amedis | Suministros M\u00e9dicos y Dentales","url":"https:\/\/amedis.es\/tienda\/","logo":{"@type":"ImageObject","inLanguage":"es","@id":"https:\/\/amedis.es\/tienda\/#\/schema\/logo\/image\/","url":"https:\/\/amedis.es\/tienda\/wp-content\/uploads\/2020\/05\/logo-1.png","contentUrl":"https:\/\/amedis.es\/tienda\/wp-content\/uploads\/2020\/05\/logo-1.png","width":191,"height":80,"caption":"Amedis | Suministros M\u00e9dicos y Dentales"},"image":{"@id":"https:\/\/amedis.es\/tienda\/#\/schema\/logo\/image\/"}}]}},"brands":[{"id":2410,"name":"DURR","slug":"durr"}],"_links":{"self":[{"href":"https:\/\/amedis.es\/tienda\/wp-json\/wp\/v2\/product\/33166","targetHints":{"allow":["GET"]}}],"collection":[{"href":"https:\/\/amedis.es\/tienda\/wp-json\/wp\/v2\/product"}],"about":[{"href":"https:\/\/amedis.es\/tienda\/wp-json\/wp\/v2\/types\/product"}],"wp:featuredmedia":[{"embeddable":true,"href":"https:\/\/amedis.es\/tienda\/wp-json\/wp\/v2\/media\/33167"}],"wp:attachment":[{"href":"https:\/\/amedis.es\/tienda\/wp-json\/wp\/v2\/media?parent=33166"}],"wp:term":[{"taxonomy":"pwb-brand","embeddable":true,"href":"https:\/\/amedis.es\/tienda\/wp-json\/wp\/v2\/pwb-brand?post=33166"},{"taxonomy":"product_brand","embeddable":true,"href":"https:\/\/amedis.es\/tienda\/wp-json\/wp\/v2\/product_brand?post=33166"},{"taxonomy":"product_cat","embeddable":true,"href":"https:\/\/amedis.es\/tienda\/wp-json\/wp\/v2\/product_cat?post=33166"},{"taxonomy":"product_tag","embeddable":true,"href":"https:\/\/amedis.es\/tienda\/wp-json\/wp\/v2\/product_tag?post=33166"}],"curies":[{"name":"wp","href":"https:\/\/api.w.org\/{rel}","templated":true}]}}