{"id":33135,"date":"2025-05-08T15:52:49","date_gmt":"2025-05-08T15:52:49","guid":{"rendered":"https:\/\/amedis.es\/tienda\/?post_type=product&#038;p=33135"},"modified":"2025-05-08T16:02:47","modified_gmt":"2025-05-08T16:02:47","slug":"captador-rvg-6200-s1-camara-cs-1200","status":"publish","type":"product","link":"https:\/\/amedis.es\/tienda\/producto\/captador-rvg-6200-s1-camara-cs-1200\/","title":{"rendered":"CAPTADOR RVG 6200 S1 + C\u00c1MARA CS 1200"},"content":{"rendered":"<p>Captador RVG 6200 S1 + C\u00e1mara CS 1200.<\/p>\n<p>RVG 6200 tama\u00f1o 1\u00a0incluye:<\/p>\n<p>&#8211; El sensor RVG 6200 con conexi\u00f3n USB 2. Longitud del cable 3 metros.<br \/>\n&#8211; Kit de accesorios de posicionamiento.<br \/>\n&#8211; soportes tipo cepillo para sensores de tama\u00f1o 1.<br \/>\n&#8211; Caja de fundas higi\u00e9nicas (50 unidades).<br \/>\n&#8211; Gu\u00eda del usuario.<br \/>\n&#8211; Gu\u00eda de instalaci\u00f3n.<br \/>\n&#8211; montaje en mural para el almacenamiento del sensor.<br \/>\n&#8211; Software de im\u00e1genes para odontolog\u00eda Dental, Versi\u00f3n para Windows.<\/p>\n<p>C\u00e1mara Intraoral USB CS 1200 incluye:<\/p>\n<p>&#8211; Pieza de mano.<br \/>\n&#8211; Soporte pieza de mano.<br \/>\n&#8211; 3 m de cable USB.<br \/>\n&#8211; Fundas higi\u00e9nicas (10).<br \/>\n&#8211; Gu\u00eda r\u00e1pida de inicio.<br \/>\n&#8211; CD (Manual).<br \/>\n&#8211; Software de im\u00e1genes para odontolog\u00eda Dental, Versi\u00f3n para Windows.<\/p>\n","protected":false},"excerpt":{"rendered":"<p>CONTENIDO: 1 RVG 6200 tama\u00f1o 1 + C\u00e1mara intraoral USB CS 1200.<\/p>\n","protected":false},"featured_media":33136,"template":"","meta":[],"pwb-brand":[2406],"product_brand":[],"product_cat":[283,1414,2590],"product_tag":[],"class_list":{"0":"post-33135","1":"product","2":"type-product","3":"status-publish","4":"has-post-thumbnail","6":"pwb-brand-carestream","7":"product_cat-equipamiento","8":"product_cat-imagen-digital","9":"product_cat-sensor-intraoral-con-cable","11":"first","12":"instock","13":"sale","14":"taxable","15":"shipping-taxable","16":"purchasable","17":"product-type-simple"},"yoast_head":"<!-- This site is optimized with the Yoast SEO plugin v27.4 - https:\/\/yoast.com\/product\/yoast-seo-wordpress\/ -->\n<title>CAPTADOR RVG 6200 S1 + C\u00c1MARA CS 1200 | Amedis<\/title>\n<meta name=\"description\" content=\"Sensor intraoral con cable Sopix SD. Los sistemas de radiolog\u00eda SOPIX integran la \u00faltima tecnolog\u00eda CMOS con fibra \u00f3ptica.\" \/>\n<meta name=\"robots\" content=\"index, follow, max-snippet:-1, max-image-preview:large, max-video-preview:-1\" \/>\n<link rel=\"canonical\" href=\"https:\/\/amedis.es\/tienda\/?product=captador-rvg-6200-s1-camara-cs-1200\" \/>\n<meta property=\"og:locale\" content=\"es_ES\" \/>\n<meta property=\"og:type\" content=\"article\" \/>\n<meta property=\"og:title\" content=\"CAPTADOR RVG 6200 S1 + C\u00c1MARA CS 1200 | Amedis\" \/>\n<meta property=\"og:description\" content=\"Sensor intraoral con cable Sopix SD. Los sistemas de radiolog\u00eda SOPIX integran la \u00faltima tecnolog\u00eda CMOS con fibra \u00f3ptica.\" \/>\n<meta property=\"og:url\" content=\"https:\/\/amedis.es\/tienda\/?product=captador-rvg-6200-s1-camara-cs-1200\" \/>\n<meta property=\"og:site_name\" content=\"Amedis\" \/>\n<meta property=\"article:modified_time\" content=\"2025-05-08T16:02:47+00:00\" \/>\n<meta property=\"og:image\" content=\"https:\/\/amedis.es\/tienda\/wp-content\/uploads\/2025\/05\/CAPTADOR-RVG-6200-S1-CAMARA-CS-1200.jpg\" \/>\n\t<meta property=\"og:image:width\" content=\"600\" \/>\n\t<meta property=\"og:image:height\" content=\"600\" \/>\n\t<meta property=\"og:image:type\" content=\"image\/jpeg\" \/>\n<meta name=\"twitter:card\" content=\"summary_large_image\" \/>\n<meta name=\"twitter:label1\" content=\"Tiempo de lectura\" \/>\n\t<meta name=\"twitter:data1\" content=\"1 minuto\" \/>\n<script type=\"application\/ld+json\" class=\"yoast-schema-graph\">{\"@context\":\"https:\\\/\\\/schema.org\",\"@graph\":[{\"@type\":\"WebPage\",\"@id\":\"https:\\\/\\\/amedis.es\\\/tienda\\\/?product=captador-rvg-6200-s1-camara-cs-1200\",\"url\":\"https:\\\/\\\/amedis.es\\\/tienda\\\/?product=captador-rvg-6200-s1-camara-cs-1200\",\"name\":\"CAPTADOR RVG 6200 S1 + C\u00c1MARA CS 1200 | Amedis\",\"isPartOf\":{\"@id\":\"https:\\\/\\\/amedis.es\\\/tienda\\\/#website\"},\"primaryImageOfPage\":{\"@id\":\"https:\\\/\\\/amedis.es\\\/tienda\\\/?product=captador-rvg-6200-s1-camara-cs-1200#primaryimage\"},\"image\":{\"@id\":\"https:\\\/\\\/amedis.es\\\/tienda\\\/?product=captador-rvg-6200-s1-camara-cs-1200#primaryimage\"},\"thumbnailUrl\":\"https:\\\/\\\/amedis.es\\\/tienda\\\/wp-content\\\/uploads\\\/2025\\\/05\\\/CAPTADOR-RVG-6200-S1-CAMARA-CS-1200.jpg\",\"datePublished\":\"2025-05-08T15:52:49+00:00\",\"dateModified\":\"2025-05-08T16:02:47+00:00\",\"description\":\"Sensor intraoral con cable Sopix SD. Los sistemas de radiolog\u00eda SOPIX integran la \u00faltima tecnolog\u00eda CMOS con fibra \u00f3ptica.\",\"breadcrumb\":{\"@id\":\"https:\\\/\\\/amedis.es\\\/tienda\\\/?product=captador-rvg-6200-s1-camara-cs-1200#breadcrumb\"},\"inLanguage\":\"es\",\"potentialAction\":[{\"@type\":\"ReadAction\",\"target\":[\"https:\\\/\\\/amedis.es\\\/tienda\\\/?product=captador-rvg-6200-s1-camara-cs-1200\"]}]},{\"@type\":\"ImageObject\",\"inLanguage\":\"es\",\"@id\":\"https:\\\/\\\/amedis.es\\\/tienda\\\/?product=captador-rvg-6200-s1-camara-cs-1200#primaryimage\",\"url\":\"https:\\\/\\\/amedis.es\\\/tienda\\\/wp-content\\\/uploads\\\/2025\\\/05\\\/CAPTADOR-RVG-6200-S1-CAMARA-CS-1200.jpg\",\"contentUrl\":\"https:\\\/\\\/amedis.es\\\/tienda\\\/wp-content\\\/uploads\\\/2025\\\/05\\\/CAPTADOR-RVG-6200-S1-CAMARA-CS-1200.jpg\",\"width\":600,\"height\":600,\"caption\":\"Amedis CAPTADOR RVG 6200 S1 + CAMARA CS 1200\"},{\"@type\":\"BreadcrumbList\",\"@id\":\"https:\\\/\\\/amedis.es\\\/tienda\\\/?product=captador-rvg-6200-s1-camara-cs-1200#breadcrumb\",\"itemListElement\":[{\"@type\":\"ListItem\",\"position\":1,\"name\":\"Portada\",\"item\":\"https:\\\/\\\/amedis.es\\\/tienda\\\/\"},{\"@type\":\"ListItem\",\"position\":2,\"name\":\"Amedis | Suministros M\u00e9dicos y Dentales | Tienda\",\"item\":\"https:\\\/\\\/amedis.es\\\/tienda\\\/suministros-medicos-y-dentales\\\/\"},{\"@type\":\"ListItem\",\"position\":3,\"name\":\"CAPTADOR RVG 6200 S1 + C\u00c1MARA CS 1200\"}]},{\"@type\":\"WebSite\",\"@id\":\"https:\\\/\\\/amedis.es\\\/tienda\\\/#website\",\"url\":\"https:\\\/\\\/amedis.es\\\/tienda\\\/\",\"name\":\"Amedis\",\"description\":\"Suministros M\u00e9dicos y Dentales\",\"publisher\":{\"@id\":\"https:\\\/\\\/amedis.es\\\/tienda\\\/#organization\"},\"potentialAction\":[{\"@type\":\"SearchAction\",\"target\":{\"@type\":\"EntryPoint\",\"urlTemplate\":\"https:\\\/\\\/amedis.es\\\/tienda\\\/?s={search_term_string}\"},\"query-input\":{\"@type\":\"PropertyValueSpecification\",\"valueRequired\":true,\"valueName\":\"search_term_string\"}}],\"inLanguage\":\"es\"},{\"@type\":\"Organization\",\"@id\":\"https:\\\/\\\/amedis.es\\\/tienda\\\/#organization\",\"name\":\"Amedis | Suministros M\u00e9dicos y Dentales\",\"url\":\"https:\\\/\\\/amedis.es\\\/tienda\\\/\",\"logo\":{\"@type\":\"ImageObject\",\"inLanguage\":\"es\",\"@id\":\"https:\\\/\\\/amedis.es\\\/tienda\\\/#\\\/schema\\\/logo\\\/image\\\/\",\"url\":\"https:\\\/\\\/amedis.es\\\/tienda\\\/wp-content\\\/uploads\\\/2020\\\/05\\\/logo-1.png\",\"contentUrl\":\"https:\\\/\\\/amedis.es\\\/tienda\\\/wp-content\\\/uploads\\\/2020\\\/05\\\/logo-1.png\",\"width\":191,\"height\":80,\"caption\":\"Amedis | Suministros M\u00e9dicos y Dentales\"},\"image\":{\"@id\":\"https:\\\/\\\/amedis.es\\\/tienda\\\/#\\\/schema\\\/logo\\\/image\\\/\"}}]}<\/script>\n<!-- \/ Yoast SEO plugin. -->","yoast_head_json":{"title":"CAPTADOR RVG 6200 S1 + C\u00c1MARA CS 1200 | Amedis","description":"Sensor intraoral con cable Sopix SD. Los sistemas de radiolog\u00eda SOPIX integran la \u00faltima tecnolog\u00eda CMOS con fibra \u00f3ptica.","robots":{"index":"index","follow":"follow","max-snippet":"max-snippet:-1","max-image-preview":"max-image-preview:large","max-video-preview":"max-video-preview:-1"},"canonical":"https:\/\/amedis.es\/tienda\/?product=captador-rvg-6200-s1-camara-cs-1200","og_locale":"es_ES","og_type":"article","og_title":"CAPTADOR RVG 6200 S1 + C\u00c1MARA CS 1200 | Amedis","og_description":"Sensor intraoral con cable Sopix SD. Los sistemas de radiolog\u00eda SOPIX integran la \u00faltima tecnolog\u00eda CMOS con fibra \u00f3ptica.","og_url":"https:\/\/amedis.es\/tienda\/?product=captador-rvg-6200-s1-camara-cs-1200","og_site_name":"Amedis","article_modified_time":"2025-05-08T16:02:47+00:00","og_image":[{"width":600,"height":600,"url":"https:\/\/amedis.es\/tienda\/wp-content\/uploads\/2025\/05\/CAPTADOR-RVG-6200-S1-CAMARA-CS-1200.jpg","type":"image\/jpeg"}],"twitter_card":"summary_large_image","twitter_misc":{"Tiempo de lectura":"1 minuto"},"schema":{"@context":"https:\/\/schema.org","@graph":[{"@type":"WebPage","@id":"https:\/\/amedis.es\/tienda\/?product=captador-rvg-6200-s1-camara-cs-1200","url":"https:\/\/amedis.es\/tienda\/?product=captador-rvg-6200-s1-camara-cs-1200","name":"CAPTADOR RVG 6200 S1 + C\u00c1MARA CS 1200 | Amedis","isPartOf":{"@id":"https:\/\/amedis.es\/tienda\/#website"},"primaryImageOfPage":{"@id":"https:\/\/amedis.es\/tienda\/?product=captador-rvg-6200-s1-camara-cs-1200#primaryimage"},"image":{"@id":"https:\/\/amedis.es\/tienda\/?product=captador-rvg-6200-s1-camara-cs-1200#primaryimage"},"thumbnailUrl":"https:\/\/amedis.es\/tienda\/wp-content\/uploads\/2025\/05\/CAPTADOR-RVG-6200-S1-CAMARA-CS-1200.jpg","datePublished":"2025-05-08T15:52:49+00:00","dateModified":"2025-05-08T16:02:47+00:00","description":"Sensor intraoral con cable Sopix SD. Los sistemas de radiolog\u00eda SOPIX integran la \u00faltima tecnolog\u00eda CMOS con fibra \u00f3ptica.","breadcrumb":{"@id":"https:\/\/amedis.es\/tienda\/?product=captador-rvg-6200-s1-camara-cs-1200#breadcrumb"},"inLanguage":"es","potentialAction":[{"@type":"ReadAction","target":["https:\/\/amedis.es\/tienda\/?product=captador-rvg-6200-s1-camara-cs-1200"]}]},{"@type":"ImageObject","inLanguage":"es","@id":"https:\/\/amedis.es\/tienda\/?product=captador-rvg-6200-s1-camara-cs-1200#primaryimage","url":"https:\/\/amedis.es\/tienda\/wp-content\/uploads\/2025\/05\/CAPTADOR-RVG-6200-S1-CAMARA-CS-1200.jpg","contentUrl":"https:\/\/amedis.es\/tienda\/wp-content\/uploads\/2025\/05\/CAPTADOR-RVG-6200-S1-CAMARA-CS-1200.jpg","width":600,"height":600,"caption":"Amedis CAPTADOR RVG 6200 S1 + CAMARA CS 1200"},{"@type":"BreadcrumbList","@id":"https:\/\/amedis.es\/tienda\/?product=captador-rvg-6200-s1-camara-cs-1200#breadcrumb","itemListElement":[{"@type":"ListItem","position":1,"name":"Portada","item":"https:\/\/amedis.es\/tienda\/"},{"@type":"ListItem","position":2,"name":"Amedis | Suministros M\u00e9dicos y Dentales | Tienda","item":"https:\/\/amedis.es\/tienda\/suministros-medicos-y-dentales\/"},{"@type":"ListItem","position":3,"name":"CAPTADOR RVG 6200 S1 + C\u00c1MARA CS 1200"}]},{"@type":"WebSite","@id":"https:\/\/amedis.es\/tienda\/#website","url":"https:\/\/amedis.es\/tienda\/","name":"Amedis","description":"Suministros M\u00e9dicos y Dentales","publisher":{"@id":"https:\/\/amedis.es\/tienda\/#organization"},"potentialAction":[{"@type":"SearchAction","target":{"@type":"EntryPoint","urlTemplate":"https:\/\/amedis.es\/tienda\/?s={search_term_string}"},"query-input":{"@type":"PropertyValueSpecification","valueRequired":true,"valueName":"search_term_string"}}],"inLanguage":"es"},{"@type":"Organization","@id":"https:\/\/amedis.es\/tienda\/#organization","name":"Amedis | Suministros M\u00e9dicos y Dentales","url":"https:\/\/amedis.es\/tienda\/","logo":{"@type":"ImageObject","inLanguage":"es","@id":"https:\/\/amedis.es\/tienda\/#\/schema\/logo\/image\/","url":"https:\/\/amedis.es\/tienda\/wp-content\/uploads\/2020\/05\/logo-1.png","contentUrl":"https:\/\/amedis.es\/tienda\/wp-content\/uploads\/2020\/05\/logo-1.png","width":191,"height":80,"caption":"Amedis | Suministros M\u00e9dicos y Dentales"},"image":{"@id":"https:\/\/amedis.es\/tienda\/#\/schema\/logo\/image\/"}}]}},"brands":[{"id":2406,"name":"CARESTREAM","slug":"carestream"}],"_links":{"self":[{"href":"https:\/\/amedis.es\/tienda\/wp-json\/wp\/v2\/product\/33135","targetHints":{"allow":["GET"]}}],"collection":[{"href":"https:\/\/amedis.es\/tienda\/wp-json\/wp\/v2\/product"}],"about":[{"href":"https:\/\/amedis.es\/tienda\/wp-json\/wp\/v2\/types\/product"}],"wp:featuredmedia":[{"embeddable":true,"href":"https:\/\/amedis.es\/tienda\/wp-json\/wp\/v2\/media\/33136"}],"wp:attachment":[{"href":"https:\/\/amedis.es\/tienda\/wp-json\/wp\/v2\/media?parent=33135"}],"wp:term":[{"taxonomy":"pwb-brand","embeddable":true,"href":"https:\/\/amedis.es\/tienda\/wp-json\/wp\/v2\/pwb-brand?post=33135"},{"taxonomy":"product_brand","embeddable":true,"href":"https:\/\/amedis.es\/tienda\/wp-json\/wp\/v2\/product_brand?post=33135"},{"taxonomy":"product_cat","embeddable":true,"href":"https:\/\/amedis.es\/tienda\/wp-json\/wp\/v2\/product_cat?post=33135"},{"taxonomy":"product_tag","embeddable":true,"href":"https:\/\/amedis.es\/tienda\/wp-json\/wp\/v2\/product_tag?post=33135"}],"curies":[{"name":"wp","href":"https:\/\/api.w.org\/{rel}","templated":true}]}}