{"id":33124,"date":"2025-05-08T14:47:23","date_gmt":"2025-05-08T14:47:23","guid":{"rendered":"https:\/\/amedis.es\/tienda\/?post_type=product&#038;p=33124"},"modified":"2025-05-08T14:57:44","modified_gmt":"2025-05-08T14:57:44","slug":"sensor-intraoral-u-sense-hd-talla-1-sopro-617","status":"publish","type":"product","link":"https:\/\/amedis.es\/tienda\/producto\/sensor-intraoral-u-sense-hd-talla-1-sopro-617\/","title":{"rendered":"SENSOR INTRAORAL U-SENSE HD TALLA 1 + SOPRO 617"},"content":{"rendered":"<p>Sensor intraoral U-Sense HD talla 1 + Sopro 617.<\/p>\n<p>U-SENSEHD es un sensor intraoral plug &amp; play:<br \/>\n&#8211; Im\u00e1genes de alta calidad para cualquier necesidad cl\u00ednica.<br \/>\n&#8211; Resoluci\u00f3n de 25 lp\/mm.<br \/>\n&#8211; Contraste inmejorable para un diagn\u00f3stico m\u00e1s fiable.<br \/>\n&#8211; Dise\u00f1o ergon\u00f3mico con esquinas redondeadas.<\/p>\n<p>El sensor digital U-SENSEHD se entrega con el potente y reconocido software Acteon Imaging Suite (AIS). La tecnolog\u00eda Fiber2Pixel ofrece un contraste sorprendente, lo que permite una mejor diferenciaci\u00f3n de los tejidos dentales. Alta resoluci\u00f3n de 25 lp\/mm para un diagn\u00f3stico preciso y fiable. Tiempo de adquisici\u00f3n de 3 segundos, beneficio de visualizaci\u00f3n instant\u00e1nea. Conexi\u00f3n USB directa para garantizar un f\u00e1cil manejo y funcionalidad.<\/p>\n","protected":false},"excerpt":{"rendered":"<p>CONTENIDO: 1 U-SENSE + 1 CAMARA INTRAORAL.<\/p>\n","protected":false},"featured_media":33125,"template":"","meta":[],"pwb-brand":[2364],"product_brand":[],"product_cat":[283,1414,2590],"product_tag":[],"class_list":{"0":"post-33124","1":"product","2":"type-product","3":"status-publish","4":"has-post-thumbnail","6":"pwb-brand-acteon","7":"product_cat-equipamiento","8":"product_cat-imagen-digital","9":"product_cat-sensor-intraoral-con-cable","11":"first","12":"onbackorder","13":"sale","14":"taxable","15":"shipping-taxable","16":"purchasable","17":"product-type-simple"},"yoast_head":"<!-- This site is optimized with the Yoast SEO plugin v27.4 - https:\/\/yoast.com\/product\/yoast-seo-wordpress\/ -->\n<title>SENSOR INTRAORAL U-SENSE HD TALLA 1 + SOPRO 617 | Amedis<\/title>\n<meta name=\"description\" content=\"Sensor intraoral U-Sense HD talla 1 + Sopro 617.\" \/>\n<meta name=\"robots\" content=\"index, follow, max-snippet:-1, max-image-preview:large, max-video-preview:-1\" \/>\n<link rel=\"canonical\" href=\"https:\/\/amedis.es\/tienda\/producto\/sensor-intraoral-u-sense-hd-talla-1-sopro-617\/\" \/>\n<meta property=\"og:locale\" content=\"es_ES\" \/>\n<meta property=\"og:type\" content=\"article\" \/>\n<meta property=\"og:title\" content=\"SENSOR INTRAORAL U-SENSE HD TALLA 1 + SOPRO 617 | Amedis\" \/>\n<meta property=\"og:description\" content=\"Sensor intraoral U-Sense HD talla 1 + Sopro 617.\" \/>\n<meta property=\"og:url\" content=\"https:\/\/amedis.es\/tienda\/producto\/sensor-intraoral-u-sense-hd-talla-1-sopro-617\/\" \/>\n<meta property=\"og:site_name\" content=\"Amedis\" \/>\n<meta property=\"article:modified_time\" content=\"2025-05-08T14:57:44+00:00\" \/>\n<meta property=\"og:image\" content=\"https:\/\/amedis.es\/tienda\/wp-content\/uploads\/2025\/05\/SENSOR-INTRAORAL-U-SENSE-HD-TALLA-1-SOPRO-617.jpg\" \/>\n\t<meta property=\"og:image:width\" content=\"600\" \/>\n\t<meta property=\"og:image:height\" content=\"600\" \/>\n\t<meta property=\"og:image:type\" content=\"image\/jpeg\" \/>\n<meta name=\"twitter:card\" content=\"summary_large_image\" \/>\n<meta name=\"twitter:label1\" content=\"Tiempo de lectura\" \/>\n\t<meta name=\"twitter:data1\" content=\"1 minuto\" \/>\n<script type=\"application\/ld+json\" class=\"yoast-schema-graph\">{\"@context\":\"https:\\\/\\\/schema.org\",\"@graph\":[{\"@type\":\"WebPage\",\"@id\":\"https:\\\/\\\/amedis.es\\\/tienda\\\/producto\\\/sensor-intraoral-u-sense-hd-talla-1-sopro-617\\\/\",\"url\":\"https:\\\/\\\/amedis.es\\\/tienda\\\/producto\\\/sensor-intraoral-u-sense-hd-talla-1-sopro-617\\\/\",\"name\":\"SENSOR INTRAORAL U-SENSE HD TALLA 1 + SOPRO 617 | Amedis\",\"isPartOf\":{\"@id\":\"https:\\\/\\\/amedis.es\\\/tienda\\\/#website\"},\"primaryImageOfPage\":{\"@id\":\"https:\\\/\\\/amedis.es\\\/tienda\\\/producto\\\/sensor-intraoral-u-sense-hd-talla-1-sopro-617\\\/#primaryimage\"},\"image\":{\"@id\":\"https:\\\/\\\/amedis.es\\\/tienda\\\/producto\\\/sensor-intraoral-u-sense-hd-talla-1-sopro-617\\\/#primaryimage\"},\"thumbnailUrl\":\"https:\\\/\\\/amedis.es\\\/tienda\\\/wp-content\\\/uploads\\\/2025\\\/05\\\/SENSOR-INTRAORAL-U-SENSE-HD-TALLA-1-SOPRO-617.jpg\",\"datePublished\":\"2025-05-08T14:47:23+00:00\",\"dateModified\":\"2025-05-08T14:57:44+00:00\",\"description\":\"Sensor intraoral U-Sense HD talla 1 + Sopro 617.\",\"breadcrumb\":{\"@id\":\"https:\\\/\\\/amedis.es\\\/tienda\\\/producto\\\/sensor-intraoral-u-sense-hd-talla-1-sopro-617\\\/#breadcrumb\"},\"inLanguage\":\"es\",\"potentialAction\":[{\"@type\":\"ReadAction\",\"target\":[\"https:\\\/\\\/amedis.es\\\/tienda\\\/producto\\\/sensor-intraoral-u-sense-hd-talla-1-sopro-617\\\/\"]}]},{\"@type\":\"ImageObject\",\"inLanguage\":\"es\",\"@id\":\"https:\\\/\\\/amedis.es\\\/tienda\\\/producto\\\/sensor-intraoral-u-sense-hd-talla-1-sopro-617\\\/#primaryimage\",\"url\":\"https:\\\/\\\/amedis.es\\\/tienda\\\/wp-content\\\/uploads\\\/2025\\\/05\\\/SENSOR-INTRAORAL-U-SENSE-HD-TALLA-1-SOPRO-617.jpg\",\"contentUrl\":\"https:\\\/\\\/amedis.es\\\/tienda\\\/wp-content\\\/uploads\\\/2025\\\/05\\\/SENSOR-INTRAORAL-U-SENSE-HD-TALLA-1-SOPRO-617.jpg\",\"width\":600,\"height\":600,\"caption\":\"Amedis SENSOR INTRAORAL U-SENSE HD TALLA 1 + SOPRO 617\"},{\"@type\":\"BreadcrumbList\",\"@id\":\"https:\\\/\\\/amedis.es\\\/tienda\\\/producto\\\/sensor-intraoral-u-sense-hd-talla-1-sopro-617\\\/#breadcrumb\",\"itemListElement\":[{\"@type\":\"ListItem\",\"position\":1,\"name\":\"Portada\",\"item\":\"https:\\\/\\\/amedis.es\\\/tienda\\\/\"},{\"@type\":\"ListItem\",\"position\":2,\"name\":\"Amedis | Suministros M\u00e9dicos y Dentales | Tienda\",\"item\":\"https:\\\/\\\/amedis.es\\\/tienda\\\/suministros-medicos-y-dentales\\\/\"},{\"@type\":\"ListItem\",\"position\":3,\"name\":\"SENSOR INTRAORAL U-SENSE HD TALLA 1 + SOPRO 617\"}]},{\"@type\":\"WebSite\",\"@id\":\"https:\\\/\\\/amedis.es\\\/tienda\\\/#website\",\"url\":\"https:\\\/\\\/amedis.es\\\/tienda\\\/\",\"name\":\"Amedis\",\"description\":\"Suministros M\u00e9dicos y Dentales\",\"publisher\":{\"@id\":\"https:\\\/\\\/amedis.es\\\/tienda\\\/#organization\"},\"potentialAction\":[{\"@type\":\"SearchAction\",\"target\":{\"@type\":\"EntryPoint\",\"urlTemplate\":\"https:\\\/\\\/amedis.es\\\/tienda\\\/?s={search_term_string}\"},\"query-input\":{\"@type\":\"PropertyValueSpecification\",\"valueRequired\":true,\"valueName\":\"search_term_string\"}}],\"inLanguage\":\"es\"},{\"@type\":\"Organization\",\"@id\":\"https:\\\/\\\/amedis.es\\\/tienda\\\/#organization\",\"name\":\"Amedis | Suministros M\u00e9dicos y Dentales\",\"url\":\"https:\\\/\\\/amedis.es\\\/tienda\\\/\",\"logo\":{\"@type\":\"ImageObject\",\"inLanguage\":\"es\",\"@id\":\"https:\\\/\\\/amedis.es\\\/tienda\\\/#\\\/schema\\\/logo\\\/image\\\/\",\"url\":\"https:\\\/\\\/amedis.es\\\/tienda\\\/wp-content\\\/uploads\\\/2020\\\/05\\\/logo-1.png\",\"contentUrl\":\"https:\\\/\\\/amedis.es\\\/tienda\\\/wp-content\\\/uploads\\\/2020\\\/05\\\/logo-1.png\",\"width\":191,\"height\":80,\"caption\":\"Amedis | Suministros M\u00e9dicos y Dentales\"},\"image\":{\"@id\":\"https:\\\/\\\/amedis.es\\\/tienda\\\/#\\\/schema\\\/logo\\\/image\\\/\"}}]}<\/script>\n<!-- \/ Yoast SEO plugin. -->","yoast_head_json":{"title":"SENSOR INTRAORAL U-SENSE HD TALLA 1 + SOPRO 617 | Amedis","description":"Sensor intraoral U-Sense HD talla 1 + Sopro 617.","robots":{"index":"index","follow":"follow","max-snippet":"max-snippet:-1","max-image-preview":"max-image-preview:large","max-video-preview":"max-video-preview:-1"},"canonical":"https:\/\/amedis.es\/tienda\/producto\/sensor-intraoral-u-sense-hd-talla-1-sopro-617\/","og_locale":"es_ES","og_type":"article","og_title":"SENSOR INTRAORAL U-SENSE HD TALLA 1 + SOPRO 617 | Amedis","og_description":"Sensor intraoral U-Sense HD talla 1 + Sopro 617.","og_url":"https:\/\/amedis.es\/tienda\/producto\/sensor-intraoral-u-sense-hd-talla-1-sopro-617\/","og_site_name":"Amedis","article_modified_time":"2025-05-08T14:57:44+00:00","og_image":[{"width":600,"height":600,"url":"https:\/\/amedis.es\/tienda\/wp-content\/uploads\/2025\/05\/SENSOR-INTRAORAL-U-SENSE-HD-TALLA-1-SOPRO-617.jpg","type":"image\/jpeg"}],"twitter_card":"summary_large_image","twitter_misc":{"Tiempo de lectura":"1 minuto"},"schema":{"@context":"https:\/\/schema.org","@graph":[{"@type":"WebPage","@id":"https:\/\/amedis.es\/tienda\/producto\/sensor-intraoral-u-sense-hd-talla-1-sopro-617\/","url":"https:\/\/amedis.es\/tienda\/producto\/sensor-intraoral-u-sense-hd-talla-1-sopro-617\/","name":"SENSOR INTRAORAL U-SENSE HD TALLA 1 + SOPRO 617 | Amedis","isPartOf":{"@id":"https:\/\/amedis.es\/tienda\/#website"},"primaryImageOfPage":{"@id":"https:\/\/amedis.es\/tienda\/producto\/sensor-intraoral-u-sense-hd-talla-1-sopro-617\/#primaryimage"},"image":{"@id":"https:\/\/amedis.es\/tienda\/producto\/sensor-intraoral-u-sense-hd-talla-1-sopro-617\/#primaryimage"},"thumbnailUrl":"https:\/\/amedis.es\/tienda\/wp-content\/uploads\/2025\/05\/SENSOR-INTRAORAL-U-SENSE-HD-TALLA-1-SOPRO-617.jpg","datePublished":"2025-05-08T14:47:23+00:00","dateModified":"2025-05-08T14:57:44+00:00","description":"Sensor intraoral U-Sense HD talla 1 + Sopro 617.","breadcrumb":{"@id":"https:\/\/amedis.es\/tienda\/producto\/sensor-intraoral-u-sense-hd-talla-1-sopro-617\/#breadcrumb"},"inLanguage":"es","potentialAction":[{"@type":"ReadAction","target":["https:\/\/amedis.es\/tienda\/producto\/sensor-intraoral-u-sense-hd-talla-1-sopro-617\/"]}]},{"@type":"ImageObject","inLanguage":"es","@id":"https:\/\/amedis.es\/tienda\/producto\/sensor-intraoral-u-sense-hd-talla-1-sopro-617\/#primaryimage","url":"https:\/\/amedis.es\/tienda\/wp-content\/uploads\/2025\/05\/SENSOR-INTRAORAL-U-SENSE-HD-TALLA-1-SOPRO-617.jpg","contentUrl":"https:\/\/amedis.es\/tienda\/wp-content\/uploads\/2025\/05\/SENSOR-INTRAORAL-U-SENSE-HD-TALLA-1-SOPRO-617.jpg","width":600,"height":600,"caption":"Amedis SENSOR INTRAORAL U-SENSE HD TALLA 1 + SOPRO 617"},{"@type":"BreadcrumbList","@id":"https:\/\/amedis.es\/tienda\/producto\/sensor-intraoral-u-sense-hd-talla-1-sopro-617\/#breadcrumb","itemListElement":[{"@type":"ListItem","position":1,"name":"Portada","item":"https:\/\/amedis.es\/tienda\/"},{"@type":"ListItem","position":2,"name":"Amedis | Suministros M\u00e9dicos y Dentales | Tienda","item":"https:\/\/amedis.es\/tienda\/suministros-medicos-y-dentales\/"},{"@type":"ListItem","position":3,"name":"SENSOR INTRAORAL U-SENSE HD TALLA 1 + SOPRO 617"}]},{"@type":"WebSite","@id":"https:\/\/amedis.es\/tienda\/#website","url":"https:\/\/amedis.es\/tienda\/","name":"Amedis","description":"Suministros M\u00e9dicos y Dentales","publisher":{"@id":"https:\/\/amedis.es\/tienda\/#organization"},"potentialAction":[{"@type":"SearchAction","target":{"@type":"EntryPoint","urlTemplate":"https:\/\/amedis.es\/tienda\/?s={search_term_string}"},"query-input":{"@type":"PropertyValueSpecification","valueRequired":true,"valueName":"search_term_string"}}],"inLanguage":"es"},{"@type":"Organization","@id":"https:\/\/amedis.es\/tienda\/#organization","name":"Amedis | Suministros M\u00e9dicos y Dentales","url":"https:\/\/amedis.es\/tienda\/","logo":{"@type":"ImageObject","inLanguage":"es","@id":"https:\/\/amedis.es\/tienda\/#\/schema\/logo\/image\/","url":"https:\/\/amedis.es\/tienda\/wp-content\/uploads\/2020\/05\/logo-1.png","contentUrl":"https:\/\/amedis.es\/tienda\/wp-content\/uploads\/2020\/05\/logo-1.png","width":191,"height":80,"caption":"Amedis | Suministros M\u00e9dicos y Dentales"},"image":{"@id":"https:\/\/amedis.es\/tienda\/#\/schema\/logo\/image\/"}}]}},"brands":[{"id":2364,"name":"ACTEON","slug":"acteon"}],"_links":{"self":[{"href":"https:\/\/amedis.es\/tienda\/wp-json\/wp\/v2\/product\/33124","targetHints":{"allow":["GET"]}}],"collection":[{"href":"https:\/\/amedis.es\/tienda\/wp-json\/wp\/v2\/product"}],"about":[{"href":"https:\/\/amedis.es\/tienda\/wp-json\/wp\/v2\/types\/product"}],"wp:featuredmedia":[{"embeddable":true,"href":"https:\/\/amedis.es\/tienda\/wp-json\/wp\/v2\/media\/33125"}],"wp:attachment":[{"href":"https:\/\/amedis.es\/tienda\/wp-json\/wp\/v2\/media?parent=33124"}],"wp:term":[{"taxonomy":"pwb-brand","embeddable":true,"href":"https:\/\/amedis.es\/tienda\/wp-json\/wp\/v2\/pwb-brand?post=33124"},{"taxonomy":"product_brand","embeddable":true,"href":"https:\/\/amedis.es\/tienda\/wp-json\/wp\/v2\/product_brand?post=33124"},{"taxonomy":"product_cat","embeddable":true,"href":"https:\/\/amedis.es\/tienda\/wp-json\/wp\/v2\/product_cat?post=33124"},{"taxonomy":"product_tag","embeddable":true,"href":"https:\/\/amedis.es\/tienda\/wp-json\/wp\/v2\/product_tag?post=33124"}],"curies":[{"name":"wp","href":"https:\/\/api.w.org\/{rel}","templated":true}]}}