{"id":32602,"date":"2025-03-26T16:53:02","date_gmt":"2025-03-26T16:53:02","guid":{"rendered":"https:\/\/amedis.es\/tienda\/?post_type=product&#038;p=32602"},"modified":"2026-03-15T18:43:41","modified_gmt":"2026-03-15T18:43:41","slug":"escaner-intraoral-medit-i700-wireless","status":"publish","type":"product","link":"https:\/\/amedis.es\/tienda\/producto\/escaner-intraoral-medit-i700-wireless\/","title":{"rendered":"ESCANER INTRAORAL MEDIT I700 WIRELESS"},"content":{"rendered":"<p>Esc\u00e1ner intraoral Medit i700 wireless. Experimente lo \u00faltimo en tecnolog\u00eda de escaneado dental, donde la comodidad se une a la precisi\u00f3n de vanguardia. Simplifique su flujo de trabajo dental con precisi\u00f3n y facilidad inal\u00e1mbricas. Sea testigo de c\u00f3mo esta innovadora tecnolog\u00eda da forma al futuro del diagn\u00f3stico dental.<\/p>\n<p>Su dise\u00f1o ligero reduce la fatiga de las manos, garantizando la comodidad durante un uso prolongado. Con la configuraci\u00f3n del concentrador adicional, escanee f\u00e1cilmente en varias sillas con un solo clic.<\/p>\n<p>Medit garantiza unos resultados precisos y detallados que permiten tomar decisiones basadas en datos con total confianza. Un escaneado r\u00e1pido con la calidad en la que conf\u00edan los pacientes. Disfrute de un escaneado r\u00e1pido y ultrasuave a velocidades de hasta 70 fps. La punta reversible se adapta a cavidades orales peque\u00f1as para un uso vers\u00e1til. Navegue por las exploraciones directamente en el esc\u00e1ner para ahorrar tiempo.<\/p>\n<p>Gestione hasta 30 maletas por carga de bater\u00eda y, con tres bater\u00edas incluidas, hasta 90 maletas. Cada bater\u00eda proporciona 1 hora de escaneado continuo y hasta 8 horas de tiempo de espera para un funcionamiento ininterrumpido durante todo el d\u00eda. Soporta 1 hora de escaneado y 8 horas en espera, dise\u00f1ado para largas sesiones. Despu\u00e9s de usar las 3 pilas, basta con enchufar el cable de alimentaci\u00f3n para seguir escaneando.<\/p>\n<p>\u2013 Sistema de desinfecci\u00f3n LED UV-C. Garantizan un espacio de exploraci\u00f3n est\u00e9ril, reduciendo los riesgos para la higiene dental.<\/p>\n<p>\u2013 Tecnolog\u00eda inal\u00e1mbrica de 60 GHz para un escaneado fiable.<\/p>\n","protected":false},"excerpt":{"rendered":"<p>CONTENIDO: 1 esc\u00e1ner Medit I700 wireless.<\/p>\n","protected":false},"featured_media":32607,"template":"","meta":[],"pwb-brand":[2597],"product_brand":[],"product_cat":[283,2596,1414],"product_tag":[],"class_list":{"0":"post-32602","1":"product","2":"type-product","3":"status-publish","4":"has-post-thumbnail","6":"pwb-brand-medit","7":"product_cat-equipamiento","8":"product_cat-escaner-intraoral","9":"product_cat-imagen-digital","11":"first","12":"instock","13":"sale","14":"taxable","15":"shipping-taxable","16":"purchasable","17":"product-type-simple"},"yoast_head":"<!-- This site is optimized with the Yoast SEO plugin v27.3 - https:\/\/yoast.com\/product\/yoast-seo-wordpress\/ -->\n<title>ESCANER INTRAORAL MEDIT I700 WIRELESS | Amedis<\/title>\n<meta name=\"description\" content=\"Esc\u00e1ner intraoral Medit i700 wireless. Experimente lo \u00faltimo en tecnolog\u00eda de escaneado dental, donde la comodidad se une a la precisi\u00f3n de vanguardia.\" \/>\n<meta name=\"robots\" content=\"index, follow, max-snippet:-1, max-image-preview:large, max-video-preview:-1\" \/>\n<link rel=\"canonical\" href=\"https:\/\/amedis.es\/tienda\/producto\/escaner-intraoral-medit-i700-wireless\/\" \/>\n<meta property=\"og:locale\" content=\"es_ES\" \/>\n<meta property=\"og:type\" content=\"article\" \/>\n<meta property=\"og:title\" content=\"ESCANER INTRAORAL MEDIT I700 WIRELESS | Amedis\" \/>\n<meta property=\"og:description\" content=\"Esc\u00e1ner intraoral Medit i700 wireless. Experimente lo \u00faltimo en tecnolog\u00eda de escaneado dental, donde la comodidad se une a la precisi\u00f3n de vanguardia.\" \/>\n<meta property=\"og:url\" content=\"https:\/\/amedis.es\/tienda\/producto\/escaner-intraoral-medit-i700-wireless\/\" \/>\n<meta property=\"og:site_name\" content=\"Amedis\" \/>\n<meta property=\"article:modified_time\" content=\"2026-03-15T18:43:41+00:00\" \/>\n<meta property=\"og:image\" content=\"https:\/\/amedis.es\/tienda\/wp-content\/uploads\/2025\/03\/ESCANER-INTRAORAL-MEDIT-I700-WIRELESS.jpg\" \/>\n\t<meta property=\"og:image:width\" content=\"600\" \/>\n\t<meta property=\"og:image:height\" content=\"600\" \/>\n\t<meta property=\"og:image:type\" content=\"image\/jpeg\" \/>\n<meta name=\"twitter:card\" content=\"summary_large_image\" \/>\n<meta name=\"twitter:label1\" content=\"Tiempo de lectura\" \/>\n\t<meta name=\"twitter:data1\" content=\"2 minutos\" \/>\n<script type=\"application\/ld+json\" class=\"yoast-schema-graph\">{\"@context\":\"https:\\\/\\\/schema.org\",\"@graph\":[{\"@type\":\"WebPage\",\"@id\":\"https:\\\/\\\/amedis.es\\\/tienda\\\/producto\\\/escaner-intraoral-medit-i700-wireless\\\/\",\"url\":\"https:\\\/\\\/amedis.es\\\/tienda\\\/producto\\\/escaner-intraoral-medit-i700-wireless\\\/\",\"name\":\"ESCANER INTRAORAL MEDIT I700 WIRELESS | Amedis\",\"isPartOf\":{\"@id\":\"https:\\\/\\\/amedis.es\\\/tienda\\\/#website\"},\"primaryImageOfPage\":{\"@id\":\"https:\\\/\\\/amedis.es\\\/tienda\\\/producto\\\/escaner-intraoral-medit-i700-wireless\\\/#primaryimage\"},\"image\":{\"@id\":\"https:\\\/\\\/amedis.es\\\/tienda\\\/producto\\\/escaner-intraoral-medit-i700-wireless\\\/#primaryimage\"},\"thumbnailUrl\":\"https:\\\/\\\/amedis.es\\\/tienda\\\/wp-content\\\/uploads\\\/2025\\\/03\\\/ESCANER-INTRAORAL-MEDIT-I700-WIRELESS.jpg\",\"datePublished\":\"2025-03-26T16:53:02+00:00\",\"dateModified\":\"2026-03-15T18:43:41+00:00\",\"description\":\"Esc\u00e1ner intraoral Medit i700 wireless. Experimente lo \u00faltimo en tecnolog\u00eda de escaneado dental, donde la comodidad se une a la precisi\u00f3n de vanguardia.\",\"breadcrumb\":{\"@id\":\"https:\\\/\\\/amedis.es\\\/tienda\\\/producto\\\/escaner-intraoral-medit-i700-wireless\\\/#breadcrumb\"},\"inLanguage\":\"es\",\"potentialAction\":[{\"@type\":\"ReadAction\",\"target\":[\"https:\\\/\\\/amedis.es\\\/tienda\\\/producto\\\/escaner-intraoral-medit-i700-wireless\\\/\"]}]},{\"@type\":\"ImageObject\",\"inLanguage\":\"es\",\"@id\":\"https:\\\/\\\/amedis.es\\\/tienda\\\/producto\\\/escaner-intraoral-medit-i700-wireless\\\/#primaryimage\",\"url\":\"https:\\\/\\\/amedis.es\\\/tienda\\\/wp-content\\\/uploads\\\/2025\\\/03\\\/ESCANER-INTRAORAL-MEDIT-I700-WIRELESS.jpg\",\"contentUrl\":\"https:\\\/\\\/amedis.es\\\/tienda\\\/wp-content\\\/uploads\\\/2025\\\/03\\\/ESCANER-INTRAORAL-MEDIT-I700-WIRELESS.jpg\",\"width\":600,\"height\":600,\"caption\":\"Amedis ESCANER INTRAORAL MEDIT I700 WIRELESS\"},{\"@type\":\"BreadcrumbList\",\"@id\":\"https:\\\/\\\/amedis.es\\\/tienda\\\/producto\\\/escaner-intraoral-medit-i700-wireless\\\/#breadcrumb\",\"itemListElement\":[{\"@type\":\"ListItem\",\"position\":1,\"name\":\"Portada\",\"item\":\"https:\\\/\\\/amedis.es\\\/tienda\\\/\"},{\"@type\":\"ListItem\",\"position\":2,\"name\":\"Amedis | Suministros M\u00e9dicos y Dentales | Tienda\",\"item\":\"https:\\\/\\\/amedis.es\\\/tienda\\\/suministros-medicos-y-dentales\\\/\"},{\"@type\":\"ListItem\",\"position\":3,\"name\":\"ESCANER INTRAORAL MEDIT I700 WIRELESS\"}]},{\"@type\":\"WebSite\",\"@id\":\"https:\\\/\\\/amedis.es\\\/tienda\\\/#website\",\"url\":\"https:\\\/\\\/amedis.es\\\/tienda\\\/\",\"name\":\"Amedis\",\"description\":\"Suministros M\u00e9dicos y Dentales\",\"publisher\":{\"@id\":\"https:\\\/\\\/amedis.es\\\/tienda\\\/#organization\"},\"potentialAction\":[{\"@type\":\"SearchAction\",\"target\":{\"@type\":\"EntryPoint\",\"urlTemplate\":\"https:\\\/\\\/amedis.es\\\/tienda\\\/?s={search_term_string}\"},\"query-input\":{\"@type\":\"PropertyValueSpecification\",\"valueRequired\":true,\"valueName\":\"search_term_string\"}}],\"inLanguage\":\"es\"},{\"@type\":\"Organization\",\"@id\":\"https:\\\/\\\/amedis.es\\\/tienda\\\/#organization\",\"name\":\"Amedis | Suministros M\u00e9dicos y Dentales\",\"url\":\"https:\\\/\\\/amedis.es\\\/tienda\\\/\",\"logo\":{\"@type\":\"ImageObject\",\"inLanguage\":\"es\",\"@id\":\"https:\\\/\\\/amedis.es\\\/tienda\\\/#\\\/schema\\\/logo\\\/image\\\/\",\"url\":\"https:\\\/\\\/amedis.es\\\/tienda\\\/wp-content\\\/uploads\\\/2020\\\/05\\\/logo-1.png\",\"contentUrl\":\"https:\\\/\\\/amedis.es\\\/tienda\\\/wp-content\\\/uploads\\\/2020\\\/05\\\/logo-1.png\",\"width\":191,\"height\":80,\"caption\":\"Amedis | Suministros M\u00e9dicos y Dentales\"},\"image\":{\"@id\":\"https:\\\/\\\/amedis.es\\\/tienda\\\/#\\\/schema\\\/logo\\\/image\\\/\"}}]}<\/script>\n<!-- \/ Yoast SEO plugin. -->","yoast_head_json":{"title":"ESCANER INTRAORAL MEDIT I700 WIRELESS | Amedis","description":"Esc\u00e1ner intraoral Medit i700 wireless. Experimente lo \u00faltimo en tecnolog\u00eda de escaneado dental, donde la comodidad se une a la precisi\u00f3n de vanguardia.","robots":{"index":"index","follow":"follow","max-snippet":"max-snippet:-1","max-image-preview":"max-image-preview:large","max-video-preview":"max-video-preview:-1"},"canonical":"https:\/\/amedis.es\/tienda\/producto\/escaner-intraoral-medit-i700-wireless\/","og_locale":"es_ES","og_type":"article","og_title":"ESCANER INTRAORAL MEDIT I700 WIRELESS | Amedis","og_description":"Esc\u00e1ner intraoral Medit i700 wireless. Experimente lo \u00faltimo en tecnolog\u00eda de escaneado dental, donde la comodidad se une a la precisi\u00f3n de vanguardia.","og_url":"https:\/\/amedis.es\/tienda\/producto\/escaner-intraoral-medit-i700-wireless\/","og_site_name":"Amedis","article_modified_time":"2026-03-15T18:43:41+00:00","og_image":[{"width":600,"height":600,"url":"https:\/\/amedis.es\/tienda\/wp-content\/uploads\/2025\/03\/ESCANER-INTRAORAL-MEDIT-I700-WIRELESS.jpg","type":"image\/jpeg"}],"twitter_card":"summary_large_image","twitter_misc":{"Tiempo de lectura":"2 minutos"},"schema":{"@context":"https:\/\/schema.org","@graph":[{"@type":"WebPage","@id":"https:\/\/amedis.es\/tienda\/producto\/escaner-intraoral-medit-i700-wireless\/","url":"https:\/\/amedis.es\/tienda\/producto\/escaner-intraoral-medit-i700-wireless\/","name":"ESCANER INTRAORAL MEDIT I700 WIRELESS | Amedis","isPartOf":{"@id":"https:\/\/amedis.es\/tienda\/#website"},"primaryImageOfPage":{"@id":"https:\/\/amedis.es\/tienda\/producto\/escaner-intraoral-medit-i700-wireless\/#primaryimage"},"image":{"@id":"https:\/\/amedis.es\/tienda\/producto\/escaner-intraoral-medit-i700-wireless\/#primaryimage"},"thumbnailUrl":"https:\/\/amedis.es\/tienda\/wp-content\/uploads\/2025\/03\/ESCANER-INTRAORAL-MEDIT-I700-WIRELESS.jpg","datePublished":"2025-03-26T16:53:02+00:00","dateModified":"2026-03-15T18:43:41+00:00","description":"Esc\u00e1ner intraoral Medit i700 wireless. Experimente lo \u00faltimo en tecnolog\u00eda de escaneado dental, donde la comodidad se une a la precisi\u00f3n de vanguardia.","breadcrumb":{"@id":"https:\/\/amedis.es\/tienda\/producto\/escaner-intraoral-medit-i700-wireless\/#breadcrumb"},"inLanguage":"es","potentialAction":[{"@type":"ReadAction","target":["https:\/\/amedis.es\/tienda\/producto\/escaner-intraoral-medit-i700-wireless\/"]}]},{"@type":"ImageObject","inLanguage":"es","@id":"https:\/\/amedis.es\/tienda\/producto\/escaner-intraoral-medit-i700-wireless\/#primaryimage","url":"https:\/\/amedis.es\/tienda\/wp-content\/uploads\/2025\/03\/ESCANER-INTRAORAL-MEDIT-I700-WIRELESS.jpg","contentUrl":"https:\/\/amedis.es\/tienda\/wp-content\/uploads\/2025\/03\/ESCANER-INTRAORAL-MEDIT-I700-WIRELESS.jpg","width":600,"height":600,"caption":"Amedis ESCANER INTRAORAL MEDIT I700 WIRELESS"},{"@type":"BreadcrumbList","@id":"https:\/\/amedis.es\/tienda\/producto\/escaner-intraoral-medit-i700-wireless\/#breadcrumb","itemListElement":[{"@type":"ListItem","position":1,"name":"Portada","item":"https:\/\/amedis.es\/tienda\/"},{"@type":"ListItem","position":2,"name":"Amedis | Suministros M\u00e9dicos y Dentales | Tienda","item":"https:\/\/amedis.es\/tienda\/suministros-medicos-y-dentales\/"},{"@type":"ListItem","position":3,"name":"ESCANER INTRAORAL MEDIT I700 WIRELESS"}]},{"@type":"WebSite","@id":"https:\/\/amedis.es\/tienda\/#website","url":"https:\/\/amedis.es\/tienda\/","name":"Amedis","description":"Suministros M\u00e9dicos y Dentales","publisher":{"@id":"https:\/\/amedis.es\/tienda\/#organization"},"potentialAction":[{"@type":"SearchAction","target":{"@type":"EntryPoint","urlTemplate":"https:\/\/amedis.es\/tienda\/?s={search_term_string}"},"query-input":{"@type":"PropertyValueSpecification","valueRequired":true,"valueName":"search_term_string"}}],"inLanguage":"es"},{"@type":"Organization","@id":"https:\/\/amedis.es\/tienda\/#organization","name":"Amedis | Suministros M\u00e9dicos y Dentales","url":"https:\/\/amedis.es\/tienda\/","logo":{"@type":"ImageObject","inLanguage":"es","@id":"https:\/\/amedis.es\/tienda\/#\/schema\/logo\/image\/","url":"https:\/\/amedis.es\/tienda\/wp-content\/uploads\/2020\/05\/logo-1.png","contentUrl":"https:\/\/amedis.es\/tienda\/wp-content\/uploads\/2020\/05\/logo-1.png","width":191,"height":80,"caption":"Amedis | Suministros M\u00e9dicos y Dentales"},"image":{"@id":"https:\/\/amedis.es\/tienda\/#\/schema\/logo\/image\/"}}]}},"brands":[{"id":2597,"name":"MEDIT","slug":"medit"}],"_links":{"self":[{"href":"https:\/\/amedis.es\/tienda\/wp-json\/wp\/v2\/product\/32602","targetHints":{"allow":["GET"]}}],"collection":[{"href":"https:\/\/amedis.es\/tienda\/wp-json\/wp\/v2\/product"}],"about":[{"href":"https:\/\/amedis.es\/tienda\/wp-json\/wp\/v2\/types\/product"}],"wp:featuredmedia":[{"embeddable":true,"href":"https:\/\/amedis.es\/tienda\/wp-json\/wp\/v2\/media\/32607"}],"wp:attachment":[{"href":"https:\/\/amedis.es\/tienda\/wp-json\/wp\/v2\/media?parent=32602"}],"wp:term":[{"taxonomy":"pwb-brand","embeddable":true,"href":"https:\/\/amedis.es\/tienda\/wp-json\/wp\/v2\/pwb-brand?post=32602"},{"taxonomy":"product_brand","embeddable":true,"href":"https:\/\/amedis.es\/tienda\/wp-json\/wp\/v2\/product_brand?post=32602"},{"taxonomy":"product_cat","embeddable":true,"href":"https:\/\/amedis.es\/tienda\/wp-json\/wp\/v2\/product_cat?post=32602"},{"taxonomy":"product_tag","embeddable":true,"href":"https:\/\/amedis.es\/tienda\/wp-json\/wp\/v2\/product_tag?post=32602"}],"curies":[{"name":"wp","href":"https:\/\/api.w.org\/{rel}","templated":true}]}}