{"id":32597,"date":"2025-03-26T11:01:07","date_gmt":"2025-03-26T11:01:07","guid":{"rendered":"https:\/\/amedis.es\/tienda\/?post_type=product&#038;p=32597"},"modified":"2026-03-15T18:44:34","modified_gmt":"2026-03-15T18:44:34","slug":"escaner-intraoral-medit-i700","status":"publish","type":"product","link":"https:\/\/amedis.es\/tienda\/producto\/escaner-intraoral-medit-i700\/","title":{"rendered":"ESCANER INTRAORAL MEDIT I700"},"content":{"rendered":"<p>Esc\u00e1ner intraoral Medit I700. Escaneado r\u00e1pido y preciso. Eleve su atenci\u00f3n dental con el Medit i700 de primer nivel, haciendo que las visitas sean m\u00e1s r\u00e1pidas y c\u00f3modas sin sacrificar la precisi\u00f3n. El Medit i700, con s\u00f3lo 245 g, es un 25% m\u00e1s compacto y un 12% m\u00e1s ligero que los modelos anteriores, lo que lo convierte en uno de los esc\u00e1neres intraorales m\u00e1s f\u00e1ciles de usar del mercado. Dise\u00f1ado para adaptarse c\u00f3modamente a cualquier mano y reducir la tensi\u00f3n durante procedimientos prolongados.<\/p>\n<p>&#8211; Capta todos los matices con 70 fps, para que tu pr\u00e1ctica se mueva a la velocidad del presente.<\/p>\n<p>&#8211; Obtenga escaneos m\u00e1s n\u00edtidos y r\u00e1pidos con una \u00f3ptica avanzada y un \u00e1rea de captura mayor.<\/p>\n<p>&#8211; Duplique la velocidad de escaneado para agilizar las citas, aumentando la eficacia y la atenci\u00f3n al paciente.<\/p>\n<p>&#8211; Solo tienes que conectar y escanear para simplificar la configuraci\u00f3n con un cable USB Type-C, evitando concentradores de alimentaci\u00f3n y cables enredados.<\/p>\n<p>&#8211; La punta reversible se adapta a cavidades orales peque\u00f1as para un uso vers\u00e1til.<\/p>\n<p>&#8211; Mantenga una visibilidad clara y sin vaho gracias a la tecnolog\u00eda antivaho.<\/p>\n<p>&nbsp;<\/p>\n","protected":false},"excerpt":{"rendered":"<p>CONTENIDO: 1 esc\u00e1ner Medit I700 + portatil.<\/p>\n","protected":false},"featured_media":32598,"template":"","meta":[],"pwb-brand":[2597],"product_brand":[],"product_cat":[283,2596,1414],"product_tag":[],"class_list":{"0":"post-32597","1":"product","2":"type-product","3":"status-publish","4":"has-post-thumbnail","6":"pwb-brand-medit","7":"product_cat-equipamiento","8":"product_cat-escaner-intraoral","9":"product_cat-imagen-digital","11":"first","12":"instock","13":"sale","14":"taxable","15":"shipping-taxable","16":"purchasable","17":"product-type-simple"},"yoast_head":"<!-- This site is optimized with the Yoast SEO plugin v27.4 - https:\/\/yoast.com\/product\/yoast-seo-wordpress\/ -->\n<title>ESCANER INTRAORAL MEDIT I700 | Amedis<\/title>\n<meta name=\"description\" content=\"Esc\u00e1ner intraoral Medit I700. Escaneado r\u00e1pido y preciso. Eleve su atenci\u00f3n dental con el Medit i700 de primer nivel, haciendo que las visitas sean m\u00e1s r\u00e1pidas.\" \/>\n<meta name=\"robots\" content=\"index, follow, max-snippet:-1, max-image-preview:large, max-video-preview:-1\" \/>\n<link rel=\"canonical\" href=\"https:\/\/amedis.es\/tienda\/producto\/escaner-intraoral-medit-i700\/\" \/>\n<meta property=\"og:locale\" content=\"es_ES\" \/>\n<meta property=\"og:type\" content=\"article\" \/>\n<meta property=\"og:title\" content=\"ESCANER INTRAORAL MEDIT I700 | Amedis\" \/>\n<meta property=\"og:description\" content=\"Esc\u00e1ner intraoral Medit I700. Escaneado r\u00e1pido y preciso. Eleve su atenci\u00f3n dental con el Medit i700 de primer nivel, haciendo que las visitas sean m\u00e1s r\u00e1pidas.\" \/>\n<meta property=\"og:url\" content=\"https:\/\/amedis.es\/tienda\/producto\/escaner-intraoral-medit-i700\/\" \/>\n<meta property=\"og:site_name\" content=\"Amedis\" \/>\n<meta property=\"article:modified_time\" content=\"2026-03-15T18:44:34+00:00\" \/>\n<meta property=\"og:image\" content=\"https:\/\/amedis.es\/tienda\/wp-content\/uploads\/2025\/03\/MEDIT-I700.jpg\" \/>\n\t<meta property=\"og:image:width\" content=\"672\" \/>\n\t<meta property=\"og:image:height\" content=\"600\" \/>\n\t<meta property=\"og:image:type\" content=\"image\/jpeg\" \/>\n<meta name=\"twitter:card\" content=\"summary_large_image\" \/>\n<meta name=\"twitter:label1\" content=\"Tiempo de lectura\" \/>\n\t<meta name=\"twitter:data1\" content=\"2 minutos\" \/>\n<script type=\"application\/ld+json\" class=\"yoast-schema-graph\">{\"@context\":\"https:\\\/\\\/schema.org\",\"@graph\":[{\"@type\":\"WebPage\",\"@id\":\"https:\\\/\\\/amedis.es\\\/tienda\\\/producto\\\/escaner-intraoral-medit-i700\\\/\",\"url\":\"https:\\\/\\\/amedis.es\\\/tienda\\\/producto\\\/escaner-intraoral-medit-i700\\\/\",\"name\":\"ESCANER INTRAORAL MEDIT I700 | Amedis\",\"isPartOf\":{\"@id\":\"https:\\\/\\\/amedis.es\\\/tienda\\\/#website\"},\"primaryImageOfPage\":{\"@id\":\"https:\\\/\\\/amedis.es\\\/tienda\\\/producto\\\/escaner-intraoral-medit-i700\\\/#primaryimage\"},\"image\":{\"@id\":\"https:\\\/\\\/amedis.es\\\/tienda\\\/producto\\\/escaner-intraoral-medit-i700\\\/#primaryimage\"},\"thumbnailUrl\":\"https:\\\/\\\/amedis.es\\\/tienda\\\/wp-content\\\/uploads\\\/2025\\\/03\\\/MEDIT-I700.jpg\",\"datePublished\":\"2025-03-26T11:01:07+00:00\",\"dateModified\":\"2026-03-15T18:44:34+00:00\",\"description\":\"Esc\u00e1ner intraoral Medit I700. Escaneado r\u00e1pido y preciso. Eleve su atenci\u00f3n dental con el Medit i700 de primer nivel, haciendo que las visitas sean m\u00e1s r\u00e1pidas.\",\"breadcrumb\":{\"@id\":\"https:\\\/\\\/amedis.es\\\/tienda\\\/producto\\\/escaner-intraoral-medit-i700\\\/#breadcrumb\"},\"inLanguage\":\"es\",\"potentialAction\":[{\"@type\":\"ReadAction\",\"target\":[\"https:\\\/\\\/amedis.es\\\/tienda\\\/producto\\\/escaner-intraoral-medit-i700\\\/\"]}]},{\"@type\":\"ImageObject\",\"inLanguage\":\"es\",\"@id\":\"https:\\\/\\\/amedis.es\\\/tienda\\\/producto\\\/escaner-intraoral-medit-i700\\\/#primaryimage\",\"url\":\"https:\\\/\\\/amedis.es\\\/tienda\\\/wp-content\\\/uploads\\\/2025\\\/03\\\/MEDIT-I700.jpg\",\"contentUrl\":\"https:\\\/\\\/amedis.es\\\/tienda\\\/wp-content\\\/uploads\\\/2025\\\/03\\\/MEDIT-I700.jpg\",\"width\":672,\"height\":600,\"caption\":\"Amedis MEDIT I700\"},{\"@type\":\"BreadcrumbList\",\"@id\":\"https:\\\/\\\/amedis.es\\\/tienda\\\/producto\\\/escaner-intraoral-medit-i700\\\/#breadcrumb\",\"itemListElement\":[{\"@type\":\"ListItem\",\"position\":1,\"name\":\"Portada\",\"item\":\"https:\\\/\\\/amedis.es\\\/tienda\\\/\"},{\"@type\":\"ListItem\",\"position\":2,\"name\":\"Amedis | Suministros M\u00e9dicos y Dentales | Tienda\",\"item\":\"https:\\\/\\\/amedis.es\\\/tienda\\\/suministros-medicos-y-dentales\\\/\"},{\"@type\":\"ListItem\",\"position\":3,\"name\":\"ESCANER INTRAORAL MEDIT I700\"}]},{\"@type\":\"WebSite\",\"@id\":\"https:\\\/\\\/amedis.es\\\/tienda\\\/#website\",\"url\":\"https:\\\/\\\/amedis.es\\\/tienda\\\/\",\"name\":\"Amedis\",\"description\":\"Suministros M\u00e9dicos y Dentales\",\"publisher\":{\"@id\":\"https:\\\/\\\/amedis.es\\\/tienda\\\/#organization\"},\"potentialAction\":[{\"@type\":\"SearchAction\",\"target\":{\"@type\":\"EntryPoint\",\"urlTemplate\":\"https:\\\/\\\/amedis.es\\\/tienda\\\/?s={search_term_string}\"},\"query-input\":{\"@type\":\"PropertyValueSpecification\",\"valueRequired\":true,\"valueName\":\"search_term_string\"}}],\"inLanguage\":\"es\"},{\"@type\":\"Organization\",\"@id\":\"https:\\\/\\\/amedis.es\\\/tienda\\\/#organization\",\"name\":\"Amedis | Suministros M\u00e9dicos y Dentales\",\"url\":\"https:\\\/\\\/amedis.es\\\/tienda\\\/\",\"logo\":{\"@type\":\"ImageObject\",\"inLanguage\":\"es\",\"@id\":\"https:\\\/\\\/amedis.es\\\/tienda\\\/#\\\/schema\\\/logo\\\/image\\\/\",\"url\":\"https:\\\/\\\/amedis.es\\\/tienda\\\/wp-content\\\/uploads\\\/2020\\\/05\\\/logo-1.png\",\"contentUrl\":\"https:\\\/\\\/amedis.es\\\/tienda\\\/wp-content\\\/uploads\\\/2020\\\/05\\\/logo-1.png\",\"width\":191,\"height\":80,\"caption\":\"Amedis | Suministros M\u00e9dicos y Dentales\"},\"image\":{\"@id\":\"https:\\\/\\\/amedis.es\\\/tienda\\\/#\\\/schema\\\/logo\\\/image\\\/\"}}]}<\/script>\n<!-- \/ Yoast SEO plugin. -->","yoast_head_json":{"title":"ESCANER INTRAORAL MEDIT I700 | Amedis","description":"Esc\u00e1ner intraoral Medit I700. Escaneado r\u00e1pido y preciso. Eleve su atenci\u00f3n dental con el Medit i700 de primer nivel, haciendo que las visitas sean m\u00e1s r\u00e1pidas.","robots":{"index":"index","follow":"follow","max-snippet":"max-snippet:-1","max-image-preview":"max-image-preview:large","max-video-preview":"max-video-preview:-1"},"canonical":"https:\/\/amedis.es\/tienda\/producto\/escaner-intraoral-medit-i700\/","og_locale":"es_ES","og_type":"article","og_title":"ESCANER INTRAORAL MEDIT I700 | Amedis","og_description":"Esc\u00e1ner intraoral Medit I700. Escaneado r\u00e1pido y preciso. Eleve su atenci\u00f3n dental con el Medit i700 de primer nivel, haciendo que las visitas sean m\u00e1s r\u00e1pidas.","og_url":"https:\/\/amedis.es\/tienda\/producto\/escaner-intraoral-medit-i700\/","og_site_name":"Amedis","article_modified_time":"2026-03-15T18:44:34+00:00","og_image":[{"width":672,"height":600,"url":"https:\/\/amedis.es\/tienda\/wp-content\/uploads\/2025\/03\/MEDIT-I700.jpg","type":"image\/jpeg"}],"twitter_card":"summary_large_image","twitter_misc":{"Tiempo de lectura":"2 minutos"},"schema":{"@context":"https:\/\/schema.org","@graph":[{"@type":"WebPage","@id":"https:\/\/amedis.es\/tienda\/producto\/escaner-intraoral-medit-i700\/","url":"https:\/\/amedis.es\/tienda\/producto\/escaner-intraoral-medit-i700\/","name":"ESCANER INTRAORAL MEDIT I700 | Amedis","isPartOf":{"@id":"https:\/\/amedis.es\/tienda\/#website"},"primaryImageOfPage":{"@id":"https:\/\/amedis.es\/tienda\/producto\/escaner-intraoral-medit-i700\/#primaryimage"},"image":{"@id":"https:\/\/amedis.es\/tienda\/producto\/escaner-intraoral-medit-i700\/#primaryimage"},"thumbnailUrl":"https:\/\/amedis.es\/tienda\/wp-content\/uploads\/2025\/03\/MEDIT-I700.jpg","datePublished":"2025-03-26T11:01:07+00:00","dateModified":"2026-03-15T18:44:34+00:00","description":"Esc\u00e1ner intraoral Medit I700. Escaneado r\u00e1pido y preciso. Eleve su atenci\u00f3n dental con el Medit i700 de primer nivel, haciendo que las visitas sean m\u00e1s r\u00e1pidas.","breadcrumb":{"@id":"https:\/\/amedis.es\/tienda\/producto\/escaner-intraoral-medit-i700\/#breadcrumb"},"inLanguage":"es","potentialAction":[{"@type":"ReadAction","target":["https:\/\/amedis.es\/tienda\/producto\/escaner-intraoral-medit-i700\/"]}]},{"@type":"ImageObject","inLanguage":"es","@id":"https:\/\/amedis.es\/tienda\/producto\/escaner-intraoral-medit-i700\/#primaryimage","url":"https:\/\/amedis.es\/tienda\/wp-content\/uploads\/2025\/03\/MEDIT-I700.jpg","contentUrl":"https:\/\/amedis.es\/tienda\/wp-content\/uploads\/2025\/03\/MEDIT-I700.jpg","width":672,"height":600,"caption":"Amedis MEDIT I700"},{"@type":"BreadcrumbList","@id":"https:\/\/amedis.es\/tienda\/producto\/escaner-intraoral-medit-i700\/#breadcrumb","itemListElement":[{"@type":"ListItem","position":1,"name":"Portada","item":"https:\/\/amedis.es\/tienda\/"},{"@type":"ListItem","position":2,"name":"Amedis | Suministros M\u00e9dicos y Dentales | Tienda","item":"https:\/\/amedis.es\/tienda\/suministros-medicos-y-dentales\/"},{"@type":"ListItem","position":3,"name":"ESCANER INTRAORAL MEDIT I700"}]},{"@type":"WebSite","@id":"https:\/\/amedis.es\/tienda\/#website","url":"https:\/\/amedis.es\/tienda\/","name":"Amedis","description":"Suministros M\u00e9dicos y Dentales","publisher":{"@id":"https:\/\/amedis.es\/tienda\/#organization"},"potentialAction":[{"@type":"SearchAction","target":{"@type":"EntryPoint","urlTemplate":"https:\/\/amedis.es\/tienda\/?s={search_term_string}"},"query-input":{"@type":"PropertyValueSpecification","valueRequired":true,"valueName":"search_term_string"}}],"inLanguage":"es"},{"@type":"Organization","@id":"https:\/\/amedis.es\/tienda\/#organization","name":"Amedis | Suministros M\u00e9dicos y Dentales","url":"https:\/\/amedis.es\/tienda\/","logo":{"@type":"ImageObject","inLanguage":"es","@id":"https:\/\/amedis.es\/tienda\/#\/schema\/logo\/image\/","url":"https:\/\/amedis.es\/tienda\/wp-content\/uploads\/2020\/05\/logo-1.png","contentUrl":"https:\/\/amedis.es\/tienda\/wp-content\/uploads\/2020\/05\/logo-1.png","width":191,"height":80,"caption":"Amedis | Suministros M\u00e9dicos y Dentales"},"image":{"@id":"https:\/\/amedis.es\/tienda\/#\/schema\/logo\/image\/"}}]}},"brands":[{"id":2597,"name":"MEDIT","slug":"medit"}],"_links":{"self":[{"href":"https:\/\/amedis.es\/tienda\/wp-json\/wp\/v2\/product\/32597","targetHints":{"allow":["GET"]}}],"collection":[{"href":"https:\/\/amedis.es\/tienda\/wp-json\/wp\/v2\/product"}],"about":[{"href":"https:\/\/amedis.es\/tienda\/wp-json\/wp\/v2\/types\/product"}],"wp:featuredmedia":[{"embeddable":true,"href":"https:\/\/amedis.es\/tienda\/wp-json\/wp\/v2\/media\/32598"}],"wp:attachment":[{"href":"https:\/\/amedis.es\/tienda\/wp-json\/wp\/v2\/media?parent=32597"}],"wp:term":[{"taxonomy":"pwb-brand","embeddable":true,"href":"https:\/\/amedis.es\/tienda\/wp-json\/wp\/v2\/pwb-brand?post=32597"},{"taxonomy":"product_brand","embeddable":true,"href":"https:\/\/amedis.es\/tienda\/wp-json\/wp\/v2\/product_brand?post=32597"},{"taxonomy":"product_cat","embeddable":true,"href":"https:\/\/amedis.es\/tienda\/wp-json\/wp\/v2\/product_cat?post=32597"},{"taxonomy":"product_tag","embeddable":true,"href":"https:\/\/amedis.es\/tienda\/wp-json\/wp\/v2\/product_tag?post=32597"}],"curies":[{"name":"wp","href":"https:\/\/api.w.org\/{rel}","templated":true}]}}