{"id":32063,"date":"2025-03-10T19:16:57","date_gmt":"2025-03-10T19:16:57","guid":{"rendered":"https:\/\/amedis.es\/tienda\/?post_type=product&#038;p=32063"},"modified":"2026-02-11T18:45:01","modified_gmt":"2026-02-11T18:45:01","slug":"filtek-z500-jeringa-a35-outlet","status":"publish","type":"product","link":"https:\/\/amedis.es\/tienda\/producto\/filtek-z500-jeringa-a35-outlet\/","title":{"rendered":"FILTEK Z500 JERINGA A3,5 OUTLET"},"content":{"rendered":"<p>Filtek Z500 jeringa. El restaurador universal Filtek\u2122 Z500, con la fiable tecnolog\u00eda h\u00edbrida de 3M ESPE, es la nueva incorporaci\u00f3n a la familia Z. Menos pegajoso y de manejo m\u00e1s f\u00e1cil. Es una opci\u00f3n ideal para realizar de forma c\u00f3moda restauraciones de un \u00fanico tono en la regi\u00f3n anterior y, especialmente, posterior.<\/p>\n<p>DETALLES:<\/p>\n<p>&#8211; 3M\u2122 Filtek\u2122 Z500 Universal, no es un producto cualquiera, es la elecci\u00f3n perfecta para su d\u00eda a d\u00eda.<br \/>\n&#8211; Muy manejable no se pega al instrumento.<br \/>\n&#8211; La \u00faltima incorporaci\u00f3n a la familia Z de 3M ESPE (3M\u2122 Z100\u2122 MP, 3M\u2122 Filtek\u2122 Z250, 3M\u2122 Filtek\u2122 Z500).<br \/>\n&#8211; Disponible en 8 tonalidades m\u00e1s 1 tono opaco.<\/p>\n<p>APLICACIONES RECOMENDADAS:<\/p>\n<p>&#8211; La forma m\u00e1s sencilla de crear una sonrisa perfecta.<br \/>\n&#8211; Filtek\u2122 Z500 Restaurador Universal proporciona una restauraci\u00f3n duradera y de apariencia natural en un amplio abanico de indicaciones: Restauraciones directas anteriores y posteriores (incluyendo caras oclusales).<br \/>\n&#8211; T\u00e9cnica de s\u00e1ndwich con ion\u00f3mero de vidrio con resina.<br \/>\n&#8211; Reconstrucci\u00f3n de mu\u00f1ones.<br \/>\n&#8211; Restauraciones indirectas anteriores y posteriores, incluyendo inlays, onlays y carillas.<\/p>\n","protected":false},"excerpt":{"rendered":"<p>CONTENIDO: 1 jeringa x 3 gr.<\/p>\n","protected":false},"featured_media":11318,"template":"","meta":[],"pwb-brand":[2358],"product_brand":[],"product_cat":[30,1923],"product_tag":[],"class_list":{"0":"post-32063","1":"product","2":"type-product","3":"status-publish","4":"has-post-thumbnail","6":"pwb-brand-solventum-3m","7":"product_cat-outlet","8":"product_cat-restauracion-outlet","10":"first","11":"instock","12":"sale","13":"taxable","14":"shipping-taxable","15":"purchasable","16":"product-type-simple"},"yoast_head":"<!-- This site is optimized with the Yoast SEO plugin v27.4 - https:\/\/yoast.com\/product\/yoast-seo-wordpress\/ -->\n<title>FILTEK Z500 JERINGA A3,5 OUTLET | Amedis | 3M RESTAURACION<\/title>\n<meta name=\"description\" content=\"Filtek Z500 jeringa. El restaurador universal Filtek\u2122 Z500, con la fiable tecnolog\u00eda h\u00edbrida de 3M ESPE, es la nueva incorporaci\u00f3n.\" \/>\n<meta name=\"robots\" content=\"index, follow, max-snippet:-1, max-image-preview:large, max-video-preview:-1\" \/>\n<link rel=\"canonical\" href=\"https:\/\/amedis.es\/tienda\/producto\/filtek-z500-jeringa-a35-outlet\/\" \/>\n<meta property=\"og:locale\" content=\"es_ES\" \/>\n<meta property=\"og:type\" content=\"article\" \/>\n<meta property=\"og:title\" content=\"FILTEK Z500 JERINGA A3,5 OUTLET | Amedis | 3M RESTAURACION\" \/>\n<meta property=\"og:description\" content=\"Filtek Z500 jeringa. El restaurador universal Filtek\u2122 Z500, con la fiable tecnolog\u00eda h\u00edbrida de 3M ESPE, es la nueva incorporaci\u00f3n.\" \/>\n<meta property=\"og:url\" content=\"https:\/\/amedis.es\/tienda\/producto\/filtek-z500-jeringa-a35-outlet\/\" \/>\n<meta property=\"og:site_name\" content=\"Amedis\" \/>\n<meta property=\"article:modified_time\" content=\"2026-02-11T18:45:01+00:00\" \/>\n<meta property=\"og:image\" content=\"https:\/\/amedis.es\/tienda\/wp-content\/uploads\/2021\/08\/FILTEK-Z500-JERINGA.jpg\" \/>\n\t<meta property=\"og:image:width\" content=\"600\" \/>\n\t<meta property=\"og:image:height\" content=\"600\" \/>\n\t<meta property=\"og:image:type\" content=\"image\/jpeg\" \/>\n<meta name=\"twitter:card\" content=\"summary_large_image\" \/>\n<meta name=\"twitter:label1\" content=\"Tiempo de lectura\" \/>\n\t<meta name=\"twitter:data1\" content=\"1 minuto\" \/>\n<script type=\"application\/ld+json\" class=\"yoast-schema-graph\">{\"@context\":\"https:\\\/\\\/schema.org\",\"@graph\":[{\"@type\":\"WebPage\",\"@id\":\"https:\\\/\\\/amedis.es\\\/tienda\\\/producto\\\/filtek-z500-jeringa-a35-outlet\\\/\",\"url\":\"https:\\\/\\\/amedis.es\\\/tienda\\\/producto\\\/filtek-z500-jeringa-a35-outlet\\\/\",\"name\":\"FILTEK Z500 JERINGA A3,5 OUTLET | Amedis | 3M RESTAURACION\",\"isPartOf\":{\"@id\":\"https:\\\/\\\/amedis.es\\\/tienda\\\/#website\"},\"primaryImageOfPage\":{\"@id\":\"https:\\\/\\\/amedis.es\\\/tienda\\\/producto\\\/filtek-z500-jeringa-a35-outlet\\\/#primaryimage\"},\"image\":{\"@id\":\"https:\\\/\\\/amedis.es\\\/tienda\\\/producto\\\/filtek-z500-jeringa-a35-outlet\\\/#primaryimage\"},\"thumbnailUrl\":\"https:\\\/\\\/amedis.es\\\/tienda\\\/wp-content\\\/uploads\\\/2021\\\/08\\\/FILTEK-Z500-JERINGA.jpg\",\"datePublished\":\"2025-03-10T19:16:57+00:00\",\"dateModified\":\"2026-02-11T18:45:01+00:00\",\"description\":\"Filtek Z500 jeringa. El restaurador universal Filtek\u2122 Z500, con la fiable tecnolog\u00eda h\u00edbrida de 3M ESPE, es la nueva incorporaci\u00f3n.\",\"breadcrumb\":{\"@id\":\"https:\\\/\\\/amedis.es\\\/tienda\\\/producto\\\/filtek-z500-jeringa-a35-outlet\\\/#breadcrumb\"},\"inLanguage\":\"es\",\"potentialAction\":[{\"@type\":\"ReadAction\",\"target\":[\"https:\\\/\\\/amedis.es\\\/tienda\\\/producto\\\/filtek-z500-jeringa-a35-outlet\\\/\"]}]},{\"@type\":\"ImageObject\",\"inLanguage\":\"es\",\"@id\":\"https:\\\/\\\/amedis.es\\\/tienda\\\/producto\\\/filtek-z500-jeringa-a35-outlet\\\/#primaryimage\",\"url\":\"https:\\\/\\\/amedis.es\\\/tienda\\\/wp-content\\\/uploads\\\/2021\\\/08\\\/FILTEK-Z500-JERINGA.jpg\",\"contentUrl\":\"https:\\\/\\\/amedis.es\\\/tienda\\\/wp-content\\\/uploads\\\/2021\\\/08\\\/FILTEK-Z500-JERINGA.jpg\",\"width\":600,\"height\":600,\"caption\":\"Amedis FILTEK Z500 JERINGA\"},{\"@type\":\"BreadcrumbList\",\"@id\":\"https:\\\/\\\/amedis.es\\\/tienda\\\/producto\\\/filtek-z500-jeringa-a35-outlet\\\/#breadcrumb\",\"itemListElement\":[{\"@type\":\"ListItem\",\"position\":1,\"name\":\"Portada\",\"item\":\"https:\\\/\\\/amedis.es\\\/tienda\\\/\"},{\"@type\":\"ListItem\",\"position\":2,\"name\":\"Amedis | Suministros M\u00e9dicos y Dentales | Tienda\",\"item\":\"https:\\\/\\\/amedis.es\\\/tienda\\\/suministros-medicos-y-dentales\\\/\"},{\"@type\":\"ListItem\",\"position\":3,\"name\":\"FILTEK Z500 JERINGA A3,5 OUTLET\"}]},{\"@type\":\"WebSite\",\"@id\":\"https:\\\/\\\/amedis.es\\\/tienda\\\/#website\",\"url\":\"https:\\\/\\\/amedis.es\\\/tienda\\\/\",\"name\":\"Amedis\",\"description\":\"Suministros M\u00e9dicos y Dentales\",\"publisher\":{\"@id\":\"https:\\\/\\\/amedis.es\\\/tienda\\\/#organization\"},\"potentialAction\":[{\"@type\":\"SearchAction\",\"target\":{\"@type\":\"EntryPoint\",\"urlTemplate\":\"https:\\\/\\\/amedis.es\\\/tienda\\\/?s={search_term_string}\"},\"query-input\":{\"@type\":\"PropertyValueSpecification\",\"valueRequired\":true,\"valueName\":\"search_term_string\"}}],\"inLanguage\":\"es\"},{\"@type\":\"Organization\",\"@id\":\"https:\\\/\\\/amedis.es\\\/tienda\\\/#organization\",\"name\":\"Amedis | Suministros M\u00e9dicos y Dentales\",\"url\":\"https:\\\/\\\/amedis.es\\\/tienda\\\/\",\"logo\":{\"@type\":\"ImageObject\",\"inLanguage\":\"es\",\"@id\":\"https:\\\/\\\/amedis.es\\\/tienda\\\/#\\\/schema\\\/logo\\\/image\\\/\",\"url\":\"https:\\\/\\\/amedis.es\\\/tienda\\\/wp-content\\\/uploads\\\/2020\\\/05\\\/logo-1.png\",\"contentUrl\":\"https:\\\/\\\/amedis.es\\\/tienda\\\/wp-content\\\/uploads\\\/2020\\\/05\\\/logo-1.png\",\"width\":191,\"height\":80,\"caption\":\"Amedis | Suministros M\u00e9dicos y Dentales\"},\"image\":{\"@id\":\"https:\\\/\\\/amedis.es\\\/tienda\\\/#\\\/schema\\\/logo\\\/image\\\/\"}}]}<\/script>\n<!-- \/ Yoast SEO plugin. -->","yoast_head_json":{"title":"FILTEK Z500 JERINGA A3,5 OUTLET | Amedis | 3M RESTAURACION","description":"Filtek Z500 jeringa. El restaurador universal Filtek\u2122 Z500, con la fiable tecnolog\u00eda h\u00edbrida de 3M ESPE, es la nueva incorporaci\u00f3n.","robots":{"index":"index","follow":"follow","max-snippet":"max-snippet:-1","max-image-preview":"max-image-preview:large","max-video-preview":"max-video-preview:-1"},"canonical":"https:\/\/amedis.es\/tienda\/producto\/filtek-z500-jeringa-a35-outlet\/","og_locale":"es_ES","og_type":"article","og_title":"FILTEK Z500 JERINGA A3,5 OUTLET | Amedis | 3M RESTAURACION","og_description":"Filtek Z500 jeringa. El restaurador universal Filtek\u2122 Z500, con la fiable tecnolog\u00eda h\u00edbrida de 3M ESPE, es la nueva incorporaci\u00f3n.","og_url":"https:\/\/amedis.es\/tienda\/producto\/filtek-z500-jeringa-a35-outlet\/","og_site_name":"Amedis","article_modified_time":"2026-02-11T18:45:01+00:00","og_image":[{"width":600,"height":600,"url":"https:\/\/amedis.es\/tienda\/wp-content\/uploads\/2021\/08\/FILTEK-Z500-JERINGA.jpg","type":"image\/jpeg"}],"twitter_card":"summary_large_image","twitter_misc":{"Tiempo de lectura":"1 minuto"},"schema":{"@context":"https:\/\/schema.org","@graph":[{"@type":"WebPage","@id":"https:\/\/amedis.es\/tienda\/producto\/filtek-z500-jeringa-a35-outlet\/","url":"https:\/\/amedis.es\/tienda\/producto\/filtek-z500-jeringa-a35-outlet\/","name":"FILTEK Z500 JERINGA A3,5 OUTLET | Amedis | 3M RESTAURACION","isPartOf":{"@id":"https:\/\/amedis.es\/tienda\/#website"},"primaryImageOfPage":{"@id":"https:\/\/amedis.es\/tienda\/producto\/filtek-z500-jeringa-a35-outlet\/#primaryimage"},"image":{"@id":"https:\/\/amedis.es\/tienda\/producto\/filtek-z500-jeringa-a35-outlet\/#primaryimage"},"thumbnailUrl":"https:\/\/amedis.es\/tienda\/wp-content\/uploads\/2021\/08\/FILTEK-Z500-JERINGA.jpg","datePublished":"2025-03-10T19:16:57+00:00","dateModified":"2026-02-11T18:45:01+00:00","description":"Filtek Z500 jeringa. El restaurador universal Filtek\u2122 Z500, con la fiable tecnolog\u00eda h\u00edbrida de 3M ESPE, es la nueva incorporaci\u00f3n.","breadcrumb":{"@id":"https:\/\/amedis.es\/tienda\/producto\/filtek-z500-jeringa-a35-outlet\/#breadcrumb"},"inLanguage":"es","potentialAction":[{"@type":"ReadAction","target":["https:\/\/amedis.es\/tienda\/producto\/filtek-z500-jeringa-a35-outlet\/"]}]},{"@type":"ImageObject","inLanguage":"es","@id":"https:\/\/amedis.es\/tienda\/producto\/filtek-z500-jeringa-a35-outlet\/#primaryimage","url":"https:\/\/amedis.es\/tienda\/wp-content\/uploads\/2021\/08\/FILTEK-Z500-JERINGA.jpg","contentUrl":"https:\/\/amedis.es\/tienda\/wp-content\/uploads\/2021\/08\/FILTEK-Z500-JERINGA.jpg","width":600,"height":600,"caption":"Amedis FILTEK Z500 JERINGA"},{"@type":"BreadcrumbList","@id":"https:\/\/amedis.es\/tienda\/producto\/filtek-z500-jeringa-a35-outlet\/#breadcrumb","itemListElement":[{"@type":"ListItem","position":1,"name":"Portada","item":"https:\/\/amedis.es\/tienda\/"},{"@type":"ListItem","position":2,"name":"Amedis | Suministros M\u00e9dicos y Dentales | Tienda","item":"https:\/\/amedis.es\/tienda\/suministros-medicos-y-dentales\/"},{"@type":"ListItem","position":3,"name":"FILTEK Z500 JERINGA A3,5 OUTLET"}]},{"@type":"WebSite","@id":"https:\/\/amedis.es\/tienda\/#website","url":"https:\/\/amedis.es\/tienda\/","name":"Amedis","description":"Suministros M\u00e9dicos y Dentales","publisher":{"@id":"https:\/\/amedis.es\/tienda\/#organization"},"potentialAction":[{"@type":"SearchAction","target":{"@type":"EntryPoint","urlTemplate":"https:\/\/amedis.es\/tienda\/?s={search_term_string}"},"query-input":{"@type":"PropertyValueSpecification","valueRequired":true,"valueName":"search_term_string"}}],"inLanguage":"es"},{"@type":"Organization","@id":"https:\/\/amedis.es\/tienda\/#organization","name":"Amedis | Suministros M\u00e9dicos y Dentales","url":"https:\/\/amedis.es\/tienda\/","logo":{"@type":"ImageObject","inLanguage":"es","@id":"https:\/\/amedis.es\/tienda\/#\/schema\/logo\/image\/","url":"https:\/\/amedis.es\/tienda\/wp-content\/uploads\/2020\/05\/logo-1.png","contentUrl":"https:\/\/amedis.es\/tienda\/wp-content\/uploads\/2020\/05\/logo-1.png","width":191,"height":80,"caption":"Amedis | Suministros M\u00e9dicos y Dentales"},"image":{"@id":"https:\/\/amedis.es\/tienda\/#\/schema\/logo\/image\/"}}]}},"brands":[{"id":2358,"name":"SOLVENTUM (3M)","slug":"solventum-3m"}],"_links":{"self":[{"href":"https:\/\/amedis.es\/tienda\/wp-json\/wp\/v2\/product\/32063","targetHints":{"allow":["GET"]}}],"collection":[{"href":"https:\/\/amedis.es\/tienda\/wp-json\/wp\/v2\/product"}],"about":[{"href":"https:\/\/amedis.es\/tienda\/wp-json\/wp\/v2\/types\/product"}],"wp:featuredmedia":[{"embeddable":true,"href":"https:\/\/amedis.es\/tienda\/wp-json\/wp\/v2\/media\/11318"}],"wp:attachment":[{"href":"https:\/\/amedis.es\/tienda\/wp-json\/wp\/v2\/media?parent=32063"}],"wp:term":[{"taxonomy":"pwb-brand","embeddable":true,"href":"https:\/\/amedis.es\/tienda\/wp-json\/wp\/v2\/pwb-brand?post=32063"},{"taxonomy":"product_brand","embeddable":true,"href":"https:\/\/amedis.es\/tienda\/wp-json\/wp\/v2\/product_brand?post=32063"},{"taxonomy":"product_cat","embeddable":true,"href":"https:\/\/amedis.es\/tienda\/wp-json\/wp\/v2\/product_cat?post=32063"},{"taxonomy":"product_tag","embeddable":true,"href":"https:\/\/amedis.es\/tienda\/wp-json\/wp\/v2\/product_tag?post=32063"}],"curies":[{"name":"wp","href":"https:\/\/api.w.org\/{rel}","templated":true}]}}