{"id":31471,"date":"2025-01-21T12:54:01","date_gmt":"2025-01-21T12:54:01","guid":{"rendered":"https:\/\/amedis.es\/tienda\/?post_type=product&#038;p=31471"},"modified":"2025-01-21T12:54:43","modified_gmt":"2025-01-21T12:54:43","slug":"rollos-esterilizar-klmed-15cm-x-200m","status":"publish","type":"product","link":"https:\/\/amedis.es\/tienda\/producto\/rollos-esterilizar-klmed-15cm-x-200m\/","title":{"rendered":"ROLLOS ESTERILIZAR KLMED 15cm x 200m"},"content":{"rendered":"<p>Rollos esterilizar KLMED. Rollo para esterilizaci\u00f3n de papel medico de alto gramaje (60g\/m) y doble capa de pelicular celeste en poliestireno\/polipropileno. Tres soldaduras laterales de canales impermeables y homog\u00e9neos para la m\u00e1xima protecci\u00f3n micr\u00f3bica.<\/p>\n","protected":false},"excerpt":{"rendered":"<p>CONTENIDO: 1 rollo de 200 metros.<\/p>\n","protected":false},"featured_media":31468,"template":"","meta":[],"pwb-brand":[2389],"product_brand":[],"product_cat":[116,118],"product_tag":[],"class_list":{"0":"post-31471","1":"product","2":"type-product","3":"status-publish","4":"has-post-thumbnail","6":"pwb-brand-klmed","7":"product_cat-desinfeccion","8":"product_cat-rollos-de-esterilizacion","10":"first","11":"instock","12":"sale","13":"taxable","14":"shipping-taxable","15":"purchasable","16":"product-type-simple"},"yoast_head":"<!-- This site is optimized with the Yoast SEO plugin v27.3 - https:\/\/yoast.com\/product\/yoast-seo-wordpress\/ -->\n<title>ROLLOS ESTERILIZAR KLMED 15cm x 200m | Amedis<\/title>\n<meta name=\"description\" content=\"Rollos esterilizar KLMED. Rollo para esterilizaci\u00f3n de papel medico de alto gramaje (60g\/m) y doble capa de pelicular celeste en poliestireno.\" \/>\n<meta name=\"robots\" content=\"index, follow, max-snippet:-1, max-image-preview:large, max-video-preview:-1\" \/>\n<link rel=\"canonical\" href=\"https:\/\/amedis.es\/tienda\/?product=rollos-esterilizar-klmed-15cm-x-200m\" \/>\n<meta property=\"og:locale\" content=\"es_ES\" \/>\n<meta property=\"og:type\" content=\"article\" \/>\n<meta property=\"og:title\" content=\"ROLLOS ESTERILIZAR KLMED 15cm x 200m | Amedis\" \/>\n<meta property=\"og:description\" content=\"Rollos esterilizar KLMED. Rollo para esterilizaci\u00f3n de papel medico de alto gramaje (60g\/m) y doble capa de pelicular celeste en poliestireno.\" \/>\n<meta property=\"og:url\" content=\"https:\/\/amedis.es\/tienda\/?product=rollos-esterilizar-klmed-15cm-x-200m\" \/>\n<meta property=\"og:site_name\" content=\"Amedis\" \/>\n<meta property=\"article:modified_time\" content=\"2025-01-21T12:54:43+00:00\" \/>\n<meta property=\"og:image\" content=\"https:\/\/amedis.es\/tienda\/wp-content\/uploads\/2025\/01\/ROLLOS-DE-ESTERILIZACION-klmed.jpg\" \/>\n\t<meta property=\"og:image:width\" content=\"600\" \/>\n\t<meta property=\"og:image:height\" content=\"600\" \/>\n\t<meta property=\"og:image:type\" content=\"image\/jpeg\" \/>\n<meta name=\"twitter:card\" content=\"summary_large_image\" \/>\n<meta name=\"twitter:label1\" content=\"Tiempo de lectura\" \/>\n\t<meta name=\"twitter:data1\" content=\"1 minuto\" \/>\n<script type=\"application\/ld+json\" class=\"yoast-schema-graph\">{\"@context\":\"https:\\\/\\\/schema.org\",\"@graph\":[{\"@type\":\"WebPage\",\"@id\":\"https:\\\/\\\/amedis.es\\\/tienda\\\/?product=rollos-esterilizar-klmed-15cm-x-200m\",\"url\":\"https:\\\/\\\/amedis.es\\\/tienda\\\/?product=rollos-esterilizar-klmed-15cm-x-200m\",\"name\":\"ROLLOS ESTERILIZAR KLMED 15cm x 200m | Amedis\",\"isPartOf\":{\"@id\":\"https:\\\/\\\/amedis.es\\\/tienda\\\/#website\"},\"primaryImageOfPage\":{\"@id\":\"https:\\\/\\\/amedis.es\\\/tienda\\\/?product=rollos-esterilizar-klmed-15cm-x-200m#primaryimage\"},\"image\":{\"@id\":\"https:\\\/\\\/amedis.es\\\/tienda\\\/?product=rollos-esterilizar-klmed-15cm-x-200m#primaryimage\"},\"thumbnailUrl\":\"https:\\\/\\\/amedis.es\\\/tienda\\\/wp-content\\\/uploads\\\/2025\\\/01\\\/ROLLOS-DE-ESTERILIZACION-klmed.jpg\",\"datePublished\":\"2025-01-21T12:54:01+00:00\",\"dateModified\":\"2025-01-21T12:54:43+00:00\",\"description\":\"Rollos esterilizar KLMED. Rollo para esterilizaci\u00f3n de papel medico de alto gramaje (60g\\\/m) y doble capa de pelicular celeste en poliestireno.\",\"breadcrumb\":{\"@id\":\"https:\\\/\\\/amedis.es\\\/tienda\\\/?product=rollos-esterilizar-klmed-15cm-x-200m#breadcrumb\"},\"inLanguage\":\"es\",\"potentialAction\":[{\"@type\":\"ReadAction\",\"target\":[\"https:\\\/\\\/amedis.es\\\/tienda\\\/?product=rollos-esterilizar-klmed-15cm-x-200m\"]}]},{\"@type\":\"ImageObject\",\"inLanguage\":\"es\",\"@id\":\"https:\\\/\\\/amedis.es\\\/tienda\\\/?product=rollos-esterilizar-klmed-15cm-x-200m#primaryimage\",\"url\":\"https:\\\/\\\/amedis.es\\\/tienda\\\/wp-content\\\/uploads\\\/2025\\\/01\\\/ROLLOS-DE-ESTERILIZACION-klmed.jpg\",\"contentUrl\":\"https:\\\/\\\/amedis.es\\\/tienda\\\/wp-content\\\/uploads\\\/2025\\\/01\\\/ROLLOS-DE-ESTERILIZACION-klmed.jpg\",\"width\":600,\"height\":600,\"caption\":\"Amedis ROLLOS DE ESTERILIZACI\u00d3N klmed\"},{\"@type\":\"BreadcrumbList\",\"@id\":\"https:\\\/\\\/amedis.es\\\/tienda\\\/?product=rollos-esterilizar-klmed-15cm-x-200m#breadcrumb\",\"itemListElement\":[{\"@type\":\"ListItem\",\"position\":1,\"name\":\"Portada\",\"item\":\"https:\\\/\\\/amedis.es\\\/tienda\\\/\"},{\"@type\":\"ListItem\",\"position\":2,\"name\":\"Amedis | Suministros M\u00e9dicos y Dentales | Tienda\",\"item\":\"https:\\\/\\\/amedis.es\\\/tienda\\\/suministros-medicos-y-dentales\\\/\"},{\"@type\":\"ListItem\",\"position\":3,\"name\":\"ROLLOS ESTERILIZAR KLMED 15cm x 200m\"}]},{\"@type\":\"WebSite\",\"@id\":\"https:\\\/\\\/amedis.es\\\/tienda\\\/#website\",\"url\":\"https:\\\/\\\/amedis.es\\\/tienda\\\/\",\"name\":\"Amedis\",\"description\":\"Suministros M\u00e9dicos y Dentales\",\"publisher\":{\"@id\":\"https:\\\/\\\/amedis.es\\\/tienda\\\/#organization\"},\"potentialAction\":[{\"@type\":\"SearchAction\",\"target\":{\"@type\":\"EntryPoint\",\"urlTemplate\":\"https:\\\/\\\/amedis.es\\\/tienda\\\/?s={search_term_string}\"},\"query-input\":{\"@type\":\"PropertyValueSpecification\",\"valueRequired\":true,\"valueName\":\"search_term_string\"}}],\"inLanguage\":\"es\"},{\"@type\":\"Organization\",\"@id\":\"https:\\\/\\\/amedis.es\\\/tienda\\\/#organization\",\"name\":\"Amedis | Suministros M\u00e9dicos y Dentales\",\"url\":\"https:\\\/\\\/amedis.es\\\/tienda\\\/\",\"logo\":{\"@type\":\"ImageObject\",\"inLanguage\":\"es\",\"@id\":\"https:\\\/\\\/amedis.es\\\/tienda\\\/#\\\/schema\\\/logo\\\/image\\\/\",\"url\":\"https:\\\/\\\/amedis.es\\\/tienda\\\/wp-content\\\/uploads\\\/2020\\\/05\\\/logo-1.png\",\"contentUrl\":\"https:\\\/\\\/amedis.es\\\/tienda\\\/wp-content\\\/uploads\\\/2020\\\/05\\\/logo-1.png\",\"width\":191,\"height\":80,\"caption\":\"Amedis | Suministros M\u00e9dicos y Dentales\"},\"image\":{\"@id\":\"https:\\\/\\\/amedis.es\\\/tienda\\\/#\\\/schema\\\/logo\\\/image\\\/\"}}]}<\/script>\n<!-- \/ Yoast SEO plugin. -->","yoast_head_json":{"title":"ROLLOS ESTERILIZAR KLMED 15cm x 200m | Amedis","description":"Rollos esterilizar KLMED. Rollo para esterilizaci\u00f3n de papel medico de alto gramaje (60g\/m) y doble capa de pelicular celeste en poliestireno.","robots":{"index":"index","follow":"follow","max-snippet":"max-snippet:-1","max-image-preview":"max-image-preview:large","max-video-preview":"max-video-preview:-1"},"canonical":"https:\/\/amedis.es\/tienda\/?product=rollos-esterilizar-klmed-15cm-x-200m","og_locale":"es_ES","og_type":"article","og_title":"ROLLOS ESTERILIZAR KLMED 15cm x 200m | Amedis","og_description":"Rollos esterilizar KLMED. Rollo para esterilizaci\u00f3n de papel medico de alto gramaje (60g\/m) y doble capa de pelicular celeste en poliestireno.","og_url":"https:\/\/amedis.es\/tienda\/?product=rollos-esterilizar-klmed-15cm-x-200m","og_site_name":"Amedis","article_modified_time":"2025-01-21T12:54:43+00:00","og_image":[{"width":600,"height":600,"url":"https:\/\/amedis.es\/tienda\/wp-content\/uploads\/2025\/01\/ROLLOS-DE-ESTERILIZACION-klmed.jpg","type":"image\/jpeg"}],"twitter_card":"summary_large_image","twitter_misc":{"Tiempo de lectura":"1 minuto"},"schema":{"@context":"https:\/\/schema.org","@graph":[{"@type":"WebPage","@id":"https:\/\/amedis.es\/tienda\/?product=rollos-esterilizar-klmed-15cm-x-200m","url":"https:\/\/amedis.es\/tienda\/?product=rollos-esterilizar-klmed-15cm-x-200m","name":"ROLLOS ESTERILIZAR KLMED 15cm x 200m | Amedis","isPartOf":{"@id":"https:\/\/amedis.es\/tienda\/#website"},"primaryImageOfPage":{"@id":"https:\/\/amedis.es\/tienda\/?product=rollos-esterilizar-klmed-15cm-x-200m#primaryimage"},"image":{"@id":"https:\/\/amedis.es\/tienda\/?product=rollos-esterilizar-klmed-15cm-x-200m#primaryimage"},"thumbnailUrl":"https:\/\/amedis.es\/tienda\/wp-content\/uploads\/2025\/01\/ROLLOS-DE-ESTERILIZACION-klmed.jpg","datePublished":"2025-01-21T12:54:01+00:00","dateModified":"2025-01-21T12:54:43+00:00","description":"Rollos esterilizar KLMED. Rollo para esterilizaci\u00f3n de papel medico de alto gramaje (60g\/m) y doble capa de pelicular celeste en poliestireno.","breadcrumb":{"@id":"https:\/\/amedis.es\/tienda\/?product=rollos-esterilizar-klmed-15cm-x-200m#breadcrumb"},"inLanguage":"es","potentialAction":[{"@type":"ReadAction","target":["https:\/\/amedis.es\/tienda\/?product=rollos-esterilizar-klmed-15cm-x-200m"]}]},{"@type":"ImageObject","inLanguage":"es","@id":"https:\/\/amedis.es\/tienda\/?product=rollos-esterilizar-klmed-15cm-x-200m#primaryimage","url":"https:\/\/amedis.es\/tienda\/wp-content\/uploads\/2025\/01\/ROLLOS-DE-ESTERILIZACION-klmed.jpg","contentUrl":"https:\/\/amedis.es\/tienda\/wp-content\/uploads\/2025\/01\/ROLLOS-DE-ESTERILIZACION-klmed.jpg","width":600,"height":600,"caption":"Amedis ROLLOS DE ESTERILIZACI\u00d3N klmed"},{"@type":"BreadcrumbList","@id":"https:\/\/amedis.es\/tienda\/?product=rollos-esterilizar-klmed-15cm-x-200m#breadcrumb","itemListElement":[{"@type":"ListItem","position":1,"name":"Portada","item":"https:\/\/amedis.es\/tienda\/"},{"@type":"ListItem","position":2,"name":"Amedis | Suministros M\u00e9dicos y Dentales | Tienda","item":"https:\/\/amedis.es\/tienda\/suministros-medicos-y-dentales\/"},{"@type":"ListItem","position":3,"name":"ROLLOS ESTERILIZAR KLMED 15cm x 200m"}]},{"@type":"WebSite","@id":"https:\/\/amedis.es\/tienda\/#website","url":"https:\/\/amedis.es\/tienda\/","name":"Amedis","description":"Suministros M\u00e9dicos y Dentales","publisher":{"@id":"https:\/\/amedis.es\/tienda\/#organization"},"potentialAction":[{"@type":"SearchAction","target":{"@type":"EntryPoint","urlTemplate":"https:\/\/amedis.es\/tienda\/?s={search_term_string}"},"query-input":{"@type":"PropertyValueSpecification","valueRequired":true,"valueName":"search_term_string"}}],"inLanguage":"es"},{"@type":"Organization","@id":"https:\/\/amedis.es\/tienda\/#organization","name":"Amedis | Suministros M\u00e9dicos y Dentales","url":"https:\/\/amedis.es\/tienda\/","logo":{"@type":"ImageObject","inLanguage":"es","@id":"https:\/\/amedis.es\/tienda\/#\/schema\/logo\/image\/","url":"https:\/\/amedis.es\/tienda\/wp-content\/uploads\/2020\/05\/logo-1.png","contentUrl":"https:\/\/amedis.es\/tienda\/wp-content\/uploads\/2020\/05\/logo-1.png","width":191,"height":80,"caption":"Amedis | Suministros M\u00e9dicos y Dentales"},"image":{"@id":"https:\/\/amedis.es\/tienda\/#\/schema\/logo\/image\/"}}]}},"brands":[{"id":2389,"name":"KLMED","slug":"klmed"}],"_links":{"self":[{"href":"https:\/\/amedis.es\/tienda\/wp-json\/wp\/v2\/product\/31471","targetHints":{"allow":["GET"]}}],"collection":[{"href":"https:\/\/amedis.es\/tienda\/wp-json\/wp\/v2\/product"}],"about":[{"href":"https:\/\/amedis.es\/tienda\/wp-json\/wp\/v2\/types\/product"}],"wp:featuredmedia":[{"embeddable":true,"href":"https:\/\/amedis.es\/tienda\/wp-json\/wp\/v2\/media\/31468"}],"wp:attachment":[{"href":"https:\/\/amedis.es\/tienda\/wp-json\/wp\/v2\/media?parent=31471"}],"wp:term":[{"taxonomy":"pwb-brand","embeddable":true,"href":"https:\/\/amedis.es\/tienda\/wp-json\/wp\/v2\/pwb-brand?post=31471"},{"taxonomy":"product_brand","embeddable":true,"href":"https:\/\/amedis.es\/tienda\/wp-json\/wp\/v2\/product_brand?post=31471"},{"taxonomy":"product_cat","embeddable":true,"href":"https:\/\/amedis.es\/tienda\/wp-json\/wp\/v2\/product_cat?post=31471"},{"taxonomy":"product_tag","embeddable":true,"href":"https:\/\/amedis.es\/tienda\/wp-json\/wp\/v2\/product_tag?post=31471"}],"curies":[{"name":"wp","href":"https:\/\/api.w.org\/{rel}","templated":true}]}}