{"id":3063,"date":"2020-12-05T12:46:06","date_gmt":"2020-12-05T12:46:06","guid":{"rendered":"https:\/\/amedis.es\/tienda\/?post_type=product&#038;p=3063"},"modified":"2024-10-02T16:33:45","modified_gmt":"2024-10-02T16:33:45","slug":"jeringa-canal-pro","status":"publish","type":"product","link":"https:\/\/amedis.es\/tienda\/producto\/jeringa-canal-pro\/","title":{"rendered":"JERINGA CANAL PRO"},"content":{"rendered":"<p>Jeringa canal pro. Jeringas de irrigaci\u00f3n fabricadas sin l\u00e1tex y codificadas por colores para una f\u00e1cil identificaci\u00f3n y organizaci\u00f3n de los l\u00edquidos de irrigaci\u00f3n. Conexi\u00f3n Luer Lock. Capacidad de 5 ml.<\/p>\n<p>ENVASE: 50 unidades.<\/p>\n","protected":false},"excerpt":{"rendered":"<p>COLTENE-WHALEDENT<\/p>\n","protected":false},"featured_media":20002,"template":"","meta":[],"pwb-brand":[2350],"product_brand":[],"product_cat":[132,136],"product_tag":[],"class_list":{"0":"post-3063","1":"product","2":"type-product","3":"status-publish","4":"has-post-thumbnail","6":"pwb-brand-coltene","7":"product_cat-endodoncia","8":"product_cat-quelantes","10":"first","11":"instock","12":"sale","13":"taxable","14":"shipping-taxable","15":"purchasable","16":"product-type-variable"},"yoast_head":"<!-- This site is optimized with the Yoast SEO plugin v27.3 - https:\/\/yoast.com\/product\/yoast-seo-wordpress\/ -->\n<title>JERINGA CANAL PRO | COLTENE | Amedis<\/title>\n<meta name=\"description\" content=\"Jeringa canal pro. Jeringas de irrigaci\u00f3n fabricadas sin l\u00e1tex y codificadas por colores para una f\u00e1cil identificaci\u00f3n\" \/>\n<meta name=\"robots\" content=\"index, follow, max-snippet:-1, max-image-preview:large, max-video-preview:-1\" \/>\n<link rel=\"canonical\" href=\"https:\/\/amedis.es\/tienda\/?product=jeringa-canal-pro\" \/>\n<meta property=\"og:locale\" content=\"es_ES\" \/>\n<meta property=\"og:type\" content=\"article\" \/>\n<meta property=\"og:title\" content=\"JERINGA CANAL PRO | COLTENE | Amedis\" \/>\n<meta property=\"og:description\" content=\"Jeringa canal pro. Jeringas de irrigaci\u00f3n fabricadas sin l\u00e1tex y codificadas por colores para una f\u00e1cil identificaci\u00f3n\" \/>\n<meta property=\"og:url\" content=\"https:\/\/amedis.es\/tienda\/?product=jeringa-canal-pro\" \/>\n<meta property=\"og:site_name\" content=\"Amedis\" \/>\n<meta property=\"article:modified_time\" content=\"2024-10-02T16:33:45+00:00\" \/>\n<meta property=\"og:image\" content=\"https:\/\/amedis.es\/tienda\/wp-content\/uploads\/2020\/12\/JERINGA-CANALPRO-5-ml..jpg\" \/>\n\t<meta property=\"og:image:width\" content=\"600\" \/>\n\t<meta property=\"og:image:height\" content=\"600\" \/>\n\t<meta property=\"og:image:type\" content=\"image\/jpeg\" \/>\n<meta name=\"twitter:card\" content=\"summary_large_image\" \/>\n<script type=\"application\/ld+json\" class=\"yoast-schema-graph\">{\"@context\":\"https:\\\/\\\/schema.org\",\"@graph\":[{\"@type\":\"WebPage\",\"@id\":\"https:\\\/\\\/amedis.es\\\/tienda\\\/?product=jeringa-canal-pro\",\"url\":\"https:\\\/\\\/amedis.es\\\/tienda\\\/?product=jeringa-canal-pro\",\"name\":\"JERINGA CANAL PRO | COLTENE | Amedis\",\"isPartOf\":{\"@id\":\"https:\\\/\\\/amedis.es\\\/tienda\\\/#website\"},\"primaryImageOfPage\":{\"@id\":\"https:\\\/\\\/amedis.es\\\/tienda\\\/?product=jeringa-canal-pro#primaryimage\"},\"image\":{\"@id\":\"https:\\\/\\\/amedis.es\\\/tienda\\\/?product=jeringa-canal-pro#primaryimage\"},\"thumbnailUrl\":\"https:\\\/\\\/amedis.es\\\/tienda\\\/wp-content\\\/uploads\\\/2020\\\/12\\\/JERINGA-CANALPRO-5-ml..jpg\",\"datePublished\":\"2020-12-05T12:46:06+00:00\",\"dateModified\":\"2024-10-02T16:33:45+00:00\",\"description\":\"Jeringa canal pro. Jeringas de irrigaci\u00f3n fabricadas sin l\u00e1tex y codificadas por colores para una f\u00e1cil identificaci\u00f3n\",\"breadcrumb\":{\"@id\":\"https:\\\/\\\/amedis.es\\\/tienda\\\/?product=jeringa-canal-pro#breadcrumb\"},\"inLanguage\":\"es\",\"potentialAction\":[{\"@type\":\"ReadAction\",\"target\":[\"https:\\\/\\\/amedis.es\\\/tienda\\\/?product=jeringa-canal-pro\"]}]},{\"@type\":\"ImageObject\",\"inLanguage\":\"es\",\"@id\":\"https:\\\/\\\/amedis.es\\\/tienda\\\/?product=jeringa-canal-pro#primaryimage\",\"url\":\"https:\\\/\\\/amedis.es\\\/tienda\\\/wp-content\\\/uploads\\\/2020\\\/12\\\/JERINGA-CANALPRO-5-ml..jpg\",\"contentUrl\":\"https:\\\/\\\/amedis.es\\\/tienda\\\/wp-content\\\/uploads\\\/2020\\\/12\\\/JERINGA-CANALPRO-5-ml..jpg\",\"width\":600,\"height\":600,\"caption\":\"Amedis JERINGA CANALPRO 5 ml.\"},{\"@type\":\"BreadcrumbList\",\"@id\":\"https:\\\/\\\/amedis.es\\\/tienda\\\/?product=jeringa-canal-pro#breadcrumb\",\"itemListElement\":[{\"@type\":\"ListItem\",\"position\":1,\"name\":\"Portada\",\"item\":\"https:\\\/\\\/amedis.es\\\/tienda\\\/\"},{\"@type\":\"ListItem\",\"position\":2,\"name\":\"Amedis | Suministros M\u00e9dicos y Dentales | Tienda\",\"item\":\"https:\\\/\\\/amedis.es\\\/tienda\\\/suministros-medicos-y-dentales\\\/\"},{\"@type\":\"ListItem\",\"position\":3,\"name\":\"JERINGA CANAL PRO\"}]},{\"@type\":\"WebSite\",\"@id\":\"https:\\\/\\\/amedis.es\\\/tienda\\\/#website\",\"url\":\"https:\\\/\\\/amedis.es\\\/tienda\\\/\",\"name\":\"Amedis\",\"description\":\"Suministros M\u00e9dicos y Dentales\",\"publisher\":{\"@id\":\"https:\\\/\\\/amedis.es\\\/tienda\\\/#organization\"},\"potentialAction\":[{\"@type\":\"SearchAction\",\"target\":{\"@type\":\"EntryPoint\",\"urlTemplate\":\"https:\\\/\\\/amedis.es\\\/tienda\\\/?s={search_term_string}\"},\"query-input\":{\"@type\":\"PropertyValueSpecification\",\"valueRequired\":true,\"valueName\":\"search_term_string\"}}],\"inLanguage\":\"es\"},{\"@type\":\"Organization\",\"@id\":\"https:\\\/\\\/amedis.es\\\/tienda\\\/#organization\",\"name\":\"Amedis | Suministros M\u00e9dicos y Dentales\",\"url\":\"https:\\\/\\\/amedis.es\\\/tienda\\\/\",\"logo\":{\"@type\":\"ImageObject\",\"inLanguage\":\"es\",\"@id\":\"https:\\\/\\\/amedis.es\\\/tienda\\\/#\\\/schema\\\/logo\\\/image\\\/\",\"url\":\"https:\\\/\\\/amedis.es\\\/tienda\\\/wp-content\\\/uploads\\\/2020\\\/05\\\/logo-1.png\",\"contentUrl\":\"https:\\\/\\\/amedis.es\\\/tienda\\\/wp-content\\\/uploads\\\/2020\\\/05\\\/logo-1.png\",\"width\":191,\"height\":80,\"caption\":\"Amedis | Suministros M\u00e9dicos y Dentales\"},\"image\":{\"@id\":\"https:\\\/\\\/amedis.es\\\/tienda\\\/#\\\/schema\\\/logo\\\/image\\\/\"}}]}<\/script>\n<!-- \/ Yoast SEO plugin. -->","yoast_head_json":{"title":"JERINGA CANAL PRO | COLTENE | Amedis","description":"Jeringa canal pro. Jeringas de irrigaci\u00f3n fabricadas sin l\u00e1tex y codificadas por colores para una f\u00e1cil identificaci\u00f3n","robots":{"index":"index","follow":"follow","max-snippet":"max-snippet:-1","max-image-preview":"max-image-preview:large","max-video-preview":"max-video-preview:-1"},"canonical":"https:\/\/amedis.es\/tienda\/?product=jeringa-canal-pro","og_locale":"es_ES","og_type":"article","og_title":"JERINGA CANAL PRO | COLTENE | Amedis","og_description":"Jeringa canal pro. Jeringas de irrigaci\u00f3n fabricadas sin l\u00e1tex y codificadas por colores para una f\u00e1cil identificaci\u00f3n","og_url":"https:\/\/amedis.es\/tienda\/?product=jeringa-canal-pro","og_site_name":"Amedis","article_modified_time":"2024-10-02T16:33:45+00:00","og_image":[{"width":600,"height":600,"url":"https:\/\/amedis.es\/tienda\/wp-content\/uploads\/2020\/12\/JERINGA-CANALPRO-5-ml..jpg","type":"image\/jpeg"}],"twitter_card":"summary_large_image","schema":{"@context":"https:\/\/schema.org","@graph":[{"@type":"WebPage","@id":"https:\/\/amedis.es\/tienda\/?product=jeringa-canal-pro","url":"https:\/\/amedis.es\/tienda\/?product=jeringa-canal-pro","name":"JERINGA CANAL PRO | COLTENE | Amedis","isPartOf":{"@id":"https:\/\/amedis.es\/tienda\/#website"},"primaryImageOfPage":{"@id":"https:\/\/amedis.es\/tienda\/?product=jeringa-canal-pro#primaryimage"},"image":{"@id":"https:\/\/amedis.es\/tienda\/?product=jeringa-canal-pro#primaryimage"},"thumbnailUrl":"https:\/\/amedis.es\/tienda\/wp-content\/uploads\/2020\/12\/JERINGA-CANALPRO-5-ml..jpg","datePublished":"2020-12-05T12:46:06+00:00","dateModified":"2024-10-02T16:33:45+00:00","description":"Jeringa canal pro. Jeringas de irrigaci\u00f3n fabricadas sin l\u00e1tex y codificadas por colores para una f\u00e1cil identificaci\u00f3n","breadcrumb":{"@id":"https:\/\/amedis.es\/tienda\/?product=jeringa-canal-pro#breadcrumb"},"inLanguage":"es","potentialAction":[{"@type":"ReadAction","target":["https:\/\/amedis.es\/tienda\/?product=jeringa-canal-pro"]}]},{"@type":"ImageObject","inLanguage":"es","@id":"https:\/\/amedis.es\/tienda\/?product=jeringa-canal-pro#primaryimage","url":"https:\/\/amedis.es\/tienda\/wp-content\/uploads\/2020\/12\/JERINGA-CANALPRO-5-ml..jpg","contentUrl":"https:\/\/amedis.es\/tienda\/wp-content\/uploads\/2020\/12\/JERINGA-CANALPRO-5-ml..jpg","width":600,"height":600,"caption":"Amedis JERINGA CANALPRO 5 ml."},{"@type":"BreadcrumbList","@id":"https:\/\/amedis.es\/tienda\/?product=jeringa-canal-pro#breadcrumb","itemListElement":[{"@type":"ListItem","position":1,"name":"Portada","item":"https:\/\/amedis.es\/tienda\/"},{"@type":"ListItem","position":2,"name":"Amedis | Suministros M\u00e9dicos y Dentales | Tienda","item":"https:\/\/amedis.es\/tienda\/suministros-medicos-y-dentales\/"},{"@type":"ListItem","position":3,"name":"JERINGA CANAL PRO"}]},{"@type":"WebSite","@id":"https:\/\/amedis.es\/tienda\/#website","url":"https:\/\/amedis.es\/tienda\/","name":"Amedis","description":"Suministros M\u00e9dicos y Dentales","publisher":{"@id":"https:\/\/amedis.es\/tienda\/#organization"},"potentialAction":[{"@type":"SearchAction","target":{"@type":"EntryPoint","urlTemplate":"https:\/\/amedis.es\/tienda\/?s={search_term_string}"},"query-input":{"@type":"PropertyValueSpecification","valueRequired":true,"valueName":"search_term_string"}}],"inLanguage":"es"},{"@type":"Organization","@id":"https:\/\/amedis.es\/tienda\/#organization","name":"Amedis | Suministros M\u00e9dicos y Dentales","url":"https:\/\/amedis.es\/tienda\/","logo":{"@type":"ImageObject","inLanguage":"es","@id":"https:\/\/amedis.es\/tienda\/#\/schema\/logo\/image\/","url":"https:\/\/amedis.es\/tienda\/wp-content\/uploads\/2020\/05\/logo-1.png","contentUrl":"https:\/\/amedis.es\/tienda\/wp-content\/uploads\/2020\/05\/logo-1.png","width":191,"height":80,"caption":"Amedis | Suministros M\u00e9dicos y Dentales"},"image":{"@id":"https:\/\/amedis.es\/tienda\/#\/schema\/logo\/image\/"}}]}},"brands":[{"id":2350,"name":"COLTENE","slug":"coltene"}],"_links":{"self":[{"href":"https:\/\/amedis.es\/tienda\/wp-json\/wp\/v2\/product\/3063","targetHints":{"allow":["GET"]}}],"collection":[{"href":"https:\/\/amedis.es\/tienda\/wp-json\/wp\/v2\/product"}],"about":[{"href":"https:\/\/amedis.es\/tienda\/wp-json\/wp\/v2\/types\/product"}],"wp:featuredmedia":[{"embeddable":true,"href":"https:\/\/amedis.es\/tienda\/wp-json\/wp\/v2\/media\/20002"}],"wp:attachment":[{"href":"https:\/\/amedis.es\/tienda\/wp-json\/wp\/v2\/media?parent=3063"}],"wp:term":[{"taxonomy":"pwb-brand","embeddable":true,"href":"https:\/\/amedis.es\/tienda\/wp-json\/wp\/v2\/pwb-brand?post=3063"},{"taxonomy":"product_brand","embeddable":true,"href":"https:\/\/amedis.es\/tienda\/wp-json\/wp\/v2\/product_brand?post=3063"},{"taxonomy":"product_cat","embeddable":true,"href":"https:\/\/amedis.es\/tienda\/wp-json\/wp\/v2\/product_cat?post=3063"},{"taxonomy":"product_tag","embeddable":true,"href":"https:\/\/amedis.es\/tienda\/wp-json\/wp\/v2\/product_tag?post=3063"}],"curies":[{"name":"wp","href":"https:\/\/api.w.org\/{rel}","templated":true}]}}