{"id":30541,"date":"2024-09-15T19:05:46","date_gmt":"2024-09-15T19:05:46","guid":{"rendered":"https:\/\/amedis.es\/tienda\/?post_type=product&#038;p=30541"},"modified":"2025-09-30T17:17:07","modified_gmt":"2025-09-30T17:17:07","slug":"aeropulidor-ultrasonidos-combi-touch-perio","status":"publish","type":"product","link":"https:\/\/amedis.es\/tienda\/producto\/aeropulidor-ultrasonidos-combi-touch-perio\/","title":{"rendered":"AEROPULIDOR + ULTRASONIDOS COMBI TOUCH PERIO"},"content":{"rendered":"<p>Aeropulidor + ultrasonidos combi touch perio. Aeropulidor y ultrasonidos en un \u00fanico dispositivo.\u00a0M\u00e1s de 50 insertos para una gran variedad de aplicaciones. Tratamiento supragingival con polvos de bicarbonato y eliminaci\u00f3n de biofilm subgingival con polvo de glicina. \u00danico sistema\u00a0Soft mode\u00a0para tratamientos en pacientes con hipersensibilidad.<\/p>\n","protected":false},"excerpt":{"rendered":"<p>CONTENIDO: Pieza de mano LED + \u00a0Botella de 500 ml. + Tap\u00f3n de seguridad gris + \u00a0Llave dinamom\u00e9trica K6 + Cabezal de spray 120\u00ba + Cabezal de spray PERIO + \u00a0Puntas perio subgingivales (40 uds) monouso + \u00a0Llave K9 g. + Botella polvo profilaxis 250 g. + Botella polvo Glycine\u00ae 160 g.<\/p>\n","protected":false},"featured_media":30542,"template":"","meta":[],"pwb-brand":[2424],"product_brand":[],"product_cat":[1422,283,498],"product_tag":[],"class_list":{"0":"post-30541","1":"product","2":"type-product","3":"status-publish","4":"has-post-thumbnail","6":"pwb-brand-mectron","7":"product_cat-aeropulidor-de-bicarbonato-scaler-de-ultrasonidos-sobremesa","8":"product_cat-equipamiento","9":"product_cat-profilaxis","11":"first","12":"instock","13":"sale","14":"taxable","15":"shipping-taxable","16":"purchasable","17":"product-type-simple"},"yoast_head":"<!-- This site is optimized with the Yoast SEO plugin v27.4 - https:\/\/yoast.com\/product\/yoast-seo-wordpress\/ -->\n<title>AEROPULIDOR + ULTRASONIDOS COMBI TOUCH PERIO | Amedis<\/title>\n<meta name=\"description\" content=\"Aeropulidor + ultrasonidos combi touch perio. Aeropulidor y ultrasonidos en un \u00fanico dispositivo.\u00a0M\u00e1s de 50 insertos para una gran variedad de aplicaciones.\" \/>\n<meta name=\"robots\" content=\"index, follow, max-snippet:-1, max-image-preview:large, max-video-preview:-1\" \/>\n<link rel=\"canonical\" href=\"https:\/\/amedis.es\/tienda\/producto\/aeropulidor-ultrasonidos-combi-touch-perio\/\" \/>\n<meta property=\"og:locale\" content=\"es_ES\" \/>\n<meta property=\"og:type\" content=\"article\" \/>\n<meta property=\"og:title\" content=\"AEROPULIDOR + ULTRASONIDOS COMBI TOUCH PERIO | Amedis\" \/>\n<meta property=\"og:description\" content=\"Aeropulidor + ultrasonidos combi touch perio. Aeropulidor y ultrasonidos en un \u00fanico dispositivo.\u00a0M\u00e1s de 50 insertos para una gran variedad de aplicaciones.\" \/>\n<meta property=\"og:url\" content=\"https:\/\/amedis.es\/tienda\/producto\/aeropulidor-ultrasonidos-combi-touch-perio\/\" \/>\n<meta property=\"og:site_name\" content=\"Amedis\" \/>\n<meta property=\"article:modified_time\" content=\"2025-09-30T17:17:07+00:00\" \/>\n<meta property=\"og:image\" content=\"https:\/\/amedis.es\/tienda\/wp-content\/uploads\/2024\/09\/AEROPULIDOR-ULTRASONIDOS-COMBI-TOUCH-PERIO.jpg\" \/>\n\t<meta property=\"og:image:width\" content=\"600\" \/>\n\t<meta property=\"og:image:height\" content=\"600\" \/>\n\t<meta property=\"og:image:type\" content=\"image\/jpeg\" \/>\n<meta name=\"twitter:card\" content=\"summary_large_image\" \/>\n<meta name=\"twitter:label1\" content=\"Tiempo de lectura\" \/>\n\t<meta name=\"twitter:data1\" content=\"1 minuto\" \/>\n<script type=\"application\/ld+json\" class=\"yoast-schema-graph\">{\"@context\":\"https:\\\/\\\/schema.org\",\"@graph\":[{\"@type\":\"WebPage\",\"@id\":\"https:\\\/\\\/amedis.es\\\/tienda\\\/producto\\\/aeropulidor-ultrasonidos-combi-touch-perio\\\/\",\"url\":\"https:\\\/\\\/amedis.es\\\/tienda\\\/producto\\\/aeropulidor-ultrasonidos-combi-touch-perio\\\/\",\"name\":\"AEROPULIDOR + ULTRASONIDOS COMBI TOUCH PERIO | Amedis\",\"isPartOf\":{\"@id\":\"https:\\\/\\\/amedis.es\\\/tienda\\\/#website\"},\"primaryImageOfPage\":{\"@id\":\"https:\\\/\\\/amedis.es\\\/tienda\\\/producto\\\/aeropulidor-ultrasonidos-combi-touch-perio\\\/#primaryimage\"},\"image\":{\"@id\":\"https:\\\/\\\/amedis.es\\\/tienda\\\/producto\\\/aeropulidor-ultrasonidos-combi-touch-perio\\\/#primaryimage\"},\"thumbnailUrl\":\"https:\\\/\\\/amedis.es\\\/tienda\\\/wp-content\\\/uploads\\\/2024\\\/09\\\/AEROPULIDOR-ULTRASONIDOS-COMBI-TOUCH-PERIO.jpg\",\"datePublished\":\"2024-09-15T19:05:46+00:00\",\"dateModified\":\"2025-09-30T17:17:07+00:00\",\"description\":\"Aeropulidor + ultrasonidos combi touch perio. Aeropulidor y ultrasonidos en un \u00fanico dispositivo.\u00a0M\u00e1s de 50 insertos para una gran variedad de aplicaciones.\",\"breadcrumb\":{\"@id\":\"https:\\\/\\\/amedis.es\\\/tienda\\\/producto\\\/aeropulidor-ultrasonidos-combi-touch-perio\\\/#breadcrumb\"},\"inLanguage\":\"es\",\"potentialAction\":[{\"@type\":\"ReadAction\",\"target\":[\"https:\\\/\\\/amedis.es\\\/tienda\\\/producto\\\/aeropulidor-ultrasonidos-combi-touch-perio\\\/\"]}]},{\"@type\":\"ImageObject\",\"inLanguage\":\"es\",\"@id\":\"https:\\\/\\\/amedis.es\\\/tienda\\\/producto\\\/aeropulidor-ultrasonidos-combi-touch-perio\\\/#primaryimage\",\"url\":\"https:\\\/\\\/amedis.es\\\/tienda\\\/wp-content\\\/uploads\\\/2024\\\/09\\\/AEROPULIDOR-ULTRASONIDOS-COMBI-TOUCH-PERIO.jpg\",\"contentUrl\":\"https:\\\/\\\/amedis.es\\\/tienda\\\/wp-content\\\/uploads\\\/2024\\\/09\\\/AEROPULIDOR-ULTRASONIDOS-COMBI-TOUCH-PERIO.jpg\",\"width\":600,\"height\":600,\"caption\":\"Amedis AEROPULIDOR +ULTRASONIDOS COMBI TOUCH PERIO\"},{\"@type\":\"BreadcrumbList\",\"@id\":\"https:\\\/\\\/amedis.es\\\/tienda\\\/producto\\\/aeropulidor-ultrasonidos-combi-touch-perio\\\/#breadcrumb\",\"itemListElement\":[{\"@type\":\"ListItem\",\"position\":1,\"name\":\"Portada\",\"item\":\"https:\\\/\\\/amedis.es\\\/tienda\\\/\"},{\"@type\":\"ListItem\",\"position\":2,\"name\":\"Amedis | Suministros M\u00e9dicos y Dentales | Tienda\",\"item\":\"https:\\\/\\\/amedis.es\\\/tienda\\\/suministros-medicos-y-dentales\\\/\"},{\"@type\":\"ListItem\",\"position\":3,\"name\":\"AEROPULIDOR + ULTRASONIDOS COMBI TOUCH PERIO\"}]},{\"@type\":\"WebSite\",\"@id\":\"https:\\\/\\\/amedis.es\\\/tienda\\\/#website\",\"url\":\"https:\\\/\\\/amedis.es\\\/tienda\\\/\",\"name\":\"Amedis\",\"description\":\"Suministros M\u00e9dicos y Dentales\",\"publisher\":{\"@id\":\"https:\\\/\\\/amedis.es\\\/tienda\\\/#organization\"},\"potentialAction\":[{\"@type\":\"SearchAction\",\"target\":{\"@type\":\"EntryPoint\",\"urlTemplate\":\"https:\\\/\\\/amedis.es\\\/tienda\\\/?s={search_term_string}\"},\"query-input\":{\"@type\":\"PropertyValueSpecification\",\"valueRequired\":true,\"valueName\":\"search_term_string\"}}],\"inLanguage\":\"es\"},{\"@type\":\"Organization\",\"@id\":\"https:\\\/\\\/amedis.es\\\/tienda\\\/#organization\",\"name\":\"Amedis | Suministros M\u00e9dicos y Dentales\",\"url\":\"https:\\\/\\\/amedis.es\\\/tienda\\\/\",\"logo\":{\"@type\":\"ImageObject\",\"inLanguage\":\"es\",\"@id\":\"https:\\\/\\\/amedis.es\\\/tienda\\\/#\\\/schema\\\/logo\\\/image\\\/\",\"url\":\"https:\\\/\\\/amedis.es\\\/tienda\\\/wp-content\\\/uploads\\\/2020\\\/05\\\/logo-1.png\",\"contentUrl\":\"https:\\\/\\\/amedis.es\\\/tienda\\\/wp-content\\\/uploads\\\/2020\\\/05\\\/logo-1.png\",\"width\":191,\"height\":80,\"caption\":\"Amedis | Suministros M\u00e9dicos y Dentales\"},\"image\":{\"@id\":\"https:\\\/\\\/amedis.es\\\/tienda\\\/#\\\/schema\\\/logo\\\/image\\\/\"}}]}<\/script>\n<!-- \/ Yoast SEO plugin. -->","yoast_head_json":{"title":"AEROPULIDOR + ULTRASONIDOS COMBI TOUCH PERIO | Amedis","description":"Aeropulidor + ultrasonidos combi touch perio. Aeropulidor y ultrasonidos en un \u00fanico dispositivo.\u00a0M\u00e1s de 50 insertos para una gran variedad de aplicaciones.","robots":{"index":"index","follow":"follow","max-snippet":"max-snippet:-1","max-image-preview":"max-image-preview:large","max-video-preview":"max-video-preview:-1"},"canonical":"https:\/\/amedis.es\/tienda\/producto\/aeropulidor-ultrasonidos-combi-touch-perio\/","og_locale":"es_ES","og_type":"article","og_title":"AEROPULIDOR + ULTRASONIDOS COMBI TOUCH PERIO | Amedis","og_description":"Aeropulidor + ultrasonidos combi touch perio. Aeropulidor y ultrasonidos en un \u00fanico dispositivo.\u00a0M\u00e1s de 50 insertos para una gran variedad de aplicaciones.","og_url":"https:\/\/amedis.es\/tienda\/producto\/aeropulidor-ultrasonidos-combi-touch-perio\/","og_site_name":"Amedis","article_modified_time":"2025-09-30T17:17:07+00:00","og_image":[{"width":600,"height":600,"url":"https:\/\/amedis.es\/tienda\/wp-content\/uploads\/2024\/09\/AEROPULIDOR-ULTRASONIDOS-COMBI-TOUCH-PERIO.jpg","type":"image\/jpeg"}],"twitter_card":"summary_large_image","twitter_misc":{"Tiempo de lectura":"1 minuto"},"schema":{"@context":"https:\/\/schema.org","@graph":[{"@type":"WebPage","@id":"https:\/\/amedis.es\/tienda\/producto\/aeropulidor-ultrasonidos-combi-touch-perio\/","url":"https:\/\/amedis.es\/tienda\/producto\/aeropulidor-ultrasonidos-combi-touch-perio\/","name":"AEROPULIDOR + ULTRASONIDOS COMBI TOUCH PERIO | Amedis","isPartOf":{"@id":"https:\/\/amedis.es\/tienda\/#website"},"primaryImageOfPage":{"@id":"https:\/\/amedis.es\/tienda\/producto\/aeropulidor-ultrasonidos-combi-touch-perio\/#primaryimage"},"image":{"@id":"https:\/\/amedis.es\/tienda\/producto\/aeropulidor-ultrasonidos-combi-touch-perio\/#primaryimage"},"thumbnailUrl":"https:\/\/amedis.es\/tienda\/wp-content\/uploads\/2024\/09\/AEROPULIDOR-ULTRASONIDOS-COMBI-TOUCH-PERIO.jpg","datePublished":"2024-09-15T19:05:46+00:00","dateModified":"2025-09-30T17:17:07+00:00","description":"Aeropulidor + ultrasonidos combi touch perio. Aeropulidor y ultrasonidos en un \u00fanico dispositivo.\u00a0M\u00e1s de 50 insertos para una gran variedad de aplicaciones.","breadcrumb":{"@id":"https:\/\/amedis.es\/tienda\/producto\/aeropulidor-ultrasonidos-combi-touch-perio\/#breadcrumb"},"inLanguage":"es","potentialAction":[{"@type":"ReadAction","target":["https:\/\/amedis.es\/tienda\/producto\/aeropulidor-ultrasonidos-combi-touch-perio\/"]}]},{"@type":"ImageObject","inLanguage":"es","@id":"https:\/\/amedis.es\/tienda\/producto\/aeropulidor-ultrasonidos-combi-touch-perio\/#primaryimage","url":"https:\/\/amedis.es\/tienda\/wp-content\/uploads\/2024\/09\/AEROPULIDOR-ULTRASONIDOS-COMBI-TOUCH-PERIO.jpg","contentUrl":"https:\/\/amedis.es\/tienda\/wp-content\/uploads\/2024\/09\/AEROPULIDOR-ULTRASONIDOS-COMBI-TOUCH-PERIO.jpg","width":600,"height":600,"caption":"Amedis AEROPULIDOR +ULTRASONIDOS COMBI TOUCH PERIO"},{"@type":"BreadcrumbList","@id":"https:\/\/amedis.es\/tienda\/producto\/aeropulidor-ultrasonidos-combi-touch-perio\/#breadcrumb","itemListElement":[{"@type":"ListItem","position":1,"name":"Portada","item":"https:\/\/amedis.es\/tienda\/"},{"@type":"ListItem","position":2,"name":"Amedis | Suministros M\u00e9dicos y Dentales | Tienda","item":"https:\/\/amedis.es\/tienda\/suministros-medicos-y-dentales\/"},{"@type":"ListItem","position":3,"name":"AEROPULIDOR + ULTRASONIDOS COMBI TOUCH PERIO"}]},{"@type":"WebSite","@id":"https:\/\/amedis.es\/tienda\/#website","url":"https:\/\/amedis.es\/tienda\/","name":"Amedis","description":"Suministros M\u00e9dicos y Dentales","publisher":{"@id":"https:\/\/amedis.es\/tienda\/#organization"},"potentialAction":[{"@type":"SearchAction","target":{"@type":"EntryPoint","urlTemplate":"https:\/\/amedis.es\/tienda\/?s={search_term_string}"},"query-input":{"@type":"PropertyValueSpecification","valueRequired":true,"valueName":"search_term_string"}}],"inLanguage":"es"},{"@type":"Organization","@id":"https:\/\/amedis.es\/tienda\/#organization","name":"Amedis | Suministros M\u00e9dicos y Dentales","url":"https:\/\/amedis.es\/tienda\/","logo":{"@type":"ImageObject","inLanguage":"es","@id":"https:\/\/amedis.es\/tienda\/#\/schema\/logo\/image\/","url":"https:\/\/amedis.es\/tienda\/wp-content\/uploads\/2020\/05\/logo-1.png","contentUrl":"https:\/\/amedis.es\/tienda\/wp-content\/uploads\/2020\/05\/logo-1.png","width":191,"height":80,"caption":"Amedis | Suministros M\u00e9dicos y Dentales"},"image":{"@id":"https:\/\/amedis.es\/tienda\/#\/schema\/logo\/image\/"}}]}},"brands":[{"id":2424,"name":"MECTRON","slug":"mectron"}],"_links":{"self":[{"href":"https:\/\/amedis.es\/tienda\/wp-json\/wp\/v2\/product\/30541","targetHints":{"allow":["GET"]}}],"collection":[{"href":"https:\/\/amedis.es\/tienda\/wp-json\/wp\/v2\/product"}],"about":[{"href":"https:\/\/amedis.es\/tienda\/wp-json\/wp\/v2\/types\/product"}],"wp:featuredmedia":[{"embeddable":true,"href":"https:\/\/amedis.es\/tienda\/wp-json\/wp\/v2\/media\/30542"}],"wp:attachment":[{"href":"https:\/\/amedis.es\/tienda\/wp-json\/wp\/v2\/media?parent=30541"}],"wp:term":[{"taxonomy":"pwb-brand","embeddable":true,"href":"https:\/\/amedis.es\/tienda\/wp-json\/wp\/v2\/pwb-brand?post=30541"},{"taxonomy":"product_brand","embeddable":true,"href":"https:\/\/amedis.es\/tienda\/wp-json\/wp\/v2\/product_brand?post=30541"},{"taxonomy":"product_cat","embeddable":true,"href":"https:\/\/amedis.es\/tienda\/wp-json\/wp\/v2\/product_cat?post=30541"},{"taxonomy":"product_tag","embeddable":true,"href":"https:\/\/amedis.es\/tienda\/wp-json\/wp\/v2\/product_tag?post=30541"}],"curies":[{"name":"wp","href":"https:\/\/api.w.org\/{rel}","templated":true}]}}