{"id":3036,"date":"2020-12-03T20:51:51","date_gmt":"2020-12-03T20:51:51","guid":{"rendered":"https:\/\/amedis.es\/tienda\/?post_type=product&#038;p=3036"},"modified":"2025-04-14T20:18:06","modified_gmt":"2025-04-14T20:18:06","slug":"tiranervios-vdw","status":"publish","type":"product","link":"https:\/\/amedis.es\/tienda\/producto\/tiranervios-vdw\/","title":{"rendered":"TIRANERVIOS VDW"},"content":{"rendered":"<p>Tiranervios VDW. Instrumentos de acero inoxidable para la extirpaci\u00f3n f\u00e1cil y segura de todo el tejido pulpar. Mango con c\u00f3digos de color seg\u00fan la norma ISO. Dientecillos flexibles dispuestos en espiral alrededor del n\u00facleo c\u00f3nico. Su tama\u00f1o equivale a \u00bd del di\u00e1metro del n\u00facleo. Los dientecillos tienen una resistencia suficiente para no romperse en el conducto radicular, siempre que el instrumento se utilice adecuadamente.<\/p>\n","protected":false},"excerpt":{"rendered":"<p>CONTENIDO: 10 unidades.<\/p>\n","protected":false},"featured_media":3037,"template":"","meta":[],"pwb-brand":[2379],"product_brand":[],"product_cat":[132,134],"product_tag":[],"class_list":{"0":"post-3036","1":"product","2":"type-product","3":"status-publish","4":"has-post-thumbnail","6":"pwb-brand-vdw","7":"product_cat-endodoncia","8":"product_cat-tiranervios","10":"first","11":"instock","12":"sale","13":"taxable","14":"shipping-taxable","15":"purchasable","16":"product-type-variable"},"yoast_head":"<!-- This site is optimized with the Yoast SEO plugin v27.3 - https:\/\/yoast.com\/product\/yoast-seo-wordpress\/ -->\n<title>TIRANERVIOS VDW | Amedis<\/title>\n<meta name=\"description\" content=\"Tiranervios VDW. Instrumentos de acero inoxidable para la extirpaci\u00f3n f\u00e1cil y segura de todo el tejido pulpar. Mango con c\u00f3digos de color.\" \/>\n<meta name=\"robots\" content=\"index, follow, max-snippet:-1, max-image-preview:large, max-video-preview:-1\" \/>\n<link rel=\"canonical\" href=\"https:\/\/amedis.es\/tienda\/?product=tiranervios-vdw\" \/>\n<meta property=\"og:locale\" content=\"es_ES\" \/>\n<meta property=\"og:type\" content=\"article\" \/>\n<meta property=\"og:title\" content=\"TIRANERVIOS VDW | Amedis\" \/>\n<meta property=\"og:description\" content=\"Tiranervios VDW. Instrumentos de acero inoxidable para la extirpaci\u00f3n f\u00e1cil y segura de todo el tejido pulpar. Mango con c\u00f3digos de color.\" \/>\n<meta property=\"og:url\" content=\"https:\/\/amedis.es\/tienda\/?product=tiranervios-vdw\" \/>\n<meta property=\"og:site_name\" content=\"Amedis\" \/>\n<meta property=\"article:modified_time\" content=\"2025-04-14T20:18:06+00:00\" \/>\n<meta property=\"og:image\" content=\"https:\/\/amedis.es\/tienda\/wp-content\/uploads\/2020\/12\/TIRANERVIOS-VDW.jpg\" \/>\n\t<meta property=\"og:image:width\" content=\"600\" \/>\n\t<meta property=\"og:image:height\" content=\"600\" \/>\n\t<meta property=\"og:image:type\" content=\"image\/jpeg\" \/>\n<meta name=\"twitter:card\" content=\"summary_large_image\" \/>\n<meta name=\"twitter:label1\" content=\"Tiempo de lectura\" \/>\n\t<meta name=\"twitter:data1\" content=\"1 minuto\" \/>\n<script type=\"application\/ld+json\" class=\"yoast-schema-graph\">{\"@context\":\"https:\\\/\\\/schema.org\",\"@graph\":[{\"@type\":\"WebPage\",\"@id\":\"https:\\\/\\\/amedis.es\\\/tienda\\\/?product=tiranervios-vdw\",\"url\":\"https:\\\/\\\/amedis.es\\\/tienda\\\/?product=tiranervios-vdw\",\"name\":\"TIRANERVIOS VDW | Amedis\",\"isPartOf\":{\"@id\":\"https:\\\/\\\/amedis.es\\\/tienda\\\/#website\"},\"primaryImageOfPage\":{\"@id\":\"https:\\\/\\\/amedis.es\\\/tienda\\\/?product=tiranervios-vdw#primaryimage\"},\"image\":{\"@id\":\"https:\\\/\\\/amedis.es\\\/tienda\\\/?product=tiranervios-vdw#primaryimage\"},\"thumbnailUrl\":\"https:\\\/\\\/amedis.es\\\/tienda\\\/wp-content\\\/uploads\\\/2020\\\/12\\\/TIRANERVIOS-VDW.jpg\",\"datePublished\":\"2020-12-03T20:51:51+00:00\",\"dateModified\":\"2025-04-14T20:18:06+00:00\",\"description\":\"Tiranervios VDW. Instrumentos de acero inoxidable para la extirpaci\u00f3n f\u00e1cil y segura de todo el tejido pulpar. Mango con c\u00f3digos de color.\",\"breadcrumb\":{\"@id\":\"https:\\\/\\\/amedis.es\\\/tienda\\\/?product=tiranervios-vdw#breadcrumb\"},\"inLanguage\":\"es\",\"potentialAction\":[{\"@type\":\"ReadAction\",\"target\":[\"https:\\\/\\\/amedis.es\\\/tienda\\\/?product=tiranervios-vdw\"]}]},{\"@type\":\"ImageObject\",\"inLanguage\":\"es\",\"@id\":\"https:\\\/\\\/amedis.es\\\/tienda\\\/?product=tiranervios-vdw#primaryimage\",\"url\":\"https:\\\/\\\/amedis.es\\\/tienda\\\/wp-content\\\/uploads\\\/2020\\\/12\\\/TIRANERVIOS-VDW.jpg\",\"contentUrl\":\"https:\\\/\\\/amedis.es\\\/tienda\\\/wp-content\\\/uploads\\\/2020\\\/12\\\/TIRANERVIOS-VDW.jpg\",\"width\":600,\"height\":600,\"caption\":\"Amedis TIRANERVIOS VDW\"},{\"@type\":\"BreadcrumbList\",\"@id\":\"https:\\\/\\\/amedis.es\\\/tienda\\\/?product=tiranervios-vdw#breadcrumb\",\"itemListElement\":[{\"@type\":\"ListItem\",\"position\":1,\"name\":\"Portada\",\"item\":\"https:\\\/\\\/amedis.es\\\/tienda\\\/\"},{\"@type\":\"ListItem\",\"position\":2,\"name\":\"Amedis | Suministros M\u00e9dicos y Dentales | Tienda\",\"item\":\"https:\\\/\\\/amedis.es\\\/tienda\\\/suministros-medicos-y-dentales\\\/\"},{\"@type\":\"ListItem\",\"position\":3,\"name\":\"TIRANERVIOS VDW\"}]},{\"@type\":\"WebSite\",\"@id\":\"https:\\\/\\\/amedis.es\\\/tienda\\\/#website\",\"url\":\"https:\\\/\\\/amedis.es\\\/tienda\\\/\",\"name\":\"Amedis\",\"description\":\"Suministros M\u00e9dicos y Dentales\",\"publisher\":{\"@id\":\"https:\\\/\\\/amedis.es\\\/tienda\\\/#organization\"},\"potentialAction\":[{\"@type\":\"SearchAction\",\"target\":{\"@type\":\"EntryPoint\",\"urlTemplate\":\"https:\\\/\\\/amedis.es\\\/tienda\\\/?s={search_term_string}\"},\"query-input\":{\"@type\":\"PropertyValueSpecification\",\"valueRequired\":true,\"valueName\":\"search_term_string\"}}],\"inLanguage\":\"es\"},{\"@type\":\"Organization\",\"@id\":\"https:\\\/\\\/amedis.es\\\/tienda\\\/#organization\",\"name\":\"Amedis | Suministros M\u00e9dicos y Dentales\",\"url\":\"https:\\\/\\\/amedis.es\\\/tienda\\\/\",\"logo\":{\"@type\":\"ImageObject\",\"inLanguage\":\"es\",\"@id\":\"https:\\\/\\\/amedis.es\\\/tienda\\\/#\\\/schema\\\/logo\\\/image\\\/\",\"url\":\"https:\\\/\\\/amedis.es\\\/tienda\\\/wp-content\\\/uploads\\\/2020\\\/05\\\/logo-1.png\",\"contentUrl\":\"https:\\\/\\\/amedis.es\\\/tienda\\\/wp-content\\\/uploads\\\/2020\\\/05\\\/logo-1.png\",\"width\":191,\"height\":80,\"caption\":\"Amedis | Suministros M\u00e9dicos y Dentales\"},\"image\":{\"@id\":\"https:\\\/\\\/amedis.es\\\/tienda\\\/#\\\/schema\\\/logo\\\/image\\\/\"}}]}<\/script>\n<!-- \/ Yoast SEO plugin. -->","yoast_head_json":{"title":"TIRANERVIOS VDW | Amedis","description":"Tiranervios VDW. Instrumentos de acero inoxidable para la extirpaci\u00f3n f\u00e1cil y segura de todo el tejido pulpar. Mango con c\u00f3digos de color.","robots":{"index":"index","follow":"follow","max-snippet":"max-snippet:-1","max-image-preview":"max-image-preview:large","max-video-preview":"max-video-preview:-1"},"canonical":"https:\/\/amedis.es\/tienda\/?product=tiranervios-vdw","og_locale":"es_ES","og_type":"article","og_title":"TIRANERVIOS VDW | Amedis","og_description":"Tiranervios VDW. Instrumentos de acero inoxidable para la extirpaci\u00f3n f\u00e1cil y segura de todo el tejido pulpar. Mango con c\u00f3digos de color.","og_url":"https:\/\/amedis.es\/tienda\/?product=tiranervios-vdw","og_site_name":"Amedis","article_modified_time":"2025-04-14T20:18:06+00:00","og_image":[{"width":600,"height":600,"url":"https:\/\/amedis.es\/tienda\/wp-content\/uploads\/2020\/12\/TIRANERVIOS-VDW.jpg","type":"image\/jpeg"}],"twitter_card":"summary_large_image","twitter_misc":{"Tiempo de lectura":"1 minuto"},"schema":{"@context":"https:\/\/schema.org","@graph":[{"@type":"WebPage","@id":"https:\/\/amedis.es\/tienda\/?product=tiranervios-vdw","url":"https:\/\/amedis.es\/tienda\/?product=tiranervios-vdw","name":"TIRANERVIOS VDW | Amedis","isPartOf":{"@id":"https:\/\/amedis.es\/tienda\/#website"},"primaryImageOfPage":{"@id":"https:\/\/amedis.es\/tienda\/?product=tiranervios-vdw#primaryimage"},"image":{"@id":"https:\/\/amedis.es\/tienda\/?product=tiranervios-vdw#primaryimage"},"thumbnailUrl":"https:\/\/amedis.es\/tienda\/wp-content\/uploads\/2020\/12\/TIRANERVIOS-VDW.jpg","datePublished":"2020-12-03T20:51:51+00:00","dateModified":"2025-04-14T20:18:06+00:00","description":"Tiranervios VDW. Instrumentos de acero inoxidable para la extirpaci\u00f3n f\u00e1cil y segura de todo el tejido pulpar. Mango con c\u00f3digos de color.","breadcrumb":{"@id":"https:\/\/amedis.es\/tienda\/?product=tiranervios-vdw#breadcrumb"},"inLanguage":"es","potentialAction":[{"@type":"ReadAction","target":["https:\/\/amedis.es\/tienda\/?product=tiranervios-vdw"]}]},{"@type":"ImageObject","inLanguage":"es","@id":"https:\/\/amedis.es\/tienda\/?product=tiranervios-vdw#primaryimage","url":"https:\/\/amedis.es\/tienda\/wp-content\/uploads\/2020\/12\/TIRANERVIOS-VDW.jpg","contentUrl":"https:\/\/amedis.es\/tienda\/wp-content\/uploads\/2020\/12\/TIRANERVIOS-VDW.jpg","width":600,"height":600,"caption":"Amedis TIRANERVIOS VDW"},{"@type":"BreadcrumbList","@id":"https:\/\/amedis.es\/tienda\/?product=tiranervios-vdw#breadcrumb","itemListElement":[{"@type":"ListItem","position":1,"name":"Portada","item":"https:\/\/amedis.es\/tienda\/"},{"@type":"ListItem","position":2,"name":"Amedis | Suministros M\u00e9dicos y Dentales | Tienda","item":"https:\/\/amedis.es\/tienda\/suministros-medicos-y-dentales\/"},{"@type":"ListItem","position":3,"name":"TIRANERVIOS VDW"}]},{"@type":"WebSite","@id":"https:\/\/amedis.es\/tienda\/#website","url":"https:\/\/amedis.es\/tienda\/","name":"Amedis","description":"Suministros M\u00e9dicos y Dentales","publisher":{"@id":"https:\/\/amedis.es\/tienda\/#organization"},"potentialAction":[{"@type":"SearchAction","target":{"@type":"EntryPoint","urlTemplate":"https:\/\/amedis.es\/tienda\/?s={search_term_string}"},"query-input":{"@type":"PropertyValueSpecification","valueRequired":true,"valueName":"search_term_string"}}],"inLanguage":"es"},{"@type":"Organization","@id":"https:\/\/amedis.es\/tienda\/#organization","name":"Amedis | Suministros M\u00e9dicos y Dentales","url":"https:\/\/amedis.es\/tienda\/","logo":{"@type":"ImageObject","inLanguage":"es","@id":"https:\/\/amedis.es\/tienda\/#\/schema\/logo\/image\/","url":"https:\/\/amedis.es\/tienda\/wp-content\/uploads\/2020\/05\/logo-1.png","contentUrl":"https:\/\/amedis.es\/tienda\/wp-content\/uploads\/2020\/05\/logo-1.png","width":191,"height":80,"caption":"Amedis | Suministros M\u00e9dicos y Dentales"},"image":{"@id":"https:\/\/amedis.es\/tienda\/#\/schema\/logo\/image\/"}}]}},"brands":[{"id":2379,"name":"VDW","slug":"vdw"}],"_links":{"self":[{"href":"https:\/\/amedis.es\/tienda\/wp-json\/wp\/v2\/product\/3036","targetHints":{"allow":["GET"]}}],"collection":[{"href":"https:\/\/amedis.es\/tienda\/wp-json\/wp\/v2\/product"}],"about":[{"href":"https:\/\/amedis.es\/tienda\/wp-json\/wp\/v2\/types\/product"}],"wp:featuredmedia":[{"embeddable":true,"href":"https:\/\/amedis.es\/tienda\/wp-json\/wp\/v2\/media\/3037"}],"wp:attachment":[{"href":"https:\/\/amedis.es\/tienda\/wp-json\/wp\/v2\/media?parent=3036"}],"wp:term":[{"taxonomy":"pwb-brand","embeddable":true,"href":"https:\/\/amedis.es\/tienda\/wp-json\/wp\/v2\/pwb-brand?post=3036"},{"taxonomy":"product_brand","embeddable":true,"href":"https:\/\/amedis.es\/tienda\/wp-json\/wp\/v2\/product_brand?post=3036"},{"taxonomy":"product_cat","embeddable":true,"href":"https:\/\/amedis.es\/tienda\/wp-json\/wp\/v2\/product_cat?post=3036"},{"taxonomy":"product_tag","embeddable":true,"href":"https:\/\/amedis.es\/tienda\/wp-json\/wp\/v2\/product_tag?post=3036"}],"curies":[{"name":"wp","href":"https:\/\/api.w.org\/{rel}","templated":true}]}}