{"id":29594,"date":"2024-05-14T18:56:11","date_gmt":"2024-05-14T18:56:11","guid":{"rendered":"https:\/\/amedis.es\/tienda\/?post_type=product&#038;p=29594"},"modified":"2024-11-27T11:58:20","modified_gmt":"2024-11-27T11:58:20","slug":"limas-reciprocantes-r-blue-vidu","status":"publish","type":"product","link":"https:\/\/amedis.es\/tienda\/producto\/limas-reciprocantes-r-blue-vidu\/","title":{"rendered":"LIMAS RECIPROCANTES R+ BLUE VIDU"},"content":{"rendered":"<p>Limas reciprocantes R+ blue Vidu. Son un sistema de limas tipo reciprocante, adopta una nano capa azul para mejorar la resistencia a la fatiga y la suavidad de la superficie, proporcionando una gran experiencia para dentistas y pacientes.<\/p>\n<p>CARACTERISTICAS:<\/p>\n<p>&#8211; Memoria activada por calor, al calentarse regenera su forma original.<br \/>\n&#8211; Reduce el efecto de atornillado.<br \/>\n&#8211; La t\u00e9cnica de pulido ultrafino reduce los defectos menores de la superficie, aumenta la precisi\u00f3n, mejora la resistencia a la fatiga c\u00edclica y reduce el riesgo de separaci\u00f3n del instrumento.<br \/>\n&#8211; La t\u00e9cnica de pulido delicado reduce la fricci\u00f3n y disminuye el riesgo de rotura.<\/p>\n","protected":false},"excerpt":{"rendered":"<p>CONTENIDO: 3 unidades.<\/p>\n","protected":false},"featured_media":29595,"template":"","meta":[],"pwb-brand":[2348],"product_brand":[],"product_cat":[27,132,145],"product_tag":[],"class_list":{"0":"post-29594","1":"product","2":"type-product","3":"status-publish","4":"has-post-thumbnail","6":"pwb-brand-vidu","7":"product_cat-clinica","8":"product_cat-endodoncia","9":"product_cat-limas-rotatorias","11":"first","12":"outofstock","13":"taxable","14":"shipping-taxable","15":"product-type-variable"},"yoast_head":"<!-- This site is optimized with the Yoast SEO plugin v27.3 - https:\/\/yoast.com\/product\/yoast-seo-wordpress\/ -->\n<title>LIMAS RECIPROCANTES R+ BLUE VIDU | Amedis<\/title>\n<meta name=\"description\" content=\"Limas reciprocantes R+ Vidu. Son un sistema de limas tipo reciprocante, adopta una nano capa azul para mejorar la resistencia a la fatiga\" \/>\n<meta name=\"robots\" content=\"index, follow, max-snippet:-1, max-image-preview:large, max-video-preview:-1\" \/>\n<link rel=\"canonical\" href=\"https:\/\/amedis.es\/tienda\/?product=limas-reciprocantes-r-blue-vidu\" \/>\n<meta property=\"og:locale\" content=\"es_ES\" \/>\n<meta property=\"og:type\" content=\"article\" \/>\n<meta property=\"og:title\" content=\"LIMAS RECIPROCANTES R+ BLUE VIDU | Amedis\" \/>\n<meta property=\"og:description\" content=\"Limas reciprocantes R+ Vidu. Son un sistema de limas tipo reciprocante, adopta una nano capa azul para mejorar la resistencia a la fatiga\" \/>\n<meta property=\"og:url\" content=\"https:\/\/amedis.es\/tienda\/?product=limas-reciprocantes-r-blue-vidu\" \/>\n<meta property=\"og:site_name\" content=\"Amedis\" \/>\n<meta property=\"article:modified_time\" content=\"2024-11-27T11:58:20+00:00\" \/>\n<meta property=\"og:image\" content=\"https:\/\/amedis.es\/tienda\/wp-content\/uploads\/2024\/05\/LIMAS-RECIPROCANTES-R-VIDU.jpg\" \/>\n\t<meta property=\"og:image:width\" content=\"600\" \/>\n\t<meta property=\"og:image:height\" content=\"600\" \/>\n\t<meta property=\"og:image:type\" content=\"image\/jpeg\" \/>\n<meta name=\"twitter:card\" content=\"summary_large_image\" \/>\n<meta name=\"twitter:label1\" content=\"Tiempo de lectura\" \/>\n\t<meta name=\"twitter:data1\" content=\"1 minuto\" \/>\n<script type=\"application\/ld+json\" class=\"yoast-schema-graph\">{\"@context\":\"https:\\\/\\\/schema.org\",\"@graph\":[{\"@type\":\"WebPage\",\"@id\":\"https:\\\/\\\/amedis.es\\\/tienda\\\/?product=limas-reciprocantes-r-blue-vidu\",\"url\":\"https:\\\/\\\/amedis.es\\\/tienda\\\/?product=limas-reciprocantes-r-blue-vidu\",\"name\":\"LIMAS RECIPROCANTES R+ BLUE VIDU | Amedis\",\"isPartOf\":{\"@id\":\"https:\\\/\\\/amedis.es\\\/tienda\\\/#website\"},\"primaryImageOfPage\":{\"@id\":\"https:\\\/\\\/amedis.es\\\/tienda\\\/?product=limas-reciprocantes-r-blue-vidu#primaryimage\"},\"image\":{\"@id\":\"https:\\\/\\\/amedis.es\\\/tienda\\\/?product=limas-reciprocantes-r-blue-vidu#primaryimage\"},\"thumbnailUrl\":\"https:\\\/\\\/amedis.es\\\/tienda\\\/wp-content\\\/uploads\\\/2024\\\/05\\\/LIMAS-RECIPROCANTES-R-VIDU.jpg\",\"datePublished\":\"2024-05-14T18:56:11+00:00\",\"dateModified\":\"2024-11-27T11:58:20+00:00\",\"description\":\"Limas reciprocantes R+ Vidu. Son un sistema de limas tipo reciprocante, adopta una nano capa azul para mejorar la resistencia a la fatiga\",\"breadcrumb\":{\"@id\":\"https:\\\/\\\/amedis.es\\\/tienda\\\/?product=limas-reciprocantes-r-blue-vidu#breadcrumb\"},\"inLanguage\":\"es\",\"potentialAction\":[{\"@type\":\"ReadAction\",\"target\":[\"https:\\\/\\\/amedis.es\\\/tienda\\\/?product=limas-reciprocantes-r-blue-vidu\"]}]},{\"@type\":\"ImageObject\",\"inLanguage\":\"es\",\"@id\":\"https:\\\/\\\/amedis.es\\\/tienda\\\/?product=limas-reciprocantes-r-blue-vidu#primaryimage\",\"url\":\"https:\\\/\\\/amedis.es\\\/tienda\\\/wp-content\\\/uploads\\\/2024\\\/05\\\/LIMAS-RECIPROCANTES-R-VIDU.jpg\",\"contentUrl\":\"https:\\\/\\\/amedis.es\\\/tienda\\\/wp-content\\\/uploads\\\/2024\\\/05\\\/LIMAS-RECIPROCANTES-R-VIDU.jpg\",\"width\":600,\"height\":600,\"caption\":\"Amedis LIMAS RECIPROCANTES R+ VIDU\"},{\"@type\":\"BreadcrumbList\",\"@id\":\"https:\\\/\\\/amedis.es\\\/tienda\\\/?product=limas-reciprocantes-r-blue-vidu#breadcrumb\",\"itemListElement\":[{\"@type\":\"ListItem\",\"position\":1,\"name\":\"Portada\",\"item\":\"https:\\\/\\\/amedis.es\\\/tienda\\\/\"},{\"@type\":\"ListItem\",\"position\":2,\"name\":\"Amedis | Suministros M\u00e9dicos y Dentales | Tienda\",\"item\":\"https:\\\/\\\/amedis.es\\\/tienda\\\/suministros-medicos-y-dentales\\\/\"},{\"@type\":\"ListItem\",\"position\":3,\"name\":\"LIMAS RECIPROCANTES R+ BLUE VIDU\"}]},{\"@type\":\"WebSite\",\"@id\":\"https:\\\/\\\/amedis.es\\\/tienda\\\/#website\",\"url\":\"https:\\\/\\\/amedis.es\\\/tienda\\\/\",\"name\":\"Amedis\",\"description\":\"Suministros M\u00e9dicos y Dentales\",\"publisher\":{\"@id\":\"https:\\\/\\\/amedis.es\\\/tienda\\\/#organization\"},\"potentialAction\":[{\"@type\":\"SearchAction\",\"target\":{\"@type\":\"EntryPoint\",\"urlTemplate\":\"https:\\\/\\\/amedis.es\\\/tienda\\\/?s={search_term_string}\"},\"query-input\":{\"@type\":\"PropertyValueSpecification\",\"valueRequired\":true,\"valueName\":\"search_term_string\"}}],\"inLanguage\":\"es\"},{\"@type\":\"Organization\",\"@id\":\"https:\\\/\\\/amedis.es\\\/tienda\\\/#organization\",\"name\":\"Amedis | Suministros M\u00e9dicos y Dentales\",\"url\":\"https:\\\/\\\/amedis.es\\\/tienda\\\/\",\"logo\":{\"@type\":\"ImageObject\",\"inLanguage\":\"es\",\"@id\":\"https:\\\/\\\/amedis.es\\\/tienda\\\/#\\\/schema\\\/logo\\\/image\\\/\",\"url\":\"https:\\\/\\\/amedis.es\\\/tienda\\\/wp-content\\\/uploads\\\/2020\\\/05\\\/logo-1.png\",\"contentUrl\":\"https:\\\/\\\/amedis.es\\\/tienda\\\/wp-content\\\/uploads\\\/2020\\\/05\\\/logo-1.png\",\"width\":191,\"height\":80,\"caption\":\"Amedis | Suministros M\u00e9dicos y Dentales\"},\"image\":{\"@id\":\"https:\\\/\\\/amedis.es\\\/tienda\\\/#\\\/schema\\\/logo\\\/image\\\/\"}}]}<\/script>\n<!-- \/ Yoast SEO plugin. -->","yoast_head_json":{"title":"LIMAS RECIPROCANTES R+ BLUE VIDU | Amedis","description":"Limas reciprocantes R+ Vidu. Son un sistema de limas tipo reciprocante, adopta una nano capa azul para mejorar la resistencia a la fatiga","robots":{"index":"index","follow":"follow","max-snippet":"max-snippet:-1","max-image-preview":"max-image-preview:large","max-video-preview":"max-video-preview:-1"},"canonical":"https:\/\/amedis.es\/tienda\/?product=limas-reciprocantes-r-blue-vidu","og_locale":"es_ES","og_type":"article","og_title":"LIMAS RECIPROCANTES R+ BLUE VIDU | Amedis","og_description":"Limas reciprocantes R+ Vidu. Son un sistema de limas tipo reciprocante, adopta una nano capa azul para mejorar la resistencia a la fatiga","og_url":"https:\/\/amedis.es\/tienda\/?product=limas-reciprocantes-r-blue-vidu","og_site_name":"Amedis","article_modified_time":"2024-11-27T11:58:20+00:00","og_image":[{"width":600,"height":600,"url":"https:\/\/amedis.es\/tienda\/wp-content\/uploads\/2024\/05\/LIMAS-RECIPROCANTES-R-VIDU.jpg","type":"image\/jpeg"}],"twitter_card":"summary_large_image","twitter_misc":{"Tiempo de lectura":"1 minuto"},"schema":{"@context":"https:\/\/schema.org","@graph":[{"@type":"WebPage","@id":"https:\/\/amedis.es\/tienda\/?product=limas-reciprocantes-r-blue-vidu","url":"https:\/\/amedis.es\/tienda\/?product=limas-reciprocantes-r-blue-vidu","name":"LIMAS RECIPROCANTES R+ BLUE VIDU | Amedis","isPartOf":{"@id":"https:\/\/amedis.es\/tienda\/#website"},"primaryImageOfPage":{"@id":"https:\/\/amedis.es\/tienda\/?product=limas-reciprocantes-r-blue-vidu#primaryimage"},"image":{"@id":"https:\/\/amedis.es\/tienda\/?product=limas-reciprocantes-r-blue-vidu#primaryimage"},"thumbnailUrl":"https:\/\/amedis.es\/tienda\/wp-content\/uploads\/2024\/05\/LIMAS-RECIPROCANTES-R-VIDU.jpg","datePublished":"2024-05-14T18:56:11+00:00","dateModified":"2024-11-27T11:58:20+00:00","description":"Limas reciprocantes R+ Vidu. Son un sistema de limas tipo reciprocante, adopta una nano capa azul para mejorar la resistencia a la fatiga","breadcrumb":{"@id":"https:\/\/amedis.es\/tienda\/?product=limas-reciprocantes-r-blue-vidu#breadcrumb"},"inLanguage":"es","potentialAction":[{"@type":"ReadAction","target":["https:\/\/amedis.es\/tienda\/?product=limas-reciprocantes-r-blue-vidu"]}]},{"@type":"ImageObject","inLanguage":"es","@id":"https:\/\/amedis.es\/tienda\/?product=limas-reciprocantes-r-blue-vidu#primaryimage","url":"https:\/\/amedis.es\/tienda\/wp-content\/uploads\/2024\/05\/LIMAS-RECIPROCANTES-R-VIDU.jpg","contentUrl":"https:\/\/amedis.es\/tienda\/wp-content\/uploads\/2024\/05\/LIMAS-RECIPROCANTES-R-VIDU.jpg","width":600,"height":600,"caption":"Amedis LIMAS RECIPROCANTES R+ VIDU"},{"@type":"BreadcrumbList","@id":"https:\/\/amedis.es\/tienda\/?product=limas-reciprocantes-r-blue-vidu#breadcrumb","itemListElement":[{"@type":"ListItem","position":1,"name":"Portada","item":"https:\/\/amedis.es\/tienda\/"},{"@type":"ListItem","position":2,"name":"Amedis | Suministros M\u00e9dicos y Dentales | Tienda","item":"https:\/\/amedis.es\/tienda\/suministros-medicos-y-dentales\/"},{"@type":"ListItem","position":3,"name":"LIMAS RECIPROCANTES R+ BLUE VIDU"}]},{"@type":"WebSite","@id":"https:\/\/amedis.es\/tienda\/#website","url":"https:\/\/amedis.es\/tienda\/","name":"Amedis","description":"Suministros M\u00e9dicos y Dentales","publisher":{"@id":"https:\/\/amedis.es\/tienda\/#organization"},"potentialAction":[{"@type":"SearchAction","target":{"@type":"EntryPoint","urlTemplate":"https:\/\/amedis.es\/tienda\/?s={search_term_string}"},"query-input":{"@type":"PropertyValueSpecification","valueRequired":true,"valueName":"search_term_string"}}],"inLanguage":"es"},{"@type":"Organization","@id":"https:\/\/amedis.es\/tienda\/#organization","name":"Amedis | Suministros M\u00e9dicos y Dentales","url":"https:\/\/amedis.es\/tienda\/","logo":{"@type":"ImageObject","inLanguage":"es","@id":"https:\/\/amedis.es\/tienda\/#\/schema\/logo\/image\/","url":"https:\/\/amedis.es\/tienda\/wp-content\/uploads\/2020\/05\/logo-1.png","contentUrl":"https:\/\/amedis.es\/tienda\/wp-content\/uploads\/2020\/05\/logo-1.png","width":191,"height":80,"caption":"Amedis | Suministros M\u00e9dicos y Dentales"},"image":{"@id":"https:\/\/amedis.es\/tienda\/#\/schema\/logo\/image\/"}}]}},"brands":[{"id":2348,"name":"VIDU","slug":"vidu"}],"_links":{"self":[{"href":"https:\/\/amedis.es\/tienda\/wp-json\/wp\/v2\/product\/29594","targetHints":{"allow":["GET"]}}],"collection":[{"href":"https:\/\/amedis.es\/tienda\/wp-json\/wp\/v2\/product"}],"about":[{"href":"https:\/\/amedis.es\/tienda\/wp-json\/wp\/v2\/types\/product"}],"wp:featuredmedia":[{"embeddable":true,"href":"https:\/\/amedis.es\/tienda\/wp-json\/wp\/v2\/media\/29595"}],"wp:attachment":[{"href":"https:\/\/amedis.es\/tienda\/wp-json\/wp\/v2\/media?parent=29594"}],"wp:term":[{"taxonomy":"pwb-brand","embeddable":true,"href":"https:\/\/amedis.es\/tienda\/wp-json\/wp\/v2\/pwb-brand?post=29594"},{"taxonomy":"product_brand","embeddable":true,"href":"https:\/\/amedis.es\/tienda\/wp-json\/wp\/v2\/product_brand?post=29594"},{"taxonomy":"product_cat","embeddable":true,"href":"https:\/\/amedis.es\/tienda\/wp-json\/wp\/v2\/product_cat?post=29594"},{"taxonomy":"product_tag","embeddable":true,"href":"https:\/\/amedis.es\/tienda\/wp-json\/wp\/v2\/product_tag?post=29594"}],"curies":[{"name":"wp","href":"https:\/\/api.w.org\/{rel}","templated":true}]}}