{"id":29385,"date":"2024-04-01T21:24:13","date_gmt":"2024-04-01T21:24:13","guid":{"rendered":"https:\/\/amedis.es\/tienda\/?post_type=product&#038;p=29385"},"modified":"2025-12-09T18:36:04","modified_gmt":"2025-12-09T18:36:04","slug":"bactilemon-soft-2000","status":"publish","type":"product","link":"https:\/\/amedis.es\/tienda\/producto\/bactilemon-soft-2000\/","title":{"rendered":"BACTILEMON SOFT 2000"},"content":{"rendered":"<p>Bactilemon soft 2000. Desinfectante de superficies base amonios cuaternarios y clorhexidina con olor suave a lim\u00f3n. Formulaci\u00f3n libre de sustancias CMR y alcohol.<\/p>\n<p>Modo de empleo:<\/p>\n<p>&#8211; Pulverizar sobre distintos puntos de las superficies a limpiar y desinfectar y distribuir la soluci\u00f3n mediante un pa\u00f1o no tejido adecuado, limpio y seco.<br \/>\n&#8211; No opaca las superficies delicadas, como pl\u00e1stico, plexigl\u00e1s y skai de sillones de odontolog\u00eda y podolog\u00eda.<\/p>\n<p>DESCONTAMINACI\u00d3N DE PR\u00d3TESIS DENTALES<br \/>\nLa pr\u00f3tesis dental est\u00e1 clasificada como un \u201cdispositivo m\u00e9dico a medida\u201d, por lo que es necesario desinfectarla con un desinfectante para dispositivos m\u00e9dicos que no altere las caracter\u00edsticas del dispositivo. El producto indicado para desinfectar las pr\u00f3tesis antes de enviarlas al laboratorio es nuestro BACTILEMON SOFT 2000. El procedimiento que debe seguir el personal del consultorio dental antes de enviar una pr\u00f3tesis al laboratorio es el siguiente:<\/p>\n<p>1. Las pr\u00f3tesis dentales siempre se manipulan con el uso de desechables. guantes.<br \/>\n2. Posteriormente se introduce la pr\u00f3tesis dental a reparar en un recipiente de pl\u00e1stico r\u00edgido herm\u00e9tico.<br \/>\n3. La pr\u00f3tesis, una vez colocada en el recipiente de pl\u00e1stico r\u00edgido, se descontamina con BACTILEMON SOFT 2000 antes de cerrarla herm\u00e9ticamente para su transporte al laboratorio.<br \/>\n4. Una vez que la pr\u00f3tesis llega al laboratorio, se retira del recipiente de pl\u00e1stico y se lava. con cuidado, utilizando siempre guantes desechables.<br \/>\n5. Una vez finalizada la fase de reparaci\u00f3n, la pr\u00f3tesis dental se pule, se lava y se descontamina nuevamente con Bactilemon Soft 2000, para posteriormente colocarse en una bolsita de pl\u00e1stico herm\u00e9tica.<br \/>\n6. La pr\u00f3tesis dental reparada estar\u00e1 lista para su entrega en el consultorio dental.<\/p>\n","protected":false},"excerpt":{"rendered":"<p>CONTENIDO: 1 botella de 1 litro.<\/p>\n","protected":false},"featured_media":29386,"template":"","meta":[],"pwb-brand":[2456],"product_brand":[],"product_cat":[27,116,1926,88,30],"product_tag":[],"class_list":{"0":"post-29385","1":"product","2":"type-product","3":"status-publish","4":"has-post-thumbnail","6":"pwb-brand-amedics","7":"product_cat-clinica","8":"product_cat-desinfeccion","9":"product_cat-desinfeccion-outlet","10":"product_cat-desinfeccion-de-superficies","11":"product_cat-outlet","13":"first","14":"instock","15":"sale","16":"taxable","17":"shipping-taxable","18":"purchasable","19":"product-type-simple"},"yoast_head":"<!-- This site is optimized with the Yoast SEO plugin v27.3 - https:\/\/yoast.com\/product\/yoast-seo-wordpress\/ -->\n<title>BACTILEMON SOFT 2000 | Amedis<\/title>\n<meta name=\"description\" content=\"Bactilemon soft 2000. Desinfectante de superficies base amonios cuaternarios y clorhexidina con olor suave a lim\u00f3n.\" \/>\n<meta name=\"robots\" content=\"index, follow, max-snippet:-1, max-image-preview:large, max-video-preview:-1\" \/>\n<link rel=\"canonical\" href=\"https:\/\/amedis.es\/tienda\/producto\/bactilemon-soft-2000\/\" \/>\n<meta property=\"og:locale\" content=\"es_ES\" \/>\n<meta property=\"og:type\" content=\"article\" \/>\n<meta property=\"og:title\" content=\"BACTILEMON SOFT 2000 | Amedis\" \/>\n<meta property=\"og:description\" content=\"Bactilemon soft 2000. Desinfectante de superficies base amonios cuaternarios y clorhexidina con olor suave a lim\u00f3n.\" \/>\n<meta property=\"og:url\" content=\"https:\/\/amedis.es\/tienda\/producto\/bactilemon-soft-2000\/\" \/>\n<meta property=\"og:site_name\" content=\"Amedis\" \/>\n<meta property=\"article:modified_time\" content=\"2025-12-09T18:36:04+00:00\" \/>\n<meta property=\"og:image\" content=\"https:\/\/amedis.es\/tienda\/wp-content\/uploads\/2024\/04\/BACTILEMON-SOFT.jpg\" \/>\n\t<meta property=\"og:image:width\" content=\"600\" \/>\n\t<meta property=\"og:image:height\" content=\"600\" \/>\n\t<meta property=\"og:image:type\" content=\"image\/jpeg\" \/>\n<meta name=\"twitter:card\" content=\"summary_large_image\" \/>\n<meta name=\"twitter:label1\" content=\"Tiempo de lectura\" \/>\n\t<meta name=\"twitter:data1\" content=\"2 minutos\" \/>\n<script type=\"application\/ld+json\" class=\"yoast-schema-graph\">{\"@context\":\"https:\\\/\\\/schema.org\",\"@graph\":[{\"@type\":\"WebPage\",\"@id\":\"https:\\\/\\\/amedis.es\\\/tienda\\\/producto\\\/bactilemon-soft-2000\\\/\",\"url\":\"https:\\\/\\\/amedis.es\\\/tienda\\\/producto\\\/bactilemon-soft-2000\\\/\",\"name\":\"BACTILEMON SOFT 2000 | Amedis\",\"isPartOf\":{\"@id\":\"https:\\\/\\\/amedis.es\\\/tienda\\\/#website\"},\"primaryImageOfPage\":{\"@id\":\"https:\\\/\\\/amedis.es\\\/tienda\\\/producto\\\/bactilemon-soft-2000\\\/#primaryimage\"},\"image\":{\"@id\":\"https:\\\/\\\/amedis.es\\\/tienda\\\/producto\\\/bactilemon-soft-2000\\\/#primaryimage\"},\"thumbnailUrl\":\"https:\\\/\\\/amedis.es\\\/tienda\\\/wp-content\\\/uploads\\\/2024\\\/04\\\/BACTILEMON-SOFT.jpg\",\"datePublished\":\"2024-04-01T21:24:13+00:00\",\"dateModified\":\"2025-12-09T18:36:04+00:00\",\"description\":\"Bactilemon soft 2000. Desinfectante de superficies base amonios cuaternarios y clorhexidina con olor suave a lim\u00f3n.\",\"breadcrumb\":{\"@id\":\"https:\\\/\\\/amedis.es\\\/tienda\\\/producto\\\/bactilemon-soft-2000\\\/#breadcrumb\"},\"inLanguage\":\"es\",\"potentialAction\":[{\"@type\":\"ReadAction\",\"target\":[\"https:\\\/\\\/amedis.es\\\/tienda\\\/producto\\\/bactilemon-soft-2000\\\/\"]}]},{\"@type\":\"ImageObject\",\"inLanguage\":\"es\",\"@id\":\"https:\\\/\\\/amedis.es\\\/tienda\\\/producto\\\/bactilemon-soft-2000\\\/#primaryimage\",\"url\":\"https:\\\/\\\/amedis.es\\\/tienda\\\/wp-content\\\/uploads\\\/2024\\\/04\\\/BACTILEMON-SOFT.jpg\",\"contentUrl\":\"https:\\\/\\\/amedis.es\\\/tienda\\\/wp-content\\\/uploads\\\/2024\\\/04\\\/BACTILEMON-SOFT.jpg\",\"width\":600,\"height\":600,\"caption\":\"Amedis BACTILEMON SOFT\"},{\"@type\":\"BreadcrumbList\",\"@id\":\"https:\\\/\\\/amedis.es\\\/tienda\\\/producto\\\/bactilemon-soft-2000\\\/#breadcrumb\",\"itemListElement\":[{\"@type\":\"ListItem\",\"position\":1,\"name\":\"Portada\",\"item\":\"https:\\\/\\\/amedis.es\\\/tienda\\\/\"},{\"@type\":\"ListItem\",\"position\":2,\"name\":\"Amedis | Suministros M\u00e9dicos y Dentales | Tienda\",\"item\":\"https:\\\/\\\/amedis.es\\\/tienda\\\/suministros-medicos-y-dentales\\\/\"},{\"@type\":\"ListItem\",\"position\":3,\"name\":\"BACTILEMON SOFT 2000\"}]},{\"@type\":\"WebSite\",\"@id\":\"https:\\\/\\\/amedis.es\\\/tienda\\\/#website\",\"url\":\"https:\\\/\\\/amedis.es\\\/tienda\\\/\",\"name\":\"Amedis\",\"description\":\"Suministros M\u00e9dicos y Dentales\",\"publisher\":{\"@id\":\"https:\\\/\\\/amedis.es\\\/tienda\\\/#organization\"},\"potentialAction\":[{\"@type\":\"SearchAction\",\"target\":{\"@type\":\"EntryPoint\",\"urlTemplate\":\"https:\\\/\\\/amedis.es\\\/tienda\\\/?s={search_term_string}\"},\"query-input\":{\"@type\":\"PropertyValueSpecification\",\"valueRequired\":true,\"valueName\":\"search_term_string\"}}],\"inLanguage\":\"es\"},{\"@type\":\"Organization\",\"@id\":\"https:\\\/\\\/amedis.es\\\/tienda\\\/#organization\",\"name\":\"Amedis | Suministros M\u00e9dicos y Dentales\",\"url\":\"https:\\\/\\\/amedis.es\\\/tienda\\\/\",\"logo\":{\"@type\":\"ImageObject\",\"inLanguage\":\"es\",\"@id\":\"https:\\\/\\\/amedis.es\\\/tienda\\\/#\\\/schema\\\/logo\\\/image\\\/\",\"url\":\"https:\\\/\\\/amedis.es\\\/tienda\\\/wp-content\\\/uploads\\\/2020\\\/05\\\/logo-1.png\",\"contentUrl\":\"https:\\\/\\\/amedis.es\\\/tienda\\\/wp-content\\\/uploads\\\/2020\\\/05\\\/logo-1.png\",\"width\":191,\"height\":80,\"caption\":\"Amedis | Suministros M\u00e9dicos y Dentales\"},\"image\":{\"@id\":\"https:\\\/\\\/amedis.es\\\/tienda\\\/#\\\/schema\\\/logo\\\/image\\\/\"}}]}<\/script>\n<!-- \/ Yoast SEO plugin. -->","yoast_head_json":{"title":"BACTILEMON SOFT 2000 | Amedis","description":"Bactilemon soft 2000. Desinfectante de superficies base amonios cuaternarios y clorhexidina con olor suave a lim\u00f3n.","robots":{"index":"index","follow":"follow","max-snippet":"max-snippet:-1","max-image-preview":"max-image-preview:large","max-video-preview":"max-video-preview:-1"},"canonical":"https:\/\/amedis.es\/tienda\/producto\/bactilemon-soft-2000\/","og_locale":"es_ES","og_type":"article","og_title":"BACTILEMON SOFT 2000 | Amedis","og_description":"Bactilemon soft 2000. Desinfectante de superficies base amonios cuaternarios y clorhexidina con olor suave a lim\u00f3n.","og_url":"https:\/\/amedis.es\/tienda\/producto\/bactilemon-soft-2000\/","og_site_name":"Amedis","article_modified_time":"2025-12-09T18:36:04+00:00","og_image":[{"width":600,"height":600,"url":"https:\/\/amedis.es\/tienda\/wp-content\/uploads\/2024\/04\/BACTILEMON-SOFT.jpg","type":"image\/jpeg"}],"twitter_card":"summary_large_image","twitter_misc":{"Tiempo de lectura":"2 minutos"},"schema":{"@context":"https:\/\/schema.org","@graph":[{"@type":"WebPage","@id":"https:\/\/amedis.es\/tienda\/producto\/bactilemon-soft-2000\/","url":"https:\/\/amedis.es\/tienda\/producto\/bactilemon-soft-2000\/","name":"BACTILEMON SOFT 2000 | Amedis","isPartOf":{"@id":"https:\/\/amedis.es\/tienda\/#website"},"primaryImageOfPage":{"@id":"https:\/\/amedis.es\/tienda\/producto\/bactilemon-soft-2000\/#primaryimage"},"image":{"@id":"https:\/\/amedis.es\/tienda\/producto\/bactilemon-soft-2000\/#primaryimage"},"thumbnailUrl":"https:\/\/amedis.es\/tienda\/wp-content\/uploads\/2024\/04\/BACTILEMON-SOFT.jpg","datePublished":"2024-04-01T21:24:13+00:00","dateModified":"2025-12-09T18:36:04+00:00","description":"Bactilemon soft 2000. Desinfectante de superficies base amonios cuaternarios y clorhexidina con olor suave a lim\u00f3n.","breadcrumb":{"@id":"https:\/\/amedis.es\/tienda\/producto\/bactilemon-soft-2000\/#breadcrumb"},"inLanguage":"es","potentialAction":[{"@type":"ReadAction","target":["https:\/\/amedis.es\/tienda\/producto\/bactilemon-soft-2000\/"]}]},{"@type":"ImageObject","inLanguage":"es","@id":"https:\/\/amedis.es\/tienda\/producto\/bactilemon-soft-2000\/#primaryimage","url":"https:\/\/amedis.es\/tienda\/wp-content\/uploads\/2024\/04\/BACTILEMON-SOFT.jpg","contentUrl":"https:\/\/amedis.es\/tienda\/wp-content\/uploads\/2024\/04\/BACTILEMON-SOFT.jpg","width":600,"height":600,"caption":"Amedis BACTILEMON SOFT"},{"@type":"BreadcrumbList","@id":"https:\/\/amedis.es\/tienda\/producto\/bactilemon-soft-2000\/#breadcrumb","itemListElement":[{"@type":"ListItem","position":1,"name":"Portada","item":"https:\/\/amedis.es\/tienda\/"},{"@type":"ListItem","position":2,"name":"Amedis | Suministros M\u00e9dicos y Dentales | Tienda","item":"https:\/\/amedis.es\/tienda\/suministros-medicos-y-dentales\/"},{"@type":"ListItem","position":3,"name":"BACTILEMON SOFT 2000"}]},{"@type":"WebSite","@id":"https:\/\/amedis.es\/tienda\/#website","url":"https:\/\/amedis.es\/tienda\/","name":"Amedis","description":"Suministros M\u00e9dicos y Dentales","publisher":{"@id":"https:\/\/amedis.es\/tienda\/#organization"},"potentialAction":[{"@type":"SearchAction","target":{"@type":"EntryPoint","urlTemplate":"https:\/\/amedis.es\/tienda\/?s={search_term_string}"},"query-input":{"@type":"PropertyValueSpecification","valueRequired":true,"valueName":"search_term_string"}}],"inLanguage":"es"},{"@type":"Organization","@id":"https:\/\/amedis.es\/tienda\/#organization","name":"Amedis | Suministros M\u00e9dicos y Dentales","url":"https:\/\/amedis.es\/tienda\/","logo":{"@type":"ImageObject","inLanguage":"es","@id":"https:\/\/amedis.es\/tienda\/#\/schema\/logo\/image\/","url":"https:\/\/amedis.es\/tienda\/wp-content\/uploads\/2020\/05\/logo-1.png","contentUrl":"https:\/\/amedis.es\/tienda\/wp-content\/uploads\/2020\/05\/logo-1.png","width":191,"height":80,"caption":"Amedis | Suministros M\u00e9dicos y Dentales"},"image":{"@id":"https:\/\/amedis.es\/tienda\/#\/schema\/logo\/image\/"}}]}},"brands":[{"id":2456,"name":"AMEDICS","slug":"amedics"}],"_links":{"self":[{"href":"https:\/\/amedis.es\/tienda\/wp-json\/wp\/v2\/product\/29385","targetHints":{"allow":["GET"]}}],"collection":[{"href":"https:\/\/amedis.es\/tienda\/wp-json\/wp\/v2\/product"}],"about":[{"href":"https:\/\/amedis.es\/tienda\/wp-json\/wp\/v2\/types\/product"}],"wp:featuredmedia":[{"embeddable":true,"href":"https:\/\/amedis.es\/tienda\/wp-json\/wp\/v2\/media\/29386"}],"wp:attachment":[{"href":"https:\/\/amedis.es\/tienda\/wp-json\/wp\/v2\/media?parent=29385"}],"wp:term":[{"taxonomy":"pwb-brand","embeddable":true,"href":"https:\/\/amedis.es\/tienda\/wp-json\/wp\/v2\/pwb-brand?post=29385"},{"taxonomy":"product_brand","embeddable":true,"href":"https:\/\/amedis.es\/tienda\/wp-json\/wp\/v2\/product_brand?post=29385"},{"taxonomy":"product_cat","embeddable":true,"href":"https:\/\/amedis.es\/tienda\/wp-json\/wp\/v2\/product_cat?post=29385"},{"taxonomy":"product_tag","embeddable":true,"href":"https:\/\/amedis.es\/tienda\/wp-json\/wp\/v2\/product_tag?post=29385"}],"curies":[{"name":"wp","href":"https:\/\/api.w.org\/{rel}","templated":true}]}}