{"id":29311,"date":"2024-03-04T17:13:55","date_gmt":"2024-03-04T17:13:55","guid":{"rendered":"https:\/\/amedis.es\/tienda\/?post_type=product&#038;p=29311"},"modified":"2024-07-30T09:43:51","modified_gmt":"2024-07-30T09:43:51","slug":"kit-intro-composite-micro-hybrid-prime-dent","status":"publish","type":"product","link":"https:\/\/amedis.es\/tienda\/producto\/kit-intro-composite-micro-hybrid-prime-dent\/","title":{"rendered":"KIT INTRO COMPOSITE MICRO HYBRID PRIME DENT"},"content":{"rendered":"<p>Kit intro composite Micro-hybrid Prime dental. Composite ideal para restauraciones en anteriores y posteriores. Relleno inorg\u00e1nico. Tama\u00f1o medio de la part\u00edcula de 0,7 micras.<\/p>\n<p>BENEFICIOS Y CARACTERISTICAS:<\/p>\n<p>&#8211; F\u00e1cil de manipular durante la colocaci\u00f3n.<br \/>\n&#8211; No se adhiere a los instrumentos.<br \/>\n&#8211; Excelentes propiedades de pulido.<br \/>\n&#8211; Alta est\u00e9tica con un alto brillo.<\/p>\n<p>ENVASE: 4 Jeringas de 4.5 gr. + 7 ml. adhesivo + 7 ml. sellador de superficie + 4 gr. grabado \u00e1cido + Accesorios.<\/p>\n","protected":false},"excerpt":{"rendered":"<p>PRIME DENTAL<\/p>\n","protected":false},"featured_media":11641,"template":"","meta":[],"pwb-brand":[2349],"product_brand":[],"product_cat":[27,272,262],"product_tag":[],"class_list":{"0":"post-29311","1":"product","2":"type-product","3":"status-publish","4":"has-post-thumbnail","6":"pwb-brand-prime-dental","7":"product_cat-clinica","8":"product_cat-composites-universales","9":"product_cat-restauracion","11":"first","12":"instock","13":"sale","14":"taxable","15":"shipping-taxable","16":"purchasable","17":"product-type-simple"},"yoast_head":"<!-- This site is optimized with the Yoast SEO plugin v27.4 - https:\/\/yoast.com\/product\/yoast-seo-wordpress\/ -->\n<title>KIT INTRO COMPOSITE MICRO HYBRID PRIME DENT | Amedis<\/title>\n<meta name=\"description\" content=\"Kit intro composite Micro-hybrid Prime dental. Composite ideal para restauraciones en anteriores y posteriores. Relleno inorg\u00e1nico.\" \/>\n<meta name=\"robots\" content=\"index, follow, max-snippet:-1, max-image-preview:large, max-video-preview:-1\" \/>\n<link rel=\"canonical\" href=\"https:\/\/amedis.es\/tienda\/?product=kit-intro-composite-micro-hybrid-prime-dent\" \/>\n<meta property=\"og:locale\" content=\"es_ES\" \/>\n<meta property=\"og:type\" content=\"article\" \/>\n<meta property=\"og:title\" content=\"KIT INTRO COMPOSITE MICRO HYBRID PRIME DENT | Amedis\" \/>\n<meta property=\"og:description\" content=\"Kit intro composite Micro-hybrid Prime dental. Composite ideal para restauraciones en anteriores y posteriores. Relleno inorg\u00e1nico.\" \/>\n<meta property=\"og:url\" content=\"https:\/\/amedis.es\/tienda\/?product=kit-intro-composite-micro-hybrid-prime-dent\" \/>\n<meta property=\"og:site_name\" content=\"Amedis\" \/>\n<meta property=\"article:modified_time\" content=\"2024-07-30T09:43:51+00:00\" \/>\n<meta property=\"og:image\" content=\"https:\/\/amedis.es\/tienda\/wp-content\/uploads\/2021\/08\/KIT-INTRO-COMPOSITE-MICRO-HYBRID-PRIME-DENTAL.jpg\" \/>\n\t<meta property=\"og:image:width\" content=\"600\" \/>\n\t<meta property=\"og:image:height\" content=\"600\" \/>\n\t<meta property=\"og:image:type\" content=\"image\/jpeg\" \/>\n<meta name=\"twitter:card\" content=\"summary_large_image\" \/>\n<script type=\"application\/ld+json\" class=\"yoast-schema-graph\">{\"@context\":\"https:\\\/\\\/schema.org\",\"@graph\":[{\"@type\":\"WebPage\",\"@id\":\"https:\\\/\\\/amedis.es\\\/tienda\\\/?product=kit-intro-composite-micro-hybrid-prime-dent\",\"url\":\"https:\\\/\\\/amedis.es\\\/tienda\\\/?product=kit-intro-composite-micro-hybrid-prime-dent\",\"name\":\"KIT INTRO COMPOSITE MICRO HYBRID PRIME DENT | Amedis\",\"isPartOf\":{\"@id\":\"https:\\\/\\\/amedis.es\\\/tienda\\\/#website\"},\"primaryImageOfPage\":{\"@id\":\"https:\\\/\\\/amedis.es\\\/tienda\\\/?product=kit-intro-composite-micro-hybrid-prime-dent#primaryimage\"},\"image\":{\"@id\":\"https:\\\/\\\/amedis.es\\\/tienda\\\/?product=kit-intro-composite-micro-hybrid-prime-dent#primaryimage\"},\"thumbnailUrl\":\"https:\\\/\\\/amedis.es\\\/tienda\\\/wp-content\\\/uploads\\\/2021\\\/08\\\/KIT-INTRO-COMPOSITE-MICRO-HYBRID-PRIME-DENTAL.jpg\",\"datePublished\":\"2024-03-04T17:13:55+00:00\",\"dateModified\":\"2024-07-30T09:43:51+00:00\",\"description\":\"Kit intro composite Micro-hybrid Prime dental. Composite ideal para restauraciones en anteriores y posteriores. Relleno inorg\u00e1nico.\",\"breadcrumb\":{\"@id\":\"https:\\\/\\\/amedis.es\\\/tienda\\\/?product=kit-intro-composite-micro-hybrid-prime-dent#breadcrumb\"},\"inLanguage\":\"es\",\"potentialAction\":[{\"@type\":\"ReadAction\",\"target\":[\"https:\\\/\\\/amedis.es\\\/tienda\\\/?product=kit-intro-composite-micro-hybrid-prime-dent\"]}]},{\"@type\":\"ImageObject\",\"inLanguage\":\"es\",\"@id\":\"https:\\\/\\\/amedis.es\\\/tienda\\\/?product=kit-intro-composite-micro-hybrid-prime-dent#primaryimage\",\"url\":\"https:\\\/\\\/amedis.es\\\/tienda\\\/wp-content\\\/uploads\\\/2021\\\/08\\\/KIT-INTRO-COMPOSITE-MICRO-HYBRID-PRIME-DENTAL.jpg\",\"contentUrl\":\"https:\\\/\\\/amedis.es\\\/tienda\\\/wp-content\\\/uploads\\\/2021\\\/08\\\/KIT-INTRO-COMPOSITE-MICRO-HYBRID-PRIME-DENTAL.jpg\",\"width\":600,\"height\":600,\"caption\":\"Amedis KIT INTRO COMPOSITE MICRO-HYBRID PRIME DENTAL\"},{\"@type\":\"BreadcrumbList\",\"@id\":\"https:\\\/\\\/amedis.es\\\/tienda\\\/?product=kit-intro-composite-micro-hybrid-prime-dent#breadcrumb\",\"itemListElement\":[{\"@type\":\"ListItem\",\"position\":1,\"name\":\"Portada\",\"item\":\"https:\\\/\\\/amedis.es\\\/tienda\\\/\"},{\"@type\":\"ListItem\",\"position\":2,\"name\":\"Amedis | Suministros M\u00e9dicos y Dentales | Tienda\",\"item\":\"https:\\\/\\\/amedis.es\\\/tienda\\\/suministros-medicos-y-dentales\\\/\"},{\"@type\":\"ListItem\",\"position\":3,\"name\":\"KIT INTRO COMPOSITE MICRO HYBRID PRIME DENT\"}]},{\"@type\":\"WebSite\",\"@id\":\"https:\\\/\\\/amedis.es\\\/tienda\\\/#website\",\"url\":\"https:\\\/\\\/amedis.es\\\/tienda\\\/\",\"name\":\"Amedis\",\"description\":\"Suministros M\u00e9dicos y Dentales\",\"publisher\":{\"@id\":\"https:\\\/\\\/amedis.es\\\/tienda\\\/#organization\"},\"potentialAction\":[{\"@type\":\"SearchAction\",\"target\":{\"@type\":\"EntryPoint\",\"urlTemplate\":\"https:\\\/\\\/amedis.es\\\/tienda\\\/?s={search_term_string}\"},\"query-input\":{\"@type\":\"PropertyValueSpecification\",\"valueRequired\":true,\"valueName\":\"search_term_string\"}}],\"inLanguage\":\"es\"},{\"@type\":\"Organization\",\"@id\":\"https:\\\/\\\/amedis.es\\\/tienda\\\/#organization\",\"name\":\"Amedis | Suministros M\u00e9dicos y Dentales\",\"url\":\"https:\\\/\\\/amedis.es\\\/tienda\\\/\",\"logo\":{\"@type\":\"ImageObject\",\"inLanguage\":\"es\",\"@id\":\"https:\\\/\\\/amedis.es\\\/tienda\\\/#\\\/schema\\\/logo\\\/image\\\/\",\"url\":\"https:\\\/\\\/amedis.es\\\/tienda\\\/wp-content\\\/uploads\\\/2020\\\/05\\\/logo-1.png\",\"contentUrl\":\"https:\\\/\\\/amedis.es\\\/tienda\\\/wp-content\\\/uploads\\\/2020\\\/05\\\/logo-1.png\",\"width\":191,\"height\":80,\"caption\":\"Amedis | Suministros M\u00e9dicos y Dentales\"},\"image\":{\"@id\":\"https:\\\/\\\/amedis.es\\\/tienda\\\/#\\\/schema\\\/logo\\\/image\\\/\"}}]}<\/script>\n<!-- \/ Yoast SEO plugin. -->","yoast_head_json":{"title":"KIT INTRO COMPOSITE MICRO HYBRID PRIME DENT | Amedis","description":"Kit intro composite Micro-hybrid Prime dental. Composite ideal para restauraciones en anteriores y posteriores. Relleno inorg\u00e1nico.","robots":{"index":"index","follow":"follow","max-snippet":"max-snippet:-1","max-image-preview":"max-image-preview:large","max-video-preview":"max-video-preview:-1"},"canonical":"https:\/\/amedis.es\/tienda\/?product=kit-intro-composite-micro-hybrid-prime-dent","og_locale":"es_ES","og_type":"article","og_title":"KIT INTRO COMPOSITE MICRO HYBRID PRIME DENT | Amedis","og_description":"Kit intro composite Micro-hybrid Prime dental. Composite ideal para restauraciones en anteriores y posteriores. Relleno inorg\u00e1nico.","og_url":"https:\/\/amedis.es\/tienda\/?product=kit-intro-composite-micro-hybrid-prime-dent","og_site_name":"Amedis","article_modified_time":"2024-07-30T09:43:51+00:00","og_image":[{"width":600,"height":600,"url":"https:\/\/amedis.es\/tienda\/wp-content\/uploads\/2021\/08\/KIT-INTRO-COMPOSITE-MICRO-HYBRID-PRIME-DENTAL.jpg","type":"image\/jpeg"}],"twitter_card":"summary_large_image","schema":{"@context":"https:\/\/schema.org","@graph":[{"@type":"WebPage","@id":"https:\/\/amedis.es\/tienda\/?product=kit-intro-composite-micro-hybrid-prime-dent","url":"https:\/\/amedis.es\/tienda\/?product=kit-intro-composite-micro-hybrid-prime-dent","name":"KIT INTRO COMPOSITE MICRO HYBRID PRIME DENT | Amedis","isPartOf":{"@id":"https:\/\/amedis.es\/tienda\/#website"},"primaryImageOfPage":{"@id":"https:\/\/amedis.es\/tienda\/?product=kit-intro-composite-micro-hybrid-prime-dent#primaryimage"},"image":{"@id":"https:\/\/amedis.es\/tienda\/?product=kit-intro-composite-micro-hybrid-prime-dent#primaryimage"},"thumbnailUrl":"https:\/\/amedis.es\/tienda\/wp-content\/uploads\/2021\/08\/KIT-INTRO-COMPOSITE-MICRO-HYBRID-PRIME-DENTAL.jpg","datePublished":"2024-03-04T17:13:55+00:00","dateModified":"2024-07-30T09:43:51+00:00","description":"Kit intro composite Micro-hybrid Prime dental. Composite ideal para restauraciones en anteriores y posteriores. Relleno inorg\u00e1nico.","breadcrumb":{"@id":"https:\/\/amedis.es\/tienda\/?product=kit-intro-composite-micro-hybrid-prime-dent#breadcrumb"},"inLanguage":"es","potentialAction":[{"@type":"ReadAction","target":["https:\/\/amedis.es\/tienda\/?product=kit-intro-composite-micro-hybrid-prime-dent"]}]},{"@type":"ImageObject","inLanguage":"es","@id":"https:\/\/amedis.es\/tienda\/?product=kit-intro-composite-micro-hybrid-prime-dent#primaryimage","url":"https:\/\/amedis.es\/tienda\/wp-content\/uploads\/2021\/08\/KIT-INTRO-COMPOSITE-MICRO-HYBRID-PRIME-DENTAL.jpg","contentUrl":"https:\/\/amedis.es\/tienda\/wp-content\/uploads\/2021\/08\/KIT-INTRO-COMPOSITE-MICRO-HYBRID-PRIME-DENTAL.jpg","width":600,"height":600,"caption":"Amedis KIT INTRO COMPOSITE MICRO-HYBRID PRIME DENTAL"},{"@type":"BreadcrumbList","@id":"https:\/\/amedis.es\/tienda\/?product=kit-intro-composite-micro-hybrid-prime-dent#breadcrumb","itemListElement":[{"@type":"ListItem","position":1,"name":"Portada","item":"https:\/\/amedis.es\/tienda\/"},{"@type":"ListItem","position":2,"name":"Amedis | Suministros M\u00e9dicos y Dentales | Tienda","item":"https:\/\/amedis.es\/tienda\/suministros-medicos-y-dentales\/"},{"@type":"ListItem","position":3,"name":"KIT INTRO COMPOSITE MICRO HYBRID PRIME DENT"}]},{"@type":"WebSite","@id":"https:\/\/amedis.es\/tienda\/#website","url":"https:\/\/amedis.es\/tienda\/","name":"Amedis","description":"Suministros M\u00e9dicos y Dentales","publisher":{"@id":"https:\/\/amedis.es\/tienda\/#organization"},"potentialAction":[{"@type":"SearchAction","target":{"@type":"EntryPoint","urlTemplate":"https:\/\/amedis.es\/tienda\/?s={search_term_string}"},"query-input":{"@type":"PropertyValueSpecification","valueRequired":true,"valueName":"search_term_string"}}],"inLanguage":"es"},{"@type":"Organization","@id":"https:\/\/amedis.es\/tienda\/#organization","name":"Amedis | Suministros M\u00e9dicos y Dentales","url":"https:\/\/amedis.es\/tienda\/","logo":{"@type":"ImageObject","inLanguage":"es","@id":"https:\/\/amedis.es\/tienda\/#\/schema\/logo\/image\/","url":"https:\/\/amedis.es\/tienda\/wp-content\/uploads\/2020\/05\/logo-1.png","contentUrl":"https:\/\/amedis.es\/tienda\/wp-content\/uploads\/2020\/05\/logo-1.png","width":191,"height":80,"caption":"Amedis | Suministros M\u00e9dicos y Dentales"},"image":{"@id":"https:\/\/amedis.es\/tienda\/#\/schema\/logo\/image\/"}}]}},"brands":[{"id":2349,"name":"PRIME DENTAL","slug":"prime-dental"}],"_links":{"self":[{"href":"https:\/\/amedis.es\/tienda\/wp-json\/wp\/v2\/product\/29311","targetHints":{"allow":["GET"]}}],"collection":[{"href":"https:\/\/amedis.es\/tienda\/wp-json\/wp\/v2\/product"}],"about":[{"href":"https:\/\/amedis.es\/tienda\/wp-json\/wp\/v2\/types\/product"}],"wp:featuredmedia":[{"embeddable":true,"href":"https:\/\/amedis.es\/tienda\/wp-json\/wp\/v2\/media\/11641"}],"wp:attachment":[{"href":"https:\/\/amedis.es\/tienda\/wp-json\/wp\/v2\/media?parent=29311"}],"wp:term":[{"taxonomy":"pwb-brand","embeddable":true,"href":"https:\/\/amedis.es\/tienda\/wp-json\/wp\/v2\/pwb-brand?post=29311"},{"taxonomy":"product_brand","embeddable":true,"href":"https:\/\/amedis.es\/tienda\/wp-json\/wp\/v2\/product_brand?post=29311"},{"taxonomy":"product_cat","embeddable":true,"href":"https:\/\/amedis.es\/tienda\/wp-json\/wp\/v2\/product_cat?post=29311"},{"taxonomy":"product_tag","embeddable":true,"href":"https:\/\/amedis.es\/tienda\/wp-json\/wp\/v2\/product_tag?post=29311"}],"curies":[{"name":"wp","href":"https:\/\/api.w.org\/{rel}","templated":true}]}}