{"id":28216,"date":"2023-08-05T13:17:48","date_gmt":"2023-08-05T13:17:48","guid":{"rendered":"https:\/\/amedis.es\/tienda\/?post_type=product&#038;p=28216"},"modified":"2025-11-11T17:20:57","modified_gmt":"2025-11-11T17:20:57","slug":"biodentine-xp-500-piston-rojo-10-und","status":"publish","type":"product","link":"https:\/\/amedis.es\/tienda\/producto\/biodentine-xp-500-piston-rojo-10-und\/","title":{"rendered":"BIODENTINE XP 500 PISTON ROJO"},"content":{"rendered":"<p>Biodentine XP 500 pist\u00f3n rojo. Biodentine XP es un sustituto bioactivo de la dentina basado en la innovaci\u00f3n \u00ab\u00bbActive Biosilicate Tecnhology\u00bb\u00bb. Biodentine\u2122 XP 500 (pist\u00f3n rojo): caja de 10 l\u00e1minas, cada l\u00e1mina contiene 1 cartucho de 700 mg de polvo y 190 ml de l\u00edquido. El cartucho contiene los componentes l\u00edquidos y en polvo. El componente en polvo se compone de silicato tric\u00e1lcico, \u00f3xido de circonio, \u00f3xido de calcio, carbonato de calcio y \u00f3xidos de hierro. El componente l\u00edquido est\u00e1 compuesto por cloruro c\u00e1lcico, policarboxilato y agua purificada.<\/p>\n","protected":false},"excerpt":{"rendered":"<p>CONTENIDO: 10 capsulas.<\/p>\n","protected":false},"featured_media":28217,"template":"","meta":[],"pwb-brand":[2371],"product_brand":[],"product_cat":[56,65,27],"product_tag":[],"class_list":{"0":"post-28216","1":"product","2":"type-product","3":"status-publish","4":"has-post-thumbnail","6":"pwb-brand-septodont","7":"product_cat-cementos","8":"product_cat-cementos-mta","9":"product_cat-clinica","11":"first","12":"instock","13":"sale","14":"taxable","15":"shipping-taxable","16":"purchasable","17":"product-type-simple"},"yoast_head":"<!-- This site is optimized with the Yoast SEO plugin v27.4 - https:\/\/yoast.com\/product\/yoast-seo-wordpress\/ -->\n<title>BIODENTINE XP 500 PISTON ROJO | Amedis<\/title>\n<meta name=\"description\" content=\"Biodentine XP 500 pist\u00f3n rojo. Biodentine XP es un sustituto bioactivo de la dentina basado en la innovaci\u00f3n &quot;&quot;Active Biosilicate Tecnhology&quot;&quot;\" \/>\n<meta name=\"robots\" content=\"index, follow, max-snippet:-1, max-image-preview:large, max-video-preview:-1\" \/>\n<link rel=\"canonical\" href=\"https:\/\/amedis.es\/tienda\/producto\/biodentine-xp-500-piston-rojo-10-und\/\" \/>\n<meta property=\"og:locale\" content=\"es_ES\" \/>\n<meta property=\"og:type\" content=\"article\" \/>\n<meta property=\"og:title\" content=\"BIODENTINE XP 500 PISTON ROJO | Amedis\" \/>\n<meta property=\"og:description\" content=\"Biodentine XP 500 pist\u00f3n rojo. Biodentine XP es un sustituto bioactivo de la dentina basado en la innovaci\u00f3n &quot;&quot;Active Biosilicate Tecnhology&quot;&quot;\" \/>\n<meta property=\"og:url\" content=\"https:\/\/amedis.es\/tienda\/producto\/biodentine-xp-500-piston-rojo-10-und\/\" \/>\n<meta property=\"og:site_name\" content=\"Amedis\" \/>\n<meta property=\"article:modified_time\" content=\"2025-11-11T17:20:57+00:00\" \/>\n<meta property=\"og:image\" content=\"https:\/\/amedis.es\/tienda\/wp-content\/uploads\/2023\/08\/BIODENTINE-XP-500-PISTON-ROJO-10-und..jpg\" \/>\n\t<meta property=\"og:image:width\" content=\"600\" \/>\n\t<meta property=\"og:image:height\" content=\"600\" \/>\n\t<meta property=\"og:image:type\" content=\"image\/jpeg\" \/>\n<meta name=\"twitter:card\" content=\"summary_large_image\" \/>\n<meta name=\"twitter:label1\" content=\"Tiempo de lectura\" \/>\n\t<meta name=\"twitter:data1\" content=\"1 minuto\" \/>\n<script type=\"application\/ld+json\" class=\"yoast-schema-graph\">{\"@context\":\"https:\\\/\\\/schema.org\",\"@graph\":[{\"@type\":\"WebPage\",\"@id\":\"https:\\\/\\\/amedis.es\\\/tienda\\\/producto\\\/biodentine-xp-500-piston-rojo-10-und\\\/\",\"url\":\"https:\\\/\\\/amedis.es\\\/tienda\\\/producto\\\/biodentine-xp-500-piston-rojo-10-und\\\/\",\"name\":\"BIODENTINE XP 500 PISTON ROJO | Amedis\",\"isPartOf\":{\"@id\":\"https:\\\/\\\/amedis.es\\\/tienda\\\/#website\"},\"primaryImageOfPage\":{\"@id\":\"https:\\\/\\\/amedis.es\\\/tienda\\\/producto\\\/biodentine-xp-500-piston-rojo-10-und\\\/#primaryimage\"},\"image\":{\"@id\":\"https:\\\/\\\/amedis.es\\\/tienda\\\/producto\\\/biodentine-xp-500-piston-rojo-10-und\\\/#primaryimage\"},\"thumbnailUrl\":\"https:\\\/\\\/amedis.es\\\/tienda\\\/wp-content\\\/uploads\\\/2023\\\/08\\\/BIODENTINE-XP-500-PISTON-ROJO-10-und..jpg\",\"datePublished\":\"2023-08-05T13:17:48+00:00\",\"dateModified\":\"2025-11-11T17:20:57+00:00\",\"description\":\"Biodentine XP 500 pist\u00f3n rojo. Biodentine XP es un sustituto bioactivo de la dentina basado en la innovaci\u00f3n \\\"\\\"Active Biosilicate Tecnhology\\\"\\\"\",\"breadcrumb\":{\"@id\":\"https:\\\/\\\/amedis.es\\\/tienda\\\/producto\\\/biodentine-xp-500-piston-rojo-10-und\\\/#breadcrumb\"},\"inLanguage\":\"es\",\"potentialAction\":[{\"@type\":\"ReadAction\",\"target\":[\"https:\\\/\\\/amedis.es\\\/tienda\\\/producto\\\/biodentine-xp-500-piston-rojo-10-und\\\/\"]}]},{\"@type\":\"ImageObject\",\"inLanguage\":\"es\",\"@id\":\"https:\\\/\\\/amedis.es\\\/tienda\\\/producto\\\/biodentine-xp-500-piston-rojo-10-und\\\/#primaryimage\",\"url\":\"https:\\\/\\\/amedis.es\\\/tienda\\\/wp-content\\\/uploads\\\/2023\\\/08\\\/BIODENTINE-XP-500-PISTON-ROJO-10-und..jpg\",\"contentUrl\":\"https:\\\/\\\/amedis.es\\\/tienda\\\/wp-content\\\/uploads\\\/2023\\\/08\\\/BIODENTINE-XP-500-PISTON-ROJO-10-und..jpg\",\"width\":600,\"height\":600,\"caption\":\"Amedis BIODENTINE XP 500 PISTON ROJO 10 und.\"},{\"@type\":\"BreadcrumbList\",\"@id\":\"https:\\\/\\\/amedis.es\\\/tienda\\\/producto\\\/biodentine-xp-500-piston-rojo-10-und\\\/#breadcrumb\",\"itemListElement\":[{\"@type\":\"ListItem\",\"position\":1,\"name\":\"Portada\",\"item\":\"https:\\\/\\\/amedis.es\\\/tienda\\\/\"},{\"@type\":\"ListItem\",\"position\":2,\"name\":\"Amedis | Suministros M\u00e9dicos y Dentales | Tienda\",\"item\":\"https:\\\/\\\/amedis.es\\\/tienda\\\/suministros-medicos-y-dentales\\\/\"},{\"@type\":\"ListItem\",\"position\":3,\"name\":\"BIODENTINE XP 500 PISTON ROJO\"}]},{\"@type\":\"WebSite\",\"@id\":\"https:\\\/\\\/amedis.es\\\/tienda\\\/#website\",\"url\":\"https:\\\/\\\/amedis.es\\\/tienda\\\/\",\"name\":\"Amedis\",\"description\":\"Suministros M\u00e9dicos y Dentales\",\"publisher\":{\"@id\":\"https:\\\/\\\/amedis.es\\\/tienda\\\/#organization\"},\"potentialAction\":[{\"@type\":\"SearchAction\",\"target\":{\"@type\":\"EntryPoint\",\"urlTemplate\":\"https:\\\/\\\/amedis.es\\\/tienda\\\/?s={search_term_string}\"},\"query-input\":{\"@type\":\"PropertyValueSpecification\",\"valueRequired\":true,\"valueName\":\"search_term_string\"}}],\"inLanguage\":\"es\"},{\"@type\":\"Organization\",\"@id\":\"https:\\\/\\\/amedis.es\\\/tienda\\\/#organization\",\"name\":\"Amedis | Suministros M\u00e9dicos y Dentales\",\"url\":\"https:\\\/\\\/amedis.es\\\/tienda\\\/\",\"logo\":{\"@type\":\"ImageObject\",\"inLanguage\":\"es\",\"@id\":\"https:\\\/\\\/amedis.es\\\/tienda\\\/#\\\/schema\\\/logo\\\/image\\\/\",\"url\":\"https:\\\/\\\/amedis.es\\\/tienda\\\/wp-content\\\/uploads\\\/2020\\\/05\\\/logo-1.png\",\"contentUrl\":\"https:\\\/\\\/amedis.es\\\/tienda\\\/wp-content\\\/uploads\\\/2020\\\/05\\\/logo-1.png\",\"width\":191,\"height\":80,\"caption\":\"Amedis | Suministros M\u00e9dicos y Dentales\"},\"image\":{\"@id\":\"https:\\\/\\\/amedis.es\\\/tienda\\\/#\\\/schema\\\/logo\\\/image\\\/\"}}]}<\/script>\n<!-- \/ Yoast SEO plugin. -->","yoast_head_json":{"title":"BIODENTINE XP 500 PISTON ROJO | Amedis","description":"Biodentine XP 500 pist\u00f3n rojo. Biodentine XP es un sustituto bioactivo de la dentina basado en la innovaci\u00f3n \"\"Active Biosilicate Tecnhology\"\"","robots":{"index":"index","follow":"follow","max-snippet":"max-snippet:-1","max-image-preview":"max-image-preview:large","max-video-preview":"max-video-preview:-1"},"canonical":"https:\/\/amedis.es\/tienda\/producto\/biodentine-xp-500-piston-rojo-10-und\/","og_locale":"es_ES","og_type":"article","og_title":"BIODENTINE XP 500 PISTON ROJO | Amedis","og_description":"Biodentine XP 500 pist\u00f3n rojo. Biodentine XP es un sustituto bioactivo de la dentina basado en la innovaci\u00f3n \"\"Active Biosilicate Tecnhology\"\"","og_url":"https:\/\/amedis.es\/tienda\/producto\/biodentine-xp-500-piston-rojo-10-und\/","og_site_name":"Amedis","article_modified_time":"2025-11-11T17:20:57+00:00","og_image":[{"width":600,"height":600,"url":"https:\/\/amedis.es\/tienda\/wp-content\/uploads\/2023\/08\/BIODENTINE-XP-500-PISTON-ROJO-10-und..jpg","type":"image\/jpeg"}],"twitter_card":"summary_large_image","twitter_misc":{"Tiempo de lectura":"1 minuto"},"schema":{"@context":"https:\/\/schema.org","@graph":[{"@type":"WebPage","@id":"https:\/\/amedis.es\/tienda\/producto\/biodentine-xp-500-piston-rojo-10-und\/","url":"https:\/\/amedis.es\/tienda\/producto\/biodentine-xp-500-piston-rojo-10-und\/","name":"BIODENTINE XP 500 PISTON ROJO | Amedis","isPartOf":{"@id":"https:\/\/amedis.es\/tienda\/#website"},"primaryImageOfPage":{"@id":"https:\/\/amedis.es\/tienda\/producto\/biodentine-xp-500-piston-rojo-10-und\/#primaryimage"},"image":{"@id":"https:\/\/amedis.es\/tienda\/producto\/biodentine-xp-500-piston-rojo-10-und\/#primaryimage"},"thumbnailUrl":"https:\/\/amedis.es\/tienda\/wp-content\/uploads\/2023\/08\/BIODENTINE-XP-500-PISTON-ROJO-10-und..jpg","datePublished":"2023-08-05T13:17:48+00:00","dateModified":"2025-11-11T17:20:57+00:00","description":"Biodentine XP 500 pist\u00f3n rojo. Biodentine XP es un sustituto bioactivo de la dentina basado en la innovaci\u00f3n \"\"Active Biosilicate Tecnhology\"\"","breadcrumb":{"@id":"https:\/\/amedis.es\/tienda\/producto\/biodentine-xp-500-piston-rojo-10-und\/#breadcrumb"},"inLanguage":"es","potentialAction":[{"@type":"ReadAction","target":["https:\/\/amedis.es\/tienda\/producto\/biodentine-xp-500-piston-rojo-10-und\/"]}]},{"@type":"ImageObject","inLanguage":"es","@id":"https:\/\/amedis.es\/tienda\/producto\/biodentine-xp-500-piston-rojo-10-und\/#primaryimage","url":"https:\/\/amedis.es\/tienda\/wp-content\/uploads\/2023\/08\/BIODENTINE-XP-500-PISTON-ROJO-10-und..jpg","contentUrl":"https:\/\/amedis.es\/tienda\/wp-content\/uploads\/2023\/08\/BIODENTINE-XP-500-PISTON-ROJO-10-und..jpg","width":600,"height":600,"caption":"Amedis BIODENTINE XP 500 PISTON ROJO 10 und."},{"@type":"BreadcrumbList","@id":"https:\/\/amedis.es\/tienda\/producto\/biodentine-xp-500-piston-rojo-10-und\/#breadcrumb","itemListElement":[{"@type":"ListItem","position":1,"name":"Portada","item":"https:\/\/amedis.es\/tienda\/"},{"@type":"ListItem","position":2,"name":"Amedis | Suministros M\u00e9dicos y Dentales | Tienda","item":"https:\/\/amedis.es\/tienda\/suministros-medicos-y-dentales\/"},{"@type":"ListItem","position":3,"name":"BIODENTINE XP 500 PISTON ROJO"}]},{"@type":"WebSite","@id":"https:\/\/amedis.es\/tienda\/#website","url":"https:\/\/amedis.es\/tienda\/","name":"Amedis","description":"Suministros M\u00e9dicos y Dentales","publisher":{"@id":"https:\/\/amedis.es\/tienda\/#organization"},"potentialAction":[{"@type":"SearchAction","target":{"@type":"EntryPoint","urlTemplate":"https:\/\/amedis.es\/tienda\/?s={search_term_string}"},"query-input":{"@type":"PropertyValueSpecification","valueRequired":true,"valueName":"search_term_string"}}],"inLanguage":"es"},{"@type":"Organization","@id":"https:\/\/amedis.es\/tienda\/#organization","name":"Amedis | Suministros M\u00e9dicos y Dentales","url":"https:\/\/amedis.es\/tienda\/","logo":{"@type":"ImageObject","inLanguage":"es","@id":"https:\/\/amedis.es\/tienda\/#\/schema\/logo\/image\/","url":"https:\/\/amedis.es\/tienda\/wp-content\/uploads\/2020\/05\/logo-1.png","contentUrl":"https:\/\/amedis.es\/tienda\/wp-content\/uploads\/2020\/05\/logo-1.png","width":191,"height":80,"caption":"Amedis | Suministros M\u00e9dicos y Dentales"},"image":{"@id":"https:\/\/amedis.es\/tienda\/#\/schema\/logo\/image\/"}}]}},"brands":[{"id":2371,"name":"SEPTODONT","slug":"septodont"}],"_links":{"self":[{"href":"https:\/\/amedis.es\/tienda\/wp-json\/wp\/v2\/product\/28216","targetHints":{"allow":["GET"]}}],"collection":[{"href":"https:\/\/amedis.es\/tienda\/wp-json\/wp\/v2\/product"}],"about":[{"href":"https:\/\/amedis.es\/tienda\/wp-json\/wp\/v2\/types\/product"}],"wp:featuredmedia":[{"embeddable":true,"href":"https:\/\/amedis.es\/tienda\/wp-json\/wp\/v2\/media\/28217"}],"wp:attachment":[{"href":"https:\/\/amedis.es\/tienda\/wp-json\/wp\/v2\/media?parent=28216"}],"wp:term":[{"taxonomy":"pwb-brand","embeddable":true,"href":"https:\/\/amedis.es\/tienda\/wp-json\/wp\/v2\/pwb-brand?post=28216"},{"taxonomy":"product_brand","embeddable":true,"href":"https:\/\/amedis.es\/tienda\/wp-json\/wp\/v2\/product_brand?post=28216"},{"taxonomy":"product_cat","embeddable":true,"href":"https:\/\/amedis.es\/tienda\/wp-json\/wp\/v2\/product_cat?post=28216"},{"taxonomy":"product_tag","embeddable":true,"href":"https:\/\/amedis.es\/tienda\/wp-json\/wp\/v2\/product_tag?post=28216"}],"curies":[{"name":"wp","href":"https:\/\/api.w.org\/{rel}","templated":true}]}}