{"id":27748,"date":"2023-05-15T19:41:47","date_gmt":"2023-05-15T19:41:47","guid":{"rendered":"https:\/\/amedis.es\/tienda\/?post_type=product&#038;p=27748"},"modified":"2026-02-11T18:58:31","modified_gmt":"2026-02-11T18:58:31","slug":"copas-de-profilaxis-dentaflux-copia","status":"publish","type":"product","link":"https:\/\/amedis.es\/tienda\/producto\/copas-de-profilaxis-dentaflux-copia\/","title":{"rendered":"COPAS DE PROFILAXIS DENTAFLUX OUTLET STOCK"},"content":{"rendered":"<p>Copas de profilaxis Dentaflux. Copas de goma para profilaxis con l\u00e1minas interiores para un uso eficiente de la pasta. Fabricada en caucho para aplicaci\u00f3n de pasta de una forma c\u00f3moda. Gracias a su dise\u00f1o con l\u00e1minas en el interior evita las salpicaduras, mejorar\u00e1 la correcta aplicaci\u00f3n y la limpieza ser\u00e1 m\u00e1s eficaz.<\/p>\n","protected":false},"excerpt":{"rendered":"<p>CONTENIDO: 100 unidades.<\/p>\n","protected":false},"featured_media":6522,"template":"","meta":[],"pwb-brand":[],"product_brand":[],"product_cat":[30,1928],"product_tag":[],"class_list":{"0":"post-27748","1":"product","2":"type-product","3":"status-publish","4":"has-post-thumbnail","6":"product_cat-outlet","7":"product_cat-prevencion-y-profilaxis-outlet","9":"first","10":"instock","11":"sale","12":"taxable","13":"shipping-taxable","14":"purchasable","15":"product-type-simple"},"yoast_head":"<!-- This site is optimized with the Yoast SEO plugin v27.4 - https:\/\/yoast.com\/product\/yoast-seo-wordpress\/ -->\n<title>COPAS DE PROFILAXIS DENTAFLUX OUTLET STOCK | Amedis | CAJA 100 und.<\/title>\n<meta name=\"description\" content=\"Copas de profilaxis Dentaflux. Copas de goma para profilaxis con l\u00e1minas interiores para un uso eficiente de la pasta.\" \/>\n<meta name=\"robots\" content=\"index, follow, max-snippet:-1, max-image-preview:large, max-video-preview:-1\" \/>\n<link rel=\"canonical\" href=\"https:\/\/amedis.es\/tienda\/producto\/copas-de-profilaxis-dentaflux-copia\/\" \/>\n<meta property=\"og:locale\" content=\"es_ES\" \/>\n<meta property=\"og:type\" content=\"article\" \/>\n<meta property=\"og:title\" content=\"COPAS DE PROFILAXIS DENTAFLUX OUTLET STOCK | Amedis | CAJA 100 und.\" \/>\n<meta property=\"og:description\" content=\"Copas de profilaxis Dentaflux. Copas de goma para profilaxis con l\u00e1minas interiores para un uso eficiente de la pasta.\" \/>\n<meta property=\"og:url\" content=\"https:\/\/amedis.es\/tienda\/producto\/copas-de-profilaxis-dentaflux-copia\/\" \/>\n<meta property=\"og:site_name\" content=\"Amedis\" \/>\n<meta property=\"article:modified_time\" content=\"2026-02-11T18:58:31+00:00\" \/>\n<meta property=\"og:image\" content=\"https:\/\/amedis.es\/tienda\/wp-content\/uploads\/2021\/03\/COPAS-DE-PROFILAXIS-DENTAFLUX.jpg\" \/>\n\t<meta property=\"og:image:width\" content=\"600\" \/>\n\t<meta property=\"og:image:height\" content=\"600\" \/>\n\t<meta property=\"og:image:type\" content=\"image\/jpeg\" \/>\n<meta name=\"twitter:card\" content=\"summary_large_image\" \/>\n<meta name=\"twitter:label1\" content=\"Tiempo de lectura\" \/>\n\t<meta name=\"twitter:data1\" content=\"1 minuto\" \/>\n<script type=\"application\/ld+json\" class=\"yoast-schema-graph\">{\"@context\":\"https:\\\/\\\/schema.org\",\"@graph\":[{\"@type\":\"WebPage\",\"@id\":\"https:\\\/\\\/amedis.es\\\/tienda\\\/producto\\\/copas-de-profilaxis-dentaflux-copia\\\/\",\"url\":\"https:\\\/\\\/amedis.es\\\/tienda\\\/producto\\\/copas-de-profilaxis-dentaflux-copia\\\/\",\"name\":\"COPAS DE PROFILAXIS DENTAFLUX OUTLET STOCK | Amedis | CAJA 100 und.\",\"isPartOf\":{\"@id\":\"https:\\\/\\\/amedis.es\\\/tienda\\\/#website\"},\"primaryImageOfPage\":{\"@id\":\"https:\\\/\\\/amedis.es\\\/tienda\\\/producto\\\/copas-de-profilaxis-dentaflux-copia\\\/#primaryimage\"},\"image\":{\"@id\":\"https:\\\/\\\/amedis.es\\\/tienda\\\/producto\\\/copas-de-profilaxis-dentaflux-copia\\\/#primaryimage\"},\"thumbnailUrl\":\"https:\\\/\\\/amedis.es\\\/tienda\\\/wp-content\\\/uploads\\\/2021\\\/03\\\/COPAS-DE-PROFILAXIS-DENTAFLUX.jpg\",\"datePublished\":\"2023-05-15T19:41:47+00:00\",\"dateModified\":\"2026-02-11T18:58:31+00:00\",\"description\":\"Copas de profilaxis Dentaflux. Copas de goma para profilaxis con l\u00e1minas interiores para un uso eficiente de la pasta.\",\"breadcrumb\":{\"@id\":\"https:\\\/\\\/amedis.es\\\/tienda\\\/producto\\\/copas-de-profilaxis-dentaflux-copia\\\/#breadcrumb\"},\"inLanguage\":\"es\",\"potentialAction\":[{\"@type\":\"ReadAction\",\"target\":[\"https:\\\/\\\/amedis.es\\\/tienda\\\/producto\\\/copas-de-profilaxis-dentaflux-copia\\\/\"]}]},{\"@type\":\"ImageObject\",\"inLanguage\":\"es\",\"@id\":\"https:\\\/\\\/amedis.es\\\/tienda\\\/producto\\\/copas-de-profilaxis-dentaflux-copia\\\/#primaryimage\",\"url\":\"https:\\\/\\\/amedis.es\\\/tienda\\\/wp-content\\\/uploads\\\/2021\\\/03\\\/COPAS-DE-PROFILAXIS-DENTAFLUX.jpg\",\"contentUrl\":\"https:\\\/\\\/amedis.es\\\/tienda\\\/wp-content\\\/uploads\\\/2021\\\/03\\\/COPAS-DE-PROFILAXIS-DENTAFLUX.jpg\",\"width\":600,\"height\":600,\"caption\":\"Amedis COPAS DE PROFILAXIS DENTAFLUX\"},{\"@type\":\"BreadcrumbList\",\"@id\":\"https:\\\/\\\/amedis.es\\\/tienda\\\/producto\\\/copas-de-profilaxis-dentaflux-copia\\\/#breadcrumb\",\"itemListElement\":[{\"@type\":\"ListItem\",\"position\":1,\"name\":\"Portada\",\"item\":\"https:\\\/\\\/amedis.es\\\/tienda\\\/\"},{\"@type\":\"ListItem\",\"position\":2,\"name\":\"Amedis | Suministros M\u00e9dicos y Dentales | Tienda\",\"item\":\"https:\\\/\\\/amedis.es\\\/tienda\\\/suministros-medicos-y-dentales\\\/\"},{\"@type\":\"ListItem\",\"position\":3,\"name\":\"COPAS DE PROFILAXIS DENTAFLUX OUTLET STOCK\"}]},{\"@type\":\"WebSite\",\"@id\":\"https:\\\/\\\/amedis.es\\\/tienda\\\/#website\",\"url\":\"https:\\\/\\\/amedis.es\\\/tienda\\\/\",\"name\":\"Amedis\",\"description\":\"Suministros M\u00e9dicos y Dentales\",\"publisher\":{\"@id\":\"https:\\\/\\\/amedis.es\\\/tienda\\\/#organization\"},\"potentialAction\":[{\"@type\":\"SearchAction\",\"target\":{\"@type\":\"EntryPoint\",\"urlTemplate\":\"https:\\\/\\\/amedis.es\\\/tienda\\\/?s={search_term_string}\"},\"query-input\":{\"@type\":\"PropertyValueSpecification\",\"valueRequired\":true,\"valueName\":\"search_term_string\"}}],\"inLanguage\":\"es\"},{\"@type\":\"Organization\",\"@id\":\"https:\\\/\\\/amedis.es\\\/tienda\\\/#organization\",\"name\":\"Amedis | Suministros M\u00e9dicos y Dentales\",\"url\":\"https:\\\/\\\/amedis.es\\\/tienda\\\/\",\"logo\":{\"@type\":\"ImageObject\",\"inLanguage\":\"es\",\"@id\":\"https:\\\/\\\/amedis.es\\\/tienda\\\/#\\\/schema\\\/logo\\\/image\\\/\",\"url\":\"https:\\\/\\\/amedis.es\\\/tienda\\\/wp-content\\\/uploads\\\/2020\\\/05\\\/logo-1.png\",\"contentUrl\":\"https:\\\/\\\/amedis.es\\\/tienda\\\/wp-content\\\/uploads\\\/2020\\\/05\\\/logo-1.png\",\"width\":191,\"height\":80,\"caption\":\"Amedis | Suministros M\u00e9dicos y Dentales\"},\"image\":{\"@id\":\"https:\\\/\\\/amedis.es\\\/tienda\\\/#\\\/schema\\\/logo\\\/image\\\/\"}}]}<\/script>\n<!-- \/ Yoast SEO plugin. -->","yoast_head_json":{"title":"COPAS DE PROFILAXIS DENTAFLUX OUTLET STOCK | Amedis | CAJA 100 und.","description":"Copas de profilaxis Dentaflux. Copas de goma para profilaxis con l\u00e1minas interiores para un uso eficiente de la pasta.","robots":{"index":"index","follow":"follow","max-snippet":"max-snippet:-1","max-image-preview":"max-image-preview:large","max-video-preview":"max-video-preview:-1"},"canonical":"https:\/\/amedis.es\/tienda\/producto\/copas-de-profilaxis-dentaflux-copia\/","og_locale":"es_ES","og_type":"article","og_title":"COPAS DE PROFILAXIS DENTAFLUX OUTLET STOCK | Amedis | CAJA 100 und.","og_description":"Copas de profilaxis Dentaflux. Copas de goma para profilaxis con l\u00e1minas interiores para un uso eficiente de la pasta.","og_url":"https:\/\/amedis.es\/tienda\/producto\/copas-de-profilaxis-dentaflux-copia\/","og_site_name":"Amedis","article_modified_time":"2026-02-11T18:58:31+00:00","og_image":[{"width":600,"height":600,"url":"https:\/\/amedis.es\/tienda\/wp-content\/uploads\/2021\/03\/COPAS-DE-PROFILAXIS-DENTAFLUX.jpg","type":"image\/jpeg"}],"twitter_card":"summary_large_image","twitter_misc":{"Tiempo de lectura":"1 minuto"},"schema":{"@context":"https:\/\/schema.org","@graph":[{"@type":"WebPage","@id":"https:\/\/amedis.es\/tienda\/producto\/copas-de-profilaxis-dentaflux-copia\/","url":"https:\/\/amedis.es\/tienda\/producto\/copas-de-profilaxis-dentaflux-copia\/","name":"COPAS DE PROFILAXIS DENTAFLUX OUTLET STOCK | Amedis | CAJA 100 und.","isPartOf":{"@id":"https:\/\/amedis.es\/tienda\/#website"},"primaryImageOfPage":{"@id":"https:\/\/amedis.es\/tienda\/producto\/copas-de-profilaxis-dentaflux-copia\/#primaryimage"},"image":{"@id":"https:\/\/amedis.es\/tienda\/producto\/copas-de-profilaxis-dentaflux-copia\/#primaryimage"},"thumbnailUrl":"https:\/\/amedis.es\/tienda\/wp-content\/uploads\/2021\/03\/COPAS-DE-PROFILAXIS-DENTAFLUX.jpg","datePublished":"2023-05-15T19:41:47+00:00","dateModified":"2026-02-11T18:58:31+00:00","description":"Copas de profilaxis Dentaflux. Copas de goma para profilaxis con l\u00e1minas interiores para un uso eficiente de la pasta.","breadcrumb":{"@id":"https:\/\/amedis.es\/tienda\/producto\/copas-de-profilaxis-dentaflux-copia\/#breadcrumb"},"inLanguage":"es","potentialAction":[{"@type":"ReadAction","target":["https:\/\/amedis.es\/tienda\/producto\/copas-de-profilaxis-dentaflux-copia\/"]}]},{"@type":"ImageObject","inLanguage":"es","@id":"https:\/\/amedis.es\/tienda\/producto\/copas-de-profilaxis-dentaflux-copia\/#primaryimage","url":"https:\/\/amedis.es\/tienda\/wp-content\/uploads\/2021\/03\/COPAS-DE-PROFILAXIS-DENTAFLUX.jpg","contentUrl":"https:\/\/amedis.es\/tienda\/wp-content\/uploads\/2021\/03\/COPAS-DE-PROFILAXIS-DENTAFLUX.jpg","width":600,"height":600,"caption":"Amedis COPAS DE PROFILAXIS DENTAFLUX"},{"@type":"BreadcrumbList","@id":"https:\/\/amedis.es\/tienda\/producto\/copas-de-profilaxis-dentaflux-copia\/#breadcrumb","itemListElement":[{"@type":"ListItem","position":1,"name":"Portada","item":"https:\/\/amedis.es\/tienda\/"},{"@type":"ListItem","position":2,"name":"Amedis | Suministros M\u00e9dicos y Dentales | Tienda","item":"https:\/\/amedis.es\/tienda\/suministros-medicos-y-dentales\/"},{"@type":"ListItem","position":3,"name":"COPAS DE PROFILAXIS DENTAFLUX OUTLET STOCK"}]},{"@type":"WebSite","@id":"https:\/\/amedis.es\/tienda\/#website","url":"https:\/\/amedis.es\/tienda\/","name":"Amedis","description":"Suministros M\u00e9dicos y Dentales","publisher":{"@id":"https:\/\/amedis.es\/tienda\/#organization"},"potentialAction":[{"@type":"SearchAction","target":{"@type":"EntryPoint","urlTemplate":"https:\/\/amedis.es\/tienda\/?s={search_term_string}"},"query-input":{"@type":"PropertyValueSpecification","valueRequired":true,"valueName":"search_term_string"}}],"inLanguage":"es"},{"@type":"Organization","@id":"https:\/\/amedis.es\/tienda\/#organization","name":"Amedis | Suministros M\u00e9dicos y Dentales","url":"https:\/\/amedis.es\/tienda\/","logo":{"@type":"ImageObject","inLanguage":"es","@id":"https:\/\/amedis.es\/tienda\/#\/schema\/logo\/image\/","url":"https:\/\/amedis.es\/tienda\/wp-content\/uploads\/2020\/05\/logo-1.png","contentUrl":"https:\/\/amedis.es\/tienda\/wp-content\/uploads\/2020\/05\/logo-1.png","width":191,"height":80,"caption":"Amedis | Suministros M\u00e9dicos y Dentales"},"image":{"@id":"https:\/\/amedis.es\/tienda\/#\/schema\/logo\/image\/"}}]}},"brands":[],"_links":{"self":[{"href":"https:\/\/amedis.es\/tienda\/wp-json\/wp\/v2\/product\/27748","targetHints":{"allow":["GET"]}}],"collection":[{"href":"https:\/\/amedis.es\/tienda\/wp-json\/wp\/v2\/product"}],"about":[{"href":"https:\/\/amedis.es\/tienda\/wp-json\/wp\/v2\/types\/product"}],"wp:featuredmedia":[{"embeddable":true,"href":"https:\/\/amedis.es\/tienda\/wp-json\/wp\/v2\/media\/6522"}],"wp:attachment":[{"href":"https:\/\/amedis.es\/tienda\/wp-json\/wp\/v2\/media?parent=27748"}],"wp:term":[{"taxonomy":"pwb-brand","embeddable":true,"href":"https:\/\/amedis.es\/tienda\/wp-json\/wp\/v2\/pwb-brand?post=27748"},{"taxonomy":"product_brand","embeddable":true,"href":"https:\/\/amedis.es\/tienda\/wp-json\/wp\/v2\/product_brand?post=27748"},{"taxonomy":"product_cat","embeddable":true,"href":"https:\/\/amedis.es\/tienda\/wp-json\/wp\/v2\/product_cat?post=27748"},{"taxonomy":"product_tag","embeddable":true,"href":"https:\/\/amedis.es\/tienda\/wp-json\/wp\/v2\/product_tag?post=27748"}],"curies":[{"name":"wp","href":"https:\/\/api.w.org\/{rel}","templated":true}]}}