{"id":26890,"date":"2023-04-13T19:19:17","date_gmt":"2023-04-13T19:19:17","guid":{"rendered":"https:\/\/amedis.es\/tienda\/?post_type=product&#038;p=26890"},"modified":"2024-09-16T15:09:00","modified_gmt":"2024-09-16T15:09:00","slug":"gi-mask-reposicion","status":"publish","type":"product","link":"https:\/\/amedis.es\/tienda\/producto\/gi-mask-reposicion\/","title":{"rendered":"GI-MASK REPOSICI\u00d3N"},"content":{"rendered":"<p>GI-Mask reposici\u00f3n. Polisiloxano reticulable por condensaci\u00f3n para la reconstrucci\u00f3n r\u00e1pida exacta de la gingiva sobre el modelo de escayola para coronas individuales puentes implantes trabajos combinados y telesc\u00f3picos.<\/p>\n<p>ENVASE: 150 ml. base + 18 ml. Activador.<\/p>\n<p>REFERENCIA 300003<\/p>\n","protected":false},"excerpt":{"rendered":"<p>COLTENE-WHALEDENT<\/p>\n","protected":false},"featured_media":21108,"template":"","meta":[],"pwb-brand":[2350],"product_brand":[],"product_cat":[1324,34,1643],"product_tag":[],"class_list":{"0":"post-26890","1":"product","2":"type-product","3":"status-publish","4":"has-post-thumbnail","6":"pwb-brand-coltene","7":"product_cat-consumibles-de-modelado","8":"product_cat-laboratorio","9":"product_cat-siliconas-para-mascaras-gingivales","11":"first","12":"instock","13":"sale","14":"taxable","15":"shipping-taxable","16":"purchasable","17":"product-type-simple"},"yoast_head":"<!-- This site is optimized with the Yoast SEO plugin v27.3 - https:\/\/yoast.com\/product\/yoast-seo-wordpress\/ -->\n<title>GI-MASK REPOSICI\u00d3N | Amedis<\/title>\n<meta name=\"description\" content=\"GI-Mask reposici\u00f3n. Polisiloxano reticulable por condensaci\u00f3n para la reconstrucci\u00f3n r\u00e1pida exacta de la gingiva\" \/>\n<meta name=\"robots\" content=\"index, follow, max-snippet:-1, max-image-preview:large, max-video-preview:-1\" \/>\n<link rel=\"canonical\" href=\"https:\/\/amedis.es\/tienda\/?product=gi-mask-reposicion\" \/>\n<meta property=\"og:locale\" content=\"es_ES\" \/>\n<meta property=\"og:type\" content=\"article\" \/>\n<meta property=\"og:title\" content=\"GI-MASK REPOSICI\u00d3N | Amedis\" \/>\n<meta property=\"og:description\" content=\"GI-Mask reposici\u00f3n. Polisiloxano reticulable por condensaci\u00f3n para la reconstrucci\u00f3n r\u00e1pida exacta de la gingiva\" \/>\n<meta property=\"og:url\" content=\"https:\/\/amedis.es\/tienda\/?product=gi-mask-reposicion\" \/>\n<meta property=\"og:site_name\" content=\"Amedis\" \/>\n<meta property=\"article:modified_time\" content=\"2024-09-16T15:09:00+00:00\" \/>\n<meta property=\"og:image\" content=\"https:\/\/amedis.es\/tienda\/wp-content\/uploads\/2022\/05\/GI-MASK-REPOSICION.jpg\" \/>\n\t<meta property=\"og:image:width\" content=\"600\" \/>\n\t<meta property=\"og:image:height\" content=\"600\" \/>\n\t<meta property=\"og:image:type\" content=\"image\/jpeg\" \/>\n<meta name=\"twitter:card\" content=\"summary_large_image\" \/>\n<script type=\"application\/ld+json\" class=\"yoast-schema-graph\">{\"@context\":\"https:\\\/\\\/schema.org\",\"@graph\":[{\"@type\":\"WebPage\",\"@id\":\"https:\\\/\\\/amedis.es\\\/tienda\\\/?product=gi-mask-reposicion\",\"url\":\"https:\\\/\\\/amedis.es\\\/tienda\\\/?product=gi-mask-reposicion\",\"name\":\"GI-MASK REPOSICI\u00d3N | Amedis\",\"isPartOf\":{\"@id\":\"https:\\\/\\\/amedis.es\\\/tienda\\\/#website\"},\"primaryImageOfPage\":{\"@id\":\"https:\\\/\\\/amedis.es\\\/tienda\\\/?product=gi-mask-reposicion#primaryimage\"},\"image\":{\"@id\":\"https:\\\/\\\/amedis.es\\\/tienda\\\/?product=gi-mask-reposicion#primaryimage\"},\"thumbnailUrl\":\"https:\\\/\\\/amedis.es\\\/tienda\\\/wp-content\\\/uploads\\\/2022\\\/05\\\/GI-MASK-REPOSICION.jpg\",\"datePublished\":\"2023-04-13T19:19:17+00:00\",\"dateModified\":\"2024-09-16T15:09:00+00:00\",\"description\":\"GI-Mask reposici\u00f3n. Polisiloxano reticulable por condensaci\u00f3n para la reconstrucci\u00f3n r\u00e1pida exacta de la gingiva\",\"breadcrumb\":{\"@id\":\"https:\\\/\\\/amedis.es\\\/tienda\\\/?product=gi-mask-reposicion#breadcrumb\"},\"inLanguage\":\"es\",\"potentialAction\":[{\"@type\":\"ReadAction\",\"target\":[\"https:\\\/\\\/amedis.es\\\/tienda\\\/?product=gi-mask-reposicion\"]}]},{\"@type\":\"ImageObject\",\"inLanguage\":\"es\",\"@id\":\"https:\\\/\\\/amedis.es\\\/tienda\\\/?product=gi-mask-reposicion#primaryimage\",\"url\":\"https:\\\/\\\/amedis.es\\\/tienda\\\/wp-content\\\/uploads\\\/2022\\\/05\\\/GI-MASK-REPOSICION.jpg\",\"contentUrl\":\"https:\\\/\\\/amedis.es\\\/tienda\\\/wp-content\\\/uploads\\\/2022\\\/05\\\/GI-MASK-REPOSICION.jpg\",\"width\":600,\"height\":600,\"caption\":\"Amedis GI-MASK REPOSICI\u00d3N\"},{\"@type\":\"BreadcrumbList\",\"@id\":\"https:\\\/\\\/amedis.es\\\/tienda\\\/?product=gi-mask-reposicion#breadcrumb\",\"itemListElement\":[{\"@type\":\"ListItem\",\"position\":1,\"name\":\"Portada\",\"item\":\"https:\\\/\\\/amedis.es\\\/tienda\\\/\"},{\"@type\":\"ListItem\",\"position\":2,\"name\":\"Amedis | Suministros M\u00e9dicos y Dentales | Tienda\",\"item\":\"https:\\\/\\\/amedis.es\\\/tienda\\\/suministros-medicos-y-dentales\\\/\"},{\"@type\":\"ListItem\",\"position\":3,\"name\":\"GI-MASK REPOSICI\u00d3N\"}]},{\"@type\":\"WebSite\",\"@id\":\"https:\\\/\\\/amedis.es\\\/tienda\\\/#website\",\"url\":\"https:\\\/\\\/amedis.es\\\/tienda\\\/\",\"name\":\"Amedis\",\"description\":\"Suministros M\u00e9dicos y Dentales\",\"publisher\":{\"@id\":\"https:\\\/\\\/amedis.es\\\/tienda\\\/#organization\"},\"potentialAction\":[{\"@type\":\"SearchAction\",\"target\":{\"@type\":\"EntryPoint\",\"urlTemplate\":\"https:\\\/\\\/amedis.es\\\/tienda\\\/?s={search_term_string}\"},\"query-input\":{\"@type\":\"PropertyValueSpecification\",\"valueRequired\":true,\"valueName\":\"search_term_string\"}}],\"inLanguage\":\"es\"},{\"@type\":\"Organization\",\"@id\":\"https:\\\/\\\/amedis.es\\\/tienda\\\/#organization\",\"name\":\"Amedis | Suministros M\u00e9dicos y Dentales\",\"url\":\"https:\\\/\\\/amedis.es\\\/tienda\\\/\",\"logo\":{\"@type\":\"ImageObject\",\"inLanguage\":\"es\",\"@id\":\"https:\\\/\\\/amedis.es\\\/tienda\\\/#\\\/schema\\\/logo\\\/image\\\/\",\"url\":\"https:\\\/\\\/amedis.es\\\/tienda\\\/wp-content\\\/uploads\\\/2020\\\/05\\\/logo-1.png\",\"contentUrl\":\"https:\\\/\\\/amedis.es\\\/tienda\\\/wp-content\\\/uploads\\\/2020\\\/05\\\/logo-1.png\",\"width\":191,\"height\":80,\"caption\":\"Amedis | Suministros M\u00e9dicos y Dentales\"},\"image\":{\"@id\":\"https:\\\/\\\/amedis.es\\\/tienda\\\/#\\\/schema\\\/logo\\\/image\\\/\"}}]}<\/script>\n<!-- \/ Yoast SEO plugin. -->","yoast_head_json":{"title":"GI-MASK REPOSICI\u00d3N | Amedis","description":"GI-Mask reposici\u00f3n. Polisiloxano reticulable por condensaci\u00f3n para la reconstrucci\u00f3n r\u00e1pida exacta de la gingiva","robots":{"index":"index","follow":"follow","max-snippet":"max-snippet:-1","max-image-preview":"max-image-preview:large","max-video-preview":"max-video-preview:-1"},"canonical":"https:\/\/amedis.es\/tienda\/?product=gi-mask-reposicion","og_locale":"es_ES","og_type":"article","og_title":"GI-MASK REPOSICI\u00d3N | Amedis","og_description":"GI-Mask reposici\u00f3n. Polisiloxano reticulable por condensaci\u00f3n para la reconstrucci\u00f3n r\u00e1pida exacta de la gingiva","og_url":"https:\/\/amedis.es\/tienda\/?product=gi-mask-reposicion","og_site_name":"Amedis","article_modified_time":"2024-09-16T15:09:00+00:00","og_image":[{"width":600,"height":600,"url":"https:\/\/amedis.es\/tienda\/wp-content\/uploads\/2022\/05\/GI-MASK-REPOSICION.jpg","type":"image\/jpeg"}],"twitter_card":"summary_large_image","schema":{"@context":"https:\/\/schema.org","@graph":[{"@type":"WebPage","@id":"https:\/\/amedis.es\/tienda\/?product=gi-mask-reposicion","url":"https:\/\/amedis.es\/tienda\/?product=gi-mask-reposicion","name":"GI-MASK REPOSICI\u00d3N | Amedis","isPartOf":{"@id":"https:\/\/amedis.es\/tienda\/#website"},"primaryImageOfPage":{"@id":"https:\/\/amedis.es\/tienda\/?product=gi-mask-reposicion#primaryimage"},"image":{"@id":"https:\/\/amedis.es\/tienda\/?product=gi-mask-reposicion#primaryimage"},"thumbnailUrl":"https:\/\/amedis.es\/tienda\/wp-content\/uploads\/2022\/05\/GI-MASK-REPOSICION.jpg","datePublished":"2023-04-13T19:19:17+00:00","dateModified":"2024-09-16T15:09:00+00:00","description":"GI-Mask reposici\u00f3n. Polisiloxano reticulable por condensaci\u00f3n para la reconstrucci\u00f3n r\u00e1pida exacta de la gingiva","breadcrumb":{"@id":"https:\/\/amedis.es\/tienda\/?product=gi-mask-reposicion#breadcrumb"},"inLanguage":"es","potentialAction":[{"@type":"ReadAction","target":["https:\/\/amedis.es\/tienda\/?product=gi-mask-reposicion"]}]},{"@type":"ImageObject","inLanguage":"es","@id":"https:\/\/amedis.es\/tienda\/?product=gi-mask-reposicion#primaryimage","url":"https:\/\/amedis.es\/tienda\/wp-content\/uploads\/2022\/05\/GI-MASK-REPOSICION.jpg","contentUrl":"https:\/\/amedis.es\/tienda\/wp-content\/uploads\/2022\/05\/GI-MASK-REPOSICION.jpg","width":600,"height":600,"caption":"Amedis GI-MASK REPOSICI\u00d3N"},{"@type":"BreadcrumbList","@id":"https:\/\/amedis.es\/tienda\/?product=gi-mask-reposicion#breadcrumb","itemListElement":[{"@type":"ListItem","position":1,"name":"Portada","item":"https:\/\/amedis.es\/tienda\/"},{"@type":"ListItem","position":2,"name":"Amedis | Suministros M\u00e9dicos y Dentales | Tienda","item":"https:\/\/amedis.es\/tienda\/suministros-medicos-y-dentales\/"},{"@type":"ListItem","position":3,"name":"GI-MASK REPOSICI\u00d3N"}]},{"@type":"WebSite","@id":"https:\/\/amedis.es\/tienda\/#website","url":"https:\/\/amedis.es\/tienda\/","name":"Amedis","description":"Suministros M\u00e9dicos y Dentales","publisher":{"@id":"https:\/\/amedis.es\/tienda\/#organization"},"potentialAction":[{"@type":"SearchAction","target":{"@type":"EntryPoint","urlTemplate":"https:\/\/amedis.es\/tienda\/?s={search_term_string}"},"query-input":{"@type":"PropertyValueSpecification","valueRequired":true,"valueName":"search_term_string"}}],"inLanguage":"es"},{"@type":"Organization","@id":"https:\/\/amedis.es\/tienda\/#organization","name":"Amedis | Suministros M\u00e9dicos y Dentales","url":"https:\/\/amedis.es\/tienda\/","logo":{"@type":"ImageObject","inLanguage":"es","@id":"https:\/\/amedis.es\/tienda\/#\/schema\/logo\/image\/","url":"https:\/\/amedis.es\/tienda\/wp-content\/uploads\/2020\/05\/logo-1.png","contentUrl":"https:\/\/amedis.es\/tienda\/wp-content\/uploads\/2020\/05\/logo-1.png","width":191,"height":80,"caption":"Amedis | Suministros M\u00e9dicos y Dentales"},"image":{"@id":"https:\/\/amedis.es\/tienda\/#\/schema\/logo\/image\/"}}]}},"brands":[{"id":2350,"name":"COLTENE","slug":"coltene"}],"_links":{"self":[{"href":"https:\/\/amedis.es\/tienda\/wp-json\/wp\/v2\/product\/26890","targetHints":{"allow":["GET"]}}],"collection":[{"href":"https:\/\/amedis.es\/tienda\/wp-json\/wp\/v2\/product"}],"about":[{"href":"https:\/\/amedis.es\/tienda\/wp-json\/wp\/v2\/types\/product"}],"wp:featuredmedia":[{"embeddable":true,"href":"https:\/\/amedis.es\/tienda\/wp-json\/wp\/v2\/media\/21108"}],"wp:attachment":[{"href":"https:\/\/amedis.es\/tienda\/wp-json\/wp\/v2\/media?parent=26890"}],"wp:term":[{"taxonomy":"pwb-brand","embeddable":true,"href":"https:\/\/amedis.es\/tienda\/wp-json\/wp\/v2\/pwb-brand?post=26890"},{"taxonomy":"product_brand","embeddable":true,"href":"https:\/\/amedis.es\/tienda\/wp-json\/wp\/v2\/product_brand?post=26890"},{"taxonomy":"product_cat","embeddable":true,"href":"https:\/\/amedis.es\/tienda\/wp-json\/wp\/v2\/product_cat?post=26890"},{"taxonomy":"product_tag","embeddable":true,"href":"https:\/\/amedis.es\/tienda\/wp-json\/wp\/v2\/product_tag?post=26890"}],"curies":[{"name":"wp","href":"https:\/\/api.w.org\/{rel}","templated":true}]}}