{"id":26782,"date":"2023-04-08T11:18:07","date_gmt":"2023-04-08T11:18:07","guid":{"rendered":"https:\/\/amedis.es\/tienda\/?post_type=product&#038;p=26782"},"modified":"2024-09-12T20:13:39","modified_gmt":"2024-09-12T20:13:39","slug":"contra-angulo-multiplicador-15-t2-line-a-200-l","status":"publish","type":"product","link":"https:\/\/amedis.es\/tienda\/producto\/contra-angulo-multiplicador-15-t2-line-a-200-l\/","title":{"rendered":"CONTRA-\u00c1NGULO MULTIPLICADOR 1:5 T2 LINE A 200 L"},"content":{"rendered":"<p>Contra-\u00e1ngulo multiplicador 1:5 T2 line A 200 L. T2 Line es la robusta serie de contra-\u00e1ngulos de la clase Comfort. La calidad y la experiencia de Dentsply Sirona se combinan aqu\u00ed en una serie de productos que, gracias a su funcionalidad y eficacia, le permite concentrarse exclusivamente en el tratamiento. Interfaz ISO universal. Hojas de titanio, ergon\u00f3micas y ligeras. Iluminaci\u00f3n adecuada para una excelente visibilidad durante el tratamiento. Compatible con los motores con luz gracias a ISO Slider\u00ae. 2 a\u00f1os de garant\u00eda. Ideal para la preparaci\u00f3n de la cavidad y de las coronas.<\/p>\n","protected":false},"excerpt":{"rendered":"<p>CONTENIDO: 1 unidad.<\/p>\n","protected":false},"featured_media":26783,"template":"","meta":[],"pwb-brand":[2355],"product_brand":[],"product_cat":[836,283,294],"product_tag":[],"class_list":{"0":"post-26782","1":"product","2":"type-product","3":"status-publish","4":"has-post-thumbnail","6":"pwb-brand-dentsply","7":"product_cat-rotatorio-contra-angulos-multiplicador-rojo-con-luz","8":"product_cat-equipamiento","9":"product_cat-rotatorio","11":"first","12":"instock","13":"sale","14":"taxable","15":"shipping-taxable","16":"purchasable","17":"product-type-simple"},"yoast_head":"<!-- This site is optimized with the Yoast SEO plugin v27.4 - https:\/\/yoast.com\/product\/yoast-seo-wordpress\/ -->\n<title>CONTRA-\u00c1NGULO MULTIPLICADOR 1:5 T2 LINE A 200 L | Amedis<\/title>\n<meta name=\"description\" content=\"Contra-\u00e1ngulo multiplicador 1:5 T2 line A 200 L. T2 Line es la robusta serie de contra-\u00e1ngulos de la clase Comfort.\" \/>\n<meta name=\"robots\" content=\"index, follow, max-snippet:-1, max-image-preview:large, max-video-preview:-1\" \/>\n<link rel=\"canonical\" href=\"https:\/\/amedis.es\/tienda\/producto\/contra-angulo-multiplicador-15-t2-line-a-200-l\/\" \/>\n<meta property=\"og:locale\" content=\"es_ES\" \/>\n<meta property=\"og:type\" content=\"article\" \/>\n<meta property=\"og:title\" content=\"CONTRA-\u00c1NGULO MULTIPLICADOR 1:5 T2 LINE A 200 L | Amedis\" \/>\n<meta property=\"og:description\" content=\"Contra-\u00e1ngulo multiplicador 1:5 T2 line A 200 L. T2 Line es la robusta serie de contra-\u00e1ngulos de la clase Comfort.\" \/>\n<meta property=\"og:url\" content=\"https:\/\/amedis.es\/tienda\/producto\/contra-angulo-multiplicador-15-t2-line-a-200-l\/\" \/>\n<meta property=\"og:site_name\" content=\"Amedis\" \/>\n<meta property=\"article:modified_time\" content=\"2024-09-12T20:13:39+00:00\" \/>\n<meta property=\"og:image\" content=\"https:\/\/amedis.es\/tienda\/wp-content\/uploads\/2023\/04\/CONTRA-ANGULO-MULTIPLICADOR-1-5-T2-LINE-A-200-L.jpg\" \/>\n\t<meta property=\"og:image:width\" content=\"600\" \/>\n\t<meta property=\"og:image:height\" content=\"600\" \/>\n\t<meta property=\"og:image:type\" content=\"image\/jpeg\" \/>\n<meta name=\"twitter:card\" content=\"summary_large_image\" \/>\n<meta name=\"twitter:label1\" content=\"Tiempo de lectura\" \/>\n\t<meta name=\"twitter:data1\" content=\"1 minuto\" \/>\n<script type=\"application\/ld+json\" class=\"yoast-schema-graph\">{\"@context\":\"https:\\\/\\\/schema.org\",\"@graph\":[{\"@type\":\"WebPage\",\"@id\":\"https:\\\/\\\/amedis.es\\\/tienda\\\/producto\\\/contra-angulo-multiplicador-15-t2-line-a-200-l\\\/\",\"url\":\"https:\\\/\\\/amedis.es\\\/tienda\\\/producto\\\/contra-angulo-multiplicador-15-t2-line-a-200-l\\\/\",\"name\":\"CONTRA-\u00c1NGULO MULTIPLICADOR 1:5 T2 LINE A 200 L | Amedis\",\"isPartOf\":{\"@id\":\"https:\\\/\\\/amedis.es\\\/tienda\\\/#website\"},\"primaryImageOfPage\":{\"@id\":\"https:\\\/\\\/amedis.es\\\/tienda\\\/producto\\\/contra-angulo-multiplicador-15-t2-line-a-200-l\\\/#primaryimage\"},\"image\":{\"@id\":\"https:\\\/\\\/amedis.es\\\/tienda\\\/producto\\\/contra-angulo-multiplicador-15-t2-line-a-200-l\\\/#primaryimage\"},\"thumbnailUrl\":\"https:\\\/\\\/amedis.es\\\/tienda\\\/wp-content\\\/uploads\\\/2023\\\/04\\\/CONTRA-ANGULO-MULTIPLICADOR-1-5-T2-LINE-A-200-L.jpg\",\"datePublished\":\"2023-04-08T11:18:07+00:00\",\"dateModified\":\"2024-09-12T20:13:39+00:00\",\"description\":\"Contra-\u00e1ngulo multiplicador 1:5 T2 line A 200 L. T2 Line es la robusta serie de contra-\u00e1ngulos de la clase Comfort.\",\"breadcrumb\":{\"@id\":\"https:\\\/\\\/amedis.es\\\/tienda\\\/producto\\\/contra-angulo-multiplicador-15-t2-line-a-200-l\\\/#breadcrumb\"},\"inLanguage\":\"es\",\"potentialAction\":[{\"@type\":\"ReadAction\",\"target\":[\"https:\\\/\\\/amedis.es\\\/tienda\\\/producto\\\/contra-angulo-multiplicador-15-t2-line-a-200-l\\\/\"]}]},{\"@type\":\"ImageObject\",\"inLanguage\":\"es\",\"@id\":\"https:\\\/\\\/amedis.es\\\/tienda\\\/producto\\\/contra-angulo-multiplicador-15-t2-line-a-200-l\\\/#primaryimage\",\"url\":\"https:\\\/\\\/amedis.es\\\/tienda\\\/wp-content\\\/uploads\\\/2023\\\/04\\\/CONTRA-ANGULO-MULTIPLICADOR-1-5-T2-LINE-A-200-L.jpg\",\"contentUrl\":\"https:\\\/\\\/amedis.es\\\/tienda\\\/wp-content\\\/uploads\\\/2023\\\/04\\\/CONTRA-ANGULO-MULTIPLICADOR-1-5-T2-LINE-A-200-L.jpg\",\"width\":600,\"height\":600,\"caption\":\"Amedis CONTRA-\u00c1NGULO MULTIPLICADOR 1:5 T2 LINE A 200 L\"},{\"@type\":\"BreadcrumbList\",\"@id\":\"https:\\\/\\\/amedis.es\\\/tienda\\\/producto\\\/contra-angulo-multiplicador-15-t2-line-a-200-l\\\/#breadcrumb\",\"itemListElement\":[{\"@type\":\"ListItem\",\"position\":1,\"name\":\"Portada\",\"item\":\"https:\\\/\\\/amedis.es\\\/tienda\\\/\"},{\"@type\":\"ListItem\",\"position\":2,\"name\":\"Amedis | Suministros M\u00e9dicos y Dentales | Tienda\",\"item\":\"https:\\\/\\\/amedis.es\\\/tienda\\\/suministros-medicos-y-dentales\\\/\"},{\"@type\":\"ListItem\",\"position\":3,\"name\":\"CONTRA-\u00c1NGULO MULTIPLICADOR 1:5 T2 LINE A 200 L\"}]},{\"@type\":\"WebSite\",\"@id\":\"https:\\\/\\\/amedis.es\\\/tienda\\\/#website\",\"url\":\"https:\\\/\\\/amedis.es\\\/tienda\\\/\",\"name\":\"Amedis\",\"description\":\"Suministros M\u00e9dicos y Dentales\",\"publisher\":{\"@id\":\"https:\\\/\\\/amedis.es\\\/tienda\\\/#organization\"},\"potentialAction\":[{\"@type\":\"SearchAction\",\"target\":{\"@type\":\"EntryPoint\",\"urlTemplate\":\"https:\\\/\\\/amedis.es\\\/tienda\\\/?s={search_term_string}\"},\"query-input\":{\"@type\":\"PropertyValueSpecification\",\"valueRequired\":true,\"valueName\":\"search_term_string\"}}],\"inLanguage\":\"es\"},{\"@type\":\"Organization\",\"@id\":\"https:\\\/\\\/amedis.es\\\/tienda\\\/#organization\",\"name\":\"Amedis | Suministros M\u00e9dicos y Dentales\",\"url\":\"https:\\\/\\\/amedis.es\\\/tienda\\\/\",\"logo\":{\"@type\":\"ImageObject\",\"inLanguage\":\"es\",\"@id\":\"https:\\\/\\\/amedis.es\\\/tienda\\\/#\\\/schema\\\/logo\\\/image\\\/\",\"url\":\"https:\\\/\\\/amedis.es\\\/tienda\\\/wp-content\\\/uploads\\\/2020\\\/05\\\/logo-1.png\",\"contentUrl\":\"https:\\\/\\\/amedis.es\\\/tienda\\\/wp-content\\\/uploads\\\/2020\\\/05\\\/logo-1.png\",\"width\":191,\"height\":80,\"caption\":\"Amedis | Suministros M\u00e9dicos y Dentales\"},\"image\":{\"@id\":\"https:\\\/\\\/amedis.es\\\/tienda\\\/#\\\/schema\\\/logo\\\/image\\\/\"}}]}<\/script>\n<!-- \/ Yoast SEO plugin. -->","yoast_head_json":{"title":"CONTRA-\u00c1NGULO MULTIPLICADOR 1:5 T2 LINE A 200 L | Amedis","description":"Contra-\u00e1ngulo multiplicador 1:5 T2 line A 200 L. T2 Line es la robusta serie de contra-\u00e1ngulos de la clase Comfort.","robots":{"index":"index","follow":"follow","max-snippet":"max-snippet:-1","max-image-preview":"max-image-preview:large","max-video-preview":"max-video-preview:-1"},"canonical":"https:\/\/amedis.es\/tienda\/producto\/contra-angulo-multiplicador-15-t2-line-a-200-l\/","og_locale":"es_ES","og_type":"article","og_title":"CONTRA-\u00c1NGULO MULTIPLICADOR 1:5 T2 LINE A 200 L | Amedis","og_description":"Contra-\u00e1ngulo multiplicador 1:5 T2 line A 200 L. T2 Line es la robusta serie de contra-\u00e1ngulos de la clase Comfort.","og_url":"https:\/\/amedis.es\/tienda\/producto\/contra-angulo-multiplicador-15-t2-line-a-200-l\/","og_site_name":"Amedis","article_modified_time":"2024-09-12T20:13:39+00:00","og_image":[{"width":600,"height":600,"url":"https:\/\/amedis.es\/tienda\/wp-content\/uploads\/2023\/04\/CONTRA-ANGULO-MULTIPLICADOR-1-5-T2-LINE-A-200-L.jpg","type":"image\/jpeg"}],"twitter_card":"summary_large_image","twitter_misc":{"Tiempo de lectura":"1 minuto"},"schema":{"@context":"https:\/\/schema.org","@graph":[{"@type":"WebPage","@id":"https:\/\/amedis.es\/tienda\/producto\/contra-angulo-multiplicador-15-t2-line-a-200-l\/","url":"https:\/\/amedis.es\/tienda\/producto\/contra-angulo-multiplicador-15-t2-line-a-200-l\/","name":"CONTRA-\u00c1NGULO MULTIPLICADOR 1:5 T2 LINE A 200 L | Amedis","isPartOf":{"@id":"https:\/\/amedis.es\/tienda\/#website"},"primaryImageOfPage":{"@id":"https:\/\/amedis.es\/tienda\/producto\/contra-angulo-multiplicador-15-t2-line-a-200-l\/#primaryimage"},"image":{"@id":"https:\/\/amedis.es\/tienda\/producto\/contra-angulo-multiplicador-15-t2-line-a-200-l\/#primaryimage"},"thumbnailUrl":"https:\/\/amedis.es\/tienda\/wp-content\/uploads\/2023\/04\/CONTRA-ANGULO-MULTIPLICADOR-1-5-T2-LINE-A-200-L.jpg","datePublished":"2023-04-08T11:18:07+00:00","dateModified":"2024-09-12T20:13:39+00:00","description":"Contra-\u00e1ngulo multiplicador 1:5 T2 line A 200 L. T2 Line es la robusta serie de contra-\u00e1ngulos de la clase Comfort.","breadcrumb":{"@id":"https:\/\/amedis.es\/tienda\/producto\/contra-angulo-multiplicador-15-t2-line-a-200-l\/#breadcrumb"},"inLanguage":"es","potentialAction":[{"@type":"ReadAction","target":["https:\/\/amedis.es\/tienda\/producto\/contra-angulo-multiplicador-15-t2-line-a-200-l\/"]}]},{"@type":"ImageObject","inLanguage":"es","@id":"https:\/\/amedis.es\/tienda\/producto\/contra-angulo-multiplicador-15-t2-line-a-200-l\/#primaryimage","url":"https:\/\/amedis.es\/tienda\/wp-content\/uploads\/2023\/04\/CONTRA-ANGULO-MULTIPLICADOR-1-5-T2-LINE-A-200-L.jpg","contentUrl":"https:\/\/amedis.es\/tienda\/wp-content\/uploads\/2023\/04\/CONTRA-ANGULO-MULTIPLICADOR-1-5-T2-LINE-A-200-L.jpg","width":600,"height":600,"caption":"Amedis CONTRA-\u00c1NGULO MULTIPLICADOR 1:5 T2 LINE A 200 L"},{"@type":"BreadcrumbList","@id":"https:\/\/amedis.es\/tienda\/producto\/contra-angulo-multiplicador-15-t2-line-a-200-l\/#breadcrumb","itemListElement":[{"@type":"ListItem","position":1,"name":"Portada","item":"https:\/\/amedis.es\/tienda\/"},{"@type":"ListItem","position":2,"name":"Amedis | Suministros M\u00e9dicos y Dentales | Tienda","item":"https:\/\/amedis.es\/tienda\/suministros-medicos-y-dentales\/"},{"@type":"ListItem","position":3,"name":"CONTRA-\u00c1NGULO MULTIPLICADOR 1:5 T2 LINE A 200 L"}]},{"@type":"WebSite","@id":"https:\/\/amedis.es\/tienda\/#website","url":"https:\/\/amedis.es\/tienda\/","name":"Amedis","description":"Suministros M\u00e9dicos y Dentales","publisher":{"@id":"https:\/\/amedis.es\/tienda\/#organization"},"potentialAction":[{"@type":"SearchAction","target":{"@type":"EntryPoint","urlTemplate":"https:\/\/amedis.es\/tienda\/?s={search_term_string}"},"query-input":{"@type":"PropertyValueSpecification","valueRequired":true,"valueName":"search_term_string"}}],"inLanguage":"es"},{"@type":"Organization","@id":"https:\/\/amedis.es\/tienda\/#organization","name":"Amedis | Suministros M\u00e9dicos y Dentales","url":"https:\/\/amedis.es\/tienda\/","logo":{"@type":"ImageObject","inLanguage":"es","@id":"https:\/\/amedis.es\/tienda\/#\/schema\/logo\/image\/","url":"https:\/\/amedis.es\/tienda\/wp-content\/uploads\/2020\/05\/logo-1.png","contentUrl":"https:\/\/amedis.es\/tienda\/wp-content\/uploads\/2020\/05\/logo-1.png","width":191,"height":80,"caption":"Amedis | Suministros M\u00e9dicos y Dentales"},"image":{"@id":"https:\/\/amedis.es\/tienda\/#\/schema\/logo\/image\/"}}]}},"brands":[{"id":2355,"name":"DENTSPLY","slug":"dentsply"}],"_links":{"self":[{"href":"https:\/\/amedis.es\/tienda\/wp-json\/wp\/v2\/product\/26782","targetHints":{"allow":["GET"]}}],"collection":[{"href":"https:\/\/amedis.es\/tienda\/wp-json\/wp\/v2\/product"}],"about":[{"href":"https:\/\/amedis.es\/tienda\/wp-json\/wp\/v2\/types\/product"}],"wp:featuredmedia":[{"embeddable":true,"href":"https:\/\/amedis.es\/tienda\/wp-json\/wp\/v2\/media\/26783"}],"wp:attachment":[{"href":"https:\/\/amedis.es\/tienda\/wp-json\/wp\/v2\/media?parent=26782"}],"wp:term":[{"taxonomy":"pwb-brand","embeddable":true,"href":"https:\/\/amedis.es\/tienda\/wp-json\/wp\/v2\/pwb-brand?post=26782"},{"taxonomy":"product_brand","embeddable":true,"href":"https:\/\/amedis.es\/tienda\/wp-json\/wp\/v2\/product_brand?post=26782"},{"taxonomy":"product_cat","embeddable":true,"href":"https:\/\/amedis.es\/tienda\/wp-json\/wp\/v2\/product_cat?post=26782"},{"taxonomy":"product_tag","embeddable":true,"href":"https:\/\/amedis.es\/tienda\/wp-json\/wp\/v2\/product_tag?post=26782"}],"curies":[{"name":"wp","href":"https:\/\/api.w.org\/{rel}","templated":true}]}}