{"id":26591,"date":"2023-03-31T19:12:42","date_gmt":"2023-03-31T19:12:42","guid":{"rendered":"https:\/\/amedis.es\/tienda\/?post_type=product&#038;p=26591"},"modified":"2024-07-05T17:03:25","modified_gmt":"2024-07-05T17:03:25","slug":"relyx-fiber-post-reposicion","status":"publish","type":"product","link":"https:\/\/amedis.es\/tienda\/producto\/relyx-fiber-post-reposicion\/","title":{"rendered":"RELYX FIBER POST REPOSICI\u00d3N"},"content":{"rendered":"<p>RelyX Fiber Posts de 3M ESPE son postes de fibra radiopacos. M\u00e1s que un solo poste de fibra, RelyX Fiber Posts de 3M ESPE son un sistema completo, dise\u00f1ado para obtener resultados cl\u00ednicos excelentes de una forma m\u00e1s f\u00e1cil.<\/p>\n<p>CARACTERISTICAS:<\/p>\n<p>&#8211; Mayor resistencia a la fatiga que la mayor\u00eda de los principales postes de fibra de vidrio.<br \/>\n&#8211; La punta de elongaci\u00f3n 3M\u2122 RelyX\u2122 Unicem Aplicap permite un cementado virtualmente exento de atrapamiento de aire.<br \/>\n&#8211; Est\u00e9tica gracias a su translucidez y sin el riesgo de corrosi\u00f3n que puede aparecer con postes met\u00e1licos.<br \/>\n&#8211; Excelente translucidez a la luz para un fraguado por luz eficiente en profundidad en el canal radicular.<br \/>\n&#8211; La radiopacidad mejorada se encuentra entre las m\u00e1s altas de los postes de fibra de vidrio disponibles.<\/p>\n<p>ENVASE: 10 postes.<\/p>\n","protected":false},"excerpt":{"rendered":"<p>3M<\/p>\n","protected":false},"featured_media":26596,"template":"","meta":[],"pwb-brand":[2358],"product_brand":[],"product_cat":[27,207,1586],"product_tag":[],"class_list":{"0":"post-26591","1":"product","2":"type-product","3":"status-publish","4":"has-post-thumbnail","6":"pwb-brand-solventum-3m","7":"product_cat-clinica","8":"product_cat-postes","9":"product_cat-postes-blancos-de-fibra","11":"first","12":"instock","13":"sale","14":"taxable","15":"shipping-taxable","16":"purchasable","17":"product-type-variable"},"yoast_head":"<!-- This site is optimized with the Yoast SEO plugin v27.3 - https:\/\/yoast.com\/product\/yoast-seo-wordpress\/ -->\n<title>RELYX FIBER POST REPOSICI\u00d3N | Amedis<\/title>\n<meta name=\"description\" content=\"RelyX Fiber Posts de 3M ESPE son postes de fibra radiopacos. M\u00e1s que un solo poste de fibra, RelyX Fiber Posts de 3M ESPE\" \/>\n<meta name=\"robots\" content=\"index, follow, max-snippet:-1, max-image-preview:large, max-video-preview:-1\" \/>\n<link rel=\"canonical\" href=\"https:\/\/amedis.es\/tienda\/producto\/relyx-fiber-post-reposicion\/\" \/>\n<meta property=\"og:locale\" content=\"es_ES\" \/>\n<meta property=\"og:type\" content=\"article\" \/>\n<meta property=\"og:title\" content=\"RELYX FIBER POST REPOSICI\u00d3N | Amedis\" \/>\n<meta property=\"og:description\" content=\"RelyX Fiber Posts de 3M ESPE son postes de fibra radiopacos. M\u00e1s que un solo poste de fibra, RelyX Fiber Posts de 3M ESPE\" \/>\n<meta property=\"og:url\" content=\"https:\/\/amedis.es\/tienda\/producto\/relyx-fiber-post-reposicion\/\" \/>\n<meta property=\"og:site_name\" content=\"Amedis\" \/>\n<meta property=\"article:modified_time\" content=\"2024-07-05T17:03:25+00:00\" \/>\n<meta property=\"og:image\" content=\"https:\/\/amedis.es\/tienda\/wp-content\/uploads\/2023\/03\/RELYX-FIBER-POST-REPOSICION.jpg\" \/>\n\t<meta property=\"og:image:width\" content=\"600\" \/>\n\t<meta property=\"og:image:height\" content=\"600\" \/>\n\t<meta property=\"og:image:type\" content=\"image\/jpeg\" \/>\n<meta name=\"twitter:card\" content=\"summary_large_image\" \/>\n<meta name=\"twitter:label1\" content=\"Tiempo de lectura\" \/>\n\t<meta name=\"twitter:data1\" content=\"1 minuto\" \/>\n<script type=\"application\/ld+json\" class=\"yoast-schema-graph\">{\"@context\":\"https:\\\/\\\/schema.org\",\"@graph\":[{\"@type\":\"WebPage\",\"@id\":\"https:\\\/\\\/amedis.es\\\/tienda\\\/producto\\\/relyx-fiber-post-reposicion\\\/\",\"url\":\"https:\\\/\\\/amedis.es\\\/tienda\\\/producto\\\/relyx-fiber-post-reposicion\\\/\",\"name\":\"RELYX FIBER POST REPOSICI\u00d3N | Amedis\",\"isPartOf\":{\"@id\":\"https:\\\/\\\/amedis.es\\\/tienda\\\/#website\"},\"primaryImageOfPage\":{\"@id\":\"https:\\\/\\\/amedis.es\\\/tienda\\\/producto\\\/relyx-fiber-post-reposicion\\\/#primaryimage\"},\"image\":{\"@id\":\"https:\\\/\\\/amedis.es\\\/tienda\\\/producto\\\/relyx-fiber-post-reposicion\\\/#primaryimage\"},\"thumbnailUrl\":\"https:\\\/\\\/amedis.es\\\/tienda\\\/wp-content\\\/uploads\\\/2023\\\/03\\\/RELYX-FIBER-POST-REPOSICION.jpg\",\"datePublished\":\"2023-03-31T19:12:42+00:00\",\"dateModified\":\"2024-07-05T17:03:25+00:00\",\"description\":\"RelyX Fiber Posts de 3M ESPE son postes de fibra radiopacos. M\u00e1s que un solo poste de fibra, RelyX Fiber Posts de 3M ESPE\",\"breadcrumb\":{\"@id\":\"https:\\\/\\\/amedis.es\\\/tienda\\\/producto\\\/relyx-fiber-post-reposicion\\\/#breadcrumb\"},\"inLanguage\":\"es\",\"potentialAction\":[{\"@type\":\"ReadAction\",\"target\":[\"https:\\\/\\\/amedis.es\\\/tienda\\\/producto\\\/relyx-fiber-post-reposicion\\\/\"]}]},{\"@type\":\"ImageObject\",\"inLanguage\":\"es\",\"@id\":\"https:\\\/\\\/amedis.es\\\/tienda\\\/producto\\\/relyx-fiber-post-reposicion\\\/#primaryimage\",\"url\":\"https:\\\/\\\/amedis.es\\\/tienda\\\/wp-content\\\/uploads\\\/2023\\\/03\\\/RELYX-FIBER-POST-REPOSICION.jpg\",\"contentUrl\":\"https:\\\/\\\/amedis.es\\\/tienda\\\/wp-content\\\/uploads\\\/2023\\\/03\\\/RELYX-FIBER-POST-REPOSICION.jpg\",\"width\":600,\"height\":600,\"caption\":\"Amedis RELYX FIBER POST REPOSICI\u00d3N\"},{\"@type\":\"BreadcrumbList\",\"@id\":\"https:\\\/\\\/amedis.es\\\/tienda\\\/producto\\\/relyx-fiber-post-reposicion\\\/#breadcrumb\",\"itemListElement\":[{\"@type\":\"ListItem\",\"position\":1,\"name\":\"Portada\",\"item\":\"https:\\\/\\\/amedis.es\\\/tienda\\\/\"},{\"@type\":\"ListItem\",\"position\":2,\"name\":\"Amedis | Suministros M\u00e9dicos y Dentales | Tienda\",\"item\":\"https:\\\/\\\/amedis.es\\\/tienda\\\/suministros-medicos-y-dentales\\\/\"},{\"@type\":\"ListItem\",\"position\":3,\"name\":\"RELYX FIBER POST REPOSICI\u00d3N\"}]},{\"@type\":\"WebSite\",\"@id\":\"https:\\\/\\\/amedis.es\\\/tienda\\\/#website\",\"url\":\"https:\\\/\\\/amedis.es\\\/tienda\\\/\",\"name\":\"Amedis\",\"description\":\"Suministros M\u00e9dicos y Dentales\",\"publisher\":{\"@id\":\"https:\\\/\\\/amedis.es\\\/tienda\\\/#organization\"},\"potentialAction\":[{\"@type\":\"SearchAction\",\"target\":{\"@type\":\"EntryPoint\",\"urlTemplate\":\"https:\\\/\\\/amedis.es\\\/tienda\\\/?s={search_term_string}\"},\"query-input\":{\"@type\":\"PropertyValueSpecification\",\"valueRequired\":true,\"valueName\":\"search_term_string\"}}],\"inLanguage\":\"es\"},{\"@type\":\"Organization\",\"@id\":\"https:\\\/\\\/amedis.es\\\/tienda\\\/#organization\",\"name\":\"Amedis | Suministros M\u00e9dicos y Dentales\",\"url\":\"https:\\\/\\\/amedis.es\\\/tienda\\\/\",\"logo\":{\"@type\":\"ImageObject\",\"inLanguage\":\"es\",\"@id\":\"https:\\\/\\\/amedis.es\\\/tienda\\\/#\\\/schema\\\/logo\\\/image\\\/\",\"url\":\"https:\\\/\\\/amedis.es\\\/tienda\\\/wp-content\\\/uploads\\\/2020\\\/05\\\/logo-1.png\",\"contentUrl\":\"https:\\\/\\\/amedis.es\\\/tienda\\\/wp-content\\\/uploads\\\/2020\\\/05\\\/logo-1.png\",\"width\":191,\"height\":80,\"caption\":\"Amedis | Suministros M\u00e9dicos y Dentales\"},\"image\":{\"@id\":\"https:\\\/\\\/amedis.es\\\/tienda\\\/#\\\/schema\\\/logo\\\/image\\\/\"}}]}<\/script>\n<!-- \/ Yoast SEO plugin. -->","yoast_head_json":{"title":"RELYX FIBER POST REPOSICI\u00d3N | Amedis","description":"RelyX Fiber Posts de 3M ESPE son postes de fibra radiopacos. M\u00e1s que un solo poste de fibra, RelyX Fiber Posts de 3M ESPE","robots":{"index":"index","follow":"follow","max-snippet":"max-snippet:-1","max-image-preview":"max-image-preview:large","max-video-preview":"max-video-preview:-1"},"canonical":"https:\/\/amedis.es\/tienda\/producto\/relyx-fiber-post-reposicion\/","og_locale":"es_ES","og_type":"article","og_title":"RELYX FIBER POST REPOSICI\u00d3N | Amedis","og_description":"RelyX Fiber Posts de 3M ESPE son postes de fibra radiopacos. M\u00e1s que un solo poste de fibra, RelyX Fiber Posts de 3M ESPE","og_url":"https:\/\/amedis.es\/tienda\/producto\/relyx-fiber-post-reposicion\/","og_site_name":"Amedis","article_modified_time":"2024-07-05T17:03:25+00:00","og_image":[{"width":600,"height":600,"url":"https:\/\/amedis.es\/tienda\/wp-content\/uploads\/2023\/03\/RELYX-FIBER-POST-REPOSICION.jpg","type":"image\/jpeg"}],"twitter_card":"summary_large_image","twitter_misc":{"Tiempo de lectura":"1 minuto"},"schema":{"@context":"https:\/\/schema.org","@graph":[{"@type":"WebPage","@id":"https:\/\/amedis.es\/tienda\/producto\/relyx-fiber-post-reposicion\/","url":"https:\/\/amedis.es\/tienda\/producto\/relyx-fiber-post-reposicion\/","name":"RELYX FIBER POST REPOSICI\u00d3N | Amedis","isPartOf":{"@id":"https:\/\/amedis.es\/tienda\/#website"},"primaryImageOfPage":{"@id":"https:\/\/amedis.es\/tienda\/producto\/relyx-fiber-post-reposicion\/#primaryimage"},"image":{"@id":"https:\/\/amedis.es\/tienda\/producto\/relyx-fiber-post-reposicion\/#primaryimage"},"thumbnailUrl":"https:\/\/amedis.es\/tienda\/wp-content\/uploads\/2023\/03\/RELYX-FIBER-POST-REPOSICION.jpg","datePublished":"2023-03-31T19:12:42+00:00","dateModified":"2024-07-05T17:03:25+00:00","description":"RelyX Fiber Posts de 3M ESPE son postes de fibra radiopacos. M\u00e1s que un solo poste de fibra, RelyX Fiber Posts de 3M ESPE","breadcrumb":{"@id":"https:\/\/amedis.es\/tienda\/producto\/relyx-fiber-post-reposicion\/#breadcrumb"},"inLanguage":"es","potentialAction":[{"@type":"ReadAction","target":["https:\/\/amedis.es\/tienda\/producto\/relyx-fiber-post-reposicion\/"]}]},{"@type":"ImageObject","inLanguage":"es","@id":"https:\/\/amedis.es\/tienda\/producto\/relyx-fiber-post-reposicion\/#primaryimage","url":"https:\/\/amedis.es\/tienda\/wp-content\/uploads\/2023\/03\/RELYX-FIBER-POST-REPOSICION.jpg","contentUrl":"https:\/\/amedis.es\/tienda\/wp-content\/uploads\/2023\/03\/RELYX-FIBER-POST-REPOSICION.jpg","width":600,"height":600,"caption":"Amedis RELYX FIBER POST REPOSICI\u00d3N"},{"@type":"BreadcrumbList","@id":"https:\/\/amedis.es\/tienda\/producto\/relyx-fiber-post-reposicion\/#breadcrumb","itemListElement":[{"@type":"ListItem","position":1,"name":"Portada","item":"https:\/\/amedis.es\/tienda\/"},{"@type":"ListItem","position":2,"name":"Amedis | Suministros M\u00e9dicos y Dentales | Tienda","item":"https:\/\/amedis.es\/tienda\/suministros-medicos-y-dentales\/"},{"@type":"ListItem","position":3,"name":"RELYX FIBER POST REPOSICI\u00d3N"}]},{"@type":"WebSite","@id":"https:\/\/amedis.es\/tienda\/#website","url":"https:\/\/amedis.es\/tienda\/","name":"Amedis","description":"Suministros M\u00e9dicos y Dentales","publisher":{"@id":"https:\/\/amedis.es\/tienda\/#organization"},"potentialAction":[{"@type":"SearchAction","target":{"@type":"EntryPoint","urlTemplate":"https:\/\/amedis.es\/tienda\/?s={search_term_string}"},"query-input":{"@type":"PropertyValueSpecification","valueRequired":true,"valueName":"search_term_string"}}],"inLanguage":"es"},{"@type":"Organization","@id":"https:\/\/amedis.es\/tienda\/#organization","name":"Amedis | Suministros M\u00e9dicos y Dentales","url":"https:\/\/amedis.es\/tienda\/","logo":{"@type":"ImageObject","inLanguage":"es","@id":"https:\/\/amedis.es\/tienda\/#\/schema\/logo\/image\/","url":"https:\/\/amedis.es\/tienda\/wp-content\/uploads\/2020\/05\/logo-1.png","contentUrl":"https:\/\/amedis.es\/tienda\/wp-content\/uploads\/2020\/05\/logo-1.png","width":191,"height":80,"caption":"Amedis | Suministros M\u00e9dicos y Dentales"},"image":{"@id":"https:\/\/amedis.es\/tienda\/#\/schema\/logo\/image\/"}}]}},"brands":[{"id":2358,"name":"SOLVENTUM (3M)","slug":"solventum-3m"}],"_links":{"self":[{"href":"https:\/\/amedis.es\/tienda\/wp-json\/wp\/v2\/product\/26591","targetHints":{"allow":["GET"]}}],"collection":[{"href":"https:\/\/amedis.es\/tienda\/wp-json\/wp\/v2\/product"}],"about":[{"href":"https:\/\/amedis.es\/tienda\/wp-json\/wp\/v2\/types\/product"}],"wp:featuredmedia":[{"embeddable":true,"href":"https:\/\/amedis.es\/tienda\/wp-json\/wp\/v2\/media\/26596"}],"wp:attachment":[{"href":"https:\/\/amedis.es\/tienda\/wp-json\/wp\/v2\/media?parent=26591"}],"wp:term":[{"taxonomy":"pwb-brand","embeddable":true,"href":"https:\/\/amedis.es\/tienda\/wp-json\/wp\/v2\/pwb-brand?post=26591"},{"taxonomy":"product_brand","embeddable":true,"href":"https:\/\/amedis.es\/tienda\/wp-json\/wp\/v2\/product_brand?post=26591"},{"taxonomy":"product_cat","embeddable":true,"href":"https:\/\/amedis.es\/tienda\/wp-json\/wp\/v2\/product_cat?post=26591"},{"taxonomy":"product_tag","embeddable":true,"href":"https:\/\/amedis.es\/tienda\/wp-json\/wp\/v2\/product_tag?post=26591"}],"curies":[{"name":"wp","href":"https:\/\/api.w.org\/{rel}","templated":true}]}}