{"id":26547,"date":"2023-03-29T20:11:24","date_gmt":"2023-03-29T20:11:24","guid":{"rendered":"https:\/\/amedis.es\/tienda\/?post_type=product&#038;p=26547"},"modified":"2025-04-07T16:50:22","modified_gmt":"2025-04-07T16:50:22","slug":"generador-de-ultrasonidos-multipiezo-touch-easy-2","status":"publish","type":"product","link":"https:\/\/amedis.es\/tienda\/producto\/generador-de-ultrasonidos-multipiezo-touch-easy-2\/","title":{"rendered":"GENERADOR DE ULTRASONIDOS MULTIPIEZO TOUCH"},"content":{"rendered":"<p>Generador de ultrasonidos multipiezo touch. El panel t\u00e1ctil ergon\u00f3mico del nuevo multipiezo touch permite al usuario controlar todas las funciones de una manera r\u00e1pida e intuitiva. Este dispositivo presenta una superficie t\u00e1ctil lisa que puede limpiarse y desinfectarse f\u00e1cilmente. Gracias al innovador SOFT MODE, el multipiezo touch tambi\u00e9n establece nuevos est\u00e1ndares en el control de inserci\u00f3n y en la gesti\u00f3n del dolor del paciente. Equipo especialmente dise\u00f1ado para profilaxis y periodoncia.<\/p>\n","protected":false},"excerpt":{"rendered":"<p>CONTENIDO: 1 Multipiezo Touch + 1 Pieza de mano led SLIM + 2 Insertos: S1S y P3 + 2 botellas, 500 ml. + 2 tapas de botella de seguridad.<\/p>\n","protected":false},"featured_media":20866,"template":"","meta":[],"pwb-brand":[2424],"product_brand":[],"product_cat":[283,498,1590],"product_tag":[],"class_list":{"0":"post-26547","1":"product","2":"type-product","3":"status-publish","4":"has-post-thumbnail","6":"pwb-brand-mectron","7":"product_cat-equipamiento","8":"product_cat-profilaxis","9":"product_cat-scalers-por-ultrasonidos-con-luz","11":"first","12":"instock","13":"sale","14":"taxable","15":"shipping-taxable","16":"purchasable","17":"product-type-simple"},"yoast_head":"<!-- This site is optimized with the Yoast SEO plugin v27.4 - https:\/\/yoast.com\/product\/yoast-seo-wordpress\/ -->\n<title>GENERADOR DE ULTRASONIDOS MULTIPIEZO TOUCH | Amedis<\/title>\n<meta name=\"description\" content=\"Generador de ultrasonidos multipiezo touch. El panel t\u00e1ctil ergon\u00f3mico del nuevo multipiezo touch permite al usuario controlar todas las funciones de una manera r\u00e1pida e intuitiva.\" \/>\n<meta name=\"robots\" content=\"index, follow, max-snippet:-1, max-image-preview:large, max-video-preview:-1\" \/>\n<link rel=\"canonical\" href=\"https:\/\/amedis.es\/tienda\/?product=generador-de-ultrasonidos-multipiezo-touch-easy-2\" \/>\n<meta property=\"og:locale\" content=\"es_ES\" \/>\n<meta property=\"og:type\" content=\"article\" \/>\n<meta property=\"og:title\" content=\"GENERADOR DE ULTRASONIDOS MULTIPIEZO TOUCH | Amedis\" \/>\n<meta property=\"og:description\" content=\"Generador de ultrasonidos multipiezo touch. El panel t\u00e1ctil ergon\u00f3mico del nuevo multipiezo touch permite al usuario controlar todas las funciones de una manera r\u00e1pida e intuitiva.\" \/>\n<meta property=\"og:url\" content=\"https:\/\/amedis.es\/tienda\/?product=generador-de-ultrasonidos-multipiezo-touch-easy-2\" \/>\n<meta property=\"og:site_name\" content=\"Amedis\" \/>\n<meta property=\"article:modified_time\" content=\"2025-04-07T16:50:22+00:00\" \/>\n<meta property=\"og:image\" content=\"https:\/\/amedis.es\/tienda\/wp-content\/uploads\/2022\/05\/GENERADOR-DE-ULTRASONIDOS-MULTIPIEZO-TOUCH-EASY.jpg\" \/>\n\t<meta property=\"og:image:width\" content=\"600\" \/>\n\t<meta property=\"og:image:height\" content=\"600\" \/>\n\t<meta property=\"og:image:type\" content=\"image\/jpeg\" \/>\n<meta name=\"twitter:card\" content=\"summary_large_image\" \/>\n<meta name=\"twitter:label1\" content=\"Tiempo de lectura\" \/>\n\t<meta name=\"twitter:data1\" content=\"1 minuto\" \/>\n<script type=\"application\/ld+json\" class=\"yoast-schema-graph\">{\"@context\":\"https:\\\/\\\/schema.org\",\"@graph\":[{\"@type\":\"WebPage\",\"@id\":\"https:\\\/\\\/amedis.es\\\/tienda\\\/?product=generador-de-ultrasonidos-multipiezo-touch-easy-2\",\"url\":\"https:\\\/\\\/amedis.es\\\/tienda\\\/?product=generador-de-ultrasonidos-multipiezo-touch-easy-2\",\"name\":\"GENERADOR DE ULTRASONIDOS MULTIPIEZO TOUCH | Amedis\",\"isPartOf\":{\"@id\":\"https:\\\/\\\/amedis.es\\\/tienda\\\/#website\"},\"primaryImageOfPage\":{\"@id\":\"https:\\\/\\\/amedis.es\\\/tienda\\\/?product=generador-de-ultrasonidos-multipiezo-touch-easy-2#primaryimage\"},\"image\":{\"@id\":\"https:\\\/\\\/amedis.es\\\/tienda\\\/?product=generador-de-ultrasonidos-multipiezo-touch-easy-2#primaryimage\"},\"thumbnailUrl\":\"https:\\\/\\\/amedis.es\\\/tienda\\\/wp-content\\\/uploads\\\/2022\\\/05\\\/GENERADOR-DE-ULTRASONIDOS-MULTIPIEZO-TOUCH-EASY.jpg\",\"datePublished\":\"2023-03-29T20:11:24+00:00\",\"dateModified\":\"2025-04-07T16:50:22+00:00\",\"description\":\"Generador de ultrasonidos multipiezo touch. El panel t\u00e1ctil ergon\u00f3mico del nuevo multipiezo touch permite al usuario controlar todas las funciones de una manera r\u00e1pida e intuitiva.\",\"breadcrumb\":{\"@id\":\"https:\\\/\\\/amedis.es\\\/tienda\\\/?product=generador-de-ultrasonidos-multipiezo-touch-easy-2#breadcrumb\"},\"inLanguage\":\"es\",\"potentialAction\":[{\"@type\":\"ReadAction\",\"target\":[\"https:\\\/\\\/amedis.es\\\/tienda\\\/?product=generador-de-ultrasonidos-multipiezo-touch-easy-2\"]}]},{\"@type\":\"ImageObject\",\"inLanguage\":\"es\",\"@id\":\"https:\\\/\\\/amedis.es\\\/tienda\\\/?product=generador-de-ultrasonidos-multipiezo-touch-easy-2#primaryimage\",\"url\":\"https:\\\/\\\/amedis.es\\\/tienda\\\/wp-content\\\/uploads\\\/2022\\\/05\\\/GENERADOR-DE-ULTRASONIDOS-MULTIPIEZO-TOUCH-EASY.jpg\",\"contentUrl\":\"https:\\\/\\\/amedis.es\\\/tienda\\\/wp-content\\\/uploads\\\/2022\\\/05\\\/GENERADOR-DE-ULTRASONIDOS-MULTIPIEZO-TOUCH-EASY.jpg\",\"width\":600,\"height\":600,\"caption\":\"Amedis GENERADOR DE ULTRASONIDOS MULTIPIEZO TOUCH EASY\"},{\"@type\":\"BreadcrumbList\",\"@id\":\"https:\\\/\\\/amedis.es\\\/tienda\\\/?product=generador-de-ultrasonidos-multipiezo-touch-easy-2#breadcrumb\",\"itemListElement\":[{\"@type\":\"ListItem\",\"position\":1,\"name\":\"Portada\",\"item\":\"https:\\\/\\\/amedis.es\\\/tienda\\\/\"},{\"@type\":\"ListItem\",\"position\":2,\"name\":\"Amedis | Suministros M\u00e9dicos y Dentales | Tienda\",\"item\":\"https:\\\/\\\/amedis.es\\\/tienda\\\/suministros-medicos-y-dentales\\\/\"},{\"@type\":\"ListItem\",\"position\":3,\"name\":\"GENERADOR DE ULTRASONIDOS MULTIPIEZO TOUCH\"}]},{\"@type\":\"WebSite\",\"@id\":\"https:\\\/\\\/amedis.es\\\/tienda\\\/#website\",\"url\":\"https:\\\/\\\/amedis.es\\\/tienda\\\/\",\"name\":\"Amedis\",\"description\":\"Suministros M\u00e9dicos y Dentales\",\"publisher\":{\"@id\":\"https:\\\/\\\/amedis.es\\\/tienda\\\/#organization\"},\"potentialAction\":[{\"@type\":\"SearchAction\",\"target\":{\"@type\":\"EntryPoint\",\"urlTemplate\":\"https:\\\/\\\/amedis.es\\\/tienda\\\/?s={search_term_string}\"},\"query-input\":{\"@type\":\"PropertyValueSpecification\",\"valueRequired\":true,\"valueName\":\"search_term_string\"}}],\"inLanguage\":\"es\"},{\"@type\":\"Organization\",\"@id\":\"https:\\\/\\\/amedis.es\\\/tienda\\\/#organization\",\"name\":\"Amedis | Suministros M\u00e9dicos y Dentales\",\"url\":\"https:\\\/\\\/amedis.es\\\/tienda\\\/\",\"logo\":{\"@type\":\"ImageObject\",\"inLanguage\":\"es\",\"@id\":\"https:\\\/\\\/amedis.es\\\/tienda\\\/#\\\/schema\\\/logo\\\/image\\\/\",\"url\":\"https:\\\/\\\/amedis.es\\\/tienda\\\/wp-content\\\/uploads\\\/2020\\\/05\\\/logo-1.png\",\"contentUrl\":\"https:\\\/\\\/amedis.es\\\/tienda\\\/wp-content\\\/uploads\\\/2020\\\/05\\\/logo-1.png\",\"width\":191,\"height\":80,\"caption\":\"Amedis | Suministros M\u00e9dicos y Dentales\"},\"image\":{\"@id\":\"https:\\\/\\\/amedis.es\\\/tienda\\\/#\\\/schema\\\/logo\\\/image\\\/\"}}]}<\/script>\n<!-- \/ Yoast SEO plugin. -->","yoast_head_json":{"title":"GENERADOR DE ULTRASONIDOS MULTIPIEZO TOUCH | Amedis","description":"Generador de ultrasonidos multipiezo touch. El panel t\u00e1ctil ergon\u00f3mico del nuevo multipiezo touch permite al usuario controlar todas las funciones de una manera r\u00e1pida e intuitiva.","robots":{"index":"index","follow":"follow","max-snippet":"max-snippet:-1","max-image-preview":"max-image-preview:large","max-video-preview":"max-video-preview:-1"},"canonical":"https:\/\/amedis.es\/tienda\/?product=generador-de-ultrasonidos-multipiezo-touch-easy-2","og_locale":"es_ES","og_type":"article","og_title":"GENERADOR DE ULTRASONIDOS MULTIPIEZO TOUCH | Amedis","og_description":"Generador de ultrasonidos multipiezo touch. El panel t\u00e1ctil ergon\u00f3mico del nuevo multipiezo touch permite al usuario controlar todas las funciones de una manera r\u00e1pida e intuitiva.","og_url":"https:\/\/amedis.es\/tienda\/?product=generador-de-ultrasonidos-multipiezo-touch-easy-2","og_site_name":"Amedis","article_modified_time":"2025-04-07T16:50:22+00:00","og_image":[{"width":600,"height":600,"url":"https:\/\/amedis.es\/tienda\/wp-content\/uploads\/2022\/05\/GENERADOR-DE-ULTRASONIDOS-MULTIPIEZO-TOUCH-EASY.jpg","type":"image\/jpeg"}],"twitter_card":"summary_large_image","twitter_misc":{"Tiempo de lectura":"1 minuto"},"schema":{"@context":"https:\/\/schema.org","@graph":[{"@type":"WebPage","@id":"https:\/\/amedis.es\/tienda\/?product=generador-de-ultrasonidos-multipiezo-touch-easy-2","url":"https:\/\/amedis.es\/tienda\/?product=generador-de-ultrasonidos-multipiezo-touch-easy-2","name":"GENERADOR DE ULTRASONIDOS MULTIPIEZO TOUCH | Amedis","isPartOf":{"@id":"https:\/\/amedis.es\/tienda\/#website"},"primaryImageOfPage":{"@id":"https:\/\/amedis.es\/tienda\/?product=generador-de-ultrasonidos-multipiezo-touch-easy-2#primaryimage"},"image":{"@id":"https:\/\/amedis.es\/tienda\/?product=generador-de-ultrasonidos-multipiezo-touch-easy-2#primaryimage"},"thumbnailUrl":"https:\/\/amedis.es\/tienda\/wp-content\/uploads\/2022\/05\/GENERADOR-DE-ULTRASONIDOS-MULTIPIEZO-TOUCH-EASY.jpg","datePublished":"2023-03-29T20:11:24+00:00","dateModified":"2025-04-07T16:50:22+00:00","description":"Generador de ultrasonidos multipiezo touch. El panel t\u00e1ctil ergon\u00f3mico del nuevo multipiezo touch permite al usuario controlar todas las funciones de una manera r\u00e1pida e intuitiva.","breadcrumb":{"@id":"https:\/\/amedis.es\/tienda\/?product=generador-de-ultrasonidos-multipiezo-touch-easy-2#breadcrumb"},"inLanguage":"es","potentialAction":[{"@type":"ReadAction","target":["https:\/\/amedis.es\/tienda\/?product=generador-de-ultrasonidos-multipiezo-touch-easy-2"]}]},{"@type":"ImageObject","inLanguage":"es","@id":"https:\/\/amedis.es\/tienda\/?product=generador-de-ultrasonidos-multipiezo-touch-easy-2#primaryimage","url":"https:\/\/amedis.es\/tienda\/wp-content\/uploads\/2022\/05\/GENERADOR-DE-ULTRASONIDOS-MULTIPIEZO-TOUCH-EASY.jpg","contentUrl":"https:\/\/amedis.es\/tienda\/wp-content\/uploads\/2022\/05\/GENERADOR-DE-ULTRASONIDOS-MULTIPIEZO-TOUCH-EASY.jpg","width":600,"height":600,"caption":"Amedis GENERADOR DE ULTRASONIDOS MULTIPIEZO TOUCH EASY"},{"@type":"BreadcrumbList","@id":"https:\/\/amedis.es\/tienda\/?product=generador-de-ultrasonidos-multipiezo-touch-easy-2#breadcrumb","itemListElement":[{"@type":"ListItem","position":1,"name":"Portada","item":"https:\/\/amedis.es\/tienda\/"},{"@type":"ListItem","position":2,"name":"Amedis | Suministros M\u00e9dicos y Dentales | Tienda","item":"https:\/\/amedis.es\/tienda\/suministros-medicos-y-dentales\/"},{"@type":"ListItem","position":3,"name":"GENERADOR DE ULTRASONIDOS MULTIPIEZO TOUCH"}]},{"@type":"WebSite","@id":"https:\/\/amedis.es\/tienda\/#website","url":"https:\/\/amedis.es\/tienda\/","name":"Amedis","description":"Suministros M\u00e9dicos y Dentales","publisher":{"@id":"https:\/\/amedis.es\/tienda\/#organization"},"potentialAction":[{"@type":"SearchAction","target":{"@type":"EntryPoint","urlTemplate":"https:\/\/amedis.es\/tienda\/?s={search_term_string}"},"query-input":{"@type":"PropertyValueSpecification","valueRequired":true,"valueName":"search_term_string"}}],"inLanguage":"es"},{"@type":"Organization","@id":"https:\/\/amedis.es\/tienda\/#organization","name":"Amedis | Suministros M\u00e9dicos y Dentales","url":"https:\/\/amedis.es\/tienda\/","logo":{"@type":"ImageObject","inLanguage":"es","@id":"https:\/\/amedis.es\/tienda\/#\/schema\/logo\/image\/","url":"https:\/\/amedis.es\/tienda\/wp-content\/uploads\/2020\/05\/logo-1.png","contentUrl":"https:\/\/amedis.es\/tienda\/wp-content\/uploads\/2020\/05\/logo-1.png","width":191,"height":80,"caption":"Amedis | Suministros M\u00e9dicos y Dentales"},"image":{"@id":"https:\/\/amedis.es\/tienda\/#\/schema\/logo\/image\/"}}]}},"brands":[{"id":2424,"name":"MECTRON","slug":"mectron"}],"_links":{"self":[{"href":"https:\/\/amedis.es\/tienda\/wp-json\/wp\/v2\/product\/26547","targetHints":{"allow":["GET"]}}],"collection":[{"href":"https:\/\/amedis.es\/tienda\/wp-json\/wp\/v2\/product"}],"about":[{"href":"https:\/\/amedis.es\/tienda\/wp-json\/wp\/v2\/types\/product"}],"wp:featuredmedia":[{"embeddable":true,"href":"https:\/\/amedis.es\/tienda\/wp-json\/wp\/v2\/media\/20866"}],"wp:attachment":[{"href":"https:\/\/amedis.es\/tienda\/wp-json\/wp\/v2\/media?parent=26547"}],"wp:term":[{"taxonomy":"pwb-brand","embeddable":true,"href":"https:\/\/amedis.es\/tienda\/wp-json\/wp\/v2\/pwb-brand?post=26547"},{"taxonomy":"product_brand","embeddable":true,"href":"https:\/\/amedis.es\/tienda\/wp-json\/wp\/v2\/product_brand?post=26547"},{"taxonomy":"product_cat","embeddable":true,"href":"https:\/\/amedis.es\/tienda\/wp-json\/wp\/v2\/product_cat?post=26547"},{"taxonomy":"product_tag","embeddable":true,"href":"https:\/\/amedis.es\/tienda\/wp-json\/wp\/v2\/product_tag?post=26547"}],"curies":[{"name":"wp","href":"https:\/\/api.w.org\/{rel}","templated":true}]}}