{"id":26492,"date":"2023-03-26T20:08:10","date_gmt":"2023-03-26T20:08:10","guid":{"rendered":"https:\/\/amedis.es\/tienda\/?post_type=product&#038;p=26492"},"modified":"2026-03-16T19:15:54","modified_gmt":"2026-03-16T19:15:54","slug":"duotemp-pack-5-jeringas","status":"publish","type":"product","link":"https:\/\/amedis.es\/tienda\/producto\/duotemp-pack-5-jeringas\/","title":{"rendered":"DUOTEMP PACK 5 JERINGAS"},"content":{"rendered":"<p>Duotemp es un material de obturaci\u00f3n temporal de doble polimerizaci\u00f3n. Se trata de un material blanco sin eugenol, radiopaco y formulado a base de \u00f3xido de zinc y sulfato de zinc para una protecci\u00f3n \u00f3ptima de la infiltraci\u00f3n de bacterias.<\/p>\n","protected":false},"excerpt":{"rendered":"<p>CONTENIDO: 5 jeringas de 5 gr.<\/p>\n","protected":false},"featured_media":26493,"template":"","meta":[],"pwb-brand":[2350],"product_brand":[],"product_cat":[56,58],"product_tag":[],"class_list":{"0":"post-26492","1":"product","2":"type-product","3":"status-publish","4":"has-post-thumbnail","6":"pwb-brand-coltene","7":"product_cat-cementos","8":"product_cat-cementos-de-obturacion-provisional","10":"first","11":"instock","12":"sale","13":"taxable","14":"shipping-taxable","15":"purchasable","16":"product-type-simple"},"yoast_head":"<!-- This site is optimized with the Yoast SEO plugin v27.3 - https:\/\/yoast.com\/product\/yoast-seo-wordpress\/ -->\n<title>DUOTEMP PACK 5 JERINGAS | Amedis<\/title>\n<meta name=\"description\" content=\"Duotemp es un material de obturaci\u00f3n temporal de doble polimerizaci\u00f3n. Se trata de un material blanco sin eugenol.\" \/>\n<meta name=\"robots\" content=\"index, follow, max-snippet:-1, max-image-preview:large, max-video-preview:-1\" \/>\n<link rel=\"canonical\" href=\"https:\/\/amedis.es\/tienda\/producto\/duotemp-pack-5-jeringas\/\" \/>\n<meta property=\"og:locale\" content=\"es_ES\" \/>\n<meta property=\"og:type\" content=\"article\" \/>\n<meta property=\"og:title\" content=\"DUOTEMP PACK 5 JERINGAS | Amedis\" \/>\n<meta property=\"og:description\" content=\"Duotemp es un material de obturaci\u00f3n temporal de doble polimerizaci\u00f3n. Se trata de un material blanco sin eugenol.\" \/>\n<meta property=\"og:url\" content=\"https:\/\/amedis.es\/tienda\/producto\/duotemp-pack-5-jeringas\/\" \/>\n<meta property=\"og:site_name\" content=\"Amedis\" \/>\n<meta property=\"article:modified_time\" content=\"2026-03-16T19:15:54+00:00\" \/>\n<meta property=\"og:image\" content=\"https:\/\/amedis.es\/tienda\/wp-content\/uploads\/2023\/03\/COLTENE-DUOTEMP-jer-5x5-g.jpg\" \/>\n\t<meta property=\"og:image:width\" content=\"600\" \/>\n\t<meta property=\"og:image:height\" content=\"500\" \/>\n\t<meta property=\"og:image:type\" content=\"image\/jpeg\" \/>\n<meta name=\"twitter:card\" content=\"summary_large_image\" \/>\n<meta name=\"twitter:label1\" content=\"Tiempo de lectura\" \/>\n\t<meta name=\"twitter:data1\" content=\"1 minuto\" \/>\n<script type=\"application\/ld+json\" class=\"yoast-schema-graph\">{\"@context\":\"https:\\\/\\\/schema.org\",\"@graph\":[{\"@type\":\"WebPage\",\"@id\":\"https:\\\/\\\/amedis.es\\\/tienda\\\/producto\\\/duotemp-pack-5-jeringas\\\/\",\"url\":\"https:\\\/\\\/amedis.es\\\/tienda\\\/producto\\\/duotemp-pack-5-jeringas\\\/\",\"name\":\"DUOTEMP PACK 5 JERINGAS | Amedis\",\"isPartOf\":{\"@id\":\"https:\\\/\\\/amedis.es\\\/tienda\\\/#website\"},\"primaryImageOfPage\":{\"@id\":\"https:\\\/\\\/amedis.es\\\/tienda\\\/producto\\\/duotemp-pack-5-jeringas\\\/#primaryimage\"},\"image\":{\"@id\":\"https:\\\/\\\/amedis.es\\\/tienda\\\/producto\\\/duotemp-pack-5-jeringas\\\/#primaryimage\"},\"thumbnailUrl\":\"https:\\\/\\\/amedis.es\\\/tienda\\\/wp-content\\\/uploads\\\/2023\\\/03\\\/COLTENE-DUOTEMP-jer-5x5-g.jpg\",\"datePublished\":\"2023-03-26T20:08:10+00:00\",\"dateModified\":\"2026-03-16T19:15:54+00:00\",\"description\":\"Duotemp es un material de obturaci\u00f3n temporal de doble polimerizaci\u00f3n. Se trata de un material blanco sin eugenol.\",\"breadcrumb\":{\"@id\":\"https:\\\/\\\/amedis.es\\\/tienda\\\/producto\\\/duotemp-pack-5-jeringas\\\/#breadcrumb\"},\"inLanguage\":\"es\",\"potentialAction\":[{\"@type\":\"ReadAction\",\"target\":[\"https:\\\/\\\/amedis.es\\\/tienda\\\/producto\\\/duotemp-pack-5-jeringas\\\/\"]}]},{\"@type\":\"ImageObject\",\"inLanguage\":\"es\",\"@id\":\"https:\\\/\\\/amedis.es\\\/tienda\\\/producto\\\/duotemp-pack-5-jeringas\\\/#primaryimage\",\"url\":\"https:\\\/\\\/amedis.es\\\/tienda\\\/wp-content\\\/uploads\\\/2023\\\/03\\\/COLTENE-DUOTEMP-jer-5x5-g.jpg\",\"contentUrl\":\"https:\\\/\\\/amedis.es\\\/tienda\\\/wp-content\\\/uploads\\\/2023\\\/03\\\/COLTENE-DUOTEMP-jer-5x5-g.jpg\",\"width\":600,\"height\":500,\"caption\":\"Amedis COLTENE DUOTEMP jer (5x5 g)\"},{\"@type\":\"BreadcrumbList\",\"@id\":\"https:\\\/\\\/amedis.es\\\/tienda\\\/producto\\\/duotemp-pack-5-jeringas\\\/#breadcrumb\",\"itemListElement\":[{\"@type\":\"ListItem\",\"position\":1,\"name\":\"Portada\",\"item\":\"https:\\\/\\\/amedis.es\\\/tienda\\\/\"},{\"@type\":\"ListItem\",\"position\":2,\"name\":\"Amedis | Suministros M\u00e9dicos y Dentales | Tienda\",\"item\":\"https:\\\/\\\/amedis.es\\\/tienda\\\/suministros-medicos-y-dentales\\\/\"},{\"@type\":\"ListItem\",\"position\":3,\"name\":\"DUOTEMP PACK 5 JERINGAS\"}]},{\"@type\":\"WebSite\",\"@id\":\"https:\\\/\\\/amedis.es\\\/tienda\\\/#website\",\"url\":\"https:\\\/\\\/amedis.es\\\/tienda\\\/\",\"name\":\"Amedis\",\"description\":\"Suministros M\u00e9dicos y Dentales\",\"publisher\":{\"@id\":\"https:\\\/\\\/amedis.es\\\/tienda\\\/#organization\"},\"potentialAction\":[{\"@type\":\"SearchAction\",\"target\":{\"@type\":\"EntryPoint\",\"urlTemplate\":\"https:\\\/\\\/amedis.es\\\/tienda\\\/?s={search_term_string}\"},\"query-input\":{\"@type\":\"PropertyValueSpecification\",\"valueRequired\":true,\"valueName\":\"search_term_string\"}}],\"inLanguage\":\"es\"},{\"@type\":\"Organization\",\"@id\":\"https:\\\/\\\/amedis.es\\\/tienda\\\/#organization\",\"name\":\"Amedis | Suministros M\u00e9dicos y Dentales\",\"url\":\"https:\\\/\\\/amedis.es\\\/tienda\\\/\",\"logo\":{\"@type\":\"ImageObject\",\"inLanguage\":\"es\",\"@id\":\"https:\\\/\\\/amedis.es\\\/tienda\\\/#\\\/schema\\\/logo\\\/image\\\/\",\"url\":\"https:\\\/\\\/amedis.es\\\/tienda\\\/wp-content\\\/uploads\\\/2020\\\/05\\\/logo-1.png\",\"contentUrl\":\"https:\\\/\\\/amedis.es\\\/tienda\\\/wp-content\\\/uploads\\\/2020\\\/05\\\/logo-1.png\",\"width\":191,\"height\":80,\"caption\":\"Amedis | Suministros M\u00e9dicos y Dentales\"},\"image\":{\"@id\":\"https:\\\/\\\/amedis.es\\\/tienda\\\/#\\\/schema\\\/logo\\\/image\\\/\"}}]}<\/script>\n<!-- \/ Yoast SEO plugin. -->","yoast_head_json":{"title":"DUOTEMP PACK 5 JERINGAS | Amedis","description":"Duotemp es un material de obturaci\u00f3n temporal de doble polimerizaci\u00f3n. Se trata de un material blanco sin eugenol.","robots":{"index":"index","follow":"follow","max-snippet":"max-snippet:-1","max-image-preview":"max-image-preview:large","max-video-preview":"max-video-preview:-1"},"canonical":"https:\/\/amedis.es\/tienda\/producto\/duotemp-pack-5-jeringas\/","og_locale":"es_ES","og_type":"article","og_title":"DUOTEMP PACK 5 JERINGAS | Amedis","og_description":"Duotemp es un material de obturaci\u00f3n temporal de doble polimerizaci\u00f3n. Se trata de un material blanco sin eugenol.","og_url":"https:\/\/amedis.es\/tienda\/producto\/duotemp-pack-5-jeringas\/","og_site_name":"Amedis","article_modified_time":"2026-03-16T19:15:54+00:00","og_image":[{"width":600,"height":500,"url":"https:\/\/amedis.es\/tienda\/wp-content\/uploads\/2023\/03\/COLTENE-DUOTEMP-jer-5x5-g.jpg","type":"image\/jpeg"}],"twitter_card":"summary_large_image","twitter_misc":{"Tiempo de lectura":"1 minuto"},"schema":{"@context":"https:\/\/schema.org","@graph":[{"@type":"WebPage","@id":"https:\/\/amedis.es\/tienda\/producto\/duotemp-pack-5-jeringas\/","url":"https:\/\/amedis.es\/tienda\/producto\/duotemp-pack-5-jeringas\/","name":"DUOTEMP PACK 5 JERINGAS | Amedis","isPartOf":{"@id":"https:\/\/amedis.es\/tienda\/#website"},"primaryImageOfPage":{"@id":"https:\/\/amedis.es\/tienda\/producto\/duotemp-pack-5-jeringas\/#primaryimage"},"image":{"@id":"https:\/\/amedis.es\/tienda\/producto\/duotemp-pack-5-jeringas\/#primaryimage"},"thumbnailUrl":"https:\/\/amedis.es\/tienda\/wp-content\/uploads\/2023\/03\/COLTENE-DUOTEMP-jer-5x5-g.jpg","datePublished":"2023-03-26T20:08:10+00:00","dateModified":"2026-03-16T19:15:54+00:00","description":"Duotemp es un material de obturaci\u00f3n temporal de doble polimerizaci\u00f3n. Se trata de un material blanco sin eugenol.","breadcrumb":{"@id":"https:\/\/amedis.es\/tienda\/producto\/duotemp-pack-5-jeringas\/#breadcrumb"},"inLanguage":"es","potentialAction":[{"@type":"ReadAction","target":["https:\/\/amedis.es\/tienda\/producto\/duotemp-pack-5-jeringas\/"]}]},{"@type":"ImageObject","inLanguage":"es","@id":"https:\/\/amedis.es\/tienda\/producto\/duotemp-pack-5-jeringas\/#primaryimage","url":"https:\/\/amedis.es\/tienda\/wp-content\/uploads\/2023\/03\/COLTENE-DUOTEMP-jer-5x5-g.jpg","contentUrl":"https:\/\/amedis.es\/tienda\/wp-content\/uploads\/2023\/03\/COLTENE-DUOTEMP-jer-5x5-g.jpg","width":600,"height":500,"caption":"Amedis COLTENE DUOTEMP jer (5x5 g)"},{"@type":"BreadcrumbList","@id":"https:\/\/amedis.es\/tienda\/producto\/duotemp-pack-5-jeringas\/#breadcrumb","itemListElement":[{"@type":"ListItem","position":1,"name":"Portada","item":"https:\/\/amedis.es\/tienda\/"},{"@type":"ListItem","position":2,"name":"Amedis | Suministros M\u00e9dicos y Dentales | Tienda","item":"https:\/\/amedis.es\/tienda\/suministros-medicos-y-dentales\/"},{"@type":"ListItem","position":3,"name":"DUOTEMP PACK 5 JERINGAS"}]},{"@type":"WebSite","@id":"https:\/\/amedis.es\/tienda\/#website","url":"https:\/\/amedis.es\/tienda\/","name":"Amedis","description":"Suministros M\u00e9dicos y Dentales","publisher":{"@id":"https:\/\/amedis.es\/tienda\/#organization"},"potentialAction":[{"@type":"SearchAction","target":{"@type":"EntryPoint","urlTemplate":"https:\/\/amedis.es\/tienda\/?s={search_term_string}"},"query-input":{"@type":"PropertyValueSpecification","valueRequired":true,"valueName":"search_term_string"}}],"inLanguage":"es"},{"@type":"Organization","@id":"https:\/\/amedis.es\/tienda\/#organization","name":"Amedis | Suministros M\u00e9dicos y Dentales","url":"https:\/\/amedis.es\/tienda\/","logo":{"@type":"ImageObject","inLanguage":"es","@id":"https:\/\/amedis.es\/tienda\/#\/schema\/logo\/image\/","url":"https:\/\/amedis.es\/tienda\/wp-content\/uploads\/2020\/05\/logo-1.png","contentUrl":"https:\/\/amedis.es\/tienda\/wp-content\/uploads\/2020\/05\/logo-1.png","width":191,"height":80,"caption":"Amedis | Suministros M\u00e9dicos y Dentales"},"image":{"@id":"https:\/\/amedis.es\/tienda\/#\/schema\/logo\/image\/"}}]}},"brands":[{"id":2350,"name":"COLTENE","slug":"coltene"}],"_links":{"self":[{"href":"https:\/\/amedis.es\/tienda\/wp-json\/wp\/v2\/product\/26492","targetHints":{"allow":["GET"]}}],"collection":[{"href":"https:\/\/amedis.es\/tienda\/wp-json\/wp\/v2\/product"}],"about":[{"href":"https:\/\/amedis.es\/tienda\/wp-json\/wp\/v2\/types\/product"}],"wp:featuredmedia":[{"embeddable":true,"href":"https:\/\/amedis.es\/tienda\/wp-json\/wp\/v2\/media\/26493"}],"wp:attachment":[{"href":"https:\/\/amedis.es\/tienda\/wp-json\/wp\/v2\/media?parent=26492"}],"wp:term":[{"taxonomy":"pwb-brand","embeddable":true,"href":"https:\/\/amedis.es\/tienda\/wp-json\/wp\/v2\/pwb-brand?post=26492"},{"taxonomy":"product_brand","embeddable":true,"href":"https:\/\/amedis.es\/tienda\/wp-json\/wp\/v2\/product_brand?post=26492"},{"taxonomy":"product_cat","embeddable":true,"href":"https:\/\/amedis.es\/tienda\/wp-json\/wp\/v2\/product_cat?post=26492"},{"taxonomy":"product_tag","embeddable":true,"href":"https:\/\/amedis.es\/tienda\/wp-json\/wp\/v2\/product_tag?post=26492"}],"curies":[{"name":"wp","href":"https:\/\/api.w.org\/{rel}","templated":true}]}}