{"id":25914,"date":"2023-03-05T18:10:18","date_gmt":"2023-03-05T18:10:18","guid":{"rendered":"https:\/\/amedis.es\/tienda\/?post_type=product&#038;p=25914"},"modified":"2024-09-17T18:47:27","modified_gmt":"2024-09-17T18:47:27","slug":"affinis-360-heavy-body-reposicion","status":"publish","type":"product","link":"https:\/\/amedis.es\/tienda\/producto\/affinis-360-heavy-body-reposicion\/","title":{"rendered":"AFFINIS 360 HEAVY BODY REPOSICI\u00d3N"},"content":{"rendered":"<p>Affinis 360 heavy body reposici\u00f3n. Es una silicona del tipo A pero difiere en algunas caracter\u00edsticas del resto de materiales de impresi\u00f3n con superficie activada. Perfecta afinidad a la superficie: El elemento que diferencia a AFFINIS del resto de materiales es su r\u00e1pida y \u00fanica afinidad con la estructura h\u00fameda del diente y el tejido gingival. Fluye como un hidrocoloide. AFFINIS se extiende por todas las \u00e1reas alcanzando hasta las zonas m\u00e1s cr\u00edticas sin tener que ejercer ning\u00fan tipo de presi\u00f3n con el material de cubeta.<\/p>\n","protected":false},"excerpt":{"rendered":"<p>CONTENIDO: 2 cartuchos de 380 ml.<\/p>\n","protected":false},"featured_media":25915,"template":"","meta":[],"pwb-brand":[2350],"product_brand":[],"product_cat":[27,176,182],"product_tag":[],"class_list":{"0":"post-25914","1":"product","2":"type-product","3":"status-publish","4":"has-post-thumbnail","6":"pwb-brand-coltene","7":"product_cat-clinica","8":"product_cat-impresion","9":"product_cat-silicona-de-adiccion-para-mezcladoras-automaticas","11":"first","12":"instock","13":"sale","14":"taxable","15":"shipping-taxable","16":"purchasable","17":"product-type-simple"},"yoast_head":"<!-- This site is optimized with the Yoast SEO plugin v27.3 - https:\/\/yoast.com\/product\/yoast-seo-wordpress\/ -->\n<title>AFFINIS 360 HEAVY BODY REPOSICI\u00d3N | Amedis<\/title>\n<meta name=\"description\" content=\"Affinis 360 heavy body reposici\u00f3n. Es una silicona del tipo A pero difiere en algunas caracter\u00edsticas del resto de materiales de impresi\u00f3n\" \/>\n<meta name=\"robots\" content=\"index, follow, max-snippet:-1, max-image-preview:large, max-video-preview:-1\" \/>\n<link rel=\"canonical\" href=\"https:\/\/amedis.es\/tienda\/?product=affinis-360-heavy-body-reposicion\" \/>\n<meta property=\"og:locale\" content=\"es_ES\" \/>\n<meta property=\"og:type\" content=\"article\" \/>\n<meta property=\"og:title\" content=\"AFFINIS 360 HEAVY BODY REPOSICI\u00d3N | Amedis\" \/>\n<meta property=\"og:description\" content=\"Affinis 360 heavy body reposici\u00f3n. Es una silicona del tipo A pero difiere en algunas caracter\u00edsticas del resto de materiales de impresi\u00f3n\" \/>\n<meta property=\"og:url\" content=\"https:\/\/amedis.es\/tienda\/?product=affinis-360-heavy-body-reposicion\" \/>\n<meta property=\"og:site_name\" content=\"Amedis\" \/>\n<meta property=\"article:modified_time\" content=\"2024-09-17T18:47:27+00:00\" \/>\n<meta property=\"og:image\" content=\"https:\/\/amedis.es\/tienda\/wp-content\/uploads\/2023\/03\/AFFINIS-360-HEAVY-BODY-REPOSICION.jpg\" \/>\n\t<meta property=\"og:image:width\" content=\"600\" \/>\n\t<meta property=\"og:image:height\" content=\"600\" \/>\n\t<meta property=\"og:image:type\" content=\"image\/jpeg\" \/>\n<meta name=\"twitter:card\" content=\"summary_large_image\" \/>\n<meta name=\"twitter:label1\" content=\"Tiempo de lectura\" \/>\n\t<meta name=\"twitter:data1\" content=\"1 minuto\" \/>\n<script type=\"application\/ld+json\" class=\"yoast-schema-graph\">{\"@context\":\"https:\\\/\\\/schema.org\",\"@graph\":[{\"@type\":\"WebPage\",\"@id\":\"https:\\\/\\\/amedis.es\\\/tienda\\\/?product=affinis-360-heavy-body-reposicion\",\"url\":\"https:\\\/\\\/amedis.es\\\/tienda\\\/?product=affinis-360-heavy-body-reposicion\",\"name\":\"AFFINIS 360 HEAVY BODY REPOSICI\u00d3N | Amedis\",\"isPartOf\":{\"@id\":\"https:\\\/\\\/amedis.es\\\/tienda\\\/#website\"},\"primaryImageOfPage\":{\"@id\":\"https:\\\/\\\/amedis.es\\\/tienda\\\/?product=affinis-360-heavy-body-reposicion#primaryimage\"},\"image\":{\"@id\":\"https:\\\/\\\/amedis.es\\\/tienda\\\/?product=affinis-360-heavy-body-reposicion#primaryimage\"},\"thumbnailUrl\":\"https:\\\/\\\/amedis.es\\\/tienda\\\/wp-content\\\/uploads\\\/2023\\\/03\\\/AFFINIS-360-HEAVY-BODY-REPOSICION.jpg\",\"datePublished\":\"2023-03-05T18:10:18+00:00\",\"dateModified\":\"2024-09-17T18:47:27+00:00\",\"description\":\"Affinis 360 heavy body reposici\u00f3n. Es una silicona del tipo A pero difiere en algunas caracter\u00edsticas del resto de materiales de impresi\u00f3n\",\"breadcrumb\":{\"@id\":\"https:\\\/\\\/amedis.es\\\/tienda\\\/?product=affinis-360-heavy-body-reposicion#breadcrumb\"},\"inLanguage\":\"es\",\"potentialAction\":[{\"@type\":\"ReadAction\",\"target\":[\"https:\\\/\\\/amedis.es\\\/tienda\\\/?product=affinis-360-heavy-body-reposicion\"]}]},{\"@type\":\"ImageObject\",\"inLanguage\":\"es\",\"@id\":\"https:\\\/\\\/amedis.es\\\/tienda\\\/?product=affinis-360-heavy-body-reposicion#primaryimage\",\"url\":\"https:\\\/\\\/amedis.es\\\/tienda\\\/wp-content\\\/uploads\\\/2023\\\/03\\\/AFFINIS-360-HEAVY-BODY-REPOSICION.jpg\",\"contentUrl\":\"https:\\\/\\\/amedis.es\\\/tienda\\\/wp-content\\\/uploads\\\/2023\\\/03\\\/AFFINIS-360-HEAVY-BODY-REPOSICION.jpg\",\"width\":600,\"height\":600,\"caption\":\"Amedis AFFINIS 360 HEAVY BODY REPOSICI\u00d3N\"},{\"@type\":\"BreadcrumbList\",\"@id\":\"https:\\\/\\\/amedis.es\\\/tienda\\\/?product=affinis-360-heavy-body-reposicion#breadcrumb\",\"itemListElement\":[{\"@type\":\"ListItem\",\"position\":1,\"name\":\"Portada\",\"item\":\"https:\\\/\\\/amedis.es\\\/tienda\\\/\"},{\"@type\":\"ListItem\",\"position\":2,\"name\":\"Amedis | Suministros M\u00e9dicos y Dentales | Tienda\",\"item\":\"https:\\\/\\\/amedis.es\\\/tienda\\\/suministros-medicos-y-dentales\\\/\"},{\"@type\":\"ListItem\",\"position\":3,\"name\":\"AFFINIS 360 HEAVY BODY REPOSICI\u00d3N\"}]},{\"@type\":\"WebSite\",\"@id\":\"https:\\\/\\\/amedis.es\\\/tienda\\\/#website\",\"url\":\"https:\\\/\\\/amedis.es\\\/tienda\\\/\",\"name\":\"Amedis\",\"description\":\"Suministros M\u00e9dicos y Dentales\",\"publisher\":{\"@id\":\"https:\\\/\\\/amedis.es\\\/tienda\\\/#organization\"},\"potentialAction\":[{\"@type\":\"SearchAction\",\"target\":{\"@type\":\"EntryPoint\",\"urlTemplate\":\"https:\\\/\\\/amedis.es\\\/tienda\\\/?s={search_term_string}\"},\"query-input\":{\"@type\":\"PropertyValueSpecification\",\"valueRequired\":true,\"valueName\":\"search_term_string\"}}],\"inLanguage\":\"es\"},{\"@type\":\"Organization\",\"@id\":\"https:\\\/\\\/amedis.es\\\/tienda\\\/#organization\",\"name\":\"Amedis | Suministros M\u00e9dicos y Dentales\",\"url\":\"https:\\\/\\\/amedis.es\\\/tienda\\\/\",\"logo\":{\"@type\":\"ImageObject\",\"inLanguage\":\"es\",\"@id\":\"https:\\\/\\\/amedis.es\\\/tienda\\\/#\\\/schema\\\/logo\\\/image\\\/\",\"url\":\"https:\\\/\\\/amedis.es\\\/tienda\\\/wp-content\\\/uploads\\\/2020\\\/05\\\/logo-1.png\",\"contentUrl\":\"https:\\\/\\\/amedis.es\\\/tienda\\\/wp-content\\\/uploads\\\/2020\\\/05\\\/logo-1.png\",\"width\":191,\"height\":80,\"caption\":\"Amedis | Suministros M\u00e9dicos y Dentales\"},\"image\":{\"@id\":\"https:\\\/\\\/amedis.es\\\/tienda\\\/#\\\/schema\\\/logo\\\/image\\\/\"}}]}<\/script>\n<!-- \/ Yoast SEO plugin. -->","yoast_head_json":{"title":"AFFINIS 360 HEAVY BODY REPOSICI\u00d3N | Amedis","description":"Affinis 360 heavy body reposici\u00f3n. Es una silicona del tipo A pero difiere en algunas caracter\u00edsticas del resto de materiales de impresi\u00f3n","robots":{"index":"index","follow":"follow","max-snippet":"max-snippet:-1","max-image-preview":"max-image-preview:large","max-video-preview":"max-video-preview:-1"},"canonical":"https:\/\/amedis.es\/tienda\/?product=affinis-360-heavy-body-reposicion","og_locale":"es_ES","og_type":"article","og_title":"AFFINIS 360 HEAVY BODY REPOSICI\u00d3N | Amedis","og_description":"Affinis 360 heavy body reposici\u00f3n. Es una silicona del tipo A pero difiere en algunas caracter\u00edsticas del resto de materiales de impresi\u00f3n","og_url":"https:\/\/amedis.es\/tienda\/?product=affinis-360-heavy-body-reposicion","og_site_name":"Amedis","article_modified_time":"2024-09-17T18:47:27+00:00","og_image":[{"width":600,"height":600,"url":"https:\/\/amedis.es\/tienda\/wp-content\/uploads\/2023\/03\/AFFINIS-360-HEAVY-BODY-REPOSICION.jpg","type":"image\/jpeg"}],"twitter_card":"summary_large_image","twitter_misc":{"Tiempo de lectura":"1 minuto"},"schema":{"@context":"https:\/\/schema.org","@graph":[{"@type":"WebPage","@id":"https:\/\/amedis.es\/tienda\/?product=affinis-360-heavy-body-reposicion","url":"https:\/\/amedis.es\/tienda\/?product=affinis-360-heavy-body-reposicion","name":"AFFINIS 360 HEAVY BODY REPOSICI\u00d3N | Amedis","isPartOf":{"@id":"https:\/\/amedis.es\/tienda\/#website"},"primaryImageOfPage":{"@id":"https:\/\/amedis.es\/tienda\/?product=affinis-360-heavy-body-reposicion#primaryimage"},"image":{"@id":"https:\/\/amedis.es\/tienda\/?product=affinis-360-heavy-body-reposicion#primaryimage"},"thumbnailUrl":"https:\/\/amedis.es\/tienda\/wp-content\/uploads\/2023\/03\/AFFINIS-360-HEAVY-BODY-REPOSICION.jpg","datePublished":"2023-03-05T18:10:18+00:00","dateModified":"2024-09-17T18:47:27+00:00","description":"Affinis 360 heavy body reposici\u00f3n. Es una silicona del tipo A pero difiere en algunas caracter\u00edsticas del resto de materiales de impresi\u00f3n","breadcrumb":{"@id":"https:\/\/amedis.es\/tienda\/?product=affinis-360-heavy-body-reposicion#breadcrumb"},"inLanguage":"es","potentialAction":[{"@type":"ReadAction","target":["https:\/\/amedis.es\/tienda\/?product=affinis-360-heavy-body-reposicion"]}]},{"@type":"ImageObject","inLanguage":"es","@id":"https:\/\/amedis.es\/tienda\/?product=affinis-360-heavy-body-reposicion#primaryimage","url":"https:\/\/amedis.es\/tienda\/wp-content\/uploads\/2023\/03\/AFFINIS-360-HEAVY-BODY-REPOSICION.jpg","contentUrl":"https:\/\/amedis.es\/tienda\/wp-content\/uploads\/2023\/03\/AFFINIS-360-HEAVY-BODY-REPOSICION.jpg","width":600,"height":600,"caption":"Amedis AFFINIS 360 HEAVY BODY REPOSICI\u00d3N"},{"@type":"BreadcrumbList","@id":"https:\/\/amedis.es\/tienda\/?product=affinis-360-heavy-body-reposicion#breadcrumb","itemListElement":[{"@type":"ListItem","position":1,"name":"Portada","item":"https:\/\/amedis.es\/tienda\/"},{"@type":"ListItem","position":2,"name":"Amedis | Suministros M\u00e9dicos y Dentales | Tienda","item":"https:\/\/amedis.es\/tienda\/suministros-medicos-y-dentales\/"},{"@type":"ListItem","position":3,"name":"AFFINIS 360 HEAVY BODY REPOSICI\u00d3N"}]},{"@type":"WebSite","@id":"https:\/\/amedis.es\/tienda\/#website","url":"https:\/\/amedis.es\/tienda\/","name":"Amedis","description":"Suministros M\u00e9dicos y Dentales","publisher":{"@id":"https:\/\/amedis.es\/tienda\/#organization"},"potentialAction":[{"@type":"SearchAction","target":{"@type":"EntryPoint","urlTemplate":"https:\/\/amedis.es\/tienda\/?s={search_term_string}"},"query-input":{"@type":"PropertyValueSpecification","valueRequired":true,"valueName":"search_term_string"}}],"inLanguage":"es"},{"@type":"Organization","@id":"https:\/\/amedis.es\/tienda\/#organization","name":"Amedis | Suministros M\u00e9dicos y Dentales","url":"https:\/\/amedis.es\/tienda\/","logo":{"@type":"ImageObject","inLanguage":"es","@id":"https:\/\/amedis.es\/tienda\/#\/schema\/logo\/image\/","url":"https:\/\/amedis.es\/tienda\/wp-content\/uploads\/2020\/05\/logo-1.png","contentUrl":"https:\/\/amedis.es\/tienda\/wp-content\/uploads\/2020\/05\/logo-1.png","width":191,"height":80,"caption":"Amedis | Suministros M\u00e9dicos y Dentales"},"image":{"@id":"https:\/\/amedis.es\/tienda\/#\/schema\/logo\/image\/"}}]}},"brands":[{"id":2350,"name":"COLTENE","slug":"coltene"}],"_links":{"self":[{"href":"https:\/\/amedis.es\/tienda\/wp-json\/wp\/v2\/product\/25914","targetHints":{"allow":["GET"]}}],"collection":[{"href":"https:\/\/amedis.es\/tienda\/wp-json\/wp\/v2\/product"}],"about":[{"href":"https:\/\/amedis.es\/tienda\/wp-json\/wp\/v2\/types\/product"}],"wp:featuredmedia":[{"embeddable":true,"href":"https:\/\/amedis.es\/tienda\/wp-json\/wp\/v2\/media\/25915"}],"wp:attachment":[{"href":"https:\/\/amedis.es\/tienda\/wp-json\/wp\/v2\/media?parent=25914"}],"wp:term":[{"taxonomy":"pwb-brand","embeddable":true,"href":"https:\/\/amedis.es\/tienda\/wp-json\/wp\/v2\/pwb-brand?post=25914"},{"taxonomy":"product_brand","embeddable":true,"href":"https:\/\/amedis.es\/tienda\/wp-json\/wp\/v2\/product_brand?post=25914"},{"taxonomy":"product_cat","embeddable":true,"href":"https:\/\/amedis.es\/tienda\/wp-json\/wp\/v2\/product_cat?post=25914"},{"taxonomy":"product_tag","embeddable":true,"href":"https:\/\/amedis.es\/tienda\/wp-json\/wp\/v2\/product_tag?post=25914"}],"curies":[{"name":"wp","href":"https:\/\/api.w.org\/{rel}","templated":true}]}}