{"id":25910,"date":"2023-03-05T18:05:38","date_gmt":"2023-03-05T18:05:38","guid":{"rendered":"https:\/\/amedis.es\/tienda\/?post_type=product&#038;p=25910"},"modified":"2024-09-17T18:54:53","modified_gmt":"2024-09-17T18:54:53","slug":"affinis-system-360-starter-kit","status":"publish","type":"product","link":"https:\/\/amedis.es\/tienda\/producto\/affinis-system-360-starter-kit\/","title":{"rendered":"AFFINIS SYSTEM 360 STARTER KIT"},"content":{"rendered":"<p>Affinis system 360 starter kit. El Affinis System 360 Putty es el material de impresi\u00f3n ideal pensado para todos los que prefieran una masilla suave de preparaci\u00f3n autom\u00e1tica para sus tomas de impresi\u00f3n. No se pega a los guantes. Puede moldearse y ajustarse a la cubeta. Excelente estabilidad dimensional. Cartucho econ\u00f3mico de gran capacidad. Mezcla limpia y homog\u00e9nea. Sin interferencias debido a desviaci\u00f3n por mala dosificaci\u00f3n. Econ\u00f3mico debido a su mayor capacidad y m\u00ednimo desperdicio al terminar el cartucho. La viscosidad de Affinis System 360 Putty est\u00e1 perfectamente equilibrada. Por una parte la masilla genera suficiente presi\u00f3n por otra parte tiene la suavidad requerida para una buena impresi\u00f3n monofase.<\/p>\n","protected":false},"excerpt":{"rendered":"<p>CONTENIDO: 1 cartucho de 380 ml + 10 Dynamic Mixing Tips.<\/p>\n","protected":false},"featured_media":25911,"template":"","meta":[],"pwb-brand":[2350],"product_brand":[],"product_cat":[27,176,182],"product_tag":[],"class_list":{"0":"post-25910","1":"product","2":"type-product","3":"status-publish","4":"has-post-thumbnail","6":"pwb-brand-coltene","7":"product_cat-clinica","8":"product_cat-impresion","9":"product_cat-silicona-de-adiccion-para-mezcladoras-automaticas","11":"first","12":"instock","13":"sale","14":"taxable","15":"shipping-taxable","16":"purchasable","17":"product-type-variable"},"yoast_head":"<!-- This site is optimized with the Yoast SEO plugin v27.3 - https:\/\/yoast.com\/product\/yoast-seo-wordpress\/ -->\n<title>AFFINIS SYSTEM 360 STARTER KIT | Amedis<\/title>\n<meta name=\"description\" content=\"Affinis system 360 starter kit. El Affinis System 360 Putty es el material de impresi\u00f3n ideal pensado para todos los que prefieran una masilla\" \/>\n<meta name=\"robots\" content=\"index, follow, max-snippet:-1, max-image-preview:large, max-video-preview:-1\" \/>\n<link rel=\"canonical\" href=\"https:\/\/amedis.es\/tienda\/?product=affinis-system-360-starter-kit\" \/>\n<meta property=\"og:locale\" content=\"es_ES\" \/>\n<meta property=\"og:type\" content=\"article\" \/>\n<meta property=\"og:title\" content=\"AFFINIS SYSTEM 360 STARTER KIT | Amedis\" \/>\n<meta property=\"og:description\" content=\"Affinis system 360 starter kit. El Affinis System 360 Putty es el material de impresi\u00f3n ideal pensado para todos los que prefieran una masilla\" \/>\n<meta property=\"og:url\" content=\"https:\/\/amedis.es\/tienda\/?product=affinis-system-360-starter-kit\" \/>\n<meta property=\"og:site_name\" content=\"Amedis\" \/>\n<meta property=\"article:modified_time\" content=\"2024-09-17T18:54:53+00:00\" \/>\n<meta property=\"og:image\" content=\"https:\/\/amedis.es\/tienda\/wp-content\/uploads\/2023\/03\/AFFINIS-SYSTEM-360-STARTER-KIT.jpg\" \/>\n\t<meta property=\"og:image:width\" content=\"600\" \/>\n\t<meta property=\"og:image:height\" content=\"600\" \/>\n\t<meta property=\"og:image:type\" content=\"image\/jpeg\" \/>\n<meta name=\"twitter:card\" content=\"summary_large_image\" \/>\n<meta name=\"twitter:label1\" content=\"Tiempo de lectura\" \/>\n\t<meta name=\"twitter:data1\" content=\"1 minuto\" \/>\n<script type=\"application\/ld+json\" class=\"yoast-schema-graph\">{\"@context\":\"https:\\\/\\\/schema.org\",\"@graph\":[{\"@type\":\"WebPage\",\"@id\":\"https:\\\/\\\/amedis.es\\\/tienda\\\/?product=affinis-system-360-starter-kit\",\"url\":\"https:\\\/\\\/amedis.es\\\/tienda\\\/?product=affinis-system-360-starter-kit\",\"name\":\"AFFINIS SYSTEM 360 STARTER KIT | Amedis\",\"isPartOf\":{\"@id\":\"https:\\\/\\\/amedis.es\\\/tienda\\\/#website\"},\"primaryImageOfPage\":{\"@id\":\"https:\\\/\\\/amedis.es\\\/tienda\\\/?product=affinis-system-360-starter-kit#primaryimage\"},\"image\":{\"@id\":\"https:\\\/\\\/amedis.es\\\/tienda\\\/?product=affinis-system-360-starter-kit#primaryimage\"},\"thumbnailUrl\":\"https:\\\/\\\/amedis.es\\\/tienda\\\/wp-content\\\/uploads\\\/2023\\\/03\\\/AFFINIS-SYSTEM-360-STARTER-KIT.jpg\",\"datePublished\":\"2023-03-05T18:05:38+00:00\",\"dateModified\":\"2024-09-17T18:54:53+00:00\",\"description\":\"Affinis system 360 starter kit. El Affinis System 360 Putty es el material de impresi\u00f3n ideal pensado para todos los que prefieran una masilla\",\"breadcrumb\":{\"@id\":\"https:\\\/\\\/amedis.es\\\/tienda\\\/?product=affinis-system-360-starter-kit#breadcrumb\"},\"inLanguage\":\"es\",\"potentialAction\":[{\"@type\":\"ReadAction\",\"target\":[\"https:\\\/\\\/amedis.es\\\/tienda\\\/?product=affinis-system-360-starter-kit\"]}]},{\"@type\":\"ImageObject\",\"inLanguage\":\"es\",\"@id\":\"https:\\\/\\\/amedis.es\\\/tienda\\\/?product=affinis-system-360-starter-kit#primaryimage\",\"url\":\"https:\\\/\\\/amedis.es\\\/tienda\\\/wp-content\\\/uploads\\\/2023\\\/03\\\/AFFINIS-SYSTEM-360-STARTER-KIT.jpg\",\"contentUrl\":\"https:\\\/\\\/amedis.es\\\/tienda\\\/wp-content\\\/uploads\\\/2023\\\/03\\\/AFFINIS-SYSTEM-360-STARTER-KIT.jpg\",\"width\":600,\"height\":600,\"caption\":\"Amedis AFFINIS SYSTEM 360 STARTER KIT\"},{\"@type\":\"BreadcrumbList\",\"@id\":\"https:\\\/\\\/amedis.es\\\/tienda\\\/?product=affinis-system-360-starter-kit#breadcrumb\",\"itemListElement\":[{\"@type\":\"ListItem\",\"position\":1,\"name\":\"Portada\",\"item\":\"https:\\\/\\\/amedis.es\\\/tienda\\\/\"},{\"@type\":\"ListItem\",\"position\":2,\"name\":\"Amedis | Suministros M\u00e9dicos y Dentales | Tienda\",\"item\":\"https:\\\/\\\/amedis.es\\\/tienda\\\/suministros-medicos-y-dentales\\\/\"},{\"@type\":\"ListItem\",\"position\":3,\"name\":\"AFFINIS SYSTEM 360 STARTER KIT\"}]},{\"@type\":\"WebSite\",\"@id\":\"https:\\\/\\\/amedis.es\\\/tienda\\\/#website\",\"url\":\"https:\\\/\\\/amedis.es\\\/tienda\\\/\",\"name\":\"Amedis\",\"description\":\"Suministros M\u00e9dicos y Dentales\",\"publisher\":{\"@id\":\"https:\\\/\\\/amedis.es\\\/tienda\\\/#organization\"},\"potentialAction\":[{\"@type\":\"SearchAction\",\"target\":{\"@type\":\"EntryPoint\",\"urlTemplate\":\"https:\\\/\\\/amedis.es\\\/tienda\\\/?s={search_term_string}\"},\"query-input\":{\"@type\":\"PropertyValueSpecification\",\"valueRequired\":true,\"valueName\":\"search_term_string\"}}],\"inLanguage\":\"es\"},{\"@type\":\"Organization\",\"@id\":\"https:\\\/\\\/amedis.es\\\/tienda\\\/#organization\",\"name\":\"Amedis | Suministros M\u00e9dicos y Dentales\",\"url\":\"https:\\\/\\\/amedis.es\\\/tienda\\\/\",\"logo\":{\"@type\":\"ImageObject\",\"inLanguage\":\"es\",\"@id\":\"https:\\\/\\\/amedis.es\\\/tienda\\\/#\\\/schema\\\/logo\\\/image\\\/\",\"url\":\"https:\\\/\\\/amedis.es\\\/tienda\\\/wp-content\\\/uploads\\\/2020\\\/05\\\/logo-1.png\",\"contentUrl\":\"https:\\\/\\\/amedis.es\\\/tienda\\\/wp-content\\\/uploads\\\/2020\\\/05\\\/logo-1.png\",\"width\":191,\"height\":80,\"caption\":\"Amedis | Suministros M\u00e9dicos y Dentales\"},\"image\":{\"@id\":\"https:\\\/\\\/amedis.es\\\/tienda\\\/#\\\/schema\\\/logo\\\/image\\\/\"}}]}<\/script>\n<!-- \/ Yoast SEO plugin. -->","yoast_head_json":{"title":"AFFINIS SYSTEM 360 STARTER KIT | Amedis","description":"Affinis system 360 starter kit. El Affinis System 360 Putty es el material de impresi\u00f3n ideal pensado para todos los que prefieran una masilla","robots":{"index":"index","follow":"follow","max-snippet":"max-snippet:-1","max-image-preview":"max-image-preview:large","max-video-preview":"max-video-preview:-1"},"canonical":"https:\/\/amedis.es\/tienda\/?product=affinis-system-360-starter-kit","og_locale":"es_ES","og_type":"article","og_title":"AFFINIS SYSTEM 360 STARTER KIT | Amedis","og_description":"Affinis system 360 starter kit. El Affinis System 360 Putty es el material de impresi\u00f3n ideal pensado para todos los que prefieran una masilla","og_url":"https:\/\/amedis.es\/tienda\/?product=affinis-system-360-starter-kit","og_site_name":"Amedis","article_modified_time":"2024-09-17T18:54:53+00:00","og_image":[{"width":600,"height":600,"url":"https:\/\/amedis.es\/tienda\/wp-content\/uploads\/2023\/03\/AFFINIS-SYSTEM-360-STARTER-KIT.jpg","type":"image\/jpeg"}],"twitter_card":"summary_large_image","twitter_misc":{"Tiempo de lectura":"1 minuto"},"schema":{"@context":"https:\/\/schema.org","@graph":[{"@type":"WebPage","@id":"https:\/\/amedis.es\/tienda\/?product=affinis-system-360-starter-kit","url":"https:\/\/amedis.es\/tienda\/?product=affinis-system-360-starter-kit","name":"AFFINIS SYSTEM 360 STARTER KIT | Amedis","isPartOf":{"@id":"https:\/\/amedis.es\/tienda\/#website"},"primaryImageOfPage":{"@id":"https:\/\/amedis.es\/tienda\/?product=affinis-system-360-starter-kit#primaryimage"},"image":{"@id":"https:\/\/amedis.es\/tienda\/?product=affinis-system-360-starter-kit#primaryimage"},"thumbnailUrl":"https:\/\/amedis.es\/tienda\/wp-content\/uploads\/2023\/03\/AFFINIS-SYSTEM-360-STARTER-KIT.jpg","datePublished":"2023-03-05T18:05:38+00:00","dateModified":"2024-09-17T18:54:53+00:00","description":"Affinis system 360 starter kit. El Affinis System 360 Putty es el material de impresi\u00f3n ideal pensado para todos los que prefieran una masilla","breadcrumb":{"@id":"https:\/\/amedis.es\/tienda\/?product=affinis-system-360-starter-kit#breadcrumb"},"inLanguage":"es","potentialAction":[{"@type":"ReadAction","target":["https:\/\/amedis.es\/tienda\/?product=affinis-system-360-starter-kit"]}]},{"@type":"ImageObject","inLanguage":"es","@id":"https:\/\/amedis.es\/tienda\/?product=affinis-system-360-starter-kit#primaryimage","url":"https:\/\/amedis.es\/tienda\/wp-content\/uploads\/2023\/03\/AFFINIS-SYSTEM-360-STARTER-KIT.jpg","contentUrl":"https:\/\/amedis.es\/tienda\/wp-content\/uploads\/2023\/03\/AFFINIS-SYSTEM-360-STARTER-KIT.jpg","width":600,"height":600,"caption":"Amedis AFFINIS SYSTEM 360 STARTER KIT"},{"@type":"BreadcrumbList","@id":"https:\/\/amedis.es\/tienda\/?product=affinis-system-360-starter-kit#breadcrumb","itemListElement":[{"@type":"ListItem","position":1,"name":"Portada","item":"https:\/\/amedis.es\/tienda\/"},{"@type":"ListItem","position":2,"name":"Amedis | Suministros M\u00e9dicos y Dentales | Tienda","item":"https:\/\/amedis.es\/tienda\/suministros-medicos-y-dentales\/"},{"@type":"ListItem","position":3,"name":"AFFINIS SYSTEM 360 STARTER KIT"}]},{"@type":"WebSite","@id":"https:\/\/amedis.es\/tienda\/#website","url":"https:\/\/amedis.es\/tienda\/","name":"Amedis","description":"Suministros M\u00e9dicos y Dentales","publisher":{"@id":"https:\/\/amedis.es\/tienda\/#organization"},"potentialAction":[{"@type":"SearchAction","target":{"@type":"EntryPoint","urlTemplate":"https:\/\/amedis.es\/tienda\/?s={search_term_string}"},"query-input":{"@type":"PropertyValueSpecification","valueRequired":true,"valueName":"search_term_string"}}],"inLanguage":"es"},{"@type":"Organization","@id":"https:\/\/amedis.es\/tienda\/#organization","name":"Amedis | Suministros M\u00e9dicos y Dentales","url":"https:\/\/amedis.es\/tienda\/","logo":{"@type":"ImageObject","inLanguage":"es","@id":"https:\/\/amedis.es\/tienda\/#\/schema\/logo\/image\/","url":"https:\/\/amedis.es\/tienda\/wp-content\/uploads\/2020\/05\/logo-1.png","contentUrl":"https:\/\/amedis.es\/tienda\/wp-content\/uploads\/2020\/05\/logo-1.png","width":191,"height":80,"caption":"Amedis | Suministros M\u00e9dicos y Dentales"},"image":{"@id":"https:\/\/amedis.es\/tienda\/#\/schema\/logo\/image\/"}}]}},"brands":[{"id":2350,"name":"COLTENE","slug":"coltene"}],"_links":{"self":[{"href":"https:\/\/amedis.es\/tienda\/wp-json\/wp\/v2\/product\/25910","targetHints":{"allow":["GET"]}}],"collection":[{"href":"https:\/\/amedis.es\/tienda\/wp-json\/wp\/v2\/product"}],"about":[{"href":"https:\/\/amedis.es\/tienda\/wp-json\/wp\/v2\/types\/product"}],"wp:featuredmedia":[{"embeddable":true,"href":"https:\/\/amedis.es\/tienda\/wp-json\/wp\/v2\/media\/25911"}],"wp:attachment":[{"href":"https:\/\/amedis.es\/tienda\/wp-json\/wp\/v2\/media?parent=25910"}],"wp:term":[{"taxonomy":"pwb-brand","embeddable":true,"href":"https:\/\/amedis.es\/tienda\/wp-json\/wp\/v2\/pwb-brand?post=25910"},{"taxonomy":"product_brand","embeddable":true,"href":"https:\/\/amedis.es\/tienda\/wp-json\/wp\/v2\/product_brand?post=25910"},{"taxonomy":"product_cat","embeddable":true,"href":"https:\/\/amedis.es\/tienda\/wp-json\/wp\/v2\/product_cat?post=25910"},{"taxonomy":"product_tag","embeddable":true,"href":"https:\/\/amedis.es\/tienda\/wp-json\/wp\/v2\/product_tag?post=25910"}],"curies":[{"name":"wp","href":"https:\/\/api.w.org\/{rel}","templated":true}]}}