{"id":24416,"date":"2022-11-25T16:27:44","date_gmt":"2022-11-25T16:27:44","guid":{"rendered":"https:\/\/amedis.es\/tienda\/?post_type=product&#038;p=24416"},"modified":"2026-02-11T19:05:42","modified_gmt":"2026-02-11T19:05:42","slug":"peeso-no-1-6-vdw-zipperer-outlet-stock","status":"publish","type":"product","link":"https:\/\/amedis.es\/tienda\/producto\/peeso-no-1-6-vdw-zipperer-outlet-stock\/","title":{"rendered":"FRESAS PEESO ZIPPERER 19 mm N\u00ba 4"},"content":{"rendered":"<p>Peeso. Instrumento similar al Gates. aunque su parte activa es m\u00e1s larga. Puede alcanzar 19 mm en conductos rectos, Siendo su empleo muy importante para la desobturaci\u00f3n y preaparici\u00f3n del conducto para recibir un perno. Punta inactiva (BATT).<\/p>\n<p>ENVASE: 6 unidades.<\/p>\n","protected":false},"excerpt":{"rendered":"<p>VDW-ZIPPERER<\/p>\n","protected":false},"featured_media":3669,"template":"","meta":[],"pwb-brand":[2379],"product_brand":[],"product_cat":[1918,30],"product_tag":[],"class_list":{"0":"post-24416","1":"product","2":"type-product","3":"status-publish","4":"has-post-thumbnail","6":"pwb-brand-vdw","7":"product_cat-endodoncia-outlet","8":"product_cat-outlet","10":"first","11":"instock","12":"sale","13":"taxable","14":"shipping-taxable","15":"purchasable","16":"product-type-simple"},"yoast_head":"<!-- This site is optimized with the Yoast SEO plugin v27.3 - https:\/\/yoast.com\/product\/yoast-seo-wordpress\/ -->\n<title>FRESAS PEESO ZIPPERER 19 mm N\u00ba 4 | Amedis<\/title>\n<meta name=\"description\" content=\"Peeso. Instrumento similar al Gates. aunque su parte activa es m\u00e1s larga. Puede alcanzar 19 mm en conductos rectos\" \/>\n<meta name=\"robots\" content=\"index, follow, max-snippet:-1, max-image-preview:large, max-video-preview:-1\" \/>\n<link rel=\"canonical\" href=\"https:\/\/amedis.es\/tienda\/producto\/peeso-no-1-6-vdw-zipperer-outlet-stock\/\" \/>\n<meta property=\"og:locale\" content=\"es_ES\" \/>\n<meta property=\"og:type\" content=\"article\" \/>\n<meta property=\"og:title\" content=\"FRESAS PEESO ZIPPERER 19 mm N\u00ba 4 | Amedis\" \/>\n<meta property=\"og:description\" content=\"Peeso. Instrumento similar al Gates. aunque su parte activa es m\u00e1s larga. Puede alcanzar 19 mm en conductos rectos\" \/>\n<meta property=\"og:url\" content=\"https:\/\/amedis.es\/tienda\/producto\/peeso-no-1-6-vdw-zipperer-outlet-stock\/\" \/>\n<meta property=\"og:site_name\" content=\"Amedis\" \/>\n<meta property=\"article:modified_time\" content=\"2026-02-11T19:05:42+00:00\" \/>\n<meta property=\"og:image\" content=\"https:\/\/amedis.es\/tienda\/wp-content\/uploads\/2021\/01\/FRESAS-PEESO-VDW.jpg\" \/>\n\t<meta property=\"og:image:width\" content=\"600\" \/>\n\t<meta property=\"og:image:height\" content=\"600\" \/>\n\t<meta property=\"og:image:type\" content=\"image\/jpeg\" \/>\n<meta name=\"twitter:card\" content=\"summary_large_image\" \/>\n<meta name=\"twitter:label1\" content=\"Tiempo de lectura\" \/>\n\t<meta name=\"twitter:data1\" content=\"1 minuto\" \/>\n<script type=\"application\/ld+json\" class=\"yoast-schema-graph\">{\"@context\":\"https:\\\/\\\/schema.org\",\"@graph\":[{\"@type\":\"WebPage\",\"@id\":\"https:\\\/\\\/amedis.es\\\/tienda\\\/producto\\\/peeso-no-1-6-vdw-zipperer-outlet-stock\\\/\",\"url\":\"https:\\\/\\\/amedis.es\\\/tienda\\\/producto\\\/peeso-no-1-6-vdw-zipperer-outlet-stock\\\/\",\"name\":\"FRESAS PEESO ZIPPERER 19 mm N\u00ba 4 | Amedis\",\"isPartOf\":{\"@id\":\"https:\\\/\\\/amedis.es\\\/tienda\\\/#website\"},\"primaryImageOfPage\":{\"@id\":\"https:\\\/\\\/amedis.es\\\/tienda\\\/producto\\\/peeso-no-1-6-vdw-zipperer-outlet-stock\\\/#primaryimage\"},\"image\":{\"@id\":\"https:\\\/\\\/amedis.es\\\/tienda\\\/producto\\\/peeso-no-1-6-vdw-zipperer-outlet-stock\\\/#primaryimage\"},\"thumbnailUrl\":\"https:\\\/\\\/amedis.es\\\/tienda\\\/wp-content\\\/uploads\\\/2021\\\/01\\\/FRESAS-PEESO-VDW.jpg\",\"datePublished\":\"2022-11-25T16:27:44+00:00\",\"dateModified\":\"2026-02-11T19:05:42+00:00\",\"description\":\"Peeso. Instrumento similar al Gates. aunque su parte activa es m\u00e1s larga. Puede alcanzar 19 mm en conductos rectos\",\"breadcrumb\":{\"@id\":\"https:\\\/\\\/amedis.es\\\/tienda\\\/producto\\\/peeso-no-1-6-vdw-zipperer-outlet-stock\\\/#breadcrumb\"},\"inLanguage\":\"es\",\"potentialAction\":[{\"@type\":\"ReadAction\",\"target\":[\"https:\\\/\\\/amedis.es\\\/tienda\\\/producto\\\/peeso-no-1-6-vdw-zipperer-outlet-stock\\\/\"]}]},{\"@type\":\"ImageObject\",\"inLanguage\":\"es\",\"@id\":\"https:\\\/\\\/amedis.es\\\/tienda\\\/producto\\\/peeso-no-1-6-vdw-zipperer-outlet-stock\\\/#primaryimage\",\"url\":\"https:\\\/\\\/amedis.es\\\/tienda\\\/wp-content\\\/uploads\\\/2021\\\/01\\\/FRESAS-PEESO-VDW.jpg\",\"contentUrl\":\"https:\\\/\\\/amedis.es\\\/tienda\\\/wp-content\\\/uploads\\\/2021\\\/01\\\/FRESAS-PEESO-VDW.jpg\",\"width\":600,\"height\":600,\"caption\":\"Amedis FRESAS PEESO VDW\"},{\"@type\":\"BreadcrumbList\",\"@id\":\"https:\\\/\\\/amedis.es\\\/tienda\\\/producto\\\/peeso-no-1-6-vdw-zipperer-outlet-stock\\\/#breadcrumb\",\"itemListElement\":[{\"@type\":\"ListItem\",\"position\":1,\"name\":\"Portada\",\"item\":\"https:\\\/\\\/amedis.es\\\/tienda\\\/\"},{\"@type\":\"ListItem\",\"position\":2,\"name\":\"Amedis | Suministros M\u00e9dicos y Dentales | Tienda\",\"item\":\"https:\\\/\\\/amedis.es\\\/tienda\\\/suministros-medicos-y-dentales\\\/\"},{\"@type\":\"ListItem\",\"position\":3,\"name\":\"FRESAS PEESO ZIPPERER 19 mm N\u00ba 4\"}]},{\"@type\":\"WebSite\",\"@id\":\"https:\\\/\\\/amedis.es\\\/tienda\\\/#website\",\"url\":\"https:\\\/\\\/amedis.es\\\/tienda\\\/\",\"name\":\"Amedis\",\"description\":\"Suministros M\u00e9dicos y Dentales\",\"publisher\":{\"@id\":\"https:\\\/\\\/amedis.es\\\/tienda\\\/#organization\"},\"potentialAction\":[{\"@type\":\"SearchAction\",\"target\":{\"@type\":\"EntryPoint\",\"urlTemplate\":\"https:\\\/\\\/amedis.es\\\/tienda\\\/?s={search_term_string}\"},\"query-input\":{\"@type\":\"PropertyValueSpecification\",\"valueRequired\":true,\"valueName\":\"search_term_string\"}}],\"inLanguage\":\"es\"},{\"@type\":\"Organization\",\"@id\":\"https:\\\/\\\/amedis.es\\\/tienda\\\/#organization\",\"name\":\"Amedis | Suministros M\u00e9dicos y Dentales\",\"url\":\"https:\\\/\\\/amedis.es\\\/tienda\\\/\",\"logo\":{\"@type\":\"ImageObject\",\"inLanguage\":\"es\",\"@id\":\"https:\\\/\\\/amedis.es\\\/tienda\\\/#\\\/schema\\\/logo\\\/image\\\/\",\"url\":\"https:\\\/\\\/amedis.es\\\/tienda\\\/wp-content\\\/uploads\\\/2020\\\/05\\\/logo-1.png\",\"contentUrl\":\"https:\\\/\\\/amedis.es\\\/tienda\\\/wp-content\\\/uploads\\\/2020\\\/05\\\/logo-1.png\",\"width\":191,\"height\":80,\"caption\":\"Amedis | Suministros M\u00e9dicos y Dentales\"},\"image\":{\"@id\":\"https:\\\/\\\/amedis.es\\\/tienda\\\/#\\\/schema\\\/logo\\\/image\\\/\"}}]}<\/script>\n<!-- \/ Yoast SEO plugin. -->","yoast_head_json":{"title":"FRESAS PEESO ZIPPERER 19 mm N\u00ba 4 | Amedis","description":"Peeso. Instrumento similar al Gates. aunque su parte activa es m\u00e1s larga. Puede alcanzar 19 mm en conductos rectos","robots":{"index":"index","follow":"follow","max-snippet":"max-snippet:-1","max-image-preview":"max-image-preview:large","max-video-preview":"max-video-preview:-1"},"canonical":"https:\/\/amedis.es\/tienda\/producto\/peeso-no-1-6-vdw-zipperer-outlet-stock\/","og_locale":"es_ES","og_type":"article","og_title":"FRESAS PEESO ZIPPERER 19 mm N\u00ba 4 | Amedis","og_description":"Peeso. Instrumento similar al Gates. aunque su parte activa es m\u00e1s larga. Puede alcanzar 19 mm en conductos rectos","og_url":"https:\/\/amedis.es\/tienda\/producto\/peeso-no-1-6-vdw-zipperer-outlet-stock\/","og_site_name":"Amedis","article_modified_time":"2026-02-11T19:05:42+00:00","og_image":[{"width":600,"height":600,"url":"https:\/\/amedis.es\/tienda\/wp-content\/uploads\/2021\/01\/FRESAS-PEESO-VDW.jpg","type":"image\/jpeg"}],"twitter_card":"summary_large_image","twitter_misc":{"Tiempo de lectura":"1 minuto"},"schema":{"@context":"https:\/\/schema.org","@graph":[{"@type":"WebPage","@id":"https:\/\/amedis.es\/tienda\/producto\/peeso-no-1-6-vdw-zipperer-outlet-stock\/","url":"https:\/\/amedis.es\/tienda\/producto\/peeso-no-1-6-vdw-zipperer-outlet-stock\/","name":"FRESAS PEESO ZIPPERER 19 mm N\u00ba 4 | Amedis","isPartOf":{"@id":"https:\/\/amedis.es\/tienda\/#website"},"primaryImageOfPage":{"@id":"https:\/\/amedis.es\/tienda\/producto\/peeso-no-1-6-vdw-zipperer-outlet-stock\/#primaryimage"},"image":{"@id":"https:\/\/amedis.es\/tienda\/producto\/peeso-no-1-6-vdw-zipperer-outlet-stock\/#primaryimage"},"thumbnailUrl":"https:\/\/amedis.es\/tienda\/wp-content\/uploads\/2021\/01\/FRESAS-PEESO-VDW.jpg","datePublished":"2022-11-25T16:27:44+00:00","dateModified":"2026-02-11T19:05:42+00:00","description":"Peeso. Instrumento similar al Gates. aunque su parte activa es m\u00e1s larga. Puede alcanzar 19 mm en conductos rectos","breadcrumb":{"@id":"https:\/\/amedis.es\/tienda\/producto\/peeso-no-1-6-vdw-zipperer-outlet-stock\/#breadcrumb"},"inLanguage":"es","potentialAction":[{"@type":"ReadAction","target":["https:\/\/amedis.es\/tienda\/producto\/peeso-no-1-6-vdw-zipperer-outlet-stock\/"]}]},{"@type":"ImageObject","inLanguage":"es","@id":"https:\/\/amedis.es\/tienda\/producto\/peeso-no-1-6-vdw-zipperer-outlet-stock\/#primaryimage","url":"https:\/\/amedis.es\/tienda\/wp-content\/uploads\/2021\/01\/FRESAS-PEESO-VDW.jpg","contentUrl":"https:\/\/amedis.es\/tienda\/wp-content\/uploads\/2021\/01\/FRESAS-PEESO-VDW.jpg","width":600,"height":600,"caption":"Amedis FRESAS PEESO VDW"},{"@type":"BreadcrumbList","@id":"https:\/\/amedis.es\/tienda\/producto\/peeso-no-1-6-vdw-zipperer-outlet-stock\/#breadcrumb","itemListElement":[{"@type":"ListItem","position":1,"name":"Portada","item":"https:\/\/amedis.es\/tienda\/"},{"@type":"ListItem","position":2,"name":"Amedis | Suministros M\u00e9dicos y Dentales | Tienda","item":"https:\/\/amedis.es\/tienda\/suministros-medicos-y-dentales\/"},{"@type":"ListItem","position":3,"name":"FRESAS PEESO ZIPPERER 19 mm N\u00ba 4"}]},{"@type":"WebSite","@id":"https:\/\/amedis.es\/tienda\/#website","url":"https:\/\/amedis.es\/tienda\/","name":"Amedis","description":"Suministros M\u00e9dicos y Dentales","publisher":{"@id":"https:\/\/amedis.es\/tienda\/#organization"},"potentialAction":[{"@type":"SearchAction","target":{"@type":"EntryPoint","urlTemplate":"https:\/\/amedis.es\/tienda\/?s={search_term_string}"},"query-input":{"@type":"PropertyValueSpecification","valueRequired":true,"valueName":"search_term_string"}}],"inLanguage":"es"},{"@type":"Organization","@id":"https:\/\/amedis.es\/tienda\/#organization","name":"Amedis | Suministros M\u00e9dicos y Dentales","url":"https:\/\/amedis.es\/tienda\/","logo":{"@type":"ImageObject","inLanguage":"es","@id":"https:\/\/amedis.es\/tienda\/#\/schema\/logo\/image\/","url":"https:\/\/amedis.es\/tienda\/wp-content\/uploads\/2020\/05\/logo-1.png","contentUrl":"https:\/\/amedis.es\/tienda\/wp-content\/uploads\/2020\/05\/logo-1.png","width":191,"height":80,"caption":"Amedis | Suministros M\u00e9dicos y Dentales"},"image":{"@id":"https:\/\/amedis.es\/tienda\/#\/schema\/logo\/image\/"}}]}},"brands":[{"id":2379,"name":"VDW","slug":"vdw"}],"_links":{"self":[{"href":"https:\/\/amedis.es\/tienda\/wp-json\/wp\/v2\/product\/24416","targetHints":{"allow":["GET"]}}],"collection":[{"href":"https:\/\/amedis.es\/tienda\/wp-json\/wp\/v2\/product"}],"about":[{"href":"https:\/\/amedis.es\/tienda\/wp-json\/wp\/v2\/types\/product"}],"wp:featuredmedia":[{"embeddable":true,"href":"https:\/\/amedis.es\/tienda\/wp-json\/wp\/v2\/media\/3669"}],"wp:attachment":[{"href":"https:\/\/amedis.es\/tienda\/wp-json\/wp\/v2\/media?parent=24416"}],"wp:term":[{"taxonomy":"pwb-brand","embeddable":true,"href":"https:\/\/amedis.es\/tienda\/wp-json\/wp\/v2\/pwb-brand?post=24416"},{"taxonomy":"product_brand","embeddable":true,"href":"https:\/\/amedis.es\/tienda\/wp-json\/wp\/v2\/product_brand?post=24416"},{"taxonomy":"product_cat","embeddable":true,"href":"https:\/\/amedis.es\/tienda\/wp-json\/wp\/v2\/product_cat?post=24416"},{"taxonomy":"product_tag","embeddable":true,"href":"https:\/\/amedis.es\/tienda\/wp-json\/wp\/v2\/product_tag?post=24416"}],"curies":[{"name":"wp","href":"https:\/\/api.w.org\/{rel}","templated":true}]}}