{"id":23373,"date":"2022-09-21T18:42:46","date_gmt":"2022-09-21T18:42:46","guid":{"rendered":"https:\/\/amedis.es\/tienda\/?post_type=product&#038;p=23373"},"modified":"2025-12-09T19:14:25","modified_gmt":"2025-12-09T19:14:25","slug":"hilo-retractor-ilion-no0-extra-fino","status":"publish","type":"product","link":"https:\/\/amedis.es\/tienda\/producto\/hilo-retractor-ilion-no0-extra-fino\/","title":{"rendered":"HILO RETRACTOR ILION N\u00ba0 extra fino"},"content":{"rendered":"<p>Hilo retractor Ilion n\u00ba0. El hilo de retracci\u00f3n Ilion est\u00e1 fabricado en algod\u00f3n de primera calidad trenzado para evitar que se deshilache y en los 4 grosores mas comunes del mercado: 0 1 2 y 3. Con una gran longitud: 2 metros sin impregnar. La caja est\u00e1 dise\u00f1ada como las de seda dental para que el corte se haga directamente con el cortador incorporado.<\/p>\n","protected":false},"excerpt":{"rendered":"<p>CONTENIDO: 1 unidad de 200 cm.<\/p>\n","protected":false},"featured_media":23374,"template":"","meta":[],"pwb-brand":[],"product_brand":[],"product_cat":[27,192,1921,176,30],"product_tag":[],"class_list":{"0":"post-23373","1":"product","2":"type-product","3":"status-publish","4":"has-post-thumbnail","6":"product_cat-clinica","7":"product_cat-hilo-retractor","8":"product_cat-impresion-outlet","9":"product_cat-impresion","10":"product_cat-outlet","12":"first","13":"instock","14":"sale","15":"taxable","16":"shipping-taxable","17":"purchasable","18":"product-type-simple"},"yoast_head":"<!-- This site is optimized with the Yoast SEO plugin v27.4 - https:\/\/yoast.com\/product\/yoast-seo-wordpress\/ -->\n<title>HILO RETRACTOR ILION N\u00ba0 extra fino | Amedis<\/title>\n<meta name=\"description\" content=\"Hilo retractor Ilion n\u00ba0. El hilo de retracci\u00f3n Ilion est\u00e1 fabricado en algod\u00f3n de primera calidad trenzado para evitar que se deshilache\" \/>\n<meta name=\"robots\" content=\"index, follow, max-snippet:-1, max-image-preview:large, max-video-preview:-1\" \/>\n<link rel=\"canonical\" href=\"https:\/\/amedis.es\/tienda\/producto\/hilo-retractor-ilion-no0-extra-fino\/\" \/>\n<meta property=\"og:locale\" content=\"es_ES\" \/>\n<meta property=\"og:type\" content=\"article\" \/>\n<meta property=\"og:title\" content=\"HILO RETRACTOR ILION N\u00ba0 extra fino | Amedis\" \/>\n<meta property=\"og:description\" content=\"Hilo retractor Ilion n\u00ba0. El hilo de retracci\u00f3n Ilion est\u00e1 fabricado en algod\u00f3n de primera calidad trenzado para evitar que se deshilache\" \/>\n<meta property=\"og:url\" content=\"https:\/\/amedis.es\/tienda\/producto\/hilo-retractor-ilion-no0-extra-fino\/\" \/>\n<meta property=\"og:site_name\" content=\"Amedis\" \/>\n<meta property=\"article:modified_time\" content=\"2025-12-09T19:14:25+00:00\" \/>\n<meta property=\"og:image\" content=\"https:\/\/amedis.es\/tienda\/wp-content\/uploads\/2022\/09\/HILO-RETRACTOR-ILION-No0.jpg\" \/>\n\t<meta property=\"og:image:width\" content=\"600\" \/>\n\t<meta property=\"og:image:height\" content=\"600\" \/>\n\t<meta property=\"og:image:type\" content=\"image\/jpeg\" \/>\n<meta name=\"twitter:card\" content=\"summary_large_image\" \/>\n<meta name=\"twitter:label1\" content=\"Tiempo de lectura\" \/>\n\t<meta name=\"twitter:data1\" content=\"1 minuto\" \/>\n<script type=\"application\/ld+json\" class=\"yoast-schema-graph\">{\"@context\":\"https:\\\/\\\/schema.org\",\"@graph\":[{\"@type\":\"WebPage\",\"@id\":\"https:\\\/\\\/amedis.es\\\/tienda\\\/producto\\\/hilo-retractor-ilion-no0-extra-fino\\\/\",\"url\":\"https:\\\/\\\/amedis.es\\\/tienda\\\/producto\\\/hilo-retractor-ilion-no0-extra-fino\\\/\",\"name\":\"HILO RETRACTOR ILION N\u00ba0 extra fino | Amedis\",\"isPartOf\":{\"@id\":\"https:\\\/\\\/amedis.es\\\/tienda\\\/#website\"},\"primaryImageOfPage\":{\"@id\":\"https:\\\/\\\/amedis.es\\\/tienda\\\/producto\\\/hilo-retractor-ilion-no0-extra-fino\\\/#primaryimage\"},\"image\":{\"@id\":\"https:\\\/\\\/amedis.es\\\/tienda\\\/producto\\\/hilo-retractor-ilion-no0-extra-fino\\\/#primaryimage\"},\"thumbnailUrl\":\"https:\\\/\\\/amedis.es\\\/tienda\\\/wp-content\\\/uploads\\\/2022\\\/09\\\/HILO-RETRACTOR-ILION-No0.jpg\",\"datePublished\":\"2022-09-21T18:42:46+00:00\",\"dateModified\":\"2025-12-09T19:14:25+00:00\",\"description\":\"Hilo retractor Ilion n\u00ba0. El hilo de retracci\u00f3n Ilion est\u00e1 fabricado en algod\u00f3n de primera calidad trenzado para evitar que se deshilache\",\"breadcrumb\":{\"@id\":\"https:\\\/\\\/amedis.es\\\/tienda\\\/producto\\\/hilo-retractor-ilion-no0-extra-fino\\\/#breadcrumb\"},\"inLanguage\":\"es\",\"potentialAction\":[{\"@type\":\"ReadAction\",\"target\":[\"https:\\\/\\\/amedis.es\\\/tienda\\\/producto\\\/hilo-retractor-ilion-no0-extra-fino\\\/\"]}]},{\"@type\":\"ImageObject\",\"inLanguage\":\"es\",\"@id\":\"https:\\\/\\\/amedis.es\\\/tienda\\\/producto\\\/hilo-retractor-ilion-no0-extra-fino\\\/#primaryimage\",\"url\":\"https:\\\/\\\/amedis.es\\\/tienda\\\/wp-content\\\/uploads\\\/2022\\\/09\\\/HILO-RETRACTOR-ILION-No0.jpg\",\"contentUrl\":\"https:\\\/\\\/amedis.es\\\/tienda\\\/wp-content\\\/uploads\\\/2022\\\/09\\\/HILO-RETRACTOR-ILION-No0.jpg\",\"width\":600,\"height\":600,\"caption\":\"Amedis HILO RETRACTOR ILION N\u00ba0\"},{\"@type\":\"BreadcrumbList\",\"@id\":\"https:\\\/\\\/amedis.es\\\/tienda\\\/producto\\\/hilo-retractor-ilion-no0-extra-fino\\\/#breadcrumb\",\"itemListElement\":[{\"@type\":\"ListItem\",\"position\":1,\"name\":\"Portada\",\"item\":\"https:\\\/\\\/amedis.es\\\/tienda\\\/\"},{\"@type\":\"ListItem\",\"position\":2,\"name\":\"Amedis | Suministros M\u00e9dicos y Dentales | Tienda\",\"item\":\"https:\\\/\\\/amedis.es\\\/tienda\\\/suministros-medicos-y-dentales\\\/\"},{\"@type\":\"ListItem\",\"position\":3,\"name\":\"HILO RETRACTOR ILION N\u00ba0 extra fino\"}]},{\"@type\":\"WebSite\",\"@id\":\"https:\\\/\\\/amedis.es\\\/tienda\\\/#website\",\"url\":\"https:\\\/\\\/amedis.es\\\/tienda\\\/\",\"name\":\"Amedis\",\"description\":\"Suministros M\u00e9dicos y Dentales\",\"publisher\":{\"@id\":\"https:\\\/\\\/amedis.es\\\/tienda\\\/#organization\"},\"potentialAction\":[{\"@type\":\"SearchAction\",\"target\":{\"@type\":\"EntryPoint\",\"urlTemplate\":\"https:\\\/\\\/amedis.es\\\/tienda\\\/?s={search_term_string}\"},\"query-input\":{\"@type\":\"PropertyValueSpecification\",\"valueRequired\":true,\"valueName\":\"search_term_string\"}}],\"inLanguage\":\"es\"},{\"@type\":\"Organization\",\"@id\":\"https:\\\/\\\/amedis.es\\\/tienda\\\/#organization\",\"name\":\"Amedis | Suministros M\u00e9dicos y Dentales\",\"url\":\"https:\\\/\\\/amedis.es\\\/tienda\\\/\",\"logo\":{\"@type\":\"ImageObject\",\"inLanguage\":\"es\",\"@id\":\"https:\\\/\\\/amedis.es\\\/tienda\\\/#\\\/schema\\\/logo\\\/image\\\/\",\"url\":\"https:\\\/\\\/amedis.es\\\/tienda\\\/wp-content\\\/uploads\\\/2020\\\/05\\\/logo-1.png\",\"contentUrl\":\"https:\\\/\\\/amedis.es\\\/tienda\\\/wp-content\\\/uploads\\\/2020\\\/05\\\/logo-1.png\",\"width\":191,\"height\":80,\"caption\":\"Amedis | Suministros M\u00e9dicos y Dentales\"},\"image\":{\"@id\":\"https:\\\/\\\/amedis.es\\\/tienda\\\/#\\\/schema\\\/logo\\\/image\\\/\"}}]}<\/script>\n<!-- \/ Yoast SEO plugin. -->","yoast_head_json":{"title":"HILO RETRACTOR ILION N\u00ba0 extra fino | Amedis","description":"Hilo retractor Ilion n\u00ba0. El hilo de retracci\u00f3n Ilion est\u00e1 fabricado en algod\u00f3n de primera calidad trenzado para evitar que se deshilache","robots":{"index":"index","follow":"follow","max-snippet":"max-snippet:-1","max-image-preview":"max-image-preview:large","max-video-preview":"max-video-preview:-1"},"canonical":"https:\/\/amedis.es\/tienda\/producto\/hilo-retractor-ilion-no0-extra-fino\/","og_locale":"es_ES","og_type":"article","og_title":"HILO RETRACTOR ILION N\u00ba0 extra fino | Amedis","og_description":"Hilo retractor Ilion n\u00ba0. El hilo de retracci\u00f3n Ilion est\u00e1 fabricado en algod\u00f3n de primera calidad trenzado para evitar que se deshilache","og_url":"https:\/\/amedis.es\/tienda\/producto\/hilo-retractor-ilion-no0-extra-fino\/","og_site_name":"Amedis","article_modified_time":"2025-12-09T19:14:25+00:00","og_image":[{"width":600,"height":600,"url":"https:\/\/amedis.es\/tienda\/wp-content\/uploads\/2022\/09\/HILO-RETRACTOR-ILION-No0.jpg","type":"image\/jpeg"}],"twitter_card":"summary_large_image","twitter_misc":{"Tiempo de lectura":"1 minuto"},"schema":{"@context":"https:\/\/schema.org","@graph":[{"@type":"WebPage","@id":"https:\/\/amedis.es\/tienda\/producto\/hilo-retractor-ilion-no0-extra-fino\/","url":"https:\/\/amedis.es\/tienda\/producto\/hilo-retractor-ilion-no0-extra-fino\/","name":"HILO RETRACTOR ILION N\u00ba0 extra fino | Amedis","isPartOf":{"@id":"https:\/\/amedis.es\/tienda\/#website"},"primaryImageOfPage":{"@id":"https:\/\/amedis.es\/tienda\/producto\/hilo-retractor-ilion-no0-extra-fino\/#primaryimage"},"image":{"@id":"https:\/\/amedis.es\/tienda\/producto\/hilo-retractor-ilion-no0-extra-fino\/#primaryimage"},"thumbnailUrl":"https:\/\/amedis.es\/tienda\/wp-content\/uploads\/2022\/09\/HILO-RETRACTOR-ILION-No0.jpg","datePublished":"2022-09-21T18:42:46+00:00","dateModified":"2025-12-09T19:14:25+00:00","description":"Hilo retractor Ilion n\u00ba0. El hilo de retracci\u00f3n Ilion est\u00e1 fabricado en algod\u00f3n de primera calidad trenzado para evitar que se deshilache","breadcrumb":{"@id":"https:\/\/amedis.es\/tienda\/producto\/hilo-retractor-ilion-no0-extra-fino\/#breadcrumb"},"inLanguage":"es","potentialAction":[{"@type":"ReadAction","target":["https:\/\/amedis.es\/tienda\/producto\/hilo-retractor-ilion-no0-extra-fino\/"]}]},{"@type":"ImageObject","inLanguage":"es","@id":"https:\/\/amedis.es\/tienda\/producto\/hilo-retractor-ilion-no0-extra-fino\/#primaryimage","url":"https:\/\/amedis.es\/tienda\/wp-content\/uploads\/2022\/09\/HILO-RETRACTOR-ILION-No0.jpg","contentUrl":"https:\/\/amedis.es\/tienda\/wp-content\/uploads\/2022\/09\/HILO-RETRACTOR-ILION-No0.jpg","width":600,"height":600,"caption":"Amedis HILO RETRACTOR ILION N\u00ba0"},{"@type":"BreadcrumbList","@id":"https:\/\/amedis.es\/tienda\/producto\/hilo-retractor-ilion-no0-extra-fino\/#breadcrumb","itemListElement":[{"@type":"ListItem","position":1,"name":"Portada","item":"https:\/\/amedis.es\/tienda\/"},{"@type":"ListItem","position":2,"name":"Amedis | Suministros M\u00e9dicos y Dentales | Tienda","item":"https:\/\/amedis.es\/tienda\/suministros-medicos-y-dentales\/"},{"@type":"ListItem","position":3,"name":"HILO RETRACTOR ILION N\u00ba0 extra fino"}]},{"@type":"WebSite","@id":"https:\/\/amedis.es\/tienda\/#website","url":"https:\/\/amedis.es\/tienda\/","name":"Amedis","description":"Suministros M\u00e9dicos y Dentales","publisher":{"@id":"https:\/\/amedis.es\/tienda\/#organization"},"potentialAction":[{"@type":"SearchAction","target":{"@type":"EntryPoint","urlTemplate":"https:\/\/amedis.es\/tienda\/?s={search_term_string}"},"query-input":{"@type":"PropertyValueSpecification","valueRequired":true,"valueName":"search_term_string"}}],"inLanguage":"es"},{"@type":"Organization","@id":"https:\/\/amedis.es\/tienda\/#organization","name":"Amedis | Suministros M\u00e9dicos y Dentales","url":"https:\/\/amedis.es\/tienda\/","logo":{"@type":"ImageObject","inLanguage":"es","@id":"https:\/\/amedis.es\/tienda\/#\/schema\/logo\/image\/","url":"https:\/\/amedis.es\/tienda\/wp-content\/uploads\/2020\/05\/logo-1.png","contentUrl":"https:\/\/amedis.es\/tienda\/wp-content\/uploads\/2020\/05\/logo-1.png","width":191,"height":80,"caption":"Amedis | Suministros M\u00e9dicos y Dentales"},"image":{"@id":"https:\/\/amedis.es\/tienda\/#\/schema\/logo\/image\/"}}]}},"brands":[],"_links":{"self":[{"href":"https:\/\/amedis.es\/tienda\/wp-json\/wp\/v2\/product\/23373","targetHints":{"allow":["GET"]}}],"collection":[{"href":"https:\/\/amedis.es\/tienda\/wp-json\/wp\/v2\/product"}],"about":[{"href":"https:\/\/amedis.es\/tienda\/wp-json\/wp\/v2\/types\/product"}],"wp:featuredmedia":[{"embeddable":true,"href":"https:\/\/amedis.es\/tienda\/wp-json\/wp\/v2\/media\/23374"}],"wp:attachment":[{"href":"https:\/\/amedis.es\/tienda\/wp-json\/wp\/v2\/media?parent=23373"}],"wp:term":[{"taxonomy":"pwb-brand","embeddable":true,"href":"https:\/\/amedis.es\/tienda\/wp-json\/wp\/v2\/pwb-brand?post=23373"},{"taxonomy":"product_brand","embeddable":true,"href":"https:\/\/amedis.es\/tienda\/wp-json\/wp\/v2\/product_brand?post=23373"},{"taxonomy":"product_cat","embeddable":true,"href":"https:\/\/amedis.es\/tienda\/wp-json\/wp\/v2\/product_cat?post=23373"},{"taxonomy":"product_tag","embeddable":true,"href":"https:\/\/amedis.es\/tienda\/wp-json\/wp\/v2\/product_tag?post=23373"}],"curies":[{"name":"wp","href":"https:\/\/api.w.org\/{rel}","templated":true}]}}