{"id":23342,"date":"2022-09-20T19:23:28","date_gmt":"2022-09-20T19:23:28","guid":{"rendered":"https:\/\/amedis.es\/tienda\/?post_type=product&#038;p=23342"},"modified":"2026-02-11T19:07:44","modified_gmt":"2026-02-11T19:07:44","slug":"canulas-de-aspiracion-ilion-id190","status":"publish","type":"product","link":"https:\/\/amedis.es\/tienda\/producto\/canulas-de-aspiracion-ilion-id190\/","title":{"rendered":"C\u00c1NULAS DE ASPIRACI\u00d3N ILION ID190"},"content":{"rendered":"<p>C\u00e1nulas de aspiraci\u00f3n Ilion ID190. C\u00e1nula universal para aspirador quir\u00fargico indicado para intervenciones sobre adultos. Empu\u00f1adura ergon\u00f3mica antideslizante que facilita el trabajo del operador forma lineal que garantiza un funcionamiento silencioso y mejores niveles de higiene y limpieza. Asegura un elevado confort al paciente gracias a su forma redondeada. Esterilizable en autoclave a 134 \u00bac. Uni\u00f3n di\u00e1metro: 16 mm. Longitud: 128 mm. Dispositivo Medico clase lla<\/p>\n","protected":false},"excerpt":{"rendered":"<p>CONTENIDO: 10 unidades.<\/p>\n","protected":false},"featured_media":23343,"template":"","meta":[],"pwb-brand":[2388],"product_brand":[],"product_cat":[113,27,89,1925,30],"product_tag":[],"class_list":{"0":"post-23342","1":"product","2":"type-product","3":"status-publish","4":"has-post-thumbnail","6":"pwb-brand-euronda","7":"product_cat-aspiradores-de-plastico","8":"product_cat-clinica","9":"product_cat-desechables","10":"product_cat-desechables-outlet","11":"product_cat-outlet","13":"first","14":"instock","15":"sale","16":"taxable","17":"shipping-taxable","18":"purchasable","19":"product-type-variable"},"yoast_head":"<!-- This site is optimized with the Yoast SEO plugin v27.4 - https:\/\/yoast.com\/product\/yoast-seo-wordpress\/ -->\n<title>C\u00c1NULAS DE ASPIRACI\u00d3N ILION ID190 | Amedis<\/title>\n<meta name=\"description\" content=\"C\u00e1nulas de aspiraci\u00f3n Ilion ID190. C\u00e1nula universal para aspirador quir\u00fargico indicado para intervenciones sobre adultos.\" \/>\n<meta name=\"robots\" content=\"index, follow, max-snippet:-1, max-image-preview:large, max-video-preview:-1\" \/>\n<link rel=\"canonical\" href=\"https:\/\/amedis.es\/tienda\/producto\/canulas-de-aspiracion-ilion-id190\/\" \/>\n<meta property=\"og:locale\" content=\"es_ES\" \/>\n<meta property=\"og:type\" content=\"article\" \/>\n<meta property=\"og:title\" content=\"C\u00c1NULAS DE ASPIRACI\u00d3N ILION ID190 | Amedis\" \/>\n<meta property=\"og:description\" content=\"C\u00e1nulas de aspiraci\u00f3n Ilion ID190. C\u00e1nula universal para aspirador quir\u00fargico indicado para intervenciones sobre adultos.\" \/>\n<meta property=\"og:url\" content=\"https:\/\/amedis.es\/tienda\/producto\/canulas-de-aspiracion-ilion-id190\/\" \/>\n<meta property=\"og:site_name\" content=\"Amedis\" \/>\n<meta property=\"article:modified_time\" content=\"2026-02-11T19:07:44+00:00\" \/>\n<meta property=\"og:image\" content=\"https:\/\/amedis.es\/tienda\/wp-content\/uploads\/2022\/09\/CANULA-ILION-190.jpg\" \/>\n\t<meta property=\"og:image:width\" content=\"600\" \/>\n\t<meta property=\"og:image:height\" content=\"600\" \/>\n\t<meta property=\"og:image:type\" content=\"image\/jpeg\" \/>\n<meta name=\"twitter:card\" content=\"summary_large_image\" \/>\n<meta name=\"twitter:label1\" content=\"Tiempo de lectura\" \/>\n\t<meta name=\"twitter:data1\" content=\"1 minuto\" \/>\n<script type=\"application\/ld+json\" class=\"yoast-schema-graph\">{\"@context\":\"https:\\\/\\\/schema.org\",\"@graph\":[{\"@type\":\"WebPage\",\"@id\":\"https:\\\/\\\/amedis.es\\\/tienda\\\/producto\\\/canulas-de-aspiracion-ilion-id190\\\/\",\"url\":\"https:\\\/\\\/amedis.es\\\/tienda\\\/producto\\\/canulas-de-aspiracion-ilion-id190\\\/\",\"name\":\"C\u00c1NULAS DE ASPIRACI\u00d3N ILION ID190 | Amedis\",\"isPartOf\":{\"@id\":\"https:\\\/\\\/amedis.es\\\/tienda\\\/#website\"},\"primaryImageOfPage\":{\"@id\":\"https:\\\/\\\/amedis.es\\\/tienda\\\/producto\\\/canulas-de-aspiracion-ilion-id190\\\/#primaryimage\"},\"image\":{\"@id\":\"https:\\\/\\\/amedis.es\\\/tienda\\\/producto\\\/canulas-de-aspiracion-ilion-id190\\\/#primaryimage\"},\"thumbnailUrl\":\"https:\\\/\\\/amedis.es\\\/tienda\\\/wp-content\\\/uploads\\\/2022\\\/09\\\/CANULA-ILION-190.jpg\",\"datePublished\":\"2022-09-20T19:23:28+00:00\",\"dateModified\":\"2026-02-11T19:07:44+00:00\",\"description\":\"C\u00e1nulas de aspiraci\u00f3n Ilion ID190. C\u00e1nula universal para aspirador quir\u00fargico indicado para intervenciones sobre adultos.\",\"breadcrumb\":{\"@id\":\"https:\\\/\\\/amedis.es\\\/tienda\\\/producto\\\/canulas-de-aspiracion-ilion-id190\\\/#breadcrumb\"},\"inLanguage\":\"es\",\"potentialAction\":[{\"@type\":\"ReadAction\",\"target\":[\"https:\\\/\\\/amedis.es\\\/tienda\\\/producto\\\/canulas-de-aspiracion-ilion-id190\\\/\"]}]},{\"@type\":\"ImageObject\",\"inLanguage\":\"es\",\"@id\":\"https:\\\/\\\/amedis.es\\\/tienda\\\/producto\\\/canulas-de-aspiracion-ilion-id190\\\/#primaryimage\",\"url\":\"https:\\\/\\\/amedis.es\\\/tienda\\\/wp-content\\\/uploads\\\/2022\\\/09\\\/CANULA-ILION-190.jpg\",\"contentUrl\":\"https:\\\/\\\/amedis.es\\\/tienda\\\/wp-content\\\/uploads\\\/2022\\\/09\\\/CANULA-ILION-190.jpg\",\"width\":600,\"height\":600,\"caption\":\"Amedis CANULA ILION 190\"},{\"@type\":\"BreadcrumbList\",\"@id\":\"https:\\\/\\\/amedis.es\\\/tienda\\\/producto\\\/canulas-de-aspiracion-ilion-id190\\\/#breadcrumb\",\"itemListElement\":[{\"@type\":\"ListItem\",\"position\":1,\"name\":\"Portada\",\"item\":\"https:\\\/\\\/amedis.es\\\/tienda\\\/\"},{\"@type\":\"ListItem\",\"position\":2,\"name\":\"Amedis | Suministros M\u00e9dicos y Dentales | Tienda\",\"item\":\"https:\\\/\\\/amedis.es\\\/tienda\\\/suministros-medicos-y-dentales\\\/\"},{\"@type\":\"ListItem\",\"position\":3,\"name\":\"C\u00c1NULAS DE ASPIRACI\u00d3N ILION ID190\"}]},{\"@type\":\"WebSite\",\"@id\":\"https:\\\/\\\/amedis.es\\\/tienda\\\/#website\",\"url\":\"https:\\\/\\\/amedis.es\\\/tienda\\\/\",\"name\":\"Amedis\",\"description\":\"Suministros M\u00e9dicos y Dentales\",\"publisher\":{\"@id\":\"https:\\\/\\\/amedis.es\\\/tienda\\\/#organization\"},\"potentialAction\":[{\"@type\":\"SearchAction\",\"target\":{\"@type\":\"EntryPoint\",\"urlTemplate\":\"https:\\\/\\\/amedis.es\\\/tienda\\\/?s={search_term_string}\"},\"query-input\":{\"@type\":\"PropertyValueSpecification\",\"valueRequired\":true,\"valueName\":\"search_term_string\"}}],\"inLanguage\":\"es\"},{\"@type\":\"Organization\",\"@id\":\"https:\\\/\\\/amedis.es\\\/tienda\\\/#organization\",\"name\":\"Amedis | Suministros M\u00e9dicos y Dentales\",\"url\":\"https:\\\/\\\/amedis.es\\\/tienda\\\/\",\"logo\":{\"@type\":\"ImageObject\",\"inLanguage\":\"es\",\"@id\":\"https:\\\/\\\/amedis.es\\\/tienda\\\/#\\\/schema\\\/logo\\\/image\\\/\",\"url\":\"https:\\\/\\\/amedis.es\\\/tienda\\\/wp-content\\\/uploads\\\/2020\\\/05\\\/logo-1.png\",\"contentUrl\":\"https:\\\/\\\/amedis.es\\\/tienda\\\/wp-content\\\/uploads\\\/2020\\\/05\\\/logo-1.png\",\"width\":191,\"height\":80,\"caption\":\"Amedis | Suministros M\u00e9dicos y Dentales\"},\"image\":{\"@id\":\"https:\\\/\\\/amedis.es\\\/tienda\\\/#\\\/schema\\\/logo\\\/image\\\/\"}}]}<\/script>\n<!-- \/ Yoast SEO plugin. -->","yoast_head_json":{"title":"C\u00c1NULAS DE ASPIRACI\u00d3N ILION ID190 | Amedis","description":"C\u00e1nulas de aspiraci\u00f3n Ilion ID190. C\u00e1nula universal para aspirador quir\u00fargico indicado para intervenciones sobre adultos.","robots":{"index":"index","follow":"follow","max-snippet":"max-snippet:-1","max-image-preview":"max-image-preview:large","max-video-preview":"max-video-preview:-1"},"canonical":"https:\/\/amedis.es\/tienda\/producto\/canulas-de-aspiracion-ilion-id190\/","og_locale":"es_ES","og_type":"article","og_title":"C\u00c1NULAS DE ASPIRACI\u00d3N ILION ID190 | Amedis","og_description":"C\u00e1nulas de aspiraci\u00f3n Ilion ID190. C\u00e1nula universal para aspirador quir\u00fargico indicado para intervenciones sobre adultos.","og_url":"https:\/\/amedis.es\/tienda\/producto\/canulas-de-aspiracion-ilion-id190\/","og_site_name":"Amedis","article_modified_time":"2026-02-11T19:07:44+00:00","og_image":[{"width":600,"height":600,"url":"https:\/\/amedis.es\/tienda\/wp-content\/uploads\/2022\/09\/CANULA-ILION-190.jpg","type":"image\/jpeg"}],"twitter_card":"summary_large_image","twitter_misc":{"Tiempo de lectura":"1 minuto"},"schema":{"@context":"https:\/\/schema.org","@graph":[{"@type":"WebPage","@id":"https:\/\/amedis.es\/tienda\/producto\/canulas-de-aspiracion-ilion-id190\/","url":"https:\/\/amedis.es\/tienda\/producto\/canulas-de-aspiracion-ilion-id190\/","name":"C\u00c1NULAS DE ASPIRACI\u00d3N ILION ID190 | Amedis","isPartOf":{"@id":"https:\/\/amedis.es\/tienda\/#website"},"primaryImageOfPage":{"@id":"https:\/\/amedis.es\/tienda\/producto\/canulas-de-aspiracion-ilion-id190\/#primaryimage"},"image":{"@id":"https:\/\/amedis.es\/tienda\/producto\/canulas-de-aspiracion-ilion-id190\/#primaryimage"},"thumbnailUrl":"https:\/\/amedis.es\/tienda\/wp-content\/uploads\/2022\/09\/CANULA-ILION-190.jpg","datePublished":"2022-09-20T19:23:28+00:00","dateModified":"2026-02-11T19:07:44+00:00","description":"C\u00e1nulas de aspiraci\u00f3n Ilion ID190. C\u00e1nula universal para aspirador quir\u00fargico indicado para intervenciones sobre adultos.","breadcrumb":{"@id":"https:\/\/amedis.es\/tienda\/producto\/canulas-de-aspiracion-ilion-id190\/#breadcrumb"},"inLanguage":"es","potentialAction":[{"@type":"ReadAction","target":["https:\/\/amedis.es\/tienda\/producto\/canulas-de-aspiracion-ilion-id190\/"]}]},{"@type":"ImageObject","inLanguage":"es","@id":"https:\/\/amedis.es\/tienda\/producto\/canulas-de-aspiracion-ilion-id190\/#primaryimage","url":"https:\/\/amedis.es\/tienda\/wp-content\/uploads\/2022\/09\/CANULA-ILION-190.jpg","contentUrl":"https:\/\/amedis.es\/tienda\/wp-content\/uploads\/2022\/09\/CANULA-ILION-190.jpg","width":600,"height":600,"caption":"Amedis CANULA ILION 190"},{"@type":"BreadcrumbList","@id":"https:\/\/amedis.es\/tienda\/producto\/canulas-de-aspiracion-ilion-id190\/#breadcrumb","itemListElement":[{"@type":"ListItem","position":1,"name":"Portada","item":"https:\/\/amedis.es\/tienda\/"},{"@type":"ListItem","position":2,"name":"Amedis | Suministros M\u00e9dicos y Dentales | Tienda","item":"https:\/\/amedis.es\/tienda\/suministros-medicos-y-dentales\/"},{"@type":"ListItem","position":3,"name":"C\u00c1NULAS DE ASPIRACI\u00d3N ILION ID190"}]},{"@type":"WebSite","@id":"https:\/\/amedis.es\/tienda\/#website","url":"https:\/\/amedis.es\/tienda\/","name":"Amedis","description":"Suministros M\u00e9dicos y Dentales","publisher":{"@id":"https:\/\/amedis.es\/tienda\/#organization"},"potentialAction":[{"@type":"SearchAction","target":{"@type":"EntryPoint","urlTemplate":"https:\/\/amedis.es\/tienda\/?s={search_term_string}"},"query-input":{"@type":"PropertyValueSpecification","valueRequired":true,"valueName":"search_term_string"}}],"inLanguage":"es"},{"@type":"Organization","@id":"https:\/\/amedis.es\/tienda\/#organization","name":"Amedis | Suministros M\u00e9dicos y Dentales","url":"https:\/\/amedis.es\/tienda\/","logo":{"@type":"ImageObject","inLanguage":"es","@id":"https:\/\/amedis.es\/tienda\/#\/schema\/logo\/image\/","url":"https:\/\/amedis.es\/tienda\/wp-content\/uploads\/2020\/05\/logo-1.png","contentUrl":"https:\/\/amedis.es\/tienda\/wp-content\/uploads\/2020\/05\/logo-1.png","width":191,"height":80,"caption":"Amedis | Suministros M\u00e9dicos y Dentales"},"image":{"@id":"https:\/\/amedis.es\/tienda\/#\/schema\/logo\/image\/"}}]}},"brands":[{"id":2388,"name":"EURONDA","slug":"euronda"}],"_links":{"self":[{"href":"https:\/\/amedis.es\/tienda\/wp-json\/wp\/v2\/product\/23342","targetHints":{"allow":["GET"]}}],"collection":[{"href":"https:\/\/amedis.es\/tienda\/wp-json\/wp\/v2\/product"}],"about":[{"href":"https:\/\/amedis.es\/tienda\/wp-json\/wp\/v2\/types\/product"}],"wp:featuredmedia":[{"embeddable":true,"href":"https:\/\/amedis.es\/tienda\/wp-json\/wp\/v2\/media\/23343"}],"wp:attachment":[{"href":"https:\/\/amedis.es\/tienda\/wp-json\/wp\/v2\/media?parent=23342"}],"wp:term":[{"taxonomy":"pwb-brand","embeddable":true,"href":"https:\/\/amedis.es\/tienda\/wp-json\/wp\/v2\/pwb-brand?post=23342"},{"taxonomy":"product_brand","embeddable":true,"href":"https:\/\/amedis.es\/tienda\/wp-json\/wp\/v2\/product_brand?post=23342"},{"taxonomy":"product_cat","embeddable":true,"href":"https:\/\/amedis.es\/tienda\/wp-json\/wp\/v2\/product_cat?post=23342"},{"taxonomy":"product_tag","embeddable":true,"href":"https:\/\/amedis.es\/tienda\/wp-json\/wp\/v2\/product_tag?post=23342"}],"curies":[{"name":"wp","href":"https:\/\/api.w.org\/{rel}","templated":true}]}}