{"id":22156,"date":"2022-07-07T19:31:37","date_gmt":"2022-07-07T19:31:37","guid":{"rendered":"https:\/\/amedis.es\/tienda\/?post_type=product&#038;p=22156"},"modified":"2026-02-11T19:08:29","modified_gmt":"2026-02-11T19:08:29","slug":"espejo-master-surgical-no-5-rosca-cs","status":"publish","type":"product","link":"https:\/\/amedis.es\/tienda\/producto\/espejo-master-surgical-no-5-rosca-cs\/","title":{"rendered":"ESPEJO MASTER SURGICAL N\u00ba 5 ROSCA CS"},"content":{"rendered":"<p>Espejo Master Surgical n\u00ba 5 rosca CS. El espejo dental de Masters ofrece una imagen clara para una exploraci\u00f3n dental perfecta. Fabricados en acero inoxidable de larga duraci\u00f3n. Los espejos tienen su extremo de trabajo inclinado para una mejor visi\u00f3n indirecta de la parte interna de la boca.<\/p>\n","protected":false},"excerpt":{"rendered":"<p>CONTENIDO: 12 unidad.<\/p>\n","protected":false},"featured_media":22116,"template":"","meta":[],"pwb-brand":[2391],"product_brand":[],"product_cat":[27,1661,1927,199,30],"product_tag":[],"class_list":{"0":"post-22156","1":"product","2":"type-product","3":"status-publish","4":"has-post-thumbnail","6":"pwb-brand-master-surgical","7":"product_cat-clinica","8":"product_cat-espejos","9":"product_cat-instrumental-outlet","10":"product_cat-instrumental","11":"product_cat-outlet","13":"first","14":"instock","15":"sale","16":"taxable","17":"shipping-taxable","18":"purchasable","19":"product-type-simple"},"yoast_head":"<!-- This site is optimized with the Yoast SEO plugin v27.3 - https:\/\/yoast.com\/product\/yoast-seo-wordpress\/ -->\n<title>ESPEJO MASTER SURGICAL N\u00ba 5 ROSCA CS | Amedis<\/title>\n<meta name=\"description\" content=\"Espejo Master Surgical n\u00ba 5 rosca CS. El espejo dental de Masters ofrece una imagen clara para una exploraci\u00f3n dental perfecta.\" \/>\n<meta name=\"robots\" content=\"index, follow, max-snippet:-1, max-image-preview:large, max-video-preview:-1\" \/>\n<link rel=\"canonical\" href=\"https:\/\/amedis.es\/tienda\/producto\/espejo-master-surgical-no-5-rosca-cs\/\" \/>\n<meta property=\"og:locale\" content=\"es_ES\" \/>\n<meta property=\"og:type\" content=\"article\" \/>\n<meta property=\"og:title\" content=\"ESPEJO MASTER SURGICAL N\u00ba 5 ROSCA CS | Amedis\" \/>\n<meta property=\"og:description\" content=\"Espejo Master Surgical n\u00ba 5 rosca CS. El espejo dental de Masters ofrece una imagen clara para una exploraci\u00f3n dental perfecta.\" \/>\n<meta property=\"og:url\" content=\"https:\/\/amedis.es\/tienda\/producto\/espejo-master-surgical-no-5-rosca-cs\/\" \/>\n<meta property=\"og:site_name\" content=\"Amedis\" \/>\n<meta property=\"article:modified_time\" content=\"2026-02-11T19:08:29+00:00\" \/>\n<meta property=\"og:image\" content=\"https:\/\/amedis.es\/tienda\/wp-content\/uploads\/2022\/07\/ESPEJOS-MASTER-SURGICAL-ROSCA-CS.jpg\" \/>\n\t<meta property=\"og:image:width\" content=\"600\" \/>\n\t<meta property=\"og:image:height\" content=\"600\" \/>\n\t<meta property=\"og:image:type\" content=\"image\/jpeg\" \/>\n<meta name=\"twitter:card\" content=\"summary_large_image\" \/>\n<meta name=\"twitter:label1\" content=\"Tiempo de lectura\" \/>\n\t<meta name=\"twitter:data1\" content=\"1 minuto\" \/>\n<script type=\"application\/ld+json\" class=\"yoast-schema-graph\">{\"@context\":\"https:\\\/\\\/schema.org\",\"@graph\":[{\"@type\":\"WebPage\",\"@id\":\"https:\\\/\\\/amedis.es\\\/tienda\\\/producto\\\/espejo-master-surgical-no-5-rosca-cs\\\/\",\"url\":\"https:\\\/\\\/amedis.es\\\/tienda\\\/producto\\\/espejo-master-surgical-no-5-rosca-cs\\\/\",\"name\":\"ESPEJO MASTER SURGICAL N\u00ba 5 ROSCA CS | Amedis\",\"isPartOf\":{\"@id\":\"https:\\\/\\\/amedis.es\\\/tienda\\\/#website\"},\"primaryImageOfPage\":{\"@id\":\"https:\\\/\\\/amedis.es\\\/tienda\\\/producto\\\/espejo-master-surgical-no-5-rosca-cs\\\/#primaryimage\"},\"image\":{\"@id\":\"https:\\\/\\\/amedis.es\\\/tienda\\\/producto\\\/espejo-master-surgical-no-5-rosca-cs\\\/#primaryimage\"},\"thumbnailUrl\":\"https:\\\/\\\/amedis.es\\\/tienda\\\/wp-content\\\/uploads\\\/2022\\\/07\\\/ESPEJOS-MASTER-SURGICAL-ROSCA-CS.jpg\",\"datePublished\":\"2022-07-07T19:31:37+00:00\",\"dateModified\":\"2026-02-11T19:08:29+00:00\",\"description\":\"Espejo Master Surgical n\u00ba 5 rosca CS. El espejo dental de Masters ofrece una imagen clara para una exploraci\u00f3n dental perfecta.\",\"breadcrumb\":{\"@id\":\"https:\\\/\\\/amedis.es\\\/tienda\\\/producto\\\/espejo-master-surgical-no-5-rosca-cs\\\/#breadcrumb\"},\"inLanguage\":\"es\",\"potentialAction\":[{\"@type\":\"ReadAction\",\"target\":[\"https:\\\/\\\/amedis.es\\\/tienda\\\/producto\\\/espejo-master-surgical-no-5-rosca-cs\\\/\"]}]},{\"@type\":\"ImageObject\",\"inLanguage\":\"es\",\"@id\":\"https:\\\/\\\/amedis.es\\\/tienda\\\/producto\\\/espejo-master-surgical-no-5-rosca-cs\\\/#primaryimage\",\"url\":\"https:\\\/\\\/amedis.es\\\/tienda\\\/wp-content\\\/uploads\\\/2022\\\/07\\\/ESPEJOS-MASTER-SURGICAL-ROSCA-CS.jpg\",\"contentUrl\":\"https:\\\/\\\/amedis.es\\\/tienda\\\/wp-content\\\/uploads\\\/2022\\\/07\\\/ESPEJOS-MASTER-SURGICAL-ROSCA-CS.jpg\",\"width\":600,\"height\":600,\"caption\":\"Amedis ESPEJOS MASTER SURGICAL ROSCA CS\"},{\"@type\":\"BreadcrumbList\",\"@id\":\"https:\\\/\\\/amedis.es\\\/tienda\\\/producto\\\/espejo-master-surgical-no-5-rosca-cs\\\/#breadcrumb\",\"itemListElement\":[{\"@type\":\"ListItem\",\"position\":1,\"name\":\"Portada\",\"item\":\"https:\\\/\\\/amedis.es\\\/tienda\\\/\"},{\"@type\":\"ListItem\",\"position\":2,\"name\":\"Amedis | Suministros M\u00e9dicos y Dentales | Tienda\",\"item\":\"https:\\\/\\\/amedis.es\\\/tienda\\\/suministros-medicos-y-dentales\\\/\"},{\"@type\":\"ListItem\",\"position\":3,\"name\":\"ESPEJO MASTER SURGICAL N\u00ba 5 ROSCA CS\"}]},{\"@type\":\"WebSite\",\"@id\":\"https:\\\/\\\/amedis.es\\\/tienda\\\/#website\",\"url\":\"https:\\\/\\\/amedis.es\\\/tienda\\\/\",\"name\":\"Amedis\",\"description\":\"Suministros M\u00e9dicos y Dentales\",\"publisher\":{\"@id\":\"https:\\\/\\\/amedis.es\\\/tienda\\\/#organization\"},\"potentialAction\":[{\"@type\":\"SearchAction\",\"target\":{\"@type\":\"EntryPoint\",\"urlTemplate\":\"https:\\\/\\\/amedis.es\\\/tienda\\\/?s={search_term_string}\"},\"query-input\":{\"@type\":\"PropertyValueSpecification\",\"valueRequired\":true,\"valueName\":\"search_term_string\"}}],\"inLanguage\":\"es\"},{\"@type\":\"Organization\",\"@id\":\"https:\\\/\\\/amedis.es\\\/tienda\\\/#organization\",\"name\":\"Amedis | Suministros M\u00e9dicos y Dentales\",\"url\":\"https:\\\/\\\/amedis.es\\\/tienda\\\/\",\"logo\":{\"@type\":\"ImageObject\",\"inLanguage\":\"es\",\"@id\":\"https:\\\/\\\/amedis.es\\\/tienda\\\/#\\\/schema\\\/logo\\\/image\\\/\",\"url\":\"https:\\\/\\\/amedis.es\\\/tienda\\\/wp-content\\\/uploads\\\/2020\\\/05\\\/logo-1.png\",\"contentUrl\":\"https:\\\/\\\/amedis.es\\\/tienda\\\/wp-content\\\/uploads\\\/2020\\\/05\\\/logo-1.png\",\"width\":191,\"height\":80,\"caption\":\"Amedis | Suministros M\u00e9dicos y Dentales\"},\"image\":{\"@id\":\"https:\\\/\\\/amedis.es\\\/tienda\\\/#\\\/schema\\\/logo\\\/image\\\/\"}}]}<\/script>\n<!-- \/ Yoast SEO plugin. -->","yoast_head_json":{"title":"ESPEJO MASTER SURGICAL N\u00ba 5 ROSCA CS | Amedis","description":"Espejo Master Surgical n\u00ba 5 rosca CS. El espejo dental de Masters ofrece una imagen clara para una exploraci\u00f3n dental perfecta.","robots":{"index":"index","follow":"follow","max-snippet":"max-snippet:-1","max-image-preview":"max-image-preview:large","max-video-preview":"max-video-preview:-1"},"canonical":"https:\/\/amedis.es\/tienda\/producto\/espejo-master-surgical-no-5-rosca-cs\/","og_locale":"es_ES","og_type":"article","og_title":"ESPEJO MASTER SURGICAL N\u00ba 5 ROSCA CS | Amedis","og_description":"Espejo Master Surgical n\u00ba 5 rosca CS. El espejo dental de Masters ofrece una imagen clara para una exploraci\u00f3n dental perfecta.","og_url":"https:\/\/amedis.es\/tienda\/producto\/espejo-master-surgical-no-5-rosca-cs\/","og_site_name":"Amedis","article_modified_time":"2026-02-11T19:08:29+00:00","og_image":[{"width":600,"height":600,"url":"https:\/\/amedis.es\/tienda\/wp-content\/uploads\/2022\/07\/ESPEJOS-MASTER-SURGICAL-ROSCA-CS.jpg","type":"image\/jpeg"}],"twitter_card":"summary_large_image","twitter_misc":{"Tiempo de lectura":"1 minuto"},"schema":{"@context":"https:\/\/schema.org","@graph":[{"@type":"WebPage","@id":"https:\/\/amedis.es\/tienda\/producto\/espejo-master-surgical-no-5-rosca-cs\/","url":"https:\/\/amedis.es\/tienda\/producto\/espejo-master-surgical-no-5-rosca-cs\/","name":"ESPEJO MASTER SURGICAL N\u00ba 5 ROSCA CS | Amedis","isPartOf":{"@id":"https:\/\/amedis.es\/tienda\/#website"},"primaryImageOfPage":{"@id":"https:\/\/amedis.es\/tienda\/producto\/espejo-master-surgical-no-5-rosca-cs\/#primaryimage"},"image":{"@id":"https:\/\/amedis.es\/tienda\/producto\/espejo-master-surgical-no-5-rosca-cs\/#primaryimage"},"thumbnailUrl":"https:\/\/amedis.es\/tienda\/wp-content\/uploads\/2022\/07\/ESPEJOS-MASTER-SURGICAL-ROSCA-CS.jpg","datePublished":"2022-07-07T19:31:37+00:00","dateModified":"2026-02-11T19:08:29+00:00","description":"Espejo Master Surgical n\u00ba 5 rosca CS. El espejo dental de Masters ofrece una imagen clara para una exploraci\u00f3n dental perfecta.","breadcrumb":{"@id":"https:\/\/amedis.es\/tienda\/producto\/espejo-master-surgical-no-5-rosca-cs\/#breadcrumb"},"inLanguage":"es","potentialAction":[{"@type":"ReadAction","target":["https:\/\/amedis.es\/tienda\/producto\/espejo-master-surgical-no-5-rosca-cs\/"]}]},{"@type":"ImageObject","inLanguage":"es","@id":"https:\/\/amedis.es\/tienda\/producto\/espejo-master-surgical-no-5-rosca-cs\/#primaryimage","url":"https:\/\/amedis.es\/tienda\/wp-content\/uploads\/2022\/07\/ESPEJOS-MASTER-SURGICAL-ROSCA-CS.jpg","contentUrl":"https:\/\/amedis.es\/tienda\/wp-content\/uploads\/2022\/07\/ESPEJOS-MASTER-SURGICAL-ROSCA-CS.jpg","width":600,"height":600,"caption":"Amedis ESPEJOS MASTER SURGICAL ROSCA CS"},{"@type":"BreadcrumbList","@id":"https:\/\/amedis.es\/tienda\/producto\/espejo-master-surgical-no-5-rosca-cs\/#breadcrumb","itemListElement":[{"@type":"ListItem","position":1,"name":"Portada","item":"https:\/\/amedis.es\/tienda\/"},{"@type":"ListItem","position":2,"name":"Amedis | Suministros M\u00e9dicos y Dentales | Tienda","item":"https:\/\/amedis.es\/tienda\/suministros-medicos-y-dentales\/"},{"@type":"ListItem","position":3,"name":"ESPEJO MASTER SURGICAL N\u00ba 5 ROSCA CS"}]},{"@type":"WebSite","@id":"https:\/\/amedis.es\/tienda\/#website","url":"https:\/\/amedis.es\/tienda\/","name":"Amedis","description":"Suministros M\u00e9dicos y Dentales","publisher":{"@id":"https:\/\/amedis.es\/tienda\/#organization"},"potentialAction":[{"@type":"SearchAction","target":{"@type":"EntryPoint","urlTemplate":"https:\/\/amedis.es\/tienda\/?s={search_term_string}"},"query-input":{"@type":"PropertyValueSpecification","valueRequired":true,"valueName":"search_term_string"}}],"inLanguage":"es"},{"@type":"Organization","@id":"https:\/\/amedis.es\/tienda\/#organization","name":"Amedis | Suministros M\u00e9dicos y Dentales","url":"https:\/\/amedis.es\/tienda\/","logo":{"@type":"ImageObject","inLanguage":"es","@id":"https:\/\/amedis.es\/tienda\/#\/schema\/logo\/image\/","url":"https:\/\/amedis.es\/tienda\/wp-content\/uploads\/2020\/05\/logo-1.png","contentUrl":"https:\/\/amedis.es\/tienda\/wp-content\/uploads\/2020\/05\/logo-1.png","width":191,"height":80,"caption":"Amedis | Suministros M\u00e9dicos y Dentales"},"image":{"@id":"https:\/\/amedis.es\/tienda\/#\/schema\/logo\/image\/"}}]}},"brands":[{"id":2391,"name":"MASTER SURGICAL","slug":"master-surgical"}],"_links":{"self":[{"href":"https:\/\/amedis.es\/tienda\/wp-json\/wp\/v2\/product\/22156","targetHints":{"allow":["GET"]}}],"collection":[{"href":"https:\/\/amedis.es\/tienda\/wp-json\/wp\/v2\/product"}],"about":[{"href":"https:\/\/amedis.es\/tienda\/wp-json\/wp\/v2\/types\/product"}],"wp:featuredmedia":[{"embeddable":true,"href":"https:\/\/amedis.es\/tienda\/wp-json\/wp\/v2\/media\/22116"}],"wp:attachment":[{"href":"https:\/\/amedis.es\/tienda\/wp-json\/wp\/v2\/media?parent=22156"}],"wp:term":[{"taxonomy":"pwb-brand","embeddable":true,"href":"https:\/\/amedis.es\/tienda\/wp-json\/wp\/v2\/pwb-brand?post=22156"},{"taxonomy":"product_brand","embeddable":true,"href":"https:\/\/amedis.es\/tienda\/wp-json\/wp\/v2\/product_brand?post=22156"},{"taxonomy":"product_cat","embeddable":true,"href":"https:\/\/amedis.es\/tienda\/wp-json\/wp\/v2\/product_cat?post=22156"},{"taxonomy":"product_tag","embeddable":true,"href":"https:\/\/amedis.es\/tienda\/wp-json\/wp\/v2\/product_tag?post=22156"}],"curies":[{"name":"wp","href":"https:\/\/api.w.org\/{rel}","templated":true}]}}