{"id":22148,"date":"2022-07-07T19:06:57","date_gmt":"2022-07-07T19:06:57","guid":{"rendered":"https:\/\/amedis.es\/tienda\/?post_type=product&#038;p=22148"},"modified":"2025-06-23T16:55:31","modified_gmt":"2025-06-23T16:55:31","slug":"planchas-mouthguard-1-mm-clarben","status":"publish","type":"product","link":"https:\/\/amedis.es\/tienda\/producto\/planchas-mouthguard-1-mm-clarben\/","title":{"rendered":"PLANCHAS MOUTHGUARD 1 mm. CLARBEN"},"content":{"rendered":"<p>Planchas Mouthguard 1 mm. Planchas para la elaboraci\u00f3n de adaptaciones termopl\u00e1sticas para fines odontol\u00f3gicos mediante el uso de m\u00e1quinas de vac\u00edo compatibles.<\/p>\n<p>&#8211; Libres de l\u00e1tex.<br \/>\n&#8211; Planchas termopl\u00e1sticas transparentes y flexibles.<br \/>\n&#8211; Se moldean f\u00e1cilmente.<br \/>\n&#8211; Pueden recortarse con facilidad.<\/p>\n","protected":false},"excerpt":{"rendered":"<p>CONTENIDO: 12 unidades<\/p>\n","protected":false},"featured_media":22145,"template":"","meta":[],"pwb-brand":[2362],"product_brand":[],"product_cat":[27,176,189],"product_tag":[],"class_list":{"0":"post-22148","1":"product","2":"type-product","3":"status-publish","4":"has-post-thumbnail","6":"pwb-brand-laboratorios-clarben","7":"product_cat-clinica","8":"product_cat-impresion","9":"product_cat-planchas","11":"first","12":"instock","13":"sale","14":"taxable","15":"shipping-taxable","16":"purchasable","17":"product-type-simple"},"yoast_head":"<!-- This site is optimized with the Yoast SEO plugin v27.3 - https:\/\/yoast.com\/product\/yoast-seo-wordpress\/ -->\n<title>PLANCHAS MOUTHGUARD 1 mm. CLARBEN | Amedis<\/title>\n<meta name=\"description\" content=\"Planchas Mouthguard 1 mm. Planchas para la elaboraci\u00f3n de adaptaciones termopl\u00e1sticas para fines odontol\u00f3gicos.\" \/>\n<meta name=\"robots\" content=\"index, follow, max-snippet:-1, max-image-preview:large, max-video-preview:-1\" \/>\n<link rel=\"canonical\" href=\"https:\/\/amedis.es\/tienda\/producto\/planchas-mouthguard-1-mm-clarben\/\" \/>\n<meta property=\"og:locale\" content=\"es_ES\" \/>\n<meta property=\"og:type\" content=\"article\" \/>\n<meta property=\"og:title\" content=\"PLANCHAS MOUTHGUARD 1 mm. CLARBEN | Amedis\" \/>\n<meta property=\"og:description\" content=\"Planchas Mouthguard 1 mm. Planchas para la elaboraci\u00f3n de adaptaciones termopl\u00e1sticas para fines odontol\u00f3gicos.\" \/>\n<meta property=\"og:url\" content=\"https:\/\/amedis.es\/tienda\/producto\/planchas-mouthguard-1-mm-clarben\/\" \/>\n<meta property=\"og:site_name\" content=\"Amedis\" \/>\n<meta property=\"article:modified_time\" content=\"2025-06-23T16:55:31+00:00\" \/>\n<meta property=\"og:image\" content=\"https:\/\/amedis.es\/tienda\/wp-content\/uploads\/2022\/07\/PLANCHAS-MOUTHGUARD.jpg\" \/>\n\t<meta property=\"og:image:width\" content=\"600\" \/>\n\t<meta property=\"og:image:height\" content=\"600\" \/>\n\t<meta property=\"og:image:type\" content=\"image\/jpeg\" \/>\n<meta name=\"twitter:card\" content=\"summary_large_image\" \/>\n<meta name=\"twitter:label1\" content=\"Tiempo de lectura\" \/>\n\t<meta name=\"twitter:data1\" content=\"1 minuto\" \/>\n<script type=\"application\/ld+json\" class=\"yoast-schema-graph\">{\"@context\":\"https:\\\/\\\/schema.org\",\"@graph\":[{\"@type\":\"WebPage\",\"@id\":\"https:\\\/\\\/amedis.es\\\/tienda\\\/producto\\\/planchas-mouthguard-1-mm-clarben\\\/\",\"url\":\"https:\\\/\\\/amedis.es\\\/tienda\\\/producto\\\/planchas-mouthguard-1-mm-clarben\\\/\",\"name\":\"PLANCHAS MOUTHGUARD 1 mm. CLARBEN | Amedis\",\"isPartOf\":{\"@id\":\"https:\\\/\\\/amedis.es\\\/tienda\\\/#website\"},\"primaryImageOfPage\":{\"@id\":\"https:\\\/\\\/amedis.es\\\/tienda\\\/producto\\\/planchas-mouthguard-1-mm-clarben\\\/#primaryimage\"},\"image\":{\"@id\":\"https:\\\/\\\/amedis.es\\\/tienda\\\/producto\\\/planchas-mouthguard-1-mm-clarben\\\/#primaryimage\"},\"thumbnailUrl\":\"https:\\\/\\\/amedis.es\\\/tienda\\\/wp-content\\\/uploads\\\/2022\\\/07\\\/PLANCHAS-MOUTHGUARD.jpg\",\"datePublished\":\"2022-07-07T19:06:57+00:00\",\"dateModified\":\"2025-06-23T16:55:31+00:00\",\"description\":\"Planchas Mouthguard 1 mm. Planchas para la elaboraci\u00f3n de adaptaciones termopl\u00e1sticas para fines odontol\u00f3gicos.\",\"breadcrumb\":{\"@id\":\"https:\\\/\\\/amedis.es\\\/tienda\\\/producto\\\/planchas-mouthguard-1-mm-clarben\\\/#breadcrumb\"},\"inLanguage\":\"es\",\"potentialAction\":[{\"@type\":\"ReadAction\",\"target\":[\"https:\\\/\\\/amedis.es\\\/tienda\\\/producto\\\/planchas-mouthguard-1-mm-clarben\\\/\"]}]},{\"@type\":\"ImageObject\",\"inLanguage\":\"es\",\"@id\":\"https:\\\/\\\/amedis.es\\\/tienda\\\/producto\\\/planchas-mouthguard-1-mm-clarben\\\/#primaryimage\",\"url\":\"https:\\\/\\\/amedis.es\\\/tienda\\\/wp-content\\\/uploads\\\/2022\\\/07\\\/PLANCHAS-MOUTHGUARD.jpg\",\"contentUrl\":\"https:\\\/\\\/amedis.es\\\/tienda\\\/wp-content\\\/uploads\\\/2022\\\/07\\\/PLANCHAS-MOUTHGUARD.jpg\",\"width\":600,\"height\":600,\"caption\":\"Amedis PLANCHAS MOUTHGUARD 3 mm.\"},{\"@type\":\"BreadcrumbList\",\"@id\":\"https:\\\/\\\/amedis.es\\\/tienda\\\/producto\\\/planchas-mouthguard-1-mm-clarben\\\/#breadcrumb\",\"itemListElement\":[{\"@type\":\"ListItem\",\"position\":1,\"name\":\"Portada\",\"item\":\"https:\\\/\\\/amedis.es\\\/tienda\\\/\"},{\"@type\":\"ListItem\",\"position\":2,\"name\":\"Amedis | Suministros M\u00e9dicos y Dentales | Tienda\",\"item\":\"https:\\\/\\\/amedis.es\\\/tienda\\\/suministros-medicos-y-dentales\\\/\"},{\"@type\":\"ListItem\",\"position\":3,\"name\":\"PLANCHAS MOUTHGUARD 1 mm. CLARBEN\"}]},{\"@type\":\"WebSite\",\"@id\":\"https:\\\/\\\/amedis.es\\\/tienda\\\/#website\",\"url\":\"https:\\\/\\\/amedis.es\\\/tienda\\\/\",\"name\":\"Amedis\",\"description\":\"Suministros M\u00e9dicos y Dentales\",\"publisher\":{\"@id\":\"https:\\\/\\\/amedis.es\\\/tienda\\\/#organization\"},\"potentialAction\":[{\"@type\":\"SearchAction\",\"target\":{\"@type\":\"EntryPoint\",\"urlTemplate\":\"https:\\\/\\\/amedis.es\\\/tienda\\\/?s={search_term_string}\"},\"query-input\":{\"@type\":\"PropertyValueSpecification\",\"valueRequired\":true,\"valueName\":\"search_term_string\"}}],\"inLanguage\":\"es\"},{\"@type\":\"Organization\",\"@id\":\"https:\\\/\\\/amedis.es\\\/tienda\\\/#organization\",\"name\":\"Amedis | Suministros M\u00e9dicos y Dentales\",\"url\":\"https:\\\/\\\/amedis.es\\\/tienda\\\/\",\"logo\":{\"@type\":\"ImageObject\",\"inLanguage\":\"es\",\"@id\":\"https:\\\/\\\/amedis.es\\\/tienda\\\/#\\\/schema\\\/logo\\\/image\\\/\",\"url\":\"https:\\\/\\\/amedis.es\\\/tienda\\\/wp-content\\\/uploads\\\/2020\\\/05\\\/logo-1.png\",\"contentUrl\":\"https:\\\/\\\/amedis.es\\\/tienda\\\/wp-content\\\/uploads\\\/2020\\\/05\\\/logo-1.png\",\"width\":191,\"height\":80,\"caption\":\"Amedis | Suministros M\u00e9dicos y Dentales\"},\"image\":{\"@id\":\"https:\\\/\\\/amedis.es\\\/tienda\\\/#\\\/schema\\\/logo\\\/image\\\/\"}}]}<\/script>\n<!-- \/ Yoast SEO plugin. -->","yoast_head_json":{"title":"PLANCHAS MOUTHGUARD 1 mm. CLARBEN | Amedis","description":"Planchas Mouthguard 1 mm. Planchas para la elaboraci\u00f3n de adaptaciones termopl\u00e1sticas para fines odontol\u00f3gicos.","robots":{"index":"index","follow":"follow","max-snippet":"max-snippet:-1","max-image-preview":"max-image-preview:large","max-video-preview":"max-video-preview:-1"},"canonical":"https:\/\/amedis.es\/tienda\/producto\/planchas-mouthguard-1-mm-clarben\/","og_locale":"es_ES","og_type":"article","og_title":"PLANCHAS MOUTHGUARD 1 mm. CLARBEN | Amedis","og_description":"Planchas Mouthguard 1 mm. Planchas para la elaboraci\u00f3n de adaptaciones termopl\u00e1sticas para fines odontol\u00f3gicos.","og_url":"https:\/\/amedis.es\/tienda\/producto\/planchas-mouthguard-1-mm-clarben\/","og_site_name":"Amedis","article_modified_time":"2025-06-23T16:55:31+00:00","og_image":[{"width":600,"height":600,"url":"https:\/\/amedis.es\/tienda\/wp-content\/uploads\/2022\/07\/PLANCHAS-MOUTHGUARD.jpg","type":"image\/jpeg"}],"twitter_card":"summary_large_image","twitter_misc":{"Tiempo de lectura":"1 minuto"},"schema":{"@context":"https:\/\/schema.org","@graph":[{"@type":"WebPage","@id":"https:\/\/amedis.es\/tienda\/producto\/planchas-mouthguard-1-mm-clarben\/","url":"https:\/\/amedis.es\/tienda\/producto\/planchas-mouthguard-1-mm-clarben\/","name":"PLANCHAS MOUTHGUARD 1 mm. CLARBEN | Amedis","isPartOf":{"@id":"https:\/\/amedis.es\/tienda\/#website"},"primaryImageOfPage":{"@id":"https:\/\/amedis.es\/tienda\/producto\/planchas-mouthguard-1-mm-clarben\/#primaryimage"},"image":{"@id":"https:\/\/amedis.es\/tienda\/producto\/planchas-mouthguard-1-mm-clarben\/#primaryimage"},"thumbnailUrl":"https:\/\/amedis.es\/tienda\/wp-content\/uploads\/2022\/07\/PLANCHAS-MOUTHGUARD.jpg","datePublished":"2022-07-07T19:06:57+00:00","dateModified":"2025-06-23T16:55:31+00:00","description":"Planchas Mouthguard 1 mm. Planchas para la elaboraci\u00f3n de adaptaciones termopl\u00e1sticas para fines odontol\u00f3gicos.","breadcrumb":{"@id":"https:\/\/amedis.es\/tienda\/producto\/planchas-mouthguard-1-mm-clarben\/#breadcrumb"},"inLanguage":"es","potentialAction":[{"@type":"ReadAction","target":["https:\/\/amedis.es\/tienda\/producto\/planchas-mouthguard-1-mm-clarben\/"]}]},{"@type":"ImageObject","inLanguage":"es","@id":"https:\/\/amedis.es\/tienda\/producto\/planchas-mouthguard-1-mm-clarben\/#primaryimage","url":"https:\/\/amedis.es\/tienda\/wp-content\/uploads\/2022\/07\/PLANCHAS-MOUTHGUARD.jpg","contentUrl":"https:\/\/amedis.es\/tienda\/wp-content\/uploads\/2022\/07\/PLANCHAS-MOUTHGUARD.jpg","width":600,"height":600,"caption":"Amedis PLANCHAS MOUTHGUARD 3 mm."},{"@type":"BreadcrumbList","@id":"https:\/\/amedis.es\/tienda\/producto\/planchas-mouthguard-1-mm-clarben\/#breadcrumb","itemListElement":[{"@type":"ListItem","position":1,"name":"Portada","item":"https:\/\/amedis.es\/tienda\/"},{"@type":"ListItem","position":2,"name":"Amedis | Suministros M\u00e9dicos y Dentales | Tienda","item":"https:\/\/amedis.es\/tienda\/suministros-medicos-y-dentales\/"},{"@type":"ListItem","position":3,"name":"PLANCHAS MOUTHGUARD 1 mm. CLARBEN"}]},{"@type":"WebSite","@id":"https:\/\/amedis.es\/tienda\/#website","url":"https:\/\/amedis.es\/tienda\/","name":"Amedis","description":"Suministros M\u00e9dicos y Dentales","publisher":{"@id":"https:\/\/amedis.es\/tienda\/#organization"},"potentialAction":[{"@type":"SearchAction","target":{"@type":"EntryPoint","urlTemplate":"https:\/\/amedis.es\/tienda\/?s={search_term_string}"},"query-input":{"@type":"PropertyValueSpecification","valueRequired":true,"valueName":"search_term_string"}}],"inLanguage":"es"},{"@type":"Organization","@id":"https:\/\/amedis.es\/tienda\/#organization","name":"Amedis | Suministros M\u00e9dicos y Dentales","url":"https:\/\/amedis.es\/tienda\/","logo":{"@type":"ImageObject","inLanguage":"es","@id":"https:\/\/amedis.es\/tienda\/#\/schema\/logo\/image\/","url":"https:\/\/amedis.es\/tienda\/wp-content\/uploads\/2020\/05\/logo-1.png","contentUrl":"https:\/\/amedis.es\/tienda\/wp-content\/uploads\/2020\/05\/logo-1.png","width":191,"height":80,"caption":"Amedis | Suministros M\u00e9dicos y Dentales"},"image":{"@id":"https:\/\/amedis.es\/tienda\/#\/schema\/logo\/image\/"}}]}},"brands":[{"id":2362,"name":"LABORATORIOS CLARBEN","slug":"laboratorios-clarben"}],"_links":{"self":[{"href":"https:\/\/amedis.es\/tienda\/wp-json\/wp\/v2\/product\/22148","targetHints":{"allow":["GET"]}}],"collection":[{"href":"https:\/\/amedis.es\/tienda\/wp-json\/wp\/v2\/product"}],"about":[{"href":"https:\/\/amedis.es\/tienda\/wp-json\/wp\/v2\/types\/product"}],"wp:featuredmedia":[{"embeddable":true,"href":"https:\/\/amedis.es\/tienda\/wp-json\/wp\/v2\/media\/22145"}],"wp:attachment":[{"href":"https:\/\/amedis.es\/tienda\/wp-json\/wp\/v2\/media?parent=22148"}],"wp:term":[{"taxonomy":"pwb-brand","embeddable":true,"href":"https:\/\/amedis.es\/tienda\/wp-json\/wp\/v2\/pwb-brand?post=22148"},{"taxonomy":"product_brand","embeddable":true,"href":"https:\/\/amedis.es\/tienda\/wp-json\/wp\/v2\/product_brand?post=22148"},{"taxonomy":"product_cat","embeddable":true,"href":"https:\/\/amedis.es\/tienda\/wp-json\/wp\/v2\/product_cat?post=22148"},{"taxonomy":"product_tag","embeddable":true,"href":"https:\/\/amedis.es\/tienda\/wp-json\/wp\/v2\/product_tag?post=22148"}],"curies":[{"name":"wp","href":"https:\/\/api.w.org\/{rel}","templated":true}]}}