{"id":21508,"date":"2022-06-19T18:46:10","date_gmt":"2022-06-19T18:46:10","guid":{"rendered":"https:\/\/amedis.es\/tienda\/?post_type=product&#038;p=21508"},"modified":"2026-01-28T13:18:15","modified_gmt":"2026-01-28T13:18:15","slug":"tiras-kerr-293-3-9-mm-fino-extrafino","status":"publish","type":"product","link":"https:\/\/amedis.es\/tienda\/producto\/tiras-kerr-293-3-9-mm-fino-extrafino\/","title":{"rendered":"TIRAS KERR 293 3.9 mm FINO\/EXTRAFINO"},"content":{"rendered":"<p>Tiras Kerr 293 3,9 mm fino\/extrafino. Realizadas en poli\u00e9ster flexible e impregnadas de part\u00edculas de \u00f3xido de aluminio adhesivas. Disponible en dos anchos y 4 tama\u00f1os de grano diferentes.<\/p>\n","protected":false},"excerpt":{"rendered":"<p>CONTENIDO: 100 unidades.<\/p>\n","protected":false},"featured_media":21509,"template":"","meta":[],"pwb-brand":[2356],"product_brand":[],"product_cat":[27,245,250],"product_tag":[],"class_list":{"0":"post-21508","1":"product","2":"type-product","3":"status-publish","4":"has-post-thumbnail","6":"pwb-brand-kerr","7":"product_cat-clinica","8":"product_cat-pulidores","9":"product_cat-tiras-de-acabado","11":"first","12":"instock","13":"sale","14":"taxable","15":"shipping-taxable","16":"purchasable","17":"product-type-simple"},"yoast_head":"<!-- This site is optimized with the Yoast SEO plugin v27.3 - https:\/\/yoast.com\/product\/yoast-seo-wordpress\/ -->\n<title>TIRAS KERR 293 3.9 mm FINO\/EXTRAFINO | Amedis |<\/title>\n<meta name=\"description\" content=\"Tiras Kerr 293 3,9 mm fino\/extrafino. Realizadas en poli\u00e9ster flexible e impregnadas de part\u00edculas de \u00f3xido de aluminio adhesivas.\" \/>\n<meta name=\"robots\" content=\"index, follow, max-snippet:-1, max-image-preview:large, max-video-preview:-1\" \/>\n<link rel=\"canonical\" href=\"https:\/\/amedis.es\/tienda\/producto\/tiras-kerr-293-3-9-mm-fino-extrafino\/\" \/>\n<meta property=\"og:locale\" content=\"es_ES\" \/>\n<meta property=\"og:type\" content=\"article\" \/>\n<meta property=\"og:title\" content=\"TIRAS KERR 293 3.9 mm FINO\/EXTRAFINO | Amedis |\" \/>\n<meta property=\"og:description\" content=\"Tiras Kerr 293 3,9 mm fino\/extrafino. Realizadas en poli\u00e9ster flexible e impregnadas de part\u00edculas de \u00f3xido de aluminio adhesivas.\" \/>\n<meta property=\"og:url\" content=\"https:\/\/amedis.es\/tienda\/producto\/tiras-kerr-293-3-9-mm-fino-extrafino\/\" \/>\n<meta property=\"og:site_name\" content=\"Amedis\" \/>\n<meta property=\"article:modified_time\" content=\"2026-01-28T13:18:15+00:00\" \/>\n<meta property=\"og:image\" content=\"https:\/\/amedis.es\/tienda\/wp-content\/uploads\/2022\/06\/TIRAS-KERR-293.jpg\" \/>\n\t<meta property=\"og:image:width\" content=\"600\" \/>\n\t<meta property=\"og:image:height\" content=\"600\" \/>\n\t<meta property=\"og:image:type\" content=\"image\/jpeg\" \/>\n<meta name=\"twitter:card\" content=\"summary_large_image\" \/>\n<meta name=\"twitter:label1\" content=\"Tiempo de lectura\" \/>\n\t<meta name=\"twitter:data1\" content=\"1 minuto\" \/>\n<script type=\"application\/ld+json\" class=\"yoast-schema-graph\">{\"@context\":\"https:\\\/\\\/schema.org\",\"@graph\":[{\"@type\":\"WebPage\",\"@id\":\"https:\\\/\\\/amedis.es\\\/tienda\\\/producto\\\/tiras-kerr-293-3-9-mm-fino-extrafino\\\/\",\"url\":\"https:\\\/\\\/amedis.es\\\/tienda\\\/producto\\\/tiras-kerr-293-3-9-mm-fino-extrafino\\\/\",\"name\":\"TIRAS KERR 293 3.9 mm FINO\\\/EXTRAFINO | Amedis |\",\"isPartOf\":{\"@id\":\"https:\\\/\\\/amedis.es\\\/tienda\\\/#website\"},\"primaryImageOfPage\":{\"@id\":\"https:\\\/\\\/amedis.es\\\/tienda\\\/producto\\\/tiras-kerr-293-3-9-mm-fino-extrafino\\\/#primaryimage\"},\"image\":{\"@id\":\"https:\\\/\\\/amedis.es\\\/tienda\\\/producto\\\/tiras-kerr-293-3-9-mm-fino-extrafino\\\/#primaryimage\"},\"thumbnailUrl\":\"https:\\\/\\\/amedis.es\\\/tienda\\\/wp-content\\\/uploads\\\/2022\\\/06\\\/TIRAS-KERR-293.jpg\",\"datePublished\":\"2022-06-19T18:46:10+00:00\",\"dateModified\":\"2026-01-28T13:18:15+00:00\",\"description\":\"Tiras Kerr 293 3,9 mm fino\\\/extrafino. Realizadas en poli\u00e9ster flexible e impregnadas de part\u00edculas de \u00f3xido de aluminio adhesivas.\",\"breadcrumb\":{\"@id\":\"https:\\\/\\\/amedis.es\\\/tienda\\\/producto\\\/tiras-kerr-293-3-9-mm-fino-extrafino\\\/#breadcrumb\"},\"inLanguage\":\"es\",\"potentialAction\":[{\"@type\":\"ReadAction\",\"target\":[\"https:\\\/\\\/amedis.es\\\/tienda\\\/producto\\\/tiras-kerr-293-3-9-mm-fino-extrafino\\\/\"]}]},{\"@type\":\"ImageObject\",\"inLanguage\":\"es\",\"@id\":\"https:\\\/\\\/amedis.es\\\/tienda\\\/producto\\\/tiras-kerr-293-3-9-mm-fino-extrafino\\\/#primaryimage\",\"url\":\"https:\\\/\\\/amedis.es\\\/tienda\\\/wp-content\\\/uploads\\\/2022\\\/06\\\/TIRAS-KERR-293.jpg\",\"contentUrl\":\"https:\\\/\\\/amedis.es\\\/tienda\\\/wp-content\\\/uploads\\\/2022\\\/06\\\/TIRAS-KERR-293.jpg\",\"width\":600,\"height\":600,\"caption\":\"Amedis TIRAS KERR 293\"},{\"@type\":\"BreadcrumbList\",\"@id\":\"https:\\\/\\\/amedis.es\\\/tienda\\\/producto\\\/tiras-kerr-293-3-9-mm-fino-extrafino\\\/#breadcrumb\",\"itemListElement\":[{\"@type\":\"ListItem\",\"position\":1,\"name\":\"Portada\",\"item\":\"https:\\\/\\\/amedis.es\\\/tienda\\\/\"},{\"@type\":\"ListItem\",\"position\":2,\"name\":\"Amedis | Suministros M\u00e9dicos y Dentales | Tienda\",\"item\":\"https:\\\/\\\/amedis.es\\\/tienda\\\/suministros-medicos-y-dentales\\\/\"},{\"@type\":\"ListItem\",\"position\":3,\"name\":\"TIRAS KERR 293 3.9 mm FINO\\\/EXTRAFINO\"}]},{\"@type\":\"WebSite\",\"@id\":\"https:\\\/\\\/amedis.es\\\/tienda\\\/#website\",\"url\":\"https:\\\/\\\/amedis.es\\\/tienda\\\/\",\"name\":\"Amedis\",\"description\":\"Suministros M\u00e9dicos y Dentales\",\"publisher\":{\"@id\":\"https:\\\/\\\/amedis.es\\\/tienda\\\/#organization\"},\"potentialAction\":[{\"@type\":\"SearchAction\",\"target\":{\"@type\":\"EntryPoint\",\"urlTemplate\":\"https:\\\/\\\/amedis.es\\\/tienda\\\/?s={search_term_string}\"},\"query-input\":{\"@type\":\"PropertyValueSpecification\",\"valueRequired\":true,\"valueName\":\"search_term_string\"}}],\"inLanguage\":\"es\"},{\"@type\":\"Organization\",\"@id\":\"https:\\\/\\\/amedis.es\\\/tienda\\\/#organization\",\"name\":\"Amedis | Suministros M\u00e9dicos y Dentales\",\"url\":\"https:\\\/\\\/amedis.es\\\/tienda\\\/\",\"logo\":{\"@type\":\"ImageObject\",\"inLanguage\":\"es\",\"@id\":\"https:\\\/\\\/amedis.es\\\/tienda\\\/#\\\/schema\\\/logo\\\/image\\\/\",\"url\":\"https:\\\/\\\/amedis.es\\\/tienda\\\/wp-content\\\/uploads\\\/2020\\\/05\\\/logo-1.png\",\"contentUrl\":\"https:\\\/\\\/amedis.es\\\/tienda\\\/wp-content\\\/uploads\\\/2020\\\/05\\\/logo-1.png\",\"width\":191,\"height\":80,\"caption\":\"Amedis | Suministros M\u00e9dicos y Dentales\"},\"image\":{\"@id\":\"https:\\\/\\\/amedis.es\\\/tienda\\\/#\\\/schema\\\/logo\\\/image\\\/\"}}]}<\/script>\n<!-- \/ Yoast SEO plugin. -->","yoast_head_json":{"title":"TIRAS KERR 293 3.9 mm FINO\/EXTRAFINO | Amedis |","description":"Tiras Kerr 293 3,9 mm fino\/extrafino. Realizadas en poli\u00e9ster flexible e impregnadas de part\u00edculas de \u00f3xido de aluminio adhesivas.","robots":{"index":"index","follow":"follow","max-snippet":"max-snippet:-1","max-image-preview":"max-image-preview:large","max-video-preview":"max-video-preview:-1"},"canonical":"https:\/\/amedis.es\/tienda\/producto\/tiras-kerr-293-3-9-mm-fino-extrafino\/","og_locale":"es_ES","og_type":"article","og_title":"TIRAS KERR 293 3.9 mm FINO\/EXTRAFINO | Amedis |","og_description":"Tiras Kerr 293 3,9 mm fino\/extrafino. Realizadas en poli\u00e9ster flexible e impregnadas de part\u00edculas de \u00f3xido de aluminio adhesivas.","og_url":"https:\/\/amedis.es\/tienda\/producto\/tiras-kerr-293-3-9-mm-fino-extrafino\/","og_site_name":"Amedis","article_modified_time":"2026-01-28T13:18:15+00:00","og_image":[{"width":600,"height":600,"url":"https:\/\/amedis.es\/tienda\/wp-content\/uploads\/2022\/06\/TIRAS-KERR-293.jpg","type":"image\/jpeg"}],"twitter_card":"summary_large_image","twitter_misc":{"Tiempo de lectura":"1 minuto"},"schema":{"@context":"https:\/\/schema.org","@graph":[{"@type":"WebPage","@id":"https:\/\/amedis.es\/tienda\/producto\/tiras-kerr-293-3-9-mm-fino-extrafino\/","url":"https:\/\/amedis.es\/tienda\/producto\/tiras-kerr-293-3-9-mm-fino-extrafino\/","name":"TIRAS KERR 293 3.9 mm FINO\/EXTRAFINO | Amedis |","isPartOf":{"@id":"https:\/\/amedis.es\/tienda\/#website"},"primaryImageOfPage":{"@id":"https:\/\/amedis.es\/tienda\/producto\/tiras-kerr-293-3-9-mm-fino-extrafino\/#primaryimage"},"image":{"@id":"https:\/\/amedis.es\/tienda\/producto\/tiras-kerr-293-3-9-mm-fino-extrafino\/#primaryimage"},"thumbnailUrl":"https:\/\/amedis.es\/tienda\/wp-content\/uploads\/2022\/06\/TIRAS-KERR-293.jpg","datePublished":"2022-06-19T18:46:10+00:00","dateModified":"2026-01-28T13:18:15+00:00","description":"Tiras Kerr 293 3,9 mm fino\/extrafino. Realizadas en poli\u00e9ster flexible e impregnadas de part\u00edculas de \u00f3xido de aluminio adhesivas.","breadcrumb":{"@id":"https:\/\/amedis.es\/tienda\/producto\/tiras-kerr-293-3-9-mm-fino-extrafino\/#breadcrumb"},"inLanguage":"es","potentialAction":[{"@type":"ReadAction","target":["https:\/\/amedis.es\/tienda\/producto\/tiras-kerr-293-3-9-mm-fino-extrafino\/"]}]},{"@type":"ImageObject","inLanguage":"es","@id":"https:\/\/amedis.es\/tienda\/producto\/tiras-kerr-293-3-9-mm-fino-extrafino\/#primaryimage","url":"https:\/\/amedis.es\/tienda\/wp-content\/uploads\/2022\/06\/TIRAS-KERR-293.jpg","contentUrl":"https:\/\/amedis.es\/tienda\/wp-content\/uploads\/2022\/06\/TIRAS-KERR-293.jpg","width":600,"height":600,"caption":"Amedis TIRAS KERR 293"},{"@type":"BreadcrumbList","@id":"https:\/\/amedis.es\/tienda\/producto\/tiras-kerr-293-3-9-mm-fino-extrafino\/#breadcrumb","itemListElement":[{"@type":"ListItem","position":1,"name":"Portada","item":"https:\/\/amedis.es\/tienda\/"},{"@type":"ListItem","position":2,"name":"Amedis | Suministros M\u00e9dicos y Dentales | Tienda","item":"https:\/\/amedis.es\/tienda\/suministros-medicos-y-dentales\/"},{"@type":"ListItem","position":3,"name":"TIRAS KERR 293 3.9 mm FINO\/EXTRAFINO"}]},{"@type":"WebSite","@id":"https:\/\/amedis.es\/tienda\/#website","url":"https:\/\/amedis.es\/tienda\/","name":"Amedis","description":"Suministros M\u00e9dicos y Dentales","publisher":{"@id":"https:\/\/amedis.es\/tienda\/#organization"},"potentialAction":[{"@type":"SearchAction","target":{"@type":"EntryPoint","urlTemplate":"https:\/\/amedis.es\/tienda\/?s={search_term_string}"},"query-input":{"@type":"PropertyValueSpecification","valueRequired":true,"valueName":"search_term_string"}}],"inLanguage":"es"},{"@type":"Organization","@id":"https:\/\/amedis.es\/tienda\/#organization","name":"Amedis | Suministros M\u00e9dicos y Dentales","url":"https:\/\/amedis.es\/tienda\/","logo":{"@type":"ImageObject","inLanguage":"es","@id":"https:\/\/amedis.es\/tienda\/#\/schema\/logo\/image\/","url":"https:\/\/amedis.es\/tienda\/wp-content\/uploads\/2020\/05\/logo-1.png","contentUrl":"https:\/\/amedis.es\/tienda\/wp-content\/uploads\/2020\/05\/logo-1.png","width":191,"height":80,"caption":"Amedis | Suministros M\u00e9dicos y Dentales"},"image":{"@id":"https:\/\/amedis.es\/tienda\/#\/schema\/logo\/image\/"}}]}},"brands":[{"id":2356,"name":"KERR","slug":"kerr"}],"_links":{"self":[{"href":"https:\/\/amedis.es\/tienda\/wp-json\/wp\/v2\/product\/21508","targetHints":{"allow":["GET"]}}],"collection":[{"href":"https:\/\/amedis.es\/tienda\/wp-json\/wp\/v2\/product"}],"about":[{"href":"https:\/\/amedis.es\/tienda\/wp-json\/wp\/v2\/types\/product"}],"wp:featuredmedia":[{"embeddable":true,"href":"https:\/\/amedis.es\/tienda\/wp-json\/wp\/v2\/media\/21509"}],"wp:attachment":[{"href":"https:\/\/amedis.es\/tienda\/wp-json\/wp\/v2\/media?parent=21508"}],"wp:term":[{"taxonomy":"pwb-brand","embeddable":true,"href":"https:\/\/amedis.es\/tienda\/wp-json\/wp\/v2\/pwb-brand?post=21508"},{"taxonomy":"product_brand","embeddable":true,"href":"https:\/\/amedis.es\/tienda\/wp-json\/wp\/v2\/product_brand?post=21508"},{"taxonomy":"product_cat","embeddable":true,"href":"https:\/\/amedis.es\/tienda\/wp-json\/wp\/v2\/product_cat?post=21508"},{"taxonomy":"product_tag","embeddable":true,"href":"https:\/\/amedis.es\/tienda\/wp-json\/wp\/v2\/product_tag?post=21508"}],"curies":[{"name":"wp","href":"https:\/\/api.w.org\/{rel}","templated":true}]}}