{"id":21351,"date":"2022-06-11T18:12:51","date_gmt":"2022-06-11T18:12:51","guid":{"rendered":"https:\/\/amedis.es\/tienda\/?post_type=product&#038;p=21351"},"modified":"2024-10-29T20:42:00","modified_gmt":"2024-10-29T20:42:00","slug":"funda-protectora-durr-vistascan-no4","status":"publish","type":"product","link":"https:\/\/amedis.es\/tienda\/producto\/funda-protectora-durr-vistascan-no4\/","title":{"rendered":"FUNDA PROTECTORA DURR VISTASCAN N\u00ba4"},"content":{"rendered":"<p>Funda protectora Durr Vistascan n\u00ba4. Fundas de protecci\u00f3n para las placas de f\u00f3sforo. Evitan la contaminaci\u00f3n cruzada.<\/p>\n<p>TAMA\u00d1O: 5,7 x 7,6 cm.<\/p>\n","protected":false},"excerpt":{"rendered":"<p>CONTENIDO: 100 unidades.<\/p>\n","protected":false},"featured_media":21352,"template":"","meta":[],"pwb-brand":[2410],"product_brand":[],"product_cat":[27,255,251],"product_tag":[],"class_list":{"0":"post-21351","1":"product","2":"type-product","3":"status-publish","4":"has-post-thumbnail","6":"pwb-brand-durr","7":"product_cat-clinica","8":"product_cat-fundas-protectoras","9":"product_cat-radiografia","11":"first","12":"onbackorder","13":"sale","14":"taxable","15":"shipping-taxable","16":"purchasable","17":"product-type-simple"},"yoast_head":"<!-- This site is optimized with the Yoast SEO plugin v27.3 - https:\/\/yoast.com\/product\/yoast-seo-wordpress\/ -->\n<title>FUNDA PROTECTORA DURR VISTASCAN N\u00ba4 | Amedis<\/title>\n<meta name=\"description\" content=\"Funda protectora Durr Vistascan n\u00ba4. Fundas de protecci\u00f3n para las placas de f\u00f3sforo. Evitan la contaminaci\u00f3n cruzada.\" \/>\n<meta name=\"robots\" content=\"index, follow, max-snippet:-1, max-image-preview:large, max-video-preview:-1\" \/>\n<link rel=\"canonical\" href=\"https:\/\/amedis.es\/tienda\/?product=funda-protectora-durr-vistascan-no4\" \/>\n<meta property=\"og:locale\" content=\"es_ES\" \/>\n<meta property=\"og:type\" content=\"article\" \/>\n<meta property=\"og:title\" content=\"FUNDA PROTECTORA DURR VISTASCAN N\u00ba4 | Amedis\" \/>\n<meta property=\"og:description\" content=\"Funda protectora Durr Vistascan n\u00ba4. Fundas de protecci\u00f3n para las placas de f\u00f3sforo. Evitan la contaminaci\u00f3n cruzada.\" \/>\n<meta property=\"og:url\" content=\"https:\/\/amedis.es\/tienda\/?product=funda-protectora-durr-vistascan-no4\" \/>\n<meta property=\"og:site_name\" content=\"Amedis\" \/>\n<meta property=\"article:modified_time\" content=\"2024-10-29T20:42:00+00:00\" \/>\n<meta property=\"og:image\" content=\"https:\/\/amedis.es\/tienda\/wp-content\/uploads\/2022\/06\/FUNDA-PROTECTORA-VISTASCAN.jpg\" \/>\n\t<meta property=\"og:image:width\" content=\"600\" \/>\n\t<meta property=\"og:image:height\" content=\"600\" \/>\n\t<meta property=\"og:image:type\" content=\"image\/jpeg\" \/>\n<meta name=\"twitter:card\" content=\"summary_large_image\" \/>\n<meta name=\"twitter:label1\" content=\"Tiempo de lectura\" \/>\n\t<meta name=\"twitter:data1\" content=\"1 minuto\" \/>\n<script type=\"application\/ld+json\" class=\"yoast-schema-graph\">{\"@context\":\"https:\\\/\\\/schema.org\",\"@graph\":[{\"@type\":\"WebPage\",\"@id\":\"https:\\\/\\\/amedis.es\\\/tienda\\\/?product=funda-protectora-durr-vistascan-no4\",\"url\":\"https:\\\/\\\/amedis.es\\\/tienda\\\/?product=funda-protectora-durr-vistascan-no4\",\"name\":\"FUNDA PROTECTORA DURR VISTASCAN N\u00ba4 | Amedis\",\"isPartOf\":{\"@id\":\"https:\\\/\\\/amedis.es\\\/tienda\\\/#website\"},\"primaryImageOfPage\":{\"@id\":\"https:\\\/\\\/amedis.es\\\/tienda\\\/?product=funda-protectora-durr-vistascan-no4#primaryimage\"},\"image\":{\"@id\":\"https:\\\/\\\/amedis.es\\\/tienda\\\/?product=funda-protectora-durr-vistascan-no4#primaryimage\"},\"thumbnailUrl\":\"https:\\\/\\\/amedis.es\\\/tienda\\\/wp-content\\\/uploads\\\/2022\\\/06\\\/FUNDA-PROTECTORA-VISTASCAN.jpg\",\"datePublished\":\"2022-06-11T18:12:51+00:00\",\"dateModified\":\"2024-10-29T20:42:00+00:00\",\"description\":\"Funda protectora Durr Vistascan n\u00ba4. Fundas de protecci\u00f3n para las placas de f\u00f3sforo. Evitan la contaminaci\u00f3n cruzada.\",\"breadcrumb\":{\"@id\":\"https:\\\/\\\/amedis.es\\\/tienda\\\/?product=funda-protectora-durr-vistascan-no4#breadcrumb\"},\"inLanguage\":\"es\",\"potentialAction\":[{\"@type\":\"ReadAction\",\"target\":[\"https:\\\/\\\/amedis.es\\\/tienda\\\/?product=funda-protectora-durr-vistascan-no4\"]}]},{\"@type\":\"ImageObject\",\"inLanguage\":\"es\",\"@id\":\"https:\\\/\\\/amedis.es\\\/tienda\\\/?product=funda-protectora-durr-vistascan-no4#primaryimage\",\"url\":\"https:\\\/\\\/amedis.es\\\/tienda\\\/wp-content\\\/uploads\\\/2022\\\/06\\\/FUNDA-PROTECTORA-VISTASCAN.jpg\",\"contentUrl\":\"https:\\\/\\\/amedis.es\\\/tienda\\\/wp-content\\\/uploads\\\/2022\\\/06\\\/FUNDA-PROTECTORA-VISTASCAN.jpg\",\"width\":600,\"height\":600,\"caption\":\"Amedis FUNDA PROTECTORA VISTASCAN\"},{\"@type\":\"BreadcrumbList\",\"@id\":\"https:\\\/\\\/amedis.es\\\/tienda\\\/?product=funda-protectora-durr-vistascan-no4#breadcrumb\",\"itemListElement\":[{\"@type\":\"ListItem\",\"position\":1,\"name\":\"Portada\",\"item\":\"https:\\\/\\\/amedis.es\\\/tienda\\\/\"},{\"@type\":\"ListItem\",\"position\":2,\"name\":\"Amedis | Suministros M\u00e9dicos y Dentales | Tienda\",\"item\":\"https:\\\/\\\/amedis.es\\\/tienda\\\/suministros-medicos-y-dentales\\\/\"},{\"@type\":\"ListItem\",\"position\":3,\"name\":\"FUNDA PROTECTORA DURR VISTASCAN N\u00ba4\"}]},{\"@type\":\"WebSite\",\"@id\":\"https:\\\/\\\/amedis.es\\\/tienda\\\/#website\",\"url\":\"https:\\\/\\\/amedis.es\\\/tienda\\\/\",\"name\":\"Amedis\",\"description\":\"Suministros M\u00e9dicos y Dentales\",\"publisher\":{\"@id\":\"https:\\\/\\\/amedis.es\\\/tienda\\\/#organization\"},\"potentialAction\":[{\"@type\":\"SearchAction\",\"target\":{\"@type\":\"EntryPoint\",\"urlTemplate\":\"https:\\\/\\\/amedis.es\\\/tienda\\\/?s={search_term_string}\"},\"query-input\":{\"@type\":\"PropertyValueSpecification\",\"valueRequired\":true,\"valueName\":\"search_term_string\"}}],\"inLanguage\":\"es\"},{\"@type\":\"Organization\",\"@id\":\"https:\\\/\\\/amedis.es\\\/tienda\\\/#organization\",\"name\":\"Amedis | Suministros M\u00e9dicos y Dentales\",\"url\":\"https:\\\/\\\/amedis.es\\\/tienda\\\/\",\"logo\":{\"@type\":\"ImageObject\",\"inLanguage\":\"es\",\"@id\":\"https:\\\/\\\/amedis.es\\\/tienda\\\/#\\\/schema\\\/logo\\\/image\\\/\",\"url\":\"https:\\\/\\\/amedis.es\\\/tienda\\\/wp-content\\\/uploads\\\/2020\\\/05\\\/logo-1.png\",\"contentUrl\":\"https:\\\/\\\/amedis.es\\\/tienda\\\/wp-content\\\/uploads\\\/2020\\\/05\\\/logo-1.png\",\"width\":191,\"height\":80,\"caption\":\"Amedis | Suministros M\u00e9dicos y Dentales\"},\"image\":{\"@id\":\"https:\\\/\\\/amedis.es\\\/tienda\\\/#\\\/schema\\\/logo\\\/image\\\/\"}}]}<\/script>\n<!-- \/ Yoast SEO plugin. -->","yoast_head_json":{"title":"FUNDA PROTECTORA DURR VISTASCAN N\u00ba4 | Amedis","description":"Funda protectora Durr Vistascan n\u00ba4. Fundas de protecci\u00f3n para las placas de f\u00f3sforo. Evitan la contaminaci\u00f3n cruzada.","robots":{"index":"index","follow":"follow","max-snippet":"max-snippet:-1","max-image-preview":"max-image-preview:large","max-video-preview":"max-video-preview:-1"},"canonical":"https:\/\/amedis.es\/tienda\/?product=funda-protectora-durr-vistascan-no4","og_locale":"es_ES","og_type":"article","og_title":"FUNDA PROTECTORA DURR VISTASCAN N\u00ba4 | Amedis","og_description":"Funda protectora Durr Vistascan n\u00ba4. Fundas de protecci\u00f3n para las placas de f\u00f3sforo. Evitan la contaminaci\u00f3n cruzada.","og_url":"https:\/\/amedis.es\/tienda\/?product=funda-protectora-durr-vistascan-no4","og_site_name":"Amedis","article_modified_time":"2024-10-29T20:42:00+00:00","og_image":[{"width":600,"height":600,"url":"https:\/\/amedis.es\/tienda\/wp-content\/uploads\/2022\/06\/FUNDA-PROTECTORA-VISTASCAN.jpg","type":"image\/jpeg"}],"twitter_card":"summary_large_image","twitter_misc":{"Tiempo de lectura":"1 minuto"},"schema":{"@context":"https:\/\/schema.org","@graph":[{"@type":"WebPage","@id":"https:\/\/amedis.es\/tienda\/?product=funda-protectora-durr-vistascan-no4","url":"https:\/\/amedis.es\/tienda\/?product=funda-protectora-durr-vistascan-no4","name":"FUNDA PROTECTORA DURR VISTASCAN N\u00ba4 | Amedis","isPartOf":{"@id":"https:\/\/amedis.es\/tienda\/#website"},"primaryImageOfPage":{"@id":"https:\/\/amedis.es\/tienda\/?product=funda-protectora-durr-vistascan-no4#primaryimage"},"image":{"@id":"https:\/\/amedis.es\/tienda\/?product=funda-protectora-durr-vistascan-no4#primaryimage"},"thumbnailUrl":"https:\/\/amedis.es\/tienda\/wp-content\/uploads\/2022\/06\/FUNDA-PROTECTORA-VISTASCAN.jpg","datePublished":"2022-06-11T18:12:51+00:00","dateModified":"2024-10-29T20:42:00+00:00","description":"Funda protectora Durr Vistascan n\u00ba4. Fundas de protecci\u00f3n para las placas de f\u00f3sforo. Evitan la contaminaci\u00f3n cruzada.","breadcrumb":{"@id":"https:\/\/amedis.es\/tienda\/?product=funda-protectora-durr-vistascan-no4#breadcrumb"},"inLanguage":"es","potentialAction":[{"@type":"ReadAction","target":["https:\/\/amedis.es\/tienda\/?product=funda-protectora-durr-vistascan-no4"]}]},{"@type":"ImageObject","inLanguage":"es","@id":"https:\/\/amedis.es\/tienda\/?product=funda-protectora-durr-vistascan-no4#primaryimage","url":"https:\/\/amedis.es\/tienda\/wp-content\/uploads\/2022\/06\/FUNDA-PROTECTORA-VISTASCAN.jpg","contentUrl":"https:\/\/amedis.es\/tienda\/wp-content\/uploads\/2022\/06\/FUNDA-PROTECTORA-VISTASCAN.jpg","width":600,"height":600,"caption":"Amedis FUNDA PROTECTORA VISTASCAN"},{"@type":"BreadcrumbList","@id":"https:\/\/amedis.es\/tienda\/?product=funda-protectora-durr-vistascan-no4#breadcrumb","itemListElement":[{"@type":"ListItem","position":1,"name":"Portada","item":"https:\/\/amedis.es\/tienda\/"},{"@type":"ListItem","position":2,"name":"Amedis | Suministros M\u00e9dicos y Dentales | Tienda","item":"https:\/\/amedis.es\/tienda\/suministros-medicos-y-dentales\/"},{"@type":"ListItem","position":3,"name":"FUNDA PROTECTORA DURR VISTASCAN N\u00ba4"}]},{"@type":"WebSite","@id":"https:\/\/amedis.es\/tienda\/#website","url":"https:\/\/amedis.es\/tienda\/","name":"Amedis","description":"Suministros M\u00e9dicos y Dentales","publisher":{"@id":"https:\/\/amedis.es\/tienda\/#organization"},"potentialAction":[{"@type":"SearchAction","target":{"@type":"EntryPoint","urlTemplate":"https:\/\/amedis.es\/tienda\/?s={search_term_string}"},"query-input":{"@type":"PropertyValueSpecification","valueRequired":true,"valueName":"search_term_string"}}],"inLanguage":"es"},{"@type":"Organization","@id":"https:\/\/amedis.es\/tienda\/#organization","name":"Amedis | Suministros M\u00e9dicos y Dentales","url":"https:\/\/amedis.es\/tienda\/","logo":{"@type":"ImageObject","inLanguage":"es","@id":"https:\/\/amedis.es\/tienda\/#\/schema\/logo\/image\/","url":"https:\/\/amedis.es\/tienda\/wp-content\/uploads\/2020\/05\/logo-1.png","contentUrl":"https:\/\/amedis.es\/tienda\/wp-content\/uploads\/2020\/05\/logo-1.png","width":191,"height":80,"caption":"Amedis | Suministros M\u00e9dicos y Dentales"},"image":{"@id":"https:\/\/amedis.es\/tienda\/#\/schema\/logo\/image\/"}}]}},"brands":[{"id":2410,"name":"DURR","slug":"durr"}],"_links":{"self":[{"href":"https:\/\/amedis.es\/tienda\/wp-json\/wp\/v2\/product\/21351","targetHints":{"allow":["GET"]}}],"collection":[{"href":"https:\/\/amedis.es\/tienda\/wp-json\/wp\/v2\/product"}],"about":[{"href":"https:\/\/amedis.es\/tienda\/wp-json\/wp\/v2\/types\/product"}],"wp:featuredmedia":[{"embeddable":true,"href":"https:\/\/amedis.es\/tienda\/wp-json\/wp\/v2\/media\/21352"}],"wp:attachment":[{"href":"https:\/\/amedis.es\/tienda\/wp-json\/wp\/v2\/media?parent=21351"}],"wp:term":[{"taxonomy":"pwb-brand","embeddable":true,"href":"https:\/\/amedis.es\/tienda\/wp-json\/wp\/v2\/pwb-brand?post=21351"},{"taxonomy":"product_brand","embeddable":true,"href":"https:\/\/amedis.es\/tienda\/wp-json\/wp\/v2\/product_brand?post=21351"},{"taxonomy":"product_cat","embeddable":true,"href":"https:\/\/amedis.es\/tienda\/wp-json\/wp\/v2\/product_cat?post=21351"},{"taxonomy":"product_tag","embeddable":true,"href":"https:\/\/amedis.es\/tienda\/wp-json\/wp\/v2\/product_tag?post=21351"}],"curies":[{"name":"wp","href":"https:\/\/api.w.org\/{rel}","templated":true}]}}