{"id":21240,"date":"2022-06-05T19:44:21","date_gmt":"2022-06-05T19:44:21","guid":{"rendered":"https:\/\/amedis.es\/tienda\/?post_type=product&#038;p=21240"},"modified":"2025-01-20T14:12:18","modified_gmt":"2025-01-20T14:12:18","slug":"alginato-cavex-ca-37-superior-pink-normal","status":"publish","type":"product","link":"https:\/\/amedis.es\/tienda\/producto\/alginato-cavex-ca-37-superior-pink-normal\/","title":{"rendered":"ALGINATO CAVEX CA 37 SUPERIOR PINK NORMAL"},"content":{"rendered":"<p>Alginato Cavex CA 37 superior pink normal. Este resistente alginato tiene un tiempo de fraguado Normal (90 segundos). Este breve tiempo de fraguado hace que el tratamiento sea m\u00e1s agradable para el paciente, al igual que el agradable sabor a menta. El Cavex CA37 tambi\u00e9n es muy adecuado para trabajos prot\u00e9sicos.<\/p>\n<p>&#8211; Impresi\u00f3n de alginato s\u00f3lido.<br \/>\n&#8211; Resistente al desgarro y la deformaci\u00f3n.<br \/>\n&#8211; Libre de polvo.<br \/>\n&#8211; Color rosa.<br \/>\n&#8211; Sabor a menta.<br \/>\n&#8211; Visualizaci\u00f3n detallada de al menos 50 \u00b5m.<br \/>\n&#8211; Compatible con todo tipo de yeso.<br \/>\n&#8211; Tiempo de curado corto.<\/p>\n","protected":false},"excerpt":{"rendered":"<p>CONTENIDO: 500 gr.<\/p>\n","protected":false},"featured_media":31446,"template":"","meta":[],"pwb-brand":[2412],"product_brand":[],"product_cat":[198,176],"product_tag":[],"class_list":{"0":"post-21240","1":"product","2":"type-product","3":"status-publish","4":"has-post-thumbnail","6":"pwb-brand-cavex","7":"product_cat-alginatos","8":"product_cat-impresion","10":"first","11":"instock","12":"sale","13":"taxable","14":"shipping-taxable","15":"purchasable","16":"product-type-simple"},"yoast_head":"<!-- This site is optimized with the Yoast SEO plugin v27.4 - https:\/\/yoast.com\/product\/yoast-seo-wordpress\/ -->\n<title>ALGINATO CAVEX CA 37 SUPERIOR PINK NORMAL | Amedis<\/title>\n<meta name=\"description\" content=\"Alginato Cavex CA 37 superior pink normal. Este resistente alginato tiene un tiempo de fraguado Normal (90 segundos).\" \/>\n<meta name=\"robots\" content=\"index, follow, max-snippet:-1, max-image-preview:large, max-video-preview:-1\" \/>\n<link rel=\"canonical\" href=\"https:\/\/amedis.es\/tienda\/?product=alginato-cavex-ca-37-superior-pink-normal\" \/>\n<meta property=\"og:locale\" content=\"es_ES\" \/>\n<meta property=\"og:type\" content=\"article\" \/>\n<meta property=\"og:title\" content=\"ALGINATO CAVEX CA 37 SUPERIOR PINK NORMAL | Amedis\" \/>\n<meta property=\"og:description\" content=\"Alginato Cavex CA 37 superior pink normal. Este resistente alginato tiene un tiempo de fraguado Normal (90 segundos).\" \/>\n<meta property=\"og:url\" content=\"https:\/\/amedis.es\/tienda\/?product=alginato-cavex-ca-37-superior-pink-normal\" \/>\n<meta property=\"og:site_name\" content=\"Amedis\" \/>\n<meta property=\"article:modified_time\" content=\"2025-01-20T14:12:18+00:00\" \/>\n<meta property=\"og:image\" content=\"https:\/\/amedis.es\/tienda\/wp-content\/uploads\/2022\/06\/ALGINATO-CAVEX.jpg\" \/>\n\t<meta property=\"og:image:width\" content=\"600\" \/>\n\t<meta property=\"og:image:height\" content=\"600\" \/>\n\t<meta property=\"og:image:type\" content=\"image\/jpeg\" \/>\n<meta name=\"twitter:card\" content=\"summary_large_image\" \/>\n<meta name=\"twitter:label1\" content=\"Tiempo de lectura\" \/>\n\t<meta name=\"twitter:data1\" content=\"1 minuto\" \/>\n<script type=\"application\/ld+json\" class=\"yoast-schema-graph\">{\"@context\":\"https:\\\/\\\/schema.org\",\"@graph\":[{\"@type\":\"WebPage\",\"@id\":\"https:\\\/\\\/amedis.es\\\/tienda\\\/?product=alginato-cavex-ca-37-superior-pink-normal\",\"url\":\"https:\\\/\\\/amedis.es\\\/tienda\\\/?product=alginato-cavex-ca-37-superior-pink-normal\",\"name\":\"ALGINATO CAVEX CA 37 SUPERIOR PINK NORMAL | Amedis\",\"isPartOf\":{\"@id\":\"https:\\\/\\\/amedis.es\\\/tienda\\\/#website\"},\"primaryImageOfPage\":{\"@id\":\"https:\\\/\\\/amedis.es\\\/tienda\\\/?product=alginato-cavex-ca-37-superior-pink-normal#primaryimage\"},\"image\":{\"@id\":\"https:\\\/\\\/amedis.es\\\/tienda\\\/?product=alginato-cavex-ca-37-superior-pink-normal#primaryimage\"},\"thumbnailUrl\":\"https:\\\/\\\/amedis.es\\\/tienda\\\/wp-content\\\/uploads\\\/2022\\\/06\\\/ALGINATO-CAVEX.jpg\",\"datePublished\":\"2022-06-05T19:44:21+00:00\",\"dateModified\":\"2025-01-20T14:12:18+00:00\",\"description\":\"Alginato Cavex CA 37 superior pink normal. Este resistente alginato tiene un tiempo de fraguado Normal (90 segundos).\",\"breadcrumb\":{\"@id\":\"https:\\\/\\\/amedis.es\\\/tienda\\\/?product=alginato-cavex-ca-37-superior-pink-normal#breadcrumb\"},\"inLanguage\":\"es\",\"potentialAction\":[{\"@type\":\"ReadAction\",\"target\":[\"https:\\\/\\\/amedis.es\\\/tienda\\\/?product=alginato-cavex-ca-37-superior-pink-normal\"]}]},{\"@type\":\"ImageObject\",\"inLanguage\":\"es\",\"@id\":\"https:\\\/\\\/amedis.es\\\/tienda\\\/?product=alginato-cavex-ca-37-superior-pink-normal#primaryimage\",\"url\":\"https:\\\/\\\/amedis.es\\\/tienda\\\/wp-content\\\/uploads\\\/2022\\\/06\\\/ALGINATO-CAVEX.jpg\",\"contentUrl\":\"https:\\\/\\\/amedis.es\\\/tienda\\\/wp-content\\\/uploads\\\/2022\\\/06\\\/ALGINATO-CAVEX.jpg\",\"width\":600,\"height\":600,\"caption\":\"Amedis ALGINATO CAVEX\"},{\"@type\":\"BreadcrumbList\",\"@id\":\"https:\\\/\\\/amedis.es\\\/tienda\\\/?product=alginato-cavex-ca-37-superior-pink-normal#breadcrumb\",\"itemListElement\":[{\"@type\":\"ListItem\",\"position\":1,\"name\":\"Portada\",\"item\":\"https:\\\/\\\/amedis.es\\\/tienda\\\/\"},{\"@type\":\"ListItem\",\"position\":2,\"name\":\"Amedis | Suministros M\u00e9dicos y Dentales | Tienda\",\"item\":\"https:\\\/\\\/amedis.es\\\/tienda\\\/suministros-medicos-y-dentales\\\/\"},{\"@type\":\"ListItem\",\"position\":3,\"name\":\"ALGINATO CAVEX CA 37 SUPERIOR PINK NORMAL\"}]},{\"@type\":\"WebSite\",\"@id\":\"https:\\\/\\\/amedis.es\\\/tienda\\\/#website\",\"url\":\"https:\\\/\\\/amedis.es\\\/tienda\\\/\",\"name\":\"Amedis\",\"description\":\"Suministros M\u00e9dicos y Dentales\",\"publisher\":{\"@id\":\"https:\\\/\\\/amedis.es\\\/tienda\\\/#organization\"},\"potentialAction\":[{\"@type\":\"SearchAction\",\"target\":{\"@type\":\"EntryPoint\",\"urlTemplate\":\"https:\\\/\\\/amedis.es\\\/tienda\\\/?s={search_term_string}\"},\"query-input\":{\"@type\":\"PropertyValueSpecification\",\"valueRequired\":true,\"valueName\":\"search_term_string\"}}],\"inLanguage\":\"es\"},{\"@type\":\"Organization\",\"@id\":\"https:\\\/\\\/amedis.es\\\/tienda\\\/#organization\",\"name\":\"Amedis | Suministros M\u00e9dicos y Dentales\",\"url\":\"https:\\\/\\\/amedis.es\\\/tienda\\\/\",\"logo\":{\"@type\":\"ImageObject\",\"inLanguage\":\"es\",\"@id\":\"https:\\\/\\\/amedis.es\\\/tienda\\\/#\\\/schema\\\/logo\\\/image\\\/\",\"url\":\"https:\\\/\\\/amedis.es\\\/tienda\\\/wp-content\\\/uploads\\\/2020\\\/05\\\/logo-1.png\",\"contentUrl\":\"https:\\\/\\\/amedis.es\\\/tienda\\\/wp-content\\\/uploads\\\/2020\\\/05\\\/logo-1.png\",\"width\":191,\"height\":80,\"caption\":\"Amedis | Suministros M\u00e9dicos y Dentales\"},\"image\":{\"@id\":\"https:\\\/\\\/amedis.es\\\/tienda\\\/#\\\/schema\\\/logo\\\/image\\\/\"}}]}<\/script>\n<!-- \/ Yoast SEO plugin. -->","yoast_head_json":{"title":"ALGINATO CAVEX CA 37 SUPERIOR PINK NORMAL | Amedis","description":"Alginato Cavex CA 37 superior pink normal. Este resistente alginato tiene un tiempo de fraguado Normal (90 segundos).","robots":{"index":"index","follow":"follow","max-snippet":"max-snippet:-1","max-image-preview":"max-image-preview:large","max-video-preview":"max-video-preview:-1"},"canonical":"https:\/\/amedis.es\/tienda\/?product=alginato-cavex-ca-37-superior-pink-normal","og_locale":"es_ES","og_type":"article","og_title":"ALGINATO CAVEX CA 37 SUPERIOR PINK NORMAL | Amedis","og_description":"Alginato Cavex CA 37 superior pink normal. Este resistente alginato tiene un tiempo de fraguado Normal (90 segundos).","og_url":"https:\/\/amedis.es\/tienda\/?product=alginato-cavex-ca-37-superior-pink-normal","og_site_name":"Amedis","article_modified_time":"2025-01-20T14:12:18+00:00","og_image":[{"width":600,"height":600,"url":"https:\/\/amedis.es\/tienda\/wp-content\/uploads\/2022\/06\/ALGINATO-CAVEX.jpg","type":"image\/jpeg"}],"twitter_card":"summary_large_image","twitter_misc":{"Tiempo de lectura":"1 minuto"},"schema":{"@context":"https:\/\/schema.org","@graph":[{"@type":"WebPage","@id":"https:\/\/amedis.es\/tienda\/?product=alginato-cavex-ca-37-superior-pink-normal","url":"https:\/\/amedis.es\/tienda\/?product=alginato-cavex-ca-37-superior-pink-normal","name":"ALGINATO CAVEX CA 37 SUPERIOR PINK NORMAL | Amedis","isPartOf":{"@id":"https:\/\/amedis.es\/tienda\/#website"},"primaryImageOfPage":{"@id":"https:\/\/amedis.es\/tienda\/?product=alginato-cavex-ca-37-superior-pink-normal#primaryimage"},"image":{"@id":"https:\/\/amedis.es\/tienda\/?product=alginato-cavex-ca-37-superior-pink-normal#primaryimage"},"thumbnailUrl":"https:\/\/amedis.es\/tienda\/wp-content\/uploads\/2022\/06\/ALGINATO-CAVEX.jpg","datePublished":"2022-06-05T19:44:21+00:00","dateModified":"2025-01-20T14:12:18+00:00","description":"Alginato Cavex CA 37 superior pink normal. Este resistente alginato tiene un tiempo de fraguado Normal (90 segundos).","breadcrumb":{"@id":"https:\/\/amedis.es\/tienda\/?product=alginato-cavex-ca-37-superior-pink-normal#breadcrumb"},"inLanguage":"es","potentialAction":[{"@type":"ReadAction","target":["https:\/\/amedis.es\/tienda\/?product=alginato-cavex-ca-37-superior-pink-normal"]}]},{"@type":"ImageObject","inLanguage":"es","@id":"https:\/\/amedis.es\/tienda\/?product=alginato-cavex-ca-37-superior-pink-normal#primaryimage","url":"https:\/\/amedis.es\/tienda\/wp-content\/uploads\/2022\/06\/ALGINATO-CAVEX.jpg","contentUrl":"https:\/\/amedis.es\/tienda\/wp-content\/uploads\/2022\/06\/ALGINATO-CAVEX.jpg","width":600,"height":600,"caption":"Amedis ALGINATO CAVEX"},{"@type":"BreadcrumbList","@id":"https:\/\/amedis.es\/tienda\/?product=alginato-cavex-ca-37-superior-pink-normal#breadcrumb","itemListElement":[{"@type":"ListItem","position":1,"name":"Portada","item":"https:\/\/amedis.es\/tienda\/"},{"@type":"ListItem","position":2,"name":"Amedis | Suministros M\u00e9dicos y Dentales | Tienda","item":"https:\/\/amedis.es\/tienda\/suministros-medicos-y-dentales\/"},{"@type":"ListItem","position":3,"name":"ALGINATO CAVEX CA 37 SUPERIOR PINK NORMAL"}]},{"@type":"WebSite","@id":"https:\/\/amedis.es\/tienda\/#website","url":"https:\/\/amedis.es\/tienda\/","name":"Amedis","description":"Suministros M\u00e9dicos y Dentales","publisher":{"@id":"https:\/\/amedis.es\/tienda\/#organization"},"potentialAction":[{"@type":"SearchAction","target":{"@type":"EntryPoint","urlTemplate":"https:\/\/amedis.es\/tienda\/?s={search_term_string}"},"query-input":{"@type":"PropertyValueSpecification","valueRequired":true,"valueName":"search_term_string"}}],"inLanguage":"es"},{"@type":"Organization","@id":"https:\/\/amedis.es\/tienda\/#organization","name":"Amedis | Suministros M\u00e9dicos y Dentales","url":"https:\/\/amedis.es\/tienda\/","logo":{"@type":"ImageObject","inLanguage":"es","@id":"https:\/\/amedis.es\/tienda\/#\/schema\/logo\/image\/","url":"https:\/\/amedis.es\/tienda\/wp-content\/uploads\/2020\/05\/logo-1.png","contentUrl":"https:\/\/amedis.es\/tienda\/wp-content\/uploads\/2020\/05\/logo-1.png","width":191,"height":80,"caption":"Amedis | Suministros M\u00e9dicos y Dentales"},"image":{"@id":"https:\/\/amedis.es\/tienda\/#\/schema\/logo\/image\/"}}]}},"brands":[{"id":2412,"name":"CAVEX","slug":"cavex"}],"_links":{"self":[{"href":"https:\/\/amedis.es\/tienda\/wp-json\/wp\/v2\/product\/21240","targetHints":{"allow":["GET"]}}],"collection":[{"href":"https:\/\/amedis.es\/tienda\/wp-json\/wp\/v2\/product"}],"about":[{"href":"https:\/\/amedis.es\/tienda\/wp-json\/wp\/v2\/types\/product"}],"wp:featuredmedia":[{"embeddable":true,"href":"https:\/\/amedis.es\/tienda\/wp-json\/wp\/v2\/media\/31446"}],"wp:attachment":[{"href":"https:\/\/amedis.es\/tienda\/wp-json\/wp\/v2\/media?parent=21240"}],"wp:term":[{"taxonomy":"pwb-brand","embeddable":true,"href":"https:\/\/amedis.es\/tienda\/wp-json\/wp\/v2\/pwb-brand?post=21240"},{"taxonomy":"product_brand","embeddable":true,"href":"https:\/\/amedis.es\/tienda\/wp-json\/wp\/v2\/product_brand?post=21240"},{"taxonomy":"product_cat","embeddable":true,"href":"https:\/\/amedis.es\/tienda\/wp-json\/wp\/v2\/product_cat?post=21240"},{"taxonomy":"product_tag","embeddable":true,"href":"https:\/\/amedis.es\/tienda\/wp-json\/wp\/v2\/product_tag?post=21240"}],"curies":[{"name":"wp","href":"https:\/\/api.w.org\/{rel}","templated":true}]}}