{"id":21237,"date":"2022-06-05T19:40:07","date_gmt":"2022-06-05T19:40:07","guid":{"rendered":"https:\/\/amedis.es\/tienda\/?post_type=product&#038;p=21237"},"modified":"2025-01-20T14:15:14","modified_gmt":"2025-01-20T14:15:14","slug":"alginato-colorchange-alginato-cromatico","status":"publish","type":"product","link":"https:\/\/amedis.es\/tienda\/producto\/alginato-colorchange-alginato-cromatico\/","title":{"rendered":"ALGINATO COLORCHANGE CROMATICO CAVEX"},"content":{"rendered":"<p>Alginato colorchange crom\u00e1tico. Alginato crom\u00e1tico de proceso de fraguado visible gracias a sus dos cambios de color. Con este alginato crom\u00e1tico no es necesario estar pendiente del reloj, los cambios de color visualizan los principales puntos de decisi\u00f3n en la toma de impresiones.<\/p>\n<p>&#8211; Estabilidad dimensional de hasta 9 d\u00edas (En condiciones ideales en bolsa de pl\u00e1stico bien cerrada).<br \/>\n&#8211; Reacci\u00f3n de endurecimiento r\u00e1pida y completa.<br \/>\n&#8211; Altamente el\u00e1stico, ideal para ortodoncia.<br \/>\n&#8211; Buena Resistencia a la rotura y deformaci\u00f3n.<br \/>\n&#8211; Reproducci\u00f3n de detalles de al menos 25 micras.<br \/>\n&#8211; Superficie lisa, compatibilidad \u00f3ptima de la escayola.<br \/>\n&#8211; Libre de polvo.<br \/>\n&#8211; Tiempo de ajuste en boca de hasta 1 minuto.<\/p>\n","protected":false},"excerpt":{"rendered":"<p>CONTENIDO: 500 gr.<\/p>\n","protected":false},"featured_media":31447,"template":"","meta":[],"pwb-brand":[2412],"product_brand":[],"product_cat":[198,176],"product_tag":[],"class_list":{"0":"post-21237","1":"product","2":"type-product","3":"status-publish","4":"has-post-thumbnail","6":"pwb-brand-cavex","7":"product_cat-alginatos","8":"product_cat-impresion","10":"first","11":"instock","12":"sale","13":"taxable","14":"shipping-taxable","15":"purchasable","16":"product-type-simple"},"yoast_head":"<!-- This site is optimized with the Yoast SEO plugin v27.4 - https:\/\/yoast.com\/product\/yoast-seo-wordpress\/ -->\n<title>ALGINATO COLORCHANGE CROMATICO CAVEX | Amedis | CAVEX<\/title>\n<meta name=\"description\" content=\"Alginato colorchange crom\u00e1tico. Alginato crom\u00e1tico de proceso de fraguado visible gracias a sus dos cambios de color.\" \/>\n<meta name=\"robots\" content=\"index, follow, max-snippet:-1, max-image-preview:large, max-video-preview:-1\" \/>\n<link rel=\"canonical\" href=\"https:\/\/amedis.es\/tienda\/?product=alginato-colorchange-alginato-cromatico\" \/>\n<meta property=\"og:locale\" content=\"es_ES\" \/>\n<meta property=\"og:type\" content=\"article\" \/>\n<meta property=\"og:title\" content=\"ALGINATO COLORCHANGE CROMATICO CAVEX | Amedis | CAVEX\" \/>\n<meta property=\"og:description\" content=\"Alginato colorchange crom\u00e1tico. Alginato crom\u00e1tico de proceso de fraguado visible gracias a sus dos cambios de color.\" \/>\n<meta property=\"og:url\" content=\"https:\/\/amedis.es\/tienda\/?product=alginato-colorchange-alginato-cromatico\" \/>\n<meta property=\"og:site_name\" content=\"Amedis\" \/>\n<meta property=\"article:modified_time\" content=\"2025-01-20T14:15:14+00:00\" \/>\n<meta property=\"og:image\" content=\"https:\/\/amedis.es\/tienda\/wp-content\/uploads\/2022\/06\/ALGINATO-COLORCHANGE-CROMATICO-CAVEX.jpg\" \/>\n\t<meta property=\"og:image:width\" content=\"600\" \/>\n\t<meta property=\"og:image:height\" content=\"600\" \/>\n\t<meta property=\"og:image:type\" content=\"image\/jpeg\" \/>\n<meta name=\"twitter:card\" content=\"summary_large_image\" \/>\n<meta name=\"twitter:label1\" content=\"Tiempo de lectura\" \/>\n\t<meta name=\"twitter:data1\" content=\"1 minuto\" \/>\n<script type=\"application\/ld+json\" class=\"yoast-schema-graph\">{\"@context\":\"https:\\\/\\\/schema.org\",\"@graph\":[{\"@type\":\"WebPage\",\"@id\":\"https:\\\/\\\/amedis.es\\\/tienda\\\/?product=alginato-colorchange-alginato-cromatico\",\"url\":\"https:\\\/\\\/amedis.es\\\/tienda\\\/?product=alginato-colorchange-alginato-cromatico\",\"name\":\"ALGINATO COLORCHANGE CROMATICO CAVEX | Amedis | CAVEX\",\"isPartOf\":{\"@id\":\"https:\\\/\\\/amedis.es\\\/tienda\\\/#website\"},\"primaryImageOfPage\":{\"@id\":\"https:\\\/\\\/amedis.es\\\/tienda\\\/?product=alginato-colorchange-alginato-cromatico#primaryimage\"},\"image\":{\"@id\":\"https:\\\/\\\/amedis.es\\\/tienda\\\/?product=alginato-colorchange-alginato-cromatico#primaryimage\"},\"thumbnailUrl\":\"https:\\\/\\\/amedis.es\\\/tienda\\\/wp-content\\\/uploads\\\/2022\\\/06\\\/ALGINATO-COLORCHANGE-CROMATICO-CAVEX.jpg\",\"datePublished\":\"2022-06-05T19:40:07+00:00\",\"dateModified\":\"2025-01-20T14:15:14+00:00\",\"description\":\"Alginato colorchange crom\u00e1tico. Alginato crom\u00e1tico de proceso de fraguado visible gracias a sus dos cambios de color.\",\"breadcrumb\":{\"@id\":\"https:\\\/\\\/amedis.es\\\/tienda\\\/?product=alginato-colorchange-alginato-cromatico#breadcrumb\"},\"inLanguage\":\"es\",\"potentialAction\":[{\"@type\":\"ReadAction\",\"target\":[\"https:\\\/\\\/amedis.es\\\/tienda\\\/?product=alginato-colorchange-alginato-cromatico\"]}]},{\"@type\":\"ImageObject\",\"inLanguage\":\"es\",\"@id\":\"https:\\\/\\\/amedis.es\\\/tienda\\\/?product=alginato-colorchange-alginato-cromatico#primaryimage\",\"url\":\"https:\\\/\\\/amedis.es\\\/tienda\\\/wp-content\\\/uploads\\\/2022\\\/06\\\/ALGINATO-COLORCHANGE-CROMATICO-CAVEX.jpg\",\"contentUrl\":\"https:\\\/\\\/amedis.es\\\/tienda\\\/wp-content\\\/uploads\\\/2022\\\/06\\\/ALGINATO-COLORCHANGE-CROMATICO-CAVEX.jpg\",\"width\":600,\"height\":600,\"caption\":\"Amedis ALGINATO COLORCHANGE CROMATICO CAVEX\"},{\"@type\":\"BreadcrumbList\",\"@id\":\"https:\\\/\\\/amedis.es\\\/tienda\\\/?product=alginato-colorchange-alginato-cromatico#breadcrumb\",\"itemListElement\":[{\"@type\":\"ListItem\",\"position\":1,\"name\":\"Portada\",\"item\":\"https:\\\/\\\/amedis.es\\\/tienda\\\/\"},{\"@type\":\"ListItem\",\"position\":2,\"name\":\"Amedis | Suministros M\u00e9dicos y Dentales | Tienda\",\"item\":\"https:\\\/\\\/amedis.es\\\/tienda\\\/suministros-medicos-y-dentales\\\/\"},{\"@type\":\"ListItem\",\"position\":3,\"name\":\"ALGINATO COLORCHANGE CROMATICO CAVEX\"}]},{\"@type\":\"WebSite\",\"@id\":\"https:\\\/\\\/amedis.es\\\/tienda\\\/#website\",\"url\":\"https:\\\/\\\/amedis.es\\\/tienda\\\/\",\"name\":\"Amedis\",\"description\":\"Suministros M\u00e9dicos y Dentales\",\"publisher\":{\"@id\":\"https:\\\/\\\/amedis.es\\\/tienda\\\/#organization\"},\"potentialAction\":[{\"@type\":\"SearchAction\",\"target\":{\"@type\":\"EntryPoint\",\"urlTemplate\":\"https:\\\/\\\/amedis.es\\\/tienda\\\/?s={search_term_string}\"},\"query-input\":{\"@type\":\"PropertyValueSpecification\",\"valueRequired\":true,\"valueName\":\"search_term_string\"}}],\"inLanguage\":\"es\"},{\"@type\":\"Organization\",\"@id\":\"https:\\\/\\\/amedis.es\\\/tienda\\\/#organization\",\"name\":\"Amedis | Suministros M\u00e9dicos y Dentales\",\"url\":\"https:\\\/\\\/amedis.es\\\/tienda\\\/\",\"logo\":{\"@type\":\"ImageObject\",\"inLanguage\":\"es\",\"@id\":\"https:\\\/\\\/amedis.es\\\/tienda\\\/#\\\/schema\\\/logo\\\/image\\\/\",\"url\":\"https:\\\/\\\/amedis.es\\\/tienda\\\/wp-content\\\/uploads\\\/2020\\\/05\\\/logo-1.png\",\"contentUrl\":\"https:\\\/\\\/amedis.es\\\/tienda\\\/wp-content\\\/uploads\\\/2020\\\/05\\\/logo-1.png\",\"width\":191,\"height\":80,\"caption\":\"Amedis | Suministros M\u00e9dicos y Dentales\"},\"image\":{\"@id\":\"https:\\\/\\\/amedis.es\\\/tienda\\\/#\\\/schema\\\/logo\\\/image\\\/\"}}]}<\/script>\n<!-- \/ Yoast SEO plugin. -->","yoast_head_json":{"title":"ALGINATO COLORCHANGE CROMATICO CAVEX | Amedis | CAVEX","description":"Alginato colorchange crom\u00e1tico. Alginato crom\u00e1tico de proceso de fraguado visible gracias a sus dos cambios de color.","robots":{"index":"index","follow":"follow","max-snippet":"max-snippet:-1","max-image-preview":"max-image-preview:large","max-video-preview":"max-video-preview:-1"},"canonical":"https:\/\/amedis.es\/tienda\/?product=alginato-colorchange-alginato-cromatico","og_locale":"es_ES","og_type":"article","og_title":"ALGINATO COLORCHANGE CROMATICO CAVEX | Amedis | CAVEX","og_description":"Alginato colorchange crom\u00e1tico. Alginato crom\u00e1tico de proceso de fraguado visible gracias a sus dos cambios de color.","og_url":"https:\/\/amedis.es\/tienda\/?product=alginato-colorchange-alginato-cromatico","og_site_name":"Amedis","article_modified_time":"2025-01-20T14:15:14+00:00","og_image":[{"width":600,"height":600,"url":"https:\/\/amedis.es\/tienda\/wp-content\/uploads\/2022\/06\/ALGINATO-COLORCHANGE-CROMATICO-CAVEX.jpg","type":"image\/jpeg"}],"twitter_card":"summary_large_image","twitter_misc":{"Tiempo de lectura":"1 minuto"},"schema":{"@context":"https:\/\/schema.org","@graph":[{"@type":"WebPage","@id":"https:\/\/amedis.es\/tienda\/?product=alginato-colorchange-alginato-cromatico","url":"https:\/\/amedis.es\/tienda\/?product=alginato-colorchange-alginato-cromatico","name":"ALGINATO COLORCHANGE CROMATICO CAVEX | Amedis | CAVEX","isPartOf":{"@id":"https:\/\/amedis.es\/tienda\/#website"},"primaryImageOfPage":{"@id":"https:\/\/amedis.es\/tienda\/?product=alginato-colorchange-alginato-cromatico#primaryimage"},"image":{"@id":"https:\/\/amedis.es\/tienda\/?product=alginato-colorchange-alginato-cromatico#primaryimage"},"thumbnailUrl":"https:\/\/amedis.es\/tienda\/wp-content\/uploads\/2022\/06\/ALGINATO-COLORCHANGE-CROMATICO-CAVEX.jpg","datePublished":"2022-06-05T19:40:07+00:00","dateModified":"2025-01-20T14:15:14+00:00","description":"Alginato colorchange crom\u00e1tico. Alginato crom\u00e1tico de proceso de fraguado visible gracias a sus dos cambios de color.","breadcrumb":{"@id":"https:\/\/amedis.es\/tienda\/?product=alginato-colorchange-alginato-cromatico#breadcrumb"},"inLanguage":"es","potentialAction":[{"@type":"ReadAction","target":["https:\/\/amedis.es\/tienda\/?product=alginato-colorchange-alginato-cromatico"]}]},{"@type":"ImageObject","inLanguage":"es","@id":"https:\/\/amedis.es\/tienda\/?product=alginato-colorchange-alginato-cromatico#primaryimage","url":"https:\/\/amedis.es\/tienda\/wp-content\/uploads\/2022\/06\/ALGINATO-COLORCHANGE-CROMATICO-CAVEX.jpg","contentUrl":"https:\/\/amedis.es\/tienda\/wp-content\/uploads\/2022\/06\/ALGINATO-COLORCHANGE-CROMATICO-CAVEX.jpg","width":600,"height":600,"caption":"Amedis ALGINATO COLORCHANGE CROMATICO CAVEX"},{"@type":"BreadcrumbList","@id":"https:\/\/amedis.es\/tienda\/?product=alginato-colorchange-alginato-cromatico#breadcrumb","itemListElement":[{"@type":"ListItem","position":1,"name":"Portada","item":"https:\/\/amedis.es\/tienda\/"},{"@type":"ListItem","position":2,"name":"Amedis | Suministros M\u00e9dicos y Dentales | Tienda","item":"https:\/\/amedis.es\/tienda\/suministros-medicos-y-dentales\/"},{"@type":"ListItem","position":3,"name":"ALGINATO COLORCHANGE CROMATICO CAVEX"}]},{"@type":"WebSite","@id":"https:\/\/amedis.es\/tienda\/#website","url":"https:\/\/amedis.es\/tienda\/","name":"Amedis","description":"Suministros M\u00e9dicos y Dentales","publisher":{"@id":"https:\/\/amedis.es\/tienda\/#organization"},"potentialAction":[{"@type":"SearchAction","target":{"@type":"EntryPoint","urlTemplate":"https:\/\/amedis.es\/tienda\/?s={search_term_string}"},"query-input":{"@type":"PropertyValueSpecification","valueRequired":true,"valueName":"search_term_string"}}],"inLanguage":"es"},{"@type":"Organization","@id":"https:\/\/amedis.es\/tienda\/#organization","name":"Amedis | Suministros M\u00e9dicos y Dentales","url":"https:\/\/amedis.es\/tienda\/","logo":{"@type":"ImageObject","inLanguage":"es","@id":"https:\/\/amedis.es\/tienda\/#\/schema\/logo\/image\/","url":"https:\/\/amedis.es\/tienda\/wp-content\/uploads\/2020\/05\/logo-1.png","contentUrl":"https:\/\/amedis.es\/tienda\/wp-content\/uploads\/2020\/05\/logo-1.png","width":191,"height":80,"caption":"Amedis | Suministros M\u00e9dicos y Dentales"},"image":{"@id":"https:\/\/amedis.es\/tienda\/#\/schema\/logo\/image\/"}}]}},"brands":[{"id":2412,"name":"CAVEX","slug":"cavex"}],"_links":{"self":[{"href":"https:\/\/amedis.es\/tienda\/wp-json\/wp\/v2\/product\/21237","targetHints":{"allow":["GET"]}}],"collection":[{"href":"https:\/\/amedis.es\/tienda\/wp-json\/wp\/v2\/product"}],"about":[{"href":"https:\/\/amedis.es\/tienda\/wp-json\/wp\/v2\/types\/product"}],"wp:featuredmedia":[{"embeddable":true,"href":"https:\/\/amedis.es\/tienda\/wp-json\/wp\/v2\/media\/31447"}],"wp:attachment":[{"href":"https:\/\/amedis.es\/tienda\/wp-json\/wp\/v2\/media?parent=21237"}],"wp:term":[{"taxonomy":"pwb-brand","embeddable":true,"href":"https:\/\/amedis.es\/tienda\/wp-json\/wp\/v2\/pwb-brand?post=21237"},{"taxonomy":"product_brand","embeddable":true,"href":"https:\/\/amedis.es\/tienda\/wp-json\/wp\/v2\/product_brand?post=21237"},{"taxonomy":"product_cat","embeddable":true,"href":"https:\/\/amedis.es\/tienda\/wp-json\/wp\/v2\/product_cat?post=21237"},{"taxonomy":"product_tag","embeddable":true,"href":"https:\/\/amedis.es\/tienda\/wp-json\/wp\/v2\/product_tag?post=21237"}],"curies":[{"name":"wp","href":"https:\/\/api.w.org\/{rel}","templated":true}]}}