{"id":21135,"date":"2022-05-25T19:41:25","date_gmt":"2022-05-25T19:41:25","guid":{"rendered":"https:\/\/amedis.es\/tienda\/?post_type=product&#038;p=21135"},"modified":"2024-08-30T19:47:01","modified_gmt":"2024-08-30T19:47:01","slug":"mascarilla-ffp2-con-valvula-8825","status":"publish","type":"product","link":"https:\/\/amedis.es\/tienda\/producto\/mascarilla-ffp2-con-valvula-8825\/","title":{"rendered":"MASCARILLA FFP2 CON VALVULA 8825+"},"content":{"rendered":"<p>Mascarilla FFP2 con v\u00e1lvula 8825+. Dise\u00f1ada para adaptarse f\u00e1cilmente a la mayor\u00eda de formas y tama\u00f1os de cara con un armaz\u00f3n robusto resistente a la deformaci\u00f3n.<\/p>\n<p>&#8211; Transpirabilidad mejorada mediante material de filtro de alto rendimiento que permite respirar f\u00e1cilmente.<br \/>\n&#8211; La v\u00e1lvula 3M\u2122 Cool Flow\u2122 reduce la acumulaci\u00f3n de calor dentro del respirador porque evac\u00faa el aire espirado, por lo que su uso resulta m\u00e1s fresco.<br \/>\n&#8211; Las bandas para la cabeza mantienen la mascarilla en su lugar y ofrecen un sellado bueno y c\u00f3modo, con c\u00f3digo de color para indicar el nivel de rendimiento.<br \/>\n&#8211; azul: FFP2 seg\u00fan EN 149:2001+A1:2010.<br \/>\n&#8211; Cumple con las normas europeas: marca CE 0086 (EN 149:2001 + A1:2009 FFP2 R D).<\/p>\n<p>ENVASE: 5 unidades.<\/p>\n<p>REFERENCIA 300015<\/p>\n","protected":false},"excerpt":{"rendered":"<p>3M<\/p>\n","protected":false},"featured_media":21136,"template":"","meta":[],"pwb-brand":[2358],"product_brand":[],"product_cat":[34,1647,1646],"product_tag":[],"class_list":{"0":"post-21135","1":"product","2":"type-product","3":"status-publish","4":"has-post-thumbnail","6":"pwb-brand-solventum-3m","7":"product_cat-laboratorio","8":"product_cat-mascarillas","9":"product_cat-proteccion-e-higiene","11":"first","12":"instock","13":"sale","14":"taxable","15":"shipping-taxable","16":"purchasable","17":"product-type-simple"},"yoast_head":"<!-- This site is optimized with the Yoast SEO plugin v27.4 - https:\/\/yoast.com\/product\/yoast-seo-wordpress\/ -->\n<title>MASCARILLA FFP2 CON VALVULA 8825+ | Amedis<\/title>\n<meta name=\"description\" content=\"Mascarilla FFP2 con v\u00e1lvula 8825+. Dise\u00f1ada para adaptarse f\u00e1cilmente a la mayor\u00eda de formas y tama\u00f1os de cara\" \/>\n<meta name=\"robots\" content=\"index, follow, max-snippet:-1, max-image-preview:large, max-video-preview:-1\" \/>\n<link rel=\"canonical\" href=\"https:\/\/amedis.es\/tienda\/producto\/mascarilla-ffp2-con-valvula-8825\/\" \/>\n<meta property=\"og:locale\" content=\"es_ES\" \/>\n<meta property=\"og:type\" content=\"article\" \/>\n<meta property=\"og:title\" content=\"MASCARILLA FFP2 CON VALVULA 8825+ | Amedis\" \/>\n<meta property=\"og:description\" content=\"Mascarilla FFP2 con v\u00e1lvula 8825+. Dise\u00f1ada para adaptarse f\u00e1cilmente a la mayor\u00eda de formas y tama\u00f1os de cara\" \/>\n<meta property=\"og:url\" content=\"https:\/\/amedis.es\/tienda\/producto\/mascarilla-ffp2-con-valvula-8825\/\" \/>\n<meta property=\"og:site_name\" content=\"Amedis\" \/>\n<meta property=\"article:modified_time\" content=\"2024-08-30T19:47:01+00:00\" \/>\n<meta property=\"og:image\" content=\"https:\/\/amedis.es\/tienda\/wp-content\/uploads\/2022\/05\/MASCARILLA-FFP2-CON-VALVULA-8825.jpg\" \/>\n\t<meta property=\"og:image:width\" content=\"600\" \/>\n\t<meta property=\"og:image:height\" content=\"600\" \/>\n\t<meta property=\"og:image:type\" content=\"image\/jpeg\" \/>\n<meta name=\"twitter:card\" content=\"summary_large_image\" \/>\n<meta name=\"twitter:label1\" content=\"Tiempo de lectura\" \/>\n\t<meta name=\"twitter:data1\" content=\"1 minuto\" \/>\n<script type=\"application\/ld+json\" class=\"yoast-schema-graph\">{\"@context\":\"https:\\\/\\\/schema.org\",\"@graph\":[{\"@type\":\"WebPage\",\"@id\":\"https:\\\/\\\/amedis.es\\\/tienda\\\/producto\\\/mascarilla-ffp2-con-valvula-8825\\\/\",\"url\":\"https:\\\/\\\/amedis.es\\\/tienda\\\/producto\\\/mascarilla-ffp2-con-valvula-8825\\\/\",\"name\":\"MASCARILLA FFP2 CON VALVULA 8825+ | Amedis\",\"isPartOf\":{\"@id\":\"https:\\\/\\\/amedis.es\\\/tienda\\\/#website\"},\"primaryImageOfPage\":{\"@id\":\"https:\\\/\\\/amedis.es\\\/tienda\\\/producto\\\/mascarilla-ffp2-con-valvula-8825\\\/#primaryimage\"},\"image\":{\"@id\":\"https:\\\/\\\/amedis.es\\\/tienda\\\/producto\\\/mascarilla-ffp2-con-valvula-8825\\\/#primaryimage\"},\"thumbnailUrl\":\"https:\\\/\\\/amedis.es\\\/tienda\\\/wp-content\\\/uploads\\\/2022\\\/05\\\/MASCARILLA-FFP2-CON-VALVULA-8825.jpg\",\"datePublished\":\"2022-05-25T19:41:25+00:00\",\"dateModified\":\"2024-08-30T19:47:01+00:00\",\"description\":\"Mascarilla FFP2 con v\u00e1lvula 8825+. Dise\u00f1ada para adaptarse f\u00e1cilmente a la mayor\u00eda de formas y tama\u00f1os de cara\",\"breadcrumb\":{\"@id\":\"https:\\\/\\\/amedis.es\\\/tienda\\\/producto\\\/mascarilla-ffp2-con-valvula-8825\\\/#breadcrumb\"},\"inLanguage\":\"es\",\"potentialAction\":[{\"@type\":\"ReadAction\",\"target\":[\"https:\\\/\\\/amedis.es\\\/tienda\\\/producto\\\/mascarilla-ffp2-con-valvula-8825\\\/\"]}]},{\"@type\":\"ImageObject\",\"inLanguage\":\"es\",\"@id\":\"https:\\\/\\\/amedis.es\\\/tienda\\\/producto\\\/mascarilla-ffp2-con-valvula-8825\\\/#primaryimage\",\"url\":\"https:\\\/\\\/amedis.es\\\/tienda\\\/wp-content\\\/uploads\\\/2022\\\/05\\\/MASCARILLA-FFP2-CON-VALVULA-8825.jpg\",\"contentUrl\":\"https:\\\/\\\/amedis.es\\\/tienda\\\/wp-content\\\/uploads\\\/2022\\\/05\\\/MASCARILLA-FFP2-CON-VALVULA-8825.jpg\",\"width\":600,\"height\":600,\"caption\":\"Amedis MASCARILLA FFP2 CON VALVULA 8825+\"},{\"@type\":\"BreadcrumbList\",\"@id\":\"https:\\\/\\\/amedis.es\\\/tienda\\\/producto\\\/mascarilla-ffp2-con-valvula-8825\\\/#breadcrumb\",\"itemListElement\":[{\"@type\":\"ListItem\",\"position\":1,\"name\":\"Portada\",\"item\":\"https:\\\/\\\/amedis.es\\\/tienda\\\/\"},{\"@type\":\"ListItem\",\"position\":2,\"name\":\"Amedis | Suministros M\u00e9dicos y Dentales | Tienda\",\"item\":\"https:\\\/\\\/amedis.es\\\/tienda\\\/suministros-medicos-y-dentales\\\/\"},{\"@type\":\"ListItem\",\"position\":3,\"name\":\"MASCARILLA FFP2 CON VALVULA 8825+\"}]},{\"@type\":\"WebSite\",\"@id\":\"https:\\\/\\\/amedis.es\\\/tienda\\\/#website\",\"url\":\"https:\\\/\\\/amedis.es\\\/tienda\\\/\",\"name\":\"Amedis\",\"description\":\"Suministros M\u00e9dicos y Dentales\",\"publisher\":{\"@id\":\"https:\\\/\\\/amedis.es\\\/tienda\\\/#organization\"},\"potentialAction\":[{\"@type\":\"SearchAction\",\"target\":{\"@type\":\"EntryPoint\",\"urlTemplate\":\"https:\\\/\\\/amedis.es\\\/tienda\\\/?s={search_term_string}\"},\"query-input\":{\"@type\":\"PropertyValueSpecification\",\"valueRequired\":true,\"valueName\":\"search_term_string\"}}],\"inLanguage\":\"es\"},{\"@type\":\"Organization\",\"@id\":\"https:\\\/\\\/amedis.es\\\/tienda\\\/#organization\",\"name\":\"Amedis | Suministros M\u00e9dicos y Dentales\",\"url\":\"https:\\\/\\\/amedis.es\\\/tienda\\\/\",\"logo\":{\"@type\":\"ImageObject\",\"inLanguage\":\"es\",\"@id\":\"https:\\\/\\\/amedis.es\\\/tienda\\\/#\\\/schema\\\/logo\\\/image\\\/\",\"url\":\"https:\\\/\\\/amedis.es\\\/tienda\\\/wp-content\\\/uploads\\\/2020\\\/05\\\/logo-1.png\",\"contentUrl\":\"https:\\\/\\\/amedis.es\\\/tienda\\\/wp-content\\\/uploads\\\/2020\\\/05\\\/logo-1.png\",\"width\":191,\"height\":80,\"caption\":\"Amedis | Suministros M\u00e9dicos y Dentales\"},\"image\":{\"@id\":\"https:\\\/\\\/amedis.es\\\/tienda\\\/#\\\/schema\\\/logo\\\/image\\\/\"}}]}<\/script>\n<!-- \/ Yoast SEO plugin. -->","yoast_head_json":{"title":"MASCARILLA FFP2 CON VALVULA 8825+ | Amedis","description":"Mascarilla FFP2 con v\u00e1lvula 8825+. Dise\u00f1ada para adaptarse f\u00e1cilmente a la mayor\u00eda de formas y tama\u00f1os de cara","robots":{"index":"index","follow":"follow","max-snippet":"max-snippet:-1","max-image-preview":"max-image-preview:large","max-video-preview":"max-video-preview:-1"},"canonical":"https:\/\/amedis.es\/tienda\/producto\/mascarilla-ffp2-con-valvula-8825\/","og_locale":"es_ES","og_type":"article","og_title":"MASCARILLA FFP2 CON VALVULA 8825+ | Amedis","og_description":"Mascarilla FFP2 con v\u00e1lvula 8825+. Dise\u00f1ada para adaptarse f\u00e1cilmente a la mayor\u00eda de formas y tama\u00f1os de cara","og_url":"https:\/\/amedis.es\/tienda\/producto\/mascarilla-ffp2-con-valvula-8825\/","og_site_name":"Amedis","article_modified_time":"2024-08-30T19:47:01+00:00","og_image":[{"width":600,"height":600,"url":"https:\/\/amedis.es\/tienda\/wp-content\/uploads\/2022\/05\/MASCARILLA-FFP2-CON-VALVULA-8825.jpg","type":"image\/jpeg"}],"twitter_card":"summary_large_image","twitter_misc":{"Tiempo de lectura":"1 minuto"},"schema":{"@context":"https:\/\/schema.org","@graph":[{"@type":"WebPage","@id":"https:\/\/amedis.es\/tienda\/producto\/mascarilla-ffp2-con-valvula-8825\/","url":"https:\/\/amedis.es\/tienda\/producto\/mascarilla-ffp2-con-valvula-8825\/","name":"MASCARILLA FFP2 CON VALVULA 8825+ | Amedis","isPartOf":{"@id":"https:\/\/amedis.es\/tienda\/#website"},"primaryImageOfPage":{"@id":"https:\/\/amedis.es\/tienda\/producto\/mascarilla-ffp2-con-valvula-8825\/#primaryimage"},"image":{"@id":"https:\/\/amedis.es\/tienda\/producto\/mascarilla-ffp2-con-valvula-8825\/#primaryimage"},"thumbnailUrl":"https:\/\/amedis.es\/tienda\/wp-content\/uploads\/2022\/05\/MASCARILLA-FFP2-CON-VALVULA-8825.jpg","datePublished":"2022-05-25T19:41:25+00:00","dateModified":"2024-08-30T19:47:01+00:00","description":"Mascarilla FFP2 con v\u00e1lvula 8825+. Dise\u00f1ada para adaptarse f\u00e1cilmente a la mayor\u00eda de formas y tama\u00f1os de cara","breadcrumb":{"@id":"https:\/\/amedis.es\/tienda\/producto\/mascarilla-ffp2-con-valvula-8825\/#breadcrumb"},"inLanguage":"es","potentialAction":[{"@type":"ReadAction","target":["https:\/\/amedis.es\/tienda\/producto\/mascarilla-ffp2-con-valvula-8825\/"]}]},{"@type":"ImageObject","inLanguage":"es","@id":"https:\/\/amedis.es\/tienda\/producto\/mascarilla-ffp2-con-valvula-8825\/#primaryimage","url":"https:\/\/amedis.es\/tienda\/wp-content\/uploads\/2022\/05\/MASCARILLA-FFP2-CON-VALVULA-8825.jpg","contentUrl":"https:\/\/amedis.es\/tienda\/wp-content\/uploads\/2022\/05\/MASCARILLA-FFP2-CON-VALVULA-8825.jpg","width":600,"height":600,"caption":"Amedis MASCARILLA FFP2 CON VALVULA 8825+"},{"@type":"BreadcrumbList","@id":"https:\/\/amedis.es\/tienda\/producto\/mascarilla-ffp2-con-valvula-8825\/#breadcrumb","itemListElement":[{"@type":"ListItem","position":1,"name":"Portada","item":"https:\/\/amedis.es\/tienda\/"},{"@type":"ListItem","position":2,"name":"Amedis | Suministros M\u00e9dicos y Dentales | Tienda","item":"https:\/\/amedis.es\/tienda\/suministros-medicos-y-dentales\/"},{"@type":"ListItem","position":3,"name":"MASCARILLA FFP2 CON VALVULA 8825+"}]},{"@type":"WebSite","@id":"https:\/\/amedis.es\/tienda\/#website","url":"https:\/\/amedis.es\/tienda\/","name":"Amedis","description":"Suministros M\u00e9dicos y Dentales","publisher":{"@id":"https:\/\/amedis.es\/tienda\/#organization"},"potentialAction":[{"@type":"SearchAction","target":{"@type":"EntryPoint","urlTemplate":"https:\/\/amedis.es\/tienda\/?s={search_term_string}"},"query-input":{"@type":"PropertyValueSpecification","valueRequired":true,"valueName":"search_term_string"}}],"inLanguage":"es"},{"@type":"Organization","@id":"https:\/\/amedis.es\/tienda\/#organization","name":"Amedis | Suministros M\u00e9dicos y Dentales","url":"https:\/\/amedis.es\/tienda\/","logo":{"@type":"ImageObject","inLanguage":"es","@id":"https:\/\/amedis.es\/tienda\/#\/schema\/logo\/image\/","url":"https:\/\/amedis.es\/tienda\/wp-content\/uploads\/2020\/05\/logo-1.png","contentUrl":"https:\/\/amedis.es\/tienda\/wp-content\/uploads\/2020\/05\/logo-1.png","width":191,"height":80,"caption":"Amedis | Suministros M\u00e9dicos y Dentales"},"image":{"@id":"https:\/\/amedis.es\/tienda\/#\/schema\/logo\/image\/"}}]}},"brands":[{"id":2358,"name":"SOLVENTUM (3M)","slug":"solventum-3m"}],"_links":{"self":[{"href":"https:\/\/amedis.es\/tienda\/wp-json\/wp\/v2\/product\/21135","targetHints":{"allow":["GET"]}}],"collection":[{"href":"https:\/\/amedis.es\/tienda\/wp-json\/wp\/v2\/product"}],"about":[{"href":"https:\/\/amedis.es\/tienda\/wp-json\/wp\/v2\/types\/product"}],"wp:featuredmedia":[{"embeddable":true,"href":"https:\/\/amedis.es\/tienda\/wp-json\/wp\/v2\/media\/21136"}],"wp:attachment":[{"href":"https:\/\/amedis.es\/tienda\/wp-json\/wp\/v2\/media?parent=21135"}],"wp:term":[{"taxonomy":"pwb-brand","embeddable":true,"href":"https:\/\/amedis.es\/tienda\/wp-json\/wp\/v2\/pwb-brand?post=21135"},{"taxonomy":"product_brand","embeddable":true,"href":"https:\/\/amedis.es\/tienda\/wp-json\/wp\/v2\/product_brand?post=21135"},{"taxonomy":"product_cat","embeddable":true,"href":"https:\/\/amedis.es\/tienda\/wp-json\/wp\/v2\/product_cat?post=21135"},{"taxonomy":"product_tag","embeddable":true,"href":"https:\/\/amedis.es\/tienda\/wp-json\/wp\/v2\/product_tag?post=21135"}],"curies":[{"name":"wp","href":"https:\/\/api.w.org\/{rel}","templated":true}]}}