{"id":21133,"date":"2022-05-25T19:39:21","date_gmt":"2022-05-25T19:39:21","guid":{"rendered":"https:\/\/amedis.es\/tienda\/?post_type=product&#038;p=21133"},"modified":"2024-08-30T19:46:52","modified_gmt":"2024-08-30T19:46:52","slug":"mascarilla-9914-para-vapores-ffp1","status":"publish","type":"product","link":"https:\/\/amedis.es\/tienda\/producto\/mascarilla-9914-para-vapores-ffp1\/","title":{"rendered":"MASCARILLA 9914 PARA VAPORES FFP1"},"content":{"rendered":"<p>Mascarilla 9914 para vapores FFP1. El respirador 3M proporciona protecci\u00f3n higi\u00e9nica respiratoria contra el polvo, la niebla y niveles molestos de vapores org\u00e1nicos.<\/p>\n<p>ENVASE: 10 unidades.<\/p>\n<p>REFERENCIA 300014<\/p>\n","protected":false},"excerpt":{"rendered":"<p>3M<\/p>\n","protected":false},"featured_media":21134,"template":"","meta":[],"pwb-brand":[2358],"product_brand":[],"product_cat":[34,1647,1646],"product_tag":[],"class_list":{"0":"post-21133","1":"product","2":"type-product","3":"status-publish","4":"has-post-thumbnail","6":"pwb-brand-solventum-3m","7":"product_cat-laboratorio","8":"product_cat-mascarillas","9":"product_cat-proteccion-e-higiene","11":"first","12":"instock","13":"sale","14":"taxable","15":"shipping-taxable","16":"purchasable","17":"product-type-simple"},"yoast_head":"<!-- This site is optimized with the Yoast SEO plugin v27.3 - https:\/\/yoast.com\/product\/yoast-seo-wordpress\/ -->\n<title>MASCARILLA 9914 PARA VAPORES FFP1 | Amedis<\/title>\n<meta name=\"description\" content=\"Mascarilla 9914 para vapores FFP1. El respirador 3M proporciona protecci\u00f3n higi\u00e9nica respiratoria contra el polvo\" \/>\n<meta name=\"robots\" content=\"index, follow, max-snippet:-1, max-image-preview:large, max-video-preview:-1\" \/>\n<link rel=\"canonical\" href=\"https:\/\/amedis.es\/tienda\/producto\/mascarilla-9914-para-vapores-ffp1\/\" \/>\n<meta property=\"og:locale\" content=\"es_ES\" \/>\n<meta property=\"og:type\" content=\"article\" \/>\n<meta property=\"og:title\" content=\"MASCARILLA 9914 PARA VAPORES FFP1 | Amedis\" \/>\n<meta property=\"og:description\" content=\"Mascarilla 9914 para vapores FFP1. El respirador 3M proporciona protecci\u00f3n higi\u00e9nica respiratoria contra el polvo\" \/>\n<meta property=\"og:url\" content=\"https:\/\/amedis.es\/tienda\/producto\/mascarilla-9914-para-vapores-ffp1\/\" \/>\n<meta property=\"og:site_name\" content=\"Amedis\" \/>\n<meta property=\"article:modified_time\" content=\"2024-08-30T19:46:52+00:00\" \/>\n<meta property=\"og:image\" content=\"https:\/\/amedis.es\/tienda\/wp-content\/uploads\/2022\/05\/MASCARILLA-9914-PARA-VAPORES-FFP1.jpg\" \/>\n\t<meta property=\"og:image:width\" content=\"600\" \/>\n\t<meta property=\"og:image:height\" content=\"600\" \/>\n\t<meta property=\"og:image:type\" content=\"image\/jpeg\" \/>\n<meta name=\"twitter:card\" content=\"summary_large_image\" \/>\n<script type=\"application\/ld+json\" class=\"yoast-schema-graph\">{\"@context\":\"https:\\\/\\\/schema.org\",\"@graph\":[{\"@type\":\"WebPage\",\"@id\":\"https:\\\/\\\/amedis.es\\\/tienda\\\/producto\\\/mascarilla-9914-para-vapores-ffp1\\\/\",\"url\":\"https:\\\/\\\/amedis.es\\\/tienda\\\/producto\\\/mascarilla-9914-para-vapores-ffp1\\\/\",\"name\":\"MASCARILLA 9914 PARA VAPORES FFP1 | Amedis\",\"isPartOf\":{\"@id\":\"https:\\\/\\\/amedis.es\\\/tienda\\\/#website\"},\"primaryImageOfPage\":{\"@id\":\"https:\\\/\\\/amedis.es\\\/tienda\\\/producto\\\/mascarilla-9914-para-vapores-ffp1\\\/#primaryimage\"},\"image\":{\"@id\":\"https:\\\/\\\/amedis.es\\\/tienda\\\/producto\\\/mascarilla-9914-para-vapores-ffp1\\\/#primaryimage\"},\"thumbnailUrl\":\"https:\\\/\\\/amedis.es\\\/tienda\\\/wp-content\\\/uploads\\\/2022\\\/05\\\/MASCARILLA-9914-PARA-VAPORES-FFP1.jpg\",\"datePublished\":\"2022-05-25T19:39:21+00:00\",\"dateModified\":\"2024-08-30T19:46:52+00:00\",\"description\":\"Mascarilla 9914 para vapores FFP1. El respirador 3M proporciona protecci\u00f3n higi\u00e9nica respiratoria contra el polvo\",\"breadcrumb\":{\"@id\":\"https:\\\/\\\/amedis.es\\\/tienda\\\/producto\\\/mascarilla-9914-para-vapores-ffp1\\\/#breadcrumb\"},\"inLanguage\":\"es\",\"potentialAction\":[{\"@type\":\"ReadAction\",\"target\":[\"https:\\\/\\\/amedis.es\\\/tienda\\\/producto\\\/mascarilla-9914-para-vapores-ffp1\\\/\"]}]},{\"@type\":\"ImageObject\",\"inLanguage\":\"es\",\"@id\":\"https:\\\/\\\/amedis.es\\\/tienda\\\/producto\\\/mascarilla-9914-para-vapores-ffp1\\\/#primaryimage\",\"url\":\"https:\\\/\\\/amedis.es\\\/tienda\\\/wp-content\\\/uploads\\\/2022\\\/05\\\/MASCARILLA-9914-PARA-VAPORES-FFP1.jpg\",\"contentUrl\":\"https:\\\/\\\/amedis.es\\\/tienda\\\/wp-content\\\/uploads\\\/2022\\\/05\\\/MASCARILLA-9914-PARA-VAPORES-FFP1.jpg\",\"width\":600,\"height\":600,\"caption\":\"Amedis MASCARILLA 9914 PARA VAPORES FFP1\"},{\"@type\":\"BreadcrumbList\",\"@id\":\"https:\\\/\\\/amedis.es\\\/tienda\\\/producto\\\/mascarilla-9914-para-vapores-ffp1\\\/#breadcrumb\",\"itemListElement\":[{\"@type\":\"ListItem\",\"position\":1,\"name\":\"Portada\",\"item\":\"https:\\\/\\\/amedis.es\\\/tienda\\\/\"},{\"@type\":\"ListItem\",\"position\":2,\"name\":\"Amedis | Suministros M\u00e9dicos y Dentales | Tienda\",\"item\":\"https:\\\/\\\/amedis.es\\\/tienda\\\/suministros-medicos-y-dentales\\\/\"},{\"@type\":\"ListItem\",\"position\":3,\"name\":\"MASCARILLA 9914 PARA VAPORES FFP1\"}]},{\"@type\":\"WebSite\",\"@id\":\"https:\\\/\\\/amedis.es\\\/tienda\\\/#website\",\"url\":\"https:\\\/\\\/amedis.es\\\/tienda\\\/\",\"name\":\"Amedis\",\"description\":\"Suministros M\u00e9dicos y Dentales\",\"publisher\":{\"@id\":\"https:\\\/\\\/amedis.es\\\/tienda\\\/#organization\"},\"potentialAction\":[{\"@type\":\"SearchAction\",\"target\":{\"@type\":\"EntryPoint\",\"urlTemplate\":\"https:\\\/\\\/amedis.es\\\/tienda\\\/?s={search_term_string}\"},\"query-input\":{\"@type\":\"PropertyValueSpecification\",\"valueRequired\":true,\"valueName\":\"search_term_string\"}}],\"inLanguage\":\"es\"},{\"@type\":\"Organization\",\"@id\":\"https:\\\/\\\/amedis.es\\\/tienda\\\/#organization\",\"name\":\"Amedis | Suministros M\u00e9dicos y Dentales\",\"url\":\"https:\\\/\\\/amedis.es\\\/tienda\\\/\",\"logo\":{\"@type\":\"ImageObject\",\"inLanguage\":\"es\",\"@id\":\"https:\\\/\\\/amedis.es\\\/tienda\\\/#\\\/schema\\\/logo\\\/image\\\/\",\"url\":\"https:\\\/\\\/amedis.es\\\/tienda\\\/wp-content\\\/uploads\\\/2020\\\/05\\\/logo-1.png\",\"contentUrl\":\"https:\\\/\\\/amedis.es\\\/tienda\\\/wp-content\\\/uploads\\\/2020\\\/05\\\/logo-1.png\",\"width\":191,\"height\":80,\"caption\":\"Amedis | Suministros M\u00e9dicos y Dentales\"},\"image\":{\"@id\":\"https:\\\/\\\/amedis.es\\\/tienda\\\/#\\\/schema\\\/logo\\\/image\\\/\"}}]}<\/script>\n<!-- \/ Yoast SEO plugin. -->","yoast_head_json":{"title":"MASCARILLA 9914 PARA VAPORES FFP1 | Amedis","description":"Mascarilla 9914 para vapores FFP1. El respirador 3M proporciona protecci\u00f3n higi\u00e9nica respiratoria contra el polvo","robots":{"index":"index","follow":"follow","max-snippet":"max-snippet:-1","max-image-preview":"max-image-preview:large","max-video-preview":"max-video-preview:-1"},"canonical":"https:\/\/amedis.es\/tienda\/producto\/mascarilla-9914-para-vapores-ffp1\/","og_locale":"es_ES","og_type":"article","og_title":"MASCARILLA 9914 PARA VAPORES FFP1 | Amedis","og_description":"Mascarilla 9914 para vapores FFP1. El respirador 3M proporciona protecci\u00f3n higi\u00e9nica respiratoria contra el polvo","og_url":"https:\/\/amedis.es\/tienda\/producto\/mascarilla-9914-para-vapores-ffp1\/","og_site_name":"Amedis","article_modified_time":"2024-08-30T19:46:52+00:00","og_image":[{"width":600,"height":600,"url":"https:\/\/amedis.es\/tienda\/wp-content\/uploads\/2022\/05\/MASCARILLA-9914-PARA-VAPORES-FFP1.jpg","type":"image\/jpeg"}],"twitter_card":"summary_large_image","schema":{"@context":"https:\/\/schema.org","@graph":[{"@type":"WebPage","@id":"https:\/\/amedis.es\/tienda\/producto\/mascarilla-9914-para-vapores-ffp1\/","url":"https:\/\/amedis.es\/tienda\/producto\/mascarilla-9914-para-vapores-ffp1\/","name":"MASCARILLA 9914 PARA VAPORES FFP1 | Amedis","isPartOf":{"@id":"https:\/\/amedis.es\/tienda\/#website"},"primaryImageOfPage":{"@id":"https:\/\/amedis.es\/tienda\/producto\/mascarilla-9914-para-vapores-ffp1\/#primaryimage"},"image":{"@id":"https:\/\/amedis.es\/tienda\/producto\/mascarilla-9914-para-vapores-ffp1\/#primaryimage"},"thumbnailUrl":"https:\/\/amedis.es\/tienda\/wp-content\/uploads\/2022\/05\/MASCARILLA-9914-PARA-VAPORES-FFP1.jpg","datePublished":"2022-05-25T19:39:21+00:00","dateModified":"2024-08-30T19:46:52+00:00","description":"Mascarilla 9914 para vapores FFP1. El respirador 3M proporciona protecci\u00f3n higi\u00e9nica respiratoria contra el polvo","breadcrumb":{"@id":"https:\/\/amedis.es\/tienda\/producto\/mascarilla-9914-para-vapores-ffp1\/#breadcrumb"},"inLanguage":"es","potentialAction":[{"@type":"ReadAction","target":["https:\/\/amedis.es\/tienda\/producto\/mascarilla-9914-para-vapores-ffp1\/"]}]},{"@type":"ImageObject","inLanguage":"es","@id":"https:\/\/amedis.es\/tienda\/producto\/mascarilla-9914-para-vapores-ffp1\/#primaryimage","url":"https:\/\/amedis.es\/tienda\/wp-content\/uploads\/2022\/05\/MASCARILLA-9914-PARA-VAPORES-FFP1.jpg","contentUrl":"https:\/\/amedis.es\/tienda\/wp-content\/uploads\/2022\/05\/MASCARILLA-9914-PARA-VAPORES-FFP1.jpg","width":600,"height":600,"caption":"Amedis MASCARILLA 9914 PARA VAPORES FFP1"},{"@type":"BreadcrumbList","@id":"https:\/\/amedis.es\/tienda\/producto\/mascarilla-9914-para-vapores-ffp1\/#breadcrumb","itemListElement":[{"@type":"ListItem","position":1,"name":"Portada","item":"https:\/\/amedis.es\/tienda\/"},{"@type":"ListItem","position":2,"name":"Amedis | Suministros M\u00e9dicos y Dentales | Tienda","item":"https:\/\/amedis.es\/tienda\/suministros-medicos-y-dentales\/"},{"@type":"ListItem","position":3,"name":"MASCARILLA 9914 PARA VAPORES FFP1"}]},{"@type":"WebSite","@id":"https:\/\/amedis.es\/tienda\/#website","url":"https:\/\/amedis.es\/tienda\/","name":"Amedis","description":"Suministros M\u00e9dicos y Dentales","publisher":{"@id":"https:\/\/amedis.es\/tienda\/#organization"},"potentialAction":[{"@type":"SearchAction","target":{"@type":"EntryPoint","urlTemplate":"https:\/\/amedis.es\/tienda\/?s={search_term_string}"},"query-input":{"@type":"PropertyValueSpecification","valueRequired":true,"valueName":"search_term_string"}}],"inLanguage":"es"},{"@type":"Organization","@id":"https:\/\/amedis.es\/tienda\/#organization","name":"Amedis | Suministros M\u00e9dicos y Dentales","url":"https:\/\/amedis.es\/tienda\/","logo":{"@type":"ImageObject","inLanguage":"es","@id":"https:\/\/amedis.es\/tienda\/#\/schema\/logo\/image\/","url":"https:\/\/amedis.es\/tienda\/wp-content\/uploads\/2020\/05\/logo-1.png","contentUrl":"https:\/\/amedis.es\/tienda\/wp-content\/uploads\/2020\/05\/logo-1.png","width":191,"height":80,"caption":"Amedis | Suministros M\u00e9dicos y Dentales"},"image":{"@id":"https:\/\/amedis.es\/tienda\/#\/schema\/logo\/image\/"}}]}},"brands":[{"id":2358,"name":"SOLVENTUM (3M)","slug":"solventum-3m"}],"_links":{"self":[{"href":"https:\/\/amedis.es\/tienda\/wp-json\/wp\/v2\/product\/21133","targetHints":{"allow":["GET"]}}],"collection":[{"href":"https:\/\/amedis.es\/tienda\/wp-json\/wp\/v2\/product"}],"about":[{"href":"https:\/\/amedis.es\/tienda\/wp-json\/wp\/v2\/types\/product"}],"wp:featuredmedia":[{"embeddable":true,"href":"https:\/\/amedis.es\/tienda\/wp-json\/wp\/v2\/media\/21134"}],"wp:attachment":[{"href":"https:\/\/amedis.es\/tienda\/wp-json\/wp\/v2\/media?parent=21133"}],"wp:term":[{"taxonomy":"pwb-brand","embeddable":true,"href":"https:\/\/amedis.es\/tienda\/wp-json\/wp\/v2\/pwb-brand?post=21133"},{"taxonomy":"product_brand","embeddable":true,"href":"https:\/\/amedis.es\/tienda\/wp-json\/wp\/v2\/product_brand?post=21133"},{"taxonomy":"product_cat","embeddable":true,"href":"https:\/\/amedis.es\/tienda\/wp-json\/wp\/v2\/product_cat?post=21133"},{"taxonomy":"product_tag","embeddable":true,"href":"https:\/\/amedis.es\/tienda\/wp-json\/wp\/v2\/product_tag?post=21133"}],"curies":[{"name":"wp","href":"https:\/\/api.w.org\/{rel}","templated":true}]}}