{"id":20810,"date":"2022-05-10T17:33:36","date_gmt":"2022-05-10T17:33:36","guid":{"rendered":"https:\/\/amedis.es\/tienda\/?post_type=product&#038;p=20810"},"modified":"2024-11-19T11:55:16","modified_gmt":"2024-11-19T11:55:16","slug":"parapost-fiber-lux-refill","status":"publish","type":"product","link":"https:\/\/amedis.es\/tienda\/producto\/parapost-fiber-lux-refill\/","title":{"rendered":"PARAPOST FIBER LUX REFILL"},"content":{"rendered":"<p>Parapost fiber lux refill. Es un poste nuevo de resina. Sus traslucidez le hace ideal para est\u00e9tica restauraciones libres de metal. Su dise\u00f1o del cabezal redondo reduce el stress. Apreciar\u00e1 la fuerza y belleza de este nuevo poste.<\/p>\n","protected":false},"excerpt":{"rendered":"<p>CONTENIDO: 5 unidades.<\/p>\n","protected":false},"featured_media":31163,"template":"","meta":[],"pwb-brand":[2350],"product_brand":[],"product_cat":[27,207,1586],"product_tag":[],"class_list":{"0":"post-20810","1":"product","2":"type-product","3":"status-publish","4":"has-post-thumbnail","6":"pwb-brand-coltene","7":"product_cat-clinica","8":"product_cat-postes","9":"product_cat-postes-blancos-de-fibra","11":"first","12":"instock","13":"sale","14":"taxable","15":"shipping-taxable","16":"purchasable","17":"product-type-variable"},"yoast_head":"<!-- This site is optimized with the Yoast SEO plugin v27.4 - https:\/\/yoast.com\/product\/yoast-seo-wordpress\/ -->\n<title>PARAPOST FIBER LUX REFILL | Amedis<\/title>\n<meta name=\"description\" content=\"Parapost fiber lux refill. Es un poste nuevo de resina. Sus traslucidez le hace ideal para est\u00e9tica restauraciones libres de metal.\" \/>\n<meta name=\"robots\" content=\"index, follow, max-snippet:-1, max-image-preview:large, max-video-preview:-1\" \/>\n<link rel=\"canonical\" href=\"https:\/\/amedis.es\/tienda\/?product=parapost-fiber-lux-refill\" \/>\n<meta property=\"og:locale\" content=\"es_ES\" \/>\n<meta property=\"og:type\" content=\"article\" \/>\n<meta property=\"og:title\" content=\"PARAPOST FIBER LUX REFILL | Amedis\" \/>\n<meta property=\"og:description\" content=\"Parapost fiber lux refill. Es un poste nuevo de resina. Sus traslucidez le hace ideal para est\u00e9tica restauraciones libres de metal.\" \/>\n<meta property=\"og:url\" content=\"https:\/\/amedis.es\/tienda\/?product=parapost-fiber-lux-refill\" \/>\n<meta property=\"og:site_name\" content=\"Amedis\" \/>\n<meta property=\"article:modified_time\" content=\"2024-11-19T11:55:16+00:00\" \/>\n<meta property=\"og:image\" content=\"https:\/\/amedis.es\/tienda\/wp-content\/uploads\/2022\/05\/PARAPOST-FIBER-LUX-REFILL-1.jpg\" \/>\n\t<meta property=\"og:image:width\" content=\"600\" \/>\n\t<meta property=\"og:image:height\" content=\"600\" \/>\n\t<meta property=\"og:image:type\" content=\"image\/jpeg\" \/>\n<meta name=\"twitter:card\" content=\"summary_large_image\" \/>\n<meta name=\"twitter:label1\" content=\"Tiempo de lectura\" \/>\n\t<meta name=\"twitter:data1\" content=\"1 minuto\" \/>\n<script type=\"application\/ld+json\" class=\"yoast-schema-graph\">{\"@context\":\"https:\\\/\\\/schema.org\",\"@graph\":[{\"@type\":\"WebPage\",\"@id\":\"https:\\\/\\\/amedis.es\\\/tienda\\\/?product=parapost-fiber-lux-refill\",\"url\":\"https:\\\/\\\/amedis.es\\\/tienda\\\/?product=parapost-fiber-lux-refill\",\"name\":\"PARAPOST FIBER LUX REFILL | Amedis\",\"isPartOf\":{\"@id\":\"https:\\\/\\\/amedis.es\\\/tienda\\\/#website\"},\"primaryImageOfPage\":{\"@id\":\"https:\\\/\\\/amedis.es\\\/tienda\\\/?product=parapost-fiber-lux-refill#primaryimage\"},\"image\":{\"@id\":\"https:\\\/\\\/amedis.es\\\/tienda\\\/?product=parapost-fiber-lux-refill#primaryimage\"},\"thumbnailUrl\":\"https:\\\/\\\/amedis.es\\\/tienda\\\/wp-content\\\/uploads\\\/2022\\\/05\\\/PARAPOST-FIBER-LUX-REFILL-1.jpg\",\"datePublished\":\"2022-05-10T17:33:36+00:00\",\"dateModified\":\"2024-11-19T11:55:16+00:00\",\"description\":\"Parapost fiber lux refill. Es un poste nuevo de resina. Sus traslucidez le hace ideal para est\u00e9tica restauraciones libres de metal.\",\"breadcrumb\":{\"@id\":\"https:\\\/\\\/amedis.es\\\/tienda\\\/?product=parapost-fiber-lux-refill#breadcrumb\"},\"inLanguage\":\"es\",\"potentialAction\":[{\"@type\":\"ReadAction\",\"target\":[\"https:\\\/\\\/amedis.es\\\/tienda\\\/?product=parapost-fiber-lux-refill\"]}]},{\"@type\":\"ImageObject\",\"inLanguage\":\"es\",\"@id\":\"https:\\\/\\\/amedis.es\\\/tienda\\\/?product=parapost-fiber-lux-refill#primaryimage\",\"url\":\"https:\\\/\\\/amedis.es\\\/tienda\\\/wp-content\\\/uploads\\\/2022\\\/05\\\/PARAPOST-FIBER-LUX-REFILL-1.jpg\",\"contentUrl\":\"https:\\\/\\\/amedis.es\\\/tienda\\\/wp-content\\\/uploads\\\/2022\\\/05\\\/PARAPOST-FIBER-LUX-REFILL-1.jpg\",\"width\":600,\"height\":600,\"caption\":\"Amedis PARAPOST FIBER LUX REFILL\"},{\"@type\":\"BreadcrumbList\",\"@id\":\"https:\\\/\\\/amedis.es\\\/tienda\\\/?product=parapost-fiber-lux-refill#breadcrumb\",\"itemListElement\":[{\"@type\":\"ListItem\",\"position\":1,\"name\":\"Portada\",\"item\":\"https:\\\/\\\/amedis.es\\\/tienda\\\/\"},{\"@type\":\"ListItem\",\"position\":2,\"name\":\"Amedis | Suministros M\u00e9dicos y Dentales | Tienda\",\"item\":\"https:\\\/\\\/amedis.es\\\/tienda\\\/suministros-medicos-y-dentales\\\/\"},{\"@type\":\"ListItem\",\"position\":3,\"name\":\"PARAPOST FIBER LUX REFILL\"}]},{\"@type\":\"WebSite\",\"@id\":\"https:\\\/\\\/amedis.es\\\/tienda\\\/#website\",\"url\":\"https:\\\/\\\/amedis.es\\\/tienda\\\/\",\"name\":\"Amedis\",\"description\":\"Suministros M\u00e9dicos y Dentales\",\"publisher\":{\"@id\":\"https:\\\/\\\/amedis.es\\\/tienda\\\/#organization\"},\"potentialAction\":[{\"@type\":\"SearchAction\",\"target\":{\"@type\":\"EntryPoint\",\"urlTemplate\":\"https:\\\/\\\/amedis.es\\\/tienda\\\/?s={search_term_string}\"},\"query-input\":{\"@type\":\"PropertyValueSpecification\",\"valueRequired\":true,\"valueName\":\"search_term_string\"}}],\"inLanguage\":\"es\"},{\"@type\":\"Organization\",\"@id\":\"https:\\\/\\\/amedis.es\\\/tienda\\\/#organization\",\"name\":\"Amedis | Suministros M\u00e9dicos y Dentales\",\"url\":\"https:\\\/\\\/amedis.es\\\/tienda\\\/\",\"logo\":{\"@type\":\"ImageObject\",\"inLanguage\":\"es\",\"@id\":\"https:\\\/\\\/amedis.es\\\/tienda\\\/#\\\/schema\\\/logo\\\/image\\\/\",\"url\":\"https:\\\/\\\/amedis.es\\\/tienda\\\/wp-content\\\/uploads\\\/2020\\\/05\\\/logo-1.png\",\"contentUrl\":\"https:\\\/\\\/amedis.es\\\/tienda\\\/wp-content\\\/uploads\\\/2020\\\/05\\\/logo-1.png\",\"width\":191,\"height\":80,\"caption\":\"Amedis | Suministros M\u00e9dicos y Dentales\"},\"image\":{\"@id\":\"https:\\\/\\\/amedis.es\\\/tienda\\\/#\\\/schema\\\/logo\\\/image\\\/\"}}]}<\/script>\n<!-- \/ Yoast SEO plugin. -->","yoast_head_json":{"title":"PARAPOST FIBER LUX REFILL | Amedis","description":"Parapost fiber lux refill. Es un poste nuevo de resina. Sus traslucidez le hace ideal para est\u00e9tica restauraciones libres de metal.","robots":{"index":"index","follow":"follow","max-snippet":"max-snippet:-1","max-image-preview":"max-image-preview:large","max-video-preview":"max-video-preview:-1"},"canonical":"https:\/\/amedis.es\/tienda\/?product=parapost-fiber-lux-refill","og_locale":"es_ES","og_type":"article","og_title":"PARAPOST FIBER LUX REFILL | Amedis","og_description":"Parapost fiber lux refill. Es un poste nuevo de resina. Sus traslucidez le hace ideal para est\u00e9tica restauraciones libres de metal.","og_url":"https:\/\/amedis.es\/tienda\/?product=parapost-fiber-lux-refill","og_site_name":"Amedis","article_modified_time":"2024-11-19T11:55:16+00:00","og_image":[{"width":600,"height":600,"url":"https:\/\/amedis.es\/tienda\/wp-content\/uploads\/2022\/05\/PARAPOST-FIBER-LUX-REFILL-1.jpg","type":"image\/jpeg"}],"twitter_card":"summary_large_image","twitter_misc":{"Tiempo de lectura":"1 minuto"},"schema":{"@context":"https:\/\/schema.org","@graph":[{"@type":"WebPage","@id":"https:\/\/amedis.es\/tienda\/?product=parapost-fiber-lux-refill","url":"https:\/\/amedis.es\/tienda\/?product=parapost-fiber-lux-refill","name":"PARAPOST FIBER LUX REFILL | Amedis","isPartOf":{"@id":"https:\/\/amedis.es\/tienda\/#website"},"primaryImageOfPage":{"@id":"https:\/\/amedis.es\/tienda\/?product=parapost-fiber-lux-refill#primaryimage"},"image":{"@id":"https:\/\/amedis.es\/tienda\/?product=parapost-fiber-lux-refill#primaryimage"},"thumbnailUrl":"https:\/\/amedis.es\/tienda\/wp-content\/uploads\/2022\/05\/PARAPOST-FIBER-LUX-REFILL-1.jpg","datePublished":"2022-05-10T17:33:36+00:00","dateModified":"2024-11-19T11:55:16+00:00","description":"Parapost fiber lux refill. Es un poste nuevo de resina. Sus traslucidez le hace ideal para est\u00e9tica restauraciones libres de metal.","breadcrumb":{"@id":"https:\/\/amedis.es\/tienda\/?product=parapost-fiber-lux-refill#breadcrumb"},"inLanguage":"es","potentialAction":[{"@type":"ReadAction","target":["https:\/\/amedis.es\/tienda\/?product=parapost-fiber-lux-refill"]}]},{"@type":"ImageObject","inLanguage":"es","@id":"https:\/\/amedis.es\/tienda\/?product=parapost-fiber-lux-refill#primaryimage","url":"https:\/\/amedis.es\/tienda\/wp-content\/uploads\/2022\/05\/PARAPOST-FIBER-LUX-REFILL-1.jpg","contentUrl":"https:\/\/amedis.es\/tienda\/wp-content\/uploads\/2022\/05\/PARAPOST-FIBER-LUX-REFILL-1.jpg","width":600,"height":600,"caption":"Amedis PARAPOST FIBER LUX REFILL"},{"@type":"BreadcrumbList","@id":"https:\/\/amedis.es\/tienda\/?product=parapost-fiber-lux-refill#breadcrumb","itemListElement":[{"@type":"ListItem","position":1,"name":"Portada","item":"https:\/\/amedis.es\/tienda\/"},{"@type":"ListItem","position":2,"name":"Amedis | Suministros M\u00e9dicos y Dentales | Tienda","item":"https:\/\/amedis.es\/tienda\/suministros-medicos-y-dentales\/"},{"@type":"ListItem","position":3,"name":"PARAPOST FIBER LUX REFILL"}]},{"@type":"WebSite","@id":"https:\/\/amedis.es\/tienda\/#website","url":"https:\/\/amedis.es\/tienda\/","name":"Amedis","description":"Suministros M\u00e9dicos y Dentales","publisher":{"@id":"https:\/\/amedis.es\/tienda\/#organization"},"potentialAction":[{"@type":"SearchAction","target":{"@type":"EntryPoint","urlTemplate":"https:\/\/amedis.es\/tienda\/?s={search_term_string}"},"query-input":{"@type":"PropertyValueSpecification","valueRequired":true,"valueName":"search_term_string"}}],"inLanguage":"es"},{"@type":"Organization","@id":"https:\/\/amedis.es\/tienda\/#organization","name":"Amedis | Suministros M\u00e9dicos y Dentales","url":"https:\/\/amedis.es\/tienda\/","logo":{"@type":"ImageObject","inLanguage":"es","@id":"https:\/\/amedis.es\/tienda\/#\/schema\/logo\/image\/","url":"https:\/\/amedis.es\/tienda\/wp-content\/uploads\/2020\/05\/logo-1.png","contentUrl":"https:\/\/amedis.es\/tienda\/wp-content\/uploads\/2020\/05\/logo-1.png","width":191,"height":80,"caption":"Amedis | Suministros M\u00e9dicos y Dentales"},"image":{"@id":"https:\/\/amedis.es\/tienda\/#\/schema\/logo\/image\/"}}]}},"brands":[{"id":2350,"name":"COLTENE","slug":"coltene"}],"_links":{"self":[{"href":"https:\/\/amedis.es\/tienda\/wp-json\/wp\/v2\/product\/20810","targetHints":{"allow":["GET"]}}],"collection":[{"href":"https:\/\/amedis.es\/tienda\/wp-json\/wp\/v2\/product"}],"about":[{"href":"https:\/\/amedis.es\/tienda\/wp-json\/wp\/v2\/types\/product"}],"wp:featuredmedia":[{"embeddable":true,"href":"https:\/\/amedis.es\/tienda\/wp-json\/wp\/v2\/media\/31163"}],"wp:attachment":[{"href":"https:\/\/amedis.es\/tienda\/wp-json\/wp\/v2\/media?parent=20810"}],"wp:term":[{"taxonomy":"pwb-brand","embeddable":true,"href":"https:\/\/amedis.es\/tienda\/wp-json\/wp\/v2\/pwb-brand?post=20810"},{"taxonomy":"product_brand","embeddable":true,"href":"https:\/\/amedis.es\/tienda\/wp-json\/wp\/v2\/product_brand?post=20810"},{"taxonomy":"product_cat","embeddable":true,"href":"https:\/\/amedis.es\/tienda\/wp-json\/wp\/v2\/product_cat?post=20810"},{"taxonomy":"product_tag","embeddable":true,"href":"https:\/\/amedis.es\/tienda\/wp-json\/wp\/v2\/product_tag?post=20810"}],"curies":[{"name":"wp","href":"https:\/\/api.w.org\/{rel}","templated":true}]}}