{"id":20016,"date":"2022-04-24T16:46:51","date_gmt":"2022-04-24T16:46:51","guid":{"rendered":"https:\/\/amedis.es\/tienda\/?post_type=product&#038;p=20016"},"modified":"2024-10-02T19:10:58","modified_gmt":"2024-10-02T19:10:58","slug":"puntas-de-papel-convencional-roeko","status":"publish","type":"product","link":"https:\/\/amedis.es\/tienda\/producto\/puntas-de-papel-convencional-roeko\/","title":{"rendered":"PUNTAS DE PAPEL CONVENCIONAL ROEKO"},"content":{"rendered":"<p>Puntas de papel convencional Roeko. La forma c\u00f3nica de las puntas de papel convencional ROEKO son id\u00f3neas para secar conductos radiculares c\u00f3nicos. Color blanco. M\u00e1s c\u00f3nicas que las puntas ISO. Longitud \u2265 25 mm.<\/p>\n<p>ENVASE: 120 unidades.<\/p>\n","protected":false},"excerpt":{"rendered":"<p>ROEKO<\/p>\n","protected":false},"featured_media":20017,"template":"","meta":[],"pwb-brand":[2383],"product_brand":[],"product_cat":[27,132,137],"product_tag":[],"class_list":{"0":"post-20016","1":"product","2":"type-product","3":"status-publish","4":"has-post-thumbnail","6":"pwb-brand-roeko","7":"product_cat-clinica","8":"product_cat-endodoncia","9":"product_cat-puntas-de-papel","11":"first","12":"instock","13":"sale","14":"taxable","15":"shipping-taxable","16":"purchasable","17":"product-type-variable"},"yoast_head":"<!-- This site is optimized with the Yoast SEO plugin v27.4 - https:\/\/yoast.com\/product\/yoast-seo-wordpress\/ -->\n<title>PUNTAS DE PAPEL CONVENCIONAL ROEKO | Amedis<\/title>\n<meta name=\"description\" content=\"Puntas de papel convencional Roeko. La forma c\u00f3nica de las puntas de papel convencional ROEKO son id\u00f3neas para secar conductos radiculares c\u00f3nicos\" \/>\n<meta name=\"robots\" content=\"index, follow, max-snippet:-1, max-image-preview:large, max-video-preview:-1\" \/>\n<link rel=\"canonical\" href=\"https:\/\/amedis.es\/tienda\/?product=puntas-de-papel-convencional-roeko\" \/>\n<meta property=\"og:locale\" content=\"es_ES\" \/>\n<meta property=\"og:type\" content=\"article\" \/>\n<meta property=\"og:title\" content=\"PUNTAS DE PAPEL CONVENCIONAL ROEKO | Amedis\" \/>\n<meta property=\"og:description\" content=\"Puntas de papel convencional Roeko. La forma c\u00f3nica de las puntas de papel convencional ROEKO son id\u00f3neas para secar conductos radiculares c\u00f3nicos\" \/>\n<meta property=\"og:url\" content=\"https:\/\/amedis.es\/tienda\/?product=puntas-de-papel-convencional-roeko\" \/>\n<meta property=\"og:site_name\" content=\"Amedis\" \/>\n<meta property=\"article:modified_time\" content=\"2024-10-02T19:10:58+00:00\" \/>\n<meta property=\"og:image\" content=\"https:\/\/amedis.es\/tienda\/wp-content\/uploads\/2022\/04\/PUNTAS-DE-PAPEL-CONVENCIONAL-ROEKO.jpg\" \/>\n\t<meta property=\"og:image:width\" content=\"600\" \/>\n\t<meta property=\"og:image:height\" content=\"600\" \/>\n\t<meta property=\"og:image:type\" content=\"image\/jpeg\" \/>\n<meta name=\"twitter:card\" content=\"summary_large_image\" \/>\n<script type=\"application\/ld+json\" class=\"yoast-schema-graph\">{\"@context\":\"https:\\\/\\\/schema.org\",\"@graph\":[{\"@type\":\"WebPage\",\"@id\":\"https:\\\/\\\/amedis.es\\\/tienda\\\/?product=puntas-de-papel-convencional-roeko\",\"url\":\"https:\\\/\\\/amedis.es\\\/tienda\\\/?product=puntas-de-papel-convencional-roeko\",\"name\":\"PUNTAS DE PAPEL CONVENCIONAL ROEKO | Amedis\",\"isPartOf\":{\"@id\":\"https:\\\/\\\/amedis.es\\\/tienda\\\/#website\"},\"primaryImageOfPage\":{\"@id\":\"https:\\\/\\\/amedis.es\\\/tienda\\\/?product=puntas-de-papel-convencional-roeko#primaryimage\"},\"image\":{\"@id\":\"https:\\\/\\\/amedis.es\\\/tienda\\\/?product=puntas-de-papel-convencional-roeko#primaryimage\"},\"thumbnailUrl\":\"https:\\\/\\\/amedis.es\\\/tienda\\\/wp-content\\\/uploads\\\/2022\\\/04\\\/PUNTAS-DE-PAPEL-CONVENCIONAL-ROEKO.jpg\",\"datePublished\":\"2022-04-24T16:46:51+00:00\",\"dateModified\":\"2024-10-02T19:10:58+00:00\",\"description\":\"Puntas de papel convencional Roeko. La forma c\u00f3nica de las puntas de papel convencional ROEKO son id\u00f3neas para secar conductos radiculares c\u00f3nicos\",\"breadcrumb\":{\"@id\":\"https:\\\/\\\/amedis.es\\\/tienda\\\/?product=puntas-de-papel-convencional-roeko#breadcrumb\"},\"inLanguage\":\"es\",\"potentialAction\":[{\"@type\":\"ReadAction\",\"target\":[\"https:\\\/\\\/amedis.es\\\/tienda\\\/?product=puntas-de-papel-convencional-roeko\"]}]},{\"@type\":\"ImageObject\",\"inLanguage\":\"es\",\"@id\":\"https:\\\/\\\/amedis.es\\\/tienda\\\/?product=puntas-de-papel-convencional-roeko#primaryimage\",\"url\":\"https:\\\/\\\/amedis.es\\\/tienda\\\/wp-content\\\/uploads\\\/2022\\\/04\\\/PUNTAS-DE-PAPEL-CONVENCIONAL-ROEKO.jpg\",\"contentUrl\":\"https:\\\/\\\/amedis.es\\\/tienda\\\/wp-content\\\/uploads\\\/2022\\\/04\\\/PUNTAS-DE-PAPEL-CONVENCIONAL-ROEKO.jpg\",\"width\":600,\"height\":600,\"caption\":\"Amedis PUNTAS DE PAPEL CONVENCIONAL ROEKO\"},{\"@type\":\"BreadcrumbList\",\"@id\":\"https:\\\/\\\/amedis.es\\\/tienda\\\/?product=puntas-de-papel-convencional-roeko#breadcrumb\",\"itemListElement\":[{\"@type\":\"ListItem\",\"position\":1,\"name\":\"Portada\",\"item\":\"https:\\\/\\\/amedis.es\\\/tienda\\\/\"},{\"@type\":\"ListItem\",\"position\":2,\"name\":\"Amedis | Suministros M\u00e9dicos y Dentales | Tienda\",\"item\":\"https:\\\/\\\/amedis.es\\\/tienda\\\/suministros-medicos-y-dentales\\\/\"},{\"@type\":\"ListItem\",\"position\":3,\"name\":\"PUNTAS DE PAPEL CONVENCIONAL ROEKO\"}]},{\"@type\":\"WebSite\",\"@id\":\"https:\\\/\\\/amedis.es\\\/tienda\\\/#website\",\"url\":\"https:\\\/\\\/amedis.es\\\/tienda\\\/\",\"name\":\"Amedis\",\"description\":\"Suministros M\u00e9dicos y Dentales\",\"publisher\":{\"@id\":\"https:\\\/\\\/amedis.es\\\/tienda\\\/#organization\"},\"potentialAction\":[{\"@type\":\"SearchAction\",\"target\":{\"@type\":\"EntryPoint\",\"urlTemplate\":\"https:\\\/\\\/amedis.es\\\/tienda\\\/?s={search_term_string}\"},\"query-input\":{\"@type\":\"PropertyValueSpecification\",\"valueRequired\":true,\"valueName\":\"search_term_string\"}}],\"inLanguage\":\"es\"},{\"@type\":\"Organization\",\"@id\":\"https:\\\/\\\/amedis.es\\\/tienda\\\/#organization\",\"name\":\"Amedis | Suministros M\u00e9dicos y Dentales\",\"url\":\"https:\\\/\\\/amedis.es\\\/tienda\\\/\",\"logo\":{\"@type\":\"ImageObject\",\"inLanguage\":\"es\",\"@id\":\"https:\\\/\\\/amedis.es\\\/tienda\\\/#\\\/schema\\\/logo\\\/image\\\/\",\"url\":\"https:\\\/\\\/amedis.es\\\/tienda\\\/wp-content\\\/uploads\\\/2020\\\/05\\\/logo-1.png\",\"contentUrl\":\"https:\\\/\\\/amedis.es\\\/tienda\\\/wp-content\\\/uploads\\\/2020\\\/05\\\/logo-1.png\",\"width\":191,\"height\":80,\"caption\":\"Amedis | Suministros M\u00e9dicos y Dentales\"},\"image\":{\"@id\":\"https:\\\/\\\/amedis.es\\\/tienda\\\/#\\\/schema\\\/logo\\\/image\\\/\"}}]}<\/script>\n<!-- \/ Yoast SEO plugin. -->","yoast_head_json":{"title":"PUNTAS DE PAPEL CONVENCIONAL ROEKO | Amedis","description":"Puntas de papel convencional Roeko. La forma c\u00f3nica de las puntas de papel convencional ROEKO son id\u00f3neas para secar conductos radiculares c\u00f3nicos","robots":{"index":"index","follow":"follow","max-snippet":"max-snippet:-1","max-image-preview":"max-image-preview:large","max-video-preview":"max-video-preview:-1"},"canonical":"https:\/\/amedis.es\/tienda\/?product=puntas-de-papel-convencional-roeko","og_locale":"es_ES","og_type":"article","og_title":"PUNTAS DE PAPEL CONVENCIONAL ROEKO | Amedis","og_description":"Puntas de papel convencional Roeko. La forma c\u00f3nica de las puntas de papel convencional ROEKO son id\u00f3neas para secar conductos radiculares c\u00f3nicos","og_url":"https:\/\/amedis.es\/tienda\/?product=puntas-de-papel-convencional-roeko","og_site_name":"Amedis","article_modified_time":"2024-10-02T19:10:58+00:00","og_image":[{"width":600,"height":600,"url":"https:\/\/amedis.es\/tienda\/wp-content\/uploads\/2022\/04\/PUNTAS-DE-PAPEL-CONVENCIONAL-ROEKO.jpg","type":"image\/jpeg"}],"twitter_card":"summary_large_image","schema":{"@context":"https:\/\/schema.org","@graph":[{"@type":"WebPage","@id":"https:\/\/amedis.es\/tienda\/?product=puntas-de-papel-convencional-roeko","url":"https:\/\/amedis.es\/tienda\/?product=puntas-de-papel-convencional-roeko","name":"PUNTAS DE PAPEL CONVENCIONAL ROEKO | Amedis","isPartOf":{"@id":"https:\/\/amedis.es\/tienda\/#website"},"primaryImageOfPage":{"@id":"https:\/\/amedis.es\/tienda\/?product=puntas-de-papel-convencional-roeko#primaryimage"},"image":{"@id":"https:\/\/amedis.es\/tienda\/?product=puntas-de-papel-convencional-roeko#primaryimage"},"thumbnailUrl":"https:\/\/amedis.es\/tienda\/wp-content\/uploads\/2022\/04\/PUNTAS-DE-PAPEL-CONVENCIONAL-ROEKO.jpg","datePublished":"2022-04-24T16:46:51+00:00","dateModified":"2024-10-02T19:10:58+00:00","description":"Puntas de papel convencional Roeko. La forma c\u00f3nica de las puntas de papel convencional ROEKO son id\u00f3neas para secar conductos radiculares c\u00f3nicos","breadcrumb":{"@id":"https:\/\/amedis.es\/tienda\/?product=puntas-de-papel-convencional-roeko#breadcrumb"},"inLanguage":"es","potentialAction":[{"@type":"ReadAction","target":["https:\/\/amedis.es\/tienda\/?product=puntas-de-papel-convencional-roeko"]}]},{"@type":"ImageObject","inLanguage":"es","@id":"https:\/\/amedis.es\/tienda\/?product=puntas-de-papel-convencional-roeko#primaryimage","url":"https:\/\/amedis.es\/tienda\/wp-content\/uploads\/2022\/04\/PUNTAS-DE-PAPEL-CONVENCIONAL-ROEKO.jpg","contentUrl":"https:\/\/amedis.es\/tienda\/wp-content\/uploads\/2022\/04\/PUNTAS-DE-PAPEL-CONVENCIONAL-ROEKO.jpg","width":600,"height":600,"caption":"Amedis PUNTAS DE PAPEL CONVENCIONAL ROEKO"},{"@type":"BreadcrumbList","@id":"https:\/\/amedis.es\/tienda\/?product=puntas-de-papel-convencional-roeko#breadcrumb","itemListElement":[{"@type":"ListItem","position":1,"name":"Portada","item":"https:\/\/amedis.es\/tienda\/"},{"@type":"ListItem","position":2,"name":"Amedis | Suministros M\u00e9dicos y Dentales | Tienda","item":"https:\/\/amedis.es\/tienda\/suministros-medicos-y-dentales\/"},{"@type":"ListItem","position":3,"name":"PUNTAS DE PAPEL CONVENCIONAL ROEKO"}]},{"@type":"WebSite","@id":"https:\/\/amedis.es\/tienda\/#website","url":"https:\/\/amedis.es\/tienda\/","name":"Amedis","description":"Suministros M\u00e9dicos y Dentales","publisher":{"@id":"https:\/\/amedis.es\/tienda\/#organization"},"potentialAction":[{"@type":"SearchAction","target":{"@type":"EntryPoint","urlTemplate":"https:\/\/amedis.es\/tienda\/?s={search_term_string}"},"query-input":{"@type":"PropertyValueSpecification","valueRequired":true,"valueName":"search_term_string"}}],"inLanguage":"es"},{"@type":"Organization","@id":"https:\/\/amedis.es\/tienda\/#organization","name":"Amedis | Suministros M\u00e9dicos y Dentales","url":"https:\/\/amedis.es\/tienda\/","logo":{"@type":"ImageObject","inLanguage":"es","@id":"https:\/\/amedis.es\/tienda\/#\/schema\/logo\/image\/","url":"https:\/\/amedis.es\/tienda\/wp-content\/uploads\/2020\/05\/logo-1.png","contentUrl":"https:\/\/amedis.es\/tienda\/wp-content\/uploads\/2020\/05\/logo-1.png","width":191,"height":80,"caption":"Amedis | Suministros M\u00e9dicos y Dentales"},"image":{"@id":"https:\/\/amedis.es\/tienda\/#\/schema\/logo\/image\/"}}]}},"brands":[{"id":2383,"name":"ROEKO","slug":"roeko"}],"_links":{"self":[{"href":"https:\/\/amedis.es\/tienda\/wp-json\/wp\/v2\/product\/20016","targetHints":{"allow":["GET"]}}],"collection":[{"href":"https:\/\/amedis.es\/tienda\/wp-json\/wp\/v2\/product"}],"about":[{"href":"https:\/\/amedis.es\/tienda\/wp-json\/wp\/v2\/types\/product"}],"wp:featuredmedia":[{"embeddable":true,"href":"https:\/\/amedis.es\/tienda\/wp-json\/wp\/v2\/media\/20017"}],"wp:attachment":[{"href":"https:\/\/amedis.es\/tienda\/wp-json\/wp\/v2\/media?parent=20016"}],"wp:term":[{"taxonomy":"pwb-brand","embeddable":true,"href":"https:\/\/amedis.es\/tienda\/wp-json\/wp\/v2\/pwb-brand?post=20016"},{"taxonomy":"product_brand","embeddable":true,"href":"https:\/\/amedis.es\/tienda\/wp-json\/wp\/v2\/product_brand?post=20016"},{"taxonomy":"product_cat","embeddable":true,"href":"https:\/\/amedis.es\/tienda\/wp-json\/wp\/v2\/product_cat?post=20016"},{"taxonomy":"product_tag","embeddable":true,"href":"https:\/\/amedis.es\/tienda\/wp-json\/wp\/v2\/product_tag?post=20016"}],"curies":[{"name":"wp","href":"https:\/\/api.w.org\/{rel}","templated":true}]}}