{"id":19791,"date":"2022-04-15T17:37:06","date_gmt":"2022-04-15T17:37:06","guid":{"rendered":"https:\/\/amedis.es\/tienda\/?post_type=product&#038;p=19791"},"modified":"2026-01-18T12:51:48","modified_gmt":"2026-01-18T12:51:48","slug":"vasos-biodegradables-larident-1000-und","status":"publish","type":"product","link":"https:\/\/amedis.es\/tienda\/producto\/vasos-biodegradables-larident-1000-und\/","title":{"rendered":"VASOS BIODEGRADABLES LARIDENT 1000 und"},"content":{"rendered":"<p>Vasos biodegradables Larident. Vasos desechables en PLA, totalmente biodegradables, con una capacidad de 166 cc. El PLA, siglas de \u00e1cido polil\u00e1ctico, es un pol\u00edmero de origen vegetal (derivado del almid\u00f3n de ma\u00edz) transparente, brillante y r\u00edgido. Es el primer pol\u00edmero con impacto cero en comparaci\u00f3n con la emisi\u00f3n de CO2. Estos vasos en PLA son producidos a partir de fuentes renovables y ofrecen a los usuarios una alternativa viable a los pol\u00edmeros derivados del petr\u00f3leo.<\/p>\n","protected":false},"excerpt":{"rendered":"<p>CONTENIDO: 1000 unidades.<\/p>\n","protected":false},"featured_media":32929,"template":"","meta":[],"pwb-brand":[2387],"product_brand":[],"product_cat":[27,89,90],"product_tag":[],"class_list":{"0":"post-19791","1":"product","2":"type-product","3":"status-publish","4":"has-post-thumbnail","6":"pwb-brand-larident","7":"product_cat-clinica","8":"product_cat-desechables","9":"product_cat-vasos","11":"first","12":"instock","13":"sale","14":"taxable","15":"shipping-taxable","16":"purchasable","17":"product-type-simple"},"yoast_head":"<!-- This site is optimized with the Yoast SEO plugin v27.3 - https:\/\/yoast.com\/product\/yoast-seo-wordpress\/ -->\n<title>VASOS BIODEGRADABLES LARIDENT 1000 und | Amedis<\/title>\n<meta name=\"description\" content=\"Vasos biodegradables Larident. Vasos desechables en PLA, totalmente biodegradables, con una capacidad de 166 cc.\" \/>\n<meta name=\"robots\" content=\"index, follow, max-snippet:-1, max-image-preview:large, max-video-preview:-1\" \/>\n<link rel=\"canonical\" href=\"https:\/\/amedis.es\/tienda\/producto\/vasos-biodegradables-larident-1000-und\/\" \/>\n<meta property=\"og:locale\" content=\"es_ES\" \/>\n<meta property=\"og:type\" content=\"article\" \/>\n<meta property=\"og:title\" content=\"VASOS BIODEGRADABLES LARIDENT 1000 und | Amedis\" \/>\n<meta property=\"og:description\" content=\"Vasos biodegradables Larident. Vasos desechables en PLA, totalmente biodegradables, con una capacidad de 166 cc.\" \/>\n<meta property=\"og:url\" content=\"https:\/\/amedis.es\/tienda\/producto\/vasos-biodegradables-larident-1000-und\/\" \/>\n<meta property=\"og:site_name\" content=\"Amedis\" \/>\n<meta property=\"article:modified_time\" content=\"2026-01-18T12:51:48+00:00\" \/>\n<meta property=\"og:image\" content=\"https:\/\/amedis.es\/tienda\/wp-content\/uploads\/2022\/04\/VASOS-BIODEGRADABLES-LARIDENT.jpg\" \/>\n\t<meta property=\"og:image:width\" content=\"600\" \/>\n\t<meta property=\"og:image:height\" content=\"600\" \/>\n\t<meta property=\"og:image:type\" content=\"image\/jpeg\" \/>\n<meta name=\"twitter:card\" content=\"summary_large_image\" \/>\n<meta name=\"twitter:label1\" content=\"Tiempo de lectura\" \/>\n\t<meta name=\"twitter:data1\" content=\"1 minuto\" \/>\n<script type=\"application\/ld+json\" class=\"yoast-schema-graph\">{\"@context\":\"https:\\\/\\\/schema.org\",\"@graph\":[{\"@type\":\"WebPage\",\"@id\":\"https:\\\/\\\/amedis.es\\\/tienda\\\/producto\\\/vasos-biodegradables-larident-1000-und\\\/\",\"url\":\"https:\\\/\\\/amedis.es\\\/tienda\\\/producto\\\/vasos-biodegradables-larident-1000-und\\\/\",\"name\":\"VASOS BIODEGRADABLES LARIDENT 1000 und | Amedis\",\"isPartOf\":{\"@id\":\"https:\\\/\\\/amedis.es\\\/tienda\\\/#website\"},\"primaryImageOfPage\":{\"@id\":\"https:\\\/\\\/amedis.es\\\/tienda\\\/producto\\\/vasos-biodegradables-larident-1000-und\\\/#primaryimage\"},\"image\":{\"@id\":\"https:\\\/\\\/amedis.es\\\/tienda\\\/producto\\\/vasos-biodegradables-larident-1000-und\\\/#primaryimage\"},\"thumbnailUrl\":\"https:\\\/\\\/amedis.es\\\/tienda\\\/wp-content\\\/uploads\\\/2022\\\/04\\\/VASOS-BIODEGRADABLES-LARIDENT.jpg\",\"datePublished\":\"2022-04-15T17:37:06+00:00\",\"dateModified\":\"2026-01-18T12:51:48+00:00\",\"description\":\"Vasos biodegradables Larident. Vasos desechables en PLA, totalmente biodegradables, con una capacidad de 166 cc.\",\"breadcrumb\":{\"@id\":\"https:\\\/\\\/amedis.es\\\/tienda\\\/producto\\\/vasos-biodegradables-larident-1000-und\\\/#breadcrumb\"},\"inLanguage\":\"es\",\"potentialAction\":[{\"@type\":\"ReadAction\",\"target\":[\"https:\\\/\\\/amedis.es\\\/tienda\\\/producto\\\/vasos-biodegradables-larident-1000-und\\\/\"]}]},{\"@type\":\"ImageObject\",\"inLanguage\":\"es\",\"@id\":\"https:\\\/\\\/amedis.es\\\/tienda\\\/producto\\\/vasos-biodegradables-larident-1000-und\\\/#primaryimage\",\"url\":\"https:\\\/\\\/amedis.es\\\/tienda\\\/wp-content\\\/uploads\\\/2022\\\/04\\\/VASOS-BIODEGRADABLES-LARIDENT.jpg\",\"contentUrl\":\"https:\\\/\\\/amedis.es\\\/tienda\\\/wp-content\\\/uploads\\\/2022\\\/04\\\/VASOS-BIODEGRADABLES-LARIDENT.jpg\",\"width\":600,\"height\":600,\"caption\":\"Amedis VASOS BIODEGRADABLES LARIDENT\"},{\"@type\":\"BreadcrumbList\",\"@id\":\"https:\\\/\\\/amedis.es\\\/tienda\\\/producto\\\/vasos-biodegradables-larident-1000-und\\\/#breadcrumb\",\"itemListElement\":[{\"@type\":\"ListItem\",\"position\":1,\"name\":\"Portada\",\"item\":\"https:\\\/\\\/amedis.es\\\/tienda\\\/\"},{\"@type\":\"ListItem\",\"position\":2,\"name\":\"Amedis | Suministros M\u00e9dicos y Dentales | Tienda\",\"item\":\"https:\\\/\\\/amedis.es\\\/tienda\\\/suministros-medicos-y-dentales\\\/\"},{\"@type\":\"ListItem\",\"position\":3,\"name\":\"VASOS BIODEGRADABLES LARIDENT 1000 und\"}]},{\"@type\":\"WebSite\",\"@id\":\"https:\\\/\\\/amedis.es\\\/tienda\\\/#website\",\"url\":\"https:\\\/\\\/amedis.es\\\/tienda\\\/\",\"name\":\"Amedis\",\"description\":\"Suministros M\u00e9dicos y Dentales\",\"publisher\":{\"@id\":\"https:\\\/\\\/amedis.es\\\/tienda\\\/#organization\"},\"potentialAction\":[{\"@type\":\"SearchAction\",\"target\":{\"@type\":\"EntryPoint\",\"urlTemplate\":\"https:\\\/\\\/amedis.es\\\/tienda\\\/?s={search_term_string}\"},\"query-input\":{\"@type\":\"PropertyValueSpecification\",\"valueRequired\":true,\"valueName\":\"search_term_string\"}}],\"inLanguage\":\"es\"},{\"@type\":\"Organization\",\"@id\":\"https:\\\/\\\/amedis.es\\\/tienda\\\/#organization\",\"name\":\"Amedis | Suministros M\u00e9dicos y Dentales\",\"url\":\"https:\\\/\\\/amedis.es\\\/tienda\\\/\",\"logo\":{\"@type\":\"ImageObject\",\"inLanguage\":\"es\",\"@id\":\"https:\\\/\\\/amedis.es\\\/tienda\\\/#\\\/schema\\\/logo\\\/image\\\/\",\"url\":\"https:\\\/\\\/amedis.es\\\/tienda\\\/wp-content\\\/uploads\\\/2020\\\/05\\\/logo-1.png\",\"contentUrl\":\"https:\\\/\\\/amedis.es\\\/tienda\\\/wp-content\\\/uploads\\\/2020\\\/05\\\/logo-1.png\",\"width\":191,\"height\":80,\"caption\":\"Amedis | Suministros M\u00e9dicos y Dentales\"},\"image\":{\"@id\":\"https:\\\/\\\/amedis.es\\\/tienda\\\/#\\\/schema\\\/logo\\\/image\\\/\"}}]}<\/script>\n<!-- \/ Yoast SEO plugin. -->","yoast_head_json":{"title":"VASOS BIODEGRADABLES LARIDENT 1000 und | Amedis","description":"Vasos biodegradables Larident. Vasos desechables en PLA, totalmente biodegradables, con una capacidad de 166 cc.","robots":{"index":"index","follow":"follow","max-snippet":"max-snippet:-1","max-image-preview":"max-image-preview:large","max-video-preview":"max-video-preview:-1"},"canonical":"https:\/\/amedis.es\/tienda\/producto\/vasos-biodegradables-larident-1000-und\/","og_locale":"es_ES","og_type":"article","og_title":"VASOS BIODEGRADABLES LARIDENT 1000 und | Amedis","og_description":"Vasos biodegradables Larident. Vasos desechables en PLA, totalmente biodegradables, con una capacidad de 166 cc.","og_url":"https:\/\/amedis.es\/tienda\/producto\/vasos-biodegradables-larident-1000-und\/","og_site_name":"Amedis","article_modified_time":"2026-01-18T12:51:48+00:00","og_image":[{"width":600,"height":600,"url":"https:\/\/amedis.es\/tienda\/wp-content\/uploads\/2022\/04\/VASOS-BIODEGRADABLES-LARIDENT.jpg","type":"image\/jpeg"}],"twitter_card":"summary_large_image","twitter_misc":{"Tiempo de lectura":"1 minuto"},"schema":{"@context":"https:\/\/schema.org","@graph":[{"@type":"WebPage","@id":"https:\/\/amedis.es\/tienda\/producto\/vasos-biodegradables-larident-1000-und\/","url":"https:\/\/amedis.es\/tienda\/producto\/vasos-biodegradables-larident-1000-und\/","name":"VASOS BIODEGRADABLES LARIDENT 1000 und | Amedis","isPartOf":{"@id":"https:\/\/amedis.es\/tienda\/#website"},"primaryImageOfPage":{"@id":"https:\/\/amedis.es\/tienda\/producto\/vasos-biodegradables-larident-1000-und\/#primaryimage"},"image":{"@id":"https:\/\/amedis.es\/tienda\/producto\/vasos-biodegradables-larident-1000-und\/#primaryimage"},"thumbnailUrl":"https:\/\/amedis.es\/tienda\/wp-content\/uploads\/2022\/04\/VASOS-BIODEGRADABLES-LARIDENT.jpg","datePublished":"2022-04-15T17:37:06+00:00","dateModified":"2026-01-18T12:51:48+00:00","description":"Vasos biodegradables Larident. Vasos desechables en PLA, totalmente biodegradables, con una capacidad de 166 cc.","breadcrumb":{"@id":"https:\/\/amedis.es\/tienda\/producto\/vasos-biodegradables-larident-1000-und\/#breadcrumb"},"inLanguage":"es","potentialAction":[{"@type":"ReadAction","target":["https:\/\/amedis.es\/tienda\/producto\/vasos-biodegradables-larident-1000-und\/"]}]},{"@type":"ImageObject","inLanguage":"es","@id":"https:\/\/amedis.es\/tienda\/producto\/vasos-biodegradables-larident-1000-und\/#primaryimage","url":"https:\/\/amedis.es\/tienda\/wp-content\/uploads\/2022\/04\/VASOS-BIODEGRADABLES-LARIDENT.jpg","contentUrl":"https:\/\/amedis.es\/tienda\/wp-content\/uploads\/2022\/04\/VASOS-BIODEGRADABLES-LARIDENT.jpg","width":600,"height":600,"caption":"Amedis VASOS BIODEGRADABLES LARIDENT"},{"@type":"BreadcrumbList","@id":"https:\/\/amedis.es\/tienda\/producto\/vasos-biodegradables-larident-1000-und\/#breadcrumb","itemListElement":[{"@type":"ListItem","position":1,"name":"Portada","item":"https:\/\/amedis.es\/tienda\/"},{"@type":"ListItem","position":2,"name":"Amedis | Suministros M\u00e9dicos y Dentales | Tienda","item":"https:\/\/amedis.es\/tienda\/suministros-medicos-y-dentales\/"},{"@type":"ListItem","position":3,"name":"VASOS BIODEGRADABLES LARIDENT 1000 und"}]},{"@type":"WebSite","@id":"https:\/\/amedis.es\/tienda\/#website","url":"https:\/\/amedis.es\/tienda\/","name":"Amedis","description":"Suministros M\u00e9dicos y Dentales","publisher":{"@id":"https:\/\/amedis.es\/tienda\/#organization"},"potentialAction":[{"@type":"SearchAction","target":{"@type":"EntryPoint","urlTemplate":"https:\/\/amedis.es\/tienda\/?s={search_term_string}"},"query-input":{"@type":"PropertyValueSpecification","valueRequired":true,"valueName":"search_term_string"}}],"inLanguage":"es"},{"@type":"Organization","@id":"https:\/\/amedis.es\/tienda\/#organization","name":"Amedis | Suministros M\u00e9dicos y Dentales","url":"https:\/\/amedis.es\/tienda\/","logo":{"@type":"ImageObject","inLanguage":"es","@id":"https:\/\/amedis.es\/tienda\/#\/schema\/logo\/image\/","url":"https:\/\/amedis.es\/tienda\/wp-content\/uploads\/2020\/05\/logo-1.png","contentUrl":"https:\/\/amedis.es\/tienda\/wp-content\/uploads\/2020\/05\/logo-1.png","width":191,"height":80,"caption":"Amedis | Suministros M\u00e9dicos y Dentales"},"image":{"@id":"https:\/\/amedis.es\/tienda\/#\/schema\/logo\/image\/"}}]}},"brands":[{"id":2387,"name":"LARIDENT","slug":"larident"}],"_links":{"self":[{"href":"https:\/\/amedis.es\/tienda\/wp-json\/wp\/v2\/product\/19791","targetHints":{"allow":["GET"]}}],"collection":[{"href":"https:\/\/amedis.es\/tienda\/wp-json\/wp\/v2\/product"}],"about":[{"href":"https:\/\/amedis.es\/tienda\/wp-json\/wp\/v2\/types\/product"}],"wp:featuredmedia":[{"embeddable":true,"href":"https:\/\/amedis.es\/tienda\/wp-json\/wp\/v2\/media\/32929"}],"wp:attachment":[{"href":"https:\/\/amedis.es\/tienda\/wp-json\/wp\/v2\/media?parent=19791"}],"wp:term":[{"taxonomy":"pwb-brand","embeddable":true,"href":"https:\/\/amedis.es\/tienda\/wp-json\/wp\/v2\/pwb-brand?post=19791"},{"taxonomy":"product_brand","embeddable":true,"href":"https:\/\/amedis.es\/tienda\/wp-json\/wp\/v2\/product_brand?post=19791"},{"taxonomy":"product_cat","embeddable":true,"href":"https:\/\/amedis.es\/tienda\/wp-json\/wp\/v2\/product_cat?post=19791"},{"taxonomy":"product_tag","embeddable":true,"href":"https:\/\/amedis.es\/tienda\/wp-json\/wp\/v2\/product_tag?post=19791"}],"curies":[{"name":"wp","href":"https:\/\/api.w.org\/{rel}","templated":true}]}}