{"id":18812,"date":"2022-03-28T15:46:27","date_gmt":"2022-03-28T15:46:27","guid":{"rendered":"https:\/\/amedis.es\/tienda\/?post_type=product&#038;p=18812"},"modified":"2024-10-02T15:02:38","modified_gmt":"2024-10-02T15:02:38","slug":"limas-reciproc-blue","status":"publish","type":"product","link":"https:\/\/amedis.es\/tienda\/producto\/limas-reciproc-blue\/","title":{"rendered":"LIMAS RECIPROC BLUE"},"content":{"rendered":"<p>Limas reciproc blue. Sistema dise\u00f1ado especialmente para la preparaci\u00f3n del conducto radicular con la t\u00e9cnica rec\u00edproca. Ahorra tiempo y es eficaz gracias a menos fases de trabajo. Incluso canales muy curvos y estrechos se pueden preparar muy f\u00e1cilmente. La conformaci\u00f3n obtenida por el instrumento Reciproc permite una irrigaci\u00f3n efectiva y una obturaci\u00f3n tanto en fr\u00edo como en caliente. Los instrumentos RECIPROC blue est\u00e1n fabricados con N\u00edquel-Titanio (NiTi) que pasa por un innovador tratamiento t\u00e9rmico, modificando su estructura molecular para darle mayor resistencia a la fatiga c\u00edclica y flexibilidad adicional, as\u00ed como su caracter\u00edstico color azul.<\/p>\n<p>ENVASE: 6 unidades.<\/p>\n","protected":false},"excerpt":{"rendered":"<p>VDW<\/p>\n","protected":false},"featured_media":3913,"template":"","meta":[],"pwb-brand":[2379],"product_brand":[],"product_cat":[132,145],"product_tag":[],"class_list":{"0":"post-18812","1":"product","2":"type-product","3":"status-publish","4":"has-post-thumbnail","6":"pwb-brand-vdw","7":"product_cat-endodoncia","8":"product_cat-limas-rotatorias","10":"first","11":"instock","12":"sale","13":"taxable","14":"shipping-taxable","15":"purchasable","16":"product-type-variable"},"yoast_head":"<!-- This site is optimized with the Yoast SEO plugin v27.3 - https:\/\/yoast.com\/product\/yoast-seo-wordpress\/ -->\n<title>LIMAS RECIPROC BLUE | VDW-ZIPPERER | Amedis<\/title>\n<meta name=\"description\" content=\"Limas reciproc blue. Sistema dise\u00f1ado especialmente para la preparaci\u00f3n del conducto radicular con la t\u00e9cnica rec\u00edproca\" \/>\n<meta name=\"robots\" content=\"index, follow, max-snippet:-1, max-image-preview:large, max-video-preview:-1\" \/>\n<link rel=\"canonical\" href=\"https:\/\/amedis.es\/tienda\/?product=limas-reciproc-blue\" \/>\n<meta property=\"og:locale\" content=\"es_ES\" \/>\n<meta property=\"og:type\" content=\"article\" \/>\n<meta property=\"og:title\" content=\"LIMAS RECIPROC BLUE | VDW-ZIPPERER | Amedis\" \/>\n<meta property=\"og:description\" content=\"Limas reciproc blue. Sistema dise\u00f1ado especialmente para la preparaci\u00f3n del conducto radicular con la t\u00e9cnica rec\u00edproca\" \/>\n<meta property=\"og:url\" content=\"https:\/\/amedis.es\/tienda\/?product=limas-reciproc-blue\" \/>\n<meta property=\"og:site_name\" content=\"Amedis\" \/>\n<meta property=\"article:modified_time\" content=\"2024-10-02T15:02:38+00:00\" \/>\n<meta property=\"og:image\" content=\"https:\/\/amedis.es\/tienda\/wp-content\/uploads\/2021\/01\/LIMAS-RECIPROC-BLUE.jpg\" \/>\n\t<meta property=\"og:image:width\" content=\"600\" \/>\n\t<meta property=\"og:image:height\" content=\"600\" \/>\n\t<meta property=\"og:image:type\" content=\"image\/jpeg\" \/>\n<meta name=\"twitter:card\" content=\"summary_large_image\" \/>\n<meta name=\"twitter:label1\" content=\"Tiempo de lectura\" \/>\n\t<meta name=\"twitter:data1\" content=\"1 minuto\" \/>\n<script type=\"application\/ld+json\" class=\"yoast-schema-graph\">{\"@context\":\"https:\\\/\\\/schema.org\",\"@graph\":[{\"@type\":\"WebPage\",\"@id\":\"https:\\\/\\\/amedis.es\\\/tienda\\\/?product=limas-reciproc-blue\",\"url\":\"https:\\\/\\\/amedis.es\\\/tienda\\\/?product=limas-reciproc-blue\",\"name\":\"LIMAS RECIPROC BLUE | VDW-ZIPPERER | Amedis\",\"isPartOf\":{\"@id\":\"https:\\\/\\\/amedis.es\\\/tienda\\\/#website\"},\"primaryImageOfPage\":{\"@id\":\"https:\\\/\\\/amedis.es\\\/tienda\\\/?product=limas-reciproc-blue#primaryimage\"},\"image\":{\"@id\":\"https:\\\/\\\/amedis.es\\\/tienda\\\/?product=limas-reciproc-blue#primaryimage\"},\"thumbnailUrl\":\"https:\\\/\\\/amedis.es\\\/tienda\\\/wp-content\\\/uploads\\\/2021\\\/01\\\/LIMAS-RECIPROC-BLUE.jpg\",\"datePublished\":\"2022-03-28T15:46:27+00:00\",\"dateModified\":\"2024-10-02T15:02:38+00:00\",\"description\":\"Limas reciproc blue. Sistema dise\u00f1ado especialmente para la preparaci\u00f3n del conducto radicular con la t\u00e9cnica rec\u00edproca\",\"breadcrumb\":{\"@id\":\"https:\\\/\\\/amedis.es\\\/tienda\\\/?product=limas-reciproc-blue#breadcrumb\"},\"inLanguage\":\"es\",\"potentialAction\":[{\"@type\":\"ReadAction\",\"target\":[\"https:\\\/\\\/amedis.es\\\/tienda\\\/?product=limas-reciproc-blue\"]}]},{\"@type\":\"ImageObject\",\"inLanguage\":\"es\",\"@id\":\"https:\\\/\\\/amedis.es\\\/tienda\\\/?product=limas-reciproc-blue#primaryimage\",\"url\":\"https:\\\/\\\/amedis.es\\\/tienda\\\/wp-content\\\/uploads\\\/2021\\\/01\\\/LIMAS-RECIPROC-BLUE.jpg\",\"contentUrl\":\"https:\\\/\\\/amedis.es\\\/tienda\\\/wp-content\\\/uploads\\\/2021\\\/01\\\/LIMAS-RECIPROC-BLUE.jpg\",\"width\":600,\"height\":600,\"caption\":\"Amedis LIMAS RECIPROC BLUd\"},{\"@type\":\"BreadcrumbList\",\"@id\":\"https:\\\/\\\/amedis.es\\\/tienda\\\/?product=limas-reciproc-blue#breadcrumb\",\"itemListElement\":[{\"@type\":\"ListItem\",\"position\":1,\"name\":\"Portada\",\"item\":\"https:\\\/\\\/amedis.es\\\/tienda\\\/\"},{\"@type\":\"ListItem\",\"position\":2,\"name\":\"Amedis | Suministros M\u00e9dicos y Dentales | Tienda\",\"item\":\"https:\\\/\\\/amedis.es\\\/tienda\\\/suministros-medicos-y-dentales\\\/\"},{\"@type\":\"ListItem\",\"position\":3,\"name\":\"LIMAS RECIPROC BLUE\"}]},{\"@type\":\"WebSite\",\"@id\":\"https:\\\/\\\/amedis.es\\\/tienda\\\/#website\",\"url\":\"https:\\\/\\\/amedis.es\\\/tienda\\\/\",\"name\":\"Amedis\",\"description\":\"Suministros M\u00e9dicos y Dentales\",\"publisher\":{\"@id\":\"https:\\\/\\\/amedis.es\\\/tienda\\\/#organization\"},\"potentialAction\":[{\"@type\":\"SearchAction\",\"target\":{\"@type\":\"EntryPoint\",\"urlTemplate\":\"https:\\\/\\\/amedis.es\\\/tienda\\\/?s={search_term_string}\"},\"query-input\":{\"@type\":\"PropertyValueSpecification\",\"valueRequired\":true,\"valueName\":\"search_term_string\"}}],\"inLanguage\":\"es\"},{\"@type\":\"Organization\",\"@id\":\"https:\\\/\\\/amedis.es\\\/tienda\\\/#organization\",\"name\":\"Amedis | Suministros M\u00e9dicos y Dentales\",\"url\":\"https:\\\/\\\/amedis.es\\\/tienda\\\/\",\"logo\":{\"@type\":\"ImageObject\",\"inLanguage\":\"es\",\"@id\":\"https:\\\/\\\/amedis.es\\\/tienda\\\/#\\\/schema\\\/logo\\\/image\\\/\",\"url\":\"https:\\\/\\\/amedis.es\\\/tienda\\\/wp-content\\\/uploads\\\/2020\\\/05\\\/logo-1.png\",\"contentUrl\":\"https:\\\/\\\/amedis.es\\\/tienda\\\/wp-content\\\/uploads\\\/2020\\\/05\\\/logo-1.png\",\"width\":191,\"height\":80,\"caption\":\"Amedis | Suministros M\u00e9dicos y Dentales\"},\"image\":{\"@id\":\"https:\\\/\\\/amedis.es\\\/tienda\\\/#\\\/schema\\\/logo\\\/image\\\/\"}}]}<\/script>\n<!-- \/ Yoast SEO plugin. -->","yoast_head_json":{"title":"LIMAS RECIPROC BLUE | VDW-ZIPPERER | Amedis","description":"Limas reciproc blue. Sistema dise\u00f1ado especialmente para la preparaci\u00f3n del conducto radicular con la t\u00e9cnica rec\u00edproca","robots":{"index":"index","follow":"follow","max-snippet":"max-snippet:-1","max-image-preview":"max-image-preview:large","max-video-preview":"max-video-preview:-1"},"canonical":"https:\/\/amedis.es\/tienda\/?product=limas-reciproc-blue","og_locale":"es_ES","og_type":"article","og_title":"LIMAS RECIPROC BLUE | VDW-ZIPPERER | Amedis","og_description":"Limas reciproc blue. Sistema dise\u00f1ado especialmente para la preparaci\u00f3n del conducto radicular con la t\u00e9cnica rec\u00edproca","og_url":"https:\/\/amedis.es\/tienda\/?product=limas-reciproc-blue","og_site_name":"Amedis","article_modified_time":"2024-10-02T15:02:38+00:00","og_image":[{"width":600,"height":600,"url":"https:\/\/amedis.es\/tienda\/wp-content\/uploads\/2021\/01\/LIMAS-RECIPROC-BLUE.jpg","type":"image\/jpeg"}],"twitter_card":"summary_large_image","twitter_misc":{"Tiempo de lectura":"1 minuto"},"schema":{"@context":"https:\/\/schema.org","@graph":[{"@type":"WebPage","@id":"https:\/\/amedis.es\/tienda\/?product=limas-reciproc-blue","url":"https:\/\/amedis.es\/tienda\/?product=limas-reciproc-blue","name":"LIMAS RECIPROC BLUE | VDW-ZIPPERER | Amedis","isPartOf":{"@id":"https:\/\/amedis.es\/tienda\/#website"},"primaryImageOfPage":{"@id":"https:\/\/amedis.es\/tienda\/?product=limas-reciproc-blue#primaryimage"},"image":{"@id":"https:\/\/amedis.es\/tienda\/?product=limas-reciproc-blue#primaryimage"},"thumbnailUrl":"https:\/\/amedis.es\/tienda\/wp-content\/uploads\/2021\/01\/LIMAS-RECIPROC-BLUE.jpg","datePublished":"2022-03-28T15:46:27+00:00","dateModified":"2024-10-02T15:02:38+00:00","description":"Limas reciproc blue. Sistema dise\u00f1ado especialmente para la preparaci\u00f3n del conducto radicular con la t\u00e9cnica rec\u00edproca","breadcrumb":{"@id":"https:\/\/amedis.es\/tienda\/?product=limas-reciproc-blue#breadcrumb"},"inLanguage":"es","potentialAction":[{"@type":"ReadAction","target":["https:\/\/amedis.es\/tienda\/?product=limas-reciproc-blue"]}]},{"@type":"ImageObject","inLanguage":"es","@id":"https:\/\/amedis.es\/tienda\/?product=limas-reciproc-blue#primaryimage","url":"https:\/\/amedis.es\/tienda\/wp-content\/uploads\/2021\/01\/LIMAS-RECIPROC-BLUE.jpg","contentUrl":"https:\/\/amedis.es\/tienda\/wp-content\/uploads\/2021\/01\/LIMAS-RECIPROC-BLUE.jpg","width":600,"height":600,"caption":"Amedis LIMAS RECIPROC BLUd"},{"@type":"BreadcrumbList","@id":"https:\/\/amedis.es\/tienda\/?product=limas-reciproc-blue#breadcrumb","itemListElement":[{"@type":"ListItem","position":1,"name":"Portada","item":"https:\/\/amedis.es\/tienda\/"},{"@type":"ListItem","position":2,"name":"Amedis | Suministros M\u00e9dicos y Dentales | Tienda","item":"https:\/\/amedis.es\/tienda\/suministros-medicos-y-dentales\/"},{"@type":"ListItem","position":3,"name":"LIMAS RECIPROC BLUE"}]},{"@type":"WebSite","@id":"https:\/\/amedis.es\/tienda\/#website","url":"https:\/\/amedis.es\/tienda\/","name":"Amedis","description":"Suministros M\u00e9dicos y Dentales","publisher":{"@id":"https:\/\/amedis.es\/tienda\/#organization"},"potentialAction":[{"@type":"SearchAction","target":{"@type":"EntryPoint","urlTemplate":"https:\/\/amedis.es\/tienda\/?s={search_term_string}"},"query-input":{"@type":"PropertyValueSpecification","valueRequired":true,"valueName":"search_term_string"}}],"inLanguage":"es"},{"@type":"Organization","@id":"https:\/\/amedis.es\/tienda\/#organization","name":"Amedis | Suministros M\u00e9dicos y Dentales","url":"https:\/\/amedis.es\/tienda\/","logo":{"@type":"ImageObject","inLanguage":"es","@id":"https:\/\/amedis.es\/tienda\/#\/schema\/logo\/image\/","url":"https:\/\/amedis.es\/tienda\/wp-content\/uploads\/2020\/05\/logo-1.png","contentUrl":"https:\/\/amedis.es\/tienda\/wp-content\/uploads\/2020\/05\/logo-1.png","width":191,"height":80,"caption":"Amedis | Suministros M\u00e9dicos y Dentales"},"image":{"@id":"https:\/\/amedis.es\/tienda\/#\/schema\/logo\/image\/"}}]}},"brands":[{"id":2379,"name":"VDW","slug":"vdw"}],"_links":{"self":[{"href":"https:\/\/amedis.es\/tienda\/wp-json\/wp\/v2\/product\/18812","targetHints":{"allow":["GET"]}}],"collection":[{"href":"https:\/\/amedis.es\/tienda\/wp-json\/wp\/v2\/product"}],"about":[{"href":"https:\/\/amedis.es\/tienda\/wp-json\/wp\/v2\/types\/product"}],"wp:featuredmedia":[{"embeddable":true,"href":"https:\/\/amedis.es\/tienda\/wp-json\/wp\/v2\/media\/3913"}],"wp:attachment":[{"href":"https:\/\/amedis.es\/tienda\/wp-json\/wp\/v2\/media?parent=18812"}],"wp:term":[{"taxonomy":"pwb-brand","embeddable":true,"href":"https:\/\/amedis.es\/tienda\/wp-json\/wp\/v2\/pwb-brand?post=18812"},{"taxonomy":"product_brand","embeddable":true,"href":"https:\/\/amedis.es\/tienda\/wp-json\/wp\/v2\/product_brand?post=18812"},{"taxonomy":"product_cat","embeddable":true,"href":"https:\/\/amedis.es\/tienda\/wp-json\/wp\/v2\/product_cat?post=18812"},{"taxonomy":"product_tag","embeddable":true,"href":"https:\/\/amedis.es\/tienda\/wp-json\/wp\/v2\/product_tag?post=18812"}],"curies":[{"name":"wp","href":"https:\/\/api.w.org\/{rel}","templated":true}]}}