{"id":18430,"date":"2022-03-14T11:38:05","date_gmt":"2022-03-14T11:38:05","guid":{"rendered":"https:\/\/amedis.es\/tienda\/?post_type=product&#038;p=18430"},"modified":"2024-08-30T22:13:22","modified_gmt":"2024-08-30T22:13:22","slug":"aeropulidor-lunos-miflow-con-conexion-para-acoplamiento-kavo","status":"publish","type":"product","link":"https:\/\/amedis.es\/tienda\/producto\/aeropulidor-lunos-miflow-con-conexion-para-acoplamiento-kavo\/","title":{"rendered":"AEROPULIDOR LUNOS MIFLOW CON CONEXI\u00d3N PARA ACOPLAMIENTO KAVO"},"content":{"rendered":"<p>Aeropulidor Lunos Miflow con conexi\u00f3n para acoplamiento kavo. Sistema profil\u00e1ctico Lunos para la eliminaci\u00f3n efectiva de manchas supragingivales con polvo de bicarbonato. Dispone de una c\u00e1mara intercambiable para el cambio r\u00e1pido del bicarbonato Supra material de pulido para el tratamiento profil\u00e1ctico LUNOS Gente Clean (180 gr.) herramienta de funciones para al preparaci\u00f3n mec\u00e1nica y juego de juntas t\u00f3ricas.<\/p>\n<p>ENVASE: 1 unidad.<\/p>\n<p>REFERENCIA 200077<\/p>\n","protected":false},"excerpt":{"rendered":"<p>DURR &#8211; AEROPULIDOR LUNOS MIFLOW<\/p>\n","protected":false},"featured_media":18431,"template":"","meta":[],"pwb-brand":[2410],"product_brand":[],"product_cat":[1424,283,498],"product_tag":[],"class_list":{"0":"post-18430","1":"product","2":"type-product","3":"status-publish","4":"has-post-thumbnail","6":"pwb-brand-durr","7":"product_cat-aeropulidor-profilaxis","8":"product_cat-equipamiento","9":"product_cat-profilaxis","11":"first","12":"instock","13":"sale","14":"taxable","15":"shipping-taxable","16":"purchasable","17":"product-type-simple"},"yoast_head":"<!-- This site is optimized with the Yoast SEO plugin v27.4 - https:\/\/yoast.com\/product\/yoast-seo-wordpress\/ -->\n<title>AEROPULIDOR LUNOS MIFLOW | Amedis | DURR<\/title>\n<meta name=\"description\" content=\"Aeropulidor Lunos Miflow con conexi\u00f3n para acoplamiento kavo. Sistema profil\u00e1ctico Lunos para la eliminaci\u00f3n efectiva de manchas supragingivales\" \/>\n<meta name=\"robots\" content=\"index, follow, max-snippet:-1, max-image-preview:large, max-video-preview:-1\" \/>\n<link rel=\"canonical\" href=\"https:\/\/amedis.es\/tienda\/?product=aeropulidor-lunos-miflow-con-conexion-para-acoplamiento-kavo\" \/>\n<meta property=\"og:locale\" content=\"es_ES\" \/>\n<meta property=\"og:type\" content=\"article\" \/>\n<meta property=\"og:title\" content=\"AEROPULIDOR LUNOS MIFLOW | Amedis | DURR\" \/>\n<meta property=\"og:description\" content=\"Aeropulidor Lunos Miflow con conexi\u00f3n para acoplamiento kavo. Sistema profil\u00e1ctico Lunos para la eliminaci\u00f3n efectiva de manchas supragingivales\" \/>\n<meta property=\"og:url\" content=\"https:\/\/amedis.es\/tienda\/?product=aeropulidor-lunos-miflow-con-conexion-para-acoplamiento-kavo\" \/>\n<meta property=\"og:site_name\" content=\"Amedis\" \/>\n<meta property=\"article:modified_time\" content=\"2024-08-30T22:13:22+00:00\" \/>\n<meta property=\"og:image\" content=\"https:\/\/amedis.es\/tienda\/wp-content\/uploads\/2022\/03\/AEROPULIDOR-LUNOS-MIFLOW-CON-CONEXION-PARA-ACOPLAMIENTO-KAVO.jpg\" \/>\n\t<meta property=\"og:image:width\" content=\"600\" \/>\n\t<meta property=\"og:image:height\" content=\"600\" \/>\n\t<meta property=\"og:image:type\" content=\"image\/jpeg\" \/>\n<meta name=\"twitter:card\" content=\"summary_large_image\" \/>\n<script type=\"application\/ld+json\" class=\"yoast-schema-graph\">{\"@context\":\"https:\\\/\\\/schema.org\",\"@graph\":[{\"@type\":\"WebPage\",\"@id\":\"https:\\\/\\\/amedis.es\\\/tienda\\\/?product=aeropulidor-lunos-miflow-con-conexion-para-acoplamiento-kavo\",\"url\":\"https:\\\/\\\/amedis.es\\\/tienda\\\/?product=aeropulidor-lunos-miflow-con-conexion-para-acoplamiento-kavo\",\"name\":\"AEROPULIDOR LUNOS MIFLOW | Amedis | DURR\",\"isPartOf\":{\"@id\":\"https:\\\/\\\/amedis.es\\\/tienda\\\/#website\"},\"primaryImageOfPage\":{\"@id\":\"https:\\\/\\\/amedis.es\\\/tienda\\\/?product=aeropulidor-lunos-miflow-con-conexion-para-acoplamiento-kavo#primaryimage\"},\"image\":{\"@id\":\"https:\\\/\\\/amedis.es\\\/tienda\\\/?product=aeropulidor-lunos-miflow-con-conexion-para-acoplamiento-kavo#primaryimage\"},\"thumbnailUrl\":\"https:\\\/\\\/amedis.es\\\/tienda\\\/wp-content\\\/uploads\\\/2022\\\/03\\\/AEROPULIDOR-LUNOS-MIFLOW-CON-CONEXION-PARA-ACOPLAMIENTO-KAVO.jpg\",\"datePublished\":\"2022-03-14T11:38:05+00:00\",\"dateModified\":\"2024-08-30T22:13:22+00:00\",\"description\":\"Aeropulidor Lunos Miflow con conexi\u00f3n para acoplamiento kavo. Sistema profil\u00e1ctico Lunos para la eliminaci\u00f3n efectiva de manchas supragingivales\",\"breadcrumb\":{\"@id\":\"https:\\\/\\\/amedis.es\\\/tienda\\\/?product=aeropulidor-lunos-miflow-con-conexion-para-acoplamiento-kavo#breadcrumb\"},\"inLanguage\":\"es\",\"potentialAction\":[{\"@type\":\"ReadAction\",\"target\":[\"https:\\\/\\\/amedis.es\\\/tienda\\\/?product=aeropulidor-lunos-miflow-con-conexion-para-acoplamiento-kavo\"]}]},{\"@type\":\"ImageObject\",\"inLanguage\":\"es\",\"@id\":\"https:\\\/\\\/amedis.es\\\/tienda\\\/?product=aeropulidor-lunos-miflow-con-conexion-para-acoplamiento-kavo#primaryimage\",\"url\":\"https:\\\/\\\/amedis.es\\\/tienda\\\/wp-content\\\/uploads\\\/2022\\\/03\\\/AEROPULIDOR-LUNOS-MIFLOW-CON-CONEXION-PARA-ACOPLAMIENTO-KAVO.jpg\",\"contentUrl\":\"https:\\\/\\\/amedis.es\\\/tienda\\\/wp-content\\\/uploads\\\/2022\\\/03\\\/AEROPULIDOR-LUNOS-MIFLOW-CON-CONEXION-PARA-ACOPLAMIENTO-KAVO.jpg\",\"width\":600,\"height\":600,\"caption\":\"Amedis AEROPULIDOR LUNOS MIFLOW CON CONEXI\u00d3N PARA ACOPLAMIENTO KAVO\"},{\"@type\":\"BreadcrumbList\",\"@id\":\"https:\\\/\\\/amedis.es\\\/tienda\\\/?product=aeropulidor-lunos-miflow-con-conexion-para-acoplamiento-kavo#breadcrumb\",\"itemListElement\":[{\"@type\":\"ListItem\",\"position\":1,\"name\":\"Portada\",\"item\":\"https:\\\/\\\/amedis.es\\\/tienda\\\/\"},{\"@type\":\"ListItem\",\"position\":2,\"name\":\"Amedis | Suministros M\u00e9dicos y Dentales | Tienda\",\"item\":\"https:\\\/\\\/amedis.es\\\/tienda\\\/suministros-medicos-y-dentales\\\/\"},{\"@type\":\"ListItem\",\"position\":3,\"name\":\"AEROPULIDOR LUNOS MIFLOW CON CONEXI\u00d3N PARA ACOPLAMIENTO KAVO\"}]},{\"@type\":\"WebSite\",\"@id\":\"https:\\\/\\\/amedis.es\\\/tienda\\\/#website\",\"url\":\"https:\\\/\\\/amedis.es\\\/tienda\\\/\",\"name\":\"Amedis\",\"description\":\"Suministros M\u00e9dicos y Dentales\",\"publisher\":{\"@id\":\"https:\\\/\\\/amedis.es\\\/tienda\\\/#organization\"},\"potentialAction\":[{\"@type\":\"SearchAction\",\"target\":{\"@type\":\"EntryPoint\",\"urlTemplate\":\"https:\\\/\\\/amedis.es\\\/tienda\\\/?s={search_term_string}\"},\"query-input\":{\"@type\":\"PropertyValueSpecification\",\"valueRequired\":true,\"valueName\":\"search_term_string\"}}],\"inLanguage\":\"es\"},{\"@type\":\"Organization\",\"@id\":\"https:\\\/\\\/amedis.es\\\/tienda\\\/#organization\",\"name\":\"Amedis | Suministros M\u00e9dicos y Dentales\",\"url\":\"https:\\\/\\\/amedis.es\\\/tienda\\\/\",\"logo\":{\"@type\":\"ImageObject\",\"inLanguage\":\"es\",\"@id\":\"https:\\\/\\\/amedis.es\\\/tienda\\\/#\\\/schema\\\/logo\\\/image\\\/\",\"url\":\"https:\\\/\\\/amedis.es\\\/tienda\\\/wp-content\\\/uploads\\\/2020\\\/05\\\/logo-1.png\",\"contentUrl\":\"https:\\\/\\\/amedis.es\\\/tienda\\\/wp-content\\\/uploads\\\/2020\\\/05\\\/logo-1.png\",\"width\":191,\"height\":80,\"caption\":\"Amedis | Suministros M\u00e9dicos y Dentales\"},\"image\":{\"@id\":\"https:\\\/\\\/amedis.es\\\/tienda\\\/#\\\/schema\\\/logo\\\/image\\\/\"}}]}<\/script>\n<!-- \/ Yoast SEO plugin. -->","yoast_head_json":{"title":"AEROPULIDOR LUNOS MIFLOW | Amedis | DURR","description":"Aeropulidor Lunos Miflow con conexi\u00f3n para acoplamiento kavo. Sistema profil\u00e1ctico Lunos para la eliminaci\u00f3n efectiva de manchas supragingivales","robots":{"index":"index","follow":"follow","max-snippet":"max-snippet:-1","max-image-preview":"max-image-preview:large","max-video-preview":"max-video-preview:-1"},"canonical":"https:\/\/amedis.es\/tienda\/?product=aeropulidor-lunos-miflow-con-conexion-para-acoplamiento-kavo","og_locale":"es_ES","og_type":"article","og_title":"AEROPULIDOR LUNOS MIFLOW | Amedis | DURR","og_description":"Aeropulidor Lunos Miflow con conexi\u00f3n para acoplamiento kavo. Sistema profil\u00e1ctico Lunos para la eliminaci\u00f3n efectiva de manchas supragingivales","og_url":"https:\/\/amedis.es\/tienda\/?product=aeropulidor-lunos-miflow-con-conexion-para-acoplamiento-kavo","og_site_name":"Amedis","article_modified_time":"2024-08-30T22:13:22+00:00","og_image":[{"width":600,"height":600,"url":"https:\/\/amedis.es\/tienda\/wp-content\/uploads\/2022\/03\/AEROPULIDOR-LUNOS-MIFLOW-CON-CONEXION-PARA-ACOPLAMIENTO-KAVO.jpg","type":"image\/jpeg"}],"twitter_card":"summary_large_image","schema":{"@context":"https:\/\/schema.org","@graph":[{"@type":"WebPage","@id":"https:\/\/amedis.es\/tienda\/?product=aeropulidor-lunos-miflow-con-conexion-para-acoplamiento-kavo","url":"https:\/\/amedis.es\/tienda\/?product=aeropulidor-lunos-miflow-con-conexion-para-acoplamiento-kavo","name":"AEROPULIDOR LUNOS MIFLOW | Amedis | DURR","isPartOf":{"@id":"https:\/\/amedis.es\/tienda\/#website"},"primaryImageOfPage":{"@id":"https:\/\/amedis.es\/tienda\/?product=aeropulidor-lunos-miflow-con-conexion-para-acoplamiento-kavo#primaryimage"},"image":{"@id":"https:\/\/amedis.es\/tienda\/?product=aeropulidor-lunos-miflow-con-conexion-para-acoplamiento-kavo#primaryimage"},"thumbnailUrl":"https:\/\/amedis.es\/tienda\/wp-content\/uploads\/2022\/03\/AEROPULIDOR-LUNOS-MIFLOW-CON-CONEXION-PARA-ACOPLAMIENTO-KAVO.jpg","datePublished":"2022-03-14T11:38:05+00:00","dateModified":"2024-08-30T22:13:22+00:00","description":"Aeropulidor Lunos Miflow con conexi\u00f3n para acoplamiento kavo. Sistema profil\u00e1ctico Lunos para la eliminaci\u00f3n efectiva de manchas supragingivales","breadcrumb":{"@id":"https:\/\/amedis.es\/tienda\/?product=aeropulidor-lunos-miflow-con-conexion-para-acoplamiento-kavo#breadcrumb"},"inLanguage":"es","potentialAction":[{"@type":"ReadAction","target":["https:\/\/amedis.es\/tienda\/?product=aeropulidor-lunos-miflow-con-conexion-para-acoplamiento-kavo"]}]},{"@type":"ImageObject","inLanguage":"es","@id":"https:\/\/amedis.es\/tienda\/?product=aeropulidor-lunos-miflow-con-conexion-para-acoplamiento-kavo#primaryimage","url":"https:\/\/amedis.es\/tienda\/wp-content\/uploads\/2022\/03\/AEROPULIDOR-LUNOS-MIFLOW-CON-CONEXION-PARA-ACOPLAMIENTO-KAVO.jpg","contentUrl":"https:\/\/amedis.es\/tienda\/wp-content\/uploads\/2022\/03\/AEROPULIDOR-LUNOS-MIFLOW-CON-CONEXION-PARA-ACOPLAMIENTO-KAVO.jpg","width":600,"height":600,"caption":"Amedis AEROPULIDOR LUNOS MIFLOW CON CONEXI\u00d3N PARA ACOPLAMIENTO KAVO"},{"@type":"BreadcrumbList","@id":"https:\/\/amedis.es\/tienda\/?product=aeropulidor-lunos-miflow-con-conexion-para-acoplamiento-kavo#breadcrumb","itemListElement":[{"@type":"ListItem","position":1,"name":"Portada","item":"https:\/\/amedis.es\/tienda\/"},{"@type":"ListItem","position":2,"name":"Amedis | Suministros M\u00e9dicos y Dentales | Tienda","item":"https:\/\/amedis.es\/tienda\/suministros-medicos-y-dentales\/"},{"@type":"ListItem","position":3,"name":"AEROPULIDOR LUNOS MIFLOW CON CONEXI\u00d3N PARA ACOPLAMIENTO KAVO"}]},{"@type":"WebSite","@id":"https:\/\/amedis.es\/tienda\/#website","url":"https:\/\/amedis.es\/tienda\/","name":"Amedis","description":"Suministros M\u00e9dicos y Dentales","publisher":{"@id":"https:\/\/amedis.es\/tienda\/#organization"},"potentialAction":[{"@type":"SearchAction","target":{"@type":"EntryPoint","urlTemplate":"https:\/\/amedis.es\/tienda\/?s={search_term_string}"},"query-input":{"@type":"PropertyValueSpecification","valueRequired":true,"valueName":"search_term_string"}}],"inLanguage":"es"},{"@type":"Organization","@id":"https:\/\/amedis.es\/tienda\/#organization","name":"Amedis | Suministros M\u00e9dicos y Dentales","url":"https:\/\/amedis.es\/tienda\/","logo":{"@type":"ImageObject","inLanguage":"es","@id":"https:\/\/amedis.es\/tienda\/#\/schema\/logo\/image\/","url":"https:\/\/amedis.es\/tienda\/wp-content\/uploads\/2020\/05\/logo-1.png","contentUrl":"https:\/\/amedis.es\/tienda\/wp-content\/uploads\/2020\/05\/logo-1.png","width":191,"height":80,"caption":"Amedis | Suministros M\u00e9dicos y Dentales"},"image":{"@id":"https:\/\/amedis.es\/tienda\/#\/schema\/logo\/image\/"}}]}},"brands":[{"id":2410,"name":"DURR","slug":"durr"}],"_links":{"self":[{"href":"https:\/\/amedis.es\/tienda\/wp-json\/wp\/v2\/product\/18430","targetHints":{"allow":["GET"]}}],"collection":[{"href":"https:\/\/amedis.es\/tienda\/wp-json\/wp\/v2\/product"}],"about":[{"href":"https:\/\/amedis.es\/tienda\/wp-json\/wp\/v2\/types\/product"}],"wp:featuredmedia":[{"embeddable":true,"href":"https:\/\/amedis.es\/tienda\/wp-json\/wp\/v2\/media\/18431"}],"wp:attachment":[{"href":"https:\/\/amedis.es\/tienda\/wp-json\/wp\/v2\/media?parent=18430"}],"wp:term":[{"taxonomy":"pwb-brand","embeddable":true,"href":"https:\/\/amedis.es\/tienda\/wp-json\/wp\/v2\/pwb-brand?post=18430"},{"taxonomy":"product_brand","embeddable":true,"href":"https:\/\/amedis.es\/tienda\/wp-json\/wp\/v2\/product_brand?post=18430"},{"taxonomy":"product_cat","embeddable":true,"href":"https:\/\/amedis.es\/tienda\/wp-json\/wp\/v2\/product_cat?post=18430"},{"taxonomy":"product_tag","embeddable":true,"href":"https:\/\/amedis.es\/tienda\/wp-json\/wp\/v2\/product_tag?post=18430"}],"curies":[{"name":"wp","href":"https:\/\/api.w.org\/{rel}","templated":true}]}}